{"id":339707,"date":"2022-10-17T06:42:09","date_gmt":"2022-10-17T05:42:09","guid":{"rendered":"https:\/\/www.purejewels.com\/?post_type=product&#038;p=339707"},"modified":"2025-12-08T08:22:45","modified_gmt":"2025-12-08T08:22:45","slug":"sari-altin-burun-ignesi-43207","status":"publish","type":"product","link":"https:\/\/www.purejewels.com\/tr\/product\/yellow-gold-nose-pin-stud-43207\/","title":{"rendered":"18 Ayar Alt\u0131n | Sar\u0131 Alt\u0131n Burun \u0130\u011fnesi Saplama | 4,2 mm Kal\u0131nl\u0131k"},"content":{"rendered":"<p><strong>Tasar\u0131m<\/strong><\/p>\n<p>Bu zarif burun piercingi, her a\u00e7\u0131dan \u0131\u015f\u0131\u011f\u0131 g\u00fczelce yans\u0131tan keskin \u00fc\u00e7gen CZ ta\u015f\u0131yla dikkat \u00e7ekiyor. Minimalist \u00fc\u00e7 \u00e7atal 18 ayar alt\u0131n \u00e7er\u00e7eveye yerle\u015ftirilen tasar\u0131m, temiz geometrik profiliyle modern ve etkileyici bir g\u00f6r\u00fcn\u00fcm sunuyor. 4,2 mm boyutuyla cesur ama zarif bir \u0131\u015f\u0131lt\u0131 sunan bu piercing, g\u00f6r\u00fcn\u00fcm\u00fcn\u00fcz\u00fc bozmadan burnunuza m\u00fckemmel bir \u015fekilde oturur.<\/p>\n<p><strong>Zanaatkarl\u0131k<\/strong><\/p>\n<p>18 ayar sar\u0131 alt\u0131ndan \u00fcretilen bu k\u00fcpe, ta\u015flar\u0131n g\u00fcvenli bir \u015fekilde sabitlenmesini ve rahat bir kullan\u0131m sunmas\u0131n\u0131 sa\u011flamak i\u00e7in hassas bir \u015fekilde \u015fekillendirilmi\u015ftir. P\u00fcr\u00fczs\u00fcz sap\u0131 ve \u00f6zenle i\u015flenmi\u015f arka k\u0131sm\u0131, g\u00fcn boyu rahat bir kullan\u0131m sa\u011flar. Her bir par\u00e7a, alt\u0131n safl\u0131\u011f\u0131n\u0131 onaylayan ve PureJewels'\u0131n y\u00fcksek kalite standartlar\u0131n\u0131 garanti eden Birle\u015fik Krall\u0131k damgas\u0131 ile i\u015faretlenmi\u015ftir.<\/p>\n<p><strong>\u015eekillendirme &amp; Hediyele\u015fme<\/strong><\/p>\n<p>\u00c7a\u011fda\u015f bir dokunu\u015f tercih edenler i\u00e7in ideal olan bu burun piercingi, minimalist ve etkileyici tak\u0131 stilleriyle m\u00fckemmel bir uyum sa\u011flar. Geometrik \u015fekli, hem g\u00fcnl\u00fck kullan\u0131m hem de \u00f6zel g\u00fcnler i\u00e7in m\u00fckemmeldir. Do\u011fum g\u00fcnleri, ki\u015fisel d\u00f6n\u00fcm noktalar\u0131 veya g\u00fcnl\u00fck g\u00f6r\u00fcn\u00fcm\u00fcn\u00fcz\u00fc zenginle\u015ftirmek i\u00e7in \u00f6zel bir par\u00e7a olarak d\u00fc\u015f\u00fcn\u00fclm\u00fc\u015f bir se\u00e7imdir.<\/p>","protected":false},"excerpt":{"rendered":"<p>\u00c7arp\u0131c\u0131 bir parlakl\u0131k ve g\u00fcnl\u00fck kullan\u0131m rahatl\u0131\u011f\u0131 i\u00e7in tasarlanm\u0131\u015f, 4,2 mm \u00fc\u00e7gen CZ ta\u015fl\u0131 \u00e7a\u011fda\u015f 18 ayar sar\u0131 alt\u0131n burun piercingi. \u0130ngiltere'de damgal\u0131.<\/p>\n<table class=\"sh_desc\" style=\"width: 100%; height: 355px;\">\n<tbody>\n<tr style=\"height: 27px;\">\n<td style=\"height: 27px;\">Burun Pimi Tipi<\/td>\n<td style=\"height: 27px;\">CZ Ta\u015fl\u0131 Burun Pimi Saplamas\u0131<\/td>\n<\/tr>\n<tr style=\"height: 27px;\">\n<td style=\"height: 27px;\">SKU<\/td>\n<td style=\"height: 27px;\">43207, 41406<\/td>\n<\/tr>\n<tr style=\"height: 27px;\">\n<td style=\"height: 27px;\">A\u011f\u0131rl\u0131k<\/td>\n<td style=\"height: 27px;\">0.2 Gms<\/td>\n<\/tr>\n<tr style=\"height: 27px;\">\n<td style=\"height: 27px;\">Metal<\/td>\n<td style=\"height: 27px;\">18 Ayar Alt\u0131n<\/td>\n<\/tr>\n<tr style=\"height: 139px;\">\n<td style=\"height: 139px;\">Boyut<\/td>\n<td style=\"height: 139px;\">\n<ul>\n<li>Sap Uzunlu\u011fu: 6mm (yakla\u015f\u0131k)<\/li>\n<li>Ayar \u00e7ap\u0131: 4,2 mm (yakla\u015f\u0131k)<\/li>\n<li>Sap Kal\u0131nl\u0131\u011f\u0131: 0,6 mm (yakla\u015f\u0131k)<\/li>\n<li>T\u00fcp Kal\u0131nl\u0131\u011f\u0131: 0,9 mm (yakla\u015f\u0131k)<\/li>\n<\/ul>\n<\/td>\n<\/tr>\n<tr style=\"height: 27px;\">\n<td style=\"height: 27px;\">\u00dccretler<\/td>\n<td style=\"height: 27px;\">Teslimat ve KDV Dahil<\/td>\n<\/tr>\n<tr style=\"height: 27px;\">\n<td style=\"height: 27px;\">Paketleme<\/td>\n<td style=\"height: 27px;\">Sunum Kutusu ile Birlikte Gelir<\/td>\n<\/tr>\n<tr style=\"height: 27px;\">\n<td style=\"height: 27px;\">Daha Fazla Bilgi<\/td>\n<td style=\"height: 27px;\">M\u00fcsaitlik durumu ve daha fazla resim i\u00e7in bizimle canl\u0131 sohbet edin<\/p>\n<p>Daha fazla ke\u015ffedin Burun i\u011fneleri<\/td>\n<\/tr>\n<\/tbody>\n<\/table>","protected":false},"featured_media":345460,"comment_status":"closed","ping_status":"closed","template":"","meta":{"_eb_attr":"","_crsspst_to_jayantr4sg-hostcom":false},"product_brand":[],"product_cat":[1711,5342,1463,5305,1574,5306],"product_tag":[],"class_list":{"0":"post-339707","1":"product","2":"type-product","3":"status-publish","4":"has-post-thumbnail","6":"product_cat-gold-nose-studs","7":"product_cat-jewellery-under-250","8":"product_cat-gold-nose-pins","9":"product_cat-nose-studs","10":"product_cat-womens-jewellery","11":"product_cat-yellow-gold-nose-studs","13":"first","14":"outofstock","15":"taxable","16":"shipping-taxable","17":"product-type-simple","18":"add-to-wishlist-before_image"},"yoast_head":"<!-- This site is optimized with the Yoast SEO plugin v27.6 - https:\/\/yoast.com\/product\/yoast-seo-wordpress\/ -->\n<title>18ct Yellow Gold Triangle CZ Nose Stud | PureJewels UK<\/title>\n<meta name=\"description\" content=\"Shop the 18ct Yellow Gold Triangle CZ Nose Stud at PureJewels UK. Featuring a 4.2mm triangular CZ stone set in a modern three-prong frame.\" \/>\n<meta name=\"robots\" content=\"index, follow, max-snippet:-1, max-image-preview:large, max-video-preview:-1\" \/>\n<link rel=\"canonical\" href=\"https:\/\/www.purejewels.com\/tr\/urun\/sari-altin-burun-ignesi-43207\/\" \/>\n<meta property=\"og:locale\" content=\"tr_TR\" \/>\n<meta property=\"og:type\" content=\"article\" \/>\n<meta property=\"og:title\" content=\"18ct Yellow Gold Triangle CZ Nose Stud | PureJewels UK\" \/>\n<meta property=\"og:description\" content=\"Shop the 18ct Yellow Gold Triangle CZ Nose Stud at PureJewels UK. Featuring a 4.2mm triangular CZ stone set in a modern three-prong frame.\" \/>\n<meta property=\"og:url\" content=\"https:\/\/www.purejewels.com\/tr\/urun\/sari-altin-burun-ignesi-43207\/\" \/>\n<meta property=\"og:site_name\" content=\"PureJewels UK\" \/>\n<meta property=\"article:modified_time\" content=\"2025-12-08T08:22:45+00:00\" \/>\n<meta property=\"og:image\" content=\"https:\/\/static.purejewels.com\/wp-content\/uploads\/2022\/10\/43207-43206-43201-2.jpg\" \/>\n\t<meta property=\"og:image:width\" content=\"1000\" \/>\n\t<meta property=\"og:image:height\" content=\"1000\" \/>\n\t<meta property=\"og:image:type\" content=\"image\/jpeg\" \/>\n<meta name=\"twitter:card\" content=\"summary_large_image\" \/>\n<meta name=\"twitter:label1\" content=\"Tahmini okuma s\u00fcresi\" \/>\n\t<meta name=\"twitter:data1\" content=\"1 dakika\" \/>\n<script type=\"application\/ld+json\" class=\"yoast-schema-graph\">{\"@context\":\"https:\\\/\\\/schema.org\",\"@graph\":[{\"@type\":[\"WebPage\",\"ItemPage\"],\"@id\":\"https:\\\/\\\/www.purejewels.com\\\/product\\\/yellow-gold-nose-pin-stud-43207\\\/\",\"url\":\"https:\\\/\\\/www.purejewels.com\\\/product\\\/yellow-gold-nose-pin-stud-43207\\\/\",\"name\":\"18ct Yellow Gold Triangle CZ Nose Stud | PureJewels UK\",\"isPartOf\":{\"@id\":\"https:\\\/\\\/www.purejewels.com\\\/#website\"},\"primaryImageOfPage\":{\"@id\":\"https:\\\/\\\/www.purejewels.com\\\/product\\\/yellow-gold-nose-pin-stud-43207\\\/#primaryimage\"},\"image\":{\"@id\":\"https:\\\/\\\/www.purejewels.com\\\/product\\\/yellow-gold-nose-pin-stud-43207\\\/#primaryimage\"},\"thumbnailUrl\":\"https:\\\/\\\/static.purejewels.com\\\/wp-content\\\/uploads\\\/2022\\\/10\\\/43207-43206-43201-2.jpg\",\"datePublished\":\"2022-10-17T05:42:09+00:00\",\"dateModified\":\"2025-12-08T08:22:45+00:00\",\"description\":\"Shop the 18ct Yellow Gold Triangle CZ Nose Stud at PureJewels UK. Featuring a 4.2mm triangular CZ stone set in a modern three-prong frame.\",\"breadcrumb\":{\"@id\":\"https:\\\/\\\/www.purejewels.com\\\/product\\\/yellow-gold-nose-pin-stud-43207\\\/#breadcrumb\"},\"inLanguage\":\"tr\",\"potentialAction\":[{\"@type\":\"ReadAction\",\"target\":[\"https:\\\/\\\/www.purejewels.com\\\/product\\\/yellow-gold-nose-pin-stud-43207\\\/\"]}]},{\"@type\":\"ImageObject\",\"inLanguage\":\"tr\",\"@id\":\"https:\\\/\\\/www.purejewels.com\\\/product\\\/yellow-gold-nose-pin-stud-43207\\\/#primaryimage\",\"url\":\"https:\\\/\\\/static.purejewels.com\\\/wp-content\\\/uploads\\\/2022\\\/10\\\/43207-43206-43201-2.jpg\",\"contentUrl\":\"https:\\\/\\\/static.purejewels.com\\\/wp-content\\\/uploads\\\/2022\\\/10\\\/43207-43206-43201-2.jpg\",\"width\":1000,\"height\":1000,\"caption\":\"18ct Gold | Yellow Gold Nose Pin Stud | 4.2mm Thick\"},{\"@type\":\"BreadcrumbList\",\"@id\":\"https:\\\/\\\/www.purejewels.com\\\/product\\\/yellow-gold-nose-pin-stud-43207\\\/#breadcrumb\",\"itemListElement\":[{\"@type\":\"ListItem\",\"position\":1,\"name\":\"Home\",\"item\":\"https:\\\/\\\/www.purejewels.com\\\/\"},{\"@type\":\"ListItem\",\"position\":2,\"name\":\"Shop\",\"item\":\"https:\\\/\\\/www.purejewels.com\\\/shop\\\/\"},{\"@type\":\"ListItem\",\"position\":3,\"name\":\"18ct Gold | Yellow Gold Nose Pin Stud | 4.2mm Thick\"}]},{\"@type\":\"WebSite\",\"@id\":\"https:\\\/\\\/www.purejewels.com\\\/#website\",\"url\":\"https:\\\/\\\/www.purejewels.com\\\/\",\"name\":\"PureJewels UK\",\"description\":\"Share the Love\",\"publisher\":{\"@id\":\"https:\\\/\\\/www.purejewels.com\\\/#organization\"},\"potentialAction\":[{\"@type\":\"SearchAction\",\"target\":{\"@type\":\"EntryPoint\",\"urlTemplate\":\"https:\\\/\\\/www.purejewels.com\\\/?s={search_term_string}\"},\"query-input\":{\"@type\":\"PropertyValueSpecification\",\"valueRequired\":true,\"valueName\":\"search_term_string\"}}],\"inLanguage\":\"tr\"},{\"@type\":\"Organization\",\"@id\":\"https:\\\/\\\/www.purejewels.com\\\/#organization\",\"name\":\"PureJewels UK\",\"url\":\"https:\\\/\\\/www.purejewels.com\\\/\",\"logo\":{\"@type\":\"ImageObject\",\"inLanguage\":\"tr\",\"@id\":\"https:\\\/\\\/www.purejewels.com\\\/#\\\/schema\\\/logo\\\/image\\\/\",\"url\":\"https:\\\/\\\/static.purejewels.com\\\/wp-content\\\/uploads\\\/2020\\\/11\\\/Logo-PJ-New-1.png\",\"contentUrl\":\"https:\\\/\\\/static.purejewels.com\\\/wp-content\\\/uploads\\\/2020\\\/11\\\/Logo-PJ-New-1.png\",\"width\":150,\"height\":80,\"caption\":\"PureJewels UK\"},\"image\":{\"@id\":\"https:\\\/\\\/www.purejewels.com\\\/#\\\/schema\\\/logo\\\/image\\\/\"}}]}<\/script>\n<!-- \/ Yoast SEO plugin. -->","yoast_head_json":{"title":"18 ayar sar\u0131 alt\u0131n \u00fc\u00e7gen CZ burun piercingi | PureJewels UK","description":"PureJewels UK'de 18 ayar sar\u0131 alt\u0131n \u00fc\u00e7gen CZ burun piercingini sat\u0131n al\u0131n. Modern \u00fc\u00e7 \u00e7atal \u00e7er\u00e7eveye yerle\u015ftirilmi\u015f 4,2 mm \u00fc\u00e7gen CZ ta\u015fa sahiptir.","robots":{"index":"index","follow":"follow","max-snippet":"max-snippet:-1","max-image-preview":"max-image-preview:large","max-video-preview":"max-video-preview:-1"},"canonical":"https:\/\/www.purejewels.com\/tr\/urun\/sari-altin-burun-ignesi-43207\/","og_locale":"tr_TR","og_type":"article","og_title":"18ct Yellow Gold Triangle CZ Nose Stud | PureJewels UK","og_description":"Shop the 18ct Yellow Gold Triangle CZ Nose Stud at PureJewels UK. Featuring a 4.2mm triangular CZ stone set in a modern three-prong frame.","og_url":"https:\/\/www.purejewels.com\/tr\/urun\/sari-altin-burun-ignesi-43207\/","og_site_name":"PureJewels UK","article_modified_time":"2025-12-08T08:22:45+00:00","og_image":[{"width":1000,"height":1000,"url":"https:\/\/static.purejewels.com\/wp-content\/uploads\/2022\/10\/43207-43206-43201-2.jpg","type":"image\/jpeg"}],"twitter_card":"summary_large_image","twitter_misc":{"Tahmini okuma s\u00fcresi":"1 dakika"},"schema":{"@context":"https:\/\/schema.org","@graph":[{"@type":["WebPage","ItemPage"],"@id":"https:\/\/www.purejewels.com\/product\/yellow-gold-nose-pin-stud-43207\/","url":"https:\/\/www.purejewels.com\/product\/yellow-gold-nose-pin-stud-43207\/","name":"18 ayar sar\u0131 alt\u0131n \u00fc\u00e7gen CZ burun piercingi | PureJewels UK","isPartOf":{"@id":"https:\/\/www.purejewels.com\/#website"},"primaryImageOfPage":{"@id":"https:\/\/www.purejewels.com\/product\/yellow-gold-nose-pin-stud-43207\/#primaryimage"},"image":{"@id":"https:\/\/www.purejewels.com\/product\/yellow-gold-nose-pin-stud-43207\/#primaryimage"},"thumbnailUrl":"https:\/\/static.purejewels.com\/wp-content\/uploads\/2022\/10\/43207-43206-43201-2.jpg","datePublished":"2022-10-17T05:42:09+00:00","dateModified":"2025-12-08T08:22:45+00:00","description":"PureJewels UK'de 18 ayar sar\u0131 alt\u0131n \u00fc\u00e7gen CZ burun piercingini sat\u0131n al\u0131n. Modern \u00fc\u00e7 \u00e7atal \u00e7er\u00e7eveye yerle\u015ftirilmi\u015f 4,2 mm \u00fc\u00e7gen CZ ta\u015fa sahiptir.","breadcrumb":{"@id":"https:\/\/www.purejewels.com\/product\/yellow-gold-nose-pin-stud-43207\/#breadcrumb"},"inLanguage":"tr","potentialAction":[{"@type":"ReadAction","target":["https:\/\/www.purejewels.com\/product\/yellow-gold-nose-pin-stud-43207\/"]}]},{"@type":"ImageObject","inLanguage":"tr","@id":"https:\/\/www.purejewels.com\/product\/yellow-gold-nose-pin-stud-43207\/#primaryimage","url":"https:\/\/static.purejewels.com\/wp-content\/uploads\/2022\/10\/43207-43206-43201-2.jpg","contentUrl":"https:\/\/static.purejewels.com\/wp-content\/uploads\/2022\/10\/43207-43206-43201-2.jpg","width":1000,"height":1000,"caption":"18ct Gold | Yellow Gold Nose Pin Stud | 4.2mm Thick"},{"@type":"BreadcrumbList","@id":"https:\/\/www.purejewels.com\/product\/yellow-gold-nose-pin-stud-43207\/#breadcrumb","itemListElement":[{"@type":"ListItem","position":1,"name":"Home","item":"https:\/\/www.purejewels.com\/"},{"@type":"ListItem","position":2,"name":"Shop","item":"https:\/\/www.purejewels.com\/shop\/"},{"@type":"ListItem","position":3,"name":"18ct Gold | Yellow Gold Nose Pin Stud | 4.2mm Thick"}]},{"@type":"WebSite","@id":"https:\/\/www.purejewels.com\/#website","url":"https:\/\/www.purejewels.com\/","name":"PureJewels \u0130ngiltere","description":"Sevgiyi Payla\u015f\u0131n","publisher":{"@id":"https:\/\/www.purejewels.com\/#organization"},"potentialAction":[{"@type":"SearchAction","target":{"@type":"EntryPoint","urlTemplate":"https:\/\/www.purejewels.com\/?s={search_term_string}"},"query-input":{"@type":"PropertyValueSpecification","valueRequired":true,"valueName":"search_term_string"}}],"inLanguage":"tr"},{"@type":"Organization","@id":"https:\/\/www.purejewels.com\/#organization","name":"PureJewels \u0130ngiltere","url":"https:\/\/www.purejewels.com\/","logo":{"@type":"ImageObject","inLanguage":"tr","@id":"https:\/\/www.purejewels.com\/#\/schema\/logo\/image\/","url":"https:\/\/static.purejewels.com\/wp-content\/uploads\/2020\/11\/Logo-PJ-New-1.png","contentUrl":"https:\/\/static.purejewels.com\/wp-content\/uploads\/2020\/11\/Logo-PJ-New-1.png","width":150,"height":80,"caption":"PureJewels UK"},"image":{"@id":"https:\/\/www.purejewels.com\/#\/schema\/logo\/image\/"}}]}},"_links":{"self":[{"href":"https:\/\/www.purejewels.com\/tr\/wp-json\/wp\/v2\/product\/339707","targetHints":{"allow":["GET"]}}],"collection":[{"href":"https:\/\/www.purejewels.com\/tr\/wp-json\/wp\/v2\/product"}],"about":[{"href":"https:\/\/www.purejewels.com\/tr\/wp-json\/wp\/v2\/types\/product"}],"replies":[{"embeddable":true,"href":"https:\/\/www.purejewels.com\/tr\/wp-json\/wp\/v2\/comments?post=339707"}],"version-history":[{"count":3,"href":"https:\/\/www.purejewels.com\/tr\/wp-json\/wp\/v2\/product\/339707\/revisions"}],"predecessor-version":[{"id":422614,"href":"https:\/\/www.purejewels.com\/tr\/wp-json\/wp\/v2\/product\/339707\/revisions\/422614"}],"wp:featuredmedia":[{"embeddable":true,"href":"https:\/\/www.purejewels.com\/tr\/wp-json\/wp\/v2\/media\/345460"}],"wp:attachment":[{"href":"https:\/\/www.purejewels.com\/tr\/wp-json\/wp\/v2\/media?parent=339707"}],"wp:term":[{"taxonomy":"product_brand","embeddable":true,"href":"https:\/\/www.purejewels.com\/tr\/wp-json\/wp\/v2\/product_brand?post=339707"},{"taxonomy":"product_cat","embeddable":true,"href":"https:\/\/www.purejewels.com\/tr\/wp-json\/wp\/v2\/product_cat?post=339707"},{"taxonomy":"product_tag","embeddable":true,"href":"https:\/\/www.purejewels.com\/tr\/wp-json\/wp\/v2\/product_tag?post=339707"}],"curies":[{"name":"wp","href":"https:\/\/api.w.org\/{rel}","templated":true}]}}