{"id":339729,"date":"2022-10-17T10:22:23","date_gmt":"2022-10-17T09:22:23","guid":{"rendered":"https:\/\/www.purejewels.com\/?post_type=product&#038;p=339729"},"modified":"2026-01-10T16:15:40","modified_gmt":"2026-01-10T16:15:40","slug":"22-ayar-altin-bileklik-foer-bayan-gunluk-giyim-2-5-agir-43699","status":"publish","type":"product","link":"https:\/\/www.purejewels.com\/tr\/product\/22ct-gold-bangle-foer-ladies-daily-wear-2-5-heavyweight-43699\/","title":{"rendered":"Bayanlar \u0130\u00e7in 22 Ayar Alt\u0131n Bileklik | G\u00fcnl\u00fck Giyim | 2,5 | A\u011f\u0131r"},"content":{"rendered":"<p>Kar\u015f\u0131n\u0131zda enfes 22 ayar alt\u0131n bilekli\u011fimiz <a href=\"https:\/\/www.purejewels.com\/tr\/product-category\/22ct-gold-jewellery\/gold-bracelet\/\">Bilezik<\/a>, \u00f6zellikle zamans\u0131z zarafet ve l\u00fcks\u00fc takdir eden kad\u0131nlar i\u00e7in tasarlanm\u0131\u015ft\u0131r. Bu \u00e7arp\u0131c\u0131 par\u00e7a g\u00fcnl\u00fck kullan\u0131m i\u00e7in m\u00fckemmeldir ve her k\u0131yafete sofistike bir dokunu\u015f katar. Y\u00fcksek kaliteli 22 ayar alt\u0131ndan \u00fcretilen bu bileklik sadece g\u00fczel de\u011fil ayn\u0131 zamanda dayan\u0131kl\u0131d\u0131r ve m\u00fccevher koleksiyonunuza de\u011ferli bir katk\u0131 sa\u011flar.<\/p>\n<p>Purejewels olarak, yaln\u0131zca en kaliteli m\u00fccevherleri sunmaktan gurur duyuyoruz ve bu bileklik de bir istisna de\u011fil. Londra Tahlil Ofisi taraf\u0131ndan damgaland\u0131\u011f\u0131ndan, ger\u00e7ek 22 ayar alt\u0131n bir par\u00e7a ald\u0131\u011f\u0131n\u0131za g\u00fcvenebilirsiniz. A\u011f\u0131r tasar\u0131m\u0131 bu bilekli\u011fin cazibesine cazibe kat\u0131yor ve onu kesinlikle dikkatleri \u00fczerine \u00e7ekecek bir aksesuar haline getiriyor.<\/p>\n<p>\u0130ster kendinizi \u015f\u0131mart\u0131yor olun, ister \u00f6zel bir g\u00fcn i\u00e7in m\u00fckemmel bir hediye ar\u0131yor olun, bu 22 ayar alt\u0131n bilekli\u011fin sizi etkileyece\u011finden emin olabilirsiniz.<\/p>","protected":false},"excerpt":{"rendered":"<table class=\"sh_desc\">\n<tbody>\n<tr>\n<td>Bileklik T\u00fcr\u00fc<\/td>\n<td>G\u00fcnl\u00fck Giyim Bileklik<\/td>\n<\/tr>\n<tr>\n<td>SKU<\/td>\n<td>43699<\/td>\n<\/tr>\n<tr>\n<td>A\u011f\u0131rl\u0131k<\/td>\n<td>13.8 Gms<\/td>\n<\/tr>\n<tr>\n<td>Metal<\/td>\n<td>22 Ayar Alt\u0131n<\/td>\n<\/tr>\n<tr>\n<td>Bileklik \u00d6l\u00e7\u00fcs\u00fc<\/td>\n<td>2.5 (T\u00fcm \u00f6l\u00e7\u00fclerde sipari\u015f \u00fczerine yap\u0131labilir)<\/td>\n<\/tr>\n<tr>\n<td>Hallmark<\/td>\n<td>Londra Tahlil Ofisi Taraf\u0131ndan Damgalanm\u0131\u015f 22 Ayar Alt\u0131n<\/td>\n<\/tr>\n<tr>\n<td>\u00dccretler<\/td>\n<td>Teslimat ve KDV Dahil<\/td>\n<\/tr>\n<tr>\n<td>Paketleme<\/td>\n<td>Sunum Kutusu ile Birlikte Gelir<\/td>\n<\/tr>\n<tr>\n<td>Daha Fazla Bilgi<\/td>\n<td>\n<ul>\n<li>Not: Burada belirtilen fiyat Tek Bileklik Bilezik i\u00e7indir<\/li>\n<li>M\u00fcsaitlik durumu ve daha fazla resim i\u00e7in bizimle canl\u0131 sohbet edin<\/li>\n<\/ul>\n<\/td>\n<\/tr>\n<\/tbody>\n<\/table>","protected":false},"featured_media":339730,"comment_status":"closed","ping_status":"closed","template":"","meta":{"_eb_attr":"","_crsspst_to_jayantr4sg-hostcom":false},"product_brand":[],"product_cat":[1791,1559,5270,1793,1570,1657,1569,1573,1574],"product_tag":[1514,4124,63,1521],"class_list":{"0":"post-339729","1":"product","2":"type-product","3":"status-publish","4":"has-post-thumbnail","6":"product_cat-anniversary-gifts","7":"product_cat-birthday-gifts","8":"product_cat-daily-wear-bangles","9":"product_cat-diwali-gifts","10":"product_cat-mothers-day-gifts","11":"product_cat-single-bangle","12":"product_cat-valentine-day-gifts","13":"product_cat-wedding-gifts","14":"product_cat-womens-jewellery","15":"product_tag-bangles","16":"product_tag-bangles-for-sale","17":"product_tag-gold","18":"product_tag-kada","20":"first","21":"outofstock","22":"taxable","23":"shipping-taxable","24":"product-type-simple","25":"add-to-wishlist-before_image"},"yoast_head":"<!-- This site is optimized with the Yoast SEO plugin v27.3 - https:\/\/yoast.com\/product\/yoast-seo-wordpress\/ -->\n<title>22ct gold Bangle Bracelet for women at Purejewels<\/title>\n<meta name=\"description\" content=\"The design has two half bangles put together like a bracelet followed by bold and highly polished spheres in the center. | Free Delivery.\" \/>\n<meta name=\"robots\" content=\"index, follow, max-snippet:-1, max-image-preview:large, max-video-preview:-1\" \/>\n<link rel=\"canonical\" href=\"https:\/\/www.purejewels.com\/tr\/urun\/22-ayar-altin-bileklik-foer-bayan-gunluk-giyim-2-5-agir-43699\/\" \/>\n<meta property=\"og:locale\" content=\"tr_TR\" \/>\n<meta property=\"og:type\" content=\"article\" \/>\n<meta property=\"og:title\" content=\"22ct gold Bangle Bracelet for women at Purejewels\" \/>\n<meta property=\"og:description\" content=\"The design has two half bangles put together like a bracelet followed by bold and highly polished spheres in the center. | Free Delivery.\" \/>\n<meta property=\"og:url\" content=\"https:\/\/www.purejewels.com\/tr\/urun\/22-ayar-altin-bileklik-foer-bayan-gunluk-giyim-2-5-agir-43699\/\" \/>\n<meta property=\"og:site_name\" content=\"PureJewels UK\" \/>\n<meta property=\"article:modified_time\" content=\"2026-01-10T16:15:40+00:00\" \/>\n<meta property=\"og:image\" content=\"https:\/\/www.purejewels.com\/wp-content\/uploads\/2022\/10\/43699-1.jpg\" \/>\n\t<meta property=\"og:image:width\" content=\"1000\" \/>\n\t<meta property=\"og:image:height\" content=\"1000\" \/>\n\t<meta property=\"og:image:type\" content=\"image\/jpeg\" \/>\n<meta name=\"twitter:card\" content=\"summary_large_image\" \/>\n<meta name=\"twitter:label1\" content=\"Tahmini okuma s\u00fcresi\" \/>\n\t<meta name=\"twitter:data1\" content=\"1 dakika\" \/>\n<script type=\"application\/ld+json\" class=\"yoast-schema-graph\">{\"@context\":\"https:\\\/\\\/schema.org\",\"@graph\":[{\"@type\":[\"WebPage\",\"ItemPage\"],\"@id\":\"https:\\\/\\\/www.purejewels.com\\\/product\\\/22ct-gold-bangle-foer-ladies-daily-wear-2-5-heavyweight-43699\\\/\",\"url\":\"https:\\\/\\\/www.purejewels.com\\\/product\\\/22ct-gold-bangle-foer-ladies-daily-wear-2-5-heavyweight-43699\\\/\",\"name\":\"22ct gold Bangle Bracelet for women at Purejewels\",\"isPartOf\":{\"@id\":\"https:\\\/\\\/www.purejewels.com\\\/#website\"},\"primaryImageOfPage\":{\"@id\":\"https:\\\/\\\/www.purejewels.com\\\/product\\\/22ct-gold-bangle-foer-ladies-daily-wear-2-5-heavyweight-43699\\\/#primaryimage\"},\"image\":{\"@id\":\"https:\\\/\\\/www.purejewels.com\\\/product\\\/22ct-gold-bangle-foer-ladies-daily-wear-2-5-heavyweight-43699\\\/#primaryimage\"},\"thumbnailUrl\":\"https:\\\/\\\/static.purejewels.com\\\/wp-content\\\/uploads\\\/2022\\\/10\\\/43699-1.jpg\",\"datePublished\":\"2022-10-17T09:22:23+00:00\",\"dateModified\":\"2026-01-10T16:15:40+00:00\",\"description\":\"The design has two half bangles put together like a bracelet followed by bold and highly polished spheres in the center. | Free Delivery.\",\"breadcrumb\":{\"@id\":\"https:\\\/\\\/www.purejewels.com\\\/product\\\/22ct-gold-bangle-foer-ladies-daily-wear-2-5-heavyweight-43699\\\/#breadcrumb\"},\"inLanguage\":\"tr\",\"potentialAction\":[{\"@type\":\"ReadAction\",\"target\":[\"https:\\\/\\\/www.purejewels.com\\\/product\\\/22ct-gold-bangle-foer-ladies-daily-wear-2-5-heavyweight-43699\\\/\"]}]},{\"@type\":\"ImageObject\",\"inLanguage\":\"tr\",\"@id\":\"https:\\\/\\\/www.purejewels.com\\\/product\\\/22ct-gold-bangle-foer-ladies-daily-wear-2-5-heavyweight-43699\\\/#primaryimage\",\"url\":\"https:\\\/\\\/static.purejewels.com\\\/wp-content\\\/uploads\\\/2022\\\/10\\\/43699-1.jpg\",\"contentUrl\":\"https:\\\/\\\/static.purejewels.com\\\/wp-content\\\/uploads\\\/2022\\\/10\\\/43699-1.jpg\",\"width\":1000,\"height\":1000,\"caption\":\"22ct Gold Bangle Foer Ladies | Daily Wear | 2.5 | Heavyweight\"},{\"@type\":\"BreadcrumbList\",\"@id\":\"https:\\\/\\\/www.purejewels.com\\\/product\\\/22ct-gold-bangle-foer-ladies-daily-wear-2-5-heavyweight-43699\\\/#breadcrumb\",\"itemListElement\":[{\"@type\":\"ListItem\",\"position\":1,\"name\":\"Home\",\"item\":\"https:\\\/\\\/www.purejewels.com\\\/\"},{\"@type\":\"ListItem\",\"position\":2,\"name\":\"Shop\",\"item\":\"https:\\\/\\\/www.purejewels.com\\\/shop\\\/\"},{\"@type\":\"ListItem\",\"position\":3,\"name\":\"22ct Gold Bangle For Ladies | Daily Wear | 2.5 | Heavyweight\"}]},{\"@type\":\"WebSite\",\"@id\":\"https:\\\/\\\/www.purejewels.com\\\/#website\",\"url\":\"https:\\\/\\\/www.purejewels.com\\\/\",\"name\":\"PureJewels UK\",\"description\":\"Share the Love\",\"publisher\":{\"@id\":\"https:\\\/\\\/www.purejewels.com\\\/#organization\"},\"potentialAction\":[{\"@type\":\"SearchAction\",\"target\":{\"@type\":\"EntryPoint\",\"urlTemplate\":\"https:\\\/\\\/www.purejewels.com\\\/?s={search_term_string}\"},\"query-input\":{\"@type\":\"PropertyValueSpecification\",\"valueRequired\":true,\"valueName\":\"search_term_string\"}}],\"inLanguage\":\"tr\"},{\"@type\":\"Organization\",\"@id\":\"https:\\\/\\\/www.purejewels.com\\\/#organization\",\"name\":\"PureJewels UK\",\"url\":\"https:\\\/\\\/www.purejewels.com\\\/\",\"logo\":{\"@type\":\"ImageObject\",\"inLanguage\":\"tr\",\"@id\":\"https:\\\/\\\/www.purejewels.com\\\/#\\\/schema\\\/logo\\\/image\\\/\",\"url\":\"https:\\\/\\\/static.purejewels.com\\\/wp-content\\\/uploads\\\/2020\\\/11\\\/Logo-PJ-New-1.png\",\"contentUrl\":\"https:\\\/\\\/static.purejewels.com\\\/wp-content\\\/uploads\\\/2020\\\/11\\\/Logo-PJ-New-1.png\",\"width\":150,\"height\":80,\"caption\":\"PureJewels UK\"},\"image\":{\"@id\":\"https:\\\/\\\/www.purejewels.com\\\/#\\\/schema\\\/logo\\\/image\\\/\"}}]}<\/script>\n<!-- \/ Yoast SEO plugin. -->","yoast_head_json":{"title":"Purejewels'de kad\u0131nlar i\u00e7in 22 ayar alt\u0131n Bileklik Bilezik","description":"Tasar\u0131m, bilezik gibi bir araya getirilmi\u015f iki yar\u0131m bilezi\u011fin ard\u0131ndan merkezde cesur ve son derece parlak k\u00fcrelere sahiptir. | \u00dccretsiz Teslimat.","robots":{"index":"index","follow":"follow","max-snippet":"max-snippet:-1","max-image-preview":"max-image-preview:large","max-video-preview":"max-video-preview:-1"},"canonical":"https:\/\/www.purejewels.com\/tr\/urun\/22-ayar-altin-bileklik-foer-bayan-gunluk-giyim-2-5-agir-43699\/","og_locale":"tr_TR","og_type":"article","og_title":"22ct gold Bangle Bracelet for women at Purejewels","og_description":"The design has two half bangles put together like a bracelet followed by bold and highly polished spheres in the center. | Free Delivery.","og_url":"https:\/\/www.purejewels.com\/tr\/urun\/22-ayar-altin-bileklik-foer-bayan-gunluk-giyim-2-5-agir-43699\/","og_site_name":"PureJewels UK","article_modified_time":"2026-01-10T16:15:40+00:00","og_image":[{"width":1000,"height":1000,"url":"https:\/\/www.purejewels.com\/wp-content\/uploads\/2022\/10\/43699-1.jpg","type":"image\/jpeg"}],"twitter_card":"summary_large_image","twitter_misc":{"Tahmini okuma s\u00fcresi":"1 dakika"},"schema":{"@context":"https:\/\/schema.org","@graph":[{"@type":["WebPage","ItemPage"],"@id":"https:\/\/www.purejewels.com\/product\/22ct-gold-bangle-foer-ladies-daily-wear-2-5-heavyweight-43699\/","url":"https:\/\/www.purejewels.com\/product\/22ct-gold-bangle-foer-ladies-daily-wear-2-5-heavyweight-43699\/","name":"Purejewels'de kad\u0131nlar i\u00e7in 22 ayar alt\u0131n Bileklik Bilezik","isPartOf":{"@id":"https:\/\/www.purejewels.com\/#website"},"primaryImageOfPage":{"@id":"https:\/\/www.purejewels.com\/product\/22ct-gold-bangle-foer-ladies-daily-wear-2-5-heavyweight-43699\/#primaryimage"},"image":{"@id":"https:\/\/www.purejewels.com\/product\/22ct-gold-bangle-foer-ladies-daily-wear-2-5-heavyweight-43699\/#primaryimage"},"thumbnailUrl":"https:\/\/static.purejewels.com\/wp-content\/uploads\/2022\/10\/43699-1.jpg","datePublished":"2022-10-17T09:22:23+00:00","dateModified":"2026-01-10T16:15:40+00:00","description":"Tasar\u0131m, bilezik gibi bir araya getirilmi\u015f iki yar\u0131m bilezi\u011fin ard\u0131ndan merkezde cesur ve son derece parlak k\u00fcrelere sahiptir. | \u00dccretsiz Teslimat.","breadcrumb":{"@id":"https:\/\/www.purejewels.com\/product\/22ct-gold-bangle-foer-ladies-daily-wear-2-5-heavyweight-43699\/#breadcrumb"},"inLanguage":"tr","potentialAction":[{"@type":"ReadAction","target":["https:\/\/www.purejewels.com\/product\/22ct-gold-bangle-foer-ladies-daily-wear-2-5-heavyweight-43699\/"]}]},{"@type":"ImageObject","inLanguage":"tr","@id":"https:\/\/www.purejewels.com\/product\/22ct-gold-bangle-foer-ladies-daily-wear-2-5-heavyweight-43699\/#primaryimage","url":"https:\/\/static.purejewels.com\/wp-content\/uploads\/2022\/10\/43699-1.jpg","contentUrl":"https:\/\/static.purejewels.com\/wp-content\/uploads\/2022\/10\/43699-1.jpg","width":1000,"height":1000,"caption":"22ct Gold Bangle Foer Ladies | Daily Wear | 2.5 | Heavyweight"},{"@type":"BreadcrumbList","@id":"https:\/\/www.purejewels.com\/product\/22ct-gold-bangle-foer-ladies-daily-wear-2-5-heavyweight-43699\/#breadcrumb","itemListElement":[{"@type":"ListItem","position":1,"name":"Home","item":"https:\/\/www.purejewels.com\/"},{"@type":"ListItem","position":2,"name":"Shop","item":"https:\/\/www.purejewels.com\/shop\/"},{"@type":"ListItem","position":3,"name":"22ct Gold Bangle For Ladies | Daily Wear | 2.5 | Heavyweight"}]},{"@type":"WebSite","@id":"https:\/\/www.purejewels.com\/#website","url":"https:\/\/www.purejewels.com\/","name":"PureJewels \u0130ngiltere","description":"Sevgiyi Payla\u015f\u0131n","publisher":{"@id":"https:\/\/www.purejewels.com\/#organization"},"potentialAction":[{"@type":"SearchAction","target":{"@type":"EntryPoint","urlTemplate":"https:\/\/www.purejewels.com\/?s={search_term_string}"},"query-input":{"@type":"PropertyValueSpecification","valueRequired":true,"valueName":"search_term_string"}}],"inLanguage":"tr"},{"@type":"Organization","@id":"https:\/\/www.purejewels.com\/#organization","name":"PureJewels \u0130ngiltere","url":"https:\/\/www.purejewels.com\/","logo":{"@type":"ImageObject","inLanguage":"tr","@id":"https:\/\/www.purejewels.com\/#\/schema\/logo\/image\/","url":"https:\/\/static.purejewels.com\/wp-content\/uploads\/2020\/11\/Logo-PJ-New-1.png","contentUrl":"https:\/\/static.purejewels.com\/wp-content\/uploads\/2020\/11\/Logo-PJ-New-1.png","width":150,"height":80,"caption":"PureJewels UK"},"image":{"@id":"https:\/\/www.purejewels.com\/#\/schema\/logo\/image\/"}}]}},"_links":{"self":[{"href":"https:\/\/www.purejewels.com\/tr\/wp-json\/wp\/v2\/product\/339729","targetHints":{"allow":["GET"]}}],"collection":[{"href":"https:\/\/www.purejewels.com\/tr\/wp-json\/wp\/v2\/product"}],"about":[{"href":"https:\/\/www.purejewels.com\/tr\/wp-json\/wp\/v2\/types\/product"}],"replies":[{"embeddable":true,"href":"https:\/\/www.purejewels.com\/tr\/wp-json\/wp\/v2\/comments?post=339729"}],"version-history":[{"count":2,"href":"https:\/\/www.purejewels.com\/tr\/wp-json\/wp\/v2\/product\/339729\/revisions"}],"predecessor-version":[{"id":420821,"href":"https:\/\/www.purejewels.com\/tr\/wp-json\/wp\/v2\/product\/339729\/revisions\/420821"}],"wp:featuredmedia":[{"embeddable":true,"href":"https:\/\/www.purejewels.com\/tr\/wp-json\/wp\/v2\/media\/339730"}],"wp:attachment":[{"href":"https:\/\/www.purejewels.com\/tr\/wp-json\/wp\/v2\/media?parent=339729"}],"wp:term":[{"taxonomy":"product_brand","embeddable":true,"href":"https:\/\/www.purejewels.com\/tr\/wp-json\/wp\/v2\/product_brand?post=339729"},{"taxonomy":"product_cat","embeddable":true,"href":"https:\/\/www.purejewels.com\/tr\/wp-json\/wp\/v2\/product_cat?post=339729"},{"taxonomy":"product_tag","embeddable":true,"href":"https:\/\/www.purejewels.com\/tr\/wp-json\/wp\/v2\/product_tag?post=339729"}],"curies":[{"name":"wp","href":"https:\/\/api.w.org\/{rel}","templated":true}]}}