{"id":339743,"date":"2022-10-17T10:36:26","date_gmt":"2022-10-17T09:36:26","guid":{"rendered":"https:\/\/www.purejewels.com\/?post_type=product&#038;p=339743"},"modified":"2026-02-05T12:07:31","modified_gmt":"2026-02-05T12:07:31","slug":"kadinlar-icin-22-ayar-altin-bileklik-gunluk-kullanim-2-5-agir-43698","status":"publish","type":"product","link":"https:\/\/www.purejewels.com\/tr\/product\/22ct-gold-bangle-for-women-daily-wear-2-5-heavyweight-43698\/","title":{"rendered":"22 Ayar Alt\u0131n \u0130kiz K\u00fcre B\u00fck\u00fcm Bileklik | G\u00fcnl\u00fck Giyim | 2.6 Beden"},"content":{"rendered":"<p>Tasar\u0131m<\/p>\n<p>Bu 22 Ayar Alt\u0131n \u0130kiz K\u00fcre Twist Bileklik, bile\u011fin etraf\u0131nda bir hareket ve ak\u0131\u015f hissi yaratan hafif\u00e7e b\u00fck\u00fclm\u00fc\u015f alt\u0131n band\u0131yla tan\u0131mlan\u0131r. Merkezde, m\u00fckemmel \u015fekilde parlat\u0131lm\u0131\u015f iki alt\u0131n k\u00fcre sessiz bir denge i\u00e7inde oturarak ba\u011flant\u0131y\u0131, uyumu ve s\u00fcreklili\u011fi sembolize eder. Sade \u00e7izgileri ve heykelsi formu, onu abart\u0131s\u0131z bir duru\u015fa sahip zamans\u0131z bir par\u00e7a haline getiriyor.<\/p>\n<p>Zanaatkarl\u0131k<\/p>\n<p>Som 22 ayar alt\u0131ndan el i\u015f\u00e7ili\u011fiyle \u00fcretilen bileklik, zarif ve y\u00fcksek cilal\u0131 bir y\u00fczeye sahip p\u00fcr\u00fczs\u00fcz, ak\u0131c\u0131 bir b\u00fck\u00fcm elde etmek i\u00e7in \u015fekillendirilmi\u015f ve tamamlanm\u0131\u015ft\u0131r. Entegre toka, silueti bozmadan g\u00fcvenli ve rahat kullan\u0131m i\u00e7in tasarlanm\u0131\u015ft\u0131r. Her bir par\u00e7a \u0130ngiltere'de damgalanarak alt\u0131n\u0131n safl\u0131\u011f\u0131n\u0131 belgelemekte ve PureJewels'in ince i\u015f\u00e7ilik ve kal\u0131c\u0131 kaliteye olan ba\u011fl\u0131l\u0131\u011f\u0131n\u0131 yans\u0131tmaktad\u0131r.<\/p>\n<p>\u015eekillendirme &amp; Hediyele\u015fme<\/p>\n<p>G\u00fcnl\u00fck \u015f\u0131kl\u0131k i\u00e7in tasarlanan bu bileklik, minimal bir ifade i\u00e7in tek ba\u015f\u0131na tak\u0131labilir veya daha zengin bir g\u00f6r\u00fcn\u00fcm i\u00e7in di\u011fer 22 ayar alt\u0131n bilekliklerle katmanland\u0131r\u0131labilir. Sade ve \u00e7a\u011fda\u015f formu sayesinde hem g\u00fcndelik hem de \u00f6zel g\u00fcnler i\u00e7in uygundur. Do\u011fum g\u00fcnleri, y\u0131l d\u00f6n\u00fcmleri veya d\u00f6n\u00fcm noktalar\u0131 i\u00e7in d\u00fc\u015f\u00fcnceli bir hediye olan bu bileklik birlik, denge ve kal\u0131c\u0131 ba\u011f\u0131 temsil eder.<\/p>","protected":false},"excerpt":{"rendered":"<table class=\"sh_desc\">\n<tbody>\n<tr>\n<td>Bileklik T\u00fcr\u00fc<\/td>\n<td>G\u00fcnl\u00fck Giyim Bileklik<\/td>\n<\/tr>\n<tr>\n<td>SKU<\/td>\n<td>43698<\/td>\n<\/tr>\n<tr>\n<td>A\u011f\u0131rl\u0131k<\/td>\n<td>12,5 Gms<\/td>\n<\/tr>\n<tr>\n<td>Metal<\/td>\n<td>22 Ayar Alt\u0131n<\/td>\n<\/tr>\n<tr>\n<td>Bileklik \u00d6l\u00e7\u00fcs\u00fc<\/td>\n<td>2.6 (T\u00fcm ebatlarda sipari\u015f \u00fczerine yap\u0131labilir)<\/td>\n<\/tr>\n<tr>\n<td>Hallmark<\/td>\n<td>Londra Tahlil Ofisi Taraf\u0131ndan Damgalanm\u0131\u015f 22 Ayar Alt\u0131n<\/td>\n<\/tr>\n<tr>\n<td>\u00dccretler<\/td>\n<td>Teslimat ve KDV Dahil<\/td>\n<\/tr>\n<tr>\n<td>Paketleme<\/td>\n<td>Sunum Kutusu ile Birlikte Gelir<\/td>\n<\/tr>\n<tr>\n<td>Daha Fazla Bilgi<\/td>\n<td>\n<ul>\n<li>Not: Burada belirtilen fiyat Tek Bileklik Bilezik i\u00e7indir<\/li>\n<li>M\u00fcsaitlik durumu ve daha fazla resim i\u00e7in bizimle canl\u0131 sohbet edin<\/li>\n<\/ul>\n<\/td>\n<\/tr>\n<\/tbody>\n<\/table>","protected":false},"featured_media":339744,"comment_status":"closed","ping_status":"closed","template":"","meta":{"_eb_attr":"","_crsspst_to_jayantr4sg-hostcom":false},"product_brand":[],"product_cat":[1791,1559,5270,1570,1657,1573,1574],"product_tag":[1514,63,1521],"class_list":{"0":"post-339743","1":"product","2":"type-product","3":"status-publish","4":"has-post-thumbnail","6":"product_cat-anniversary-gifts","7":"product_cat-birthday-gifts","8":"product_cat-daily-wear-bangles","9":"product_cat-mothers-day-gifts","10":"product_cat-single-bangle","11":"product_cat-wedding-gifts","12":"product_cat-womens-jewellery","13":"product_tag-bangles","14":"product_tag-gold","15":"product_tag-kada","17":"first","18":"outofstock","19":"taxable","20":"shipping-taxable","21":"product-type-simple","22":"add-to-wishlist-before_image"},"yoast_head":"<!-- This site is optimized with the Yoast SEO plugin v27.3 - https:\/\/yoast.com\/product\/yoast-seo-wordpress\/ -->\n<title>22ct Gold Double Bead Torque Bangle | PureJewels UK | Size 2.6<\/title>\n<meta name=\"description\" content=\"Shop the 22ct Gold Double Bead Torque Bangle from PureJewels UK. Featuring a softly twisted gold form and polished bead terminals, hallmarked in the UK.\" \/>\n<meta name=\"robots\" content=\"index, follow, max-snippet:-1, max-image-preview:large, max-video-preview:-1\" \/>\n<link rel=\"canonical\" href=\"https:\/\/www.purejewels.com\/tr\/urun\/kadinlar-icin-22-ayar-altin-bileklik-gunluk-kullanim-2-5-agir-43698\/\" \/>\n<meta property=\"og:locale\" content=\"tr_TR\" \/>\n<meta property=\"og:type\" content=\"article\" \/>\n<meta property=\"og:title\" content=\"22ct Gold Double Bead Torque Bangle | PureJewels UK | Size 2.6\" \/>\n<meta property=\"og:description\" content=\"Shop the 22ct Gold Double Bead Torque Bangle from PureJewels UK. Featuring a softly twisted gold form and polished bead terminals, hallmarked in the UK.\" \/>\n<meta property=\"og:url\" content=\"https:\/\/www.purejewels.com\/tr\/urun\/kadinlar-icin-22-ayar-altin-bileklik-gunluk-kullanim-2-5-agir-43698\/\" \/>\n<meta property=\"og:site_name\" content=\"PureJewels UK\" \/>\n<meta property=\"article:modified_time\" content=\"2026-02-05T12:07:31+00:00\" \/>\n<meta property=\"og:image\" content=\"https:\/\/static.purejewels.com\/wp-content\/uploads\/2022\/10\/43698-43698-1.jpg\" \/>\n\t<meta property=\"og:image:width\" content=\"1000\" \/>\n\t<meta property=\"og:image:height\" content=\"1000\" \/>\n\t<meta property=\"og:image:type\" content=\"image\/jpeg\" \/>\n<meta name=\"twitter:card\" content=\"summary_large_image\" \/>\n<meta name=\"twitter:label1\" content=\"Tahmini okuma s\u00fcresi\" \/>\n\t<meta name=\"twitter:data1\" content=\"1 dakika\" \/>\n<script type=\"application\/ld+json\" class=\"yoast-schema-graph\">{\"@context\":\"https:\\\/\\\/schema.org\",\"@graph\":[{\"@type\":[\"WebPage\",\"ItemPage\"],\"@id\":\"https:\\\/\\\/www.purejewels.com\\\/product\\\/22ct-gold-bangle-for-women-daily-wear-2-5-heavyweight-43698\\\/\",\"url\":\"https:\\\/\\\/www.purejewels.com\\\/product\\\/22ct-gold-bangle-for-women-daily-wear-2-5-heavyweight-43698\\\/\",\"name\":\"22ct Gold Double Bead Torque Bangle | PureJewels UK | Size 2.6\",\"isPartOf\":{\"@id\":\"https:\\\/\\\/www.purejewels.com\\\/#website\"},\"primaryImageOfPage\":{\"@id\":\"https:\\\/\\\/www.purejewels.com\\\/product\\\/22ct-gold-bangle-for-women-daily-wear-2-5-heavyweight-43698\\\/#primaryimage\"},\"image\":{\"@id\":\"https:\\\/\\\/www.purejewels.com\\\/product\\\/22ct-gold-bangle-for-women-daily-wear-2-5-heavyweight-43698\\\/#primaryimage\"},\"thumbnailUrl\":\"https:\\\/\\\/static.purejewels.com\\\/wp-content\\\/uploads\\\/2022\\\/10\\\/43698-43698-1.jpg\",\"datePublished\":\"2022-10-17T09:36:26+00:00\",\"dateModified\":\"2026-02-05T12:07:31+00:00\",\"description\":\"Shop the 22ct Gold Double Bead Torque Bangle from PureJewels UK. Featuring a softly twisted gold form and polished bead terminals, hallmarked in the UK.\",\"breadcrumb\":{\"@id\":\"https:\\\/\\\/www.purejewels.com\\\/product\\\/22ct-gold-bangle-for-women-daily-wear-2-5-heavyweight-43698\\\/#breadcrumb\"},\"inLanguage\":\"tr\",\"potentialAction\":[{\"@type\":\"ReadAction\",\"target\":[\"https:\\\/\\\/www.purejewels.com\\\/product\\\/22ct-gold-bangle-for-women-daily-wear-2-5-heavyweight-43698\\\/\"]}]},{\"@type\":\"ImageObject\",\"inLanguage\":\"tr\",\"@id\":\"https:\\\/\\\/www.purejewels.com\\\/product\\\/22ct-gold-bangle-for-women-daily-wear-2-5-heavyweight-43698\\\/#primaryimage\",\"url\":\"https:\\\/\\\/static.purejewels.com\\\/wp-content\\\/uploads\\\/2022\\\/10\\\/43698-43698-1.jpg\",\"contentUrl\":\"https:\\\/\\\/static.purejewels.com\\\/wp-content\\\/uploads\\\/2022\\\/10\\\/43698-43698-1.jpg\",\"width\":1000,\"height\":1000,\"caption\":\"22ct Gold Bangle For Women | Daily Wear | 2.5 | Heavyweight\"},{\"@type\":\"BreadcrumbList\",\"@id\":\"https:\\\/\\\/www.purejewels.com\\\/product\\\/22ct-gold-bangle-for-women-daily-wear-2-5-heavyweight-43698\\\/#breadcrumb\",\"itemListElement\":[{\"@type\":\"ListItem\",\"position\":1,\"name\":\"Home\",\"item\":\"https:\\\/\\\/www.purejewels.com\\\/\"},{\"@type\":\"ListItem\",\"position\":2,\"name\":\"Shop\",\"item\":\"https:\\\/\\\/www.purejewels.com\\\/shop\\\/\"},{\"@type\":\"ListItem\",\"position\":3,\"name\":\"22ct Gold Twin Sphere Twist Bangle | Daily Wear | Size 2.6\"}]},{\"@type\":\"WebSite\",\"@id\":\"https:\\\/\\\/www.purejewels.com\\\/#website\",\"url\":\"https:\\\/\\\/www.purejewels.com\\\/\",\"name\":\"PureJewels UK\",\"description\":\"Share the Love\",\"publisher\":{\"@id\":\"https:\\\/\\\/www.purejewels.com\\\/#organization\"},\"potentialAction\":[{\"@type\":\"SearchAction\",\"target\":{\"@type\":\"EntryPoint\",\"urlTemplate\":\"https:\\\/\\\/www.purejewels.com\\\/?s={search_term_string}\"},\"query-input\":{\"@type\":\"PropertyValueSpecification\",\"valueRequired\":true,\"valueName\":\"search_term_string\"}}],\"inLanguage\":\"tr\"},{\"@type\":\"Organization\",\"@id\":\"https:\\\/\\\/www.purejewels.com\\\/#organization\",\"name\":\"PureJewels UK\",\"url\":\"https:\\\/\\\/www.purejewels.com\\\/\",\"logo\":{\"@type\":\"ImageObject\",\"inLanguage\":\"tr\",\"@id\":\"https:\\\/\\\/www.purejewels.com\\\/#\\\/schema\\\/logo\\\/image\\\/\",\"url\":\"https:\\\/\\\/static.purejewels.com\\\/wp-content\\\/uploads\\\/2020\\\/11\\\/Logo-PJ-New-1.png\",\"contentUrl\":\"https:\\\/\\\/static.purejewels.com\\\/wp-content\\\/uploads\\\/2020\\\/11\\\/Logo-PJ-New-1.png\",\"width\":150,\"height\":80,\"caption\":\"PureJewels UK\"},\"image\":{\"@id\":\"https:\\\/\\\/www.purejewels.com\\\/#\\\/schema\\\/logo\\\/image\\\/\"}}]}<\/script>\n<!-- \/ Yoast SEO plugin. -->","yoast_head_json":{"title":"22 Ayar Alt\u0131n \u00c7ift Boncuklu Tork Bileklik | PureJewels UK | 2.6 Beden","description":"PureJewels UK'den 22 Ayar Alt\u0131n \u00c7ift Boncuklu Tork Bilekli\u011fi sat\u0131n al\u0131n. Yumu\u015fak bir \u015fekilde b\u00fck\u00fclm\u00fc\u015f alt\u0131n formu ve cilal\u0131 boncuk u\u00e7lar\u0131 ile \u0130ngiltere'de damgalanm\u0131\u015ft\u0131r.","robots":{"index":"index","follow":"follow","max-snippet":"max-snippet:-1","max-image-preview":"max-image-preview:large","max-video-preview":"max-video-preview:-1"},"canonical":"https:\/\/www.purejewels.com\/tr\/urun\/kadinlar-icin-22-ayar-altin-bileklik-gunluk-kullanim-2-5-agir-43698\/","og_locale":"tr_TR","og_type":"article","og_title":"22ct Gold Double Bead Torque Bangle | PureJewels UK | Size 2.6","og_description":"Shop the 22ct Gold Double Bead Torque Bangle from PureJewels UK. Featuring a softly twisted gold form and polished bead terminals, hallmarked in the UK.","og_url":"https:\/\/www.purejewels.com\/tr\/urun\/kadinlar-icin-22-ayar-altin-bileklik-gunluk-kullanim-2-5-agir-43698\/","og_site_name":"PureJewels UK","article_modified_time":"2026-02-05T12:07:31+00:00","og_image":[{"width":1000,"height":1000,"url":"https:\/\/static.purejewels.com\/wp-content\/uploads\/2022\/10\/43698-43698-1.jpg","type":"image\/jpeg"}],"twitter_card":"summary_large_image","twitter_misc":{"Tahmini okuma s\u00fcresi":"1 dakika"},"schema":{"@context":"https:\/\/schema.org","@graph":[{"@type":["WebPage","ItemPage"],"@id":"https:\/\/www.purejewels.com\/product\/22ct-gold-bangle-for-women-daily-wear-2-5-heavyweight-43698\/","url":"https:\/\/www.purejewels.com\/product\/22ct-gold-bangle-for-women-daily-wear-2-5-heavyweight-43698\/","name":"22 Ayar Alt\u0131n \u00c7ift Boncuklu Tork Bileklik | PureJewels UK | 2.6 Beden","isPartOf":{"@id":"https:\/\/www.purejewels.com\/#website"},"primaryImageOfPage":{"@id":"https:\/\/www.purejewels.com\/product\/22ct-gold-bangle-for-women-daily-wear-2-5-heavyweight-43698\/#primaryimage"},"image":{"@id":"https:\/\/www.purejewels.com\/product\/22ct-gold-bangle-for-women-daily-wear-2-5-heavyweight-43698\/#primaryimage"},"thumbnailUrl":"https:\/\/static.purejewels.com\/wp-content\/uploads\/2022\/10\/43698-43698-1.jpg","datePublished":"2022-10-17T09:36:26+00:00","dateModified":"2026-02-05T12:07:31+00:00","description":"PureJewels UK'den 22 Ayar Alt\u0131n \u00c7ift Boncuklu Tork Bilekli\u011fi sat\u0131n al\u0131n. Yumu\u015fak bir \u015fekilde b\u00fck\u00fclm\u00fc\u015f alt\u0131n formu ve cilal\u0131 boncuk u\u00e7lar\u0131 ile \u0130ngiltere'de damgalanm\u0131\u015ft\u0131r.","breadcrumb":{"@id":"https:\/\/www.purejewels.com\/product\/22ct-gold-bangle-for-women-daily-wear-2-5-heavyweight-43698\/#breadcrumb"},"inLanguage":"tr","potentialAction":[{"@type":"ReadAction","target":["https:\/\/www.purejewels.com\/product\/22ct-gold-bangle-for-women-daily-wear-2-5-heavyweight-43698\/"]}]},{"@type":"ImageObject","inLanguage":"tr","@id":"https:\/\/www.purejewels.com\/product\/22ct-gold-bangle-for-women-daily-wear-2-5-heavyweight-43698\/#primaryimage","url":"https:\/\/static.purejewels.com\/wp-content\/uploads\/2022\/10\/43698-43698-1.jpg","contentUrl":"https:\/\/static.purejewels.com\/wp-content\/uploads\/2022\/10\/43698-43698-1.jpg","width":1000,"height":1000,"caption":"22ct Gold Bangle For Women | Daily Wear | 2.5 | Heavyweight"},{"@type":"BreadcrumbList","@id":"https:\/\/www.purejewels.com\/product\/22ct-gold-bangle-for-women-daily-wear-2-5-heavyweight-43698\/#breadcrumb","itemListElement":[{"@type":"ListItem","position":1,"name":"Home","item":"https:\/\/www.purejewels.com\/"},{"@type":"ListItem","position":2,"name":"Shop","item":"https:\/\/www.purejewels.com\/shop\/"},{"@type":"ListItem","position":3,"name":"22ct Gold Twin Sphere Twist Bangle | Daily Wear | Size 2.6"}]},{"@type":"WebSite","@id":"https:\/\/www.purejewels.com\/#website","url":"https:\/\/www.purejewels.com\/","name":"PureJewels \u0130ngiltere","description":"Sevgiyi Payla\u015f\u0131n","publisher":{"@id":"https:\/\/www.purejewels.com\/#organization"},"potentialAction":[{"@type":"SearchAction","target":{"@type":"EntryPoint","urlTemplate":"https:\/\/www.purejewels.com\/?s={search_term_string}"},"query-input":{"@type":"PropertyValueSpecification","valueRequired":true,"valueName":"search_term_string"}}],"inLanguage":"tr"},{"@type":"Organization","@id":"https:\/\/www.purejewels.com\/#organization","name":"PureJewels \u0130ngiltere","url":"https:\/\/www.purejewels.com\/","logo":{"@type":"ImageObject","inLanguage":"tr","@id":"https:\/\/www.purejewels.com\/#\/schema\/logo\/image\/","url":"https:\/\/static.purejewels.com\/wp-content\/uploads\/2020\/11\/Logo-PJ-New-1.png","contentUrl":"https:\/\/static.purejewels.com\/wp-content\/uploads\/2020\/11\/Logo-PJ-New-1.png","width":150,"height":80,"caption":"PureJewels UK"},"image":{"@id":"https:\/\/www.purejewels.com\/#\/schema\/logo\/image\/"}}]}},"_links":{"self":[{"href":"https:\/\/www.purejewels.com\/tr\/wp-json\/wp\/v2\/product\/339743","targetHints":{"allow":["GET"]}}],"collection":[{"href":"https:\/\/www.purejewels.com\/tr\/wp-json\/wp\/v2\/product"}],"about":[{"href":"https:\/\/www.purejewels.com\/tr\/wp-json\/wp\/v2\/types\/product"}],"replies":[{"embeddable":true,"href":"https:\/\/www.purejewels.com\/tr\/wp-json\/wp\/v2\/comments?post=339743"}],"version-history":[{"count":4,"href":"https:\/\/www.purejewels.com\/tr\/wp-json\/wp\/v2\/product\/339743\/revisions"}],"predecessor-version":[{"id":425731,"href":"https:\/\/www.purejewels.com\/tr\/wp-json\/wp\/v2\/product\/339743\/revisions\/425731"}],"wp:featuredmedia":[{"embeddable":true,"href":"https:\/\/www.purejewels.com\/tr\/wp-json\/wp\/v2\/media\/339744"}],"wp:attachment":[{"href":"https:\/\/www.purejewels.com\/tr\/wp-json\/wp\/v2\/media?parent=339743"}],"wp:term":[{"taxonomy":"product_brand","embeddable":true,"href":"https:\/\/www.purejewels.com\/tr\/wp-json\/wp\/v2\/product_brand?post=339743"},{"taxonomy":"product_cat","embeddable":true,"href":"https:\/\/www.purejewels.com\/tr\/wp-json\/wp\/v2\/product_cat?post=339743"},{"taxonomy":"product_tag","embeddable":true,"href":"https:\/\/www.purejewels.com\/tr\/wp-json\/wp\/v2\/product_tag?post=339743"}],"curies":[{"name":"wp","href":"https:\/\/api.w.org\/{rel}","templated":true}]}}