{"id":339780,"date":"2025-05-17T12:59:30","date_gmt":"2025-05-17T11:59:30","guid":{"rendered":"https:\/\/www.purejewels.com\/?post_type=product&#038;p=339780"},"modified":"2026-01-30T07:01:47","modified_gmt":"2026-01-30T07:01:47","slug":"bayanlar-icin-22-ayar-sari-altin-kanca-kupe-rodyum-kaplama-46748","status":"publish","type":"product","link":"https:\/\/www.purejewels.com\/tr\/product\/22ct-yellow-gold-hook-earring-for-ladies-rhodium-finish-46748\/","title":{"rendered":"22 Ayar Alt\u0131n Antik Kaplama Damla K\u00fcpe"},"content":{"rendered":"<h4 data-start=\"379\" data-end=\"404\"><strong data-start=\"384\" data-end=\"402\">Tasar\u0131m Konsepti<\/strong><\/h4>\n<p data-start=\"405\" data-end=\"807\">Miras\u0131n zarif bir \u00f6vg\u00fcs\u00fc olan bu 22 ayar alt\u0131n kanca k\u00fcpeler, G\u00fcney Asya s\u00fcslemelerinin zamans\u0131z zarafetinden ilham alm\u0131\u015ft\u0131r: zarif, asil ve etkileyici. \u00d6zel Armari Koleksiyonumuzdan, antika mat kaplama ve narin zincir detaylar\u0131, ge\u00e7mi\u015f bir d\u00f6nemi taze ve \u00e7a\u011fda\u015f bir ruhla yans\u0131t\u0131yor. Gelenek ve modernlik aras\u0131nda rahat bir \u00e7ekicilikle hareket eden kad\u0131nlar i\u00e7in tasarlanm\u0131\u015ft\u0131r.<\/p>\n<h4 data-start=\"809\" data-end=\"833\"><strong data-start=\"814\" data-end=\"831\">Zanaatkarl\u0131k<\/strong><\/h4>\n<p data-start=\"834\" data-end=\"1194\">Londra'da ustal\u0131kla el i\u015f\u00e7ili\u011fi ile \u00fcretilen bu k\u00fcpeler, saf 22 ayar alt\u0131n kullan\u0131larak \u00fcretilmi\u015f ve zarif antika mat cilayla tamamlanm\u0131\u015ft\u0131r. \u0130nce boncuk detaylar\u0131 ve hafif zincir s\u00fcslemeleri, k\u00fcpelerin feminen cazibesini art\u0131ran ince hareketler sunar. Londra Assay Office taraf\u0131ndan verilen \u0130ngiliz damgas\u0131, safl\u0131k, \u00f6zg\u00fcnl\u00fck ve zanaatkarl\u0131k miras\u0131n\u0131 garanti eder.<\/p>\n<h4 data-start=\"1520\" data-end=\"1550\"><strong data-start=\"1525\" data-end=\"1548\">Stil \u0130lham\u0131<\/strong><\/h4>\n<ul>\n<li data-start=\"1553\" data-end=\"1667\">K\u00fclt\u00fcrel zarafet: D\u00fc\u011f\u00fcnler, Diwali veya aile kutlamalar\u0131 i\u00e7in ipek sari veya s\u00fcsl\u00fc kurta ile kombinleyin.<\/li>\n<li data-start=\"1670\" data-end=\"1768\">Bohem l\u00fcks\u00fc: Keten elbiseyi veya yumu\u015fak n\u00f6tr renkli k\u0131yafeti vintage esintili bir tarzla zenginle\u015ftirin.<\/li>\n<li data-start=\"1771\" data-end=\"1908\">G\u00fcnl\u00fck \u00e7ekicilik: G\u00fcnl\u00fck kullan\u0131m i\u00e7in yeterince hafif, ancak zengin miras detaylar\u0131na sahip \u2014 her g\u00fcn gelene\u011fi onurland\u0131ran m\u00fccevher severler i\u00e7in m\u00fckemmel.<\/li>\n<\/ul>","protected":false},"excerpt":{"rendered":"<p>Armari Koleksiyonu'ndan bu 22 ayar alt\u0131n sarkan k\u00fcpelerle zamans\u0131z cazibeyi kutlay\u0131n. Antik mat y\u00fczeyli ve boncuk desenli narin damla zincirlere sahip bu k\u00fcpeler, 3,9 gram a\u011f\u0131rl\u0131\u011f\u0131ndaki hafif tasar\u0131m\u0131yla miras i\u015f\u00e7ili\u011fi yans\u0131t\u0131yor.<\/p>\n<p><strong>Malzeme:<\/strong>\u00a022 Ayar Alt\u0131n<strong><br \/>\nBitir: <\/strong>Antik Kaplama<strong><br \/>\nHallmark:\u00a0<\/strong>\u0130ngiliz Damgas\u0131<strong><br \/>\n<\/strong><strong>Br\u00fct A\u011f\u0131rl\u0131k: <\/strong>3.9 Gms<br \/>\n<strong>SKU:<\/strong> 46748<\/p>\n<p><strong>Fiyat ve Teslimat<\/strong>: KDV ve teslimat \u00fccreti dahil<br \/>\n<a href=\"https:\/\/www.purejewels.com\/tr\/i%cc%87ade-poli%cc%87ti%cc%87kasi\/\">\u0130ade Politikas\u0131<\/a><\/p>","protected":false},"featured_media":355137,"comment_status":"closed","ping_status":"closed","template":"","meta":{"_eb_attr":"","_crsspst_to_jayantr4sg-hostcom":false},"product_brand":[],"product_cat":[245,6144,5639,1559,1793,1685,1792,1790,1254,1570,1573,1574],"product_tag":[1430],"class_list":{"0":"post-339780","1":"product","2":"type-product","3":"status-publish","4":"has-post-thumbnail","6":"product_cat-armari-collections","7":"product_cat-armari-drop-earrings","8":"product_cat-armari-earring","9":"product_cat-birthday-gifts","10":"product_cat-diwali-gifts","11":"product_cat-drop-earrings","12":"product_cat-festival-gifts","13":"product_cat-for-whom-when","14":"product_cat-gold-earrings","15":"product_cat-mothers-day-gifts","16":"product_cat-wedding-gifts","17":"product_cat-womens-jewellery","18":"product_tag-diwali-gift","20":"first","21":"instock","22":"taxable","23":"shipping-taxable","24":"purchasable","25":"product-type-simple","26":"add-to-wishlist-before_image"},"yoast_head":"<!-- This site is optimized with the Yoast SEO plugin v27.5 - https:\/\/yoast.com\/product\/yoast-seo-wordpress\/ -->\n<title>Real 22ct Gold Drop Earring with Antique Finish in London<\/title>\n<meta name=\"description\" content=\"Make a statement with our 22ct real gold drop earrings, each boasting a unique, hand-applied antique finish. Shop now! Free delivery across UK.\" \/>\n<meta name=\"robots\" content=\"index, follow, max-snippet:-1, max-image-preview:large, max-video-preview:-1\" \/>\n<link rel=\"canonical\" href=\"https:\/\/www.purejewels.com\/tr\/urun\/bayanlar-icin-22-ayar-sari-altin-kanca-kupe-rodyum-kaplama-46748\/\" \/>\n<meta property=\"og:locale\" content=\"tr_TR\" \/>\n<meta property=\"og:type\" content=\"article\" \/>\n<meta property=\"og:title\" content=\"Real 22ct Gold Drop Earring with Antique Finish in London\" \/>\n<meta property=\"og:description\" content=\"Make a statement with our 22ct real gold drop earrings, each boasting a unique, hand-applied antique finish. Shop now! Free delivery across UK.\" \/>\n<meta property=\"og:url\" content=\"https:\/\/www.purejewels.com\/tr\/urun\/bayanlar-icin-22-ayar-sari-altin-kanca-kupe-rodyum-kaplama-46748\/\" \/>\n<meta property=\"og:site_name\" content=\"PureJewels UK\" \/>\n<meta property=\"article:modified_time\" content=\"2026-01-30T07:01:47+00:00\" \/>\n<meta property=\"og:image\" content=\"https:\/\/static.purejewels.com\/wp-content\/uploads\/2022\/10\/46748.jpg\" \/>\n\t<meta property=\"og:image:width\" content=\"1000\" \/>\n\t<meta property=\"og:image:height\" content=\"1000\" \/>\n\t<meta property=\"og:image:type\" content=\"image\/jpeg\" \/>\n<meta name=\"twitter:card\" content=\"summary_large_image\" \/>\n<meta name=\"twitter:label1\" content=\"Tahmini okuma s\u00fcresi\" \/>\n\t<meta name=\"twitter:data1\" content=\"1 dakika\" \/>\n<script type=\"application\/ld+json\" class=\"yoast-schema-graph\">{\"@context\":\"https:\\\/\\\/schema.org\",\"@graph\":[{\"@type\":[\"WebPage\",\"ItemPage\"],\"@id\":\"https:\\\/\\\/www.purejewels.com\\\/product\\\/22ct-yellow-gold-hook-earring-for-ladies-rhodium-finish-46748\\\/\",\"url\":\"https:\\\/\\\/www.purejewels.com\\\/product\\\/22ct-yellow-gold-hook-earring-for-ladies-rhodium-finish-46748\\\/\",\"name\":\"Real 22ct Gold Drop Earring with Antique Finish in London\",\"isPartOf\":{\"@id\":\"https:\\\/\\\/www.purejewels.com\\\/#website\"},\"primaryImageOfPage\":{\"@id\":\"https:\\\/\\\/www.purejewels.com\\\/product\\\/22ct-yellow-gold-hook-earring-for-ladies-rhodium-finish-46748\\\/#primaryimage\"},\"image\":{\"@id\":\"https:\\\/\\\/www.purejewels.com\\\/product\\\/22ct-yellow-gold-hook-earring-for-ladies-rhodium-finish-46748\\\/#primaryimage\"},\"thumbnailUrl\":\"https:\\\/\\\/static.purejewels.com\\\/wp-content\\\/uploads\\\/2022\\\/10\\\/46748.jpg\",\"datePublished\":\"2025-05-17T11:59:30+00:00\",\"dateModified\":\"2026-01-30T07:01:47+00:00\",\"description\":\"Make a statement with our 22ct real gold drop earrings, each boasting a unique, hand-applied antique finish. Shop now! Free delivery across UK.\",\"breadcrumb\":{\"@id\":\"https:\\\/\\\/www.purejewels.com\\\/product\\\/22ct-yellow-gold-hook-earring-for-ladies-rhodium-finish-46748\\\/#breadcrumb\"},\"inLanguage\":\"tr\",\"potentialAction\":[{\"@type\":\"ReadAction\",\"target\":[\"https:\\\/\\\/www.purejewels.com\\\/product\\\/22ct-yellow-gold-hook-earring-for-ladies-rhodium-finish-46748\\\/\"]}]},{\"@type\":\"ImageObject\",\"inLanguage\":\"tr\",\"@id\":\"https:\\\/\\\/www.purejewels.com\\\/product\\\/22ct-yellow-gold-hook-earring-for-ladies-rhodium-finish-46748\\\/#primaryimage\",\"url\":\"https:\\\/\\\/static.purejewels.com\\\/wp-content\\\/uploads\\\/2022\\\/10\\\/46748.jpg\",\"contentUrl\":\"https:\\\/\\\/static.purejewels.com\\\/wp-content\\\/uploads\\\/2022\\\/10\\\/46748.jpg\",\"width\":1000,\"height\":1000,\"caption\":\"22ct Gold Earring\"},{\"@type\":\"BreadcrumbList\",\"@id\":\"https:\\\/\\\/www.purejewels.com\\\/product\\\/22ct-yellow-gold-hook-earring-for-ladies-rhodium-finish-46748\\\/#breadcrumb\",\"itemListElement\":[{\"@type\":\"ListItem\",\"position\":1,\"name\":\"Home\",\"item\":\"https:\\\/\\\/www.purejewels.com\\\/\"},{\"@type\":\"ListItem\",\"position\":2,\"name\":\"Shop\",\"item\":\"https:\\\/\\\/www.purejewels.com\\\/shop\\\/\"},{\"@type\":\"ListItem\",\"position\":3,\"name\":\"22ct Gold Antique Finish Drop Earring\"}]},{\"@type\":\"WebSite\",\"@id\":\"https:\\\/\\\/www.purejewels.com\\\/#website\",\"url\":\"https:\\\/\\\/www.purejewels.com\\\/\",\"name\":\"PureJewels UK\",\"description\":\"Share the Love\",\"publisher\":{\"@id\":\"https:\\\/\\\/www.purejewels.com\\\/#organization\"},\"potentialAction\":[{\"@type\":\"SearchAction\",\"target\":{\"@type\":\"EntryPoint\",\"urlTemplate\":\"https:\\\/\\\/www.purejewels.com\\\/?s={search_term_string}\"},\"query-input\":{\"@type\":\"PropertyValueSpecification\",\"valueRequired\":true,\"valueName\":\"search_term_string\"}}],\"inLanguage\":\"tr\"},{\"@type\":\"Organization\",\"@id\":\"https:\\\/\\\/www.purejewels.com\\\/#organization\",\"name\":\"PureJewels UK\",\"url\":\"https:\\\/\\\/www.purejewels.com\\\/\",\"logo\":{\"@type\":\"ImageObject\",\"inLanguage\":\"tr\",\"@id\":\"https:\\\/\\\/www.purejewels.com\\\/#\\\/schema\\\/logo\\\/image\\\/\",\"url\":\"https:\\\/\\\/static.purejewels.com\\\/wp-content\\\/uploads\\\/2020\\\/11\\\/Logo-PJ-New-1.png\",\"contentUrl\":\"https:\\\/\\\/static.purejewels.com\\\/wp-content\\\/uploads\\\/2020\\\/11\\\/Logo-PJ-New-1.png\",\"width\":150,\"height\":80,\"caption\":\"PureJewels UK\"},\"image\":{\"@id\":\"https:\\\/\\\/www.purejewels.com\\\/#\\\/schema\\\/logo\\\/image\\\/\"}}]}<\/script>\n<!-- \/ Yoast SEO plugin. -->","yoast_head_json":{"title":"Londra'da Antik Kaplamal\u0131 Ger\u00e7ek 22 Ayar Alt\u0131n Damla K\u00fcpe","description":"Her biri benzersiz, elle uygulanm\u0131\u015f antika kaplamaya sahip 22 ayar ger\u00e7ek alt\u0131n damla k\u00fcpelerimizle iddial\u0131 olun. \u015eimdi al\u0131\u015fveri\u015f yap\u0131n! Birle\u015fik Krall\u0131k genelinde \u00fccretsiz teslimat.","robots":{"index":"index","follow":"follow","max-snippet":"max-snippet:-1","max-image-preview":"max-image-preview:large","max-video-preview":"max-video-preview:-1"},"canonical":"https:\/\/www.purejewels.com\/tr\/urun\/bayanlar-icin-22-ayar-sari-altin-kanca-kupe-rodyum-kaplama-46748\/","og_locale":"tr_TR","og_type":"article","og_title":"Real 22ct Gold Drop Earring with Antique Finish in London","og_description":"Make a statement with our 22ct real gold drop earrings, each boasting a unique, hand-applied antique finish. Shop now! Free delivery across UK.","og_url":"https:\/\/www.purejewels.com\/tr\/urun\/bayanlar-icin-22-ayar-sari-altin-kanca-kupe-rodyum-kaplama-46748\/","og_site_name":"PureJewels UK","article_modified_time":"2026-01-30T07:01:47+00:00","og_image":[{"width":1000,"height":1000,"url":"https:\/\/static.purejewels.com\/wp-content\/uploads\/2022\/10\/46748.jpg","type":"image\/jpeg"}],"twitter_card":"summary_large_image","twitter_misc":{"Tahmini okuma s\u00fcresi":"1 dakika"},"schema":{"@context":"https:\/\/schema.org","@graph":[{"@type":["WebPage","ItemPage"],"@id":"https:\/\/www.purejewels.com\/product\/22ct-yellow-gold-hook-earring-for-ladies-rhodium-finish-46748\/","url":"https:\/\/www.purejewels.com\/product\/22ct-yellow-gold-hook-earring-for-ladies-rhodium-finish-46748\/","name":"Londra'da Antik Kaplamal\u0131 Ger\u00e7ek 22 Ayar Alt\u0131n Damla K\u00fcpe","isPartOf":{"@id":"https:\/\/www.purejewels.com\/#website"},"primaryImageOfPage":{"@id":"https:\/\/www.purejewels.com\/product\/22ct-yellow-gold-hook-earring-for-ladies-rhodium-finish-46748\/#primaryimage"},"image":{"@id":"https:\/\/www.purejewels.com\/product\/22ct-yellow-gold-hook-earring-for-ladies-rhodium-finish-46748\/#primaryimage"},"thumbnailUrl":"https:\/\/static.purejewels.com\/wp-content\/uploads\/2022\/10\/46748.jpg","datePublished":"2025-05-17T11:59:30+00:00","dateModified":"2026-01-30T07:01:47+00:00","description":"Her biri benzersiz, elle uygulanm\u0131\u015f antika kaplamaya sahip 22 ayar ger\u00e7ek alt\u0131n damla k\u00fcpelerimizle iddial\u0131 olun. \u015eimdi al\u0131\u015fveri\u015f yap\u0131n! Birle\u015fik Krall\u0131k genelinde \u00fccretsiz teslimat.","breadcrumb":{"@id":"https:\/\/www.purejewels.com\/product\/22ct-yellow-gold-hook-earring-for-ladies-rhodium-finish-46748\/#breadcrumb"},"inLanguage":"tr","potentialAction":[{"@type":"ReadAction","target":["https:\/\/www.purejewels.com\/product\/22ct-yellow-gold-hook-earring-for-ladies-rhodium-finish-46748\/"]}]},{"@type":"ImageObject","inLanguage":"tr","@id":"https:\/\/www.purejewels.com\/product\/22ct-yellow-gold-hook-earring-for-ladies-rhodium-finish-46748\/#primaryimage","url":"https:\/\/static.purejewels.com\/wp-content\/uploads\/2022\/10\/46748.jpg","contentUrl":"https:\/\/static.purejewels.com\/wp-content\/uploads\/2022\/10\/46748.jpg","width":1000,"height":1000,"caption":"22ct Gold Earring"},{"@type":"BreadcrumbList","@id":"https:\/\/www.purejewels.com\/product\/22ct-yellow-gold-hook-earring-for-ladies-rhodium-finish-46748\/#breadcrumb","itemListElement":[{"@type":"ListItem","position":1,"name":"Home","item":"https:\/\/www.purejewels.com\/"},{"@type":"ListItem","position":2,"name":"Shop","item":"https:\/\/www.purejewels.com\/shop\/"},{"@type":"ListItem","position":3,"name":"22ct Gold Antique Finish Drop Earring"}]},{"@type":"WebSite","@id":"https:\/\/www.purejewels.com\/#website","url":"https:\/\/www.purejewels.com\/","name":"PureJewels \u0130ngiltere","description":"Sevgiyi Payla\u015f\u0131n","publisher":{"@id":"https:\/\/www.purejewels.com\/#organization"},"potentialAction":[{"@type":"SearchAction","target":{"@type":"EntryPoint","urlTemplate":"https:\/\/www.purejewels.com\/?s={search_term_string}"},"query-input":{"@type":"PropertyValueSpecification","valueRequired":true,"valueName":"search_term_string"}}],"inLanguage":"tr"},{"@type":"Organization","@id":"https:\/\/www.purejewels.com\/#organization","name":"PureJewels \u0130ngiltere","url":"https:\/\/www.purejewels.com\/","logo":{"@type":"ImageObject","inLanguage":"tr","@id":"https:\/\/www.purejewels.com\/#\/schema\/logo\/image\/","url":"https:\/\/static.purejewels.com\/wp-content\/uploads\/2020\/11\/Logo-PJ-New-1.png","contentUrl":"https:\/\/static.purejewels.com\/wp-content\/uploads\/2020\/11\/Logo-PJ-New-1.png","width":150,"height":80,"caption":"PureJewels UK"},"image":{"@id":"https:\/\/www.purejewels.com\/#\/schema\/logo\/image\/"}}]}},"_links":{"self":[{"href":"https:\/\/www.purejewels.com\/tr\/wp-json\/wp\/v2\/product\/339780","targetHints":{"allow":["GET"]}}],"collection":[{"href":"https:\/\/www.purejewels.com\/tr\/wp-json\/wp\/v2\/product"}],"about":[{"href":"https:\/\/www.purejewels.com\/tr\/wp-json\/wp\/v2\/types\/product"}],"replies":[{"embeddable":true,"href":"https:\/\/www.purejewels.com\/tr\/wp-json\/wp\/v2\/comments?post=339780"}],"version-history":[{"count":4,"href":"https:\/\/www.purejewels.com\/tr\/wp-json\/wp\/v2\/product\/339780\/revisions"}],"predecessor-version":[{"id":420752,"href":"https:\/\/www.purejewels.com\/tr\/wp-json\/wp\/v2\/product\/339780\/revisions\/420752"}],"wp:featuredmedia":[{"embeddable":true,"href":"https:\/\/www.purejewels.com\/tr\/wp-json\/wp\/v2\/media\/355137"}],"wp:attachment":[{"href":"https:\/\/www.purejewels.com\/tr\/wp-json\/wp\/v2\/media?parent=339780"}],"wp:term":[{"taxonomy":"product_brand","embeddable":true,"href":"https:\/\/www.purejewels.com\/tr\/wp-json\/wp\/v2\/product_brand?post=339780"},{"taxonomy":"product_cat","embeddable":true,"href":"https:\/\/www.purejewels.com\/tr\/wp-json\/wp\/v2\/product_cat?post=339780"},{"taxonomy":"product_tag","embeddable":true,"href":"https:\/\/www.purejewels.com\/tr\/wp-json\/wp\/v2\/product_tag?post=339780"}],"curies":[{"name":"wp","href":"https:\/\/api.w.org\/{rel}","templated":true}]}}