{"id":339806,"date":"2022-10-18T14:26:25","date_gmt":"2022-10-18T13:26:25","guid":{"rendered":"https:\/\/www.purejewels.com\/?post_type=product&#038;p=339806"},"modified":"2026-01-21T10:30:42","modified_gmt":"2026-01-21T10:30:42","slug":"bayanlar-icin-22-ayar-altin-damla-kupe-rozet-koleksiyonu-43527","status":"publish","type":"product","link":"https:\/\/www.purejewels.com\/tr\/product\/22ct-gold-drop-earring-for-ladies-rosettes-collection-43527\/","title":{"rendered":"Bayanlar \u0130\u00e7in 22 Ayar Alt\u0131n Damla K\u00fcpe | Rozet Koleksiyonu"},"content":{"rendered":"<p>Bu \u00e7arp\u0131c\u0131 22 ayar alt\u0131n damla k\u00fcpe, her t\u00fcrl\u00fc \u00f6zel durum i\u00e7in m\u00fckemmel bir aksesuard\u0131r. Geleneksel boya damgalama tekni\u011fi kullan\u0131larak \u00fcretilen bu k\u00fcpe, kesinlikle fark yaratacakt\u0131r. E\u015fsiz tasar\u0131m, klasik zarafeti zamans\u0131z bir stille birle\u015ftiriyor. K\u00fcpe, l\u00fcks bir g\u00f6r\u00fcn\u00fcm ve his veren 22 ayar alt\u0131ndan yap\u0131lm\u0131\u015ft\u0131r. Zarif bir damla \u015fekline ve sade ama g\u00f6z al\u0131c\u0131 bir tasar\u0131ma sahiptir. \u0130ster d\u0131\u015far\u0131da bir gece i\u00e7in giyiniyor olun ister g\u00fcnl\u00fck g\u00f6r\u00fcn\u00fcm\u00fcn\u00fcze ihti\u015faml\u0131 bir dokunu\u015f katmak isteyin, bu 22 ayar alt\u0131n damla k\u00fcpe gard\u0131robunuza m\u00fckemmel bir katk\u0131 sa\u011flayacakt\u0131r.<\/p>","protected":false},"excerpt":{"rendered":"<ul>\n<li>22 Ayar Alt\u0131n Damla K\u00fcpe<\/li>\n<li>A\u011f\u0131rl\u0131k 12,2 gms<\/li>\n<li>SKU. 43527<\/li>\n<li>T\u00fcm fiyatlara KDV dahildir<\/li>\n<li>T\u00fcm \u00fcr\u00fcnlerimiz Londra Tahlil Ofisi taraf\u0131ndan damgalanm\u0131\u015ft\u0131r<\/li>\n<li>Sunum Kutusu ile Birlikte Gelir<\/li>\n<li>Teslimat Dahil<\/li>\n<li>Forest Gate, Londra, \u0130ngiltere'deki ma\u011fazam\u0131zda bulunan t\u00fcm yeni Yeni Gelin k\u00fcpe serisini g\u00f6r\u00fcnt\u00fclemek i\u00e7in bizimle sohbet edin \/ Whats app<\/li>\n<\/ul>","protected":false},"featured_media":339808,"comment_status":"closed","ping_status":"closed","template":"","meta":{"_eb_attr":"","_crsspst_to_jayantr4sg-hostcom":false},"product_brand":[],"product_cat":[1791,1559,236,1685,1254,1570,6149,1656,5274,1573],"product_tag":[],"class_list":{"0":"post-339806","1":"product","2":"type-product","3":"status-publish","4":"has-post-thumbnail","6":"product_cat-anniversary-gifts","7":"product_cat-birthday-gifts","8":"product_cat-collections","9":"product_cat-drop-earrings","10":"product_cat-gold-earrings","11":"product_cat-mothers-day-gifts","12":"product_cat-rosette-drop-earring","13":"product_cat-rosettes-collections","14":"product_cat-rosettes-earring","15":"product_cat-wedding-gifts","17":"first","18":"onbackorder","19":"taxable","20":"shipping-taxable","21":"product-type-simple","22":"add-to-wishlist-before_image"},"yoast_head":"<!-- This site is optimized with the Yoast SEO plugin v27.6 - https:\/\/yoast.com\/product\/yoast-seo-wordpress\/ -->\n<title>22ct Gold Rose Shape Drop Earring Purejewels UK<\/title>\n<meta name=\"description\" content=\"This 22ct gold drop earring is a must-have for any woman&#039;s jewelry collection as it features a stunning drop design that is perfect for any occasion\" \/>\n<meta name=\"robots\" content=\"index, follow, max-snippet:-1, max-image-preview:large, max-video-preview:-1\" \/>\n<link rel=\"canonical\" href=\"https:\/\/www.purejewels.com\/tr\/urun\/bayanlar-icin-22-ayar-altin-damla-kupe-rozet-koleksiyonu-43527\/\" \/>\n<meta property=\"og:locale\" content=\"tr_TR\" \/>\n<meta property=\"og:type\" content=\"article\" \/>\n<meta property=\"og:title\" content=\"22ct Gold Rose Shape Drop Earring Purejewels UK\" \/>\n<meta property=\"og:description\" content=\"This 22ct gold drop earring is a must-have for any woman&#039;s jewelry collection as it features a stunning drop design that is perfect for any occasion\" \/>\n<meta property=\"og:url\" content=\"https:\/\/www.purejewels.com\/tr\/urun\/bayanlar-icin-22-ayar-altin-damla-kupe-rozet-koleksiyonu-43527\/\" \/>\n<meta property=\"og:site_name\" content=\"PureJewels UK\" \/>\n<meta property=\"article:modified_time\" content=\"2026-01-21T10:30:42+00:00\" \/>\n<meta property=\"og:image\" content=\"https:\/\/static.purejewels.com\/wp-content\/uploads\/2022\/10\/43527-1.jpg\" \/>\n\t<meta property=\"og:image:width\" content=\"1000\" \/>\n\t<meta property=\"og:image:height\" content=\"1000\" \/>\n\t<meta property=\"og:image:type\" content=\"image\/jpeg\" \/>\n<meta name=\"twitter:card\" content=\"summary_large_image\" \/>\n<script type=\"application\/ld+json\" class=\"yoast-schema-graph\">{\"@context\":\"https:\\\/\\\/schema.org\",\"@graph\":[{\"@type\":[\"WebPage\",\"ItemPage\"],\"@id\":\"https:\\\/\\\/www.purejewels.com\\\/product\\\/22ct-gold-drop-earring-for-ladies-rosettes-collection-43527\\\/\",\"url\":\"https:\\\/\\\/www.purejewels.com\\\/product\\\/22ct-gold-drop-earring-for-ladies-rosettes-collection-43527\\\/\",\"name\":\"22ct Gold Rose Shape Drop Earring Purejewels UK\",\"isPartOf\":{\"@id\":\"https:\\\/\\\/www.purejewels.com\\\/#website\"},\"primaryImageOfPage\":{\"@id\":\"https:\\\/\\\/www.purejewels.com\\\/product\\\/22ct-gold-drop-earring-for-ladies-rosettes-collection-43527\\\/#primaryimage\"},\"image\":{\"@id\":\"https:\\\/\\\/www.purejewels.com\\\/product\\\/22ct-gold-drop-earring-for-ladies-rosettes-collection-43527\\\/#primaryimage\"},\"thumbnailUrl\":\"https:\\\/\\\/static.purejewels.com\\\/wp-content\\\/uploads\\\/2022\\\/10\\\/43527-1.jpg\",\"datePublished\":\"2022-10-18T13:26:25+00:00\",\"dateModified\":\"2026-01-21T10:30:42+00:00\",\"description\":\"This 22ct gold drop earring is a must-have for any woman's jewelry collection as it features a stunning drop design that is perfect for any occasion\",\"breadcrumb\":{\"@id\":\"https:\\\/\\\/www.purejewels.com\\\/product\\\/22ct-gold-drop-earring-for-ladies-rosettes-collection-43527\\\/#breadcrumb\"},\"inLanguage\":\"tr\",\"potentialAction\":[{\"@type\":\"ReadAction\",\"target\":[\"https:\\\/\\\/www.purejewels.com\\\/product\\\/22ct-gold-drop-earring-for-ladies-rosettes-collection-43527\\\/\"]}]},{\"@type\":\"ImageObject\",\"inLanguage\":\"tr\",\"@id\":\"https:\\\/\\\/www.purejewels.com\\\/product\\\/22ct-gold-drop-earring-for-ladies-rosettes-collection-43527\\\/#primaryimage\",\"url\":\"https:\\\/\\\/static.purejewels.com\\\/wp-content\\\/uploads\\\/2022\\\/10\\\/43527-1.jpg\",\"contentUrl\":\"https:\\\/\\\/static.purejewels.com\\\/wp-content\\\/uploads\\\/2022\\\/10\\\/43527-1.jpg\",\"width\":1000,\"height\":1000,\"caption\":\"22ct Gold Drop Earring For Ladies | Rosettes Collection\"},{\"@type\":\"BreadcrumbList\",\"@id\":\"https:\\\/\\\/www.purejewels.com\\\/product\\\/22ct-gold-drop-earring-for-ladies-rosettes-collection-43527\\\/#breadcrumb\",\"itemListElement\":[{\"@type\":\"ListItem\",\"position\":1,\"name\":\"Home\",\"item\":\"https:\\\/\\\/www.purejewels.com\\\/\"},{\"@type\":\"ListItem\",\"position\":2,\"name\":\"Shop\",\"item\":\"https:\\\/\\\/www.purejewels.com\\\/shop\\\/\"},{\"@type\":\"ListItem\",\"position\":3,\"name\":\"22ct Gold Drop Earring For Ladies | Rosettes Collection\"}]},{\"@type\":\"WebSite\",\"@id\":\"https:\\\/\\\/www.purejewels.com\\\/#website\",\"url\":\"https:\\\/\\\/www.purejewels.com\\\/\",\"name\":\"PureJewels UK\",\"description\":\"Share the Love\",\"publisher\":{\"@id\":\"https:\\\/\\\/www.purejewels.com\\\/#organization\"},\"potentialAction\":[{\"@type\":\"SearchAction\",\"target\":{\"@type\":\"EntryPoint\",\"urlTemplate\":\"https:\\\/\\\/www.purejewels.com\\\/?s={search_term_string}\"},\"query-input\":{\"@type\":\"PropertyValueSpecification\",\"valueRequired\":true,\"valueName\":\"search_term_string\"}}],\"inLanguage\":\"tr\"},{\"@type\":\"Organization\",\"@id\":\"https:\\\/\\\/www.purejewels.com\\\/#organization\",\"name\":\"PureJewels UK\",\"url\":\"https:\\\/\\\/www.purejewels.com\\\/\",\"logo\":{\"@type\":\"ImageObject\",\"inLanguage\":\"tr\",\"@id\":\"https:\\\/\\\/www.purejewels.com\\\/#\\\/schema\\\/logo\\\/image\\\/\",\"url\":\"https:\\\/\\\/static.purejewels.com\\\/wp-content\\\/uploads\\\/2020\\\/11\\\/Logo-PJ-New-1.png\",\"contentUrl\":\"https:\\\/\\\/static.purejewels.com\\\/wp-content\\\/uploads\\\/2020\\\/11\\\/Logo-PJ-New-1.png\",\"width\":150,\"height\":80,\"caption\":\"PureJewels UK\"},\"image\":{\"@id\":\"https:\\\/\\\/www.purejewels.com\\\/#\\\/schema\\\/logo\\\/image\\\/\"}}]}<\/script>\n<!-- \/ Yoast SEO plugin. -->","yoast_head_json":{"title":"22 Ayar Alt\u0131n G\u00fcl \u015eeklinde Damla K\u00fcpe Purejewels UK","description":"Bu 22 ayar alt\u0131n damla k\u00fcpe, her durum i\u00e7in m\u00fckemmel olan \u00e7arp\u0131c\u0131 bir damla tasar\u0131m\u0131na sahip oldu\u011fu i\u00e7in her kad\u0131n\u0131n m\u00fccevher koleksiyonunda bulunmas\u0131 gereken bir \u00fcr\u00fcnd\u00fcr","robots":{"index":"index","follow":"follow","max-snippet":"max-snippet:-1","max-image-preview":"max-image-preview:large","max-video-preview":"max-video-preview:-1"},"canonical":"https:\/\/www.purejewels.com\/tr\/urun\/bayanlar-icin-22-ayar-altin-damla-kupe-rozet-koleksiyonu-43527\/","og_locale":"tr_TR","og_type":"article","og_title":"22ct Gold Rose Shape Drop Earring Purejewels UK","og_description":"This 22ct gold drop earring is a must-have for any woman's jewelry collection as it features a stunning drop design that is perfect for any occasion","og_url":"https:\/\/www.purejewels.com\/tr\/urun\/bayanlar-icin-22-ayar-altin-damla-kupe-rozet-koleksiyonu-43527\/","og_site_name":"PureJewels UK","article_modified_time":"2026-01-21T10:30:42+00:00","og_image":[{"width":1000,"height":1000,"url":"https:\/\/static.purejewels.com\/wp-content\/uploads\/2022\/10\/43527-1.jpg","type":"image\/jpeg"}],"twitter_card":"summary_large_image","schema":{"@context":"https:\/\/schema.org","@graph":[{"@type":["WebPage","ItemPage"],"@id":"https:\/\/www.purejewels.com\/product\/22ct-gold-drop-earring-for-ladies-rosettes-collection-43527\/","url":"https:\/\/www.purejewels.com\/product\/22ct-gold-drop-earring-for-ladies-rosettes-collection-43527\/","name":"22 Ayar Alt\u0131n G\u00fcl \u015eeklinde Damla K\u00fcpe Purejewels UK","isPartOf":{"@id":"https:\/\/www.purejewels.com\/#website"},"primaryImageOfPage":{"@id":"https:\/\/www.purejewels.com\/product\/22ct-gold-drop-earring-for-ladies-rosettes-collection-43527\/#primaryimage"},"image":{"@id":"https:\/\/www.purejewels.com\/product\/22ct-gold-drop-earring-for-ladies-rosettes-collection-43527\/#primaryimage"},"thumbnailUrl":"https:\/\/static.purejewels.com\/wp-content\/uploads\/2022\/10\/43527-1.jpg","datePublished":"2022-10-18T13:26:25+00:00","dateModified":"2026-01-21T10:30:42+00:00","description":"Bu 22 ayar alt\u0131n damla k\u00fcpe, her durum i\u00e7in m\u00fckemmel olan \u00e7arp\u0131c\u0131 bir damla tasar\u0131m\u0131na sahip oldu\u011fu i\u00e7in her kad\u0131n\u0131n m\u00fccevher koleksiyonunda bulunmas\u0131 gereken bir \u00fcr\u00fcnd\u00fcr","breadcrumb":{"@id":"https:\/\/www.purejewels.com\/product\/22ct-gold-drop-earring-for-ladies-rosettes-collection-43527\/#breadcrumb"},"inLanguage":"tr","potentialAction":[{"@type":"ReadAction","target":["https:\/\/www.purejewels.com\/product\/22ct-gold-drop-earring-for-ladies-rosettes-collection-43527\/"]}]},{"@type":"ImageObject","inLanguage":"tr","@id":"https:\/\/www.purejewels.com\/product\/22ct-gold-drop-earring-for-ladies-rosettes-collection-43527\/#primaryimage","url":"https:\/\/static.purejewels.com\/wp-content\/uploads\/2022\/10\/43527-1.jpg","contentUrl":"https:\/\/static.purejewels.com\/wp-content\/uploads\/2022\/10\/43527-1.jpg","width":1000,"height":1000,"caption":"22ct Gold Drop Earring For Ladies | Rosettes Collection"},{"@type":"BreadcrumbList","@id":"https:\/\/www.purejewels.com\/product\/22ct-gold-drop-earring-for-ladies-rosettes-collection-43527\/#breadcrumb","itemListElement":[{"@type":"ListItem","position":1,"name":"Home","item":"https:\/\/www.purejewels.com\/"},{"@type":"ListItem","position":2,"name":"Shop","item":"https:\/\/www.purejewels.com\/shop\/"},{"@type":"ListItem","position":3,"name":"22ct Gold Drop Earring For Ladies | Rosettes Collection"}]},{"@type":"WebSite","@id":"https:\/\/www.purejewels.com\/#website","url":"https:\/\/www.purejewels.com\/","name":"PureJewels \u0130ngiltere","description":"Sevgiyi Payla\u015f\u0131n","publisher":{"@id":"https:\/\/www.purejewels.com\/#organization"},"potentialAction":[{"@type":"SearchAction","target":{"@type":"EntryPoint","urlTemplate":"https:\/\/www.purejewels.com\/?s={search_term_string}"},"query-input":{"@type":"PropertyValueSpecification","valueRequired":true,"valueName":"search_term_string"}}],"inLanguage":"tr"},{"@type":"Organization","@id":"https:\/\/www.purejewels.com\/#organization","name":"PureJewels \u0130ngiltere","url":"https:\/\/www.purejewels.com\/","logo":{"@type":"ImageObject","inLanguage":"tr","@id":"https:\/\/www.purejewels.com\/#\/schema\/logo\/image\/","url":"https:\/\/static.purejewels.com\/wp-content\/uploads\/2020\/11\/Logo-PJ-New-1.png","contentUrl":"https:\/\/static.purejewels.com\/wp-content\/uploads\/2020\/11\/Logo-PJ-New-1.png","width":150,"height":80,"caption":"PureJewels UK"},"image":{"@id":"https:\/\/www.purejewels.com\/#\/schema\/logo\/image\/"}}]}},"_links":{"self":[{"href":"https:\/\/www.purejewels.com\/tr\/wp-json\/wp\/v2\/product\/339806","targetHints":{"allow":["GET"]}}],"collection":[{"href":"https:\/\/www.purejewels.com\/tr\/wp-json\/wp\/v2\/product"}],"about":[{"href":"https:\/\/www.purejewels.com\/tr\/wp-json\/wp\/v2\/types\/product"}],"replies":[{"embeddable":true,"href":"https:\/\/www.purejewels.com\/tr\/wp-json\/wp\/v2\/comments?post=339806"}],"version-history":[{"count":3,"href":"https:\/\/www.purejewels.com\/tr\/wp-json\/wp\/v2\/product\/339806\/revisions"}],"predecessor-version":[{"id":393688,"href":"https:\/\/www.purejewels.com\/tr\/wp-json\/wp\/v2\/product\/339806\/revisions\/393688"}],"wp:featuredmedia":[{"embeddable":true,"href":"https:\/\/www.purejewels.com\/tr\/wp-json\/wp\/v2\/media\/339808"}],"wp:attachment":[{"href":"https:\/\/www.purejewels.com\/tr\/wp-json\/wp\/v2\/media?parent=339806"}],"wp:term":[{"taxonomy":"product_brand","embeddable":true,"href":"https:\/\/www.purejewels.com\/tr\/wp-json\/wp\/v2\/product_brand?post=339806"},{"taxonomy":"product_cat","embeddable":true,"href":"https:\/\/www.purejewels.com\/tr\/wp-json\/wp\/v2\/product_cat?post=339806"},{"taxonomy":"product_tag","embeddable":true,"href":"https:\/\/www.purejewels.com\/tr\/wp-json\/wp\/v2\/product_tag?post=339806"}],"curies":[{"name":"wp","href":"https:\/\/api.w.org\/{rel}","templated":true}]}}