{"id":339818,"date":"2022-10-18T05:41:38","date_gmt":"2022-10-18T04:41:38","guid":{"rendered":"https:\/\/www.purejewels.com\/?post_type=product&#038;p=339818"},"modified":"2025-02-11T04:41:51","modified_gmt":"2025-02-11T04:41:51","slug":"22-ayar-altin-yuvarlak-citcit-42776","status":"publish","type":"product","link":"https:\/\/www.purejewels.com\/tr\/product\/22ct-gold-round-studs-42776\/","title":{"rendered":"Bayanlar \u0130\u00e7in 22 Ayar Alt\u0131n Yuvarlak \u00c7\u0131t\u00e7\u0131t"},"content":{"rendered":"<p>Enfes \u00fcr\u00fcnlerimizle tan\u0131\u015f\u0131n <a href=\"https:\/\/www.purejewels.com\/tr\/elegance-of-sold-gold\/\">Som Alt\u0131n<\/a> Yuvarlak Saplama <a href=\"https:\/\/www.purejewels.com\/tr\/product-category\/22ct-gold-jewellery\/gold-earrings\/\">K\u00fcpeler<\/a>kad\u0131nlar i\u00e7in \u00f6zel olarak 22 ayar alt\u0131ndan tasarlanm\u0131\u015ft\u0131r. Bu zamans\u0131z k\u00fcpeler zarafetin ve sofistikeli\u011fin timsalidir ve m\u00fckemmel bir \u015fekilde i\u015flenmi\u015ftir. Prestijli Londra Tahlil Ofisi taraf\u0131ndan damgalanan bu \u00e7arp\u0131c\u0131 par\u00e7alar\u0131n orijinalli\u011fine ve kalitesine g\u00fcvenebilirsiniz. Bu Som Alt\u0131ndan Yuvarlak K\u00fcpelerin kal\u0131c\u0131 g\u00fczelli\u011fi ile tarz\u0131n\u0131z\u0131 y\u00fckseltin. <a href=\"https:\/\/www.purejewels.com\/tr\/product-category\/22ct-gold-jewellery\/gold-earrings\/stud-earrings\/\">Saplama K\u00fcpeler<\/a>l\u00fcks ve zarafetin ger\u00e7ek bir sembol\u00fcd\u00fcr. Her durum i\u00e7in m\u00fckemmeldir ve her m\u00fccevher koleksiyonunun vazge\u00e7ilmez bir par\u00e7as\u0131d\u0131r.<\/p>\n<p>&nbsp;<\/p>\n<p><b>Aral\u0131k Kimli\u011fi<\/b>\u00a0JWERSTRP010<\/p>","protected":false},"excerpt":{"rendered":"<ul>\n<li>22 Ayar Alt\u0131n Saplama K\u00fcpe<\/li>\n<li>A\u011f\u0131rl\u0131k 2,1 gms<\/li>\n<li>SKU. 46134<\/li>\n<li>Geni\u015flik 7,8 mm<\/li>\n<li>T\u00fcm fiyatlara KDV dahildir<\/li>\n<li>T\u00fcm \u00fcr\u00fcnlerimiz London Assay Office taraf\u0131ndan damgalanm\u0131\u015ft\u0131r<\/li>\n<li>Sunum Kutusu ile Birlikte Gelir<\/li>\n<li>Teslimat Dahil<\/li>\n<li>\u00dcr\u00fcn\u00fcn canl\u0131 videosu i\u00e7in bize ula\u015f\u0131n \/ bizimle sohbet edin<\/li>\n<\/ul>","protected":false},"featured_media":351832,"comment_status":"closed","ping_status":"closed","template":"","meta":{"_eb_attr":"","_crsspst_to_jayantr4sg-hostcom":true},"product_brand":[],"product_cat":[1791,1793,1792,1790,1254,5344,1570,5338,1577,1573,1574,5349],"product_tag":[1430],"class_list":{"0":"post-339818","1":"product","2":"type-product","3":"status-publish","4":"has-post-thumbnail","6":"product_cat-anniversary-gifts","7":"product_cat-diwali-gifts","8":"product_cat-festival-gifts","9":"product_cat-for-whom-when","10":"product_cat-gold-earrings","11":"product_cat-jewellery-under-750","12":"product_cat-mothers-day-gifts","13":"product_cat-shop-by-price","14":"product_cat-stud-earrings","15":"product_cat-wedding-gifts","16":"product_cat-womens-jewellery","17":"product_cat-yellow-gold-jewellery","18":"product_tag-diwali-gift","20":"first","21":"outofstock","22":"taxable","23":"shipping-taxable","24":"product-type-simple","25":"add-to-wishlist-before_image"},"yoast_head":"<!-- This site is optimized with the Yoast SEO plugin v27.5 - https:\/\/yoast.com\/product\/yoast-seo-wordpress\/ -->\n<title>Solid Gold Round Stud Earring for Women in 22ct | Purejewels UK<\/title>\n<meta name=\"description\" content=\"Round Stud Earrings - Shop the latest collection of Solid Gold studs for Women &amp; Girls. Choose from a wide range of Real Gold Earrings.\" \/>\n<meta name=\"robots\" content=\"index, follow, max-snippet:-1, max-image-preview:large, max-video-preview:-1\" \/>\n<link rel=\"canonical\" href=\"https:\/\/www.purejewels.com\/tr\/urun\/22-ayar-altin-yuvarlak-citcit-42776\/\" \/>\n<meta property=\"og:locale\" content=\"tr_TR\" \/>\n<meta property=\"og:type\" content=\"article\" \/>\n<meta property=\"og:title\" content=\"Solid Gold Round Stud Earring for Women in 22ct | Purejewels UK\" \/>\n<meta property=\"og:description\" content=\"Round Stud Earrings - Shop the latest collection of Solid Gold studs for Women &amp; Girls. Choose from a wide range of Real Gold Earrings.\" \/>\n<meta property=\"og:url\" content=\"https:\/\/www.purejewels.com\/tr\/urun\/22-ayar-altin-yuvarlak-citcit-42776\/\" \/>\n<meta property=\"og:site_name\" content=\"PureJewels UK\" \/>\n<meta property=\"article:modified_time\" content=\"2025-02-11T04:41:51+00:00\" \/>\n<meta property=\"og:image\" content=\"https:\/\/www.purejewels.com\/wp-content\/uploads\/2022\/10\/46134.png\" \/>\n\t<meta property=\"og:image:width\" content=\"1000\" \/>\n\t<meta property=\"og:image:height\" content=\"1000\" \/>\n\t<meta property=\"og:image:type\" content=\"image\/png\" \/>\n<meta name=\"twitter:card\" content=\"summary_large_image\" \/>\n<meta name=\"twitter:label1\" content=\"Tahmini okuma s\u00fcresi\" \/>\n\t<meta name=\"twitter:data1\" content=\"1 dakika\" \/>\n<script type=\"application\/ld+json\" class=\"yoast-schema-graph\">{\"@context\":\"https:\\\/\\\/schema.org\",\"@graph\":[{\"@type\":[\"WebPage\",\"ItemPage\"],\"@id\":\"https:\\\/\\\/www.purejewels.com\\\/product\\\/22ct-gold-round-studs-42776\\\/\",\"url\":\"https:\\\/\\\/www.purejewels.com\\\/product\\\/22ct-gold-round-studs-42776\\\/\",\"name\":\"Solid Gold Round Stud Earring for Women in 22ct | Purejewels UK\",\"isPartOf\":{\"@id\":\"https:\\\/\\\/www.purejewels.com\\\/#website\"},\"primaryImageOfPage\":{\"@id\":\"https:\\\/\\\/www.purejewels.com\\\/product\\\/22ct-gold-round-studs-42776\\\/#primaryimage\"},\"image\":{\"@id\":\"https:\\\/\\\/www.purejewels.com\\\/product\\\/22ct-gold-round-studs-42776\\\/#primaryimage\"},\"thumbnailUrl\":\"https:\\\/\\\/static.purejewels.com\\\/wp-content\\\/uploads\\\/2022\\\/10\\\/46134.png\",\"datePublished\":\"2022-10-18T04:41:38+00:00\",\"dateModified\":\"2025-02-11T04:41:51+00:00\",\"description\":\"Round Stud Earrings - Shop the latest collection of Solid Gold studs for Women & Girls. Choose from a wide range of Real Gold Earrings.\",\"breadcrumb\":{\"@id\":\"https:\\\/\\\/www.purejewels.com\\\/product\\\/22ct-gold-round-studs-42776\\\/#breadcrumb\"},\"inLanguage\":\"tr\",\"potentialAction\":[{\"@type\":\"ReadAction\",\"target\":[\"https:\\\/\\\/www.purejewels.com\\\/product\\\/22ct-gold-round-studs-42776\\\/\"]}]},{\"@type\":\"ImageObject\",\"inLanguage\":\"tr\",\"@id\":\"https:\\\/\\\/www.purejewels.com\\\/product\\\/22ct-gold-round-studs-42776\\\/#primaryimage\",\"url\":\"https:\\\/\\\/static.purejewels.com\\\/wp-content\\\/uploads\\\/2022\\\/10\\\/46134.png\",\"contentUrl\":\"https:\\\/\\\/static.purejewels.com\\\/wp-content\\\/uploads\\\/2022\\\/10\\\/46134.png\",\"width\":1000,\"height\":1000,\"caption\":\"22ct Gold Round Studs For Ladies\"},{\"@type\":\"BreadcrumbList\",\"@id\":\"https:\\\/\\\/www.purejewels.com\\\/product\\\/22ct-gold-round-studs-42776\\\/#breadcrumb\",\"itemListElement\":[{\"@type\":\"ListItem\",\"position\":1,\"name\":\"Home\",\"item\":\"https:\\\/\\\/www.purejewels.com\\\/\"},{\"@type\":\"ListItem\",\"position\":2,\"name\":\"Shop\",\"item\":\"https:\\\/\\\/www.purejewels.com\\\/shop\\\/\"},{\"@type\":\"ListItem\",\"position\":3,\"name\":\"22ct Gold Round Studs For Ladies\"}]},{\"@type\":\"WebSite\",\"@id\":\"https:\\\/\\\/www.purejewels.com\\\/#website\",\"url\":\"https:\\\/\\\/www.purejewels.com\\\/\",\"name\":\"PureJewels UK\",\"description\":\"Share the Love\",\"publisher\":{\"@id\":\"https:\\\/\\\/www.purejewels.com\\\/#organization\"},\"potentialAction\":[{\"@type\":\"SearchAction\",\"target\":{\"@type\":\"EntryPoint\",\"urlTemplate\":\"https:\\\/\\\/www.purejewels.com\\\/?s={search_term_string}\"},\"query-input\":{\"@type\":\"PropertyValueSpecification\",\"valueRequired\":true,\"valueName\":\"search_term_string\"}}],\"inLanguage\":\"tr\"},{\"@type\":\"Organization\",\"@id\":\"https:\\\/\\\/www.purejewels.com\\\/#organization\",\"name\":\"PureJewels UK\",\"url\":\"https:\\\/\\\/www.purejewels.com\\\/\",\"logo\":{\"@type\":\"ImageObject\",\"inLanguage\":\"tr\",\"@id\":\"https:\\\/\\\/www.purejewels.com\\\/#\\\/schema\\\/logo\\\/image\\\/\",\"url\":\"https:\\\/\\\/static.purejewels.com\\\/wp-content\\\/uploads\\\/2020\\\/11\\\/Logo-PJ-New-1.png\",\"contentUrl\":\"https:\\\/\\\/static.purejewels.com\\\/wp-content\\\/uploads\\\/2020\\\/11\\\/Logo-PJ-New-1.png\",\"width\":150,\"height\":80,\"caption\":\"PureJewels UK\"},\"image\":{\"@id\":\"https:\\\/\\\/www.purejewels.com\\\/#\\\/schema\\\/logo\\\/image\\\/\"}}]}<\/script>\n<!-- \/ Yoast SEO plugin. -->","yoast_head_json":{"title":"Kad\u0131nlar i\u00e7in 22 Ayar Som Alt\u0131n Yuvarlak Saplama K\u00fcpe | Purejewels UK","description":"Yuvarlak Saplama K\u00fcpeler - Kad\u0131nlar ve K\u0131zlar i\u00e7in en yeni Som Alt\u0131n saplama koleksiyonunu sat\u0131n al\u0131n. \u00c7ok \u00e7e\u015fitli Ger\u00e7ek Alt\u0131n K\u00fcpeler aras\u0131ndan se\u00e7im yap\u0131n.","robots":{"index":"index","follow":"follow","max-snippet":"max-snippet:-1","max-image-preview":"max-image-preview:large","max-video-preview":"max-video-preview:-1"},"canonical":"https:\/\/www.purejewels.com\/tr\/urun\/22-ayar-altin-yuvarlak-citcit-42776\/","og_locale":"tr_TR","og_type":"article","og_title":"Solid Gold Round Stud Earring for Women in 22ct | Purejewels UK","og_description":"Round Stud Earrings - Shop the latest collection of Solid Gold studs for Women & Girls. Choose from a wide range of Real Gold Earrings.","og_url":"https:\/\/www.purejewels.com\/tr\/urun\/22-ayar-altin-yuvarlak-citcit-42776\/","og_site_name":"PureJewels UK","article_modified_time":"2025-02-11T04:41:51+00:00","og_image":[{"width":1000,"height":1000,"url":"https:\/\/www.purejewels.com\/wp-content\/uploads\/2022\/10\/46134.png","type":"image\/png"}],"twitter_card":"summary_large_image","twitter_misc":{"Tahmini okuma s\u00fcresi":"1 dakika"},"schema":{"@context":"https:\/\/schema.org","@graph":[{"@type":["WebPage","ItemPage"],"@id":"https:\/\/www.purejewels.com\/product\/22ct-gold-round-studs-42776\/","url":"https:\/\/www.purejewels.com\/product\/22ct-gold-round-studs-42776\/","name":"Kad\u0131nlar i\u00e7in 22 Ayar Som Alt\u0131n Yuvarlak Saplama K\u00fcpe | Purejewels UK","isPartOf":{"@id":"https:\/\/www.purejewels.com\/#website"},"primaryImageOfPage":{"@id":"https:\/\/www.purejewels.com\/product\/22ct-gold-round-studs-42776\/#primaryimage"},"image":{"@id":"https:\/\/www.purejewels.com\/product\/22ct-gold-round-studs-42776\/#primaryimage"},"thumbnailUrl":"https:\/\/static.purejewels.com\/wp-content\/uploads\/2022\/10\/46134.png","datePublished":"2022-10-18T04:41:38+00:00","dateModified":"2025-02-11T04:41:51+00:00","description":"Yuvarlak Saplama K\u00fcpeler - Kad\u0131nlar ve K\u0131zlar i\u00e7in en yeni Som Alt\u0131n saplama koleksiyonunu sat\u0131n al\u0131n. \u00c7ok \u00e7e\u015fitli Ger\u00e7ek Alt\u0131n K\u00fcpeler aras\u0131ndan se\u00e7im yap\u0131n.","breadcrumb":{"@id":"https:\/\/www.purejewels.com\/product\/22ct-gold-round-studs-42776\/#breadcrumb"},"inLanguage":"tr","potentialAction":[{"@type":"ReadAction","target":["https:\/\/www.purejewels.com\/product\/22ct-gold-round-studs-42776\/"]}]},{"@type":"ImageObject","inLanguage":"tr","@id":"https:\/\/www.purejewels.com\/product\/22ct-gold-round-studs-42776\/#primaryimage","url":"https:\/\/static.purejewels.com\/wp-content\/uploads\/2022\/10\/46134.png","contentUrl":"https:\/\/static.purejewels.com\/wp-content\/uploads\/2022\/10\/46134.png","width":1000,"height":1000,"caption":"22ct Gold Round Studs For Ladies"},{"@type":"BreadcrumbList","@id":"https:\/\/www.purejewels.com\/product\/22ct-gold-round-studs-42776\/#breadcrumb","itemListElement":[{"@type":"ListItem","position":1,"name":"Home","item":"https:\/\/www.purejewels.com\/"},{"@type":"ListItem","position":2,"name":"Shop","item":"https:\/\/www.purejewels.com\/shop\/"},{"@type":"ListItem","position":3,"name":"22ct Gold Round Studs For Ladies"}]},{"@type":"WebSite","@id":"https:\/\/www.purejewels.com\/#website","url":"https:\/\/www.purejewels.com\/","name":"PureJewels \u0130ngiltere","description":"Sevgiyi Payla\u015f\u0131n","publisher":{"@id":"https:\/\/www.purejewels.com\/#organization"},"potentialAction":[{"@type":"SearchAction","target":{"@type":"EntryPoint","urlTemplate":"https:\/\/www.purejewels.com\/?s={search_term_string}"},"query-input":{"@type":"PropertyValueSpecification","valueRequired":true,"valueName":"search_term_string"}}],"inLanguage":"tr"},{"@type":"Organization","@id":"https:\/\/www.purejewels.com\/#organization","name":"PureJewels \u0130ngiltere","url":"https:\/\/www.purejewels.com\/","logo":{"@type":"ImageObject","inLanguage":"tr","@id":"https:\/\/www.purejewels.com\/#\/schema\/logo\/image\/","url":"https:\/\/static.purejewels.com\/wp-content\/uploads\/2020\/11\/Logo-PJ-New-1.png","contentUrl":"https:\/\/static.purejewels.com\/wp-content\/uploads\/2020\/11\/Logo-PJ-New-1.png","width":150,"height":80,"caption":"PureJewels UK"},"image":{"@id":"https:\/\/www.purejewels.com\/#\/schema\/logo\/image\/"}}]}},"_links":{"self":[{"href":"https:\/\/www.purejewels.com\/tr\/wp-json\/wp\/v2\/product\/339818","targetHints":{"allow":["GET"]}}],"collection":[{"href":"https:\/\/www.purejewels.com\/tr\/wp-json\/wp\/v2\/product"}],"about":[{"href":"https:\/\/www.purejewels.com\/tr\/wp-json\/wp\/v2\/types\/product"}],"replies":[{"embeddable":true,"href":"https:\/\/www.purejewels.com\/tr\/wp-json\/wp\/v2\/comments?post=339818"}],"version-history":[{"count":1,"href":"https:\/\/www.purejewels.com\/tr\/wp-json\/wp\/v2\/product\/339818\/revisions"}],"predecessor-version":[{"id":387292,"href":"https:\/\/www.purejewels.com\/tr\/wp-json\/wp\/v2\/product\/339818\/revisions\/387292"}],"wp:featuredmedia":[{"embeddable":true,"href":"https:\/\/www.purejewels.com\/tr\/wp-json\/wp\/v2\/media\/351832"}],"wp:attachment":[{"href":"https:\/\/www.purejewels.com\/tr\/wp-json\/wp\/v2\/media?parent=339818"}],"wp:term":[{"taxonomy":"product_brand","embeddable":true,"href":"https:\/\/www.purejewels.com\/tr\/wp-json\/wp\/v2\/product_brand?post=339818"},{"taxonomy":"product_cat","embeddable":true,"href":"https:\/\/www.purejewels.com\/tr\/wp-json\/wp\/v2\/product_cat?post=339818"},{"taxonomy":"product_tag","embeddable":true,"href":"https:\/\/www.purejewels.com\/tr\/wp-json\/wp\/v2\/product_tag?post=339818"}],"curies":[{"name":"wp","href":"https:\/\/api.w.org\/{rel}","templated":true}]}}