{"id":339872,"date":"2025-12-15T10:51:22","date_gmt":"2025-12-15T10:51:22","guid":{"rendered":"https:\/\/www.purejewels.com\/?post_type=product&#038;p=339872"},"modified":"2026-02-11T13:31:07","modified_gmt":"2026-02-11T13:31:07","slug":"bayanlar-icin-22-ayar-altin-inci-bileklik-3-1mm-7-5-inc-50068","status":"publish","type":"product","link":"https:\/\/www.purejewels.com\/tr\/product\/22ct-gold-pearl-bracelet-for-ladies-3-1mm-7-5-inches-50068\/","title":{"rendered":"Bayanlar i\u00e7in 22 Ayar Alt\u0131n \u0130nci Bileklik | 7 \u0130n\u00e7"},"content":{"rendered":"<h4 data-start=\"423\" data-end=\"440\"><strong data-start=\"428\" data-end=\"438\">Tasar\u0131m<\/strong><\/h4>\n<p data-start=\"441\" data-end=\"766\">Bu bileklik, ince 22 ayar alt\u0131n ba\u011flant\u0131larla birbirine ba\u011flanan parlak incilerin ritmik bir d\u00fczenlemesiyle tasarlanm\u0131\u015ft\u0131r. Minimal ve havadar kompozisyon zarif bir siluet kazand\u0131r\u0131rken, incilerin yumu\u015fak parlakl\u0131\u011f\u0131na kar\u015f\u0131 alt\u0131n\u0131n \u0131\u015f\u0131lt\u0131s\u0131 zarif bir kontrast olu\u015fturur. Safl\u0131\u011f\u0131 ve zarafeti kutlayan abart\u0131s\u0131z bir tasar\u0131m.<\/p>\n<h4 data-start=\"768\" data-end=\"792\"><strong data-start=\"773\" data-end=\"790\">Zanaatkarl\u0131k<\/strong><\/h4>\n<p data-start=\"793\" data-end=\"1140\">Her bir inci \u00f6zenle elle dizilmi\u015f ve \u00f6zel yap\u0131m alt\u0131n ba\u011flant\u0131lar i\u00e7inde sabitlenerek hem sa\u011flaml\u0131k hem de hareket ak\u0131\u015fkanl\u0131\u011f\u0131 sa\u011flanm\u0131\u015ft\u0131r. Toka, i\u015flevselli\u011fi g\u00fczellikle harmanlayan som 22 ayar alt\u0131ndan \u00fcretilmi\u015ftir. \u0130ncilerin titizlikle hizalanmas\u0131, zanaatk\u00e2r\u0131n hassasiyet ve denge konusundaki g\u00f6z\u00fcn\u00fc yans\u0131tarak hem hafif hem de dayan\u0131kl\u0131 bir par\u00e7a sunuyor.<\/p>\n<h4 data-start=\"1142\" data-end=\"1160\"><strong data-start=\"1147\" data-end=\"1158\">\u015eekillendirme<\/strong><\/h4>\n<p data-start=\"1161\" data-end=\"1485\">Bilekliklerle kat kat takmak ya da ince bir ifade i\u00e7in tek ba\u015f\u0131na kullanmak i\u00e7in m\u00fckemmel olan bu bileklik, hem modern hem de geleneksel g\u00f6r\u00fcn\u00fcmlere zahmetsizce uyum sa\u011flar. Zarif bir g\u00fcnd\u00fcz stili i\u00e7in alt\u0131n zincirlerle ya da festival etkinlikleri i\u00e7in ince tak\u0131larla e\u015fle\u015ftirin. Klasik cazibesi, onu her m\u00fccevher koleksiyonuna \u00e7ok y\u00f6nl\u00fc bir katk\u0131 haline getirir.<\/p>\n<ul>\n<li>SKU. 50068, 50066<\/li>\n<li><b>Seri Kimli\u011fi YGBR317<\/b><\/li>\n<\/ul>","protected":false},"excerpt":{"rendered":"<p>\u0130nci ve 22 ayar alt\u0131n\u0131n zarif bir birle\u015fimi olan bu bileklik, zarafeti en yal\u0131n haliyle yans\u0131t\u0131yor. De\u011fi\u015fken alt\u0131n ba\u011flant\u0131lar ve parlak incilerle tasarlanan bu bileklik, g\u00fcnl\u00fck kullan\u0131mdan \u00f6zel g\u00fcnlere sorunsuzca ge\u00e7i\u015f yapan zamans\u0131z bir par\u00e7ad\u0131r.<\/p>\n<p><strong>SKU:<\/strong> 50068, 50066<br \/>\n<strong>A\u011f\u0131rl\u0131k:<\/strong> 5.4 Gms<br \/>\n<strong>Uzunluk:<\/strong> 7 \u0130n\u00e7<br \/>\n<strong>Metal:<\/strong>\u00a022 Ayar Alt\u0131n (91,6% saf alt\u0131n)<\/p>\n<p><strong>Hallmark:<\/strong>\u00a0Londra Tahlil Ofisi taraf\u0131ndan damgalanm\u0131\u015f 22 Ayar Alt\u0131n<br \/>\n<strong>Su\u00e7lamalar:<\/strong>\u00a0Teslimat ve KDV Dahil<\/p>\n<p><strong>Daha Fazla Bilgi<\/strong><br \/>\nM\u00fcsaitlik durumu ve daha fazla resim i\u00e7in bizimle canl\u0131 sohbet edin<\/p>","protected":false},"featured_media":340154,"comment_status":"closed","ping_status":"closed","template":"","meta":{"_eb_attr":"","_crsspst_to_jayantr4sg-hostcom":false},"product_brand":[],"product_cat":[1791,5441,1559,1794,1793,1792,1324,1229,5456,1569,1573,1574,5349],"product_tag":[],"class_list":{"0":"post-339872","1":"product","2":"type-product","3":"status-publish","4":"has-post-thumbnail","6":"product_cat-anniversary-gifts","7":"product_cat-gold-bead-bracelets","8":"product_cat-birthday-gifts","9":"product_cat-christmas-gifts","10":"product_cat-diwali-gifts","11":"product_cat-festival-gifts","12":"product_cat-gold-bracelet","13":"product_cat-22ct-gold-jewellery","14":"product_cat-pearl-collection","15":"product_cat-valentine-day-gifts","16":"product_cat-wedding-gifts","17":"product_cat-womens-jewellery","18":"product_cat-yellow-gold-jewellery","20":"first","21":"instock","22":"taxable","23":"shipping-taxable","24":"purchasable","25":"product-type-simple","26":"add-to-wishlist-before_image"},"yoast_head":"<!-- This site is optimized with the Yoast SEO plugin v27.5 - https:\/\/yoast.com\/product\/yoast-seo-wordpress\/ -->\n<title>22ct Gold Pearl Bracelet for special occasions | PureJewels Uk<\/title>\n<meta name=\"description\" content=\"This unique and stunning gold pearl Bracelet is the perfect jewellery gift for her. Visit PureJewels to browse our pearl collection.\" \/>\n<meta name=\"robots\" content=\"index, follow, max-snippet:-1, max-image-preview:large, max-video-preview:-1\" \/>\n<link rel=\"canonical\" href=\"https:\/\/www.purejewels.com\/tr\/urun\/bayanlar-icin-22-ayar-altin-inci-bileklik-3-1mm-7-5-inc-50068\/\" \/>\n<meta property=\"og:locale\" content=\"tr_TR\" \/>\n<meta property=\"og:type\" content=\"article\" \/>\n<meta property=\"og:title\" content=\"22ct Gold Pearl Bracelet for special occasions | PureJewels Uk\" \/>\n<meta property=\"og:description\" content=\"This unique and stunning gold pearl Bracelet is the perfect jewellery gift for her. Visit PureJewels to browse our pearl collection.\" \/>\n<meta property=\"og:url\" content=\"https:\/\/www.purejewels.com\/tr\/urun\/bayanlar-icin-22-ayar-altin-inci-bileklik-3-1mm-7-5-inc-50068\/\" \/>\n<meta property=\"og:site_name\" content=\"PureJewels UK\" \/>\n<meta property=\"article:modified_time\" content=\"2026-02-11T13:31:07+00:00\" \/>\n<meta property=\"og:image\" content=\"https:\/\/static.purejewels.com\/wp-content\/uploads\/2022\/10\/43612-1-1.jpg\" \/>\n\t<meta property=\"og:image:width\" content=\"1000\" \/>\n\t<meta property=\"og:image:height\" content=\"1000\" \/>\n\t<meta property=\"og:image:type\" content=\"image\/jpeg\" \/>\n<meta name=\"twitter:card\" content=\"summary_large_image\" \/>\n<meta name=\"twitter:label1\" content=\"Tahmini okuma s\u00fcresi\" \/>\n\t<meta name=\"twitter:data1\" content=\"1 dakika\" \/>\n<script type=\"application\/ld+json\" class=\"yoast-schema-graph\">{\"@context\":\"https:\\\/\\\/schema.org\",\"@graph\":[{\"@type\":[\"WebPage\",\"ItemPage\"],\"@id\":\"https:\\\/\\\/www.purejewels.com\\\/product\\\/22ct-gold-pearl-bracelet-for-ladies-3-1mm-7-5-inches-50068\\\/\",\"url\":\"https:\\\/\\\/www.purejewels.com\\\/product\\\/22ct-gold-pearl-bracelet-for-ladies-3-1mm-7-5-inches-50068\\\/\",\"name\":\"22ct Gold Pearl Bracelet for special occasions | PureJewels Uk\",\"isPartOf\":{\"@id\":\"https:\\\/\\\/www.purejewels.com\\\/#website\"},\"primaryImageOfPage\":{\"@id\":\"https:\\\/\\\/www.purejewels.com\\\/product\\\/22ct-gold-pearl-bracelet-for-ladies-3-1mm-7-5-inches-50068\\\/#primaryimage\"},\"image\":{\"@id\":\"https:\\\/\\\/www.purejewels.com\\\/product\\\/22ct-gold-pearl-bracelet-for-ladies-3-1mm-7-5-inches-50068\\\/#primaryimage\"},\"thumbnailUrl\":\"https:\\\/\\\/static.purejewels.com\\\/wp-content\\\/uploads\\\/2022\\\/10\\\/43612-1-1.jpg\",\"datePublished\":\"2025-12-15T10:51:22+00:00\",\"dateModified\":\"2026-02-11T13:31:07+00:00\",\"description\":\"This unique and stunning gold pearl Bracelet is the perfect jewellery gift for her. Visit PureJewels to browse our pearl collection.\",\"breadcrumb\":{\"@id\":\"https:\\\/\\\/www.purejewels.com\\\/product\\\/22ct-gold-pearl-bracelet-for-ladies-3-1mm-7-5-inches-50068\\\/#breadcrumb\"},\"inLanguage\":\"tr\",\"potentialAction\":[{\"@type\":\"ReadAction\",\"target\":[\"https:\\\/\\\/www.purejewels.com\\\/product\\\/22ct-gold-pearl-bracelet-for-ladies-3-1mm-7-5-inches-50068\\\/\"]}]},{\"@type\":\"ImageObject\",\"inLanguage\":\"tr\",\"@id\":\"https:\\\/\\\/www.purejewels.com\\\/product\\\/22ct-gold-pearl-bracelet-for-ladies-3-1mm-7-5-inches-50068\\\/#primaryimage\",\"url\":\"https:\\\/\\\/static.purejewels.com\\\/wp-content\\\/uploads\\\/2022\\\/10\\\/43612-1-1.jpg\",\"contentUrl\":\"https:\\\/\\\/static.purejewels.com\\\/wp-content\\\/uploads\\\/2022\\\/10\\\/43612-1-1.jpg\",\"width\":1000,\"height\":1000},{\"@type\":\"BreadcrumbList\",\"@id\":\"https:\\\/\\\/www.purejewels.com\\\/product\\\/22ct-gold-pearl-bracelet-for-ladies-3-1mm-7-5-inches-50068\\\/#breadcrumb\",\"itemListElement\":[{\"@type\":\"ListItem\",\"position\":1,\"name\":\"Home\",\"item\":\"https:\\\/\\\/www.purejewels.com\\\/\"},{\"@type\":\"ListItem\",\"position\":2,\"name\":\"Shop\",\"item\":\"https:\\\/\\\/www.purejewels.com\\\/shop\\\/\"},{\"@type\":\"ListItem\",\"position\":3,\"name\":\"22ct Gold Pearl Bracelet for Ladies | 7 Inches\"}]},{\"@type\":\"WebSite\",\"@id\":\"https:\\\/\\\/www.purejewels.com\\\/#website\",\"url\":\"https:\\\/\\\/www.purejewels.com\\\/\",\"name\":\"PureJewels UK\",\"description\":\"Share the Love\",\"publisher\":{\"@id\":\"https:\\\/\\\/www.purejewels.com\\\/#organization\"},\"potentialAction\":[{\"@type\":\"SearchAction\",\"target\":{\"@type\":\"EntryPoint\",\"urlTemplate\":\"https:\\\/\\\/www.purejewels.com\\\/?s={search_term_string}\"},\"query-input\":{\"@type\":\"PropertyValueSpecification\",\"valueRequired\":true,\"valueName\":\"search_term_string\"}}],\"inLanguage\":\"tr\"},{\"@type\":\"Organization\",\"@id\":\"https:\\\/\\\/www.purejewels.com\\\/#organization\",\"name\":\"PureJewels UK\",\"url\":\"https:\\\/\\\/www.purejewels.com\\\/\",\"logo\":{\"@type\":\"ImageObject\",\"inLanguage\":\"tr\",\"@id\":\"https:\\\/\\\/www.purejewels.com\\\/#\\\/schema\\\/logo\\\/image\\\/\",\"url\":\"https:\\\/\\\/static.purejewels.com\\\/wp-content\\\/uploads\\\/2020\\\/11\\\/Logo-PJ-New-1.png\",\"contentUrl\":\"https:\\\/\\\/static.purejewels.com\\\/wp-content\\\/uploads\\\/2020\\\/11\\\/Logo-PJ-New-1.png\",\"width\":150,\"height\":80,\"caption\":\"PureJewels UK\"},\"image\":{\"@id\":\"https:\\\/\\\/www.purejewels.com\\\/#\\\/schema\\\/logo\\\/image\\\/\"}}]}<\/script>\n<!-- \/ Yoast SEO plugin. -->","yoast_head_json":{"title":"\u00d6zel g\u00fcnler i\u00e7in 22 Ayar Alt\u0131n \u0130nci Bileklik | PureJewels Uk","description":"Bu e\u015fsiz ve \u00e7arp\u0131c\u0131 alt\u0131n inci bileklik onun i\u00e7in m\u00fckemmel bir m\u00fccevher hediyesidir. \u0130nci koleksiyonumuza g\u00f6z atmak i\u00e7in PureJewels'i ziyaret edin.","robots":{"index":"index","follow":"follow","max-snippet":"max-snippet:-1","max-image-preview":"max-image-preview:large","max-video-preview":"max-video-preview:-1"},"canonical":"https:\/\/www.purejewels.com\/tr\/urun\/bayanlar-icin-22-ayar-altin-inci-bileklik-3-1mm-7-5-inc-50068\/","og_locale":"tr_TR","og_type":"article","og_title":"22ct Gold Pearl Bracelet for special occasions | PureJewels Uk","og_description":"This unique and stunning gold pearl Bracelet is the perfect jewellery gift for her. Visit PureJewels to browse our pearl collection.","og_url":"https:\/\/www.purejewels.com\/tr\/urun\/bayanlar-icin-22-ayar-altin-inci-bileklik-3-1mm-7-5-inc-50068\/","og_site_name":"PureJewels UK","article_modified_time":"2026-02-11T13:31:07+00:00","og_image":[{"width":1000,"height":1000,"url":"https:\/\/static.purejewels.com\/wp-content\/uploads\/2022\/10\/43612-1-1.jpg","type":"image\/jpeg"}],"twitter_card":"summary_large_image","twitter_misc":{"Tahmini okuma s\u00fcresi":"1 dakika"},"schema":{"@context":"https:\/\/schema.org","@graph":[{"@type":["WebPage","ItemPage"],"@id":"https:\/\/www.purejewels.com\/product\/22ct-gold-pearl-bracelet-for-ladies-3-1mm-7-5-inches-50068\/","url":"https:\/\/www.purejewels.com\/product\/22ct-gold-pearl-bracelet-for-ladies-3-1mm-7-5-inches-50068\/","name":"\u00d6zel g\u00fcnler i\u00e7in 22 Ayar Alt\u0131n \u0130nci Bileklik | PureJewels Uk","isPartOf":{"@id":"https:\/\/www.purejewels.com\/#website"},"primaryImageOfPage":{"@id":"https:\/\/www.purejewels.com\/product\/22ct-gold-pearl-bracelet-for-ladies-3-1mm-7-5-inches-50068\/#primaryimage"},"image":{"@id":"https:\/\/www.purejewels.com\/product\/22ct-gold-pearl-bracelet-for-ladies-3-1mm-7-5-inches-50068\/#primaryimage"},"thumbnailUrl":"https:\/\/static.purejewels.com\/wp-content\/uploads\/2022\/10\/43612-1-1.jpg","datePublished":"2025-12-15T10:51:22+00:00","dateModified":"2026-02-11T13:31:07+00:00","description":"Bu e\u015fsiz ve \u00e7arp\u0131c\u0131 alt\u0131n inci bileklik onun i\u00e7in m\u00fckemmel bir m\u00fccevher hediyesidir. \u0130nci koleksiyonumuza g\u00f6z atmak i\u00e7in PureJewels'i ziyaret edin.","breadcrumb":{"@id":"https:\/\/www.purejewels.com\/product\/22ct-gold-pearl-bracelet-for-ladies-3-1mm-7-5-inches-50068\/#breadcrumb"},"inLanguage":"tr","potentialAction":[{"@type":"ReadAction","target":["https:\/\/www.purejewels.com\/product\/22ct-gold-pearl-bracelet-for-ladies-3-1mm-7-5-inches-50068\/"]}]},{"@type":"ImageObject","inLanguage":"tr","@id":"https:\/\/www.purejewels.com\/product\/22ct-gold-pearl-bracelet-for-ladies-3-1mm-7-5-inches-50068\/#primaryimage","url":"https:\/\/static.purejewels.com\/wp-content\/uploads\/2022\/10\/43612-1-1.jpg","contentUrl":"https:\/\/static.purejewels.com\/wp-content\/uploads\/2022\/10\/43612-1-1.jpg","width":1000,"height":1000},{"@type":"BreadcrumbList","@id":"https:\/\/www.purejewels.com\/product\/22ct-gold-pearl-bracelet-for-ladies-3-1mm-7-5-inches-50068\/#breadcrumb","itemListElement":[{"@type":"ListItem","position":1,"name":"Home","item":"https:\/\/www.purejewels.com\/"},{"@type":"ListItem","position":2,"name":"Shop","item":"https:\/\/www.purejewels.com\/shop\/"},{"@type":"ListItem","position":3,"name":"22ct Gold Pearl Bracelet for Ladies | 7 Inches"}]},{"@type":"WebSite","@id":"https:\/\/www.purejewels.com\/#website","url":"https:\/\/www.purejewels.com\/","name":"PureJewels \u0130ngiltere","description":"Sevgiyi Payla\u015f\u0131n","publisher":{"@id":"https:\/\/www.purejewels.com\/#organization"},"potentialAction":[{"@type":"SearchAction","target":{"@type":"EntryPoint","urlTemplate":"https:\/\/www.purejewels.com\/?s={search_term_string}"},"query-input":{"@type":"PropertyValueSpecification","valueRequired":true,"valueName":"search_term_string"}}],"inLanguage":"tr"},{"@type":"Organization","@id":"https:\/\/www.purejewels.com\/#organization","name":"PureJewels \u0130ngiltere","url":"https:\/\/www.purejewels.com\/","logo":{"@type":"ImageObject","inLanguage":"tr","@id":"https:\/\/www.purejewels.com\/#\/schema\/logo\/image\/","url":"https:\/\/static.purejewels.com\/wp-content\/uploads\/2020\/11\/Logo-PJ-New-1.png","contentUrl":"https:\/\/static.purejewels.com\/wp-content\/uploads\/2020\/11\/Logo-PJ-New-1.png","width":150,"height":80,"caption":"PureJewels UK"},"image":{"@id":"https:\/\/www.purejewels.com\/#\/schema\/logo\/image\/"}}]}},"_links":{"self":[{"href":"https:\/\/www.purejewels.com\/tr\/wp-json\/wp\/v2\/product\/339872","targetHints":{"allow":["GET"]}}],"collection":[{"href":"https:\/\/www.purejewels.com\/tr\/wp-json\/wp\/v2\/product"}],"about":[{"href":"https:\/\/www.purejewels.com\/tr\/wp-json\/wp\/v2\/types\/product"}],"replies":[{"embeddable":true,"href":"https:\/\/www.purejewels.com\/tr\/wp-json\/wp\/v2\/comments?post=339872"}],"version-history":[{"count":4,"href":"https:\/\/www.purejewels.com\/tr\/wp-json\/wp\/v2\/product\/339872\/revisions"}],"predecessor-version":[{"id":415773,"href":"https:\/\/www.purejewels.com\/tr\/wp-json\/wp\/v2\/product\/339872\/revisions\/415773"}],"wp:featuredmedia":[{"embeddable":true,"href":"https:\/\/www.purejewels.com\/tr\/wp-json\/wp\/v2\/media\/340154"}],"wp:attachment":[{"href":"https:\/\/www.purejewels.com\/tr\/wp-json\/wp\/v2\/media?parent=339872"}],"wp:term":[{"taxonomy":"product_brand","embeddable":true,"href":"https:\/\/www.purejewels.com\/tr\/wp-json\/wp\/v2\/product_brand?post=339872"},{"taxonomy":"product_cat","embeddable":true,"href":"https:\/\/www.purejewels.com\/tr\/wp-json\/wp\/v2\/product_cat?post=339872"},{"taxonomy":"product_tag","embeddable":true,"href":"https:\/\/www.purejewels.com\/tr\/wp-json\/wp\/v2\/product_tag?post=339872"}],"curies":[{"name":"wp","href":"https:\/\/api.w.org\/{rel}","templated":true}]}}