{"id":339876,"date":"2022-10-18T11:04:24","date_gmt":"2022-10-18T10:04:24","guid":{"rendered":"https:\/\/www.purejewels.com\/?post_type=product&#038;p=339876"},"modified":"2025-08-08T12:53:04","modified_gmt":"2025-08-08T11:53:04","slug":"bayanlar-icin-22-ayar-altin-inci-zincir-19-inc-3-1mm-orta-agirlik-43597","status":"publish","type":"product","link":"https:\/\/www.purejewels.com\/tr\/product\/22ct-gold-pearls-chain-for-ladie-s-19-inches-3-1mm-mediumweight-43597\/","title":{"rendered":"Bayanlar i\u00e7in 22 Ayar Alt\u0131n \u0130nci Zincir | 19 \u0130n\u00e7 | 3,1mm"},"content":{"rendered":"<ul>\n<li>A\u011f\u0131rl\u0131k 8,8 gms<\/li>\n<li>SKU. 43597<\/li>\n<\/ul>","protected":false},"excerpt":{"rendered":"<ul>\n<li>22 Ayar Alt\u0131n \u0130nci Zincir<\/li>\n<li>A\u011f\u0131rl\u0131k 8,8 gms<\/li>\n<li>SKU. 43597<\/li>\n<li>T\u00fcm fiyatlara KDV dahildir<\/li>\n<li>Londra Tahlil Ofisi Taraf\u0131ndan Damgalanm\u0131\u015f 22 Ayar Alt\u0131n<\/li>\n<li>Sunum Kutusu ile Birlikte Gelir<\/li>\n<li>Teslimat Dahil<\/li>\n<li>Stok durumu ve stokta bulunan benzer tasar\u0131mlar\u0131n daha fazla g\u00f6r\u00fcnt\u00fcs\u00fc i\u00e7in bizimle canl\u0131 sohbet edin<\/li>\n<\/ul>","protected":false},"featured_media":340172,"comment_status":"closed","ping_status":"closed","template":"","meta":{"_eb_attr":"","_crsspst_to_jayantr4sg-hostcom":false},"product_brand":[],"product_cat":[5264,1791,1617,1559,5313,1475,1773,1570,5456,5338,1573],"product_tag":[],"class_list":{"0":"post-339876","1":"product","2":"type-product","3":"status-publish","4":"has-post-thumbnail","6":"product_cat-22ct-gold-chain","7":"product_cat-anniversary-gifts","8":"product_cat-fancy-mala-chains","9":"product_cat-birthday-gifts","10":"product_cat-chains-2","11":"product_cat-gold-chains","12":"product_cat-ladies-chains","13":"product_cat-mothers-day-gifts","14":"product_cat-pearl-collection","15":"product_cat-shop-by-price","16":"product_cat-wedding-gifts","18":"first","19":"onbackorder","20":"taxable","21":"shipping-taxable","22":"product-type-simple","23":"add-to-wishlist-before_image"},"yoast_head":"<!-- This site is optimized with the Yoast SEO plugin v27.3 - https:\/\/yoast.com\/product\/yoast-seo-wordpress\/ -->\n<title>22ct Gold Pearl Chain for special occasions | 19 Inches<\/title>\n<meta name=\"description\" content=\"Our stunning gold Pearl chain is the perfect jewellery gift for her. This elegant chain is perfect for a bride. | Online UK\" \/>\n<meta name=\"robots\" content=\"index, follow, max-snippet:-1, max-image-preview:large, max-video-preview:-1\" \/>\n<link rel=\"canonical\" href=\"https:\/\/www.purejewels.com\/tr\/urun\/bayanlar-icin-22-ayar-altin-inci-zincir-19-inc-3-1mm-orta-agirlik-43597\/\" \/>\n<meta property=\"og:locale\" content=\"tr_TR\" \/>\n<meta property=\"og:type\" content=\"article\" \/>\n<meta property=\"og:title\" content=\"22ct Gold Pearl Chain for special occasions | 19 Inches\" \/>\n<meta property=\"og:description\" content=\"Our stunning gold Pearl chain is the perfect jewellery gift for her. This elegant chain is perfect for a bride. | Online UK\" \/>\n<meta property=\"og:url\" content=\"https:\/\/www.purejewels.com\/tr\/urun\/bayanlar-icin-22-ayar-altin-inci-zincir-19-inc-3-1mm-orta-agirlik-43597\/\" \/>\n<meta property=\"og:site_name\" content=\"PureJewels UK\" \/>\n<meta property=\"article:modified_time\" content=\"2025-08-08T11:53:04+00:00\" \/>\n<meta property=\"og:image\" content=\"https:\/\/www.purejewels.com\/wp-content\/uploads\/2022\/10\/43597-43596-2-1.jpg\" \/>\n\t<meta property=\"og:image:width\" content=\"1000\" \/>\n\t<meta property=\"og:image:height\" content=\"1000\" \/>\n\t<meta property=\"og:image:type\" content=\"image\/jpeg\" \/>\n<meta name=\"twitter:card\" content=\"summary_large_image\" \/>\n<meta name=\"twitter:label1\" content=\"Tahmini okuma s\u00fcresi\" \/>\n\t<meta name=\"twitter:data1\" content=\"1 dakika\" \/>\n<script type=\"application\/ld+json\" class=\"yoast-schema-graph\">{\"@context\":\"https:\\\/\\\/schema.org\",\"@graph\":[{\"@type\":[\"WebPage\",\"ItemPage\"],\"@id\":\"https:\\\/\\\/www.purejewels.com\\\/product\\\/22ct-gold-pearls-chain-for-ladie-s-19-inches-3-1mm-mediumweight-43597\\\/\",\"url\":\"https:\\\/\\\/www.purejewels.com\\\/product\\\/22ct-gold-pearls-chain-for-ladie-s-19-inches-3-1mm-mediumweight-43597\\\/\",\"name\":\"22ct Gold Pearl Chain for special occasions | 19 Inches\",\"isPartOf\":{\"@id\":\"https:\\\/\\\/www.purejewels.com\\\/#website\"},\"primaryImageOfPage\":{\"@id\":\"https:\\\/\\\/www.purejewels.com\\\/product\\\/22ct-gold-pearls-chain-for-ladie-s-19-inches-3-1mm-mediumweight-43597\\\/#primaryimage\"},\"image\":{\"@id\":\"https:\\\/\\\/www.purejewels.com\\\/product\\\/22ct-gold-pearls-chain-for-ladie-s-19-inches-3-1mm-mediumweight-43597\\\/#primaryimage\"},\"thumbnailUrl\":\"https:\\\/\\\/static.purejewels.com\\\/wp-content\\\/uploads\\\/2022\\\/10\\\/43597-43596-2-1.jpg\",\"datePublished\":\"2022-10-18T10:04:24+00:00\",\"dateModified\":\"2025-08-08T11:53:04+00:00\",\"description\":\"Our stunning gold Pearl chain is the perfect jewellery gift for her. This elegant chain is perfect for a bride. | Online UK\",\"breadcrumb\":{\"@id\":\"https:\\\/\\\/www.purejewels.com\\\/product\\\/22ct-gold-pearls-chain-for-ladie-s-19-inches-3-1mm-mediumweight-43597\\\/#breadcrumb\"},\"inLanguage\":\"tr\",\"potentialAction\":[{\"@type\":\"ReadAction\",\"target\":[\"https:\\\/\\\/www.purejewels.com\\\/product\\\/22ct-gold-pearls-chain-for-ladie-s-19-inches-3-1mm-mediumweight-43597\\\/\"]}]},{\"@type\":\"ImageObject\",\"inLanguage\":\"tr\",\"@id\":\"https:\\\/\\\/www.purejewels.com\\\/product\\\/22ct-gold-pearls-chain-for-ladie-s-19-inches-3-1mm-mediumweight-43597\\\/#primaryimage\",\"url\":\"https:\\\/\\\/static.purejewels.com\\\/wp-content\\\/uploads\\\/2022\\\/10\\\/43597-43596-2-1.jpg\",\"contentUrl\":\"https:\\\/\\\/static.purejewels.com\\\/wp-content\\\/uploads\\\/2022\\\/10\\\/43597-43596-2-1.jpg\",\"width\":1000,\"height\":1000,\"caption\":\"Pearl Jewellery\"},{\"@type\":\"BreadcrumbList\",\"@id\":\"https:\\\/\\\/www.purejewels.com\\\/product\\\/22ct-gold-pearls-chain-for-ladie-s-19-inches-3-1mm-mediumweight-43597\\\/#breadcrumb\",\"itemListElement\":[{\"@type\":\"ListItem\",\"position\":1,\"name\":\"Home\",\"item\":\"https:\\\/\\\/www.purejewels.com\\\/\"},{\"@type\":\"ListItem\",\"position\":2,\"name\":\"Shop\",\"item\":\"https:\\\/\\\/www.purejewels.com\\\/shop\\\/\"},{\"@type\":\"ListItem\",\"position\":3,\"name\":\"22ct Gold Pearl Chain for Ladies | 19 Inches | 3.1mm\"}]},{\"@type\":\"WebSite\",\"@id\":\"https:\\\/\\\/www.purejewels.com\\\/#website\",\"url\":\"https:\\\/\\\/www.purejewels.com\\\/\",\"name\":\"PureJewels UK\",\"description\":\"Share the Love\",\"publisher\":{\"@id\":\"https:\\\/\\\/www.purejewels.com\\\/#organization\"},\"potentialAction\":[{\"@type\":\"SearchAction\",\"target\":{\"@type\":\"EntryPoint\",\"urlTemplate\":\"https:\\\/\\\/www.purejewels.com\\\/?s={search_term_string}\"},\"query-input\":{\"@type\":\"PropertyValueSpecification\",\"valueRequired\":true,\"valueName\":\"search_term_string\"}}],\"inLanguage\":\"tr\"},{\"@type\":\"Organization\",\"@id\":\"https:\\\/\\\/www.purejewels.com\\\/#organization\",\"name\":\"PureJewels UK\",\"url\":\"https:\\\/\\\/www.purejewels.com\\\/\",\"logo\":{\"@type\":\"ImageObject\",\"inLanguage\":\"tr\",\"@id\":\"https:\\\/\\\/www.purejewels.com\\\/#\\\/schema\\\/logo\\\/image\\\/\",\"url\":\"https:\\\/\\\/static.purejewels.com\\\/wp-content\\\/uploads\\\/2020\\\/11\\\/Logo-PJ-New-1.png\",\"contentUrl\":\"https:\\\/\\\/static.purejewels.com\\\/wp-content\\\/uploads\\\/2020\\\/11\\\/Logo-PJ-New-1.png\",\"width\":150,\"height\":80,\"caption\":\"PureJewels UK\"},\"image\":{\"@id\":\"https:\\\/\\\/www.purejewels.com\\\/#\\\/schema\\\/logo\\\/image\\\/\"}}]}<\/script>\n<!-- \/ Yoast SEO plugin. -->","yoast_head_json":{"title":"\u00d6zel g\u00fcnler i\u00e7in 22 Ayar Alt\u0131n \u0130nci Zincir | 19 \u0130n\u00e7","description":"\u00c7arp\u0131c\u0131 alt\u0131n \u0130nci zincirimiz onun i\u00e7in m\u00fckemmel bir m\u00fccevher hediyesidir. Bu zarif zincir bir gelin i\u00e7in m\u00fckemmeldir. | Online \u0130ngiltere","robots":{"index":"index","follow":"follow","max-snippet":"max-snippet:-1","max-image-preview":"max-image-preview:large","max-video-preview":"max-video-preview:-1"},"canonical":"https:\/\/www.purejewels.com\/tr\/urun\/bayanlar-icin-22-ayar-altin-inci-zincir-19-inc-3-1mm-orta-agirlik-43597\/","og_locale":"tr_TR","og_type":"article","og_title":"22ct Gold Pearl Chain for special occasions | 19 Inches","og_description":"Our stunning gold Pearl chain is the perfect jewellery gift for her. This elegant chain is perfect for a bride. | Online UK","og_url":"https:\/\/www.purejewels.com\/tr\/urun\/bayanlar-icin-22-ayar-altin-inci-zincir-19-inc-3-1mm-orta-agirlik-43597\/","og_site_name":"PureJewels UK","article_modified_time":"2025-08-08T11:53:04+00:00","og_image":[{"width":1000,"height":1000,"url":"https:\/\/www.purejewels.com\/wp-content\/uploads\/2022\/10\/43597-43596-2-1.jpg","type":"image\/jpeg"}],"twitter_card":"summary_large_image","twitter_misc":{"Tahmini okuma s\u00fcresi":"1 dakika"},"schema":{"@context":"https:\/\/schema.org","@graph":[{"@type":["WebPage","ItemPage"],"@id":"https:\/\/www.purejewels.com\/product\/22ct-gold-pearls-chain-for-ladie-s-19-inches-3-1mm-mediumweight-43597\/","url":"https:\/\/www.purejewels.com\/product\/22ct-gold-pearls-chain-for-ladie-s-19-inches-3-1mm-mediumweight-43597\/","name":"\u00d6zel g\u00fcnler i\u00e7in 22 Ayar Alt\u0131n \u0130nci Zincir | 19 \u0130n\u00e7","isPartOf":{"@id":"https:\/\/www.purejewels.com\/#website"},"primaryImageOfPage":{"@id":"https:\/\/www.purejewels.com\/product\/22ct-gold-pearls-chain-for-ladie-s-19-inches-3-1mm-mediumweight-43597\/#primaryimage"},"image":{"@id":"https:\/\/www.purejewels.com\/product\/22ct-gold-pearls-chain-for-ladie-s-19-inches-3-1mm-mediumweight-43597\/#primaryimage"},"thumbnailUrl":"https:\/\/static.purejewels.com\/wp-content\/uploads\/2022\/10\/43597-43596-2-1.jpg","datePublished":"2022-10-18T10:04:24+00:00","dateModified":"2025-08-08T11:53:04+00:00","description":"\u00c7arp\u0131c\u0131 alt\u0131n \u0130nci zincirimiz onun i\u00e7in m\u00fckemmel bir m\u00fccevher hediyesidir. Bu zarif zincir bir gelin i\u00e7in m\u00fckemmeldir. | Online \u0130ngiltere","breadcrumb":{"@id":"https:\/\/www.purejewels.com\/product\/22ct-gold-pearls-chain-for-ladie-s-19-inches-3-1mm-mediumweight-43597\/#breadcrumb"},"inLanguage":"tr","potentialAction":[{"@type":"ReadAction","target":["https:\/\/www.purejewels.com\/product\/22ct-gold-pearls-chain-for-ladie-s-19-inches-3-1mm-mediumweight-43597\/"]}]},{"@type":"ImageObject","inLanguage":"tr","@id":"https:\/\/www.purejewels.com\/product\/22ct-gold-pearls-chain-for-ladie-s-19-inches-3-1mm-mediumweight-43597\/#primaryimage","url":"https:\/\/static.purejewels.com\/wp-content\/uploads\/2022\/10\/43597-43596-2-1.jpg","contentUrl":"https:\/\/static.purejewels.com\/wp-content\/uploads\/2022\/10\/43597-43596-2-1.jpg","width":1000,"height":1000,"caption":"Pearl Jewellery"},{"@type":"BreadcrumbList","@id":"https:\/\/www.purejewels.com\/product\/22ct-gold-pearls-chain-for-ladie-s-19-inches-3-1mm-mediumweight-43597\/#breadcrumb","itemListElement":[{"@type":"ListItem","position":1,"name":"Home","item":"https:\/\/www.purejewels.com\/"},{"@type":"ListItem","position":2,"name":"Shop","item":"https:\/\/www.purejewels.com\/shop\/"},{"@type":"ListItem","position":3,"name":"22ct Gold Pearl Chain for Ladies | 19 Inches | 3.1mm"}]},{"@type":"WebSite","@id":"https:\/\/www.purejewels.com\/#website","url":"https:\/\/www.purejewels.com\/","name":"PureJewels \u0130ngiltere","description":"Sevgiyi Payla\u015f\u0131n","publisher":{"@id":"https:\/\/www.purejewels.com\/#organization"},"potentialAction":[{"@type":"SearchAction","target":{"@type":"EntryPoint","urlTemplate":"https:\/\/www.purejewels.com\/?s={search_term_string}"},"query-input":{"@type":"PropertyValueSpecification","valueRequired":true,"valueName":"search_term_string"}}],"inLanguage":"tr"},{"@type":"Organization","@id":"https:\/\/www.purejewels.com\/#organization","name":"PureJewels \u0130ngiltere","url":"https:\/\/www.purejewels.com\/","logo":{"@type":"ImageObject","inLanguage":"tr","@id":"https:\/\/www.purejewels.com\/#\/schema\/logo\/image\/","url":"https:\/\/static.purejewels.com\/wp-content\/uploads\/2020\/11\/Logo-PJ-New-1.png","contentUrl":"https:\/\/static.purejewels.com\/wp-content\/uploads\/2020\/11\/Logo-PJ-New-1.png","width":150,"height":80,"caption":"PureJewels UK"},"image":{"@id":"https:\/\/www.purejewels.com\/#\/schema\/logo\/image\/"}}]}},"_links":{"self":[{"href":"https:\/\/www.purejewels.com\/tr\/wp-json\/wp\/v2\/product\/339876","targetHints":{"allow":["GET"]}}],"collection":[{"href":"https:\/\/www.purejewels.com\/tr\/wp-json\/wp\/v2\/product"}],"about":[{"href":"https:\/\/www.purejewels.com\/tr\/wp-json\/wp\/v2\/types\/product"}],"replies":[{"embeddable":true,"href":"https:\/\/www.purejewels.com\/tr\/wp-json\/wp\/v2\/comments?post=339876"}],"version-history":[{"count":1,"href":"https:\/\/www.purejewels.com\/tr\/wp-json\/wp\/v2\/product\/339876\/revisions"}],"predecessor-version":[{"id":363734,"href":"https:\/\/www.purejewels.com\/tr\/wp-json\/wp\/v2\/product\/339876\/revisions\/363734"}],"wp:featuredmedia":[{"embeddable":true,"href":"https:\/\/www.purejewels.com\/tr\/wp-json\/wp\/v2\/media\/340172"}],"wp:attachment":[{"href":"https:\/\/www.purejewels.com\/tr\/wp-json\/wp\/v2\/media?parent=339876"}],"wp:term":[{"taxonomy":"product_brand","embeddable":true,"href":"https:\/\/www.purejewels.com\/tr\/wp-json\/wp\/v2\/product_brand?post=339876"},{"taxonomy":"product_cat","embeddable":true,"href":"https:\/\/www.purejewels.com\/tr\/wp-json\/wp\/v2\/product_cat?post=339876"},{"taxonomy":"product_tag","embeddable":true,"href":"https:\/\/www.purejewels.com\/tr\/wp-json\/wp\/v2\/product_tag?post=339876"}],"curies":[{"name":"wp","href":"https:\/\/api.w.org\/{rel}","templated":true}]}}