{"id":340001,"date":"2021-05-19T12:51:59","date_gmt":"2021-05-19T11:51:59","guid":{"rendered":"https:\/\/www.purejewels.com\/?post_type=product&#038;p=340001"},"modified":"2025-10-08T10:51:30","modified_gmt":"2025-10-08T09:51:30","slug":"baird-co-made-fine-pure-gold-bar-1oz-odeme-linki","status":"publish","type":"product","link":"https:\/\/www.purejewels.com\/tr\/product\/baird-co-made-fine-pure-gold-bar-1oz-payment-link\/","title":{"rendered":"Baird &amp; Co. Yap\u0131m\u0131 \u0130nce Saf Alt\u0131n K\u00fcl\u00e7e 1oz"},"content":{"rendered":"<p>[vc_row][vc_column][vc_column_text]<\/p>\n<p class=\"product_title entry-title\">Baird &amp; Co. Made Fine Gold Bar<\/p>\n<p>24Ct Gold[\/vc_column_text][\/vc_column][\/vc_row]<\/p>\n","protected":false},"excerpt":{"rendered":"<p>Baird &amp; Co 1 ons alt\u0131n k\u00fcl\u00e7e uluslararas\u0131 kabul g\u00f6rm\u00fc\u015f 999.9 standartlar\u0131na g\u00f6re \u00fcretilir ve Baird &amp; Co. i\u015fareti, a\u011f\u0131rl\u0131\u011f\u0131 ve inceli\u011fini ta\u015f\u0131r. K\u00fcl\u00e7eler m\u00fch\u00fcrl\u00fc, kurcalamaya dayan\u0131kl\u0131 ambalajlarda sunulur.<\/p>\n<p><strong>METAL<\/strong>\u00a0Saf \u0130nce Alt\u0131n 999,9<\/p>\n<p><strong>A\u011eIRLIK <\/strong>1 oz<\/p>\n<section class=\"product\">\n<div class=\"container\">\n<div class=\"row\">\n<div class=\"col-xs-24 col-md-12\">\n<div class=\"product__info\">\n<div class=\"product__spec\">\n<div class=\"row row-flex\">\n<div class=\"col-xs-24\"><strong>BR\u00dcT A\u011eIRLIK (gram)<\/strong>\u00a031.103<\/div>\n<\/div>\n<div>\n<p>&nbsp;<\/p>\n<p><b>*G\u00fcnl\u00fck Fiyatlar ve M\u00fcsaitlik \u0130\u00e7in L\u00fctfen Bize Ula\u015f\u0131n*<\/b><\/p>\n<\/div>\n<\/div>\n<\/div>\n<\/div>\n<\/div>\n<\/div>\n<\/section>\n<ul id=\"skusDisplayContentListUL\"><\/ul>","protected":false},"featured_media":340002,"comment_status":"closed","ping_status":"closed","template":"","meta":{"_eb_attr":"","_crsspst_to_jayantr4sg-hostcom":false},"product_brand":[],"product_cat":[1473,1646],"product_tag":[],"class_list":{"0":"post-340001","1":"product","2":"type-product","3":"status-publish","4":"has-post-thumbnail","6":"product_cat-bars-coins","7":"product_cat-gold-bars","9":"first","10":"onbackorder","11":"product-type-simple","12":"add-to-wishlist-before_image"},"yoast_head":"<!-- This site is optimized with the Yoast SEO plugin v27.5 - https:\/\/yoast.com\/product\/yoast-seo-wordpress\/ -->\n<title>1OZ Gold Bar at best price and free UK delivery<\/title>\n<meta name=\"description\" content=\"Buy 1oz of pure gold Bar at PureJewels. Bars are supplied in sealed, tamper-resistant packaging. order online for free UK delivery\" \/>\n<meta name=\"robots\" content=\"noindex, nofollow\" \/>\n<meta property=\"og:locale\" content=\"tr_TR\" \/>\n<meta property=\"og:type\" content=\"article\" \/>\n<meta property=\"og:title\" content=\"1OZ Gold Bar at best price and free UK delivery\" \/>\n<meta property=\"og:description\" content=\"Buy 1oz of pure gold Bar at PureJewels. Bars are supplied in sealed, tamper-resistant packaging. order online for free UK delivery\" \/>\n<meta property=\"og:url\" content=\"https:\/\/www.purejewels.com\/tr\/urun\/baird-co-made-fine-pure-gold-bar-1oz-odeme-linki\/\" \/>\n<meta property=\"og:site_name\" content=\"PureJewels UK\" \/>\n<meta property=\"article:modified_time\" content=\"2025-10-08T09:51:30+00:00\" \/>\n<meta property=\"og:image\" content=\"https:\/\/www.purejewels.com\/wp-content\/uploads\/2022\/10\/Fine-Gold-1oz-MInted-Bar-side-1-NEWjpg-scaled.jpeg\" \/>\n\t<meta property=\"og:image:width\" content=\"1810\" \/>\n\t<meta property=\"og:image:height\" content=\"2560\" \/>\n\t<meta property=\"og:image:type\" content=\"image\/jpeg\" \/>\n<meta name=\"twitter:card\" content=\"summary_large_image\" \/>\n<script type=\"application\/ld+json\" class=\"yoast-schema-graph\">{\"@context\":\"https:\\\/\\\/schema.org\",\"@graph\":[{\"@type\":[\"WebPage\",\"ItemPage\"],\"@id\":\"https:\\\/\\\/www.purejewels.com\\\/product\\\/baird-co-made-fine-pure-gold-bar-1oz-payment-link\\\/\",\"url\":\"https:\\\/\\\/www.purejewels.com\\\/product\\\/baird-co-made-fine-pure-gold-bar-1oz-payment-link\\\/\",\"name\":\"1OZ Gold Bar at best price and free UK delivery\",\"isPartOf\":{\"@id\":\"https:\\\/\\\/www.purejewels.com\\\/#website\"},\"primaryImageOfPage\":{\"@id\":\"https:\\\/\\\/www.purejewels.com\\\/product\\\/baird-co-made-fine-pure-gold-bar-1oz-payment-link\\\/#primaryimage\"},\"image\":{\"@id\":\"https:\\\/\\\/www.purejewels.com\\\/product\\\/baird-co-made-fine-pure-gold-bar-1oz-payment-link\\\/#primaryimage\"},\"thumbnailUrl\":\"https:\\\/\\\/static.purejewels.com\\\/wp-content\\\/uploads\\\/2022\\\/10\\\/Fine-Gold-1oz-MInted-Bar-side-1-NEWjpg-scaled.jpeg\",\"datePublished\":\"2021-05-19T11:51:59+00:00\",\"dateModified\":\"2025-10-08T09:51:30+00:00\",\"description\":\"Buy 1oz of pure gold Bar at PureJewels. Bars are supplied in sealed, tamper-resistant packaging. order online for free UK delivery\",\"breadcrumb\":{\"@id\":\"https:\\\/\\\/www.purejewels.com\\\/product\\\/baird-co-made-fine-pure-gold-bar-1oz-payment-link\\\/#breadcrumb\"},\"inLanguage\":\"tr\",\"potentialAction\":[{\"@type\":\"ReadAction\",\"target\":[\"https:\\\/\\\/www.purejewels.com\\\/product\\\/baird-co-made-fine-pure-gold-bar-1oz-payment-link\\\/\"]}]},{\"@type\":\"ImageObject\",\"inLanguage\":\"tr\",\"@id\":\"https:\\\/\\\/www.purejewels.com\\\/product\\\/baird-co-made-fine-pure-gold-bar-1oz-payment-link\\\/#primaryimage\",\"url\":\"https:\\\/\\\/static.purejewels.com\\\/wp-content\\\/uploads\\\/2022\\\/10\\\/Fine-Gold-1oz-MInted-Bar-side-1-NEWjpg-scaled.jpeg\",\"contentUrl\":\"https:\\\/\\\/static.purejewels.com\\\/wp-content\\\/uploads\\\/2022\\\/10\\\/Fine-Gold-1oz-MInted-Bar-side-1-NEWjpg-scaled.jpeg\",\"width\":1810,\"height\":2560,\"caption\":\"Fine Gold 1oz MInted Bar\"},{\"@type\":\"BreadcrumbList\",\"@id\":\"https:\\\/\\\/www.purejewels.com\\\/product\\\/baird-co-made-fine-pure-gold-bar-1oz-payment-link\\\/#breadcrumb\",\"itemListElement\":[{\"@type\":\"ListItem\",\"position\":1,\"name\":\"Home\",\"item\":\"https:\\\/\\\/www.purejewels.com\\\/\"},{\"@type\":\"ListItem\",\"position\":2,\"name\":\"Shop\",\"item\":\"https:\\\/\\\/www.purejewels.com\\\/shop\\\/\"},{\"@type\":\"ListItem\",\"position\":3,\"name\":\"Baird &#038; Co. Made Fine Pure Gold Bar 1oz\"}]},{\"@type\":\"WebSite\",\"@id\":\"https:\\\/\\\/www.purejewels.com\\\/#website\",\"url\":\"https:\\\/\\\/www.purejewels.com\\\/\",\"name\":\"PureJewels UK\",\"description\":\"Share the Love\",\"publisher\":{\"@id\":\"https:\\\/\\\/www.purejewels.com\\\/#organization\"},\"potentialAction\":[{\"@type\":\"SearchAction\",\"target\":{\"@type\":\"EntryPoint\",\"urlTemplate\":\"https:\\\/\\\/www.purejewels.com\\\/?s={search_term_string}\"},\"query-input\":{\"@type\":\"PropertyValueSpecification\",\"valueRequired\":true,\"valueName\":\"search_term_string\"}}],\"inLanguage\":\"tr\"},{\"@type\":\"Organization\",\"@id\":\"https:\\\/\\\/www.purejewels.com\\\/#organization\",\"name\":\"PureJewels UK\",\"url\":\"https:\\\/\\\/www.purejewels.com\\\/\",\"logo\":{\"@type\":\"ImageObject\",\"inLanguage\":\"tr\",\"@id\":\"https:\\\/\\\/www.purejewels.com\\\/#\\\/schema\\\/logo\\\/image\\\/\",\"url\":\"https:\\\/\\\/static.purejewels.com\\\/wp-content\\\/uploads\\\/2020\\\/11\\\/Logo-PJ-New-1.png\",\"contentUrl\":\"https:\\\/\\\/static.purejewels.com\\\/wp-content\\\/uploads\\\/2020\\\/11\\\/Logo-PJ-New-1.png\",\"width\":150,\"height\":80,\"caption\":\"PureJewels UK\"},\"image\":{\"@id\":\"https:\\\/\\\/www.purejewels.com\\\/#\\\/schema\\\/logo\\\/image\\\/\"}}]}<\/script>\n<!-- \/ Yoast SEO plugin. -->","yoast_head_json":{"title":"1OZ Alt\u0131n K\u00fcl\u00e7e en iyi fiyat ve \u00fccretsiz \u0130ngiltere teslimat\u0131","description":"PureJewels'ten 1 ons saf alt\u0131n k\u00fcl\u00e7e sat\u0131n al\u0131n. Barlar m\u00fch\u00fcrl\u00fc, kurcalanmaya kar\u015f\u0131 dayan\u0131kl\u0131 ambalajlarda tedarik edilir. \u00fccretsiz \u0130ngiltere teslimat\u0131 i\u00e7in \u00e7evrimi\u00e7i sipari\u015f verin","robots":{"index":"noindex","follow":"nofollow"},"og_locale":"tr_TR","og_type":"article","og_title":"1OZ Gold Bar at best price and free UK delivery","og_description":"Buy 1oz of pure gold Bar at PureJewels. Bars are supplied in sealed, tamper-resistant packaging. order online for free UK delivery","og_url":"https:\/\/www.purejewels.com\/tr\/urun\/baird-co-made-fine-pure-gold-bar-1oz-odeme-linki\/","og_site_name":"PureJewels UK","article_modified_time":"2025-10-08T09:51:30+00:00","og_image":[{"width":1810,"height":2560,"url":"https:\/\/www.purejewels.com\/wp-content\/uploads\/2022\/10\/Fine-Gold-1oz-MInted-Bar-side-1-NEWjpg-scaled.jpeg","type":"image\/jpeg"}],"twitter_card":"summary_large_image","schema":{"@context":"https:\/\/schema.org","@graph":[{"@type":["WebPage","ItemPage"],"@id":"https:\/\/www.purejewels.com\/product\/baird-co-made-fine-pure-gold-bar-1oz-payment-link\/","url":"https:\/\/www.purejewels.com\/product\/baird-co-made-fine-pure-gold-bar-1oz-payment-link\/","name":"1OZ Alt\u0131n K\u00fcl\u00e7e en iyi fiyat ve \u00fccretsiz \u0130ngiltere teslimat\u0131","isPartOf":{"@id":"https:\/\/www.purejewels.com\/#website"},"primaryImageOfPage":{"@id":"https:\/\/www.purejewels.com\/product\/baird-co-made-fine-pure-gold-bar-1oz-payment-link\/#primaryimage"},"image":{"@id":"https:\/\/www.purejewels.com\/product\/baird-co-made-fine-pure-gold-bar-1oz-payment-link\/#primaryimage"},"thumbnailUrl":"https:\/\/static.purejewels.com\/wp-content\/uploads\/2022\/10\/Fine-Gold-1oz-MInted-Bar-side-1-NEWjpg-scaled.jpeg","datePublished":"2021-05-19T11:51:59+00:00","dateModified":"2025-10-08T09:51:30+00:00","description":"PureJewels'ten 1 ons saf alt\u0131n k\u00fcl\u00e7e sat\u0131n al\u0131n. Barlar m\u00fch\u00fcrl\u00fc, kurcalanmaya kar\u015f\u0131 dayan\u0131kl\u0131 ambalajlarda tedarik edilir. \u00fccretsiz \u0130ngiltere teslimat\u0131 i\u00e7in \u00e7evrimi\u00e7i sipari\u015f verin","breadcrumb":{"@id":"https:\/\/www.purejewels.com\/product\/baird-co-made-fine-pure-gold-bar-1oz-payment-link\/#breadcrumb"},"inLanguage":"tr","potentialAction":[{"@type":"ReadAction","target":["https:\/\/www.purejewels.com\/product\/baird-co-made-fine-pure-gold-bar-1oz-payment-link\/"]}]},{"@type":"ImageObject","inLanguage":"tr","@id":"https:\/\/www.purejewels.com\/product\/baird-co-made-fine-pure-gold-bar-1oz-payment-link\/#primaryimage","url":"https:\/\/static.purejewels.com\/wp-content\/uploads\/2022\/10\/Fine-Gold-1oz-MInted-Bar-side-1-NEWjpg-scaled.jpeg","contentUrl":"https:\/\/static.purejewels.com\/wp-content\/uploads\/2022\/10\/Fine-Gold-1oz-MInted-Bar-side-1-NEWjpg-scaled.jpeg","width":1810,"height":2560,"caption":"Fine Gold 1oz MInted Bar"},{"@type":"BreadcrumbList","@id":"https:\/\/www.purejewels.com\/product\/baird-co-made-fine-pure-gold-bar-1oz-payment-link\/#breadcrumb","itemListElement":[{"@type":"ListItem","position":1,"name":"Home","item":"https:\/\/www.purejewels.com\/"},{"@type":"ListItem","position":2,"name":"Shop","item":"https:\/\/www.purejewels.com\/shop\/"},{"@type":"ListItem","position":3,"name":"Baird &#038; Co. Made Fine Pure Gold Bar 1oz"}]},{"@type":"WebSite","@id":"https:\/\/www.purejewels.com\/#website","url":"https:\/\/www.purejewels.com\/","name":"PureJewels \u0130ngiltere","description":"Sevgiyi Payla\u015f\u0131n","publisher":{"@id":"https:\/\/www.purejewels.com\/#organization"},"potentialAction":[{"@type":"SearchAction","target":{"@type":"EntryPoint","urlTemplate":"https:\/\/www.purejewels.com\/?s={search_term_string}"},"query-input":{"@type":"PropertyValueSpecification","valueRequired":true,"valueName":"search_term_string"}}],"inLanguage":"tr"},{"@type":"Organization","@id":"https:\/\/www.purejewels.com\/#organization","name":"PureJewels \u0130ngiltere","url":"https:\/\/www.purejewels.com\/","logo":{"@type":"ImageObject","inLanguage":"tr","@id":"https:\/\/www.purejewels.com\/#\/schema\/logo\/image\/","url":"https:\/\/static.purejewels.com\/wp-content\/uploads\/2020\/11\/Logo-PJ-New-1.png","contentUrl":"https:\/\/static.purejewels.com\/wp-content\/uploads\/2020\/11\/Logo-PJ-New-1.png","width":150,"height":80,"caption":"PureJewels UK"},"image":{"@id":"https:\/\/www.purejewels.com\/#\/schema\/logo\/image\/"}}]}},"_links":{"self":[{"href":"https:\/\/www.purejewels.com\/tr\/wp-json\/wp\/v2\/product\/340001","targetHints":{"allow":["GET"]}}],"collection":[{"href":"https:\/\/www.purejewels.com\/tr\/wp-json\/wp\/v2\/product"}],"about":[{"href":"https:\/\/www.purejewels.com\/tr\/wp-json\/wp\/v2\/types\/product"}],"replies":[{"embeddable":true,"href":"https:\/\/www.purejewels.com\/tr\/wp-json\/wp\/v2\/comments?post=340001"}],"version-history":[{"count":4,"href":"https:\/\/www.purejewels.com\/tr\/wp-json\/wp\/v2\/product\/340001\/revisions"}],"predecessor-version":[{"id":374803,"href":"https:\/\/www.purejewels.com\/tr\/wp-json\/wp\/v2\/product\/340001\/revisions\/374803"}],"wp:featuredmedia":[{"embeddable":true,"href":"https:\/\/www.purejewels.com\/tr\/wp-json\/wp\/v2\/media\/340002"}],"wp:attachment":[{"href":"https:\/\/www.purejewels.com\/tr\/wp-json\/wp\/v2\/media?parent=340001"}],"wp:term":[{"taxonomy":"product_brand","embeddable":true,"href":"https:\/\/www.purejewels.com\/tr\/wp-json\/wp\/v2\/product_brand?post=340001"},{"taxonomy":"product_cat","embeddable":true,"href":"https:\/\/www.purejewels.com\/tr\/wp-json\/wp\/v2\/product_cat?post=340001"},{"taxonomy":"product_tag","embeddable":true,"href":"https:\/\/www.purejewels.com\/tr\/wp-json\/wp\/v2\/product_tag?post=340001"}],"curies":[{"name":"wp","href":"https:\/\/api.w.org\/{rel}","templated":true}]}}