{"id":340017,"date":"2022-10-19T13:21:30","date_gmt":"2022-10-19T12:21:30","guid":{"rendered":"https:\/\/www.purejewels.com\/?post_type=product&#038;p=340017"},"modified":"2026-02-18T10:31:43","modified_gmt":"2026-02-18T10:31:43","slug":"18-ayar-altin-fantezi-cz-burun-ignesi-saplama-5-0-mm-kalinliginda-43232","status":"publish","type":"product","link":"https:\/\/www.purejewels.com\/tr\/product\/18-carat-gold-fancy-cz-nose-pin-stud-5-0-mm-thick-43232\/","title":{"rendered":"18 Ayar Alt\u0131n | S\u00fcsl\u00fc CZ Burun \u0130\u011fnesi Saplama | 5 mm \u00c7ap"},"content":{"rendered":"<p>SKU: 43232<\/p>\n<p>Daha fazla ke\u015ffedin Burun i\u011fneleri<\/p>","protected":false},"excerpt":{"rendered":"<table class=\"sh_desc\" style=\"width: 100%; height: 355px;\">\n<tbody>\n<tr style=\"height: 27px;\">\n<td style=\"height: 27px;\">Burun Pimi Tipi<\/td>\n<td style=\"height: 27px;\">CZ Ta\u015fl\u0131 Burun Pimi Saplamas\u0131<\/td>\n<\/tr>\n<tr style=\"height: 27px;\">\n<td style=\"height: 27px;\">SKU<\/td>\n<td style=\"height: 27px;\">43232<\/td>\n<\/tr>\n<tr style=\"height: 27px;\">\n<td style=\"height: 27px;\">A\u011f\u0131rl\u0131k<\/td>\n<td style=\"height: 27px;\">0.3 Gms<\/td>\n<\/tr>\n<tr style=\"height: 27px;\">\n<td style=\"height: 27px;\">Metal<\/td>\n<td style=\"height: 27px;\">18 Ayar Alt\u0131n<\/td>\n<\/tr>\n<tr style=\"height: 139px;\">\n<td style=\"height: 139px;\">Boyut<\/td>\n<td style=\"height: 139px;\">\n<ul>\n<li>Sap Uzunlu\u011fu: 6,2 mm (approax)<\/li>\n<li>Ayar \u00e7ap\u0131: 5mm (yakla\u015f\u0131k)<\/li>\n<li>Sap Kal\u0131nl\u0131\u011f\u0131: 0,9 mm (yakla\u015f\u0131k)<\/li>\n<\/ul>\n<\/td>\n<\/tr>\n<tr style=\"height: 27px;\">\n<td style=\"height: 27px;\">\u00dccretler<\/td>\n<td style=\"height: 27px;\">Teslimat ve KDV Dahil<\/td>\n<\/tr>\n<tr style=\"height: 27px;\">\n<td style=\"height: 27px;\">Paketleme<\/td>\n<td style=\"height: 27px;\">Sunum Kutusu ile Birlikte Gelir<\/td>\n<\/tr>\n<tr style=\"height: 27px;\">\n<td style=\"height: 27px;\">Daha Fazla Bilgi<\/td>\n<td style=\"height: 27px;\">M\u00fcsaitlik durumu ve daha fazla resim i\u00e7in bizimle canl\u0131 sohbet edin<\/td>\n<\/tr>\n<\/tbody>\n<\/table>","protected":false},"featured_media":345381,"comment_status":"closed","ping_status":"closed","template":"","meta":{"_eb_attr":"","_crsspst_to_jayantr4sg-hostcom":false},"product_brand":[],"product_cat":[5679,1711,5342,5942,1574],"product_tag":[],"class_list":{"0":"post-340017","1":"product","2":"type-product","3":"status-publish","4":"has-post-thumbnail","6":"product_cat-18ct-gold-jewellery","7":"product_cat-gold-nose-studs","8":"product_cat-jewellery-under-250","9":"product_cat-nose-jewellery","10":"product_cat-womens-jewellery","12":"first","13":"instock","14":"taxable","15":"shipping-taxable","16":"purchasable","17":"product-type-simple","18":"add-to-wishlist-before_image"},"yoast_head":"<!-- This site is optimized with the Yoast SEO plugin v27.5 - https:\/\/yoast.com\/product\/yoast-seo-wordpress\/ -->\n<title>Flora CZ Nose Pin Stud | 5.0mm Thick | Purejewels.com<\/title>\n<meta name=\"description\" content=\"Check out our collection of Gold Nose Studs, perfect for daily wear or special occasions. Located in Green Street, we offer a range of high-quality jewelry.\" \/>\n<meta name=\"robots\" content=\"index, follow, max-snippet:-1, max-image-preview:large, max-video-preview:-1\" \/>\n<link rel=\"canonical\" href=\"https:\/\/www.purejewels.com\/tr\/urun\/18-ayar-altin-fantezi-cz-burun-ignesi-saplama-5-0-mm-kalinliginda-43232\/\" \/>\n<meta property=\"og:locale\" content=\"tr_TR\" \/>\n<meta property=\"og:type\" content=\"article\" \/>\n<meta property=\"og:title\" content=\"Flora CZ Nose Pin Stud | 5.0mm Thick | Purejewels.com\" \/>\n<meta property=\"og:description\" content=\"Check out our collection of Gold Nose Studs, perfect for daily wear or special occasions. Located in Green Street, we offer a range of high-quality jewelry.\" \/>\n<meta property=\"og:url\" content=\"https:\/\/www.purejewels.com\/tr\/urun\/18-ayar-altin-fantezi-cz-burun-ignesi-saplama-5-0-mm-kalinliginda-43232\/\" \/>\n<meta property=\"og:site_name\" content=\"PureJewels UK\" \/>\n<meta property=\"article:modified_time\" content=\"2026-02-18T10:31:43+00:00\" \/>\n<meta property=\"og:image\" content=\"https:\/\/static.purejewels.com\/wp-content\/uploads\/2022\/10\/43232.jpg\" \/>\n\t<meta property=\"og:image:width\" content=\"1000\" \/>\n\t<meta property=\"og:image:height\" content=\"1000\" \/>\n\t<meta property=\"og:image:type\" content=\"image\/jpeg\" \/>\n<meta name=\"twitter:card\" content=\"summary_large_image\" \/>\n<meta name=\"twitter:label1\" content=\"Tahmini okuma s\u00fcresi\" \/>\n\t<meta name=\"twitter:data1\" content=\"1 dakika\" \/>\n<script type=\"application\/ld+json\" class=\"yoast-schema-graph\">{\"@context\":\"https:\\\/\\\/schema.org\",\"@graph\":[{\"@type\":[\"WebPage\",\"ItemPage\"],\"@id\":\"https:\\\/\\\/www.purejewels.com\\\/product\\\/18-carat-gold-fancy-cz-nose-pin-stud-5-0-mm-thick-43232\\\/\",\"url\":\"https:\\\/\\\/www.purejewels.com\\\/product\\\/18-carat-gold-fancy-cz-nose-pin-stud-5-0-mm-thick-43232\\\/\",\"name\":\"Flora CZ Nose Pin Stud | 5.0mm Thick | Purejewels.com\",\"isPartOf\":{\"@id\":\"https:\\\/\\\/www.purejewels.com\\\/#website\"},\"primaryImageOfPage\":{\"@id\":\"https:\\\/\\\/www.purejewels.com\\\/product\\\/18-carat-gold-fancy-cz-nose-pin-stud-5-0-mm-thick-43232\\\/#primaryimage\"},\"image\":{\"@id\":\"https:\\\/\\\/www.purejewels.com\\\/product\\\/18-carat-gold-fancy-cz-nose-pin-stud-5-0-mm-thick-43232\\\/#primaryimage\"},\"thumbnailUrl\":\"https:\\\/\\\/static.purejewels.com\\\/wp-content\\\/uploads\\\/2022\\\/10\\\/43232.jpg\",\"datePublished\":\"2022-10-19T12:21:30+00:00\",\"dateModified\":\"2026-02-18T10:31:43+00:00\",\"description\":\"Check out our collection of Gold Nose Studs, perfect for daily wear or special occasions. Located in Green Street, we offer a range of high-quality jewelry.\",\"breadcrumb\":{\"@id\":\"https:\\\/\\\/www.purejewels.com\\\/product\\\/18-carat-gold-fancy-cz-nose-pin-stud-5-0-mm-thick-43232\\\/#breadcrumb\"},\"inLanguage\":\"tr\",\"potentialAction\":[{\"@type\":\"ReadAction\",\"target\":[\"https:\\\/\\\/www.purejewels.com\\\/product\\\/18-carat-gold-fancy-cz-nose-pin-stud-5-0-mm-thick-43232\\\/\"]}]},{\"@type\":\"ImageObject\",\"inLanguage\":\"tr\",\"@id\":\"https:\\\/\\\/www.purejewels.com\\\/product\\\/18-carat-gold-fancy-cz-nose-pin-stud-5-0-mm-thick-43232\\\/#primaryimage\",\"url\":\"https:\\\/\\\/static.purejewels.com\\\/wp-content\\\/uploads\\\/2022\\\/10\\\/43232.jpg\",\"contentUrl\":\"https:\\\/\\\/static.purejewels.com\\\/wp-content\\\/uploads\\\/2022\\\/10\\\/43232.jpg\",\"width\":1000,\"height\":1000,\"caption\":\"Gold Nose Stud\"},{\"@type\":\"BreadcrumbList\",\"@id\":\"https:\\\/\\\/www.purejewels.com\\\/product\\\/18-carat-gold-fancy-cz-nose-pin-stud-5-0-mm-thick-43232\\\/#breadcrumb\",\"itemListElement\":[{\"@type\":\"ListItem\",\"position\":1,\"name\":\"Home\",\"item\":\"https:\\\/\\\/www.purejewels.com\\\/\"},{\"@type\":\"ListItem\",\"position\":2,\"name\":\"Shop\",\"item\":\"https:\\\/\\\/www.purejewels.com\\\/shop\\\/\"},{\"@type\":\"ListItem\",\"position\":3,\"name\":\"18 carat Gold | Fancy CZ Nose Pin Stud | 5 mm Diameter\"}]},{\"@type\":\"WebSite\",\"@id\":\"https:\\\/\\\/www.purejewels.com\\\/#website\",\"url\":\"https:\\\/\\\/www.purejewels.com\\\/\",\"name\":\"PureJewels UK\",\"description\":\"Share the Love\",\"publisher\":{\"@id\":\"https:\\\/\\\/www.purejewels.com\\\/#organization\"},\"potentialAction\":[{\"@type\":\"SearchAction\",\"target\":{\"@type\":\"EntryPoint\",\"urlTemplate\":\"https:\\\/\\\/www.purejewels.com\\\/?s={search_term_string}\"},\"query-input\":{\"@type\":\"PropertyValueSpecification\",\"valueRequired\":true,\"valueName\":\"search_term_string\"}}],\"inLanguage\":\"tr\"},{\"@type\":\"Organization\",\"@id\":\"https:\\\/\\\/www.purejewels.com\\\/#organization\",\"name\":\"PureJewels UK\",\"url\":\"https:\\\/\\\/www.purejewels.com\\\/\",\"logo\":{\"@type\":\"ImageObject\",\"inLanguage\":\"tr\",\"@id\":\"https:\\\/\\\/www.purejewels.com\\\/#\\\/schema\\\/logo\\\/image\\\/\",\"url\":\"https:\\\/\\\/static.purejewels.com\\\/wp-content\\\/uploads\\\/2020\\\/11\\\/Logo-PJ-New-1.png\",\"contentUrl\":\"https:\\\/\\\/static.purejewels.com\\\/wp-content\\\/uploads\\\/2020\\\/11\\\/Logo-PJ-New-1.png\",\"width\":150,\"height\":80,\"caption\":\"PureJewels UK\"},\"image\":{\"@id\":\"https:\\\/\\\/www.purejewels.com\\\/#\\\/schema\\\/logo\\\/image\\\/\"}}]}<\/script>\n<!-- \/ Yoast SEO plugin. -->","yoast_head_json":{"title":"Flora CZ Burun \u0130\u011fnesi Saplama | 5.0mm Kal\u0131n | Purejewels.com","description":"G\u00fcnl\u00fck kullan\u0131m veya \u00f6zel g\u00fcnler i\u00e7in m\u00fckemmel olan Alt\u0131n Burun \u00c7\u0131t\u00e7\u0131tlar\u0131 koleksiyonumuza g\u00f6z at\u0131n. Green Street'te bulunan ma\u011fazam\u0131zda y\u00fcksek kaliteli m\u00fccevherler sunuyoruz.","robots":{"index":"index","follow":"follow","max-snippet":"max-snippet:-1","max-image-preview":"max-image-preview:large","max-video-preview":"max-video-preview:-1"},"canonical":"https:\/\/www.purejewels.com\/tr\/urun\/18-ayar-altin-fantezi-cz-burun-ignesi-saplama-5-0-mm-kalinliginda-43232\/","og_locale":"tr_TR","og_type":"article","og_title":"Flora CZ Nose Pin Stud | 5.0mm Thick | Purejewels.com","og_description":"Check out our collection of Gold Nose Studs, perfect for daily wear or special occasions. Located in Green Street, we offer a range of high-quality jewelry.","og_url":"https:\/\/www.purejewels.com\/tr\/urun\/18-ayar-altin-fantezi-cz-burun-ignesi-saplama-5-0-mm-kalinliginda-43232\/","og_site_name":"PureJewels UK","article_modified_time":"2026-02-18T10:31:43+00:00","og_image":[{"width":1000,"height":1000,"url":"https:\/\/static.purejewels.com\/wp-content\/uploads\/2022\/10\/43232.jpg","type":"image\/jpeg"}],"twitter_card":"summary_large_image","twitter_misc":{"Tahmini okuma s\u00fcresi":"1 dakika"},"schema":{"@context":"https:\/\/schema.org","@graph":[{"@type":["WebPage","ItemPage"],"@id":"https:\/\/www.purejewels.com\/product\/18-carat-gold-fancy-cz-nose-pin-stud-5-0-mm-thick-43232\/","url":"https:\/\/www.purejewels.com\/product\/18-carat-gold-fancy-cz-nose-pin-stud-5-0-mm-thick-43232\/","name":"Flora CZ Burun \u0130\u011fnesi Saplama | 5.0mm Kal\u0131n | Purejewels.com","isPartOf":{"@id":"https:\/\/www.purejewels.com\/#website"},"primaryImageOfPage":{"@id":"https:\/\/www.purejewels.com\/product\/18-carat-gold-fancy-cz-nose-pin-stud-5-0-mm-thick-43232\/#primaryimage"},"image":{"@id":"https:\/\/www.purejewels.com\/product\/18-carat-gold-fancy-cz-nose-pin-stud-5-0-mm-thick-43232\/#primaryimage"},"thumbnailUrl":"https:\/\/static.purejewels.com\/wp-content\/uploads\/2022\/10\/43232.jpg","datePublished":"2022-10-19T12:21:30+00:00","dateModified":"2026-02-18T10:31:43+00:00","description":"G\u00fcnl\u00fck kullan\u0131m veya \u00f6zel g\u00fcnler i\u00e7in m\u00fckemmel olan Alt\u0131n Burun \u00c7\u0131t\u00e7\u0131tlar\u0131 koleksiyonumuza g\u00f6z at\u0131n. Green Street'te bulunan ma\u011fazam\u0131zda y\u00fcksek kaliteli m\u00fccevherler sunuyoruz.","breadcrumb":{"@id":"https:\/\/www.purejewels.com\/product\/18-carat-gold-fancy-cz-nose-pin-stud-5-0-mm-thick-43232\/#breadcrumb"},"inLanguage":"tr","potentialAction":[{"@type":"ReadAction","target":["https:\/\/www.purejewels.com\/product\/18-carat-gold-fancy-cz-nose-pin-stud-5-0-mm-thick-43232\/"]}]},{"@type":"ImageObject","inLanguage":"tr","@id":"https:\/\/www.purejewels.com\/product\/18-carat-gold-fancy-cz-nose-pin-stud-5-0-mm-thick-43232\/#primaryimage","url":"https:\/\/static.purejewels.com\/wp-content\/uploads\/2022\/10\/43232.jpg","contentUrl":"https:\/\/static.purejewels.com\/wp-content\/uploads\/2022\/10\/43232.jpg","width":1000,"height":1000,"caption":"Gold Nose Stud"},{"@type":"BreadcrumbList","@id":"https:\/\/www.purejewels.com\/product\/18-carat-gold-fancy-cz-nose-pin-stud-5-0-mm-thick-43232\/#breadcrumb","itemListElement":[{"@type":"ListItem","position":1,"name":"Home","item":"https:\/\/www.purejewels.com\/"},{"@type":"ListItem","position":2,"name":"Shop","item":"https:\/\/www.purejewels.com\/shop\/"},{"@type":"ListItem","position":3,"name":"18 carat Gold | Fancy CZ Nose Pin Stud | 5 mm Diameter"}]},{"@type":"WebSite","@id":"https:\/\/www.purejewels.com\/#website","url":"https:\/\/www.purejewels.com\/","name":"PureJewels \u0130ngiltere","description":"Sevgiyi Payla\u015f\u0131n","publisher":{"@id":"https:\/\/www.purejewels.com\/#organization"},"potentialAction":[{"@type":"SearchAction","target":{"@type":"EntryPoint","urlTemplate":"https:\/\/www.purejewels.com\/?s={search_term_string}"},"query-input":{"@type":"PropertyValueSpecification","valueRequired":true,"valueName":"search_term_string"}}],"inLanguage":"tr"},{"@type":"Organization","@id":"https:\/\/www.purejewels.com\/#organization","name":"PureJewels \u0130ngiltere","url":"https:\/\/www.purejewels.com\/","logo":{"@type":"ImageObject","inLanguage":"tr","@id":"https:\/\/www.purejewels.com\/#\/schema\/logo\/image\/","url":"https:\/\/static.purejewels.com\/wp-content\/uploads\/2020\/11\/Logo-PJ-New-1.png","contentUrl":"https:\/\/static.purejewels.com\/wp-content\/uploads\/2020\/11\/Logo-PJ-New-1.png","width":150,"height":80,"caption":"PureJewels UK"},"image":{"@id":"https:\/\/www.purejewels.com\/#\/schema\/logo\/image\/"}}]}},"_links":{"self":[{"href":"https:\/\/www.purejewels.com\/tr\/wp-json\/wp\/v2\/product\/340017","targetHints":{"allow":["GET"]}}],"collection":[{"href":"https:\/\/www.purejewels.com\/tr\/wp-json\/wp\/v2\/product"}],"about":[{"href":"https:\/\/www.purejewels.com\/tr\/wp-json\/wp\/v2\/types\/product"}],"replies":[{"embeddable":true,"href":"https:\/\/www.purejewels.com\/tr\/wp-json\/wp\/v2\/comments?post=340017"}],"version-history":[{"count":2,"href":"https:\/\/www.purejewels.com\/tr\/wp-json\/wp\/v2\/product\/340017\/revisions"}],"predecessor-version":[{"id":392761,"href":"https:\/\/www.purejewels.com\/tr\/wp-json\/wp\/v2\/product\/340017\/revisions\/392761"}],"wp:featuredmedia":[{"embeddable":true,"href":"https:\/\/www.purejewels.com\/tr\/wp-json\/wp\/v2\/media\/345381"}],"wp:attachment":[{"href":"https:\/\/www.purejewels.com\/tr\/wp-json\/wp\/v2\/media?parent=340017"}],"wp:term":[{"taxonomy":"product_brand","embeddable":true,"href":"https:\/\/www.purejewels.com\/tr\/wp-json\/wp\/v2\/product_brand?post=340017"},{"taxonomy":"product_cat","embeddable":true,"href":"https:\/\/www.purejewels.com\/tr\/wp-json\/wp\/v2\/product_cat?post=340017"},{"taxonomy":"product_tag","embeddable":true,"href":"https:\/\/www.purejewels.com\/tr\/wp-json\/wp\/v2\/product_tag?post=340017"}],"curies":[{"name":"wp","href":"https:\/\/api.w.org\/{rel}","templated":true}]}}