{"id":340020,"date":"2022-10-19T13:30:59","date_gmt":"2022-10-19T12:30:59","guid":{"rendered":"https:\/\/www.purejewels.com\/?post_type=product&#038;p=340020"},"modified":"2026-03-21T05:31:45","modified_gmt":"2026-03-21T05:31:45","slug":"18-ayar-altin-cz-burun-ignesi-saplama-4-5-mm-kalinliginda-43214","status":"publish","type":"product","link":"https:\/\/www.purejewels.com\/tr\/product\/18-carat-gold-cz-nose-pin-stud-4-5-mm-thick-43214\/","title":{"rendered":"18 ayar alt\u0131n | CZ burun i\u011fnesi saplamas\u0131 | 4,5 mm \u00e7ap"},"content":{"rendered":"<p>SKU: 43214<\/p>","protected":false},"excerpt":{"rendered":"<table class=\"sh_desc\" style=\"width: 100%; height: 355px;\">\n<tbody>\n<tr style=\"height: 27px;\">\n<td style=\"height: 27px;\">Burun Pimi Tipi<\/td>\n<td style=\"height: 27px;\">CZ Ta\u015fl\u0131 Burun Pimi Saplamas\u0131<\/td>\n<\/tr>\n<tr style=\"height: 27px;\">\n<td style=\"height: 27px;\">SKU<\/td>\n<td style=\"height: 27px;\">43214<\/td>\n<\/tr>\n<tr style=\"height: 27px;\">\n<td style=\"height: 27px;\">A\u011f\u0131rl\u0131k<\/td>\n<td style=\"height: 27px;\">0.2 Gms<\/td>\n<\/tr>\n<tr style=\"height: 27px;\">\n<td style=\"height: 27px;\">Metal<\/td>\n<td style=\"height: 27px;\">18 Ayar Alt\u0131n<\/td>\n<\/tr>\n<tr style=\"height: 139px;\">\n<td style=\"height: 139px;\">Boyut<\/td>\n<td style=\"height: 139px;\">\n<ul>\n<li>Sap Uzunlu\u011fu: 6,2 mm (approax)<\/li>\n<li>Ayar \u00e7ap\u0131: 4,5 mm (yakla\u015f\u0131k)<\/li>\n<li>Sap Kal\u0131nl\u0131\u011f\u0131: 0,9 mm (yakla\u015f\u0131k)<\/li>\n<\/ul>\n<\/td>\n<\/tr>\n<tr style=\"height: 27px;\">\n<td style=\"height: 27px;\">\u00dccretler<\/td>\n<td style=\"height: 27px;\">Teslimat ve KDV Dahil<\/td>\n<\/tr>\n<tr style=\"height: 27px;\">\n<td style=\"height: 27px;\">Paketleme<\/td>\n<td style=\"height: 27px;\">Sunum Kutusu ile Birlikte Gelir<\/td>\n<\/tr>\n<tr style=\"height: 27px;\">\n<td style=\"height: 27px;\">Daha Fazla Bilgi<\/td>\n<td style=\"height: 27px;\">M\u00fcsaitlik durumu ve daha fazla resim i\u00e7in bizimle canl\u0131 sohbet edin<\/td>\n<\/tr>\n<\/tbody>\n<\/table>","protected":false},"featured_media":345380,"comment_status":"closed","ping_status":"closed","template":"","meta":{"_eb_attr":"","_crsspst_to_jayantr4sg-hostcom":false},"product_brand":[],"product_cat":[5679,1711,5342,5942,1574],"product_tag":[],"class_list":{"0":"post-340020","1":"product","2":"type-product","3":"status-publish","4":"has-post-thumbnail","6":"product_cat-18ct-gold-jewellery","7":"product_cat-gold-nose-studs","8":"product_cat-jewellery-under-250","9":"product_cat-nose-jewellery","10":"product_cat-womens-jewellery","12":"first","13":"instock","14":"taxable","15":"shipping-taxable","16":"purchasable","17":"product-type-simple","18":"add-to-wishlist-before_image"},"yoast_head":"<!-- This site is optimized with the Yoast SEO plugin v27.5 - https:\/\/yoast.com\/product\/yoast-seo-wordpress\/ -->\n<title>18ct Gold | CZ Nose Pin Stud for Ladies | 4.5mm Thick<\/title>\n<meta name=\"description\" content=\"Looking for a stunning and unique Nose Stud to add to your jewelry collection? Check out our 18ct Gold Fancy Nose Stud, available at our Green Street location.\" \/>\n<meta name=\"robots\" content=\"index, follow, max-snippet:-1, max-image-preview:large, max-video-preview:-1\" \/>\n<link rel=\"canonical\" href=\"https:\/\/www.purejewels.com\/tr\/urun\/18-ayar-altin-cz-burun-ignesi-saplama-4-5-mm-kalinliginda-43214\/\" \/>\n<meta property=\"og:locale\" content=\"tr_TR\" \/>\n<meta property=\"og:type\" content=\"article\" \/>\n<meta property=\"og:title\" content=\"18ct Gold | CZ Nose Pin Stud for Ladies | 4.5mm Thick\" \/>\n<meta property=\"og:description\" content=\"Looking for a stunning and unique Nose Stud to add to your jewelry collection? Check out our 18ct Gold Fancy Nose Stud, available at our Green Street location.\" \/>\n<meta property=\"og:url\" content=\"https:\/\/www.purejewels.com\/tr\/urun\/18-ayar-altin-cz-burun-ignesi-saplama-4-5-mm-kalinliginda-43214\/\" \/>\n<meta property=\"og:site_name\" content=\"PureJewels UK\" \/>\n<meta property=\"article:modified_time\" content=\"2026-03-21T05:31:45+00:00\" \/>\n<meta property=\"og:image\" content=\"https:\/\/static.purejewels.com\/wp-content\/uploads\/2022\/10\/43214.jpg\" \/>\n\t<meta property=\"og:image:width\" content=\"1000\" \/>\n\t<meta property=\"og:image:height\" content=\"1000\" \/>\n\t<meta property=\"og:image:type\" content=\"image\/jpeg\" \/>\n<meta name=\"twitter:card\" content=\"summary_large_image\" \/>\n<meta name=\"twitter:label1\" content=\"Tahmini okuma s\u00fcresi\" \/>\n\t<meta name=\"twitter:data1\" content=\"1 dakika\" \/>\n<script type=\"application\/ld+json\" class=\"yoast-schema-graph\">{\"@context\":\"https:\\\/\\\/schema.org\",\"@graph\":[{\"@type\":[\"WebPage\",\"ItemPage\"],\"@id\":\"https:\\\/\\\/www.purejewels.com\\\/product\\\/18-carat-gold-cz-nose-pin-stud-4-5-mm-thick-43214\\\/\",\"url\":\"https:\\\/\\\/www.purejewels.com\\\/product\\\/18-carat-gold-cz-nose-pin-stud-4-5-mm-thick-43214\\\/\",\"name\":\"18ct Gold | CZ Nose Pin Stud for Ladies | 4.5mm Thick\",\"isPartOf\":{\"@id\":\"https:\\\/\\\/www.purejewels.com\\\/#website\"},\"primaryImageOfPage\":{\"@id\":\"https:\\\/\\\/www.purejewels.com\\\/product\\\/18-carat-gold-cz-nose-pin-stud-4-5-mm-thick-43214\\\/#primaryimage\"},\"image\":{\"@id\":\"https:\\\/\\\/www.purejewels.com\\\/product\\\/18-carat-gold-cz-nose-pin-stud-4-5-mm-thick-43214\\\/#primaryimage\"},\"thumbnailUrl\":\"https:\\\/\\\/static.purejewels.com\\\/wp-content\\\/uploads\\\/2022\\\/10\\\/43214.jpg\",\"datePublished\":\"2022-10-19T12:30:59+00:00\",\"dateModified\":\"2026-03-21T05:31:45+00:00\",\"description\":\"Looking for a stunning and unique Nose Stud to add to your jewelry collection? Check out our 18ct Gold Fancy Nose Stud, available at our Green Street location.\",\"breadcrumb\":{\"@id\":\"https:\\\/\\\/www.purejewels.com\\\/product\\\/18-carat-gold-cz-nose-pin-stud-4-5-mm-thick-43214\\\/#breadcrumb\"},\"inLanguage\":\"tr\",\"potentialAction\":[{\"@type\":\"ReadAction\",\"target\":[\"https:\\\/\\\/www.purejewels.com\\\/product\\\/18-carat-gold-cz-nose-pin-stud-4-5-mm-thick-43214\\\/\"]}]},{\"@type\":\"ImageObject\",\"inLanguage\":\"tr\",\"@id\":\"https:\\\/\\\/www.purejewels.com\\\/product\\\/18-carat-gold-cz-nose-pin-stud-4-5-mm-thick-43214\\\/#primaryimage\",\"url\":\"https:\\\/\\\/static.purejewels.com\\\/wp-content\\\/uploads\\\/2022\\\/10\\\/43214.jpg\",\"contentUrl\":\"https:\\\/\\\/static.purejewels.com\\\/wp-content\\\/uploads\\\/2022\\\/10\\\/43214.jpg\",\"width\":1000,\"height\":1000},{\"@type\":\"BreadcrumbList\",\"@id\":\"https:\\\/\\\/www.purejewels.com\\\/product\\\/18-carat-gold-cz-nose-pin-stud-4-5-mm-thick-43214\\\/#breadcrumb\",\"itemListElement\":[{\"@type\":\"ListItem\",\"position\":1,\"name\":\"Home\",\"item\":\"https:\\\/\\\/www.purejewels.com\\\/\"},{\"@type\":\"ListItem\",\"position\":2,\"name\":\"Shop\",\"item\":\"https:\\\/\\\/www.purejewels.com\\\/shop\\\/\"},{\"@type\":\"ListItem\",\"position\":3,\"name\":\"18 carat Gold | CZ Nose Pin Stud | 4.5 mm Diameter\"}]},{\"@type\":\"WebSite\",\"@id\":\"https:\\\/\\\/www.purejewels.com\\\/#website\",\"url\":\"https:\\\/\\\/www.purejewels.com\\\/\",\"name\":\"PureJewels UK\",\"description\":\"Share the Love\",\"publisher\":{\"@id\":\"https:\\\/\\\/www.purejewels.com\\\/#organization\"},\"potentialAction\":[{\"@type\":\"SearchAction\",\"target\":{\"@type\":\"EntryPoint\",\"urlTemplate\":\"https:\\\/\\\/www.purejewels.com\\\/?s={search_term_string}\"},\"query-input\":{\"@type\":\"PropertyValueSpecification\",\"valueRequired\":true,\"valueName\":\"search_term_string\"}}],\"inLanguage\":\"tr\"},{\"@type\":\"Organization\",\"@id\":\"https:\\\/\\\/www.purejewels.com\\\/#organization\",\"name\":\"PureJewels UK\",\"url\":\"https:\\\/\\\/www.purejewels.com\\\/\",\"logo\":{\"@type\":\"ImageObject\",\"inLanguage\":\"tr\",\"@id\":\"https:\\\/\\\/www.purejewels.com\\\/#\\\/schema\\\/logo\\\/image\\\/\",\"url\":\"https:\\\/\\\/static.purejewels.com\\\/wp-content\\\/uploads\\\/2020\\\/11\\\/Logo-PJ-New-1.png\",\"contentUrl\":\"https:\\\/\\\/static.purejewels.com\\\/wp-content\\\/uploads\\\/2020\\\/11\\\/Logo-PJ-New-1.png\",\"width\":150,\"height\":80,\"caption\":\"PureJewels UK\"},\"image\":{\"@id\":\"https:\\\/\\\/www.purejewels.com\\\/#\\\/schema\\\/logo\\\/image\\\/\"}}]}<\/script>\n<!-- \/ Yoast SEO plugin. -->","yoast_head_json":{"title":"18 Ayar Alt\u0131n | Bayanlar i\u00e7in CZ Burun \u0130\u011fnesi Saplamas\u0131 | 4,5 mm Kal\u0131nl\u0131k","description":"M\u00fccevher koleksiyonunuza eklemek i\u00e7in \u00e7arp\u0131c\u0131 ve benzersiz bir Burun \u00c7\u0131t\u00e7\u0131t m\u0131 ar\u0131yorsunuz? Green Street \u015fubemizde bulunan 18 Ayar Alt\u0131n Fantezi Burun \u00c7\u0131t\u00e7\u0131t\u0131m\u0131za g\u00f6z at\u0131n.","robots":{"index":"index","follow":"follow","max-snippet":"max-snippet:-1","max-image-preview":"max-image-preview:large","max-video-preview":"max-video-preview:-1"},"canonical":"https:\/\/www.purejewels.com\/tr\/urun\/18-ayar-altin-cz-burun-ignesi-saplama-4-5-mm-kalinliginda-43214\/","og_locale":"tr_TR","og_type":"article","og_title":"18ct Gold | CZ Nose Pin Stud for Ladies | 4.5mm Thick","og_description":"Looking for a stunning and unique Nose Stud to add to your jewelry collection? Check out our 18ct Gold Fancy Nose Stud, available at our Green Street location.","og_url":"https:\/\/www.purejewels.com\/tr\/urun\/18-ayar-altin-cz-burun-ignesi-saplama-4-5-mm-kalinliginda-43214\/","og_site_name":"PureJewels UK","article_modified_time":"2026-03-21T05:31:45+00:00","og_image":[{"width":1000,"height":1000,"url":"https:\/\/static.purejewels.com\/wp-content\/uploads\/2022\/10\/43214.jpg","type":"image\/jpeg"}],"twitter_card":"summary_large_image","twitter_misc":{"Tahmini okuma s\u00fcresi":"1 dakika"},"schema":{"@context":"https:\/\/schema.org","@graph":[{"@type":["WebPage","ItemPage"],"@id":"https:\/\/www.purejewels.com\/product\/18-carat-gold-cz-nose-pin-stud-4-5-mm-thick-43214\/","url":"https:\/\/www.purejewels.com\/product\/18-carat-gold-cz-nose-pin-stud-4-5-mm-thick-43214\/","name":"18 Ayar Alt\u0131n | Bayanlar i\u00e7in CZ Burun \u0130\u011fnesi Saplamas\u0131 | 4,5 mm Kal\u0131nl\u0131k","isPartOf":{"@id":"https:\/\/www.purejewels.com\/#website"},"primaryImageOfPage":{"@id":"https:\/\/www.purejewels.com\/product\/18-carat-gold-cz-nose-pin-stud-4-5-mm-thick-43214\/#primaryimage"},"image":{"@id":"https:\/\/www.purejewels.com\/product\/18-carat-gold-cz-nose-pin-stud-4-5-mm-thick-43214\/#primaryimage"},"thumbnailUrl":"https:\/\/static.purejewels.com\/wp-content\/uploads\/2022\/10\/43214.jpg","datePublished":"2022-10-19T12:30:59+00:00","dateModified":"2026-03-21T05:31:45+00:00","description":"M\u00fccevher koleksiyonunuza eklemek i\u00e7in \u00e7arp\u0131c\u0131 ve benzersiz bir Burun \u00c7\u0131t\u00e7\u0131t m\u0131 ar\u0131yorsunuz? Green Street \u015fubemizde bulunan 18 Ayar Alt\u0131n Fantezi Burun \u00c7\u0131t\u00e7\u0131t\u0131m\u0131za g\u00f6z at\u0131n.","breadcrumb":{"@id":"https:\/\/www.purejewels.com\/product\/18-carat-gold-cz-nose-pin-stud-4-5-mm-thick-43214\/#breadcrumb"},"inLanguage":"tr","potentialAction":[{"@type":"ReadAction","target":["https:\/\/www.purejewels.com\/product\/18-carat-gold-cz-nose-pin-stud-4-5-mm-thick-43214\/"]}]},{"@type":"ImageObject","inLanguage":"tr","@id":"https:\/\/www.purejewels.com\/product\/18-carat-gold-cz-nose-pin-stud-4-5-mm-thick-43214\/#primaryimage","url":"https:\/\/static.purejewels.com\/wp-content\/uploads\/2022\/10\/43214.jpg","contentUrl":"https:\/\/static.purejewels.com\/wp-content\/uploads\/2022\/10\/43214.jpg","width":1000,"height":1000},{"@type":"BreadcrumbList","@id":"https:\/\/www.purejewels.com\/product\/18-carat-gold-cz-nose-pin-stud-4-5-mm-thick-43214\/#breadcrumb","itemListElement":[{"@type":"ListItem","position":1,"name":"Home","item":"https:\/\/www.purejewels.com\/"},{"@type":"ListItem","position":2,"name":"Shop","item":"https:\/\/www.purejewels.com\/shop\/"},{"@type":"ListItem","position":3,"name":"18 carat Gold | CZ Nose Pin Stud | 4.5 mm Diameter"}]},{"@type":"WebSite","@id":"https:\/\/www.purejewels.com\/#website","url":"https:\/\/www.purejewels.com\/","name":"PureJewels \u0130ngiltere","description":"Sevgiyi Payla\u015f\u0131n","publisher":{"@id":"https:\/\/www.purejewels.com\/#organization"},"potentialAction":[{"@type":"SearchAction","target":{"@type":"EntryPoint","urlTemplate":"https:\/\/www.purejewels.com\/?s={search_term_string}"},"query-input":{"@type":"PropertyValueSpecification","valueRequired":true,"valueName":"search_term_string"}}],"inLanguage":"tr"},{"@type":"Organization","@id":"https:\/\/www.purejewels.com\/#organization","name":"PureJewels \u0130ngiltere","url":"https:\/\/www.purejewels.com\/","logo":{"@type":"ImageObject","inLanguage":"tr","@id":"https:\/\/www.purejewels.com\/#\/schema\/logo\/image\/","url":"https:\/\/static.purejewels.com\/wp-content\/uploads\/2020\/11\/Logo-PJ-New-1.png","contentUrl":"https:\/\/static.purejewels.com\/wp-content\/uploads\/2020\/11\/Logo-PJ-New-1.png","width":150,"height":80,"caption":"PureJewels UK"},"image":{"@id":"https:\/\/www.purejewels.com\/#\/schema\/logo\/image\/"}}]}},"_links":{"self":[{"href":"https:\/\/www.purejewels.com\/tr\/wp-json\/wp\/v2\/product\/340020","targetHints":{"allow":["GET"]}}],"collection":[{"href":"https:\/\/www.purejewels.com\/tr\/wp-json\/wp\/v2\/product"}],"about":[{"href":"https:\/\/www.purejewels.com\/tr\/wp-json\/wp\/v2\/types\/product"}],"replies":[{"embeddable":true,"href":"https:\/\/www.purejewels.com\/tr\/wp-json\/wp\/v2\/comments?post=340020"}],"version-history":[{"count":1,"href":"https:\/\/www.purejewels.com\/tr\/wp-json\/wp\/v2\/product\/340020\/revisions"}],"predecessor-version":[{"id":371769,"href":"https:\/\/www.purejewels.com\/tr\/wp-json\/wp\/v2\/product\/340020\/revisions\/371769"}],"wp:featuredmedia":[{"embeddable":true,"href":"https:\/\/www.purejewels.com\/tr\/wp-json\/wp\/v2\/media\/345380"}],"wp:attachment":[{"href":"https:\/\/www.purejewels.com\/tr\/wp-json\/wp\/v2\/media?parent=340020"}],"wp:term":[{"taxonomy":"product_brand","embeddable":true,"href":"https:\/\/www.purejewels.com\/tr\/wp-json\/wp\/v2\/product_brand?post=340020"},{"taxonomy":"product_cat","embeddable":true,"href":"https:\/\/www.purejewels.com\/tr\/wp-json\/wp\/v2\/product_cat?post=340020"},{"taxonomy":"product_tag","embeddable":true,"href":"https:\/\/www.purejewels.com\/tr\/wp-json\/wp\/v2\/product_tag?post=340020"}],"curies":[{"name":"wp","href":"https:\/\/api.w.org\/{rel}","templated":true}]}}