{"id":340165,"date":"2024-04-23T11:44:40","date_gmt":"2024-04-23T10:44:40","guid":{"rendered":"https:\/\/www.purejewels.com\/?post_type=product&#038;p=340165"},"modified":"2026-03-30T11:17:21","modified_gmt":"2026-03-30T10:17:21","slug":"antika-damla-kupe-22-ayar-altin-rozet-koleksiyonu-43342","status":"publish","type":"product","link":"https:\/\/www.purejewels.com\/tr\/product\/antique-drop-earring-in-22-carat-gold-rosettes-collection-43342\/","title":{"rendered":"22 ayar alt\u0131n rozet \u00e7i\u00e7ek desenli k\u00fcpe"},"content":{"rendered":"<p>Her m\u00fccevher koleksiyonunun olmazsa olmaz\u0131 olan bu klasik 22 ayar alt\u0131n k\u00fcpelerin zamans\u0131z g\u00fczelli\u011finin tad\u0131n\u0131 \u00e7\u0131kar\u0131n. Bu \u00e7arp\u0131c\u0131 k\u00fcpeler, g\u00f6r\u00fcn\u00fcm\u00fcn\u00fcze vintage bir cazibe katan antika bir kaplamaya sahiptir. 8,9 gram a\u011f\u0131rl\u0131\u011f\u0131ndaki bu k\u00fcpeler hafiftir ve g\u00fcn boyu rahatl\u0131kla tak\u0131labilir.<\/p>\n<p>Her bir par\u00e7a Londra Assay Ofisi taraf\u0131ndan damgalanarak alt\u0131n\u0131n orijinalli\u011fi ve kalitesi garanti alt\u0131na al\u0131nm\u0131\u015ft\u0131r. L\u00fcks bir sunum kutusunda g\u00fczel bir \u015fekilde sunulan k\u00fcpeler, \u00f6zel g\u00fcnlerde hediye etmek i\u00e7in m\u00fckemmeldir.<\/p>\n<p>\u00dccretsiz takipli teslimat dahil, k\u00fcpelerinizin g\u00fcvenli bir \u015fekilde ve zaman\u0131nda ula\u015fmas\u0131n\u0131 bekleyebilirsiniz. G\u00fcvenli \u00e7evrimi\u00e7i \u00f6demeler ve i\u00e7inizin rahat etmesi i\u00e7in 30 g\u00fcnl\u00fck para iade garantisi sundu\u011fumuzu bilerek g\u00fcvenle al\u0131\u015fveri\u015f yap\u0131n.<\/p>\n<p>\u0130ster kendinizi \u015f\u0131mart\u0131yor ister sevdikleriniz i\u00e7in m\u00fckemmel bir hediye ar\u0131yor olun, bu 22 ayar alt\u0131n k\u00fcpelerin sizi etkileyece\u011finden emin olabilirsiniz. \u015eimdi sepetinize ekleyin ve stilinizi zarafet ve sofistike bir dokunu\u015fla y\u00fckseltin.<\/p>","protected":false},"excerpt":{"rendered":"<p>Do\u011fan\u0131n zarafetinden ilham alan, g\u00fczel ve karma\u015f\u0131k bir \u00e7ift 22 ayar alt\u0131n rozetli \u00e7i\u00e7ekli k\u00fcpe. Zengin antik kaplamaya sahip katmanl\u0131 \u00e7i\u00e7ek detaylar\u0131yla zamans\u0131z bir \u00e7ekicilik ve sofistike bir ifade sunar.<\/p>\n<ul>\n<li>Antik Kaplamal\u0131 22 Ayar Alt\u0131n K\u00fcpe<\/li>\n<li>A\u011f\u0131rl\u0131k 8,9 gms<\/li>\n<li>SKU. 43342, 43341<\/li>\n<li>T\u00fcm fiyatlara KDV dahildir<\/li>\n<li>T\u00fcm \u00fcr\u00fcnlerimiz Londra Tahlil Ofisi taraf\u0131ndan damgalanm\u0131\u015ft\u0131r<\/li>\n<li>Sunum Kutusu ile Birlikte Gelir<\/li>\n<li>Teslimat Dahil<\/li>\n<li>Forest Gate, Londra, \u0130ngiltere'deki ma\u011fazam\u0131zda bulunan t\u00fcm yeni Yeni k\u00fcpe \u00e7e\u015fitlerini g\u00f6rmek i\u00e7in bizimle sohbet edin \/ Whatsapp<\/li>\n<\/ul>","protected":false},"featured_media":340180,"comment_status":"closed","ping_status":"closed","template":"","meta":{"_eb_attr":"","_crsspst_to_jayantr4sg-hostcom":false},"product_brand":[],"product_cat":[1791,1559,236,1254,1570,6146,1656,5274,1577,1573,1574],"product_tag":[],"class_list":{"0":"post-340165","1":"product","2":"type-product","3":"status-publish","4":"has-post-thumbnail","6":"product_cat-anniversary-gifts","7":"product_cat-birthday-gifts","8":"product_cat-collections","9":"product_cat-gold-earrings","10":"product_cat-mothers-day-gifts","11":"product_cat-rosette-stud","12":"product_cat-rosettes-collections","13":"product_cat-rosettes-earring","14":"product_cat-stud-earrings","15":"product_cat-wedding-gifts","16":"product_cat-womens-jewellery","18":"first","19":"instock","20":"taxable","21":"shipping-taxable","22":"purchasable","23":"product-type-simple","24":"add-to-wishlist-before_image"},"yoast_head":"<!-- This site is optimized with the Yoast SEO plugin v27.3 - https:\/\/yoast.com\/product\/yoast-seo-wordpress\/ -->\n<title>Shop 22ct Gold Rosette Floral Stud Earrings | Online PureJewels<\/title>\n<meta name=\"description\" content=\"Shop the 22ct Gold Rosette Floral Stud Earrings from PureJewels\u2019 Rosettes Collection. Featuring sculpted layered rose motifs crafted in hallmarked 22ct gold.\" \/>\n<meta name=\"robots\" content=\"index, follow, max-snippet:-1, max-image-preview:large, max-video-preview:-1\" \/>\n<link rel=\"canonical\" href=\"https:\/\/www.purejewels.com\/tr\/urun\/antika-damla-kupe-22-ayar-altin-rozet-koleksiyonu-43342\/\" \/>\n<meta property=\"og:locale\" content=\"tr_TR\" \/>\n<meta property=\"og:type\" content=\"article\" \/>\n<meta property=\"og:title\" content=\"Shop 22ct Gold Rosette Floral Stud Earrings | Online PureJewels\" \/>\n<meta property=\"og:description\" content=\"Shop the 22ct Gold Rosette Floral Stud Earrings from PureJewels\u2019 Rosettes Collection. Featuring sculpted layered rose motifs crafted in hallmarked 22ct gold.\" \/>\n<meta property=\"og:url\" content=\"https:\/\/www.purejewels.com\/tr\/urun\/antika-damla-kupe-22-ayar-altin-rozet-koleksiyonu-43342\/\" \/>\n<meta property=\"og:site_name\" content=\"PureJewels UK\" \/>\n<meta property=\"article:modified_time\" content=\"2026-03-30T10:17:21+00:00\" \/>\n<meta property=\"og:image\" content=\"https:\/\/static.purejewels.com\/wp-content\/uploads\/2022\/10\/43342-1.jpg\" \/>\n\t<meta property=\"og:image:width\" content=\"1000\" \/>\n\t<meta property=\"og:image:height\" content=\"1000\" \/>\n\t<meta property=\"og:image:type\" content=\"image\/jpeg\" \/>\n<meta name=\"twitter:card\" content=\"summary_large_image\" \/>\n<meta name=\"twitter:label1\" content=\"Tahmini okuma s\u00fcresi\" \/>\n\t<meta name=\"twitter:data1\" content=\"1 dakika\" \/>\n<script type=\"application\/ld+json\" class=\"yoast-schema-graph\">{\"@context\":\"https:\\\/\\\/schema.org\",\"@graph\":[{\"@type\":[\"WebPage\",\"ItemPage\"],\"@id\":\"https:\\\/\\\/www.purejewels.com\\\/product\\\/antique-drop-earring-in-22-carat-gold-rosettes-collection-43342\\\/\",\"url\":\"https:\\\/\\\/www.purejewels.com\\\/product\\\/antique-drop-earring-in-22-carat-gold-rosettes-collection-43342\\\/\",\"name\":\"Shop 22ct Gold Rosette Floral Stud Earrings | Online PureJewels\",\"isPartOf\":{\"@id\":\"https:\\\/\\\/www.purejewels.com\\\/#website\"},\"primaryImageOfPage\":{\"@id\":\"https:\\\/\\\/www.purejewels.com\\\/product\\\/antique-drop-earring-in-22-carat-gold-rosettes-collection-43342\\\/#primaryimage\"},\"image\":{\"@id\":\"https:\\\/\\\/www.purejewels.com\\\/product\\\/antique-drop-earring-in-22-carat-gold-rosettes-collection-43342\\\/#primaryimage\"},\"thumbnailUrl\":\"https:\\\/\\\/static.purejewels.com\\\/wp-content\\\/uploads\\\/2022\\\/10\\\/43342-1.jpg\",\"datePublished\":\"2024-04-23T10:44:40+00:00\",\"dateModified\":\"2026-03-30T10:17:21+00:00\",\"description\":\"Shop the 22ct Gold Rosette Floral Stud Earrings from PureJewels\u2019 Rosettes Collection. Featuring sculpted layered rose motifs crafted in hallmarked 22ct gold.\",\"breadcrumb\":{\"@id\":\"https:\\\/\\\/www.purejewels.com\\\/product\\\/antique-drop-earring-in-22-carat-gold-rosettes-collection-43342\\\/#breadcrumb\"},\"inLanguage\":\"tr\",\"potentialAction\":[{\"@type\":\"ReadAction\",\"target\":[\"https:\\\/\\\/www.purejewels.com\\\/product\\\/antique-drop-earring-in-22-carat-gold-rosettes-collection-43342\\\/\"]}]},{\"@type\":\"ImageObject\",\"inLanguage\":\"tr\",\"@id\":\"https:\\\/\\\/www.purejewels.com\\\/product\\\/antique-drop-earring-in-22-carat-gold-rosettes-collection-43342\\\/#primaryimage\",\"url\":\"https:\\\/\\\/static.purejewels.com\\\/wp-content\\\/uploads\\\/2022\\\/10\\\/43342-1.jpg\",\"contentUrl\":\"https:\\\/\\\/static.purejewels.com\\\/wp-content\\\/uploads\\\/2022\\\/10\\\/43342-1.jpg\",\"width\":1000,\"height\":1000,\"caption\":\"Antique Stud Earring in 22 carat Gold | Rosettes Collection\"},{\"@type\":\"BreadcrumbList\",\"@id\":\"https:\\\/\\\/www.purejewels.com\\\/product\\\/antique-drop-earring-in-22-carat-gold-rosettes-collection-43342\\\/#breadcrumb\",\"itemListElement\":[{\"@type\":\"ListItem\",\"position\":1,\"name\":\"Home\",\"item\":\"https:\\\/\\\/www.purejewels.com\\\/\"},{\"@type\":\"ListItem\",\"position\":2,\"name\":\"Shop\",\"item\":\"https:\\\/\\\/www.purejewels.com\\\/shop\\\/\"},{\"@type\":\"ListItem\",\"position\":3,\"name\":\"22ct Gold Rosette Floral Stud Earrings\"}]},{\"@type\":\"WebSite\",\"@id\":\"https:\\\/\\\/www.purejewels.com\\\/#website\",\"url\":\"https:\\\/\\\/www.purejewels.com\\\/\",\"name\":\"PureJewels UK\",\"description\":\"Share the Love\",\"publisher\":{\"@id\":\"https:\\\/\\\/www.purejewels.com\\\/#organization\"},\"potentialAction\":[{\"@type\":\"SearchAction\",\"target\":{\"@type\":\"EntryPoint\",\"urlTemplate\":\"https:\\\/\\\/www.purejewels.com\\\/?s={search_term_string}\"},\"query-input\":{\"@type\":\"PropertyValueSpecification\",\"valueRequired\":true,\"valueName\":\"search_term_string\"}}],\"inLanguage\":\"tr\"},{\"@type\":\"Organization\",\"@id\":\"https:\\\/\\\/www.purejewels.com\\\/#organization\",\"name\":\"PureJewels UK\",\"url\":\"https:\\\/\\\/www.purejewels.com\\\/\",\"logo\":{\"@type\":\"ImageObject\",\"inLanguage\":\"tr\",\"@id\":\"https:\\\/\\\/www.purejewels.com\\\/#\\\/schema\\\/logo\\\/image\\\/\",\"url\":\"https:\\\/\\\/static.purejewels.com\\\/wp-content\\\/uploads\\\/2020\\\/11\\\/Logo-PJ-New-1.png\",\"contentUrl\":\"https:\\\/\\\/static.purejewels.com\\\/wp-content\\\/uploads\\\/2020\\\/11\\\/Logo-PJ-New-1.png\",\"width\":150,\"height\":80,\"caption\":\"PureJewels UK\"},\"image\":{\"@id\":\"https:\\\/\\\/www.purejewels.com\\\/#\\\/schema\\\/logo\\\/image\\\/\"}}]}<\/script>\n<!-- \/ Yoast SEO plugin. -->","yoast_head_json":{"title":"22 Ayar Alt\u0131n Rozet \u00c7i\u00e7ekli Saplama K\u00fcpe | Online Al\u0131\u015fveri\u015f PureJewels","description":"PureJewels'in Rozetler Koleksiyonu'ndan 22 Ayar Alt\u0131n Rozet \u00c7i\u00e7ekli Saplama K\u00fcpeleri sat\u0131n al\u0131n. Damgal\u0131 22 ayar alt\u0131nla i\u015flenmi\u015f yontulmu\u015f katmanl\u0131 g\u00fcl motiflerine sahiptir.","robots":{"index":"index","follow":"follow","max-snippet":"max-snippet:-1","max-image-preview":"max-image-preview:large","max-video-preview":"max-video-preview:-1"},"canonical":"https:\/\/www.purejewels.com\/tr\/urun\/antika-damla-kupe-22-ayar-altin-rozet-koleksiyonu-43342\/","og_locale":"tr_TR","og_type":"article","og_title":"Shop 22ct Gold Rosette Floral Stud Earrings | Online PureJewels","og_description":"Shop the 22ct Gold Rosette Floral Stud Earrings from PureJewels\u2019 Rosettes Collection. Featuring sculpted layered rose motifs crafted in hallmarked 22ct gold.","og_url":"https:\/\/www.purejewels.com\/tr\/urun\/antika-damla-kupe-22-ayar-altin-rozet-koleksiyonu-43342\/","og_site_name":"PureJewels UK","article_modified_time":"2026-03-30T10:17:21+00:00","og_image":[{"width":1000,"height":1000,"url":"https:\/\/static.purejewels.com\/wp-content\/uploads\/2022\/10\/43342-1.jpg","type":"image\/jpeg"}],"twitter_card":"summary_large_image","twitter_misc":{"Tahmini okuma s\u00fcresi":"1 dakika"},"schema":{"@context":"https:\/\/schema.org","@graph":[{"@type":["WebPage","ItemPage"],"@id":"https:\/\/www.purejewels.com\/product\/antique-drop-earring-in-22-carat-gold-rosettes-collection-43342\/","url":"https:\/\/www.purejewels.com\/product\/antique-drop-earring-in-22-carat-gold-rosettes-collection-43342\/","name":"22 Ayar Alt\u0131n Rozet \u00c7i\u00e7ekli Saplama K\u00fcpe | Online Al\u0131\u015fveri\u015f PureJewels","isPartOf":{"@id":"https:\/\/www.purejewels.com\/#website"},"primaryImageOfPage":{"@id":"https:\/\/www.purejewels.com\/product\/antique-drop-earring-in-22-carat-gold-rosettes-collection-43342\/#primaryimage"},"image":{"@id":"https:\/\/www.purejewels.com\/product\/antique-drop-earring-in-22-carat-gold-rosettes-collection-43342\/#primaryimage"},"thumbnailUrl":"https:\/\/static.purejewels.com\/wp-content\/uploads\/2022\/10\/43342-1.jpg","datePublished":"2024-04-23T10:44:40+00:00","dateModified":"2026-03-30T10:17:21+00:00","description":"PureJewels'in Rozetler Koleksiyonu'ndan 22 Ayar Alt\u0131n Rozet \u00c7i\u00e7ekli Saplama K\u00fcpeleri sat\u0131n al\u0131n. Damgal\u0131 22 ayar alt\u0131nla i\u015flenmi\u015f yontulmu\u015f katmanl\u0131 g\u00fcl motiflerine sahiptir.","breadcrumb":{"@id":"https:\/\/www.purejewels.com\/product\/antique-drop-earring-in-22-carat-gold-rosettes-collection-43342\/#breadcrumb"},"inLanguage":"tr","potentialAction":[{"@type":"ReadAction","target":["https:\/\/www.purejewels.com\/product\/antique-drop-earring-in-22-carat-gold-rosettes-collection-43342\/"]}]},{"@type":"ImageObject","inLanguage":"tr","@id":"https:\/\/www.purejewels.com\/product\/antique-drop-earring-in-22-carat-gold-rosettes-collection-43342\/#primaryimage","url":"https:\/\/static.purejewels.com\/wp-content\/uploads\/2022\/10\/43342-1.jpg","contentUrl":"https:\/\/static.purejewels.com\/wp-content\/uploads\/2022\/10\/43342-1.jpg","width":1000,"height":1000,"caption":"Antique Stud Earring in 22 carat Gold | Rosettes Collection"},{"@type":"BreadcrumbList","@id":"https:\/\/www.purejewels.com\/product\/antique-drop-earring-in-22-carat-gold-rosettes-collection-43342\/#breadcrumb","itemListElement":[{"@type":"ListItem","position":1,"name":"Home","item":"https:\/\/www.purejewels.com\/"},{"@type":"ListItem","position":2,"name":"Shop","item":"https:\/\/www.purejewels.com\/shop\/"},{"@type":"ListItem","position":3,"name":"22ct Gold Rosette Floral Stud Earrings"}]},{"@type":"WebSite","@id":"https:\/\/www.purejewels.com\/#website","url":"https:\/\/www.purejewels.com\/","name":"PureJewels \u0130ngiltere","description":"Sevgiyi Payla\u015f\u0131n","publisher":{"@id":"https:\/\/www.purejewels.com\/#organization"},"potentialAction":[{"@type":"SearchAction","target":{"@type":"EntryPoint","urlTemplate":"https:\/\/www.purejewels.com\/?s={search_term_string}"},"query-input":{"@type":"PropertyValueSpecification","valueRequired":true,"valueName":"search_term_string"}}],"inLanguage":"tr"},{"@type":"Organization","@id":"https:\/\/www.purejewels.com\/#organization","name":"PureJewels \u0130ngiltere","url":"https:\/\/www.purejewels.com\/","logo":{"@type":"ImageObject","inLanguage":"tr","@id":"https:\/\/www.purejewels.com\/#\/schema\/logo\/image\/","url":"https:\/\/static.purejewels.com\/wp-content\/uploads\/2020\/11\/Logo-PJ-New-1.png","contentUrl":"https:\/\/static.purejewels.com\/wp-content\/uploads\/2020\/11\/Logo-PJ-New-1.png","width":150,"height":80,"caption":"PureJewels UK"},"image":{"@id":"https:\/\/www.purejewels.com\/#\/schema\/logo\/image\/"}}]}},"_links":{"self":[{"href":"https:\/\/www.purejewels.com\/tr\/wp-json\/wp\/v2\/product\/340165","targetHints":{"allow":["GET"]}}],"collection":[{"href":"https:\/\/www.purejewels.com\/tr\/wp-json\/wp\/v2\/product"}],"about":[{"href":"https:\/\/www.purejewels.com\/tr\/wp-json\/wp\/v2\/types\/product"}],"replies":[{"embeddable":true,"href":"https:\/\/www.purejewels.com\/tr\/wp-json\/wp\/v2\/comments?post=340165"}],"version-history":[{"count":4,"href":"https:\/\/www.purejewels.com\/tr\/wp-json\/wp\/v2\/product\/340165\/revisions"}],"predecessor-version":[{"id":427822,"href":"https:\/\/www.purejewels.com\/tr\/wp-json\/wp\/v2\/product\/340165\/revisions\/427822"}],"wp:featuredmedia":[{"embeddable":true,"href":"https:\/\/www.purejewels.com\/tr\/wp-json\/wp\/v2\/media\/340180"}],"wp:attachment":[{"href":"https:\/\/www.purejewels.com\/tr\/wp-json\/wp\/v2\/media?parent=340165"}],"wp:term":[{"taxonomy":"product_brand","embeddable":true,"href":"https:\/\/www.purejewels.com\/tr\/wp-json\/wp\/v2\/product_brand?post=340165"},{"taxonomy":"product_cat","embeddable":true,"href":"https:\/\/www.purejewels.com\/tr\/wp-json\/wp\/v2\/product_cat?post=340165"},{"taxonomy":"product_tag","embeddable":true,"href":"https:\/\/www.purejewels.com\/tr\/wp-json\/wp\/v2\/product_tag?post=340165"}],"curies":[{"name":"wp","href":"https:\/\/api.w.org\/{rel}","templated":true}]}}