{"id":340188,"date":"2024-07-03T12:26:36","date_gmt":"2024-07-03T11:26:36","guid":{"rendered":"https:\/\/www.purejewels.com\/?post_type=product&#038;p=340188"},"modified":"2026-02-03T12:22:47","modified_gmt":"2026-02-03T12:22:47","slug":"inci-tasli-rozetli-22-ayar-altin-gelin-damla-kupe-koleksiyonu-43352","status":"publish","type":"product","link":"https:\/\/www.purejewels.com\/tr\/product\/22ct-gold-bridal-drop-earring-with-pearl-stone-rosettes-collection-43352\/","title":{"rendered":"22 Ayar Alt\u0131n Chand Bali \u0130ncili K\u00fcpe | Rozet Koleksiyonu"},"content":{"rendered":"<ul>\n<li><b>Menzil kimli\u011fi:<\/b>\u00a0JWERCBRS002<\/li>\n<li>\n<h3>Rozetler Koleksiyonundan 22 Ayar Alt\u0131n Gelin Damla K\u00fcpesi<\/h3>\n<p>Bu \u00f6zel g\u00fcn\u00fcn\u00fcz\u00fc, tatl\u0131 su incileriyle s\u00fcslenmi\u015f ba\u015far\u0131 ve kazan\u0131m sembol\u00fc Rozet Koleksiyonu'ndan b\u00fcy\u00fcleyici 22 Ayar Alt\u0131n Gelin Damla K\u00fcpemizle kutlay\u0131n.<\/p>\n<p>Detaylara titizlikle \u00f6zen g\u00f6sterilerek haz\u0131rlanan bu k\u00fcpeler, 22 ayar ger\u00e7ek alt\u0131ndan \u00fcretilmi\u015f, zarafet ve sofistike bir g\u00f6r\u00fcn\u00fcm sergileyen, rozetten ilham alan narin tasar\u0131mlara sahiptir. Her bir k\u00fcpe, safl\u0131\u011f\u0131 ve yeni ba\u015flang\u0131\u00e7lar\u0131 simgeleyen parlak bir tatl\u0131 su incisiyle s\u00fcslenmi\u015ftir.<\/p>\n<p>Rosettes Koleksiyonu, hayat\u0131n d\u00f6n\u00fcm noktalar\u0131n\u0131 zarafet ve g\u00fczellikle onurland\u0131ran kutlama ruhunu temsil eder. Bu k\u00fcpeler, gelinin en unutulmaz g\u00fcn\u00fcnde onu tamamlamak ve gelin k\u0131yafetine zamans\u0131z bir cazibe katmak i\u00e7in tasarlanm\u0131\u015ft\u0131r.<\/p>\n<p>Rozetler Koleksiyonu'ndan 22 Ayar Alt\u0131n Gelin Damla K\u00fcpemiz ile gelin g\u00f6r\u00fcn\u00fcm\u00fcn\u00fcz\u00fc y\u00fckseltin. \u0130ster evlilik yolunda y\u00fcr\u00fcyor ister sevdiklerinizle kutlama yap\u0131yor olun, bu k\u00fcpeler a\u015fk\u0131n, ba\u015far\u0131n\u0131n ve birlikte g\u00fczel bir gelecek vaadinin sembol\u00fcd\u00fcr.<\/li>\n<\/ul>","protected":false},"excerpt":{"rendered":"<ul>\n<li>22 Ayar Alt\u0131n Damla K\u00fcpe<\/li>\n<li>G\u00fczel tasar\u0131ml\u0131 k\u00fcpe<\/li>\n<li>A\u011f\u0131rl\u0131k 28,3 gms<\/li>\n<li>SKU. 43352<\/li>\n<li>Katalog kimli\u011fi. R1076<\/li>\n<li>T\u00fcm fiyatlara KDV dahildir<\/li>\n<li>T\u00fcm \u00fcr\u00fcnlerimiz London Assay Office taraf\u0131ndan damgalanm\u0131\u015ft\u0131r<\/li>\n<li>Sunum Kutusu ile Birlikte Gelir<\/li>\n<li>Teslimat Dahil<\/li>\n<li>Koleksiyonumuzu ke\u015ffedin <strong>geli\u0307n ve d\u00fc\u011f\u00fcn k\u00fcpeleri\u0307<\/strong><\/li>\n<li>\u00dcr\u00fcn\u00fcn canl\u0131 videosu i\u00e7in bize ula\u015f\u0131n \/ bizimle sohbet edin<\/li>\n<\/ul>","protected":false},"featured_media":365639,"comment_status":"closed","ping_status":"closed","template":"","meta":{"_eb_attr":"","_crsspst_to_jayantr4sg-hostcom":false},"product_brand":[],"product_cat":[5315,5657,1685,5701,1792,1790,1254,1229,5456,6149,1656,5274,1573],"product_tag":[1430],"class_list":{"0":"post-340188","1":"product","2":"type-product","3":"status-publish","4":"has-post-thumbnail","6":"product_cat-bridal-and-wedding-earrings","7":"product_cat-chand-bali","8":"product_cat-drop-earrings","9":"product_cat-eid-jewellery","10":"product_cat-festival-gifts","11":"product_cat-for-whom-when","12":"product_cat-gold-earrings","13":"product_cat-22ct-gold-jewellery","14":"product_cat-pearl-collection","15":"product_cat-rosette-drop-earring","16":"product_cat-rosettes-collections","17":"product_cat-rosettes-earring","18":"product_cat-wedding-gifts","19":"product_tag-diwali-gift","21":"first","22":"instock","23":"taxable","24":"shipping-taxable","25":"purchasable","26":"product-type-simple","27":"add-to-wishlist-before_image"},"yoast_head":"<!-- This site is optimized with the Yoast SEO plugin v27.6 - https:\/\/yoast.com\/product\/yoast-seo-wordpress\/ -->\n<title>22ct Gold Bridal Drop Earrings with pearl Online | PureJewels UK<\/title>\n<meta name=\"description\" content=\"Are you looking for a gold Bridal drop Earring in beautiful designs, suitable for all occasions? Order online | Fast delivery | Free UK Delivery.\" \/>\n<meta name=\"robots\" content=\"index, follow, max-snippet:-1, max-image-preview:large, max-video-preview:-1\" \/>\n<link rel=\"canonical\" href=\"https:\/\/www.purejewels.com\/tr\/urun\/inci-tasli-rozetli-22-ayar-altin-gelin-damla-kupe-koleksiyonu-43352\/\" \/>\n<meta property=\"og:locale\" content=\"tr_TR\" \/>\n<meta property=\"og:type\" content=\"article\" \/>\n<meta property=\"og:title\" content=\"22ct Gold Bridal Drop Earrings with pearl Online | PureJewels UK\" \/>\n<meta property=\"og:description\" content=\"Are you looking for a gold Bridal drop Earring in beautiful designs, suitable for all occasions? Order online | Fast delivery | Free UK Delivery.\" \/>\n<meta property=\"og:url\" content=\"https:\/\/www.purejewels.com\/tr\/urun\/inci-tasli-rozetli-22-ayar-altin-gelin-damla-kupe-koleksiyonu-43352\/\" \/>\n<meta property=\"og:site_name\" content=\"PureJewels UK\" \/>\n<meta property=\"article:modified_time\" content=\"2026-02-03T12:22:47+00:00\" \/>\n<meta property=\"og:image\" content=\"https:\/\/static.purejewels.com\/wp-content\/uploads\/2023\/07\/43352-576x576.png\" \/>\n\t<meta property=\"og:image:width\" content=\"576\" \/>\n\t<meta property=\"og:image:height\" content=\"576\" \/>\n\t<meta property=\"og:image:type\" content=\"image\/png\" \/>\n<meta name=\"twitter:card\" content=\"summary_large_image\" \/>\n<meta name=\"twitter:label1\" content=\"Tahmini okuma s\u00fcresi\" \/>\n\t<meta name=\"twitter:data1\" content=\"1 dakika\" \/>\n<script type=\"application\/ld+json\" class=\"yoast-schema-graph\">{\"@context\":\"https:\\\/\\\/schema.org\",\"@graph\":[{\"@type\":[\"WebPage\",\"ItemPage\"],\"@id\":\"https:\\\/\\\/www.purejewels.com\\\/product\\\/22ct-gold-bridal-drop-earring-with-pearl-stone-rosettes-collection-43352\\\/\",\"url\":\"https:\\\/\\\/www.purejewels.com\\\/product\\\/22ct-gold-bridal-drop-earring-with-pearl-stone-rosettes-collection-43352\\\/\",\"name\":\"22ct Gold Bridal Drop Earrings with pearl Online | PureJewels UK\",\"isPartOf\":{\"@id\":\"https:\\\/\\\/www.purejewels.com\\\/#website\"},\"primaryImageOfPage\":{\"@id\":\"https:\\\/\\\/www.purejewels.com\\\/product\\\/22ct-gold-bridal-drop-earring-with-pearl-stone-rosettes-collection-43352\\\/#primaryimage\"},\"image\":{\"@id\":\"https:\\\/\\\/www.purejewels.com\\\/product\\\/22ct-gold-bridal-drop-earring-with-pearl-stone-rosettes-collection-43352\\\/#primaryimage\"},\"thumbnailUrl\":\"https:\\\/\\\/static.purejewels.com\\\/wp-content\\\/uploads\\\/2023\\\/07\\\/43352.png\",\"datePublished\":\"2024-07-03T11:26:36+00:00\",\"dateModified\":\"2026-02-03T12:22:47+00:00\",\"description\":\"Are you looking for a gold Bridal drop Earring in beautiful designs, suitable for all occasions? Order online | Fast delivery | Free UK Delivery.\",\"breadcrumb\":{\"@id\":\"https:\\\/\\\/www.purejewels.com\\\/product\\\/22ct-gold-bridal-drop-earring-with-pearl-stone-rosettes-collection-43352\\\/#breadcrumb\"},\"inLanguage\":\"tr\",\"potentialAction\":[{\"@type\":\"ReadAction\",\"target\":[\"https:\\\/\\\/www.purejewels.com\\\/product\\\/22ct-gold-bridal-drop-earring-with-pearl-stone-rosettes-collection-43352\\\/\"]}]},{\"@type\":\"ImageObject\",\"inLanguage\":\"tr\",\"@id\":\"https:\\\/\\\/www.purejewels.com\\\/product\\\/22ct-gold-bridal-drop-earring-with-pearl-stone-rosettes-collection-43352\\\/#primaryimage\",\"url\":\"https:\\\/\\\/static.purejewels.com\\\/wp-content\\\/uploads\\\/2023\\\/07\\\/43352.png\",\"contentUrl\":\"https:\\\/\\\/static.purejewels.com\\\/wp-content\\\/uploads\\\/2023\\\/07\\\/43352.png\",\"width\":1000,\"height\":1000,\"caption\":\"22ct Gold Earring\"},{\"@type\":\"BreadcrumbList\",\"@id\":\"https:\\\/\\\/www.purejewels.com\\\/product\\\/22ct-gold-bridal-drop-earring-with-pearl-stone-rosettes-collection-43352\\\/#breadcrumb\",\"itemListElement\":[{\"@type\":\"ListItem\",\"position\":1,\"name\":\"Home\",\"item\":\"https:\\\/\\\/www.purejewels.com\\\/\"},{\"@type\":\"ListItem\",\"position\":2,\"name\":\"Shop\",\"item\":\"https:\\\/\\\/www.purejewels.com\\\/shop\\\/\"},{\"@type\":\"ListItem\",\"position\":3,\"name\":\"22ct Gold Chand Bali Earring With Pearls | Rosettes Collection\"}]},{\"@type\":\"WebSite\",\"@id\":\"https:\\\/\\\/www.purejewels.com\\\/#website\",\"url\":\"https:\\\/\\\/www.purejewels.com\\\/\",\"name\":\"PureJewels UK\",\"description\":\"Share the Love\",\"publisher\":{\"@id\":\"https:\\\/\\\/www.purejewels.com\\\/#organization\"},\"potentialAction\":[{\"@type\":\"SearchAction\",\"target\":{\"@type\":\"EntryPoint\",\"urlTemplate\":\"https:\\\/\\\/www.purejewels.com\\\/?s={search_term_string}\"},\"query-input\":{\"@type\":\"PropertyValueSpecification\",\"valueRequired\":true,\"valueName\":\"search_term_string\"}}],\"inLanguage\":\"tr\"},{\"@type\":\"Organization\",\"@id\":\"https:\\\/\\\/www.purejewels.com\\\/#organization\",\"name\":\"PureJewels UK\",\"url\":\"https:\\\/\\\/www.purejewels.com\\\/\",\"logo\":{\"@type\":\"ImageObject\",\"inLanguage\":\"tr\",\"@id\":\"https:\\\/\\\/www.purejewels.com\\\/#\\\/schema\\\/logo\\\/image\\\/\",\"url\":\"https:\\\/\\\/static.purejewels.com\\\/wp-content\\\/uploads\\\/2020\\\/11\\\/Logo-PJ-New-1.png\",\"contentUrl\":\"https:\\\/\\\/static.purejewels.com\\\/wp-content\\\/uploads\\\/2020\\\/11\\\/Logo-PJ-New-1.png\",\"width\":150,\"height\":80,\"caption\":\"PureJewels UK\"},\"image\":{\"@id\":\"https:\\\/\\\/www.purejewels.com\\\/#\\\/schema\\\/logo\\\/image\\\/\"}}]}<\/script>\n<!-- \/ Yoast SEO plugin. -->","yoast_head_json":{"title":"22 Ayar Alt\u0131n \u0130ncili Gelin Damla K\u00fcpe Online | PureJewels UK","description":"T\u00fcm durumlar i\u00e7in uygun, g\u00fczel tasar\u0131mlarda alt\u0131n Gelin Damla K\u00fcpesi mi ar\u0131yorsunuz? Online sipari\u015f verin | H\u0131zl\u0131 teslimat | \u00dccretsiz \u0130ngiltere Teslimat\u0131.","robots":{"index":"index","follow":"follow","max-snippet":"max-snippet:-1","max-image-preview":"max-image-preview:large","max-video-preview":"max-video-preview:-1"},"canonical":"https:\/\/www.purejewels.com\/tr\/urun\/inci-tasli-rozetli-22-ayar-altin-gelin-damla-kupe-koleksiyonu-43352\/","og_locale":"tr_TR","og_type":"article","og_title":"22ct Gold Bridal Drop Earrings with pearl Online | PureJewels UK","og_description":"Are you looking for a gold Bridal drop Earring in beautiful designs, suitable for all occasions? Order online | Fast delivery | Free UK Delivery.","og_url":"https:\/\/www.purejewels.com\/tr\/urun\/inci-tasli-rozetli-22-ayar-altin-gelin-damla-kupe-koleksiyonu-43352\/","og_site_name":"PureJewels UK","article_modified_time":"2026-02-03T12:22:47+00:00","og_image":[{"width":576,"height":576,"url":"https:\/\/static.purejewels.com\/wp-content\/uploads\/2023\/07\/43352-576x576.png","type":"image\/png"}],"twitter_card":"summary_large_image","twitter_misc":{"Tahmini okuma s\u00fcresi":"1 dakika"},"schema":{"@context":"https:\/\/schema.org","@graph":[{"@type":["WebPage","ItemPage"],"@id":"https:\/\/www.purejewels.com\/product\/22ct-gold-bridal-drop-earring-with-pearl-stone-rosettes-collection-43352\/","url":"https:\/\/www.purejewels.com\/product\/22ct-gold-bridal-drop-earring-with-pearl-stone-rosettes-collection-43352\/","name":"22 Ayar Alt\u0131n \u0130ncili Gelin Damla K\u00fcpe Online | PureJewels UK","isPartOf":{"@id":"https:\/\/www.purejewels.com\/#website"},"primaryImageOfPage":{"@id":"https:\/\/www.purejewels.com\/product\/22ct-gold-bridal-drop-earring-with-pearl-stone-rosettes-collection-43352\/#primaryimage"},"image":{"@id":"https:\/\/www.purejewels.com\/product\/22ct-gold-bridal-drop-earring-with-pearl-stone-rosettes-collection-43352\/#primaryimage"},"thumbnailUrl":"https:\/\/static.purejewels.com\/wp-content\/uploads\/2023\/07\/43352.png","datePublished":"2024-07-03T11:26:36+00:00","dateModified":"2026-02-03T12:22:47+00:00","description":"T\u00fcm durumlar i\u00e7in uygun, g\u00fczel tasar\u0131mlarda alt\u0131n Gelin Damla K\u00fcpesi mi ar\u0131yorsunuz? Online sipari\u015f verin | H\u0131zl\u0131 teslimat | \u00dccretsiz \u0130ngiltere Teslimat\u0131.","breadcrumb":{"@id":"https:\/\/www.purejewels.com\/product\/22ct-gold-bridal-drop-earring-with-pearl-stone-rosettes-collection-43352\/#breadcrumb"},"inLanguage":"tr","potentialAction":[{"@type":"ReadAction","target":["https:\/\/www.purejewels.com\/product\/22ct-gold-bridal-drop-earring-with-pearl-stone-rosettes-collection-43352\/"]}]},{"@type":"ImageObject","inLanguage":"tr","@id":"https:\/\/www.purejewels.com\/product\/22ct-gold-bridal-drop-earring-with-pearl-stone-rosettes-collection-43352\/#primaryimage","url":"https:\/\/static.purejewels.com\/wp-content\/uploads\/2023\/07\/43352.png","contentUrl":"https:\/\/static.purejewels.com\/wp-content\/uploads\/2023\/07\/43352.png","width":1000,"height":1000,"caption":"22ct Gold Earring"},{"@type":"BreadcrumbList","@id":"https:\/\/www.purejewels.com\/product\/22ct-gold-bridal-drop-earring-with-pearl-stone-rosettes-collection-43352\/#breadcrumb","itemListElement":[{"@type":"ListItem","position":1,"name":"Home","item":"https:\/\/www.purejewels.com\/"},{"@type":"ListItem","position":2,"name":"Shop","item":"https:\/\/www.purejewels.com\/shop\/"},{"@type":"ListItem","position":3,"name":"22ct Gold Chand Bali Earring With Pearls | Rosettes Collection"}]},{"@type":"WebSite","@id":"https:\/\/www.purejewels.com\/#website","url":"https:\/\/www.purejewels.com\/","name":"PureJewels \u0130ngiltere","description":"Sevgiyi Payla\u015f\u0131n","publisher":{"@id":"https:\/\/www.purejewels.com\/#organization"},"potentialAction":[{"@type":"SearchAction","target":{"@type":"EntryPoint","urlTemplate":"https:\/\/www.purejewels.com\/?s={search_term_string}"},"query-input":{"@type":"PropertyValueSpecification","valueRequired":true,"valueName":"search_term_string"}}],"inLanguage":"tr"},{"@type":"Organization","@id":"https:\/\/www.purejewels.com\/#organization","name":"PureJewels \u0130ngiltere","url":"https:\/\/www.purejewels.com\/","logo":{"@type":"ImageObject","inLanguage":"tr","@id":"https:\/\/www.purejewels.com\/#\/schema\/logo\/image\/","url":"https:\/\/static.purejewels.com\/wp-content\/uploads\/2020\/11\/Logo-PJ-New-1.png","contentUrl":"https:\/\/static.purejewels.com\/wp-content\/uploads\/2020\/11\/Logo-PJ-New-1.png","width":150,"height":80,"caption":"PureJewels UK"},"image":{"@id":"https:\/\/www.purejewels.com\/#\/schema\/logo\/image\/"}}]}},"_links":{"self":[{"href":"https:\/\/www.purejewels.com\/tr\/wp-json\/wp\/v2\/product\/340188","targetHints":{"allow":["GET"]}}],"collection":[{"href":"https:\/\/www.purejewels.com\/tr\/wp-json\/wp\/v2\/product"}],"about":[{"href":"https:\/\/www.purejewels.com\/tr\/wp-json\/wp\/v2\/types\/product"}],"replies":[{"embeddable":true,"href":"https:\/\/www.purejewels.com\/tr\/wp-json\/wp\/v2\/comments?post=340188"}],"version-history":[{"count":4,"href":"https:\/\/www.purejewels.com\/tr\/wp-json\/wp\/v2\/product\/340188\/revisions"}],"predecessor-version":[{"id":388669,"href":"https:\/\/www.purejewels.com\/tr\/wp-json\/wp\/v2\/product\/340188\/revisions\/388669"}],"wp:featuredmedia":[{"embeddable":true,"href":"https:\/\/www.purejewels.com\/tr\/wp-json\/wp\/v2\/media\/365639"}],"wp:attachment":[{"href":"https:\/\/www.purejewels.com\/tr\/wp-json\/wp\/v2\/media?parent=340188"}],"wp:term":[{"taxonomy":"product_brand","embeddable":true,"href":"https:\/\/www.purejewels.com\/tr\/wp-json\/wp\/v2\/product_brand?post=340188"},{"taxonomy":"product_cat","embeddable":true,"href":"https:\/\/www.purejewels.com\/tr\/wp-json\/wp\/v2\/product_cat?post=340188"},{"taxonomy":"product_tag","embeddable":true,"href":"https:\/\/www.purejewels.com\/tr\/wp-json\/wp\/v2\/product_tag?post=340188"}],"curies":[{"name":"wp","href":"https:\/\/api.w.org\/{rel}","templated":true}]}}