{"id":340225,"date":"2023-07-20T13:44:56","date_gmt":"2023-07-20T12:44:56","guid":{"rendered":"https:\/\/www.purejewels.com\/?post_type=product&#038;p=340225"},"modified":"2025-10-10T11:00:28","modified_gmt":"2025-10-10T10:00:28","slug":"22-ayar-altin-fantezi-ayarlanabilir-bayan-yuzuk-rozet-koleksiyonu-41178","status":"publish","type":"product","link":"https:\/\/www.purejewels.com\/tr\/product\/22ct-gold-fancy-adjustable-ladies-ring-rosettes-collection-41178\/","title":{"rendered":"22 Ayar Alt\u0131n Ayarlanabilir Bayan Y\u00fcz\u00fck | 12mm"},"content":{"rendered":"<ul>\n<li><b>SKU:<\/b> 45351<\/li>\n<\/ul>","protected":false},"excerpt":{"rendered":"<table>\n<tbody>\n<tr>\n<td>Y\u00fcz\u00fck Tipi<\/td>\n<td>22 Ayar Alt\u0131n Y\u00fcz\u00fck<\/td>\n<\/tr>\n<tr>\n<td>SKU<\/td>\n<td>45351<\/td>\n<\/tr>\n<tr>\n<td>A\u011f\u0131rl\u0131k<\/td>\n<td>2,8 gms<\/td>\n<\/tr>\n<tr>\n<td>Y\u00fcz\u00fck \u00d6l\u00e7\u00fcs\u00fc<\/td>\n<td>Ayarlanabilir<\/td>\n<\/tr>\n<tr>\n<td>Geni\u015flik<\/td>\n<td>12 mm<\/td>\n<\/tr>\n<tr>\n<td>Koleksiyon<\/td>\n<td><strong>Rozet Koleksiyonu<\/strong><\/td>\n<\/tr>\n<tr>\n<td>\u00dccretler<\/td>\n<td>Teslimat ve KDV Dahil<\/td>\n<\/tr>\n<tr>\n<td>Paketleme<\/td>\n<td>Sunum Kutusu ile Birlikte Gelir<\/td>\n<\/tr>\n<tr>\n<td>Daha Fazla Bilgi<\/td>\n<td>\n<ul>\n<li>M\u00fcsaitlik durumu ve daha fazla resim i\u00e7in bizimle canl\u0131 sohbet edin<\/li>\n<li>Y\u00fcz\u00fck \u00d6l\u00e7\u00fcn\u00fcz\u00fc Kontrol Etmek \u0130\u00e7in Buraya T\u0131klay\u0131n<\/li>\n<\/ul>\n<\/td>\n<\/tr>\n<\/tbody>\n<\/table>","protected":false},"featured_media":349132,"comment_status":"closed","ping_status":"closed","template":"","meta":{"_eb_attr":"","_crsspst_to_jayantr4sg-hostcom":false},"product_brand":[],"product_cat":[1791,1559,1229,1235,1783,1786,5338,6157,1656,5276,1569,1574],"product_tag":[],"class_list":{"0":"post-340225","1":"product","2":"type-product","3":"status-publish","4":"has-post-thumbnail","6":"product_cat-anniversary-gifts","7":"product_cat-birthday-gifts","8":"product_cat-22ct-gold-jewellery","9":"product_cat-gold-rings","10":"product_cat-ladies-rings","11":"product_cat-occasional-wear-rings","12":"product_cat-shop-by-price","13":"product_cat-rosette-cocktail-rings","14":"product_cat-rosettes-collections","15":"product_cat-rosettes-ring","16":"product_cat-valentine-day-gifts","17":"product_cat-womens-jewellery","19":"first","20":"outofstock","21":"taxable","22":"shipping-taxable","23":"product-type-simple","24":"add-to-wishlist-before_image"},"yoast_head":"<!-- This site is optimized with the Yoast SEO plugin v27.5 - https:\/\/yoast.com\/product\/yoast-seo-wordpress\/ -->\n<title>22ct Gold Fancy Adjustable Ladies Ring | PureJewels UK<\/title>\n<meta name=\"description\" content=\"Get the perfect 22ct Gold Fancy Adjustable Ladies Ring. Elevate your elegance with this exquisite Jewellery. Buy now! Free delivery across UK.\" \/>\n<meta name=\"robots\" content=\"index, follow, max-snippet:-1, max-image-preview:large, max-video-preview:-1\" \/>\n<link rel=\"canonical\" href=\"https:\/\/www.purejewels.com\/tr\/urun\/22-ayar-altin-fantezi-ayarlanabilir-bayan-yuzuk-rozet-koleksiyonu-41178\/\" \/>\n<meta property=\"og:locale\" content=\"tr_TR\" \/>\n<meta property=\"og:type\" content=\"article\" \/>\n<meta property=\"og:title\" content=\"22ct Gold Fancy Adjustable Ladies Ring | PureJewels UK\" \/>\n<meta property=\"og:description\" content=\"Get the perfect 22ct Gold Fancy Adjustable Ladies Ring. Elevate your elegance with this exquisite Jewellery. Buy now! Free delivery across UK.\" \/>\n<meta property=\"og:url\" content=\"https:\/\/www.purejewels.com\/tr\/urun\/22-ayar-altin-fantezi-ayarlanabilir-bayan-yuzuk-rozet-koleksiyonu-41178\/\" \/>\n<meta property=\"og:site_name\" content=\"PureJewels UK\" \/>\n<meta property=\"article:modified_time\" content=\"2025-10-10T10:00:28+00:00\" \/>\n<meta property=\"og:image\" content=\"https:\/\/www.purejewels.com\/wp-content\/uploads\/2023\/07\/11.jpg\" \/>\n\t<meta property=\"og:image:width\" content=\"1000\" \/>\n\t<meta property=\"og:image:height\" content=\"1000\" \/>\n\t<meta property=\"og:image:type\" content=\"image\/jpeg\" \/>\n<meta name=\"twitter:card\" content=\"summary_large_image\" \/>\n<script type=\"application\/ld+json\" class=\"yoast-schema-graph\">{\"@context\":\"https:\\\/\\\/schema.org\",\"@graph\":[{\"@type\":[\"WebPage\",\"ItemPage\"],\"@id\":\"https:\\\/\\\/www.purejewels.com\\\/product\\\/22ct-gold-fancy-adjustable-ladies-ring-rosettes-collection-41178\\\/\",\"url\":\"https:\\\/\\\/www.purejewels.com\\\/product\\\/22ct-gold-fancy-adjustable-ladies-ring-rosettes-collection-41178\\\/\",\"name\":\"22ct Gold Fancy Adjustable Ladies Ring | PureJewels UK\",\"isPartOf\":{\"@id\":\"https:\\\/\\\/www.purejewels.com\\\/#website\"},\"primaryImageOfPage\":{\"@id\":\"https:\\\/\\\/www.purejewels.com\\\/product\\\/22ct-gold-fancy-adjustable-ladies-ring-rosettes-collection-41178\\\/#primaryimage\"},\"image\":{\"@id\":\"https:\\\/\\\/www.purejewels.com\\\/product\\\/22ct-gold-fancy-adjustable-ladies-ring-rosettes-collection-41178\\\/#primaryimage\"},\"thumbnailUrl\":\"https:\\\/\\\/static.purejewels.com\\\/wp-content\\\/uploads\\\/2023\\\/07\\\/11.jpg\",\"datePublished\":\"2023-07-20T12:44:56+00:00\",\"dateModified\":\"2025-10-10T10:00:28+00:00\",\"description\":\"Get the perfect 22ct Gold Fancy Adjustable Ladies Ring. Elevate your elegance with this exquisite Jewellery. Buy now! Free delivery across UK.\",\"breadcrumb\":{\"@id\":\"https:\\\/\\\/www.purejewels.com\\\/product\\\/22ct-gold-fancy-adjustable-ladies-ring-rosettes-collection-41178\\\/#breadcrumb\"},\"inLanguage\":\"tr\",\"potentialAction\":[{\"@type\":\"ReadAction\",\"target\":[\"https:\\\/\\\/www.purejewels.com\\\/product\\\/22ct-gold-fancy-adjustable-ladies-ring-rosettes-collection-41178\\\/\"]}]},{\"@type\":\"ImageObject\",\"inLanguage\":\"tr\",\"@id\":\"https:\\\/\\\/www.purejewels.com\\\/product\\\/22ct-gold-fancy-adjustable-ladies-ring-rosettes-collection-41178\\\/#primaryimage\",\"url\":\"https:\\\/\\\/static.purejewels.com\\\/wp-content\\\/uploads\\\/2023\\\/07\\\/11.jpg\",\"contentUrl\":\"https:\\\/\\\/static.purejewels.com\\\/wp-content\\\/uploads\\\/2023\\\/07\\\/11.jpg\",\"width\":1000,\"height\":1000},{\"@type\":\"BreadcrumbList\",\"@id\":\"https:\\\/\\\/www.purejewels.com\\\/product\\\/22ct-gold-fancy-adjustable-ladies-ring-rosettes-collection-41178\\\/#breadcrumb\",\"itemListElement\":[{\"@type\":\"ListItem\",\"position\":1,\"name\":\"Home\",\"item\":\"https:\\\/\\\/www.purejewels.com\\\/\"},{\"@type\":\"ListItem\",\"position\":2,\"name\":\"Shop\",\"item\":\"https:\\\/\\\/www.purejewels.com\\\/shop\\\/\"},{\"@type\":\"ListItem\",\"position\":3,\"name\":\"22ct Gold Adjustable Ladies Ring | 12mm\"}]},{\"@type\":\"WebSite\",\"@id\":\"https:\\\/\\\/www.purejewels.com\\\/#website\",\"url\":\"https:\\\/\\\/www.purejewels.com\\\/\",\"name\":\"PureJewels UK\",\"description\":\"Share the Love\",\"publisher\":{\"@id\":\"https:\\\/\\\/www.purejewels.com\\\/#organization\"},\"potentialAction\":[{\"@type\":\"SearchAction\",\"target\":{\"@type\":\"EntryPoint\",\"urlTemplate\":\"https:\\\/\\\/www.purejewels.com\\\/?s={search_term_string}\"},\"query-input\":{\"@type\":\"PropertyValueSpecification\",\"valueRequired\":true,\"valueName\":\"search_term_string\"}}],\"inLanguage\":\"tr\"},{\"@type\":\"Organization\",\"@id\":\"https:\\\/\\\/www.purejewels.com\\\/#organization\",\"name\":\"PureJewels UK\",\"url\":\"https:\\\/\\\/www.purejewels.com\\\/\",\"logo\":{\"@type\":\"ImageObject\",\"inLanguage\":\"tr\",\"@id\":\"https:\\\/\\\/www.purejewels.com\\\/#\\\/schema\\\/logo\\\/image\\\/\",\"url\":\"https:\\\/\\\/static.purejewels.com\\\/wp-content\\\/uploads\\\/2020\\\/11\\\/Logo-PJ-New-1.png\",\"contentUrl\":\"https:\\\/\\\/static.purejewels.com\\\/wp-content\\\/uploads\\\/2020\\\/11\\\/Logo-PJ-New-1.png\",\"width\":150,\"height\":80,\"caption\":\"PureJewels UK\"},\"image\":{\"@id\":\"https:\\\/\\\/www.purejewels.com\\\/#\\\/schema\\\/logo\\\/image\\\/\"}}]}<\/script>\n<!-- \/ Yoast SEO plugin. -->","yoast_head_json":{"title":"22 Ayar Alt\u0131n Fantezi Ayarlanabilir Bayan Y\u00fcz\u00fck | PureJewels UK","description":"M\u00fckemmel 22 Ayar Alt\u0131n Fantezi Ayarlanabilir Bayan Y\u00fcz\u00fc\u011f\u00fcn\u00fc edinin. Bu zarif tak\u0131 ile \u015f\u0131kl\u0131\u011f\u0131n\u0131z\u0131 art\u0131r\u0131n. \u015eimdi sat\u0131n al\u0131n! \u0130ngiltere genelinde \u00fccretsiz teslimat.","robots":{"index":"index","follow":"follow","max-snippet":"max-snippet:-1","max-image-preview":"max-image-preview:large","max-video-preview":"max-video-preview:-1"},"canonical":"https:\/\/www.purejewels.com\/tr\/urun\/22-ayar-altin-fantezi-ayarlanabilir-bayan-yuzuk-rozet-koleksiyonu-41178\/","og_locale":"tr_TR","og_type":"article","og_title":"22ct Gold Fancy Adjustable Ladies Ring | PureJewels UK","og_description":"Get the perfect 22ct Gold Fancy Adjustable Ladies Ring. Elevate your elegance with this exquisite Jewellery. Buy now! Free delivery across UK.","og_url":"https:\/\/www.purejewels.com\/tr\/urun\/22-ayar-altin-fantezi-ayarlanabilir-bayan-yuzuk-rozet-koleksiyonu-41178\/","og_site_name":"PureJewels UK","article_modified_time":"2025-10-10T10:00:28+00:00","og_image":[{"width":1000,"height":1000,"url":"https:\/\/www.purejewels.com\/wp-content\/uploads\/2023\/07\/11.jpg","type":"image\/jpeg"}],"twitter_card":"summary_large_image","schema":{"@context":"https:\/\/schema.org","@graph":[{"@type":["WebPage","ItemPage"],"@id":"https:\/\/www.purejewels.com\/product\/22ct-gold-fancy-adjustable-ladies-ring-rosettes-collection-41178\/","url":"https:\/\/www.purejewels.com\/product\/22ct-gold-fancy-adjustable-ladies-ring-rosettes-collection-41178\/","name":"22 Ayar Alt\u0131n Fantezi Ayarlanabilir Bayan Y\u00fcz\u00fck | PureJewels UK","isPartOf":{"@id":"https:\/\/www.purejewels.com\/#website"},"primaryImageOfPage":{"@id":"https:\/\/www.purejewels.com\/product\/22ct-gold-fancy-adjustable-ladies-ring-rosettes-collection-41178\/#primaryimage"},"image":{"@id":"https:\/\/www.purejewels.com\/product\/22ct-gold-fancy-adjustable-ladies-ring-rosettes-collection-41178\/#primaryimage"},"thumbnailUrl":"https:\/\/static.purejewels.com\/wp-content\/uploads\/2023\/07\/11.jpg","datePublished":"2023-07-20T12:44:56+00:00","dateModified":"2025-10-10T10:00:28+00:00","description":"M\u00fckemmel 22 Ayar Alt\u0131n Fantezi Ayarlanabilir Bayan Y\u00fcz\u00fc\u011f\u00fcn\u00fc edinin. Bu zarif tak\u0131 ile \u015f\u0131kl\u0131\u011f\u0131n\u0131z\u0131 art\u0131r\u0131n. \u015eimdi sat\u0131n al\u0131n! \u0130ngiltere genelinde \u00fccretsiz teslimat.","breadcrumb":{"@id":"https:\/\/www.purejewels.com\/product\/22ct-gold-fancy-adjustable-ladies-ring-rosettes-collection-41178\/#breadcrumb"},"inLanguage":"tr","potentialAction":[{"@type":"ReadAction","target":["https:\/\/www.purejewels.com\/product\/22ct-gold-fancy-adjustable-ladies-ring-rosettes-collection-41178\/"]}]},{"@type":"ImageObject","inLanguage":"tr","@id":"https:\/\/www.purejewels.com\/product\/22ct-gold-fancy-adjustable-ladies-ring-rosettes-collection-41178\/#primaryimage","url":"https:\/\/static.purejewels.com\/wp-content\/uploads\/2023\/07\/11.jpg","contentUrl":"https:\/\/static.purejewels.com\/wp-content\/uploads\/2023\/07\/11.jpg","width":1000,"height":1000},{"@type":"BreadcrumbList","@id":"https:\/\/www.purejewels.com\/product\/22ct-gold-fancy-adjustable-ladies-ring-rosettes-collection-41178\/#breadcrumb","itemListElement":[{"@type":"ListItem","position":1,"name":"Home","item":"https:\/\/www.purejewels.com\/"},{"@type":"ListItem","position":2,"name":"Shop","item":"https:\/\/www.purejewels.com\/shop\/"},{"@type":"ListItem","position":3,"name":"22ct Gold Adjustable Ladies Ring | 12mm"}]},{"@type":"WebSite","@id":"https:\/\/www.purejewels.com\/#website","url":"https:\/\/www.purejewels.com\/","name":"PureJewels \u0130ngiltere","description":"Sevgiyi Payla\u015f\u0131n","publisher":{"@id":"https:\/\/www.purejewels.com\/#organization"},"potentialAction":[{"@type":"SearchAction","target":{"@type":"EntryPoint","urlTemplate":"https:\/\/www.purejewels.com\/?s={search_term_string}"},"query-input":{"@type":"PropertyValueSpecification","valueRequired":true,"valueName":"search_term_string"}}],"inLanguage":"tr"},{"@type":"Organization","@id":"https:\/\/www.purejewels.com\/#organization","name":"PureJewels \u0130ngiltere","url":"https:\/\/www.purejewels.com\/","logo":{"@type":"ImageObject","inLanguage":"tr","@id":"https:\/\/www.purejewels.com\/#\/schema\/logo\/image\/","url":"https:\/\/static.purejewels.com\/wp-content\/uploads\/2020\/11\/Logo-PJ-New-1.png","contentUrl":"https:\/\/static.purejewels.com\/wp-content\/uploads\/2020\/11\/Logo-PJ-New-1.png","width":150,"height":80,"caption":"PureJewels UK"},"image":{"@id":"https:\/\/www.purejewels.com\/#\/schema\/logo\/image\/"}}]}},"_links":{"self":[{"href":"https:\/\/www.purejewels.com\/tr\/wp-json\/wp\/v2\/product\/340225","targetHints":{"allow":["GET"]}}],"collection":[{"href":"https:\/\/www.purejewels.com\/tr\/wp-json\/wp\/v2\/product"}],"about":[{"href":"https:\/\/www.purejewels.com\/tr\/wp-json\/wp\/v2\/types\/product"}],"replies":[{"embeddable":true,"href":"https:\/\/www.purejewels.com\/tr\/wp-json\/wp\/v2\/comments?post=340225"}],"version-history":[{"count":4,"href":"https:\/\/www.purejewels.com\/tr\/wp-json\/wp\/v2\/product\/340225\/revisions"}],"predecessor-version":[{"id":399687,"href":"https:\/\/www.purejewels.com\/tr\/wp-json\/wp\/v2\/product\/340225\/revisions\/399687"}],"wp:featuredmedia":[{"embeddable":true,"href":"https:\/\/www.purejewels.com\/tr\/wp-json\/wp\/v2\/media\/349132"}],"wp:attachment":[{"href":"https:\/\/www.purejewels.com\/tr\/wp-json\/wp\/v2\/media?parent=340225"}],"wp:term":[{"taxonomy":"product_brand","embeddable":true,"href":"https:\/\/www.purejewels.com\/tr\/wp-json\/wp\/v2\/product_brand?post=340225"},{"taxonomy":"product_cat","embeddable":true,"href":"https:\/\/www.purejewels.com\/tr\/wp-json\/wp\/v2\/product_cat?post=340225"},{"taxonomy":"product_tag","embeddable":true,"href":"https:\/\/www.purejewels.com\/tr\/wp-json\/wp\/v2\/product_tag?post=340225"}],"curies":[{"name":"wp","href":"https:\/\/api.w.org\/{rel}","templated":true}]}}