{"id":340261,"date":"2022-10-22T11:42:12","date_gmt":"2022-10-22T10:42:12","guid":{"rendered":"https:\/\/www.purejewels.com\/?post_type=product&#038;p=340261"},"modified":"2026-04-09T18:29:49","modified_gmt":"2026-04-09T17:29:49","slug":"baird-co-yapimi-ince-saf-altin-kulce-20gms-diwali","status":"publish","type":"product","link":"https:\/\/www.purejewels.com\/tr\/product\/baird-co-made-fine-pure-gold-bar-20gms-diwali\/","title":{"rendered":"Diwali 20g Lakshmi Alt\u0131n K\u00fcl\u00e7e | Baird &amp; Co"},"content":{"rendered":"<p>Bu alt\u0131n \u00e7ubukta zenginli\u011fin, refah\u0131n ve u\u011furlu ba\u015flang\u0131\u00e7lar\u0131n sembol\u00fc olan Tanr\u0131\u00e7a Lakshmi'nin karma\u015f\u0131k bir \u015fekilde kabart\u0131lm\u0131\u015f g\u00f6r\u00fcnt\u00fcs\u00fc yer almaktad\u0131r. Narin s\u00fcs bord\u00fcrleriyle \u00e7er\u00e7evelenen tasar\u0131m, rafine ve minimal bir y\u00fczey kaplamas\u0131n\u0131 korurken bir yandan da gelenek duygusu ta\u015f\u0131yor. Y\u00fckseltilmi\u015f detaylar derinlik katarak motifi hem ince hem de etkileyici k\u0131l\u0131yor.<\/p>","protected":false},"excerpt":{"rendered":"<p>Hindular\u0131n en \u00e7ok tap\u0131n\u0131lan zenginlik, servet ve refah tanr\u0131\u00e7as\u0131 Lakshmi'yi onurland\u0131ran Baird &amp; Co Diwali 20g alt\u0131n k\u00fcl\u00e7esi, uluslararas\u0131 kabul g\u00f6rm\u00fc\u015f Londra rafinerimizde uluslararas\u0131 kabul g\u00f6rm\u00fc\u015f 999.9 standard\u0131na g\u00f6re \u00fcretilmi\u015ftir ve Baird &amp; Co. i\u015fareti, a\u011f\u0131rl\u0131\u011f\u0131 ve inceli\u011fini ta\u015f\u0131maktad\u0131r. \u00c7ubuklar m\u00fch\u00fcrl\u00fc, kurcalamaya kar\u015f\u0131 dayan\u0131kl\u0131 ambalajlarda tedarik edilir<\/p>\n<ul id=\"skusDisplayContentListUL\">\n<li><strong>METAL<\/strong> Saf \u0130nce Alt\u0131n 999,9<\/li>\n<li class=\"product__spec__item\"><strong>A\u011eIRLIK <\/strong>20 gm<\/li>\n<li class=\"product__spec__item\"><strong>KALINLIK <\/strong>1,88 mm<\/li>\n<li>Teslimat \u00fc\u00e7 g\u00fcne kadar s\u00fcrecektir<\/li>\n<\/ul>\n<p>Uymak i\u00e7in <strong>HMRC<\/strong> K\u00fcl\u00e7e al\u0131mlar\u0131na ili\u015fkin d\u00fczenlemeler uyar\u0131nca, m\u00fc\u015fterilerin iki kimlik belgesi sunmalar\u0131 gerekmektedir: biri <strong>adres kan\u0131t\u0131<\/strong> ve di\u011feri i\u00e7in <strong>foto\u011frafl\u0131 tan\u0131mlama<\/strong>. Ayr\u0131ca, m\u00fc\u015fterilerden bir form doldurmalar\u0131 istenecektir. <strong>KYC<\/strong> (M\u00fc\u015fterinizi Tan\u0131y\u0131n) formu g\u00f6nderilmeden \u00f6nce.<\/p>\n<ul id=\"skusDisplayContentListUL\"><\/ul>","protected":false},"featured_media":340277,"comment_status":"closed","ping_status":"closed","template":"","meta":{"_eb_attr":"","_crsspst_to_jayantr4sg-hostcom":false},"product_brand":[],"product_cat":[1473,1793,1646],"product_tag":[1836,1837],"class_list":{"0":"post-340261","1":"product","2":"type-product","3":"status-publish","4":"has-post-thumbnail","6":"product_cat-bars-coins","7":"product_cat-diwali-gifts","8":"product_cat-gold-bars","9":"product_tag-24ct-gold","10":"product_tag-gold-bars","12":"first","13":"outofstock","14":"sold-individually","15":"product-type-simple","16":"add-to-wishlist-before_image"},"yoast_head":"<!-- This site is optimized with the Yoast SEO plugin v27.3 - https:\/\/yoast.com\/product\/yoast-seo-wordpress\/ -->\n<title>Buy 20g Lakshmi Gold Bar 999.9 Fine Gold PureJewels UK<\/title>\n<meta name=\"description\" content=\"20g 999.9 fine gold bar with Goddess Lakshmi motif, combining spiritual symbolism with enduring investment value. order online for free UK delivery\" \/>\n<meta name=\"robots\" content=\"index, follow, max-snippet:-1, max-image-preview:large, max-video-preview:-1\" \/>\n<link rel=\"canonical\" href=\"https:\/\/www.purejewels.com\/tr\/urun\/baird-co-yapimi-ince-saf-altin-kulce-20gms-diwali\/\" \/>\n<meta property=\"og:locale\" content=\"tr_TR\" \/>\n<meta property=\"og:type\" content=\"article\" \/>\n<meta property=\"og:title\" content=\"Buy 20g Lakshmi Gold Bar 999.9 Fine Gold PureJewels UK\" \/>\n<meta property=\"og:description\" content=\"20g 999.9 fine gold bar with Goddess Lakshmi motif, combining spiritual symbolism with enduring investment value. order online for free UK delivery\" \/>\n<meta property=\"og:url\" content=\"https:\/\/www.purejewels.com\/tr\/urun\/baird-co-yapimi-ince-saf-altin-kulce-20gms-diwali\/\" \/>\n<meta property=\"og:site_name\" content=\"PureJewels UK\" \/>\n<meta property=\"article:modified_time\" content=\"2026-04-09T17:29:49+00:00\" \/>\n<meta property=\"og:image\" content=\"https:\/\/static.purejewels.com\/wp-content\/uploads\/2022\/10\/Untitled-design-1.png\" \/>\n\t<meta property=\"og:image:width\" content=\"1000\" \/>\n\t<meta property=\"og:image:height\" content=\"1000\" \/>\n\t<meta property=\"og:image:type\" content=\"image\/png\" \/>\n<meta name=\"twitter:card\" content=\"summary_large_image\" \/>\n<meta name=\"twitter:label1\" content=\"Tahmini okuma s\u00fcresi\" \/>\n\t<meta name=\"twitter:data1\" content=\"1 dakika\" \/>\n<script type=\"application\/ld+json\" class=\"yoast-schema-graph\">{\"@context\":\"https:\\\/\\\/schema.org\",\"@graph\":[{\"@type\":[\"WebPage\",\"ItemPage\"],\"@id\":\"https:\\\/\\\/www.purejewels.com\\\/product\\\/baird-co-made-fine-pure-gold-bar-20gms-diwali\\\/\",\"url\":\"https:\\\/\\\/www.purejewels.com\\\/product\\\/baird-co-made-fine-pure-gold-bar-20gms-diwali\\\/\",\"name\":\"Buy 20g Lakshmi Gold Bar 999.9 Fine Gold PureJewels UK\",\"isPartOf\":{\"@id\":\"https:\\\/\\\/www.purejewels.com\\\/#website\"},\"primaryImageOfPage\":{\"@id\":\"https:\\\/\\\/www.purejewels.com\\\/product\\\/baird-co-made-fine-pure-gold-bar-20gms-diwali\\\/#primaryimage\"},\"image\":{\"@id\":\"https:\\\/\\\/www.purejewels.com\\\/product\\\/baird-co-made-fine-pure-gold-bar-20gms-diwali\\\/#primaryimage\"},\"thumbnailUrl\":\"https:\\\/\\\/static.purejewels.com\\\/wp-content\\\/uploads\\\/2022\\\/10\\\/Untitled-design-1.png\",\"datePublished\":\"2022-10-22T10:42:12+00:00\",\"dateModified\":\"2026-04-09T17:29:49+00:00\",\"description\":\"20g 999.9 fine gold bar with Goddess Lakshmi motif, combining spiritual symbolism with enduring investment value. order online for free UK delivery\",\"breadcrumb\":{\"@id\":\"https:\\\/\\\/www.purejewels.com\\\/product\\\/baird-co-made-fine-pure-gold-bar-20gms-diwali\\\/#breadcrumb\"},\"inLanguage\":\"tr\",\"potentialAction\":[{\"@type\":\"ReadAction\",\"target\":[\"https:\\\/\\\/www.purejewels.com\\\/product\\\/baird-co-made-fine-pure-gold-bar-20gms-diwali\\\/\"]}]},{\"@type\":\"ImageObject\",\"inLanguage\":\"tr\",\"@id\":\"https:\\\/\\\/www.purejewels.com\\\/product\\\/baird-co-made-fine-pure-gold-bar-20gms-diwali\\\/#primaryimage\",\"url\":\"https:\\\/\\\/static.purejewels.com\\\/wp-content\\\/uploads\\\/2022\\\/10\\\/Untitled-design-1.png\",\"contentUrl\":\"https:\\\/\\\/static.purejewels.com\\\/wp-content\\\/uploads\\\/2022\\\/10\\\/Untitled-design-1.png\",\"width\":1000,\"height\":1000},{\"@type\":\"BreadcrumbList\",\"@id\":\"https:\\\/\\\/www.purejewels.com\\\/product\\\/baird-co-made-fine-pure-gold-bar-20gms-diwali\\\/#breadcrumb\",\"itemListElement\":[{\"@type\":\"ListItem\",\"position\":1,\"name\":\"Home\",\"item\":\"https:\\\/\\\/www.purejewels.com\\\/\"},{\"@type\":\"ListItem\",\"position\":2,\"name\":\"Shop\",\"item\":\"https:\\\/\\\/www.purejewels.com\\\/shop\\\/\"},{\"@type\":\"ListItem\",\"position\":3,\"name\":\"Diwali 20g Lakshmi Gold Bar | Baird &amp; Co\"}]},{\"@type\":\"WebSite\",\"@id\":\"https:\\\/\\\/www.purejewels.com\\\/#website\",\"url\":\"https:\\\/\\\/www.purejewels.com\\\/\",\"name\":\"PureJewels UK\",\"description\":\"Share the Love\",\"publisher\":{\"@id\":\"https:\\\/\\\/www.purejewels.com\\\/#organization\"},\"potentialAction\":[{\"@type\":\"SearchAction\",\"target\":{\"@type\":\"EntryPoint\",\"urlTemplate\":\"https:\\\/\\\/www.purejewels.com\\\/?s={search_term_string}\"},\"query-input\":{\"@type\":\"PropertyValueSpecification\",\"valueRequired\":true,\"valueName\":\"search_term_string\"}}],\"inLanguage\":\"tr\"},{\"@type\":\"Organization\",\"@id\":\"https:\\\/\\\/www.purejewels.com\\\/#organization\",\"name\":\"PureJewels UK\",\"url\":\"https:\\\/\\\/www.purejewels.com\\\/\",\"logo\":{\"@type\":\"ImageObject\",\"inLanguage\":\"tr\",\"@id\":\"https:\\\/\\\/www.purejewels.com\\\/#\\\/schema\\\/logo\\\/image\\\/\",\"url\":\"https:\\\/\\\/static.purejewels.com\\\/wp-content\\\/uploads\\\/2020\\\/11\\\/Logo-PJ-New-1.png\",\"contentUrl\":\"https:\\\/\\\/static.purejewels.com\\\/wp-content\\\/uploads\\\/2020\\\/11\\\/Logo-PJ-New-1.png\",\"width\":150,\"height\":80,\"caption\":\"PureJewels UK\"},\"image\":{\"@id\":\"https:\\\/\\\/www.purejewels.com\\\/#\\\/schema\\\/logo\\\/image\\\/\"}}]}<\/script>\n<!-- \/ Yoast SEO plugin. -->","yoast_head_json":{"title":"20g Lakshmi Alt\u0131n Bar 999.9 \u0130nce Alt\u0131n PureJewels UK Sat\u0131n Al\u0131n","description":"Tanr\u0131\u00e7a Lakshmi motifli 20g 999.9 ince alt\u0131n k\u00fcl\u00e7e, ruhani sembolizmi kal\u0131c\u0131 yat\u0131r\u0131m de\u011feriyle birle\u015ftiriyor. \u00fccretsiz \u0130ngiltere teslimat\u0131 i\u00e7in \u00e7evrimi\u00e7i sipari\u015f verin","robots":{"index":"index","follow":"follow","max-snippet":"max-snippet:-1","max-image-preview":"max-image-preview:large","max-video-preview":"max-video-preview:-1"},"canonical":"https:\/\/www.purejewels.com\/tr\/urun\/baird-co-yapimi-ince-saf-altin-kulce-20gms-diwali\/","og_locale":"tr_TR","og_type":"article","og_title":"Buy 20g Lakshmi Gold Bar 999.9 Fine Gold PureJewels UK","og_description":"20g 999.9 fine gold bar with Goddess Lakshmi motif, combining spiritual symbolism with enduring investment value. order online for free UK delivery","og_url":"https:\/\/www.purejewels.com\/tr\/urun\/baird-co-yapimi-ince-saf-altin-kulce-20gms-diwali\/","og_site_name":"PureJewels UK","article_modified_time":"2026-04-09T17:29:49+00:00","og_image":[{"width":1000,"height":1000,"url":"https:\/\/static.purejewels.com\/wp-content\/uploads\/2022\/10\/Untitled-design-1.png","type":"image\/png"}],"twitter_card":"summary_large_image","twitter_misc":{"Tahmini okuma s\u00fcresi":"1 dakika"},"schema":{"@context":"https:\/\/schema.org","@graph":[{"@type":["WebPage","ItemPage"],"@id":"https:\/\/www.purejewels.com\/product\/baird-co-made-fine-pure-gold-bar-20gms-diwali\/","url":"https:\/\/www.purejewels.com\/product\/baird-co-made-fine-pure-gold-bar-20gms-diwali\/","name":"20g Lakshmi Alt\u0131n Bar 999.9 \u0130nce Alt\u0131n PureJewels UK Sat\u0131n Al\u0131n","isPartOf":{"@id":"https:\/\/www.purejewels.com\/#website"},"primaryImageOfPage":{"@id":"https:\/\/www.purejewels.com\/product\/baird-co-made-fine-pure-gold-bar-20gms-diwali\/#primaryimage"},"image":{"@id":"https:\/\/www.purejewels.com\/product\/baird-co-made-fine-pure-gold-bar-20gms-diwali\/#primaryimage"},"thumbnailUrl":"https:\/\/static.purejewels.com\/wp-content\/uploads\/2022\/10\/Untitled-design-1.png","datePublished":"2022-10-22T10:42:12+00:00","dateModified":"2026-04-09T17:29:49+00:00","description":"Tanr\u0131\u00e7a Lakshmi motifli 20g 999.9 ince alt\u0131n k\u00fcl\u00e7e, ruhani sembolizmi kal\u0131c\u0131 yat\u0131r\u0131m de\u011feriyle birle\u015ftiriyor. \u00fccretsiz \u0130ngiltere teslimat\u0131 i\u00e7in \u00e7evrimi\u00e7i sipari\u015f verin","breadcrumb":{"@id":"https:\/\/www.purejewels.com\/product\/baird-co-made-fine-pure-gold-bar-20gms-diwali\/#breadcrumb"},"inLanguage":"tr","potentialAction":[{"@type":"ReadAction","target":["https:\/\/www.purejewels.com\/product\/baird-co-made-fine-pure-gold-bar-20gms-diwali\/"]}]},{"@type":"ImageObject","inLanguage":"tr","@id":"https:\/\/www.purejewels.com\/product\/baird-co-made-fine-pure-gold-bar-20gms-diwali\/#primaryimage","url":"https:\/\/static.purejewels.com\/wp-content\/uploads\/2022\/10\/Untitled-design-1.png","contentUrl":"https:\/\/static.purejewels.com\/wp-content\/uploads\/2022\/10\/Untitled-design-1.png","width":1000,"height":1000},{"@type":"BreadcrumbList","@id":"https:\/\/www.purejewels.com\/product\/baird-co-made-fine-pure-gold-bar-20gms-diwali\/#breadcrumb","itemListElement":[{"@type":"ListItem","position":1,"name":"Home","item":"https:\/\/www.purejewels.com\/"},{"@type":"ListItem","position":2,"name":"Shop","item":"https:\/\/www.purejewels.com\/shop\/"},{"@type":"ListItem","position":3,"name":"Diwali 20g Lakshmi Gold Bar | Baird &amp; Co"}]},{"@type":"WebSite","@id":"https:\/\/www.purejewels.com\/#website","url":"https:\/\/www.purejewels.com\/","name":"PureJewels \u0130ngiltere","description":"Sevgiyi Payla\u015f\u0131n","publisher":{"@id":"https:\/\/www.purejewels.com\/#organization"},"potentialAction":[{"@type":"SearchAction","target":{"@type":"EntryPoint","urlTemplate":"https:\/\/www.purejewels.com\/?s={search_term_string}"},"query-input":{"@type":"PropertyValueSpecification","valueRequired":true,"valueName":"search_term_string"}}],"inLanguage":"tr"},{"@type":"Organization","@id":"https:\/\/www.purejewels.com\/#organization","name":"PureJewels \u0130ngiltere","url":"https:\/\/www.purejewels.com\/","logo":{"@type":"ImageObject","inLanguage":"tr","@id":"https:\/\/www.purejewels.com\/#\/schema\/logo\/image\/","url":"https:\/\/static.purejewels.com\/wp-content\/uploads\/2020\/11\/Logo-PJ-New-1.png","contentUrl":"https:\/\/static.purejewels.com\/wp-content\/uploads\/2020\/11\/Logo-PJ-New-1.png","width":150,"height":80,"caption":"PureJewels UK"},"image":{"@id":"https:\/\/www.purejewels.com\/#\/schema\/logo\/image\/"}}]}},"_links":{"self":[{"href":"https:\/\/www.purejewels.com\/tr\/wp-json\/wp\/v2\/product\/340261","targetHints":{"allow":["GET"]}}],"collection":[{"href":"https:\/\/www.purejewels.com\/tr\/wp-json\/wp\/v2\/product"}],"about":[{"href":"https:\/\/www.purejewels.com\/tr\/wp-json\/wp\/v2\/types\/product"}],"replies":[{"embeddable":true,"href":"https:\/\/www.purejewels.com\/tr\/wp-json\/wp\/v2\/comments?post=340261"}],"version-history":[{"count":4,"href":"https:\/\/www.purejewels.com\/tr\/wp-json\/wp\/v2\/product\/340261\/revisions"}],"predecessor-version":[{"id":427941,"href":"https:\/\/www.purejewels.com\/tr\/wp-json\/wp\/v2\/product\/340261\/revisions\/427941"}],"wp:featuredmedia":[{"embeddable":true,"href":"https:\/\/www.purejewels.com\/tr\/wp-json\/wp\/v2\/media\/340277"}],"wp:attachment":[{"href":"https:\/\/www.purejewels.com\/tr\/wp-json\/wp\/v2\/media?parent=340261"}],"wp:term":[{"taxonomy":"product_brand","embeddable":true,"href":"https:\/\/www.purejewels.com\/tr\/wp-json\/wp\/v2\/product_brand?post=340261"},{"taxonomy":"product_cat","embeddable":true,"href":"https:\/\/www.purejewels.com\/tr\/wp-json\/wp\/v2\/product_cat?post=340261"},{"taxonomy":"product_tag","embeddable":true,"href":"https:\/\/www.purejewels.com\/tr\/wp-json\/wp\/v2\/product_tag?post=340261"}],"curies":[{"name":"wp","href":"https:\/\/api.w.org\/{rel}","templated":true}]}}