{"id":340349,"date":"2022-10-28T10:15:39","date_gmt":"2022-10-28T09:15:39","guid":{"rendered":"https:\/\/www.purejewels.com\/?post_type=product&#038;p=340349"},"modified":"2026-03-04T05:49:20","modified_gmt":"2026-03-04T05:49:20","slug":"18-ayar-sari-altin-vidali-pirlanta-burun-ignesi-43683","status":"publish","type":"product","link":"https:\/\/www.purejewels.com\/tr\/product\/18ct-yellow-gold-diamond-nosepin-with-screw-43683\/","title":{"rendered":"18 Ayar Sar\u0131 Alt\u0131n 0,08 Ayar Vidal\u0131 P\u0131rlanta Burunluk"},"content":{"rendered":"<p>En \u00fcst d\u00fczey l\u00fcks\u00fcm\u00fczle kendinizi \u015f\u0131mart\u0131n <a href=\"https:\/\/www.purejewels.com\/tr\/product\/18ct-white-gold-khanda-sikh-religious-pendant-6226\/\">18ct<\/a> Sar\u0131 Alt\u0131n 0.08ct <a href=\"https:\/\/www.purejewels.com\/tr\/product\/18ct-white-gold-diamond-nose-stud-uk-34153\/\">Elmas Burun i\u011fnesi<\/a> Vidal\u0131. Ayr\u0131nt\u0131lara \u00f6zen g\u00f6sterilerek tasarlanan bu burun i\u011fnesi, \u00fcst\u00fcn kaliteli 18 ayar sar\u0131 alt\u0131ndan \u00fcretilmi\u015ftir ve zarafet ve incelik yans\u0131tan bir aksesuard\u0131r.<\/p>\n<p>Bu \u00e7arp\u0131c\u0131 par\u00e7an\u0131n merkezinde, ola\u011fan\u00fcst\u00fc \u0131\u015f\u0131lt\u0131s\u0131 ve berrakl\u0131\u011f\u0131 i\u00e7in se\u00e7ilen 0,08 ct'lik p\u0131rlanta yer al\u0131yor. B\u00fcy\u00fcleyici parlakl\u0131\u011f\u0131, genel g\u00f6r\u00fcn\u00fcm\u00fcn\u00fcze an\u0131nda bir ihti\u015fam ve l\u00fcks dokunu\u015fu katar.<\/p>\n<p>Vidal\u0131 bir deste\u011fe sahip olan bu burun i\u011fnesi, g\u00fcvenli ve rahat bir uyum sa\u011flayarak g\u00fcn boyu g\u00fcvenle takman\u0131za olanak tan\u0131r. Vidal\u0131 tasar\u0131m\u0131 kullan\u0131m kolayl\u0131\u011f\u0131 sunarak istedi\u011finiz zaman tak\u0131p \u00e7\u0131karman\u0131z\u0131 kolayla\u015ft\u0131r\u0131r.<\/p>\n<p>Bu burun i\u011fnesi, her k\u0131yafeti kusursuz bir \u015fekilde tamamlayan ve tarz\u0131n\u0131za sofistike bir dokunu\u015f katan \u00e7ok y\u00f6nl\u00fc bir aksesuard\u0131r. \u0130ster \u00f6zel bir davete gidiyor olun, ister g\u00fcnl\u00fck g\u00f6r\u00fcn\u00fcm\u00fcn\u00fcz\u00fc daha da g\u00fczelle\u015ftirmek isteyin, bu burun i\u011fnesi tam size g\u00f6re.<\/p>\n<ul>\n<li>18 Ayar Sar\u0131 Alt\u0131n P\u0131rlanta Burun Saplamas\u0131 \u0130ngiltere<\/li>\n<li>G\u00fcnl\u00fck Kullan\u0131ma Uygun 18ct Burun Tak\u0131lar\u0131<\/li>\n<li>d\u00f6rt Prong ayar\u0131nda Yuvarlak Parlak kesim P\u0131rlanta setli<\/li>\n<li>T\u00fcm Elmaslar\u0131m\u0131z SGL Sertifikas\u0131 ile birlikte gelir<\/li>\n<\/ul>","protected":false},"excerpt":{"rendered":"<table class=\"sh_desc\" style=\"width: 100%; height: 348px;\">\n<tbody>\n<tr>\n<td>Burun Pimi Tipi<\/td>\n<td>Elmas Nosepin<\/td>\n<\/tr>\n<tr>\n<td>SKU<\/td>\n<td>\u00a045210, 47099, 47113, 50008, 54545<\/td>\n<\/tr>\n<tr>\n<td>Boyut<\/td>\n<td>\n<ul>\n<li>P\u0131rlanta a\u011f\u0131rl\u0131\u011f\u0131 0.08ct<\/li>\n<li>P\u0131rlanta Rengi. E\/F<\/li>\n<li>P\u0131rlanta Berrakl\u0131\u011f\u0131. IF\/VVS (\u00c7ok \u00c7ok K\u00fc\u00e7\u00fck Kapan\u0131mlar)<\/li>\n<li>Elmas \u00c7ap\u0131: 3,45 mm<\/li>\n<li>Burun Pimi Uzunlu\u011fu: 9,4 mm<\/li>\n<li>Sap Uzunlu\u011fu: 6,4 mm<\/li>\n<li>K\u00f6k Kal\u0131nl\u0131\u011f\u0131: 0,91 mm<\/li>\n<li><strong>Elmas K\u0131lavuzu (4C'ler)<\/strong><\/li>\n<\/ul>\n<\/td>\n<\/tr>\n<tr>\n<td>Metal<\/td>\n<td>18 Ayar Sar\u0131 Alt\u0131n<\/td>\n<\/tr>\n<tr>\n<td>\u00dccretler<\/td>\n<td>Teslimat ve KDV Dahil<\/td>\n<\/tr>\n<tr>\n<td>Paketleme<\/td>\n<td>Sunum Kutusu ile Birlikte Gelir<\/td>\n<\/tr>\n<tr>\n<td>Daha Fazla Bilgi<\/td>\n<td>\n<ul>\n<li>M\u00fcsaitlik durumu ve daha fazla resim i\u00e7in bizimle canl\u0131 sohbet edin<\/li>\n<li>P\u0131rlanta Burun \u00c7\u0131t\u00e7\u0131tlar\u0131 koleksiyonumuzu ke\u015ffedin<\/li>\n<\/ul>\n<\/td>\n<\/tr>\n<\/tbody>\n<\/table>","protected":false},"featured_media":346377,"comment_status":"closed","ping_status":"closed","template":"","meta":{"_eb_attr":"","_crsspst_to_jayantr4sg-hostcom":false},"product_brand":[],"product_cat":[5679,1530,1463],"product_tag":[],"class_list":{"0":"post-340349","1":"product","2":"type-product","3":"status-publish","4":"has-post-thumbnail","6":"product_cat-18ct-gold-jewellery","7":"product_cat-diamond-nose-pin","8":"product_cat-gold-nose-pins","10":"first","11":"instock","12":"taxable","13":"shipping-taxable","14":"purchasable","15":"product-type-simple","16":"add-to-wishlist-before_image"},"yoast_head":"<!-- This site is optimized with the Yoast SEO plugin v27.5 - https:\/\/yoast.com\/product\/yoast-seo-wordpress\/ -->\n<title>18ct Yellow Gold Diamond Nosepin with screw | PureJewels UK<\/title>\n<meta name=\"description\" content=\"Browse now and discover the allure of a diamond nose pin that will surely make you stand out. Shop diamond nose stud online for free UK delivery.\" \/>\n<meta name=\"robots\" content=\"index, follow, max-snippet:-1, max-image-preview:large, max-video-preview:-1\" \/>\n<link rel=\"canonical\" href=\"https:\/\/www.purejewels.com\/tr\/urun\/18-ayar-sari-altin-vidali-pirlanta-burun-ignesi-43683\/\" \/>\n<meta property=\"og:locale\" content=\"tr_TR\" \/>\n<meta property=\"og:type\" content=\"article\" \/>\n<meta property=\"og:title\" content=\"18ct Yellow Gold Diamond Nosepin with screw | PureJewels UK\" \/>\n<meta property=\"og:description\" content=\"Browse now and discover the allure of a diamond nose pin that will surely make you stand out. Shop diamond nose stud online for free UK delivery.\" \/>\n<meta property=\"og:url\" content=\"https:\/\/www.purejewels.com\/tr\/urun\/18-ayar-sari-altin-vidali-pirlanta-burun-ignesi-43683\/\" \/>\n<meta property=\"og:site_name\" content=\"PureJewels UK\" \/>\n<meta property=\"article:modified_time\" content=\"2026-03-04T05:49:20+00:00\" \/>\n<meta property=\"og:image\" content=\"https:\/\/static.purejewels.com\/wp-content\/uploads\/2023\/05\/0.8ct.jpg\" \/>\n\t<meta property=\"og:image:width\" content=\"1000\" \/>\n\t<meta property=\"og:image:height\" content=\"1000\" \/>\n\t<meta property=\"og:image:type\" content=\"image\/jpeg\" \/>\n<meta name=\"twitter:card\" content=\"summary_large_image\" \/>\n<meta name=\"twitter:label1\" content=\"Tahmini okuma s\u00fcresi\" \/>\n\t<meta name=\"twitter:data1\" content=\"2 dakika\" \/>\n<script type=\"application\/ld+json\" class=\"yoast-schema-graph\">{\"@context\":\"https:\\\/\\\/schema.org\",\"@graph\":[{\"@type\":[\"WebPage\",\"ItemPage\"],\"@id\":\"https:\\\/\\\/www.purejewels.com\\\/product\\\/18ct-yellow-gold-diamond-nosepin-with-screw-43683\\\/\",\"url\":\"https:\\\/\\\/www.purejewels.com\\\/product\\\/18ct-yellow-gold-diamond-nosepin-with-screw-43683\\\/\",\"name\":\"18ct Yellow Gold Diamond Nosepin with screw | PureJewels UK\",\"isPartOf\":{\"@id\":\"https:\\\/\\\/www.purejewels.com\\\/#website\"},\"primaryImageOfPage\":{\"@id\":\"https:\\\/\\\/www.purejewels.com\\\/product\\\/18ct-yellow-gold-diamond-nosepin-with-screw-43683\\\/#primaryimage\"},\"image\":{\"@id\":\"https:\\\/\\\/www.purejewels.com\\\/product\\\/18ct-yellow-gold-diamond-nosepin-with-screw-43683\\\/#primaryimage\"},\"thumbnailUrl\":\"https:\\\/\\\/static.purejewels.com\\\/wp-content\\\/uploads\\\/2023\\\/05\\\/0.8ct.jpg\",\"datePublished\":\"2022-10-28T09:15:39+00:00\",\"dateModified\":\"2026-03-04T05:49:20+00:00\",\"description\":\"Browse now and discover the allure of a diamond nose pin that will surely make you stand out. Shop diamond nose stud online for free UK delivery.\",\"breadcrumb\":{\"@id\":\"https:\\\/\\\/www.purejewels.com\\\/product\\\/18ct-yellow-gold-diamond-nosepin-with-screw-43683\\\/#breadcrumb\"},\"inLanguage\":\"tr\",\"potentialAction\":[{\"@type\":\"ReadAction\",\"target\":[\"https:\\\/\\\/www.purejewels.com\\\/product\\\/18ct-yellow-gold-diamond-nosepin-with-screw-43683\\\/\"]}]},{\"@type\":\"ImageObject\",\"inLanguage\":\"tr\",\"@id\":\"https:\\\/\\\/www.purejewels.com\\\/product\\\/18ct-yellow-gold-diamond-nosepin-with-screw-43683\\\/#primaryimage\",\"url\":\"https:\\\/\\\/static.purejewels.com\\\/wp-content\\\/uploads\\\/2023\\\/05\\\/0.8ct.jpg\",\"contentUrl\":\"https:\\\/\\\/static.purejewels.com\\\/wp-content\\\/uploads\\\/2023\\\/05\\\/0.8ct.jpg\",\"width\":1000,\"height\":1000,\"caption\":\"18ct Yellow Gold Diamond Nosepin with Screw For Ladies\"},{\"@type\":\"BreadcrumbList\",\"@id\":\"https:\\\/\\\/www.purejewels.com\\\/product\\\/18ct-yellow-gold-diamond-nosepin-with-screw-43683\\\/#breadcrumb\",\"itemListElement\":[{\"@type\":\"ListItem\",\"position\":1,\"name\":\"Home\",\"item\":\"https:\\\/\\\/www.purejewels.com\\\/\"},{\"@type\":\"ListItem\",\"position\":2,\"name\":\"Shop\",\"item\":\"https:\\\/\\\/www.purejewels.com\\\/shop\\\/\"},{\"@type\":\"ListItem\",\"position\":3,\"name\":\"18ct Yellow Gold 0.08ct Diamond Nosepin with Screw\"}]},{\"@type\":\"WebSite\",\"@id\":\"https:\\\/\\\/www.purejewels.com\\\/#website\",\"url\":\"https:\\\/\\\/www.purejewels.com\\\/\",\"name\":\"PureJewels UK\",\"description\":\"Share the Love\",\"publisher\":{\"@id\":\"https:\\\/\\\/www.purejewels.com\\\/#organization\"},\"potentialAction\":[{\"@type\":\"SearchAction\",\"target\":{\"@type\":\"EntryPoint\",\"urlTemplate\":\"https:\\\/\\\/www.purejewels.com\\\/?s={search_term_string}\"},\"query-input\":{\"@type\":\"PropertyValueSpecification\",\"valueRequired\":true,\"valueName\":\"search_term_string\"}}],\"inLanguage\":\"tr\"},{\"@type\":\"Organization\",\"@id\":\"https:\\\/\\\/www.purejewels.com\\\/#organization\",\"name\":\"PureJewels UK\",\"url\":\"https:\\\/\\\/www.purejewels.com\\\/\",\"logo\":{\"@type\":\"ImageObject\",\"inLanguage\":\"tr\",\"@id\":\"https:\\\/\\\/www.purejewels.com\\\/#\\\/schema\\\/logo\\\/image\\\/\",\"url\":\"https:\\\/\\\/static.purejewels.com\\\/wp-content\\\/uploads\\\/2020\\\/11\\\/Logo-PJ-New-1.png\",\"contentUrl\":\"https:\\\/\\\/static.purejewels.com\\\/wp-content\\\/uploads\\\/2020\\\/11\\\/Logo-PJ-New-1.png\",\"width\":150,\"height\":80,\"caption\":\"PureJewels UK\"},\"image\":{\"@id\":\"https:\\\/\\\/www.purejewels.com\\\/#\\\/schema\\\/logo\\\/image\\\/\"}}]}<\/script>\n<!-- \/ Yoast SEO plugin. -->","yoast_head_json":{"title":"18 Ayar Sar\u0131 Alt\u0131n Vidal\u0131 P\u0131rlanta Burunluk | PureJewels UK","description":"\u015eimdi g\u00f6z at\u0131n ve sizi kesinlikle \u00f6ne \u00e7\u0131karacak bir elmas burun i\u011fnesinin cazibesini ke\u015ffedin. \u00dccretsiz \u0130ngiltere teslimat\u0131 i\u00e7in online elmas burun i\u011fnesi sat\u0131n al\u0131n.","robots":{"index":"index","follow":"follow","max-snippet":"max-snippet:-1","max-image-preview":"max-image-preview:large","max-video-preview":"max-video-preview:-1"},"canonical":"https:\/\/www.purejewels.com\/tr\/urun\/18-ayar-sari-altin-vidali-pirlanta-burun-ignesi-43683\/","og_locale":"tr_TR","og_type":"article","og_title":"18ct Yellow Gold Diamond Nosepin with screw | PureJewels UK","og_description":"Browse now and discover the allure of a diamond nose pin that will surely make you stand out. Shop diamond nose stud online for free UK delivery.","og_url":"https:\/\/www.purejewels.com\/tr\/urun\/18-ayar-sari-altin-vidali-pirlanta-burun-ignesi-43683\/","og_site_name":"PureJewels UK","article_modified_time":"2026-03-04T05:49:20+00:00","og_image":[{"width":1000,"height":1000,"url":"https:\/\/static.purejewels.com\/wp-content\/uploads\/2023\/05\/0.8ct.jpg","type":"image\/jpeg"}],"twitter_card":"summary_large_image","twitter_misc":{"Tahmini okuma s\u00fcresi":"2 dakika"},"schema":{"@context":"https:\/\/schema.org","@graph":[{"@type":["WebPage","ItemPage"],"@id":"https:\/\/www.purejewels.com\/product\/18ct-yellow-gold-diamond-nosepin-with-screw-43683\/","url":"https:\/\/www.purejewels.com\/product\/18ct-yellow-gold-diamond-nosepin-with-screw-43683\/","name":"18 Ayar Sar\u0131 Alt\u0131n Vidal\u0131 P\u0131rlanta Burunluk | PureJewels UK","isPartOf":{"@id":"https:\/\/www.purejewels.com\/#website"},"primaryImageOfPage":{"@id":"https:\/\/www.purejewels.com\/product\/18ct-yellow-gold-diamond-nosepin-with-screw-43683\/#primaryimage"},"image":{"@id":"https:\/\/www.purejewels.com\/product\/18ct-yellow-gold-diamond-nosepin-with-screw-43683\/#primaryimage"},"thumbnailUrl":"https:\/\/static.purejewels.com\/wp-content\/uploads\/2023\/05\/0.8ct.jpg","datePublished":"2022-10-28T09:15:39+00:00","dateModified":"2026-03-04T05:49:20+00:00","description":"\u015eimdi g\u00f6z at\u0131n ve sizi kesinlikle \u00f6ne \u00e7\u0131karacak bir elmas burun i\u011fnesinin cazibesini ke\u015ffedin. \u00dccretsiz \u0130ngiltere teslimat\u0131 i\u00e7in online elmas burun i\u011fnesi sat\u0131n al\u0131n.","breadcrumb":{"@id":"https:\/\/www.purejewels.com\/product\/18ct-yellow-gold-diamond-nosepin-with-screw-43683\/#breadcrumb"},"inLanguage":"tr","potentialAction":[{"@type":"ReadAction","target":["https:\/\/www.purejewels.com\/product\/18ct-yellow-gold-diamond-nosepin-with-screw-43683\/"]}]},{"@type":"ImageObject","inLanguage":"tr","@id":"https:\/\/www.purejewels.com\/product\/18ct-yellow-gold-diamond-nosepin-with-screw-43683\/#primaryimage","url":"https:\/\/static.purejewels.com\/wp-content\/uploads\/2023\/05\/0.8ct.jpg","contentUrl":"https:\/\/static.purejewels.com\/wp-content\/uploads\/2023\/05\/0.8ct.jpg","width":1000,"height":1000,"caption":"18ct Yellow Gold Diamond Nosepin with Screw For Ladies"},{"@type":"BreadcrumbList","@id":"https:\/\/www.purejewels.com\/product\/18ct-yellow-gold-diamond-nosepin-with-screw-43683\/#breadcrumb","itemListElement":[{"@type":"ListItem","position":1,"name":"Home","item":"https:\/\/www.purejewels.com\/"},{"@type":"ListItem","position":2,"name":"Shop","item":"https:\/\/www.purejewels.com\/shop\/"},{"@type":"ListItem","position":3,"name":"18ct Yellow Gold 0.08ct Diamond Nosepin with Screw"}]},{"@type":"WebSite","@id":"https:\/\/www.purejewels.com\/#website","url":"https:\/\/www.purejewels.com\/","name":"PureJewels \u0130ngiltere","description":"Sevgiyi Payla\u015f\u0131n","publisher":{"@id":"https:\/\/www.purejewels.com\/#organization"},"potentialAction":[{"@type":"SearchAction","target":{"@type":"EntryPoint","urlTemplate":"https:\/\/www.purejewels.com\/?s={search_term_string}"},"query-input":{"@type":"PropertyValueSpecification","valueRequired":true,"valueName":"search_term_string"}}],"inLanguage":"tr"},{"@type":"Organization","@id":"https:\/\/www.purejewels.com\/#organization","name":"PureJewels \u0130ngiltere","url":"https:\/\/www.purejewels.com\/","logo":{"@type":"ImageObject","inLanguage":"tr","@id":"https:\/\/www.purejewels.com\/#\/schema\/logo\/image\/","url":"https:\/\/static.purejewels.com\/wp-content\/uploads\/2020\/11\/Logo-PJ-New-1.png","contentUrl":"https:\/\/static.purejewels.com\/wp-content\/uploads\/2020\/11\/Logo-PJ-New-1.png","width":150,"height":80,"caption":"PureJewels UK"},"image":{"@id":"https:\/\/www.purejewels.com\/#\/schema\/logo\/image\/"}}]}},"_links":{"self":[{"href":"https:\/\/www.purejewels.com\/tr\/wp-json\/wp\/v2\/product\/340349","targetHints":{"allow":["GET"]}}],"collection":[{"href":"https:\/\/www.purejewels.com\/tr\/wp-json\/wp\/v2\/product"}],"about":[{"href":"https:\/\/www.purejewels.com\/tr\/wp-json\/wp\/v2\/types\/product"}],"replies":[{"embeddable":true,"href":"https:\/\/www.purejewels.com\/tr\/wp-json\/wp\/v2\/comments?post=340349"}],"version-history":[{"count":3,"href":"https:\/\/www.purejewels.com\/tr\/wp-json\/wp\/v2\/product\/340349\/revisions"}],"predecessor-version":[{"id":426564,"href":"https:\/\/www.purejewels.com\/tr\/wp-json\/wp\/v2\/product\/340349\/revisions\/426564"}],"wp:featuredmedia":[{"embeddable":true,"href":"https:\/\/www.purejewels.com\/tr\/wp-json\/wp\/v2\/media\/346377"}],"wp:attachment":[{"href":"https:\/\/www.purejewels.com\/tr\/wp-json\/wp\/v2\/media?parent=340349"}],"wp:term":[{"taxonomy":"product_brand","embeddable":true,"href":"https:\/\/www.purejewels.com\/tr\/wp-json\/wp\/v2\/product_brand?post=340349"},{"taxonomy":"product_cat","embeddable":true,"href":"https:\/\/www.purejewels.com\/tr\/wp-json\/wp\/v2\/product_cat?post=340349"},{"taxonomy":"product_tag","embeddable":true,"href":"https:\/\/www.purejewels.com\/tr\/wp-json\/wp\/v2\/product_tag?post=340349"}],"curies":[{"name":"wp","href":"https:\/\/api.w.org\/{rel}","templated":true}]}}