{"id":340351,"date":"2024-07-09T10:26:49","date_gmt":"2024-07-09T09:26:49","guid":{"rendered":"https:\/\/www.purejewels.com\/?post_type=product&#038;p=340351"},"modified":"2026-03-05T06:35:27","modified_gmt":"2026-03-05T06:35:27","slug":"bayanlar-icin-18-ayar-sari-altin-vidali-pirlanta-burun-ignesi-48881","status":"publish","type":"product","link":"https:\/\/www.purejewels.com\/tr\/product\/18ct-yellow-gold-diamond-nosepin-with-screw-for-ladies-48881\/","title":{"rendered":"Bayanlar \u0130\u00e7in 18 Ayar Sar\u0131 Alt\u0131n 0,11 Ayar Vidal\u0131 P\u0131rlanta Burunluk"},"content":{"rendered":"<div class=\"flex-1 overflow-hidden\">\n<div class=\"react-scroll-to-bottom--css-eeikw-79elbk h-full dark:bg-gray-800\">\n<div class=\"react-scroll-to-bottom--css-eeikw-1n7m0yu\">\n<div class=\"flex flex-col items-center text-sm dark:bg-gray-800\">\n<div class=\"group w-full text-gray-800 dark:text-gray-100 border-b border-black\/10 dark:border-gray-900\/50 bg-gray-50 dark:bg-[#444654]\">\n<div class=\"flex p-4 gap-4 text-base md:gap-6 md:max-w-2xl lg:max-w-xl xl:max-w-3xl md:py-6 lg:px-0 m-auto\">\n<div class=\"relative flex flex-col w-[calc(100%-50px)] gap-1 md:gap-3 lg:w-[calc(100%-115px)]\">\n<div class=\"flex flex-grow flex-col gap-3\">\n<div class=\"min-h-[20px] flex flex-col items-start gap-4 whitespace-pre-wrap break-words\">\n<div class=\"markdown prose w-full break-words dark:prose-invert light\">\n<p>Introducing our exquisite <a href=\"https:\/\/www.purejewels.com\/tr\/product\/18ct-white-gold-khanda-sikh-religious-pendant-6226\/\">18ct<\/a> Yellow Gold 0.11ct <a href=\"https:\/\/www.purejewels.com\/product-category\/diamond-jewellery\/diamond-nose-pin\/\">Diamond Nosepin<\/a> with Screw, designed exclusively for ladies who appreciate fine jewellery. Crafted with meticulous attention to detail, this nose pin is a true testament to elegance and sophistication.<\/p>\n<p>Made from premium 18ct yellow gold, this nose pin boasts a radiant shine that complements any skin tone. The centerpiece of this stunning piece is a brilliant 0.11ct diamond, carefully chosen for its exceptional sparkle and clarity. Its mesmerizing brilliance adds a touch of glamour and luxury to your overall look.<\/p>\n<p>Featuring a screw backing, this nose pin ensures a secure and comfortable fit, allowing you to wear it with confidence throughout the day. The screw design offers ease of use, making it convenient to insert and remove whenever you desire.<\/p>\n<p>Whether you&#8217;re attending a formal event or simply want to elevate your everyday style, this nose pin is a versatile accessory that effortlessly enhances your beauty. Its timeless design ensures that it remains a cherished piece for years to come.<\/p>\n<p>Indulge yourself or surprise a loved one with this remarkable 18ct Yellow Gold 0.11ct <a href=\"https:\/\/www.purejewels.com\/product-category\/diamond-jewellery\/diamond-nose-pin\/\">Diamond Nosepin<\/a> with Screw. It is a perfect gift for birthdays, anniversaries, or any special occasion that calls for a touch of sophistication. Shop now and embrace the captivating allure of this exquisite nose pin.<\/p>\n<\/div>\n<\/div>\n<\/div>\n<\/div>\n<\/div>\n<\/div>\n<\/div>\n<\/div>\n<\/div>\n<\/div>\n","protected":false},"excerpt":{"rendered":"<ul>\n<li>18 Ayar Sar\u0131 Alt\u0131n P\u0131rlanta Burun Saplamas\u0131 \u0130ngiltere<\/li>\n<li>G\u00fcnl\u00fck Kullan\u0131ma Uygun 18ct Burun Tak\u0131lar\u0131<\/li>\n<li>d\u00f6rt Prong ayar\u0131nda Yuvarlak Parlak kesim P\u0131rlanta setli\n<ul>\n<li style=\"list-style-type: none;\">\n<ul>\n<li>P\u0131rlanta a\u011f\u0131rl\u0131\u011f\u0131 0.11ct<\/li>\n<li>P\u0131rlanta Rengi. E\/F<\/li>\n<li>P\u0131rlanta Berrakl\u0131\u011f\u0131. VVS (\u00c7ok \u00c7ok K\u00fc\u00e7\u00fck Kapan\u0131mlar)<\/li>\n<li>T\u00fcm Elmaslar\u0131m\u0131z SGL Sertifikas\u0131 ile birlikte gelir<\/li>\n<\/ul>\n<\/li>\n<\/ul>\n<\/li>\n<li>SKU. 48881<\/li>\n<li>T\u00fcm fiyatlara KDV dahildir.<\/li>\n<li>Sunum Kutusu ile Birlikte Gelir.<\/li>\n<li>\u0130ngiltere Genelinde \u00dccretsiz Teslimat.<\/li>\n<li>\u00dcr\u00fcn videosu i\u00e7in bizimle ileti\u015fime ge\u00e7in \/ bizimle canl\u0131 sohbet edin.<\/li>\n<\/ul>","protected":false},"featured_media":346391,"comment_status":"closed","ping_status":"closed","template":"","meta":{"_eb_attr":"","_crsspst_to_jayantr4sg-hostcom":false},"product_brand":[],"product_cat":[5679,6093,5457,6007,1711,5942],"product_tag":[],"class_list":{"0":"post-340351","1":"product","2":"type-product","3":"status-publish","4":"has-post-thumbnail","6":"product_cat-18ct-gold-jewellery","7":"product_cat-18ct-nose-jewellery","8":"product_cat-diamond-jewellery","9":"product_cat-diamond-nose-stud","10":"product_cat-gold-nose-studs","11":"product_cat-nose-jewellery","13":"first","14":"instock","15":"taxable","16":"shipping-taxable","17":"purchasable","18":"product-type-simple","19":"add-to-wishlist-before_image"},"yoast_head":"<!-- This site is optimized with the Yoast SEO plugin v27.5 - https:\/\/yoast.com\/product\/yoast-seo-wordpress\/ -->\n<title>18ct Yellow Gold 0.10ct Diamond Nosepin | PureJewels UK<\/title>\n<meta name=\"description\" content=\"Buy an 18ct gold nose pin with a 0.11ct diamond and screw backing. Perfect for any occasion, this nose pin adds sophistication to your look.\" \/>\n<meta name=\"robots\" content=\"index, follow, max-snippet:-1, max-image-preview:large, max-video-preview:-1\" \/>\n<link rel=\"canonical\" href=\"https:\/\/www.purejewels.com\/tr\/urun\/bayanlar-icin-18-ayar-sari-altin-vidali-pirlanta-burun-ignesi-48881\/\" \/>\n<meta property=\"og:locale\" content=\"tr_TR\" \/>\n<meta property=\"og:type\" content=\"article\" \/>\n<meta property=\"og:title\" content=\"18ct Yellow Gold 0.10ct Diamond Nosepin | PureJewels UK\" \/>\n<meta property=\"og:description\" content=\"Buy an 18ct gold nose pin with a 0.11ct diamond and screw backing. Perfect for any occasion, this nose pin adds sophistication to your look.\" \/>\n<meta property=\"og:url\" content=\"https:\/\/www.purejewels.com\/tr\/urun\/bayanlar-icin-18-ayar-sari-altin-vidali-pirlanta-burun-ignesi-48881\/\" \/>\n<meta property=\"og:site_name\" content=\"PureJewels UK\" \/>\n<meta property=\"article:modified_time\" content=\"2026-03-05T06:35:27+00:00\" \/>\n<meta property=\"og:image\" content=\"https:\/\/static.purejewels.com\/wp-content\/uploads\/2022\/10\/0.10ct.jpg\" \/>\n\t<meta property=\"og:image:width\" content=\"1000\" \/>\n\t<meta property=\"og:image:height\" content=\"1000\" \/>\n\t<meta property=\"og:image:type\" content=\"image\/jpeg\" \/>\n<meta name=\"twitter:card\" content=\"summary_large_image\" \/>\n<meta name=\"twitter:label1\" content=\"Tahmini okuma s\u00fcresi\" \/>\n\t<meta name=\"twitter:data1\" content=\"2 dakika\" \/>\n<script type=\"application\/ld+json\" class=\"yoast-schema-graph\">{\"@context\":\"https:\\\/\\\/schema.org\",\"@graph\":[{\"@type\":[\"WebPage\",\"ItemPage\"],\"@id\":\"https:\\\/\\\/www.purejewels.com\\\/product\\\/18ct-yellow-gold-diamond-nosepin-with-screw-for-ladies-48881\\\/\",\"url\":\"https:\\\/\\\/www.purejewels.com\\\/product\\\/18ct-yellow-gold-diamond-nosepin-with-screw-for-ladies-48881\\\/\",\"name\":\"18ct Yellow Gold 0.10ct Diamond Nosepin | PureJewels UK\",\"isPartOf\":{\"@id\":\"https:\\\/\\\/www.purejewels.com\\\/#website\"},\"primaryImageOfPage\":{\"@id\":\"https:\\\/\\\/www.purejewels.com\\\/product\\\/18ct-yellow-gold-diamond-nosepin-with-screw-for-ladies-48881\\\/#primaryimage\"},\"image\":{\"@id\":\"https:\\\/\\\/www.purejewels.com\\\/product\\\/18ct-yellow-gold-diamond-nosepin-with-screw-for-ladies-48881\\\/#primaryimage\"},\"thumbnailUrl\":\"https:\\\/\\\/static.purejewels.com\\\/wp-content\\\/uploads\\\/2022\\\/10\\\/0.10ct.jpg\",\"datePublished\":\"2024-07-09T09:26:49+00:00\",\"dateModified\":\"2026-03-05T06:35:27+00:00\",\"description\":\"Buy an 18ct gold nose pin with a 0.11ct diamond and screw backing. Perfect for any occasion, this nose pin adds sophistication to your look.\",\"breadcrumb\":{\"@id\":\"https:\\\/\\\/www.purejewels.com\\\/product\\\/18ct-yellow-gold-diamond-nosepin-with-screw-for-ladies-48881\\\/#breadcrumb\"},\"inLanguage\":\"tr\",\"potentialAction\":[{\"@type\":\"ReadAction\",\"target\":[\"https:\\\/\\\/www.purejewels.com\\\/product\\\/18ct-yellow-gold-diamond-nosepin-with-screw-for-ladies-48881\\\/\"]}]},{\"@type\":\"ImageObject\",\"inLanguage\":\"tr\",\"@id\":\"https:\\\/\\\/www.purejewels.com\\\/product\\\/18ct-yellow-gold-diamond-nosepin-with-screw-for-ladies-48881\\\/#primaryimage\",\"url\":\"https:\\\/\\\/static.purejewels.com\\\/wp-content\\\/uploads\\\/2022\\\/10\\\/0.10ct.jpg\",\"contentUrl\":\"https:\\\/\\\/static.purejewels.com\\\/wp-content\\\/uploads\\\/2022\\\/10\\\/0.10ct.jpg\",\"width\":1000,\"height\":1000,\"caption\":\"18ct Yellow Gold 0.10ct Diamond Nosepin with Screw For Ladies\"},{\"@type\":\"BreadcrumbList\",\"@id\":\"https:\\\/\\\/www.purejewels.com\\\/product\\\/18ct-yellow-gold-diamond-nosepin-with-screw-for-ladies-48881\\\/#breadcrumb\",\"itemListElement\":[{\"@type\":\"ListItem\",\"position\":1,\"name\":\"Home\",\"item\":\"https:\\\/\\\/www.purejewels.com\\\/\"},{\"@type\":\"ListItem\",\"position\":2,\"name\":\"Shop\",\"item\":\"https:\\\/\\\/www.purejewels.com\\\/shop\\\/\"},{\"@type\":\"ListItem\",\"position\":3,\"name\":\"18ct Yellow Gold 0.11ct Diamond Nosepin with Screw For Ladies\"}]},{\"@type\":\"WebSite\",\"@id\":\"https:\\\/\\\/www.purejewels.com\\\/#website\",\"url\":\"https:\\\/\\\/www.purejewels.com\\\/\",\"name\":\"PureJewels UK\",\"description\":\"Share the Love\",\"publisher\":{\"@id\":\"https:\\\/\\\/www.purejewels.com\\\/#organization\"},\"potentialAction\":[{\"@type\":\"SearchAction\",\"target\":{\"@type\":\"EntryPoint\",\"urlTemplate\":\"https:\\\/\\\/www.purejewels.com\\\/?s={search_term_string}\"},\"query-input\":{\"@type\":\"PropertyValueSpecification\",\"valueRequired\":true,\"valueName\":\"search_term_string\"}}],\"inLanguage\":\"tr\"},{\"@type\":\"Organization\",\"@id\":\"https:\\\/\\\/www.purejewels.com\\\/#organization\",\"name\":\"PureJewels UK\",\"url\":\"https:\\\/\\\/www.purejewels.com\\\/\",\"logo\":{\"@type\":\"ImageObject\",\"inLanguage\":\"tr\",\"@id\":\"https:\\\/\\\/www.purejewels.com\\\/#\\\/schema\\\/logo\\\/image\\\/\",\"url\":\"https:\\\/\\\/static.purejewels.com\\\/wp-content\\\/uploads\\\/2020\\\/11\\\/Logo-PJ-New-1.png\",\"contentUrl\":\"https:\\\/\\\/static.purejewels.com\\\/wp-content\\\/uploads\\\/2020\\\/11\\\/Logo-PJ-New-1.png\",\"width\":150,\"height\":80,\"caption\":\"PureJewels UK\"},\"image\":{\"@id\":\"https:\\\/\\\/www.purejewels.com\\\/#\\\/schema\\\/logo\\\/image\\\/\"}}]}<\/script>\n<!-- \/ Yoast SEO plugin. -->","yoast_head_json":{"title":"18 Ayar Sar\u0131 Alt\u0131n 0,10 Ayar P\u0131rlanta Nosepin | PureJewels UK","description":"0,11 ct p\u0131rlantal\u0131 ve vidal\u0131 destekli 18 ayar alt\u0131n burun i\u011fnesi sat\u0131n al\u0131n. Her durum i\u00e7in m\u00fckemmel olan bu burun i\u011fnesi, g\u00f6r\u00fcn\u00fcm\u00fcn\u00fcze sofistike bir hava katar.","robots":{"index":"index","follow":"follow","max-snippet":"max-snippet:-1","max-image-preview":"max-image-preview:large","max-video-preview":"max-video-preview:-1"},"canonical":"https:\/\/www.purejewels.com\/tr\/urun\/bayanlar-icin-18-ayar-sari-altin-vidali-pirlanta-burun-ignesi-48881\/","og_locale":"tr_TR","og_type":"article","og_title":"18ct Yellow Gold 0.10ct Diamond Nosepin | PureJewels UK","og_description":"Buy an 18ct gold nose pin with a 0.11ct diamond and screw backing. Perfect for any occasion, this nose pin adds sophistication to your look.","og_url":"https:\/\/www.purejewels.com\/tr\/urun\/bayanlar-icin-18-ayar-sari-altin-vidali-pirlanta-burun-ignesi-48881\/","og_site_name":"PureJewels UK","article_modified_time":"2026-03-05T06:35:27+00:00","og_image":[{"width":1000,"height":1000,"url":"https:\/\/static.purejewels.com\/wp-content\/uploads\/2022\/10\/0.10ct.jpg","type":"image\/jpeg"}],"twitter_card":"summary_large_image","twitter_misc":{"Tahmini okuma s\u00fcresi":"2 dakika"},"schema":{"@context":"https:\/\/schema.org","@graph":[{"@type":["WebPage","ItemPage"],"@id":"https:\/\/www.purejewels.com\/product\/18ct-yellow-gold-diamond-nosepin-with-screw-for-ladies-48881\/","url":"https:\/\/www.purejewels.com\/product\/18ct-yellow-gold-diamond-nosepin-with-screw-for-ladies-48881\/","name":"18 Ayar Sar\u0131 Alt\u0131n 0,10 Ayar P\u0131rlanta Nosepin | PureJewels UK","isPartOf":{"@id":"https:\/\/www.purejewels.com\/#website"},"primaryImageOfPage":{"@id":"https:\/\/www.purejewels.com\/product\/18ct-yellow-gold-diamond-nosepin-with-screw-for-ladies-48881\/#primaryimage"},"image":{"@id":"https:\/\/www.purejewels.com\/product\/18ct-yellow-gold-diamond-nosepin-with-screw-for-ladies-48881\/#primaryimage"},"thumbnailUrl":"https:\/\/static.purejewels.com\/wp-content\/uploads\/2022\/10\/0.10ct.jpg","datePublished":"2024-07-09T09:26:49+00:00","dateModified":"2026-03-05T06:35:27+00:00","description":"0,11 ct p\u0131rlantal\u0131 ve vidal\u0131 destekli 18 ayar alt\u0131n burun i\u011fnesi sat\u0131n al\u0131n. Her durum i\u00e7in m\u00fckemmel olan bu burun i\u011fnesi, g\u00f6r\u00fcn\u00fcm\u00fcn\u00fcze sofistike bir hava katar.","breadcrumb":{"@id":"https:\/\/www.purejewels.com\/product\/18ct-yellow-gold-diamond-nosepin-with-screw-for-ladies-48881\/#breadcrumb"},"inLanguage":"tr","potentialAction":[{"@type":"ReadAction","target":["https:\/\/www.purejewels.com\/product\/18ct-yellow-gold-diamond-nosepin-with-screw-for-ladies-48881\/"]}]},{"@type":"ImageObject","inLanguage":"tr","@id":"https:\/\/www.purejewels.com\/product\/18ct-yellow-gold-diamond-nosepin-with-screw-for-ladies-48881\/#primaryimage","url":"https:\/\/static.purejewels.com\/wp-content\/uploads\/2022\/10\/0.10ct.jpg","contentUrl":"https:\/\/static.purejewels.com\/wp-content\/uploads\/2022\/10\/0.10ct.jpg","width":1000,"height":1000,"caption":"18ct Yellow Gold 0.10ct Diamond Nosepin with Screw For Ladies"},{"@type":"BreadcrumbList","@id":"https:\/\/www.purejewels.com\/product\/18ct-yellow-gold-diamond-nosepin-with-screw-for-ladies-48881\/#breadcrumb","itemListElement":[{"@type":"ListItem","position":1,"name":"Home","item":"https:\/\/www.purejewels.com\/"},{"@type":"ListItem","position":2,"name":"Shop","item":"https:\/\/www.purejewels.com\/shop\/"},{"@type":"ListItem","position":3,"name":"18ct Yellow Gold 0.11ct Diamond Nosepin with Screw For Ladies"}]},{"@type":"WebSite","@id":"https:\/\/www.purejewels.com\/#website","url":"https:\/\/www.purejewels.com\/","name":"PureJewels \u0130ngiltere","description":"Sevgiyi Payla\u015f\u0131n","publisher":{"@id":"https:\/\/www.purejewels.com\/#organization"},"potentialAction":[{"@type":"SearchAction","target":{"@type":"EntryPoint","urlTemplate":"https:\/\/www.purejewels.com\/?s={search_term_string}"},"query-input":{"@type":"PropertyValueSpecification","valueRequired":true,"valueName":"search_term_string"}}],"inLanguage":"tr"},{"@type":"Organization","@id":"https:\/\/www.purejewels.com\/#organization","name":"PureJewels \u0130ngiltere","url":"https:\/\/www.purejewels.com\/","logo":{"@type":"ImageObject","inLanguage":"tr","@id":"https:\/\/www.purejewels.com\/#\/schema\/logo\/image\/","url":"https:\/\/static.purejewels.com\/wp-content\/uploads\/2020\/11\/Logo-PJ-New-1.png","contentUrl":"https:\/\/static.purejewels.com\/wp-content\/uploads\/2020\/11\/Logo-PJ-New-1.png","width":150,"height":80,"caption":"PureJewels UK"},"image":{"@id":"https:\/\/www.purejewels.com\/#\/schema\/logo\/image\/"}}]}},"_links":{"self":[{"href":"https:\/\/www.purejewels.com\/tr\/wp-json\/wp\/v2\/product\/340351","targetHints":{"allow":["GET"]}}],"collection":[{"href":"https:\/\/www.purejewels.com\/tr\/wp-json\/wp\/v2\/product"}],"about":[{"href":"https:\/\/www.purejewels.com\/tr\/wp-json\/wp\/v2\/types\/product"}],"replies":[{"embeddable":true,"href":"https:\/\/www.purejewels.com\/tr\/wp-json\/wp\/v2\/comments?post=340351"}],"version-history":[{"count":4,"href":"https:\/\/www.purejewels.com\/tr\/wp-json\/wp\/v2\/product\/340351\/revisions"}],"predecessor-version":[{"id":426615,"href":"https:\/\/www.purejewels.com\/tr\/wp-json\/wp\/v2\/product\/340351\/revisions\/426615"}],"wp:featuredmedia":[{"embeddable":true,"href":"https:\/\/www.purejewels.com\/tr\/wp-json\/wp\/v2\/media\/346391"}],"wp:attachment":[{"href":"https:\/\/www.purejewels.com\/tr\/wp-json\/wp\/v2\/media?parent=340351"}],"wp:term":[{"taxonomy":"product_brand","embeddable":true,"href":"https:\/\/www.purejewels.com\/tr\/wp-json\/wp\/v2\/product_brand?post=340351"},{"taxonomy":"product_cat","embeddable":true,"href":"https:\/\/www.purejewels.com\/tr\/wp-json\/wp\/v2\/product_cat?post=340351"},{"taxonomy":"product_tag","embeddable":true,"href":"https:\/\/www.purejewels.com\/tr\/wp-json\/wp\/v2\/product_tag?post=340351"}],"curies":[{"name":"wp","href":"https:\/\/api.w.org\/{rel}","templated":true}]}}