{"id":340394,"date":"2023-06-13T10:41:27","date_gmt":"2023-06-13T09:41:27","guid":{"rendered":"https:\/\/www.purejewels.com\/?post_type=product&#038;p=340394"},"modified":"2026-04-20T10:56:41","modified_gmt":"2026-04-20T09:56:41","slug":"22-ayar-altin-ayarlanabilir-bayan-yuzuk-rozet-koleksiyonu-41012","status":"publish","type":"product","link":"https:\/\/www.purejewels.com\/tr\/product\/22-carat-gold-adjustable-ring-for-ladies-rosettes-collection-41012\/","title":{"rendered":"22 Ayar Alt\u0131n Ayarlanabilir Bayan Y\u00fcz\u00fck | Rozet Koleksiyonu"},"content":{"rendered":"<ul>\n<li>Y\u00fcz\u00fck a\u011f\u0131rl\u0131\u011f\u0131 6,7 gms<\/li>\n<li>SKU. 41013<\/li>\n<li><b>Menzil kimli\u011fi:<\/b>\u00a0JWRNCRRS013<\/li>\n<li>Kar\u015f\u0131n\u0131zda nefes kesici 22 Ayar Alt\u0131n Ayarlanabilir <a href=\"https:\/\/www.purejewels.com\/tr\/product\/22ct-gold-cocktail-adjustable-ring-46364\/\">Kokteyl Y\u00fcz\u00fc\u011f\u00fc<\/a> Bayanlar i\u00e7in Rosette Koleksiyonumuzdan ger\u00e7ek bir ba\u015fyap\u0131t. Stilinizi yeni zirvelere ta\u015f\u0131mak i\u00e7in titizlikle haz\u0131rlanm\u0131\u015f bu \u00e7arp\u0131c\u0131 par\u00e7a ile kendinizi saf zenginli\u011fe b\u0131rak\u0131n Bu zarif kokteyl y\u00fcz\u00fc\u011f\u00fc, nereye giderseniz gidin cesur bir a\u00e7\u0131klama yapmak i\u00e7in tasarlanm\u0131\u015f l\u00fcks ve sofistike bir sembold\u00fcr. 22 ayar alt\u0131n, zamans\u0131z zarafetin \u00f6z\u00fcn\u00fc yakalayan \u0131\u015f\u0131lt\u0131l\u0131 bir par\u0131lt\u0131 yayar. Ayarlanabilir \u00f6zelli\u011fi m\u00fckemmel bir uyum sa\u011flayarak g\u00fczelli\u011fini her parma\u011f\u0131n\u0131zda zahmetsizce sergilemenize olanak tan\u0131r.<\/li>\n<\/ul>","protected":false},"excerpt":{"rendered":"<table style=\"width: 100%;\">\n<tbody>\n<tr>\n<td style=\"width: 28.1667%;\">Y\u00fcz\u00fck Tipi<\/td>\n<td style=\"width: 71.8333%;\">22 Ayar Alt\u0131n Y\u00fcz\u00fck<\/td>\n<\/tr>\n<tr>\n<td style=\"width: 28.1667%;\">SKU<\/td>\n<td style=\"width: 71.8333%;\">41013<\/td>\n<\/tr>\n<tr>\n<td style=\"width: 28.1667%;\">A\u011f\u0131rl\u0131k<\/td>\n<td style=\"width: 71.8333%;\">6,7 gms<\/td>\n<\/tr>\n<tr>\n<td style=\"width: 28.1667%;\">Y\u00fcz\u00fck \u00d6l\u00e7\u00fcs\u00fc<\/td>\n<td style=\"width: 71.8333%;\">Ayarlanabilir<\/td>\n<\/tr>\n<tr>\n<td style=\"width: 28.1667%;\">Cinsiyet<\/td>\n<td style=\"width: 71.8333%;\">Bayanlar<\/td>\n<\/tr>\n<tr>\n<td style=\"width: 28.1667%;\">\u00dccretler<\/td>\n<td style=\"width: 71.8333%;\">Teslimat ve KDV Dahil<\/td>\n<\/tr>\n<tr>\n<td style=\"width: 28.1667%;\">Paketleme<\/td>\n<td style=\"width: 71.8333%;\">Sunum Kutusu ile Birlikte Gelir<\/td>\n<\/tr>\n<tr>\n<td style=\"width: 28.1667%;\">Daha Fazla Bilgi<\/td>\n<td style=\"width: 71.8333%;\">\n<ul>\n<li>M\u00fcsaitlik durumu ve daha fazla resim i\u00e7in bizimle canl\u0131 sohbet edin<\/li>\n<li>Y\u00fcz\u00fck \u00d6l\u00e7\u00fcn\u00fcz\u00fc Kontrol Etmek \u0130\u00e7in Buraya T\u0131klay\u0131n<\/li>\n<\/ul>\n<\/td>\n<\/tr>\n<\/tbody>\n<\/table>","protected":false},"featured_media":341809,"comment_status":"closed","ping_status":"closed","template":"","meta":{"_eb_attr":"","_crsspst_to_jayantr4sg-hostcom":false},"product_brand":[],"product_cat":[1559,1792,1229,1235,1783,6157,1656,5276,1573,1574],"product_tag":[],"class_list":{"0":"post-340394","1":"product","2":"type-product","3":"status-publish","4":"has-post-thumbnail","6":"product_cat-birthday-gifts","7":"product_cat-festival-gifts","8":"product_cat-22ct-gold-jewellery","9":"product_cat-gold-rings","10":"product_cat-ladies-rings","11":"product_cat-rosette-cocktail-rings","12":"product_cat-rosettes-collections","13":"product_cat-rosettes-ring","14":"product_cat-wedding-gifts","15":"product_cat-womens-jewellery","17":"first","18":"onbackorder","19":"featured","20":"taxable","21":"shipping-taxable","22":"purchasable","23":"product-type-simple","24":"add-to-wishlist-before_image"},"yoast_head":"<!-- This site is optimized with the Yoast SEO plugin v27.5 - https:\/\/yoast.com\/product\/yoast-seo-wordpress\/ -->\n<title>22ct Gold Adjustable Cocktail Ring For Ladies | PureJewels UK<\/title>\n<meta name=\"description\" content=\"Indulge in elegance with our exquisite 22 ct Gold Adjustable Ring for Ladies. Shop now and adorn yourself with the epitome of sophistication\" \/>\n<meta name=\"robots\" content=\"index, follow, max-snippet:-1, max-image-preview:large, max-video-preview:-1\" \/>\n<link rel=\"canonical\" href=\"https:\/\/www.purejewels.com\/tr\/urun\/22-ayar-altin-ayarlanabilir-bayan-yuzuk-rozet-koleksiyonu-41012\/\" \/>\n<meta property=\"og:locale\" content=\"tr_TR\" \/>\n<meta property=\"og:type\" content=\"article\" \/>\n<meta property=\"og:title\" content=\"22ct Gold Adjustable Cocktail Ring For Ladies | PureJewels UK\" \/>\n<meta property=\"og:description\" content=\"Indulge in elegance with our exquisite 22 ct Gold Adjustable Ring for Ladies. Shop now and adorn yourself with the epitome of sophistication\" \/>\n<meta property=\"og:url\" content=\"https:\/\/www.purejewels.com\/tr\/urun\/22-ayar-altin-ayarlanabilir-bayan-yuzuk-rozet-koleksiyonu-41012\/\" \/>\n<meta property=\"og:site_name\" content=\"PureJewels UK\" \/>\n<meta property=\"article:modified_time\" content=\"2026-04-20T09:56:41+00:00\" \/>\n<meta property=\"og:image\" content=\"https:\/\/static.purejewels.com\/wp-content\/uploads\/2022\/10\/41012-4-1.jpg\" \/>\n\t<meta property=\"og:image:width\" content=\"1000\" \/>\n\t<meta property=\"og:image:height\" content=\"1000\" \/>\n\t<meta property=\"og:image:type\" content=\"image\/jpeg\" \/>\n<meta name=\"twitter:card\" content=\"summary_large_image\" \/>\n<meta name=\"twitter:label1\" content=\"Tahmini okuma s\u00fcresi\" \/>\n\t<meta name=\"twitter:data1\" content=\"1 dakika\" \/>\n<script type=\"application\/ld+json\" class=\"yoast-schema-graph\">{\"@context\":\"https:\\\/\\\/schema.org\",\"@graph\":[{\"@type\":[\"WebPage\",\"ItemPage\"],\"@id\":\"https:\\\/\\\/www.purejewels.com\\\/product\\\/22-carat-gold-adjustable-ring-for-ladies-rosettes-collection-41012\\\/\",\"url\":\"https:\\\/\\\/www.purejewels.com\\\/product\\\/22-carat-gold-adjustable-ring-for-ladies-rosettes-collection-41012\\\/\",\"name\":\"22ct Gold Adjustable Cocktail Ring For Ladies | PureJewels UK\",\"isPartOf\":{\"@id\":\"https:\\\/\\\/www.purejewels.com\\\/#website\"},\"primaryImageOfPage\":{\"@id\":\"https:\\\/\\\/www.purejewels.com\\\/product\\\/22-carat-gold-adjustable-ring-for-ladies-rosettes-collection-41012\\\/#primaryimage\"},\"image\":{\"@id\":\"https:\\\/\\\/www.purejewels.com\\\/product\\\/22-carat-gold-adjustable-ring-for-ladies-rosettes-collection-41012\\\/#primaryimage\"},\"thumbnailUrl\":\"https:\\\/\\\/static.purejewels.com\\\/wp-content\\\/uploads\\\/2022\\\/10\\\/41012-4-1.jpg\",\"datePublished\":\"2023-06-13T09:41:27+00:00\",\"dateModified\":\"2026-04-20T09:56:41+00:00\",\"description\":\"Indulge in elegance with our exquisite 22 ct Gold Adjustable Ring for Ladies. Shop now and adorn yourself with the epitome of sophistication\",\"breadcrumb\":{\"@id\":\"https:\\\/\\\/www.purejewels.com\\\/product\\\/22-carat-gold-adjustable-ring-for-ladies-rosettes-collection-41012\\\/#breadcrumb\"},\"inLanguage\":\"tr\",\"potentialAction\":[{\"@type\":\"ReadAction\",\"target\":[\"https:\\\/\\\/www.purejewels.com\\\/product\\\/22-carat-gold-adjustable-ring-for-ladies-rosettes-collection-41012\\\/\"]}]},{\"@type\":\"ImageObject\",\"inLanguage\":\"tr\",\"@id\":\"https:\\\/\\\/www.purejewels.com\\\/product\\\/22-carat-gold-adjustable-ring-for-ladies-rosettes-collection-41012\\\/#primaryimage\",\"url\":\"https:\\\/\\\/static.purejewels.com\\\/wp-content\\\/uploads\\\/2022\\\/10\\\/41012-4-1.jpg\",\"contentUrl\":\"https:\\\/\\\/static.purejewels.com\\\/wp-content\\\/uploads\\\/2022\\\/10\\\/41012-4-1.jpg\",\"width\":1000,\"height\":1000,\"caption\":\"22 Carat Gold Adjustable Ring For Ladies | Rosettes Collection\"},{\"@type\":\"BreadcrumbList\",\"@id\":\"https:\\\/\\\/www.purejewels.com\\\/product\\\/22-carat-gold-adjustable-ring-for-ladies-rosettes-collection-41012\\\/#breadcrumb\",\"itemListElement\":[{\"@type\":\"ListItem\",\"position\":1,\"name\":\"Home\",\"item\":\"https:\\\/\\\/www.purejewels.com\\\/\"},{\"@type\":\"ListItem\",\"position\":2,\"name\":\"Shop\",\"item\":\"https:\\\/\\\/www.purejewels.com\\\/shop\\\/\"},{\"@type\":\"ListItem\",\"position\":3,\"name\":\"22 Carat Gold Adjustable Ring For Ladies | Rosettes Collection\"}]},{\"@type\":\"WebSite\",\"@id\":\"https:\\\/\\\/www.purejewels.com\\\/#website\",\"url\":\"https:\\\/\\\/www.purejewels.com\\\/\",\"name\":\"PureJewels UK\",\"description\":\"Share the Love\",\"publisher\":{\"@id\":\"https:\\\/\\\/www.purejewels.com\\\/#organization\"},\"potentialAction\":[{\"@type\":\"SearchAction\",\"target\":{\"@type\":\"EntryPoint\",\"urlTemplate\":\"https:\\\/\\\/www.purejewels.com\\\/?s={search_term_string}\"},\"query-input\":{\"@type\":\"PropertyValueSpecification\",\"valueRequired\":true,\"valueName\":\"search_term_string\"}}],\"inLanguage\":\"tr\"},{\"@type\":\"Organization\",\"@id\":\"https:\\\/\\\/www.purejewels.com\\\/#organization\",\"name\":\"PureJewels UK\",\"url\":\"https:\\\/\\\/www.purejewels.com\\\/\",\"logo\":{\"@type\":\"ImageObject\",\"inLanguage\":\"tr\",\"@id\":\"https:\\\/\\\/www.purejewels.com\\\/#\\\/schema\\\/logo\\\/image\\\/\",\"url\":\"https:\\\/\\\/static.purejewels.com\\\/wp-content\\\/uploads\\\/2020\\\/11\\\/Logo-PJ-New-1.png\",\"contentUrl\":\"https:\\\/\\\/static.purejewels.com\\\/wp-content\\\/uploads\\\/2020\\\/11\\\/Logo-PJ-New-1.png\",\"width\":150,\"height\":80,\"caption\":\"PureJewels UK\"},\"image\":{\"@id\":\"https:\\\/\\\/www.purejewels.com\\\/#\\\/schema\\\/logo\\\/image\\\/\"}}]}<\/script>\n<!-- \/ Yoast SEO plugin. -->","yoast_head_json":{"title":"22 Ayar Alt\u0131n Ayarlanabilir Kokteyl Y\u00fcz\u00fck Bayanlar \u0130\u00e7in | PureJewels UK","description":"Enfes 22 Ayar Alt\u0131n Ayarlanabilir Bayan Y\u00fcz\u00fc\u011f\u00fcm\u00fczle \u015f\u0131kl\u0131\u011f\u0131n tad\u0131n\u0131 \u00e7\u0131kar\u0131n. \u015eimdi al\u0131\u015fveri\u015f yap\u0131n ve kendinizi sofistike bir \u015fekilde s\u00fcsleyin","robots":{"index":"index","follow":"follow","max-snippet":"max-snippet:-1","max-image-preview":"max-image-preview:large","max-video-preview":"max-video-preview:-1"},"canonical":"https:\/\/www.purejewels.com\/tr\/urun\/22-ayar-altin-ayarlanabilir-bayan-yuzuk-rozet-koleksiyonu-41012\/","og_locale":"tr_TR","og_type":"article","og_title":"22ct Gold Adjustable Cocktail Ring For Ladies | PureJewels UK","og_description":"Indulge in elegance with our exquisite 22 ct Gold Adjustable Ring for Ladies. Shop now and adorn yourself with the epitome of sophistication","og_url":"https:\/\/www.purejewels.com\/tr\/urun\/22-ayar-altin-ayarlanabilir-bayan-yuzuk-rozet-koleksiyonu-41012\/","og_site_name":"PureJewels UK","article_modified_time":"2026-04-20T09:56:41+00:00","og_image":[{"width":1000,"height":1000,"url":"https:\/\/static.purejewels.com\/wp-content\/uploads\/2022\/10\/41012-4-1.jpg","type":"image\/jpeg"}],"twitter_card":"summary_large_image","twitter_misc":{"Tahmini okuma s\u00fcresi":"1 dakika"},"schema":{"@context":"https:\/\/schema.org","@graph":[{"@type":["WebPage","ItemPage"],"@id":"https:\/\/www.purejewels.com\/product\/22-carat-gold-adjustable-ring-for-ladies-rosettes-collection-41012\/","url":"https:\/\/www.purejewels.com\/product\/22-carat-gold-adjustable-ring-for-ladies-rosettes-collection-41012\/","name":"22 Ayar Alt\u0131n Ayarlanabilir Kokteyl Y\u00fcz\u00fck Bayanlar \u0130\u00e7in | PureJewels UK","isPartOf":{"@id":"https:\/\/www.purejewels.com\/#website"},"primaryImageOfPage":{"@id":"https:\/\/www.purejewels.com\/product\/22-carat-gold-adjustable-ring-for-ladies-rosettes-collection-41012\/#primaryimage"},"image":{"@id":"https:\/\/www.purejewels.com\/product\/22-carat-gold-adjustable-ring-for-ladies-rosettes-collection-41012\/#primaryimage"},"thumbnailUrl":"https:\/\/static.purejewels.com\/wp-content\/uploads\/2022\/10\/41012-4-1.jpg","datePublished":"2023-06-13T09:41:27+00:00","dateModified":"2026-04-20T09:56:41+00:00","description":"Enfes 22 Ayar Alt\u0131n Ayarlanabilir Bayan Y\u00fcz\u00fc\u011f\u00fcm\u00fczle \u015f\u0131kl\u0131\u011f\u0131n tad\u0131n\u0131 \u00e7\u0131kar\u0131n. \u015eimdi al\u0131\u015fveri\u015f yap\u0131n ve kendinizi sofistike bir \u015fekilde s\u00fcsleyin","breadcrumb":{"@id":"https:\/\/www.purejewels.com\/product\/22-carat-gold-adjustable-ring-for-ladies-rosettes-collection-41012\/#breadcrumb"},"inLanguage":"tr","potentialAction":[{"@type":"ReadAction","target":["https:\/\/www.purejewels.com\/product\/22-carat-gold-adjustable-ring-for-ladies-rosettes-collection-41012\/"]}]},{"@type":"ImageObject","inLanguage":"tr","@id":"https:\/\/www.purejewels.com\/product\/22-carat-gold-adjustable-ring-for-ladies-rosettes-collection-41012\/#primaryimage","url":"https:\/\/static.purejewels.com\/wp-content\/uploads\/2022\/10\/41012-4-1.jpg","contentUrl":"https:\/\/static.purejewels.com\/wp-content\/uploads\/2022\/10\/41012-4-1.jpg","width":1000,"height":1000,"caption":"22 Carat Gold Adjustable Ring For Ladies | Rosettes Collection"},{"@type":"BreadcrumbList","@id":"https:\/\/www.purejewels.com\/product\/22-carat-gold-adjustable-ring-for-ladies-rosettes-collection-41012\/#breadcrumb","itemListElement":[{"@type":"ListItem","position":1,"name":"Home","item":"https:\/\/www.purejewels.com\/"},{"@type":"ListItem","position":2,"name":"Shop","item":"https:\/\/www.purejewels.com\/shop\/"},{"@type":"ListItem","position":3,"name":"22 Carat Gold Adjustable Ring For Ladies | Rosettes Collection"}]},{"@type":"WebSite","@id":"https:\/\/www.purejewels.com\/#website","url":"https:\/\/www.purejewels.com\/","name":"PureJewels \u0130ngiltere","description":"Sevgiyi Payla\u015f\u0131n","publisher":{"@id":"https:\/\/www.purejewels.com\/#organization"},"potentialAction":[{"@type":"SearchAction","target":{"@type":"EntryPoint","urlTemplate":"https:\/\/www.purejewels.com\/?s={search_term_string}"},"query-input":{"@type":"PropertyValueSpecification","valueRequired":true,"valueName":"search_term_string"}}],"inLanguage":"tr"},{"@type":"Organization","@id":"https:\/\/www.purejewels.com\/#organization","name":"PureJewels \u0130ngiltere","url":"https:\/\/www.purejewels.com\/","logo":{"@type":"ImageObject","inLanguage":"tr","@id":"https:\/\/www.purejewels.com\/#\/schema\/logo\/image\/","url":"https:\/\/static.purejewels.com\/wp-content\/uploads\/2020\/11\/Logo-PJ-New-1.png","contentUrl":"https:\/\/static.purejewels.com\/wp-content\/uploads\/2020\/11\/Logo-PJ-New-1.png","width":150,"height":80,"caption":"PureJewels UK"},"image":{"@id":"https:\/\/www.purejewels.com\/#\/schema\/logo\/image\/"}}]}},"_links":{"self":[{"href":"https:\/\/www.purejewels.com\/tr\/wp-json\/wp\/v2\/product\/340394","targetHints":{"allow":["GET"]}}],"collection":[{"href":"https:\/\/www.purejewels.com\/tr\/wp-json\/wp\/v2\/product"}],"about":[{"href":"https:\/\/www.purejewels.com\/tr\/wp-json\/wp\/v2\/types\/product"}],"replies":[{"embeddable":true,"href":"https:\/\/www.purejewels.com\/tr\/wp-json\/wp\/v2\/comments?post=340394"}],"version-history":[{"count":3,"href":"https:\/\/www.purejewels.com\/tr\/wp-json\/wp\/v2\/product\/340394\/revisions"}],"predecessor-version":[{"id":428786,"href":"https:\/\/www.purejewels.com\/tr\/wp-json\/wp\/v2\/product\/340394\/revisions\/428786"}],"wp:featuredmedia":[{"embeddable":true,"href":"https:\/\/www.purejewels.com\/tr\/wp-json\/wp\/v2\/media\/341809"}],"wp:attachment":[{"href":"https:\/\/www.purejewels.com\/tr\/wp-json\/wp\/v2\/media?parent=340394"}],"wp:term":[{"taxonomy":"product_brand","embeddable":true,"href":"https:\/\/www.purejewels.com\/tr\/wp-json\/wp\/v2\/product_brand?post=340394"},{"taxonomy":"product_cat","embeddable":true,"href":"https:\/\/www.purejewels.com\/tr\/wp-json\/wp\/v2\/product_cat?post=340394"},{"taxonomy":"product_tag","embeddable":true,"href":"https:\/\/www.purejewels.com\/tr\/wp-json\/wp\/v2\/product_tag?post=340394"}],"curies":[{"name":"wp","href":"https:\/\/api.w.org\/{rel}","templated":true}]}}