{"id":340438,"date":"2024-07-18T07:02:11","date_gmt":"2024-07-18T06:02:11","guid":{"rendered":"https:\/\/www.purejewels.com\/?post_type=product&#038;p=340438"},"modified":"2026-01-06T07:29:58","modified_gmt":"2026-01-06T07:29:58","slug":"22-ayar-altin-khanda-sikh-dini-kolye-49462","status":"publish","type":"product","link":"https:\/\/www.purejewels.com\/tr\/product\/22ct-gold-khanda-sikh-religious-pendant-49462\/","title":{"rendered":"22 Ayar G\u00fcndo\u011fumu Alt\u0131n Khanda Sih Dini Kolye"},"content":{"rendered":"<p>Enfes 22 ayar Sunrise Alt\u0131n Khanda Sih Dini Kolyemiz ile ruhani yolculu\u011funuzu y\u00fckseltin. Sayg\u0131 ve hassasiyetle titizlikle i\u015flenen bu kolye ucu, Sihizm'in temel ilkelerini temsil eden kutsal Khanda sembol\u00fcn\u00fc somutla\u015ft\u0131r\u0131yor. Parlak 22 ayar g\u00fcn do\u011fumu alt\u0131n\u0131yla \u0131\u015f\u0131ldayan karma\u015f\u0131k tasar\u0131m\u0131 hem gelene\u011fi hem de modern zarafeti yans\u0131tarak onu de\u011ferli bir s\u00fcs e\u015fyas\u0131 ve g\u00fc\u00e7l\u00fc bir inan\u00e7 amblemi haline getiriyor. \u0130nan\u00e7lar\u0131n\u0131z\u0131n bir kan\u0131t\u0131 olarak gururla tak\u0131n veya Sih miras\u0131n\u0131n kutsamalar\u0131n\u0131 payla\u015fmak i\u00e7in sevdi\u011finiz birine hediye edin.<\/p>","protected":false},"excerpt":{"rendered":"<div class=\"woocommerce-product-details__short-description\">\n<table class=\"sh_desc\">\n<tbody>\n<tr>\n<td>Kolye Tipi<\/td>\n<td>Dini Kolye<\/td>\n<\/tr>\n<tr>\n<td>SKU<\/td>\n<td>49462<\/td>\n<\/tr>\n<tr>\n<td>A\u011f\u0131rl\u0131k<\/td>\n<td>0.9 Gms<\/td>\n<\/tr>\n<tr>\n<td>Metal<\/td>\n<td>22 Ayar G\u00fcndo\u011fumu Alt\u0131n<\/td>\n<\/tr>\n<tr>\n<td>Cinsiyet<\/td>\n<td>Unisex<\/td>\n<\/tr>\n<tr>\n<td>Uzunluk<\/td>\n<td>11.7mm<\/td>\n<\/tr>\n<tr>\n<td>Geni\u015flik<\/td>\n<td>8.8 mm<\/td>\n<\/tr>\n<tr>\n<td>\u00dccretler<\/td>\n<td>Teslimat ve KDV Dahil<\/td>\n<\/tr>\n<tr>\n<td>Paketleme<\/td>\n<td>Sunum Kutusu ile Birlikte Gelir<\/td>\n<\/tr>\n<tr>\n<td>Daha Fazla Bilgi<\/td>\n<td>M\u00fcsaitlik durumu ve daha fazla resim i\u00e7in bizimle canl\u0131 sohbet edin<\/td>\n<\/tr>\n<\/tbody>\n<\/table>\n<\/div>","protected":false},"featured_media":385805,"comment_status":"closed","ping_status":"closed","template":"","meta":{"_eb_attr":"","_crsspst_to_jayantr4sg-hostcom":false},"product_brand":[],"product_cat":[1571,1229,1255,5343,5604,1572,5347,5338,1701,5349],"product_tag":[],"class_list":{"0":"post-340438","1":"product","2":"type-product","3":"status-publish","4":"has-post-thumbnail","6":"product_cat-fathers-day-gifts","7":"product_cat-22ct-gold-jewellery","8":"product_cat-gold-pendants","9":"product_cat-jewellery-under-550","10":"product_cat-khanda-pendants","11":"product_cat-mens-jewellery","12":"product_cat-shop-by-metal","13":"product_cat-shop-by-price","14":"product_cat-religious-pendants","15":"product_cat-yellow-gold-jewellery","17":"first","18":"outofstock","19":"taxable","20":"shipping-taxable","21":"product-type-simple","22":"add-to-wishlist-before_image"},"yoast_head":"<!-- This site is optimized with the Yoast SEO plugin v27.6 - https:\/\/yoast.com\/product\/yoast-seo-wordpress\/ -->\n<title>Gold Khanda Sikh Religious Pendant crafted in 22ct sunrise gold<\/title>\n<meta name=\"description\" content=\"Elevate your spiritual journey with our exquisite 22ct sunrise Gold Khanda Sikh Religious Pendant. Order online for free delivery in the UK\" \/>\n<meta name=\"robots\" content=\"index, follow, max-snippet:-1, max-image-preview:large, max-video-preview:-1\" \/>\n<link rel=\"canonical\" href=\"https:\/\/www.purejewels.com\/tr\/urun\/22-ayar-altin-khanda-sikh-dini-kolye-49462\/\" \/>\n<meta property=\"og:locale\" content=\"tr_TR\" \/>\n<meta property=\"og:type\" content=\"article\" \/>\n<meta property=\"og:title\" content=\"Gold Khanda Sikh Religious Pendant crafted in 22ct sunrise gold\" \/>\n<meta property=\"og:description\" content=\"Elevate your spiritual journey with our exquisite 22ct sunrise Gold Khanda Sikh Religious Pendant. Order online for free delivery in the UK\" \/>\n<meta property=\"og:url\" content=\"https:\/\/www.purejewels.com\/tr\/urun\/22-ayar-altin-khanda-sikh-dini-kolye-49462\/\" \/>\n<meta property=\"og:site_name\" content=\"PureJewels UK\" \/>\n<meta property=\"article:modified_time\" content=\"2026-01-06T07:29:58+00:00\" \/>\n<meta property=\"og:image\" content=\"https:\/\/www.purejewels.com\/wp-content\/uploads\/2024\/07\/49462-2.png\" \/>\n\t<meta property=\"og:image:width\" content=\"1000\" \/>\n\t<meta property=\"og:image:height\" content=\"1000\" \/>\n\t<meta property=\"og:image:type\" content=\"image\/png\" \/>\n<meta name=\"twitter:card\" content=\"summary_large_image\" \/>\n<script type=\"application\/ld+json\" class=\"yoast-schema-graph\">{\"@context\":\"https:\\\/\\\/schema.org\",\"@graph\":[{\"@type\":[\"WebPage\",\"ItemPage\"],\"@id\":\"https:\\\/\\\/www.purejewels.com\\\/product\\\/22ct-gold-khanda-sikh-religious-pendant-49462\\\/\",\"url\":\"https:\\\/\\\/www.purejewels.com\\\/product\\\/22ct-gold-khanda-sikh-religious-pendant-49462\\\/\",\"name\":\"Gold Khanda Sikh Religious Pendant crafted in 22ct sunrise gold\",\"isPartOf\":{\"@id\":\"https:\\\/\\\/www.purejewels.com\\\/#website\"},\"primaryImageOfPage\":{\"@id\":\"https:\\\/\\\/www.purejewels.com\\\/product\\\/22ct-gold-khanda-sikh-religious-pendant-49462\\\/#primaryimage\"},\"image\":{\"@id\":\"https:\\\/\\\/www.purejewels.com\\\/product\\\/22ct-gold-khanda-sikh-religious-pendant-49462\\\/#primaryimage\"},\"thumbnailUrl\":\"https:\\\/\\\/static.purejewels.com\\\/wp-content\\\/uploads\\\/2024\\\/07\\\/49462-2.png\",\"datePublished\":\"2024-07-18T06:02:11+00:00\",\"dateModified\":\"2026-01-06T07:29:58+00:00\",\"description\":\"Elevate your spiritual journey with our exquisite 22ct sunrise Gold Khanda Sikh Religious Pendant. Order online for free delivery in the UK\",\"breadcrumb\":{\"@id\":\"https:\\\/\\\/www.purejewels.com\\\/product\\\/22ct-gold-khanda-sikh-religious-pendant-49462\\\/#breadcrumb\"},\"inLanguage\":\"tr\",\"potentialAction\":[{\"@type\":\"ReadAction\",\"target\":[\"https:\\\/\\\/www.purejewels.com\\\/product\\\/22ct-gold-khanda-sikh-religious-pendant-49462\\\/\"]}]},{\"@type\":\"ImageObject\",\"inLanguage\":\"tr\",\"@id\":\"https:\\\/\\\/www.purejewels.com\\\/product\\\/22ct-gold-khanda-sikh-religious-pendant-49462\\\/#primaryimage\",\"url\":\"https:\\\/\\\/static.purejewels.com\\\/wp-content\\\/uploads\\\/2024\\\/07\\\/49462-2.png\",\"contentUrl\":\"https:\\\/\\\/static.purejewels.com\\\/wp-content\\\/uploads\\\/2024\\\/07\\\/49462-2.png\",\"width\":1000,\"height\":1000,\"caption\":\"22ct Gold Khanda Pendant\"},{\"@type\":\"BreadcrumbList\",\"@id\":\"https:\\\/\\\/www.purejewels.com\\\/product\\\/22ct-gold-khanda-sikh-religious-pendant-49462\\\/#breadcrumb\",\"itemListElement\":[{\"@type\":\"ListItem\",\"position\":1,\"name\":\"Home\",\"item\":\"https:\\\/\\\/www.purejewels.com\\\/\"},{\"@type\":\"ListItem\",\"position\":2,\"name\":\"Shop\",\"item\":\"https:\\\/\\\/www.purejewels.com\\\/shop\\\/\"},{\"@type\":\"ListItem\",\"position\":3,\"name\":\"22ct Sunrise Gold Khanda Sikh Religious Pendant\"}]},{\"@type\":\"WebSite\",\"@id\":\"https:\\\/\\\/www.purejewels.com\\\/#website\",\"url\":\"https:\\\/\\\/www.purejewels.com\\\/\",\"name\":\"PureJewels UK\",\"description\":\"Share the Love\",\"publisher\":{\"@id\":\"https:\\\/\\\/www.purejewels.com\\\/#organization\"},\"potentialAction\":[{\"@type\":\"SearchAction\",\"target\":{\"@type\":\"EntryPoint\",\"urlTemplate\":\"https:\\\/\\\/www.purejewels.com\\\/?s={search_term_string}\"},\"query-input\":{\"@type\":\"PropertyValueSpecification\",\"valueRequired\":true,\"valueName\":\"search_term_string\"}}],\"inLanguage\":\"tr\"},{\"@type\":\"Organization\",\"@id\":\"https:\\\/\\\/www.purejewels.com\\\/#organization\",\"name\":\"PureJewels UK\",\"url\":\"https:\\\/\\\/www.purejewels.com\\\/\",\"logo\":{\"@type\":\"ImageObject\",\"inLanguage\":\"tr\",\"@id\":\"https:\\\/\\\/www.purejewels.com\\\/#\\\/schema\\\/logo\\\/image\\\/\",\"url\":\"https:\\\/\\\/static.purejewels.com\\\/wp-content\\\/uploads\\\/2020\\\/11\\\/Logo-PJ-New-1.png\",\"contentUrl\":\"https:\\\/\\\/static.purejewels.com\\\/wp-content\\\/uploads\\\/2020\\\/11\\\/Logo-PJ-New-1.png\",\"width\":150,\"height\":80,\"caption\":\"PureJewels UK\"},\"image\":{\"@id\":\"https:\\\/\\\/www.purejewels.com\\\/#\\\/schema\\\/logo\\\/image\\\/\"}}]}<\/script>\n<!-- \/ Yoast SEO plugin. -->","yoast_head_json":{"title":"Alt\u0131n Khanda Sih Dini Kolye 22 ayar g\u00fcndo\u011fumu alt\u0131n\u0131ndan i\u015flenmi\u015ftir","description":"Enfes 22 ayar g\u00fcndo\u011fumu Alt\u0131n Khanda Sih Dini Kolyemiz ile ruhani yolculu\u011funuzu y\u00fckseltin. \u0130ngiltere'de \u00fccretsiz teslimat i\u00e7in online sipari\u015f verin","robots":{"index":"index","follow":"follow","max-snippet":"max-snippet:-1","max-image-preview":"max-image-preview:large","max-video-preview":"max-video-preview:-1"},"canonical":"https:\/\/www.purejewels.com\/tr\/urun\/22-ayar-altin-khanda-sikh-dini-kolye-49462\/","og_locale":"tr_TR","og_type":"article","og_title":"Gold Khanda Sikh Religious Pendant crafted in 22ct sunrise gold","og_description":"Elevate your spiritual journey with our exquisite 22ct sunrise Gold Khanda Sikh Religious Pendant. Order online for free delivery in the UK","og_url":"https:\/\/www.purejewels.com\/tr\/urun\/22-ayar-altin-khanda-sikh-dini-kolye-49462\/","og_site_name":"PureJewels UK","article_modified_time":"2026-01-06T07:29:58+00:00","og_image":[{"width":1000,"height":1000,"url":"https:\/\/www.purejewels.com\/wp-content\/uploads\/2024\/07\/49462-2.png","type":"image\/png"}],"twitter_card":"summary_large_image","schema":{"@context":"https:\/\/schema.org","@graph":[{"@type":["WebPage","ItemPage"],"@id":"https:\/\/www.purejewels.com\/product\/22ct-gold-khanda-sikh-religious-pendant-49462\/","url":"https:\/\/www.purejewels.com\/product\/22ct-gold-khanda-sikh-religious-pendant-49462\/","name":"Alt\u0131n Khanda Sih Dini Kolye 22 ayar g\u00fcndo\u011fumu alt\u0131n\u0131ndan i\u015flenmi\u015ftir","isPartOf":{"@id":"https:\/\/www.purejewels.com\/#website"},"primaryImageOfPage":{"@id":"https:\/\/www.purejewels.com\/product\/22ct-gold-khanda-sikh-religious-pendant-49462\/#primaryimage"},"image":{"@id":"https:\/\/www.purejewels.com\/product\/22ct-gold-khanda-sikh-religious-pendant-49462\/#primaryimage"},"thumbnailUrl":"https:\/\/static.purejewels.com\/wp-content\/uploads\/2024\/07\/49462-2.png","datePublished":"2024-07-18T06:02:11+00:00","dateModified":"2026-01-06T07:29:58+00:00","description":"Enfes 22 ayar g\u00fcndo\u011fumu Alt\u0131n Khanda Sih Dini Kolyemiz ile ruhani yolculu\u011funuzu y\u00fckseltin. \u0130ngiltere'de \u00fccretsiz teslimat i\u00e7in online sipari\u015f verin","breadcrumb":{"@id":"https:\/\/www.purejewels.com\/product\/22ct-gold-khanda-sikh-religious-pendant-49462\/#breadcrumb"},"inLanguage":"tr","potentialAction":[{"@type":"ReadAction","target":["https:\/\/www.purejewels.com\/product\/22ct-gold-khanda-sikh-religious-pendant-49462\/"]}]},{"@type":"ImageObject","inLanguage":"tr","@id":"https:\/\/www.purejewels.com\/product\/22ct-gold-khanda-sikh-religious-pendant-49462\/#primaryimage","url":"https:\/\/static.purejewels.com\/wp-content\/uploads\/2024\/07\/49462-2.png","contentUrl":"https:\/\/static.purejewels.com\/wp-content\/uploads\/2024\/07\/49462-2.png","width":1000,"height":1000,"caption":"22ct Gold Khanda Pendant"},{"@type":"BreadcrumbList","@id":"https:\/\/www.purejewels.com\/product\/22ct-gold-khanda-sikh-religious-pendant-49462\/#breadcrumb","itemListElement":[{"@type":"ListItem","position":1,"name":"Home","item":"https:\/\/www.purejewels.com\/"},{"@type":"ListItem","position":2,"name":"Shop","item":"https:\/\/www.purejewels.com\/shop\/"},{"@type":"ListItem","position":3,"name":"22ct Sunrise Gold Khanda Sikh Religious Pendant"}]},{"@type":"WebSite","@id":"https:\/\/www.purejewels.com\/#website","url":"https:\/\/www.purejewels.com\/","name":"PureJewels \u0130ngiltere","description":"Sevgiyi Payla\u015f\u0131n","publisher":{"@id":"https:\/\/www.purejewels.com\/#organization"},"potentialAction":[{"@type":"SearchAction","target":{"@type":"EntryPoint","urlTemplate":"https:\/\/www.purejewels.com\/?s={search_term_string}"},"query-input":{"@type":"PropertyValueSpecification","valueRequired":true,"valueName":"search_term_string"}}],"inLanguage":"tr"},{"@type":"Organization","@id":"https:\/\/www.purejewels.com\/#organization","name":"PureJewels \u0130ngiltere","url":"https:\/\/www.purejewels.com\/","logo":{"@type":"ImageObject","inLanguage":"tr","@id":"https:\/\/www.purejewels.com\/#\/schema\/logo\/image\/","url":"https:\/\/static.purejewels.com\/wp-content\/uploads\/2020\/11\/Logo-PJ-New-1.png","contentUrl":"https:\/\/static.purejewels.com\/wp-content\/uploads\/2020\/11\/Logo-PJ-New-1.png","width":150,"height":80,"caption":"PureJewels UK"},"image":{"@id":"https:\/\/www.purejewels.com\/#\/schema\/logo\/image\/"}}]}},"_links":{"self":[{"href":"https:\/\/www.purejewels.com\/tr\/wp-json\/wp\/v2\/product\/340438","targetHints":{"allow":["GET"]}}],"collection":[{"href":"https:\/\/www.purejewels.com\/tr\/wp-json\/wp\/v2\/product"}],"about":[{"href":"https:\/\/www.purejewels.com\/tr\/wp-json\/wp\/v2\/types\/product"}],"replies":[{"embeddable":true,"href":"https:\/\/www.purejewels.com\/tr\/wp-json\/wp\/v2\/comments?post=340438"}],"version-history":[{"count":4,"href":"https:\/\/www.purejewels.com\/tr\/wp-json\/wp\/v2\/product\/340438\/revisions"}],"predecessor-version":[{"id":385806,"href":"https:\/\/www.purejewels.com\/tr\/wp-json\/wp\/v2\/product\/340438\/revisions\/385806"}],"wp:featuredmedia":[{"embeddable":true,"href":"https:\/\/www.purejewels.com\/tr\/wp-json\/wp\/v2\/media\/385805"}],"wp:attachment":[{"href":"https:\/\/www.purejewels.com\/tr\/wp-json\/wp\/v2\/media?parent=340438"}],"wp:term":[{"taxonomy":"product_brand","embeddable":true,"href":"https:\/\/www.purejewels.com\/tr\/wp-json\/wp\/v2\/product_brand?post=340438"},{"taxonomy":"product_cat","embeddable":true,"href":"https:\/\/www.purejewels.com\/tr\/wp-json\/wp\/v2\/product_cat?post=340438"},{"taxonomy":"product_tag","embeddable":true,"href":"https:\/\/www.purejewels.com\/tr\/wp-json\/wp\/v2\/product_tag?post=340438"}],"curies":[{"name":"wp","href":"https:\/\/api.w.org\/{rel}","templated":true}]}}