{"id":340522,"date":"2022-11-04T05:36:10","date_gmt":"2022-11-04T05:36:10","guid":{"rendered":"https:\/\/www.purejewels.com\/?post_type=product&#038;p=340522"},"modified":"2025-11-05T06:29:38","modified_gmt":"2025-11-05T06:29:38","slug":"kadinlar-icin-18-ayar-sari-altin-vidali-pirlanta-burun-ignesi-43668","status":"publish","type":"product","link":"https:\/\/www.purejewels.com\/tr\/product\/18ct-yellow-gold-diamond-nosepin-with-screw-for-women-43668\/","title":{"rendered":"18 Ayar Sar\u0131 Alt\u0131n 0,12 Ayar Vidal\u0131 P\u0131rlanta Burun \u00c7\u0131t\u00e7\u0131t"},"content":{"rendered":"<p>Bu zarif 18 Ayar Sar\u0131 Alt\u0131n P\u0131rlanta Burunluk ile \u015f\u0131kl\u0131\u011f\u0131n\u0131z\u0131 art\u0131r\u0131n. G\u00f6z kama\u015ft\u0131r\u0131c\u0131 0,12 ct p\u0131rlantaya sahip bu burun i\u011fnesi, sofistike ve ince \u0131\u015f\u0131lt\u0131n\u0131n m\u00fckemmel bir kar\u0131\u015f\u0131m\u0131d\u0131r. Ustal\u0131kla 18 ayar sar\u0131 alt\u0131ndan \u00fcretilen bu burunluk, t\u00fcm cilt tonlar\u0131n\u0131 tamamlayan s\u0131cak ve zamans\u0131z bir \u00e7ekicilik sunuyor.<\/p>\n<p>G\u00fcvenli vidal\u0131 tasar\u0131m\u0131 rahat ve sa\u011flam bir uyum sa\u011flayarak g\u00fcnl\u00fck kullan\u0131m veya \u00f6zel g\u00fcnler i\u00e7in idealdir. Minimalist stili p\u0131rlantan\u0131n parlakl\u0131\u011f\u0131n\u0131 \u00f6ne \u00e7\u0131kararak g\u00f6r\u00fcn\u00fcm\u00fcn\u00fcze l\u00fcks bir dokunu\u015f katar.<\/p>\n<p>\u0130ster sevdi\u011finiz biri i\u00e7in bir hediye ister kendiniz i\u00e7in bir ikram olsun, bu p\u0131rlanta burun i\u011fnesi zarafet ve rafine g\u00fczelli\u011fi temsil eden \u00e7arp\u0131c\u0131 bir par\u00e7ad\u0131r.<\/p>","protected":false},"excerpt":{"rendered":"<ul>\n<li>18 Ayar Sar\u0131 Alt\u0131n P\u0131rlanta Burun Saplamas\u0131 \u0130ngiltere<\/li>\n<li>G\u00fcnl\u00fck Kullan\u0131ma Uygun 18ct Burun Tak\u0131lar\u0131<\/li>\n<li>d\u00f6rt Prong ayar\u0131nda Yuvarlak Parlak kesim P\u0131rlanta setli\n<ul>\n<li style=\"list-style-type: none;\">\n<ul>\n<li>P\u0131rlanta a\u011f\u0131rl\u0131\u011f\u0131 0.12ct<\/li>\n<li>P\u0131rlanta Rengi. E\/F<\/li>\n<li>P\u0131rlanta Berrakl\u0131\u011f\u0131. VVS (\u00c7ok \u00c7ok K\u00fc\u00e7\u00fck Kapan\u0131mlar)<\/li>\n<li>T\u00fcm Elmaslar\u0131m\u0131z SGL Sertifikas\u0131 ile birlikte gelir<\/li>\n<\/ul>\n<\/li>\n<\/ul>\n<\/li>\n<li>SKU. 47117<\/li>\n<li>T\u00fcm fiyatlara KDV dahildir.<\/li>\n<li>Sunum Kutusu ile Birlikte Gelir.<\/li>\n<li>\u0130ngiltere Genelinde \u00dccretsiz Teslimat.<\/li>\n<li>\u00dcr\u00fcn videosu i\u00e7in bize ula\u015f\u0131n \/ bizimle canl\u0131 sohbet edin<\/li>\n<\/ul>","protected":false},"featured_media":346378,"comment_status":"closed","ping_status":"closed","template":"","meta":{"_eb_attr":"","_crsspst_to_jayantr4sg-hostcom":false},"product_brand":[],"product_cat":[5679,6093,5457,6007,1711,5942],"product_tag":[],"class_list":{"0":"post-340522","1":"product","2":"type-product","3":"status-publish","4":"has-post-thumbnail","6":"product_cat-18ct-gold-jewellery","7":"product_cat-18ct-nose-jewellery","8":"product_cat-diamond-jewellery","9":"product_cat-diamond-nose-stud","10":"product_cat-gold-nose-studs","11":"product_cat-nose-jewellery","13":"first","14":"instock","15":"taxable","16":"shipping-taxable","17":"purchasable","18":"product-type-simple","19":"add-to-wishlist-before_image"},"yoast_head":"<!-- This site is optimized with the Yoast SEO plugin v27.5 - https:\/\/yoast.com\/product\/yoast-seo-wordpress\/ -->\n<title>18ct Yellow Gold Diamond Nosepin | PureJewels UK | Ladies<\/title>\n<meta name=\"description\" content=\"Adorn your nose with a luxurious 18ct gold diamond nose stud. Our collection showcases exquisite designs, crafted with precision and adorned with sparkling diamonds.\" \/>\n<meta name=\"robots\" content=\"index, follow, max-snippet:-1, max-image-preview:large, max-video-preview:-1\" \/>\n<link rel=\"canonical\" href=\"https:\/\/www.purejewels.com\/tr\/urun\/kadinlar-icin-18-ayar-sari-altin-vidali-pirlanta-burun-ignesi-43668\/\" \/>\n<meta property=\"og:locale\" content=\"tr_TR\" \/>\n<meta property=\"og:type\" content=\"article\" \/>\n<meta property=\"og:title\" content=\"18ct Yellow Gold Diamond Nosepin | PureJewels UK | Ladies\" \/>\n<meta property=\"og:description\" content=\"Adorn your nose with a luxurious 18ct gold diamond nose stud. Our collection showcases exquisite designs, crafted with precision and adorned with sparkling diamonds.\" \/>\n<meta property=\"og:url\" content=\"https:\/\/www.purejewels.com\/tr\/urun\/kadinlar-icin-18-ayar-sari-altin-vidali-pirlanta-burun-ignesi-43668\/\" \/>\n<meta property=\"og:site_name\" content=\"PureJewels UK\" \/>\n<meta property=\"article:modified_time\" content=\"2025-11-05T06:29:38+00:00\" \/>\n<meta property=\"og:image\" content=\"https:\/\/www.purejewels.com\/wp-content\/uploads\/2023\/05\/0.12ct.jpg\" \/>\n\t<meta property=\"og:image:width\" content=\"1000\" \/>\n\t<meta property=\"og:image:height\" content=\"1000\" \/>\n\t<meta property=\"og:image:type\" content=\"image\/jpeg\" \/>\n<meta name=\"twitter:card\" content=\"summary_large_image\" \/>\n<meta name=\"twitter:label1\" content=\"Tahmini okuma s\u00fcresi\" \/>\n\t<meta name=\"twitter:data1\" content=\"1 dakika\" \/>\n<script type=\"application\/ld+json\" class=\"yoast-schema-graph\">{\"@context\":\"https:\\\/\\\/schema.org\",\"@graph\":[{\"@type\":[\"WebPage\",\"ItemPage\"],\"@id\":\"https:\\\/\\\/www.purejewels.com\\\/product\\\/18ct-yellow-gold-diamond-nosepin-with-screw-for-women-43668\\\/\",\"url\":\"https:\\\/\\\/www.purejewels.com\\\/product\\\/18ct-yellow-gold-diamond-nosepin-with-screw-for-women-43668\\\/\",\"name\":\"18ct Yellow Gold Diamond Nosepin | PureJewels UK | Ladies\",\"isPartOf\":{\"@id\":\"https:\\\/\\\/www.purejewels.com\\\/#website\"},\"primaryImageOfPage\":{\"@id\":\"https:\\\/\\\/www.purejewels.com\\\/product\\\/18ct-yellow-gold-diamond-nosepin-with-screw-for-women-43668\\\/#primaryimage\"},\"image\":{\"@id\":\"https:\\\/\\\/www.purejewels.com\\\/product\\\/18ct-yellow-gold-diamond-nosepin-with-screw-for-women-43668\\\/#primaryimage\"},\"thumbnailUrl\":\"https:\\\/\\\/static.purejewels.com\\\/wp-content\\\/uploads\\\/2023\\\/05\\\/0.12ct.jpg\",\"datePublished\":\"2022-11-04T05:36:10+00:00\",\"dateModified\":\"2025-11-05T06:29:38+00:00\",\"description\":\"Adorn your nose with a luxurious 18ct gold diamond nose stud. Our collection showcases exquisite designs, crafted with precision and adorned with sparkling diamonds.\",\"breadcrumb\":{\"@id\":\"https:\\\/\\\/www.purejewels.com\\\/product\\\/18ct-yellow-gold-diamond-nosepin-with-screw-for-women-43668\\\/#breadcrumb\"},\"inLanguage\":\"tr\",\"potentialAction\":[{\"@type\":\"ReadAction\",\"target\":[\"https:\\\/\\\/www.purejewels.com\\\/product\\\/18ct-yellow-gold-diamond-nosepin-with-screw-for-women-43668\\\/\"]}]},{\"@type\":\"ImageObject\",\"inLanguage\":\"tr\",\"@id\":\"https:\\\/\\\/www.purejewels.com\\\/product\\\/18ct-yellow-gold-diamond-nosepin-with-screw-for-women-43668\\\/#primaryimage\",\"url\":\"https:\\\/\\\/static.purejewels.com\\\/wp-content\\\/uploads\\\/2023\\\/05\\\/0.12ct.jpg\",\"contentUrl\":\"https:\\\/\\\/static.purejewels.com\\\/wp-content\\\/uploads\\\/2023\\\/05\\\/0.12ct.jpg\",\"width\":1000,\"height\":1000,\"caption\":\"18ct Yellow Gold Diamond Nosepin with Screw For Ladies\"},{\"@type\":\"BreadcrumbList\",\"@id\":\"https:\\\/\\\/www.purejewels.com\\\/product\\\/18ct-yellow-gold-diamond-nosepin-with-screw-for-women-43668\\\/#breadcrumb\",\"itemListElement\":[{\"@type\":\"ListItem\",\"position\":1,\"name\":\"Home\",\"item\":\"https:\\\/\\\/www.purejewels.com\\\/\"},{\"@type\":\"ListItem\",\"position\":2,\"name\":\"Shop\",\"item\":\"https:\\\/\\\/www.purejewels.com\\\/shop\\\/\"},{\"@type\":\"ListItem\",\"position\":3,\"name\":\"18ct Yellow Gold 0.12ct Diamond Nose stud with Screw\"}]},{\"@type\":\"WebSite\",\"@id\":\"https:\\\/\\\/www.purejewels.com\\\/#website\",\"url\":\"https:\\\/\\\/www.purejewels.com\\\/\",\"name\":\"PureJewels UK\",\"description\":\"Share the Love\",\"publisher\":{\"@id\":\"https:\\\/\\\/www.purejewels.com\\\/#organization\"},\"potentialAction\":[{\"@type\":\"SearchAction\",\"target\":{\"@type\":\"EntryPoint\",\"urlTemplate\":\"https:\\\/\\\/www.purejewels.com\\\/?s={search_term_string}\"},\"query-input\":{\"@type\":\"PropertyValueSpecification\",\"valueRequired\":true,\"valueName\":\"search_term_string\"}}],\"inLanguage\":\"tr\"},{\"@type\":\"Organization\",\"@id\":\"https:\\\/\\\/www.purejewels.com\\\/#organization\",\"name\":\"PureJewels UK\",\"url\":\"https:\\\/\\\/www.purejewels.com\\\/\",\"logo\":{\"@type\":\"ImageObject\",\"inLanguage\":\"tr\",\"@id\":\"https:\\\/\\\/www.purejewels.com\\\/#\\\/schema\\\/logo\\\/image\\\/\",\"url\":\"https:\\\/\\\/static.purejewels.com\\\/wp-content\\\/uploads\\\/2020\\\/11\\\/Logo-PJ-New-1.png\",\"contentUrl\":\"https:\\\/\\\/static.purejewels.com\\\/wp-content\\\/uploads\\\/2020\\\/11\\\/Logo-PJ-New-1.png\",\"width\":150,\"height\":80,\"caption\":\"PureJewels UK\"},\"image\":{\"@id\":\"https:\\\/\\\/www.purejewels.com\\\/#\\\/schema\\\/logo\\\/image\\\/\"}}]}<\/script>\n<!-- \/ Yoast SEO plugin. -->","yoast_head_json":{"title":"18 Ayar Sar\u0131 Alt\u0131n P\u0131rlanta Burunluk | PureJewels UK | Bayanlar","description":"Burnunuzu l\u00fcks bir 18 ayar alt\u0131n p\u0131rlanta h\u0131zma ile s\u00fcsleyin. Koleksiyonumuz, hassasiyetle haz\u0131rlanm\u0131\u015f ve \u0131\u015f\u0131lt\u0131l\u0131 elmaslarla s\u00fcslenmi\u015f zarif tasar\u0131mlar sergiliyor.","robots":{"index":"index","follow":"follow","max-snippet":"max-snippet:-1","max-image-preview":"max-image-preview:large","max-video-preview":"max-video-preview:-1"},"canonical":"https:\/\/www.purejewels.com\/tr\/urun\/kadinlar-icin-18-ayar-sari-altin-vidali-pirlanta-burun-ignesi-43668\/","og_locale":"tr_TR","og_type":"article","og_title":"18ct Yellow Gold Diamond Nosepin | PureJewels UK | Ladies","og_description":"Adorn your nose with a luxurious 18ct gold diamond nose stud. Our collection showcases exquisite designs, crafted with precision and adorned with sparkling diamonds.","og_url":"https:\/\/www.purejewels.com\/tr\/urun\/kadinlar-icin-18-ayar-sari-altin-vidali-pirlanta-burun-ignesi-43668\/","og_site_name":"PureJewels UK","article_modified_time":"2025-11-05T06:29:38+00:00","og_image":[{"width":1000,"height":1000,"url":"https:\/\/www.purejewels.com\/wp-content\/uploads\/2023\/05\/0.12ct.jpg","type":"image\/jpeg"}],"twitter_card":"summary_large_image","twitter_misc":{"Tahmini okuma s\u00fcresi":"1 dakika"},"schema":{"@context":"https:\/\/schema.org","@graph":[{"@type":["WebPage","ItemPage"],"@id":"https:\/\/www.purejewels.com\/product\/18ct-yellow-gold-diamond-nosepin-with-screw-for-women-43668\/","url":"https:\/\/www.purejewels.com\/product\/18ct-yellow-gold-diamond-nosepin-with-screw-for-women-43668\/","name":"18 Ayar Sar\u0131 Alt\u0131n P\u0131rlanta Burunluk | PureJewels UK | Bayanlar","isPartOf":{"@id":"https:\/\/www.purejewels.com\/#website"},"primaryImageOfPage":{"@id":"https:\/\/www.purejewels.com\/product\/18ct-yellow-gold-diamond-nosepin-with-screw-for-women-43668\/#primaryimage"},"image":{"@id":"https:\/\/www.purejewels.com\/product\/18ct-yellow-gold-diamond-nosepin-with-screw-for-women-43668\/#primaryimage"},"thumbnailUrl":"https:\/\/static.purejewels.com\/wp-content\/uploads\/2023\/05\/0.12ct.jpg","datePublished":"2022-11-04T05:36:10+00:00","dateModified":"2025-11-05T06:29:38+00:00","description":"Burnunuzu l\u00fcks bir 18 ayar alt\u0131n p\u0131rlanta h\u0131zma ile s\u00fcsleyin. Koleksiyonumuz, hassasiyetle haz\u0131rlanm\u0131\u015f ve \u0131\u015f\u0131lt\u0131l\u0131 elmaslarla s\u00fcslenmi\u015f zarif tasar\u0131mlar sergiliyor.","breadcrumb":{"@id":"https:\/\/www.purejewels.com\/product\/18ct-yellow-gold-diamond-nosepin-with-screw-for-women-43668\/#breadcrumb"},"inLanguage":"tr","potentialAction":[{"@type":"ReadAction","target":["https:\/\/www.purejewels.com\/product\/18ct-yellow-gold-diamond-nosepin-with-screw-for-women-43668\/"]}]},{"@type":"ImageObject","inLanguage":"tr","@id":"https:\/\/www.purejewels.com\/product\/18ct-yellow-gold-diamond-nosepin-with-screw-for-women-43668\/#primaryimage","url":"https:\/\/static.purejewels.com\/wp-content\/uploads\/2023\/05\/0.12ct.jpg","contentUrl":"https:\/\/static.purejewels.com\/wp-content\/uploads\/2023\/05\/0.12ct.jpg","width":1000,"height":1000,"caption":"18ct Yellow Gold Diamond Nosepin with Screw For Ladies"},{"@type":"BreadcrumbList","@id":"https:\/\/www.purejewels.com\/product\/18ct-yellow-gold-diamond-nosepin-with-screw-for-women-43668\/#breadcrumb","itemListElement":[{"@type":"ListItem","position":1,"name":"Home","item":"https:\/\/www.purejewels.com\/"},{"@type":"ListItem","position":2,"name":"Shop","item":"https:\/\/www.purejewels.com\/shop\/"},{"@type":"ListItem","position":3,"name":"18ct Yellow Gold 0.12ct Diamond Nose stud with Screw"}]},{"@type":"WebSite","@id":"https:\/\/www.purejewels.com\/#website","url":"https:\/\/www.purejewels.com\/","name":"PureJewels \u0130ngiltere","description":"Sevgiyi Payla\u015f\u0131n","publisher":{"@id":"https:\/\/www.purejewels.com\/#organization"},"potentialAction":[{"@type":"SearchAction","target":{"@type":"EntryPoint","urlTemplate":"https:\/\/www.purejewels.com\/?s={search_term_string}"},"query-input":{"@type":"PropertyValueSpecification","valueRequired":true,"valueName":"search_term_string"}}],"inLanguage":"tr"},{"@type":"Organization","@id":"https:\/\/www.purejewels.com\/#organization","name":"PureJewels \u0130ngiltere","url":"https:\/\/www.purejewels.com\/","logo":{"@type":"ImageObject","inLanguage":"tr","@id":"https:\/\/www.purejewels.com\/#\/schema\/logo\/image\/","url":"https:\/\/static.purejewels.com\/wp-content\/uploads\/2020\/11\/Logo-PJ-New-1.png","contentUrl":"https:\/\/static.purejewels.com\/wp-content\/uploads\/2020\/11\/Logo-PJ-New-1.png","width":150,"height":80,"caption":"PureJewels UK"},"image":{"@id":"https:\/\/www.purejewels.com\/#\/schema\/logo\/image\/"}}]}},"_links":{"self":[{"href":"https:\/\/www.purejewels.com\/tr\/wp-json\/wp\/v2\/product\/340522","targetHints":{"allow":["GET"]}}],"collection":[{"href":"https:\/\/www.purejewels.com\/tr\/wp-json\/wp\/v2\/product"}],"about":[{"href":"https:\/\/www.purejewels.com\/tr\/wp-json\/wp\/v2\/types\/product"}],"replies":[{"embeddable":true,"href":"https:\/\/www.purejewels.com\/tr\/wp-json\/wp\/v2\/comments?post=340522"}],"version-history":[{"count":4,"href":"https:\/\/www.purejewels.com\/tr\/wp-json\/wp\/v2\/product\/340522\/revisions"}],"predecessor-version":[{"id":420164,"href":"https:\/\/www.purejewels.com\/tr\/wp-json\/wp\/v2\/product\/340522\/revisions\/420164"}],"wp:featuredmedia":[{"embeddable":true,"href":"https:\/\/www.purejewels.com\/tr\/wp-json\/wp\/v2\/media\/346378"}],"wp:attachment":[{"href":"https:\/\/www.purejewels.com\/tr\/wp-json\/wp\/v2\/media?parent=340522"}],"wp:term":[{"taxonomy":"product_brand","embeddable":true,"href":"https:\/\/www.purejewels.com\/tr\/wp-json\/wp\/v2\/product_brand?post=340522"},{"taxonomy":"product_cat","embeddable":true,"href":"https:\/\/www.purejewels.com\/tr\/wp-json\/wp\/v2\/product_cat?post=340522"},{"taxonomy":"product_tag","embeddable":true,"href":"https:\/\/www.purejewels.com\/tr\/wp-json\/wp\/v2\/product_tag?post=340522"}],"curies":[{"name":"wp","href":"https:\/\/api.w.org\/{rel}","templated":true}]}}