{"id":340587,"date":"2022-11-07T06:47:55","date_gmt":"2022-11-07T06:47:55","guid":{"rendered":"https:\/\/www.purejewels.com\/?post_type=product&#038;p=340587"},"modified":"2025-05-22T11:23:00","modified_gmt":"2025-05-22T10:23:00","slug":"22-ayar-cz-altin-saplama-kupe-rodyum-kaplama-43665","status":"publish","type":"product","link":"https:\/\/www.purejewels.com\/tr\/product\/22ct-cz-gold-stud-earring-rhodium-finish-43665\/","title":{"rendered":"22 Ayar Alt\u0131n CZ \u00c7i\u00e7ek Yaprakl\u0131 Saplama"},"content":{"rendered":"<ul>\n<li><b>SKU:<\/b>\u00a046574<\/li>\n<li><b>Aral\u0131k Kimli\u011fi YGER871<\/b><\/li>\n<\/ul>","protected":false},"excerpt":{"rendered":"<ul>\n<li>22 Ayar Alt\u0131n CZ Saplama<\/li>\n<li>A\u011f\u0131rl\u0131k 1,6 gram<\/li>\n<li>SKU. 46574<\/li>\n<li>Boyutlar. Geni\u015flik 6.3mm, Y\u00fckseklik 9.5mm<\/li>\n<li>T\u00fcm fiyatlara KDV dahildir<\/li>\n<li>T\u00fcm \u00fcr\u00fcnlerimiz London Assay Office taraf\u0131ndan damgalanm\u0131\u015ft\u0131r<\/li>\n<li>Sunum Kutusu ile Birlikte Gelir<\/li>\n<li>Teslimat Dahil<\/li>\n<li>\u00dcr\u00fcn\u00fcn canl\u0131 videosu i\u00e7in bize ula\u015f\u0131n \/ bizimle sohbet edin<\/li>\n<\/ul>","protected":false},"featured_media":352456,"comment_status":"closed","ping_status":"closed","template":"","meta":{"_eb_attr":"","_crsspst_to_jayantr4sg-hostcom":true},"product_brand":[],"product_cat":[1559,1794,1793,1792,1790,1254,5344,5338,1577,1575,1574,5349],"product_tag":[1430],"class_list":{"0":"post-340587","1":"product","2":"type-product","3":"status-publish","4":"has-post-thumbnail","6":"product_cat-birthday-gifts","7":"product_cat-christmas-gifts","8":"product_cat-diwali-gifts","9":"product_cat-festival-gifts","10":"product_cat-for-whom-when","11":"product_cat-gold-earrings","12":"product_cat-jewellery-under-750","13":"product_cat-shop-by-price","14":"product_cat-stud-earrings","15":"product_cat-teenage-jewellery","16":"product_cat-womens-jewellery","17":"product_cat-yellow-gold-jewellery","18":"product_tag-diwali-gift","20":"first","21":"outofstock","22":"taxable","23":"shipping-taxable","24":"product-type-simple","25":"add-to-wishlist-before_image"},"yoast_head":"<!-- This site is optimized with the Yoast SEO plugin v27.3 - https:\/\/yoast.com\/product\/yoast-seo-wordpress\/ -->\n<title>22ct Gold CZ Petal Stud Earring | Purejewels UK | Online<\/title>\n<meta name=\"description\" content=\"Shop 22ct Gold CZ Petal Stud Earring for the perfect touch of glamour and sophistication. The cubic zirconia stones add a touch of sparkle and shine.\" \/>\n<meta name=\"robots\" content=\"index, follow, max-snippet:-1, max-image-preview:large, max-video-preview:-1\" \/>\n<link rel=\"canonical\" href=\"https:\/\/www.purejewels.com\/tr\/urun\/22-ayar-cz-altin-saplama-kupe-rodyum-kaplama-43665\/\" \/>\n<meta property=\"og:locale\" content=\"tr_TR\" \/>\n<meta property=\"og:type\" content=\"article\" \/>\n<meta property=\"og:title\" content=\"22ct Gold CZ Petal Stud Earring | Purejewels UK | Online\" \/>\n<meta property=\"og:description\" content=\"Shop 22ct Gold CZ Petal Stud Earring for the perfect touch of glamour and sophistication. The cubic zirconia stones add a touch of sparkle and shine.\" \/>\n<meta property=\"og:url\" content=\"https:\/\/www.purejewels.com\/tr\/urun\/22-ayar-cz-altin-saplama-kupe-rodyum-kaplama-43665\/\" \/>\n<meta property=\"og:site_name\" content=\"PureJewels UK\" \/>\n<meta property=\"article:modified_time\" content=\"2025-05-22T10:23:00+00:00\" \/>\n<meta property=\"og:image\" content=\"https:\/\/www.purejewels.com\/wp-content\/uploads\/2022\/11\/46574.png\" \/>\n\t<meta property=\"og:image:width\" content=\"1000\" \/>\n\t<meta property=\"og:image:height\" content=\"1000\" \/>\n\t<meta property=\"og:image:type\" content=\"image\/png\" \/>\n<meta name=\"twitter:card\" content=\"summary_large_image\" \/>\n<meta name=\"twitter:label1\" content=\"Tahmini okuma s\u00fcresi\" \/>\n\t<meta name=\"twitter:data1\" content=\"1 dakika\" \/>\n<script type=\"application\/ld+json\" class=\"yoast-schema-graph\">{\"@context\":\"https:\\\/\\\/schema.org\",\"@graph\":[{\"@type\":[\"WebPage\",\"ItemPage\"],\"@id\":\"https:\\\/\\\/www.purejewels.com\\\/product\\\/22ct-cz-gold-stud-earring-rhodium-finish-43665\\\/\",\"url\":\"https:\\\/\\\/www.purejewels.com\\\/product\\\/22ct-cz-gold-stud-earring-rhodium-finish-43665\\\/\",\"name\":\"22ct Gold CZ Petal Stud Earring | Purejewels UK | Online\",\"isPartOf\":{\"@id\":\"https:\\\/\\\/www.purejewels.com\\\/#website\"},\"primaryImageOfPage\":{\"@id\":\"https:\\\/\\\/www.purejewels.com\\\/product\\\/22ct-cz-gold-stud-earring-rhodium-finish-43665\\\/#primaryimage\"},\"image\":{\"@id\":\"https:\\\/\\\/www.purejewels.com\\\/product\\\/22ct-cz-gold-stud-earring-rhodium-finish-43665\\\/#primaryimage\"},\"thumbnailUrl\":\"https:\\\/\\\/static.purejewels.com\\\/wp-content\\\/uploads\\\/2022\\\/11\\\/46574.png\",\"datePublished\":\"2022-11-07T06:47:55+00:00\",\"dateModified\":\"2025-05-22T10:23:00+00:00\",\"description\":\"Shop 22ct Gold CZ Petal Stud Earring for the perfect touch of glamour and sophistication. The cubic zirconia stones add a touch of sparkle and shine.\",\"breadcrumb\":{\"@id\":\"https:\\\/\\\/www.purejewels.com\\\/product\\\/22ct-cz-gold-stud-earring-rhodium-finish-43665\\\/#breadcrumb\"},\"inLanguage\":\"tr\",\"potentialAction\":[{\"@type\":\"ReadAction\",\"target\":[\"https:\\\/\\\/www.purejewels.com\\\/product\\\/22ct-cz-gold-stud-earring-rhodium-finish-43665\\\/\"]}]},{\"@type\":\"ImageObject\",\"inLanguage\":\"tr\",\"@id\":\"https:\\\/\\\/www.purejewels.com\\\/product\\\/22ct-cz-gold-stud-earring-rhodium-finish-43665\\\/#primaryimage\",\"url\":\"https:\\\/\\\/static.purejewels.com\\\/wp-content\\\/uploads\\\/2022\\\/11\\\/46574.png\",\"contentUrl\":\"https:\\\/\\\/static.purejewels.com\\\/wp-content\\\/uploads\\\/2022\\\/11\\\/46574.png\",\"width\":1000,\"height\":1000,\"caption\":\"22ct Gold Floral Petal Stud\"},{\"@type\":\"BreadcrumbList\",\"@id\":\"https:\\\/\\\/www.purejewels.com\\\/product\\\/22ct-cz-gold-stud-earring-rhodium-finish-43665\\\/#breadcrumb\",\"itemListElement\":[{\"@type\":\"ListItem\",\"position\":1,\"name\":\"Home\",\"item\":\"https:\\\/\\\/www.purejewels.com\\\/\"},{\"@type\":\"ListItem\",\"position\":2,\"name\":\"Shop\",\"item\":\"https:\\\/\\\/www.purejewels.com\\\/shop\\\/\"},{\"@type\":\"ListItem\",\"position\":3,\"name\":\"22ct Gold CZ Floral Petal Stud\"}]},{\"@type\":\"WebSite\",\"@id\":\"https:\\\/\\\/www.purejewels.com\\\/#website\",\"url\":\"https:\\\/\\\/www.purejewels.com\\\/\",\"name\":\"PureJewels UK\",\"description\":\"Share the Love\",\"publisher\":{\"@id\":\"https:\\\/\\\/www.purejewels.com\\\/#organization\"},\"potentialAction\":[{\"@type\":\"SearchAction\",\"target\":{\"@type\":\"EntryPoint\",\"urlTemplate\":\"https:\\\/\\\/www.purejewels.com\\\/?s={search_term_string}\"},\"query-input\":{\"@type\":\"PropertyValueSpecification\",\"valueRequired\":true,\"valueName\":\"search_term_string\"}}],\"inLanguage\":\"tr\"},{\"@type\":\"Organization\",\"@id\":\"https:\\\/\\\/www.purejewels.com\\\/#organization\",\"name\":\"PureJewels UK\",\"url\":\"https:\\\/\\\/www.purejewels.com\\\/\",\"logo\":{\"@type\":\"ImageObject\",\"inLanguage\":\"tr\",\"@id\":\"https:\\\/\\\/www.purejewels.com\\\/#\\\/schema\\\/logo\\\/image\\\/\",\"url\":\"https:\\\/\\\/static.purejewels.com\\\/wp-content\\\/uploads\\\/2020\\\/11\\\/Logo-PJ-New-1.png\",\"contentUrl\":\"https:\\\/\\\/static.purejewels.com\\\/wp-content\\\/uploads\\\/2020\\\/11\\\/Logo-PJ-New-1.png\",\"width\":150,\"height\":80,\"caption\":\"PureJewels UK\"},\"image\":{\"@id\":\"https:\\\/\\\/www.purejewels.com\\\/#\\\/schema\\\/logo\\\/image\\\/\"}}]}<\/script>\n<!-- \/ Yoast SEO plugin. -->","yoast_head_json":{"title":"22 Ayar Alt\u0131n CZ Petal Saplama K\u00fcpe | Purejewels UK | Online","description":"M\u00fckemmel bir cazibe ve sofistike dokunu\u015f i\u00e7in 22 Ayar Alt\u0131n CZ Petal Saplama K\u00fcpe sat\u0131n al\u0131n. K\u00fcbik zirkon ta\u015flar \u0131\u015f\u0131lt\u0131 ve parlakl\u0131k katar.","robots":{"index":"index","follow":"follow","max-snippet":"max-snippet:-1","max-image-preview":"max-image-preview:large","max-video-preview":"max-video-preview:-1"},"canonical":"https:\/\/www.purejewels.com\/tr\/urun\/22-ayar-cz-altin-saplama-kupe-rodyum-kaplama-43665\/","og_locale":"tr_TR","og_type":"article","og_title":"22ct Gold CZ Petal Stud Earring | Purejewels UK | Online","og_description":"Shop 22ct Gold CZ Petal Stud Earring for the perfect touch of glamour and sophistication. The cubic zirconia stones add a touch of sparkle and shine.","og_url":"https:\/\/www.purejewels.com\/tr\/urun\/22-ayar-cz-altin-saplama-kupe-rodyum-kaplama-43665\/","og_site_name":"PureJewels UK","article_modified_time":"2025-05-22T10:23:00+00:00","og_image":[{"width":1000,"height":1000,"url":"https:\/\/www.purejewels.com\/wp-content\/uploads\/2022\/11\/46574.png","type":"image\/png"}],"twitter_card":"summary_large_image","twitter_misc":{"Tahmini okuma s\u00fcresi":"1 dakika"},"schema":{"@context":"https:\/\/schema.org","@graph":[{"@type":["WebPage","ItemPage"],"@id":"https:\/\/www.purejewels.com\/product\/22ct-cz-gold-stud-earring-rhodium-finish-43665\/","url":"https:\/\/www.purejewels.com\/product\/22ct-cz-gold-stud-earring-rhodium-finish-43665\/","name":"22 Ayar Alt\u0131n CZ Petal Saplama K\u00fcpe | Purejewels UK | Online","isPartOf":{"@id":"https:\/\/www.purejewels.com\/#website"},"primaryImageOfPage":{"@id":"https:\/\/www.purejewels.com\/product\/22ct-cz-gold-stud-earring-rhodium-finish-43665\/#primaryimage"},"image":{"@id":"https:\/\/www.purejewels.com\/product\/22ct-cz-gold-stud-earring-rhodium-finish-43665\/#primaryimage"},"thumbnailUrl":"https:\/\/static.purejewels.com\/wp-content\/uploads\/2022\/11\/46574.png","datePublished":"2022-11-07T06:47:55+00:00","dateModified":"2025-05-22T10:23:00+00:00","description":"M\u00fckemmel bir cazibe ve sofistike dokunu\u015f i\u00e7in 22 Ayar Alt\u0131n CZ Petal Saplama K\u00fcpe sat\u0131n al\u0131n. K\u00fcbik zirkon ta\u015flar \u0131\u015f\u0131lt\u0131 ve parlakl\u0131k katar.","breadcrumb":{"@id":"https:\/\/www.purejewels.com\/product\/22ct-cz-gold-stud-earring-rhodium-finish-43665\/#breadcrumb"},"inLanguage":"tr","potentialAction":[{"@type":"ReadAction","target":["https:\/\/www.purejewels.com\/product\/22ct-cz-gold-stud-earring-rhodium-finish-43665\/"]}]},{"@type":"ImageObject","inLanguage":"tr","@id":"https:\/\/www.purejewels.com\/product\/22ct-cz-gold-stud-earring-rhodium-finish-43665\/#primaryimage","url":"https:\/\/static.purejewels.com\/wp-content\/uploads\/2022\/11\/46574.png","contentUrl":"https:\/\/static.purejewels.com\/wp-content\/uploads\/2022\/11\/46574.png","width":1000,"height":1000,"caption":"22ct Gold Floral Petal Stud"},{"@type":"BreadcrumbList","@id":"https:\/\/www.purejewels.com\/product\/22ct-cz-gold-stud-earring-rhodium-finish-43665\/#breadcrumb","itemListElement":[{"@type":"ListItem","position":1,"name":"Home","item":"https:\/\/www.purejewels.com\/"},{"@type":"ListItem","position":2,"name":"Shop","item":"https:\/\/www.purejewels.com\/shop\/"},{"@type":"ListItem","position":3,"name":"22ct Gold CZ Floral Petal Stud"}]},{"@type":"WebSite","@id":"https:\/\/www.purejewels.com\/#website","url":"https:\/\/www.purejewels.com\/","name":"PureJewels \u0130ngiltere","description":"Sevgiyi Payla\u015f\u0131n","publisher":{"@id":"https:\/\/www.purejewels.com\/#organization"},"potentialAction":[{"@type":"SearchAction","target":{"@type":"EntryPoint","urlTemplate":"https:\/\/www.purejewels.com\/?s={search_term_string}"},"query-input":{"@type":"PropertyValueSpecification","valueRequired":true,"valueName":"search_term_string"}}],"inLanguage":"tr"},{"@type":"Organization","@id":"https:\/\/www.purejewels.com\/#organization","name":"PureJewels \u0130ngiltere","url":"https:\/\/www.purejewels.com\/","logo":{"@type":"ImageObject","inLanguage":"tr","@id":"https:\/\/www.purejewels.com\/#\/schema\/logo\/image\/","url":"https:\/\/static.purejewels.com\/wp-content\/uploads\/2020\/11\/Logo-PJ-New-1.png","contentUrl":"https:\/\/static.purejewels.com\/wp-content\/uploads\/2020\/11\/Logo-PJ-New-1.png","width":150,"height":80,"caption":"PureJewels UK"},"image":{"@id":"https:\/\/www.purejewels.com\/#\/schema\/logo\/image\/"}}]}},"_links":{"self":[{"href":"https:\/\/www.purejewels.com\/tr\/wp-json\/wp\/v2\/product\/340587","targetHints":{"allow":["GET"]}}],"collection":[{"href":"https:\/\/www.purejewels.com\/tr\/wp-json\/wp\/v2\/product"}],"about":[{"href":"https:\/\/www.purejewels.com\/tr\/wp-json\/wp\/v2\/types\/product"}],"replies":[{"embeddable":true,"href":"https:\/\/www.purejewels.com\/tr\/wp-json\/wp\/v2\/comments?post=340587"}],"version-history":[{"count":2,"href":"https:\/\/www.purejewels.com\/tr\/wp-json\/wp\/v2\/product\/340587\/revisions"}],"predecessor-version":[{"id":387274,"href":"https:\/\/www.purejewels.com\/tr\/wp-json\/wp\/v2\/product\/340587\/revisions\/387274"}],"wp:featuredmedia":[{"embeddable":true,"href":"https:\/\/www.purejewels.com\/tr\/wp-json\/wp\/v2\/media\/352456"}],"wp:attachment":[{"href":"https:\/\/www.purejewels.com\/tr\/wp-json\/wp\/v2\/media?parent=340587"}],"wp:term":[{"taxonomy":"product_brand","embeddable":true,"href":"https:\/\/www.purejewels.com\/tr\/wp-json\/wp\/v2\/product_brand?post=340587"},{"taxonomy":"product_cat","embeddable":true,"href":"https:\/\/www.purejewels.com\/tr\/wp-json\/wp\/v2\/product_cat?post=340587"},{"taxonomy":"product_tag","embeddable":true,"href":"https:\/\/www.purejewels.com\/tr\/wp-json\/wp\/v2\/product_tag?post=340587"}],"curies":[{"name":"wp","href":"https:\/\/api.w.org\/{rel}","templated":true}]}}