{"id":340647,"date":"2022-12-06T06:22:40","date_gmt":"2022-12-06T06:22:40","guid":{"rendered":"https:\/\/www.purejewels.com\/?post_type=product&#038;p=340647"},"modified":"2022-12-11T11:34:45","modified_gmt":"2022-12-11T11:34:45","slug":"22-ayar-altindan-yaprak-damla-kupe-43930","status":"publish","type":"product","link":"https:\/\/www.purejewels.com\/tr\/product\/leaf-drop-earrings-in-22ct-gold-43930\/","title":{"rendered":"22 Ayar Alt\u0131n Fantezi vDamla K\u00fcpe"},"content":{"rendered":"<ul>\n<li>SKU. 43930<\/li>\n<li>A\u011f\u0131rl\u0131k 3,4 gms<\/li>\n<\/ul>\n<p>&nbsp;<\/p>","protected":false},"excerpt":{"rendered":"<ul>\n<li>22 Ayar Alt\u0131n Damla K\u00fcpe \u0130ngiltere<\/li>\n<li>A\u011f\u0131rl\u0131k 3,4 gms<\/li>\n<li>SKU. 43930<\/li>\n<li>T\u00fcm fiyatlara KDV dahildir<\/li>\n<li>Londra Tahlil Ofisi Taraf\u0131ndan Damgalanm\u0131\u015f 22 Ayar Alt\u0131n<\/li>\n<li>Sunum Kutusu ile Birlikte Gelir<\/li>\n<li>Teslimat Dahil<\/li>\n<li>Tasar\u0131mc\u0131 M\u00fccevherlerinin videosunu g\u00f6rmek i\u00e7in bizimle ileti\u015fime ge\u00e7in \/ canl\u0131 sohbet edin<\/li>\n<\/ul>","protected":false},"featured_media":341514,"comment_status":"closed","ping_status":"closed","template":"","meta":{"_eb_attr":"","_crsspst_to_jayantr4sg-hostcom":false},"product_brand":[],"product_cat":[1791,1559,1685,1254,1229,5344,1570,1569,1573,1574],"product_tag":[],"class_list":{"0":"post-340647","1":"product","2":"type-product","3":"status-publish","4":"has-post-thumbnail","6":"product_cat-anniversary-gifts","7":"product_cat-birthday-gifts","8":"product_cat-drop-earrings","9":"product_cat-gold-earrings","10":"product_cat-22ct-gold-jewellery","11":"product_cat-jewellery-under-750","12":"product_cat-mothers-day-gifts","13":"product_cat-valentine-day-gifts","14":"product_cat-wedding-gifts","15":"product_cat-womens-jewellery","17":"first","18":"outofstock","19":"taxable","20":"shipping-taxable","21":"product-type-simple","22":"add-to-wishlist-before_image"},"yoast_head":"<!-- This site is optimized with the Yoast SEO plugin v27.3 - https:\/\/yoast.com\/product\/yoast-seo-wordpress\/ -->\n<title>22ct gold drop leaf earrings | PureJewels UK<\/title>\n<meta name=\"description\" content=\"Designer Earrings | Explore our designer\u00a0earrings\u00a0for party wear | Shop these classic drop earrings | Pair it with your favorite necklace &amp; flaunt your style\" \/>\n<meta name=\"robots\" content=\"index, follow, max-snippet:-1, max-image-preview:large, max-video-preview:-1\" \/>\n<link rel=\"canonical\" href=\"https:\/\/www.purejewels.com\/tr\/urun\/22-ayar-altindan-yaprak-damla-kupe-43930\/\" \/>\n<meta property=\"og:locale\" content=\"tr_TR\" \/>\n<meta property=\"og:type\" content=\"article\" \/>\n<meta property=\"og:title\" content=\"22ct gold drop leaf earrings | PureJewels UK\" \/>\n<meta property=\"og:description\" content=\"Designer Earrings | Explore our designer\u00a0earrings\u00a0for party wear | Shop these classic drop earrings | Pair it with your favorite necklace &amp; flaunt your style\" \/>\n<meta property=\"og:url\" content=\"https:\/\/www.purejewels.com\/tr\/urun\/22-ayar-altindan-yaprak-damla-kupe-43930\/\" \/>\n<meta property=\"og:site_name\" content=\"PureJewels UK\" \/>\n<meta property=\"article:modified_time\" content=\"2022-12-11T11:34:45+00:00\" \/>\n<meta property=\"og:image\" content=\"https:\/\/www.purejewels.com\/wp-content\/uploads\/2022\/11\/43930-1.jpg\" \/>\n\t<meta property=\"og:image:width\" content=\"1000\" \/>\n\t<meta property=\"og:image:height\" content=\"1000\" \/>\n\t<meta property=\"og:image:type\" content=\"image\/jpeg\" \/>\n<meta name=\"twitter:card\" content=\"summary_large_image\" \/>\n<meta name=\"twitter:label1\" content=\"Tahmini okuma s\u00fcresi\" \/>\n\t<meta name=\"twitter:data1\" content=\"2 dakika\" \/>\n<script type=\"application\/ld+json\" class=\"yoast-schema-graph\">{\"@context\":\"https:\\\/\\\/schema.org\",\"@graph\":[{\"@type\":[\"WebPage\",\"ItemPage\"],\"@id\":\"https:\\\/\\\/www.purejewels.com\\\/product\\\/leaf-drop-earrings-in-22ct-gold-43930\\\/\",\"url\":\"https:\\\/\\\/www.purejewels.com\\\/product\\\/leaf-drop-earrings-in-22ct-gold-43930\\\/\",\"name\":\"22ct gold drop leaf earrings | PureJewels UK\",\"isPartOf\":{\"@id\":\"https:\\\/\\\/www.purejewels.com\\\/#website\"},\"primaryImageOfPage\":{\"@id\":\"https:\\\/\\\/www.purejewels.com\\\/product\\\/leaf-drop-earrings-in-22ct-gold-43930\\\/#primaryimage\"},\"image\":{\"@id\":\"https:\\\/\\\/www.purejewels.com\\\/product\\\/leaf-drop-earrings-in-22ct-gold-43930\\\/#primaryimage\"},\"thumbnailUrl\":\"https:\\\/\\\/static.purejewels.com\\\/wp-content\\\/uploads\\\/2022\\\/11\\\/43930-1.jpg\",\"datePublished\":\"2022-12-06T06:22:40+00:00\",\"dateModified\":\"2022-12-11T11:34:45+00:00\",\"description\":\"Designer Earrings | Explore our designer\u00a0earrings\u00a0for party wear | Shop these classic drop earrings | Pair it with your favorite necklace & flaunt your style\",\"breadcrumb\":{\"@id\":\"https:\\\/\\\/www.purejewels.com\\\/product\\\/leaf-drop-earrings-in-22ct-gold-43930\\\/#breadcrumb\"},\"inLanguage\":\"tr\",\"potentialAction\":[{\"@type\":\"ReadAction\",\"target\":[\"https:\\\/\\\/www.purejewels.com\\\/product\\\/leaf-drop-earrings-in-22ct-gold-43930\\\/\"]}]},{\"@type\":\"ImageObject\",\"inLanguage\":\"tr\",\"@id\":\"https:\\\/\\\/www.purejewels.com\\\/product\\\/leaf-drop-earrings-in-22ct-gold-43930\\\/#primaryimage\",\"url\":\"https:\\\/\\\/static.purejewels.com\\\/wp-content\\\/uploads\\\/2022\\\/11\\\/43930-1.jpg\",\"contentUrl\":\"https:\\\/\\\/static.purejewels.com\\\/wp-content\\\/uploads\\\/2022\\\/11\\\/43930-1.jpg\",\"width\":1000,\"height\":1000,\"caption\":\"Leaf Drop Earrings in 22ct Gold\"},{\"@type\":\"BreadcrumbList\",\"@id\":\"https:\\\/\\\/www.purejewels.com\\\/product\\\/leaf-drop-earrings-in-22ct-gold-43930\\\/#breadcrumb\",\"itemListElement\":[{\"@type\":\"ListItem\",\"position\":1,\"name\":\"Home\",\"item\":\"https:\\\/\\\/www.purejewels.com\\\/\"},{\"@type\":\"ListItem\",\"position\":2,\"name\":\"Shop\",\"item\":\"https:\\\/\\\/www.purejewels.com\\\/shop\\\/\"},{\"@type\":\"ListItem\",\"position\":3,\"name\":\"Fancy vDrop Earrings in 22ct Gold\"}]},{\"@type\":\"WebSite\",\"@id\":\"https:\\\/\\\/www.purejewels.com\\\/#website\",\"url\":\"https:\\\/\\\/www.purejewels.com\\\/\",\"name\":\"PureJewels UK\",\"description\":\"Share the Love\",\"publisher\":{\"@id\":\"https:\\\/\\\/www.purejewels.com\\\/#organization\"},\"potentialAction\":[{\"@type\":\"SearchAction\",\"target\":{\"@type\":\"EntryPoint\",\"urlTemplate\":\"https:\\\/\\\/www.purejewels.com\\\/?s={search_term_string}\"},\"query-input\":{\"@type\":\"PropertyValueSpecification\",\"valueRequired\":true,\"valueName\":\"search_term_string\"}}],\"inLanguage\":\"tr\"},{\"@type\":\"Organization\",\"@id\":\"https:\\\/\\\/www.purejewels.com\\\/#organization\",\"name\":\"PureJewels UK\",\"url\":\"https:\\\/\\\/www.purejewels.com\\\/\",\"logo\":{\"@type\":\"ImageObject\",\"inLanguage\":\"tr\",\"@id\":\"https:\\\/\\\/www.purejewels.com\\\/#\\\/schema\\\/logo\\\/image\\\/\",\"url\":\"https:\\\/\\\/static.purejewels.com\\\/wp-content\\\/uploads\\\/2020\\\/11\\\/Logo-PJ-New-1.png\",\"contentUrl\":\"https:\\\/\\\/static.purejewels.com\\\/wp-content\\\/uploads\\\/2020\\\/11\\\/Logo-PJ-New-1.png\",\"width\":150,\"height\":80,\"caption\":\"PureJewels UK\"},\"image\":{\"@id\":\"https:\\\/\\\/www.purejewels.com\\\/#\\\/schema\\\/logo\\\/image\\\/\"}}]}<\/script>\n<!-- \/ Yoast SEO plugin. -->","yoast_head_json":{"title":"22 ayar alt\u0131n damla yaprak k\u00fcpe | PureJewels UK","description":"Tasar\u0131m K\u00fcpeler | Parti giyimi i\u00e7in tasar\u0131m k\u00fcpelerimizi ke\u015ffedin | Bu klasik damla k\u00fcpeleri sat\u0131n al\u0131n | En sevdi\u011finiz kolyenizle e\u015fle\u015ftirin ve tarz\u0131n\u0131z\u0131 sergileyin","robots":{"index":"index","follow":"follow","max-snippet":"max-snippet:-1","max-image-preview":"max-image-preview:large","max-video-preview":"max-video-preview:-1"},"canonical":"https:\/\/www.purejewels.com\/tr\/urun\/22-ayar-altindan-yaprak-damla-kupe-43930\/","og_locale":"tr_TR","og_type":"article","og_title":"22ct gold drop leaf earrings | PureJewels UK","og_description":"Designer Earrings | Explore our designer\u00a0earrings\u00a0for party wear | Shop these classic drop earrings | Pair it with your favorite necklace & flaunt your style","og_url":"https:\/\/www.purejewels.com\/tr\/urun\/22-ayar-altindan-yaprak-damla-kupe-43930\/","og_site_name":"PureJewels UK","article_modified_time":"2022-12-11T11:34:45+00:00","og_image":[{"width":1000,"height":1000,"url":"https:\/\/www.purejewels.com\/wp-content\/uploads\/2022\/11\/43930-1.jpg","type":"image\/jpeg"}],"twitter_card":"summary_large_image","twitter_misc":{"Tahmini okuma s\u00fcresi":"2 dakika"},"schema":{"@context":"https:\/\/schema.org","@graph":[{"@type":["WebPage","ItemPage"],"@id":"https:\/\/www.purejewels.com\/product\/leaf-drop-earrings-in-22ct-gold-43930\/","url":"https:\/\/www.purejewels.com\/product\/leaf-drop-earrings-in-22ct-gold-43930\/","name":"22 ayar alt\u0131n damla yaprak k\u00fcpe | PureJewels UK","isPartOf":{"@id":"https:\/\/www.purejewels.com\/#website"},"primaryImageOfPage":{"@id":"https:\/\/www.purejewels.com\/product\/leaf-drop-earrings-in-22ct-gold-43930\/#primaryimage"},"image":{"@id":"https:\/\/www.purejewels.com\/product\/leaf-drop-earrings-in-22ct-gold-43930\/#primaryimage"},"thumbnailUrl":"https:\/\/static.purejewels.com\/wp-content\/uploads\/2022\/11\/43930-1.jpg","datePublished":"2022-12-06T06:22:40+00:00","dateModified":"2022-12-11T11:34:45+00:00","description":"Tasar\u0131m K\u00fcpeler | Parti giyimi i\u00e7in tasar\u0131m k\u00fcpelerimizi ke\u015ffedin | Bu klasik damla k\u00fcpeleri sat\u0131n al\u0131n | En sevdi\u011finiz kolyenizle e\u015fle\u015ftirin ve tarz\u0131n\u0131z\u0131 sergileyin","breadcrumb":{"@id":"https:\/\/www.purejewels.com\/product\/leaf-drop-earrings-in-22ct-gold-43930\/#breadcrumb"},"inLanguage":"tr","potentialAction":[{"@type":"ReadAction","target":["https:\/\/www.purejewels.com\/product\/leaf-drop-earrings-in-22ct-gold-43930\/"]}]},{"@type":"ImageObject","inLanguage":"tr","@id":"https:\/\/www.purejewels.com\/product\/leaf-drop-earrings-in-22ct-gold-43930\/#primaryimage","url":"https:\/\/static.purejewels.com\/wp-content\/uploads\/2022\/11\/43930-1.jpg","contentUrl":"https:\/\/static.purejewels.com\/wp-content\/uploads\/2022\/11\/43930-1.jpg","width":1000,"height":1000,"caption":"Leaf Drop Earrings in 22ct Gold"},{"@type":"BreadcrumbList","@id":"https:\/\/www.purejewels.com\/product\/leaf-drop-earrings-in-22ct-gold-43930\/#breadcrumb","itemListElement":[{"@type":"ListItem","position":1,"name":"Home","item":"https:\/\/www.purejewels.com\/"},{"@type":"ListItem","position":2,"name":"Shop","item":"https:\/\/www.purejewels.com\/shop\/"},{"@type":"ListItem","position":3,"name":"Fancy vDrop Earrings in 22ct Gold"}]},{"@type":"WebSite","@id":"https:\/\/www.purejewels.com\/#website","url":"https:\/\/www.purejewels.com\/","name":"PureJewels \u0130ngiltere","description":"Sevgiyi Payla\u015f\u0131n","publisher":{"@id":"https:\/\/www.purejewels.com\/#organization"},"potentialAction":[{"@type":"SearchAction","target":{"@type":"EntryPoint","urlTemplate":"https:\/\/www.purejewels.com\/?s={search_term_string}"},"query-input":{"@type":"PropertyValueSpecification","valueRequired":true,"valueName":"search_term_string"}}],"inLanguage":"tr"},{"@type":"Organization","@id":"https:\/\/www.purejewels.com\/#organization","name":"PureJewels \u0130ngiltere","url":"https:\/\/www.purejewels.com\/","logo":{"@type":"ImageObject","inLanguage":"tr","@id":"https:\/\/www.purejewels.com\/#\/schema\/logo\/image\/","url":"https:\/\/static.purejewels.com\/wp-content\/uploads\/2020\/11\/Logo-PJ-New-1.png","contentUrl":"https:\/\/static.purejewels.com\/wp-content\/uploads\/2020\/11\/Logo-PJ-New-1.png","width":150,"height":80,"caption":"PureJewels UK"},"image":{"@id":"https:\/\/www.purejewels.com\/#\/schema\/logo\/image\/"}}]}},"_links":{"self":[{"href":"https:\/\/www.purejewels.com\/tr\/wp-json\/wp\/v2\/product\/340647","targetHints":{"allow":["GET"]}}],"collection":[{"href":"https:\/\/www.purejewels.com\/tr\/wp-json\/wp\/v2\/product"}],"about":[{"href":"https:\/\/www.purejewels.com\/tr\/wp-json\/wp\/v2\/types\/product"}],"replies":[{"embeddable":true,"href":"https:\/\/www.purejewels.com\/tr\/wp-json\/wp\/v2\/comments?post=340647"}],"version-history":[{"count":0,"href":"https:\/\/www.purejewels.com\/tr\/wp-json\/wp\/v2\/product\/340647\/revisions"}],"wp:featuredmedia":[{"embeddable":true,"href":"https:\/\/www.purejewels.com\/tr\/wp-json\/wp\/v2\/media\/341514"}],"wp:attachment":[{"href":"https:\/\/www.purejewels.com\/tr\/wp-json\/wp\/v2\/media?parent=340647"}],"wp:term":[{"taxonomy":"product_brand","embeddable":true,"href":"https:\/\/www.purejewels.com\/tr\/wp-json\/wp\/v2\/product_brand?post=340647"},{"taxonomy":"product_cat","embeddable":true,"href":"https:\/\/www.purejewels.com\/tr\/wp-json\/wp\/v2\/product_cat?post=340647"},{"taxonomy":"product_tag","embeddable":true,"href":"https:\/\/www.purejewels.com\/tr\/wp-json\/wp\/v2\/product_tag?post=340647"}],"curies":[{"name":"wp","href":"https:\/\/api.w.org\/{rel}","templated":true}]}}