{"id":340649,"date":"2022-12-06T06:28:54","date_gmt":"2022-12-06T06:28:54","guid":{"rendered":"https:\/\/www.purejewels.com\/?post_type=product&#038;p=340649"},"modified":"2025-11-13T09:51:05","modified_gmt":"2025-11-13T09:51:05","slug":"22-ayar-altin-tasarim-damla-kupe-47925","status":"publish","type":"product","link":"https:\/\/www.purejewels.com\/tr\/product\/designer-drop-earrings-in-22ct-gold-47925\/","title":{"rendered":"22 ayar alt\u0131n tasar\u0131m damla k\u00fcpe"},"content":{"rendered":"<p>PureJewels UK'den 22 ayar alt\u0131n bu zarif tasar\u0131m damla k\u00fcpeler, her durum i\u00e7in m\u00fckemmel bir ifade par\u00e7as\u0131d\u0131r. A\u011f\u0131rl\u0131\u011f\u0131 4 gram ve uzunlu\u011fu 1,95 in\u00e7 olan bu k\u00fcpelerin m\u00fccevher koleksiyonunuza \u00e7arp\u0131c\u0131 bir katk\u0131 sa\u011flayaca\u011f\u0131ndan emin olabilirsiniz. Bu k\u00fcpelerin karma\u015f\u0131k tasar\u0131m\u0131 ve i\u015f\u00e7ili\u011fi, onlar\u0131 kaliteli m\u00fccevherleri takdir edenler i\u00e7in zamans\u0131z ve zarif bir se\u00e7im haline getiriyor.<\/p>\n<p>Her bir k\u00fcpe \u00e7ifti sunum kutusunda g\u00fczel bir \u015fekilde paketlenmi\u015ftir ve sevdikleriniz i\u00e7in ideal bir hediye ya da kendiniz i\u00e7in \u00f6zel bir ikramd\u0131r.<\/p>\n<p>\u0130ster \u00f6zel bir g\u00fcn i\u00e7in hediye ar\u0131yor olun, ister kendinizi l\u00fcks bir m\u00fccevherle \u015f\u0131martmak istiyor olun, bu tasar\u0131m damla k\u00fcpelerin sizi etkileyece\u011finden emin olabilirsiniz. Ger\u00e7ekten e\u015fsiz ve \u00e7arp\u0131c\u0131 bir m\u00fccevher par\u00e7as\u0131na sahip olma f\u0131rsat\u0131n\u0131 ka\u00e7\u0131rmay\u0131n. Sizinkini bug\u00fcn sipari\u015f edin!<\/p>","protected":false},"excerpt":{"rendered":"<table class=\"sh_desc\">\n<tbody>\n<tr>\n<td>K\u00fcpe T\u00fcr\u00fc<\/td>\n<td>Damla K\u00fcpe<\/td>\n<\/tr>\n<tr>\n<td>SKU<\/td>\n<td>47925<\/td>\n<\/tr>\n<tr>\n<td>A\u011f\u0131rl\u0131k<\/td>\n<td>4 Gms<\/td>\n<\/tr>\n<tr>\n<td>Metal<\/td>\n<td>22 Ayar Alt\u0131n<\/td>\n<\/tr>\n<tr>\n<td>Uzunluk<\/td>\n<td>1,95 in\u00e7<\/td>\n<\/tr>\n<tr>\n<td>\u00dccretler<\/td>\n<td>Teslimat ve KDV Dahil<\/td>\n<\/tr>\n<tr>\n<td>Paketleme<\/td>\n<td>Sunum Kutusu ile Birlikte Gelir<\/td>\n<\/tr>\n<tr>\n<td>Daha Fazla Bilgi<\/td>\n<td>M\u00fcsaitlik durumu ve daha fazla resim i\u00e7in bizimle canl\u0131 sohbet edin<\/td>\n<\/tr>\n<\/tbody>\n<\/table>","protected":false},"featured_media":358396,"comment_status":"closed","ping_status":"closed","template":"","meta":{"_eb_attr":"","_crsspst_to_jayantr4sg-hostcom":false},"product_brand":[],"product_cat":[1791,1559,1793,1685,1254,1229,5344,1570,1573,1574,5349],"product_tag":[],"class_list":{"0":"post-340649","1":"product","2":"type-product","3":"status-publish","4":"has-post-thumbnail","6":"product_cat-anniversary-gifts","7":"product_cat-birthday-gifts","8":"product_cat-diwali-gifts","9":"product_cat-drop-earrings","10":"product_cat-gold-earrings","11":"product_cat-22ct-gold-jewellery","12":"product_cat-jewellery-under-750","13":"product_cat-mothers-day-gifts","14":"product_cat-wedding-gifts","15":"product_cat-womens-jewellery","16":"product_cat-yellow-gold-jewellery","18":"first","19":"outofstock","20":"taxable","21":"shipping-taxable","22":"product-type-simple","23":"add-to-wishlist-before_image"},"yoast_head":"<!-- This site is optimized with the Yoast SEO plugin v27.3 - https:\/\/yoast.com\/product\/yoast-seo-wordpress\/ -->\n<title>22ct gold drop designer earrings | PureJewels UK<\/title>\n<meta name=\"description\" content=\"Designer Earrings | Designer\u00a0Earrings\u00a0for party wear | Shop these classic Drop Earrings | Pair it with your favorite necklace &amp; flaunt your style\" \/>\n<meta name=\"robots\" content=\"index, follow, max-snippet:-1, max-image-preview:large, max-video-preview:-1\" \/>\n<link rel=\"canonical\" href=\"https:\/\/www.purejewels.com\/tr\/urun\/22-ayar-altin-tasarim-damla-kupe-47925\/\" \/>\n<meta property=\"og:locale\" content=\"tr_TR\" \/>\n<meta property=\"og:type\" content=\"article\" \/>\n<meta property=\"og:title\" content=\"22ct gold drop designer earrings | PureJewels UK\" \/>\n<meta property=\"og:description\" content=\"Designer Earrings | Designer\u00a0Earrings\u00a0for party wear | Shop these classic Drop Earrings | Pair it with your favorite necklace &amp; flaunt your style\" \/>\n<meta property=\"og:url\" content=\"https:\/\/www.purejewels.com\/tr\/urun\/22-ayar-altin-tasarim-damla-kupe-47925\/\" \/>\n<meta property=\"og:site_name\" content=\"PureJewels UK\" \/>\n<meta property=\"article:modified_time\" content=\"2025-11-13T09:51:05+00:00\" \/>\n<meta property=\"og:image\" content=\"https:\/\/www.purejewels.com\/wp-content\/uploads\/2022\/12\/47924.png\" \/>\n\t<meta property=\"og:image:width\" content=\"1000\" \/>\n\t<meta property=\"og:image:height\" content=\"1000\" \/>\n\t<meta property=\"og:image:type\" content=\"image\/png\" \/>\n<meta name=\"twitter:card\" content=\"summary_large_image\" \/>\n<meta name=\"twitter:label1\" content=\"Tahmini okuma s\u00fcresi\" \/>\n\t<meta name=\"twitter:data1\" content=\"1 dakika\" \/>\n<script type=\"application\/ld+json\" class=\"yoast-schema-graph\">{\"@context\":\"https:\\\/\\\/schema.org\",\"@graph\":[{\"@type\":[\"WebPage\",\"ItemPage\"],\"@id\":\"https:\\\/\\\/www.purejewels.com\\\/product\\\/designer-drop-earrings-in-22ct-gold-47925\\\/\",\"url\":\"https:\\\/\\\/www.purejewels.com\\\/product\\\/designer-drop-earrings-in-22ct-gold-47925\\\/\",\"name\":\"22ct gold drop designer earrings | PureJewels UK\",\"isPartOf\":{\"@id\":\"https:\\\/\\\/www.purejewels.com\\\/#website\"},\"primaryImageOfPage\":{\"@id\":\"https:\\\/\\\/www.purejewels.com\\\/product\\\/designer-drop-earrings-in-22ct-gold-47925\\\/#primaryimage\"},\"image\":{\"@id\":\"https:\\\/\\\/www.purejewels.com\\\/product\\\/designer-drop-earrings-in-22ct-gold-47925\\\/#primaryimage\"},\"thumbnailUrl\":\"https:\\\/\\\/static.purejewels.com\\\/wp-content\\\/uploads\\\/2022\\\/12\\\/47924.png\",\"datePublished\":\"2022-12-06T06:28:54+00:00\",\"dateModified\":\"2025-11-13T09:51:05+00:00\",\"description\":\"Designer Earrings | Designer\u00a0Earrings\u00a0for party wear | Shop these classic Drop Earrings | Pair it with your favorite necklace & flaunt your style\",\"breadcrumb\":{\"@id\":\"https:\\\/\\\/www.purejewels.com\\\/product\\\/designer-drop-earrings-in-22ct-gold-47925\\\/#breadcrumb\"},\"inLanguage\":\"tr\",\"potentialAction\":[{\"@type\":\"ReadAction\",\"target\":[\"https:\\\/\\\/www.purejewels.com\\\/product\\\/designer-drop-earrings-in-22ct-gold-47925\\\/\"]}]},{\"@type\":\"ImageObject\",\"inLanguage\":\"tr\",\"@id\":\"https:\\\/\\\/www.purejewels.com\\\/product\\\/designer-drop-earrings-in-22ct-gold-47925\\\/#primaryimage\",\"url\":\"https:\\\/\\\/static.purejewels.com\\\/wp-content\\\/uploads\\\/2022\\\/12\\\/47924.png\",\"contentUrl\":\"https:\\\/\\\/static.purejewels.com\\\/wp-content\\\/uploads\\\/2022\\\/12\\\/47924.png\",\"width\":1000,\"height\":1000,\"caption\":\"22ct Gold Earring\"},{\"@type\":\"BreadcrumbList\",\"@id\":\"https:\\\/\\\/www.purejewels.com\\\/product\\\/designer-drop-earrings-in-22ct-gold-47925\\\/#breadcrumb\",\"itemListElement\":[{\"@type\":\"ListItem\",\"position\":1,\"name\":\"Home\",\"item\":\"https:\\\/\\\/www.purejewels.com\\\/\"},{\"@type\":\"ListItem\",\"position\":2,\"name\":\"Shop\",\"item\":\"https:\\\/\\\/www.purejewels.com\\\/shop\\\/\"},{\"@type\":\"ListItem\",\"position\":3,\"name\":\"Designer Drop Earrings in 22ct Gold\"}]},{\"@type\":\"WebSite\",\"@id\":\"https:\\\/\\\/www.purejewels.com\\\/#website\",\"url\":\"https:\\\/\\\/www.purejewels.com\\\/\",\"name\":\"PureJewels UK\",\"description\":\"Share the Love\",\"publisher\":{\"@id\":\"https:\\\/\\\/www.purejewels.com\\\/#organization\"},\"potentialAction\":[{\"@type\":\"SearchAction\",\"target\":{\"@type\":\"EntryPoint\",\"urlTemplate\":\"https:\\\/\\\/www.purejewels.com\\\/?s={search_term_string}\"},\"query-input\":{\"@type\":\"PropertyValueSpecification\",\"valueRequired\":true,\"valueName\":\"search_term_string\"}}],\"inLanguage\":\"tr\"},{\"@type\":\"Organization\",\"@id\":\"https:\\\/\\\/www.purejewels.com\\\/#organization\",\"name\":\"PureJewels UK\",\"url\":\"https:\\\/\\\/www.purejewels.com\\\/\",\"logo\":{\"@type\":\"ImageObject\",\"inLanguage\":\"tr\",\"@id\":\"https:\\\/\\\/www.purejewels.com\\\/#\\\/schema\\\/logo\\\/image\\\/\",\"url\":\"https:\\\/\\\/static.purejewels.com\\\/wp-content\\\/uploads\\\/2020\\\/11\\\/Logo-PJ-New-1.png\",\"contentUrl\":\"https:\\\/\\\/static.purejewels.com\\\/wp-content\\\/uploads\\\/2020\\\/11\\\/Logo-PJ-New-1.png\",\"width\":150,\"height\":80,\"caption\":\"PureJewels UK\"},\"image\":{\"@id\":\"https:\\\/\\\/www.purejewels.com\\\/#\\\/schema\\\/logo\\\/image\\\/\"}}]}<\/script>\n<!-- \/ Yoast SEO plugin. -->","yoast_head_json":{"title":"22 ayar alt\u0131n damla tasar\u0131m k\u00fcpe | PureJewels UK","description":"Tasar\u0131m K\u00fcpeler | Parti giyimi i\u00e7in Tasar\u0131m K\u00fcpeler | Bu klasik Damla K\u00fcpeleri sat\u0131n al\u0131n | En sevdi\u011finiz kolyenizle e\u015fle\u015ftirin ve tarz\u0131n\u0131z\u0131 sergileyin","robots":{"index":"index","follow":"follow","max-snippet":"max-snippet:-1","max-image-preview":"max-image-preview:large","max-video-preview":"max-video-preview:-1"},"canonical":"https:\/\/www.purejewels.com\/tr\/urun\/22-ayar-altin-tasarim-damla-kupe-47925\/","og_locale":"tr_TR","og_type":"article","og_title":"22ct gold drop designer earrings | PureJewels UK","og_description":"Designer Earrings | Designer\u00a0Earrings\u00a0for party wear | Shop these classic Drop Earrings | Pair it with your favorite necklace & flaunt your style","og_url":"https:\/\/www.purejewels.com\/tr\/urun\/22-ayar-altin-tasarim-damla-kupe-47925\/","og_site_name":"PureJewels UK","article_modified_time":"2025-11-13T09:51:05+00:00","og_image":[{"width":1000,"height":1000,"url":"https:\/\/www.purejewels.com\/wp-content\/uploads\/2022\/12\/47924.png","type":"image\/png"}],"twitter_card":"summary_large_image","twitter_misc":{"Tahmini okuma s\u00fcresi":"1 dakika"},"schema":{"@context":"https:\/\/schema.org","@graph":[{"@type":["WebPage","ItemPage"],"@id":"https:\/\/www.purejewels.com\/product\/designer-drop-earrings-in-22ct-gold-47925\/","url":"https:\/\/www.purejewels.com\/product\/designer-drop-earrings-in-22ct-gold-47925\/","name":"22 ayar alt\u0131n damla tasar\u0131m k\u00fcpe | PureJewels UK","isPartOf":{"@id":"https:\/\/www.purejewels.com\/#website"},"primaryImageOfPage":{"@id":"https:\/\/www.purejewels.com\/product\/designer-drop-earrings-in-22ct-gold-47925\/#primaryimage"},"image":{"@id":"https:\/\/www.purejewels.com\/product\/designer-drop-earrings-in-22ct-gold-47925\/#primaryimage"},"thumbnailUrl":"https:\/\/static.purejewels.com\/wp-content\/uploads\/2022\/12\/47924.png","datePublished":"2022-12-06T06:28:54+00:00","dateModified":"2025-11-13T09:51:05+00:00","description":"Tasar\u0131m K\u00fcpeler | Parti giyimi i\u00e7in Tasar\u0131m K\u00fcpeler | Bu klasik Damla K\u00fcpeleri sat\u0131n al\u0131n | En sevdi\u011finiz kolyenizle e\u015fle\u015ftirin ve tarz\u0131n\u0131z\u0131 sergileyin","breadcrumb":{"@id":"https:\/\/www.purejewels.com\/product\/designer-drop-earrings-in-22ct-gold-47925\/#breadcrumb"},"inLanguage":"tr","potentialAction":[{"@type":"ReadAction","target":["https:\/\/www.purejewels.com\/product\/designer-drop-earrings-in-22ct-gold-47925\/"]}]},{"@type":"ImageObject","inLanguage":"tr","@id":"https:\/\/www.purejewels.com\/product\/designer-drop-earrings-in-22ct-gold-47925\/#primaryimage","url":"https:\/\/static.purejewels.com\/wp-content\/uploads\/2022\/12\/47924.png","contentUrl":"https:\/\/static.purejewels.com\/wp-content\/uploads\/2022\/12\/47924.png","width":1000,"height":1000,"caption":"22ct Gold Earring"},{"@type":"BreadcrumbList","@id":"https:\/\/www.purejewels.com\/product\/designer-drop-earrings-in-22ct-gold-47925\/#breadcrumb","itemListElement":[{"@type":"ListItem","position":1,"name":"Home","item":"https:\/\/www.purejewels.com\/"},{"@type":"ListItem","position":2,"name":"Shop","item":"https:\/\/www.purejewels.com\/shop\/"},{"@type":"ListItem","position":3,"name":"Designer Drop Earrings in 22ct Gold"}]},{"@type":"WebSite","@id":"https:\/\/www.purejewels.com\/#website","url":"https:\/\/www.purejewels.com\/","name":"PureJewels \u0130ngiltere","description":"Sevgiyi Payla\u015f\u0131n","publisher":{"@id":"https:\/\/www.purejewels.com\/#organization"},"potentialAction":[{"@type":"SearchAction","target":{"@type":"EntryPoint","urlTemplate":"https:\/\/www.purejewels.com\/?s={search_term_string}"},"query-input":{"@type":"PropertyValueSpecification","valueRequired":true,"valueName":"search_term_string"}}],"inLanguage":"tr"},{"@type":"Organization","@id":"https:\/\/www.purejewels.com\/#organization","name":"PureJewels \u0130ngiltere","url":"https:\/\/www.purejewels.com\/","logo":{"@type":"ImageObject","inLanguage":"tr","@id":"https:\/\/www.purejewels.com\/#\/schema\/logo\/image\/","url":"https:\/\/static.purejewels.com\/wp-content\/uploads\/2020\/11\/Logo-PJ-New-1.png","contentUrl":"https:\/\/static.purejewels.com\/wp-content\/uploads\/2020\/11\/Logo-PJ-New-1.png","width":150,"height":80,"caption":"PureJewels UK"},"image":{"@id":"https:\/\/www.purejewels.com\/#\/schema\/logo\/image\/"}}]}},"_links":{"self":[{"href":"https:\/\/www.purejewels.com\/tr\/wp-json\/wp\/v2\/product\/340649","targetHints":{"allow":["GET"]}}],"collection":[{"href":"https:\/\/www.purejewels.com\/tr\/wp-json\/wp\/v2\/product"}],"about":[{"href":"https:\/\/www.purejewels.com\/tr\/wp-json\/wp\/v2\/types\/product"}],"replies":[{"embeddable":true,"href":"https:\/\/www.purejewels.com\/tr\/wp-json\/wp\/v2\/comments?post=340649"}],"version-history":[{"count":4,"href":"https:\/\/www.purejewels.com\/tr\/wp-json\/wp\/v2\/product\/340649\/revisions"}],"predecessor-version":[{"id":420992,"href":"https:\/\/www.purejewels.com\/tr\/wp-json\/wp\/v2\/product\/340649\/revisions\/420992"}],"wp:featuredmedia":[{"embeddable":true,"href":"https:\/\/www.purejewels.com\/tr\/wp-json\/wp\/v2\/media\/358396"}],"wp:attachment":[{"href":"https:\/\/www.purejewels.com\/tr\/wp-json\/wp\/v2\/media?parent=340649"}],"wp:term":[{"taxonomy":"product_brand","embeddable":true,"href":"https:\/\/www.purejewels.com\/tr\/wp-json\/wp\/v2\/product_brand?post=340649"},{"taxonomy":"product_cat","embeddable":true,"href":"https:\/\/www.purejewels.com\/tr\/wp-json\/wp\/v2\/product_cat?post=340649"},{"taxonomy":"product_tag","embeddable":true,"href":"https:\/\/www.purejewels.com\/tr\/wp-json\/wp\/v2\/product_tag?post=340649"}],"curies":[{"name":"wp","href":"https:\/\/api.w.org\/{rel}","templated":true}]}}