{"id":340839,"date":"2022-11-11T07:44:13","date_gmt":"2022-11-11T07:44:13","guid":{"rendered":"https:\/\/www.purejewels.com\/?post_type=product&#038;p=340839"},"modified":"2026-01-30T13:09:00","modified_gmt":"2026-01-30T13:09:00","slug":"altin-khanda-kolye-26114","status":"publish","type":"product","link":"https:\/\/www.purejewels.com\/tr\/product\/gold-khanda-pendant-26114\/","title":{"rendered":"Alt\u0131n Khanda Kolye"},"content":{"rendered":"<h3 data-start=\"961\" data-end=\"985\"><strong data-start=\"965\" data-end=\"983\">Tasar\u0131m Konsepti<\/strong><\/h3>\n<p data-start=\"986\" data-end=\"1335\">K\u00f6kleri ruhani sembolizme dayanan tasar\u0131m, ikonik Khanda'ya sahiptir: iki kirpanla \u00e7evrili ve bir chakkar (dairesel amblem) ile ku\u015fat\u0131lm\u0131\u015f \u00e7ift kenarl\u0131 bir k\u0131l\u0131\u00e7. Her bir unsur adalet, birlik ve ilahi varl\u0131\u011f\u0131n ebedi ger\u00e7eklerine i\u015faret etmektedir. Bu kolye ucu bir m\u00fccevherden \u00e7ok daha fazlas\u0131d\u0131r; bir inan\u00e7, diren\u00e7 ve k\u00fclt\u00fcrel gurur ifadesidir.<\/p>\n<h3 data-start=\"1342\" data-end=\"1365\"><strong data-start=\"1346\" data-end=\"1363\">Zanaatkarl\u0131k<\/strong><\/h3>\n<p data-start=\"1366\" data-end=\"1696\">Y\u00fcksek safl\u0131kta d\u00f6k\u00fcm <a href=\"https:\/\/www.purejewels.com\/tr\/product\/22ct-gold-jali-filigree-ring-jali-collection-31926\/\">22ct<\/a> Londra Assay Ofisi taraf\u0131ndan damgalanm\u0131\u015f alt\u0131n kolye ucu \u00f6zenle ve sayg\u0131yla \u015fekillendirilmi\u015ftir. Hassas kuyumculu\u011fu yans\u0131tan ince detaylar, Khanda'n\u0131n her k\u0131vr\u0131m\u0131n\u0131 ve kenar\u0131n\u0131 netlikle yakal\u0131yor. Uzun \u00f6m\u00fcrl\u00fc olmas\u0131 i\u00e7in \u00fcretilen bu kolye, gelecek nesiller i\u00e7in hem estetik hem de manevi de\u011fer ta\u015f\u0131yor.<\/p>\n<h3 data-start=\"1703\" data-end=\"1726\"><strong data-start=\"1707\" data-end=\"1724\">Stil Fikirleri<\/strong><\/h3>\n<ul>\n<li data-start=\"1729\" data-end=\"1789\">Sade ve geleneksel bir g\u00f6r\u00fcn\u00fcm i\u00e7in alt\u0131n kutu zincire tak\u0131n<\/li>\n<li data-start=\"1792\" data-end=\"1851\">Hem bat\u0131 hem de etnik k\u0131yafetlerle g\u00fczel uyum sa\u011flar<\/li>\n<li data-start=\"1854\" data-end=\"1942\">Dini d\u00f6n\u00fcm noktalar\u0131, t\u00f6ren giysileri veya g\u00fcnl\u00fck ibadetler i\u00e7in ideal bir hediye<\/li>\n<li data-start=\"1945\" data-end=\"2001\">Kalbe yak\u0131n, katmanl\u0131 veya tek ba\u015f\u0131na tak\u0131ld\u0131\u011f\u0131nda zarif g\u00f6r\u00fcn\u00fcr<\/li>\n<\/ul>","protected":false},"excerpt":{"rendered":"<div class=\"woocommerce-product-details__short-description\">\n<table class=\"sh_desc\">\n<tbody>\n<tr>\n<td>Kolye Tipi<\/td>\n<td>Dini Kolye<\/td>\n<\/tr>\n<tr>\n<td>SKU<\/td>\n<td>26114<\/td>\n<\/tr>\n<tr>\n<td>A\u011f\u0131rl\u0131k<\/td>\n<td>6.5 Gms<\/td>\n<\/tr>\n<tr>\n<td>Metal<\/td>\n<td>22 Ayar Alt\u0131n<\/td>\n<\/tr>\n<tr>\n<td>\u00dccretler<\/td>\n<td>Teslimat ve KDV Dahil<\/td>\n<\/tr>\n<tr>\n<td>Paketleme<\/td>\n<td>Sunum Kutusu ile Birlikte Gelir<\/td>\n<\/tr>\n<tr>\n<td>Daha Fazla Bilgi<\/td>\n<td>\n<ul>\n<li>Zincir dahil de\u011fildir<\/li>\n<li>Resimde g\u00f6sterilen Zincir bir <strong><a href=\"https:\/\/www.purejewels.com\/tr\/urun-kategori%cc%87si%cc%87\/22-ayar-altin-zincir\/kutu-zinciri\/\">Kutu Zincir<\/a><\/strong><\/li>\n<li>M\u00fcsaitlik durumu ve daha fazla resim i\u00e7in bizimle canl\u0131 sohbet edin<\/li>\n<\/ul>\n<\/td>\n<\/tr>\n<\/tbody>\n<\/table>\n<\/div>\n<div class=\"btn-atc atc-slide\"><\/div>\n<div class=\"product_meta\"><\/div>","protected":false},"featured_media":340922,"comment_status":"closed","ping_status":"closed","template":"","meta":{"_eb_attr":"","_crsspst_to_jayantr4sg-hostcom":true},"product_brand":[],"product_cat":[1571,1229,1255,5604,1572,1701,1574],"product_tag":[],"class_list":{"0":"post-340839","1":"product","2":"type-product","3":"status-publish","4":"has-post-thumbnail","6":"product_cat-fathers-day-gifts","7":"product_cat-22ct-gold-jewellery","8":"product_cat-gold-pendants","9":"product_cat-khanda-pendants","10":"product_cat-mens-jewellery","11":"product_cat-religious-pendants","12":"product_cat-womens-jewellery","14":"first","15":"instock","16":"taxable","17":"shipping-taxable","18":"purchasable","19":"product-type-simple","20":"add-to-wishlist-before_image"},"yoast_head":"<!-- This site is optimized with the Yoast SEO plugin v27.5 - https:\/\/yoast.com\/product\/yoast-seo-wordpress\/ -->\n<title>22ct Gold Sikh Khanda Pendant | Gold Pendant UK<\/title>\n<meta name=\"description\" content=\"Looking for a Khanda Pendant made of solid gold? Check out our selection of beautiful 22ct Gold Khanda Pendants!\" \/>\n<meta name=\"robots\" content=\"index, follow, max-snippet:-1, max-image-preview:large, max-video-preview:-1\" \/>\n<link rel=\"canonical\" href=\"https:\/\/www.purejewels.com\/tr\/urun\/altin-khanda-kolye-26114\/\" \/>\n<meta property=\"og:locale\" content=\"tr_TR\" \/>\n<meta property=\"og:type\" content=\"article\" \/>\n<meta property=\"og:title\" content=\"22ct Gold Sikh Khanda Pendant | Gold Pendant UK\" \/>\n<meta property=\"og:description\" content=\"Looking for a Khanda Pendant made of solid gold? Check out our selection of beautiful 22ct Gold Khanda Pendants!\" \/>\n<meta property=\"og:url\" content=\"https:\/\/www.purejewels.com\/tr\/urun\/altin-khanda-kolye-26114\/\" \/>\n<meta property=\"og:site_name\" content=\"PureJewels UK\" \/>\n<meta property=\"article:modified_time\" content=\"2026-01-30T13:09:00+00:00\" \/>\n<meta property=\"og:image\" content=\"https:\/\/static.purejewels.com\/wp-content\/uploads\/2022\/11\/26114-1.jpg\" \/>\n\t<meta property=\"og:image:width\" content=\"1000\" \/>\n\t<meta property=\"og:image:height\" content=\"1000\" \/>\n\t<meta property=\"og:image:type\" content=\"image\/jpeg\" \/>\n<meta name=\"twitter:card\" content=\"summary_large_image\" \/>\n<meta name=\"twitter:label1\" content=\"Tahmini okuma s\u00fcresi\" \/>\n\t<meta name=\"twitter:data1\" content=\"1 dakika\" \/>\n<script type=\"application\/ld+json\" class=\"yoast-schema-graph\">{\"@context\":\"https:\\\/\\\/schema.org\",\"@graph\":[{\"@type\":[\"WebPage\",\"ItemPage\"],\"@id\":\"https:\\\/\\\/www.purejewels.com\\\/product\\\/gold-khanda-pendant-26114\\\/\",\"url\":\"https:\\\/\\\/www.purejewels.com\\\/product\\\/gold-khanda-pendant-26114\\\/\",\"name\":\"22ct Gold Sikh Khanda Pendant | Gold Pendant UK\",\"isPartOf\":{\"@id\":\"https:\\\/\\\/www.purejewels.com\\\/#website\"},\"primaryImageOfPage\":{\"@id\":\"https:\\\/\\\/www.purejewels.com\\\/product\\\/gold-khanda-pendant-26114\\\/#primaryimage\"},\"image\":{\"@id\":\"https:\\\/\\\/www.purejewels.com\\\/product\\\/gold-khanda-pendant-26114\\\/#primaryimage\"},\"thumbnailUrl\":\"https:\\\/\\\/static.purejewels.com\\\/wp-content\\\/uploads\\\/2022\\\/11\\\/26114-1.jpg\",\"datePublished\":\"2022-11-11T07:44:13+00:00\",\"dateModified\":\"2026-01-30T13:09:00+00:00\",\"description\":\"Looking for a Khanda Pendant made of solid gold? Check out our selection of beautiful 22ct Gold Khanda Pendants!\",\"breadcrumb\":{\"@id\":\"https:\\\/\\\/www.purejewels.com\\\/product\\\/gold-khanda-pendant-26114\\\/#breadcrumb\"},\"inLanguage\":\"tr\",\"potentialAction\":[{\"@type\":\"ReadAction\",\"target\":[\"https:\\\/\\\/www.purejewels.com\\\/product\\\/gold-khanda-pendant-26114\\\/\"]}]},{\"@type\":\"ImageObject\",\"inLanguage\":\"tr\",\"@id\":\"https:\\\/\\\/www.purejewels.com\\\/product\\\/gold-khanda-pendant-26114\\\/#primaryimage\",\"url\":\"https:\\\/\\\/static.purejewels.com\\\/wp-content\\\/uploads\\\/2022\\\/11\\\/26114-1.jpg\",\"contentUrl\":\"https:\\\/\\\/static.purejewels.com\\\/wp-content\\\/uploads\\\/2022\\\/11\\\/26114-1.jpg\",\"width\":1000,\"height\":1000,\"caption\":\"Gold Khanda Pendant\"},{\"@type\":\"BreadcrumbList\",\"@id\":\"https:\\\/\\\/www.purejewels.com\\\/product\\\/gold-khanda-pendant-26114\\\/#breadcrumb\",\"itemListElement\":[{\"@type\":\"ListItem\",\"position\":1,\"name\":\"Home\",\"item\":\"https:\\\/\\\/www.purejewels.com\\\/\"},{\"@type\":\"ListItem\",\"position\":2,\"name\":\"Shop\",\"item\":\"https:\\\/\\\/www.purejewels.com\\\/shop\\\/\"},{\"@type\":\"ListItem\",\"position\":3,\"name\":\"Gold Khanda Pendant\"}]},{\"@type\":\"WebSite\",\"@id\":\"https:\\\/\\\/www.purejewels.com\\\/#website\",\"url\":\"https:\\\/\\\/www.purejewels.com\\\/\",\"name\":\"PureJewels UK\",\"description\":\"Share the Love\",\"publisher\":{\"@id\":\"https:\\\/\\\/www.purejewels.com\\\/#organization\"},\"potentialAction\":[{\"@type\":\"SearchAction\",\"target\":{\"@type\":\"EntryPoint\",\"urlTemplate\":\"https:\\\/\\\/www.purejewels.com\\\/?s={search_term_string}\"},\"query-input\":{\"@type\":\"PropertyValueSpecification\",\"valueRequired\":true,\"valueName\":\"search_term_string\"}}],\"inLanguage\":\"tr\"},{\"@type\":\"Organization\",\"@id\":\"https:\\\/\\\/www.purejewels.com\\\/#organization\",\"name\":\"PureJewels UK\",\"url\":\"https:\\\/\\\/www.purejewels.com\\\/\",\"logo\":{\"@type\":\"ImageObject\",\"inLanguage\":\"tr\",\"@id\":\"https:\\\/\\\/www.purejewels.com\\\/#\\\/schema\\\/logo\\\/image\\\/\",\"url\":\"https:\\\/\\\/static.purejewels.com\\\/wp-content\\\/uploads\\\/2020\\\/11\\\/Logo-PJ-New-1.png\",\"contentUrl\":\"https:\\\/\\\/static.purejewels.com\\\/wp-content\\\/uploads\\\/2020\\\/11\\\/Logo-PJ-New-1.png\",\"width\":150,\"height\":80,\"caption\":\"PureJewels UK\"},\"image\":{\"@id\":\"https:\\\/\\\/www.purejewels.com\\\/#\\\/schema\\\/logo\\\/image\\\/\"}}]}<\/script>\n<!-- \/ Yoast SEO plugin. -->","yoast_head_json":{"title":"22 Ayar Alt\u0131n Sih Khanda Kolye | Alt\u0131n Kolye \u0130ngiltere","description":"Som alt\u0131ndan yap\u0131lm\u0131\u015f bir Khanda Kolye mi ar\u0131yorsunuz? Birbirinden g\u00fczel 22 ayar alt\u0131n Khanda kolye se\u00e7eneklerimize g\u00f6z at\u0131n!","robots":{"index":"index","follow":"follow","max-snippet":"max-snippet:-1","max-image-preview":"max-image-preview:large","max-video-preview":"max-video-preview:-1"},"canonical":"https:\/\/www.purejewels.com\/tr\/urun\/altin-khanda-kolye-26114\/","og_locale":"tr_TR","og_type":"article","og_title":"22ct Gold Sikh Khanda Pendant | Gold Pendant UK","og_description":"Looking for a Khanda Pendant made of solid gold? Check out our selection of beautiful 22ct Gold Khanda Pendants!","og_url":"https:\/\/www.purejewels.com\/tr\/urun\/altin-khanda-kolye-26114\/","og_site_name":"PureJewels UK","article_modified_time":"2026-01-30T13:09:00+00:00","og_image":[{"width":1000,"height":1000,"url":"https:\/\/static.purejewels.com\/wp-content\/uploads\/2022\/11\/26114-1.jpg","type":"image\/jpeg"}],"twitter_card":"summary_large_image","twitter_misc":{"Tahmini okuma s\u00fcresi":"1 dakika"},"schema":{"@context":"https:\/\/schema.org","@graph":[{"@type":["WebPage","ItemPage"],"@id":"https:\/\/www.purejewels.com\/product\/gold-khanda-pendant-26114\/","url":"https:\/\/www.purejewels.com\/product\/gold-khanda-pendant-26114\/","name":"22 Ayar Alt\u0131n Sih Khanda Kolye | Alt\u0131n Kolye \u0130ngiltere","isPartOf":{"@id":"https:\/\/www.purejewels.com\/#website"},"primaryImageOfPage":{"@id":"https:\/\/www.purejewels.com\/product\/gold-khanda-pendant-26114\/#primaryimage"},"image":{"@id":"https:\/\/www.purejewels.com\/product\/gold-khanda-pendant-26114\/#primaryimage"},"thumbnailUrl":"https:\/\/static.purejewels.com\/wp-content\/uploads\/2022\/11\/26114-1.jpg","datePublished":"2022-11-11T07:44:13+00:00","dateModified":"2026-01-30T13:09:00+00:00","description":"Som alt\u0131ndan yap\u0131lm\u0131\u015f bir Khanda Kolye mi ar\u0131yorsunuz? Birbirinden g\u00fczel 22 ayar alt\u0131n Khanda kolye se\u00e7eneklerimize g\u00f6z at\u0131n!","breadcrumb":{"@id":"https:\/\/www.purejewels.com\/product\/gold-khanda-pendant-26114\/#breadcrumb"},"inLanguage":"tr","potentialAction":[{"@type":"ReadAction","target":["https:\/\/www.purejewels.com\/product\/gold-khanda-pendant-26114\/"]}]},{"@type":"ImageObject","inLanguage":"tr","@id":"https:\/\/www.purejewels.com\/product\/gold-khanda-pendant-26114\/#primaryimage","url":"https:\/\/static.purejewels.com\/wp-content\/uploads\/2022\/11\/26114-1.jpg","contentUrl":"https:\/\/static.purejewels.com\/wp-content\/uploads\/2022\/11\/26114-1.jpg","width":1000,"height":1000,"caption":"Gold Khanda Pendant"},{"@type":"BreadcrumbList","@id":"https:\/\/www.purejewels.com\/product\/gold-khanda-pendant-26114\/#breadcrumb","itemListElement":[{"@type":"ListItem","position":1,"name":"Home","item":"https:\/\/www.purejewels.com\/"},{"@type":"ListItem","position":2,"name":"Shop","item":"https:\/\/www.purejewels.com\/shop\/"},{"@type":"ListItem","position":3,"name":"Gold Khanda Pendant"}]},{"@type":"WebSite","@id":"https:\/\/www.purejewels.com\/#website","url":"https:\/\/www.purejewels.com\/","name":"PureJewels \u0130ngiltere","description":"Sevgiyi Payla\u015f\u0131n","publisher":{"@id":"https:\/\/www.purejewels.com\/#organization"},"potentialAction":[{"@type":"SearchAction","target":{"@type":"EntryPoint","urlTemplate":"https:\/\/www.purejewels.com\/?s={search_term_string}"},"query-input":{"@type":"PropertyValueSpecification","valueRequired":true,"valueName":"search_term_string"}}],"inLanguage":"tr"},{"@type":"Organization","@id":"https:\/\/www.purejewels.com\/#organization","name":"PureJewels \u0130ngiltere","url":"https:\/\/www.purejewels.com\/","logo":{"@type":"ImageObject","inLanguage":"tr","@id":"https:\/\/www.purejewels.com\/#\/schema\/logo\/image\/","url":"https:\/\/static.purejewels.com\/wp-content\/uploads\/2020\/11\/Logo-PJ-New-1.png","contentUrl":"https:\/\/static.purejewels.com\/wp-content\/uploads\/2020\/11\/Logo-PJ-New-1.png","width":150,"height":80,"caption":"PureJewels UK"},"image":{"@id":"https:\/\/www.purejewels.com\/#\/schema\/logo\/image\/"}}]}},"_links":{"self":[{"href":"https:\/\/www.purejewels.com\/tr\/wp-json\/wp\/v2\/product\/340839","targetHints":{"allow":["GET"]}}],"collection":[{"href":"https:\/\/www.purejewels.com\/tr\/wp-json\/wp\/v2\/product"}],"about":[{"href":"https:\/\/www.purejewels.com\/tr\/wp-json\/wp\/v2\/types\/product"}],"replies":[{"embeddable":true,"href":"https:\/\/www.purejewels.com\/tr\/wp-json\/wp\/v2\/comments?post=340839"}],"version-history":[{"count":3,"href":"https:\/\/www.purejewels.com\/tr\/wp-json\/wp\/v2\/product\/340839\/revisions"}],"predecessor-version":[{"id":420493,"href":"https:\/\/www.purejewels.com\/tr\/wp-json\/wp\/v2\/product\/340839\/revisions\/420493"}],"wp:featuredmedia":[{"embeddable":true,"href":"https:\/\/www.purejewels.com\/tr\/wp-json\/wp\/v2\/media\/340922"}],"wp:attachment":[{"href":"https:\/\/www.purejewels.com\/tr\/wp-json\/wp\/v2\/media?parent=340839"}],"wp:term":[{"taxonomy":"product_brand","embeddable":true,"href":"https:\/\/www.purejewels.com\/tr\/wp-json\/wp\/v2\/product_brand?post=340839"},{"taxonomy":"product_cat","embeddable":true,"href":"https:\/\/www.purejewels.com\/tr\/wp-json\/wp\/v2\/product_cat?post=340839"},{"taxonomy":"product_tag","embeddable":true,"href":"https:\/\/www.purejewels.com\/tr\/wp-json\/wp\/v2\/product_tag?post=340839"}],"curies":[{"name":"wp","href":"https:\/\/api.w.org\/{rel}","templated":true}]}}