{"id":340844,"date":"2024-11-21T08:04:54","date_gmt":"2024-11-21T08:04:54","guid":{"rendered":"https:\/\/www.purejewels.com\/?post_type=product&#038;p=340844"},"modified":"2026-04-27T10:01:48","modified_gmt":"2026-04-27T09:01:48","slug":"22-ayar-altin-fantezi-kolye-30230","status":"publish","type":"product","link":"https:\/\/www.purejewels.com\/tr\/product\/22ct-gold-fancy-pendant-30230\/","title":{"rendered":"Ger\u00e7ek Alt\u0131n Kolye"},"content":{"rendered":"<p data-start=\"251\" data-end=\"658\"><strong data-start=\"251\" data-end=\"261\">Tasar\u0131m<\/strong><br data-start=\"261\" data-end=\"264\" \/>Ger\u00e7ek Alt\u0131n Kolye koleksiyonumuz zengin 22 ayar alt\u0131ndan \u00fcretilmi\u015ftir ve her bir kolye yakla\u015f\u0131k 3,6 gram a\u011f\u0131rl\u0131\u011f\u0131yla g\u00fcven verici, sa\u011flam bir his verir. Karma\u015f\u0131k \u00e7i\u00e7ekli ve desenli tasar\u0131mlardan \u015f\u0131k ve modern formlara kadar uzanan \u00fcr\u00fcn yelpazesi sayesinde kendi tarz\u0131n\u0131z\u0131 yans\u0131tan bir par\u00e7a se\u00e7ebilirsiniz. Her kolye ucu yakaya g\u00fczel bir \u015fekilde oturacak ve tek ba\u015f\u0131na tak\u0131ld\u0131\u011f\u0131nda bile kendi ba\u015f\u0131na duracak \u015fekilde tasarlanm\u0131\u015ft\u0131r.<\/p>\n<p data-start=\"660\" data-end=\"1013\"><strong data-start=\"660\" data-end=\"677\">Zanaatkarl\u0131k<\/strong><br data-start=\"677\" data-end=\"680\" \/>Her bir kolye ucu ince 22 ayar alt\u0131ndan yap\u0131lm\u0131\u015f ve orant\u0131, denge ve cilaya \u00f6zen g\u00f6sterilerek tamamlanm\u0131\u015ft\u0131r. Tasar\u0131m boyunca \u0131\u015f\u0131k oyununu geli\u015ftirmek i\u00e7in kenarlar yumu\u015fat\u0131lm\u0131\u015f, y\u00fczeyler rafine edilmi\u015f ve detaylar keskin bir \u015fekilde i\u015flenmi\u015ftir. Her par\u00e7a, kalite ve \u00f6zg\u00fcnl\u00fck g\u00fcvencesi sunan safl\u0131k sertifikas\u0131 i\u00e7in \u0130ngiltere'de damgalanm\u0131\u015ft\u0131r.<\/p>\n<p data-start=\"1015\" data-end=\"1400\" data-is-last-node=\"\" data-is-only-node=\"\"><strong data-start=\"1015\" data-end=\"1032\">Stil Fikirleri<\/strong><br data-start=\"1032\" data-end=\"1035\" \/>Se\u00e7ti\u011finiz kolyeyi g\u00fcnl\u00fck bir imza i\u00e7in 22 ayar ince bir zincirle e\u015fle\u015ftirin veya daha cesur bir g\u00f6r\u00fcn\u00fcm i\u00e7in biraz daha a\u011f\u0131r bir zincirle \u015fekillendirin. Bu tasar\u0131mlar, daha k\u0131sa gerdanl\u0131klar veya daha uzun zincirlerle iyi uyum sa\u011flayarak kendi alt\u0131n hikayenizi olu\u015fturman\u0131za olanak tan\u0131r. PureJewels kutusunda sunulan bu tasar\u0131mlar ayn\u0131 zamanda d\u00fc\u015f\u00fcn\u00fclm\u00fc\u015f bir hediye de olabilir - seti tamamlamak i\u00e7in koleksiyonumuzdan bir zincir eklemeniz yeterli.<\/p>","protected":false},"excerpt":{"rendered":"<div class=\"woocommerce-product-details__short-description\">\n<table class=\"sh_desc\" style=\"width: 100%; height: 280px;\">\n<tbody>\n<tr style=\"height: 28px;\">\n<td style=\"height: 28px;\">Kolye Tipi<\/td>\n<td style=\"height: 28px;\">S\u00fcsl\u00fc Kolye<\/td>\n<\/tr>\n<tr style=\"height: 28px;\">\n<td style=\"height: 28px;\">SKU<\/td>\n<td style=\"height: 28px;\">49896, 49897, 49898<\/td>\n<\/tr>\n<tr style=\"height: 28px;\">\n<td style=\"height: 28px;\">A\u011f\u0131rl\u0131k<\/td>\n<td style=\"height: 28px;\">3.6 Gms<\/td>\n<\/tr>\n<tr style=\"height: 28px;\">\n<td style=\"height: 28px;\">Metal<\/td>\n<td style=\"height: 28px;\">22 Ayar Alt\u0131n<\/td>\n<\/tr>\n<tr style=\"height: 28px;\">\n<td style=\"height: 28px;\">\u00dccretler<\/td>\n<td style=\"height: 28px;\">Teslimat ve KDV Dahil<\/td>\n<\/tr>\n<tr style=\"height: 28px;\">\n<td style=\"height: 28px;\">Paketleme<\/td>\n<td style=\"height: 28px;\">Sunum Kutusu ile Birlikte Gelir<\/td>\n<\/tr>\n<tr style=\"height: 112px;\">\n<td style=\"height: 112px;\">Daha Fazla Bilgi<\/td>\n<td style=\"height: 112px;\">\n<ul>\n<li>Zincir dahil de\u011fildir<\/li>\n<li>Koleksiyonumuzu G\u00f6r\u00fcnt\u00fcleyin\u00a0<strong>Alt\u0131n Zincirler<\/strong><\/li>\n<li>M\u00fcsaitlik durumu ve daha fazla resim i\u00e7in bizimle canl\u0131 sohbet edin<\/li>\n<\/ul>\n<\/td>\n<\/tr>\n<\/tbody>\n<\/table>\n<\/div>\n<div class=\"btn-atc atc-slide\"><\/div>\n<div class=\"product_meta\"><\/div>","protected":false},"featured_media":340921,"comment_status":"closed","ping_status":"closed","template":"","meta":{"_eb_attr":"","_crsspst_to_jayantr4sg-hostcom":true},"product_brand":[],"product_cat":[1794,1793,6190,1770,1792,1790,1229,1255,1767,1570,1569,1574,5349],"product_tag":[],"class_list":{"0":"post-340844","1":"product","2":"type-product","3":"status-publish","4":"has-post-thumbnail","6":"product_cat-christmas-gifts","7":"product_cat-diwali-gifts","8":"product_cat-easter-jewellery","9":"product_cat-fancy-pendants","10":"product_cat-festival-gifts","11":"product_cat-for-whom-when","12":"product_cat-22ct-gold-jewellery","13":"product_cat-gold-pendants","14":"product_cat-ladies-pendants","15":"product_cat-mothers-day-gifts","16":"product_cat-valentine-day-gifts","17":"product_cat-womens-jewellery","18":"product_cat-yellow-gold-jewellery","20":"first","21":"instock","22":"taxable","23":"shipping-taxable","24":"purchasable","25":"product-type-simple","26":"add-to-wishlist-before_image"},"yoast_head":"<!-- This site is optimized with the Yoast SEO plugin v27.6 - https:\/\/yoast.com\/product\/yoast-seo-wordpress\/ -->\n<title>Real Gold Designer Pendants | PureJewels UK<\/title>\n<meta name=\"description\" content=\"Searching for a unique and special pendant to add to your jewelry collection? Check out our 22ct Gold designer pendants. Buy Online for free UK delivery.\" \/>\n<meta name=\"robots\" content=\"index, follow, max-snippet:-1, max-image-preview:large, max-video-preview:-1\" \/>\n<link rel=\"canonical\" href=\"https:\/\/www.purejewels.com\/tr\/urun\/22-ayar-altin-fantezi-kolye-30230\/\" \/>\n<meta property=\"og:locale\" content=\"tr_TR\" \/>\n<meta property=\"og:type\" content=\"article\" \/>\n<meta property=\"og:title\" content=\"Real Gold Designer Pendants | PureJewels UK\" \/>\n<meta property=\"og:description\" content=\"Searching for a unique and special pendant to add to your jewelry collection? Check out our 22ct Gold designer pendants. Buy Online for free UK delivery.\" \/>\n<meta property=\"og:url\" content=\"https:\/\/www.purejewels.com\/tr\/urun\/22-ayar-altin-fantezi-kolye-30230\/\" \/>\n<meta property=\"og:site_name\" content=\"PureJewels UK\" \/>\n<meta property=\"article:modified_time\" content=\"2026-04-27T09:01:48+00:00\" \/>\n<meta property=\"og:image\" content=\"https:\/\/static.purejewels.com\/wp-content\/uploads\/2022\/11\/30230-2.jpg\" \/>\n\t<meta property=\"og:image:width\" content=\"1000\" \/>\n\t<meta property=\"og:image:height\" content=\"1000\" \/>\n\t<meta property=\"og:image:type\" content=\"image\/jpeg\" \/>\n<meta name=\"twitter:card\" content=\"summary_large_image\" \/>\n<meta name=\"twitter:label1\" content=\"Tahmini okuma s\u00fcresi\" \/>\n\t<meta name=\"twitter:data1\" content=\"2 dakika\" \/>\n<script type=\"application\/ld+json\" class=\"yoast-schema-graph\">{\"@context\":\"https:\\\/\\\/schema.org\",\"@graph\":[{\"@type\":[\"WebPage\",\"ItemPage\"],\"@id\":\"https:\\\/\\\/www.purejewels.com\\\/product\\\/22ct-gold-fancy-pendant-30230\\\/\",\"url\":\"https:\\\/\\\/www.purejewels.com\\\/product\\\/22ct-gold-fancy-pendant-30230\\\/\",\"name\":\"Real Gold Designer Pendants | PureJewels UK\",\"isPartOf\":{\"@id\":\"https:\\\/\\\/www.purejewels.com\\\/#website\"},\"primaryImageOfPage\":{\"@id\":\"https:\\\/\\\/www.purejewels.com\\\/product\\\/22ct-gold-fancy-pendant-30230\\\/#primaryimage\"},\"image\":{\"@id\":\"https:\\\/\\\/www.purejewels.com\\\/product\\\/22ct-gold-fancy-pendant-30230\\\/#primaryimage\"},\"thumbnailUrl\":\"https:\\\/\\\/static.purejewels.com\\\/wp-content\\\/uploads\\\/2022\\\/11\\\/30230-2.jpg\",\"datePublished\":\"2024-11-21T08:04:54+00:00\",\"dateModified\":\"2026-04-27T09:01:48+00:00\",\"description\":\"Searching for a unique and special pendant to add to your jewelry collection? Check out our 22ct Gold designer pendants. Buy Online for free UK delivery.\",\"breadcrumb\":{\"@id\":\"https:\\\/\\\/www.purejewels.com\\\/product\\\/22ct-gold-fancy-pendant-30230\\\/#breadcrumb\"},\"inLanguage\":\"tr\",\"potentialAction\":[{\"@type\":\"ReadAction\",\"target\":[\"https:\\\/\\\/www.purejewels.com\\\/product\\\/22ct-gold-fancy-pendant-30230\\\/\"]}]},{\"@type\":\"ImageObject\",\"inLanguage\":\"tr\",\"@id\":\"https:\\\/\\\/www.purejewels.com\\\/product\\\/22ct-gold-fancy-pendant-30230\\\/#primaryimage\",\"url\":\"https:\\\/\\\/static.purejewels.com\\\/wp-content\\\/uploads\\\/2022\\\/11\\\/30230-2.jpg\",\"contentUrl\":\"https:\\\/\\\/static.purejewels.com\\\/wp-content\\\/uploads\\\/2022\\\/11\\\/30230-2.jpg\",\"width\":1000,\"height\":1000,\"caption\":\"22ct Gold Fancy Pendant\"},{\"@type\":\"BreadcrumbList\",\"@id\":\"https:\\\/\\\/www.purejewels.com\\\/product\\\/22ct-gold-fancy-pendant-30230\\\/#breadcrumb\",\"itemListElement\":[{\"@type\":\"ListItem\",\"position\":1,\"name\":\"Home\",\"item\":\"https:\\\/\\\/www.purejewels.com\\\/\"},{\"@type\":\"ListItem\",\"position\":2,\"name\":\"Shop\",\"item\":\"https:\\\/\\\/www.purejewels.com\\\/shop\\\/\"},{\"@type\":\"ListItem\",\"position\":3,\"name\":\"Real Gold Pendant\"}]},{\"@type\":\"WebSite\",\"@id\":\"https:\\\/\\\/www.purejewels.com\\\/#website\",\"url\":\"https:\\\/\\\/www.purejewels.com\\\/\",\"name\":\"PureJewels UK\",\"description\":\"Share the Love\",\"publisher\":{\"@id\":\"https:\\\/\\\/www.purejewels.com\\\/#organization\"},\"potentialAction\":[{\"@type\":\"SearchAction\",\"target\":{\"@type\":\"EntryPoint\",\"urlTemplate\":\"https:\\\/\\\/www.purejewels.com\\\/?s={search_term_string}\"},\"query-input\":{\"@type\":\"PropertyValueSpecification\",\"valueRequired\":true,\"valueName\":\"search_term_string\"}}],\"inLanguage\":\"tr\"},{\"@type\":\"Organization\",\"@id\":\"https:\\\/\\\/www.purejewels.com\\\/#organization\",\"name\":\"PureJewels UK\",\"url\":\"https:\\\/\\\/www.purejewels.com\\\/\",\"logo\":{\"@type\":\"ImageObject\",\"inLanguage\":\"tr\",\"@id\":\"https:\\\/\\\/www.purejewels.com\\\/#\\\/schema\\\/logo\\\/image\\\/\",\"url\":\"https:\\\/\\\/static.purejewels.com\\\/wp-content\\\/uploads\\\/2020\\\/11\\\/Logo-PJ-New-1.png\",\"contentUrl\":\"https:\\\/\\\/static.purejewels.com\\\/wp-content\\\/uploads\\\/2020\\\/11\\\/Logo-PJ-New-1.png\",\"width\":150,\"height\":80,\"caption\":\"PureJewels UK\"},\"image\":{\"@id\":\"https:\\\/\\\/www.purejewels.com\\\/#\\\/schema\\\/logo\\\/image\\\/\"}}]}<\/script>\n<!-- \/ Yoast SEO plugin. -->","yoast_head_json":{"title":"Ger\u00e7ek Alt\u0131n Tasar\u0131m Kolyeler | PureJewels UK","description":"M\u00fccevher koleksiyonunuza eklemek i\u00e7in benzersiz ve \u00f6zel bir kolye ucu mu ar\u0131yorsunuz? 22 ayar alt\u0131n tasar\u0131m kolyelerimize g\u00f6z at\u0131n. \u00dccretsiz \u0130ngiltere teslimat\u0131 i\u00e7in Online Sat\u0131n Al\u0131n.","robots":{"index":"index","follow":"follow","max-snippet":"max-snippet:-1","max-image-preview":"max-image-preview:large","max-video-preview":"max-video-preview:-1"},"canonical":"https:\/\/www.purejewels.com\/tr\/urun\/22-ayar-altin-fantezi-kolye-30230\/","og_locale":"tr_TR","og_type":"article","og_title":"Real Gold Designer Pendants | PureJewels UK","og_description":"Searching for a unique and special pendant to add to your jewelry collection? Check out our 22ct Gold designer pendants. Buy Online for free UK delivery.","og_url":"https:\/\/www.purejewels.com\/tr\/urun\/22-ayar-altin-fantezi-kolye-30230\/","og_site_name":"PureJewels UK","article_modified_time":"2026-04-27T09:01:48+00:00","og_image":[{"width":1000,"height":1000,"url":"https:\/\/static.purejewels.com\/wp-content\/uploads\/2022\/11\/30230-2.jpg","type":"image\/jpeg"}],"twitter_card":"summary_large_image","twitter_misc":{"Tahmini okuma s\u00fcresi":"2 dakika"},"schema":{"@context":"https:\/\/schema.org","@graph":[{"@type":["WebPage","ItemPage"],"@id":"https:\/\/www.purejewels.com\/product\/22ct-gold-fancy-pendant-30230\/","url":"https:\/\/www.purejewels.com\/product\/22ct-gold-fancy-pendant-30230\/","name":"Ger\u00e7ek Alt\u0131n Tasar\u0131m Kolyeler | PureJewels UK","isPartOf":{"@id":"https:\/\/www.purejewels.com\/#website"},"primaryImageOfPage":{"@id":"https:\/\/www.purejewels.com\/product\/22ct-gold-fancy-pendant-30230\/#primaryimage"},"image":{"@id":"https:\/\/www.purejewels.com\/product\/22ct-gold-fancy-pendant-30230\/#primaryimage"},"thumbnailUrl":"https:\/\/static.purejewels.com\/wp-content\/uploads\/2022\/11\/30230-2.jpg","datePublished":"2024-11-21T08:04:54+00:00","dateModified":"2026-04-27T09:01:48+00:00","description":"M\u00fccevher koleksiyonunuza eklemek i\u00e7in benzersiz ve \u00f6zel bir kolye ucu mu ar\u0131yorsunuz? 22 ayar alt\u0131n tasar\u0131m kolyelerimize g\u00f6z at\u0131n. \u00dccretsiz \u0130ngiltere teslimat\u0131 i\u00e7in Online Sat\u0131n Al\u0131n.","breadcrumb":{"@id":"https:\/\/www.purejewels.com\/product\/22ct-gold-fancy-pendant-30230\/#breadcrumb"},"inLanguage":"tr","potentialAction":[{"@type":"ReadAction","target":["https:\/\/www.purejewels.com\/product\/22ct-gold-fancy-pendant-30230\/"]}]},{"@type":"ImageObject","inLanguage":"tr","@id":"https:\/\/www.purejewels.com\/product\/22ct-gold-fancy-pendant-30230\/#primaryimage","url":"https:\/\/static.purejewels.com\/wp-content\/uploads\/2022\/11\/30230-2.jpg","contentUrl":"https:\/\/static.purejewels.com\/wp-content\/uploads\/2022\/11\/30230-2.jpg","width":1000,"height":1000,"caption":"22ct Gold Fancy Pendant"},{"@type":"BreadcrumbList","@id":"https:\/\/www.purejewels.com\/product\/22ct-gold-fancy-pendant-30230\/#breadcrumb","itemListElement":[{"@type":"ListItem","position":1,"name":"Home","item":"https:\/\/www.purejewels.com\/"},{"@type":"ListItem","position":2,"name":"Shop","item":"https:\/\/www.purejewels.com\/shop\/"},{"@type":"ListItem","position":3,"name":"Real Gold Pendant"}]},{"@type":"WebSite","@id":"https:\/\/www.purejewels.com\/#website","url":"https:\/\/www.purejewels.com\/","name":"PureJewels \u0130ngiltere","description":"Sevgiyi Payla\u015f\u0131n","publisher":{"@id":"https:\/\/www.purejewels.com\/#organization"},"potentialAction":[{"@type":"SearchAction","target":{"@type":"EntryPoint","urlTemplate":"https:\/\/www.purejewels.com\/?s={search_term_string}"},"query-input":{"@type":"PropertyValueSpecification","valueRequired":true,"valueName":"search_term_string"}}],"inLanguage":"tr"},{"@type":"Organization","@id":"https:\/\/www.purejewels.com\/#organization","name":"PureJewels \u0130ngiltere","url":"https:\/\/www.purejewels.com\/","logo":{"@type":"ImageObject","inLanguage":"tr","@id":"https:\/\/www.purejewels.com\/#\/schema\/logo\/image\/","url":"https:\/\/static.purejewels.com\/wp-content\/uploads\/2020\/11\/Logo-PJ-New-1.png","contentUrl":"https:\/\/static.purejewels.com\/wp-content\/uploads\/2020\/11\/Logo-PJ-New-1.png","width":150,"height":80,"caption":"PureJewels UK"},"image":{"@id":"https:\/\/www.purejewels.com\/#\/schema\/logo\/image\/"}}]}},"_links":{"self":[{"href":"https:\/\/www.purejewels.com\/tr\/wp-json\/wp\/v2\/product\/340844","targetHints":{"allow":["GET"]}}],"collection":[{"href":"https:\/\/www.purejewels.com\/tr\/wp-json\/wp\/v2\/product"}],"about":[{"href":"https:\/\/www.purejewels.com\/tr\/wp-json\/wp\/v2\/types\/product"}],"replies":[{"embeddable":true,"href":"https:\/\/www.purejewels.com\/tr\/wp-json\/wp\/v2\/comments?post=340844"}],"version-history":[{"count":5,"href":"https:\/\/www.purejewels.com\/tr\/wp-json\/wp\/v2\/product\/340844\/revisions"}],"predecessor-version":[{"id":425134,"href":"https:\/\/www.purejewels.com\/tr\/wp-json\/wp\/v2\/product\/340844\/revisions\/425134"}],"wp:featuredmedia":[{"embeddable":true,"href":"https:\/\/www.purejewels.com\/tr\/wp-json\/wp\/v2\/media\/340921"}],"wp:attachment":[{"href":"https:\/\/www.purejewels.com\/tr\/wp-json\/wp\/v2\/media?parent=340844"}],"wp:term":[{"taxonomy":"product_brand","embeddable":true,"href":"https:\/\/www.purejewels.com\/tr\/wp-json\/wp\/v2\/product_brand?post=340844"},{"taxonomy":"product_cat","embeddable":true,"href":"https:\/\/www.purejewels.com\/tr\/wp-json\/wp\/v2\/product_cat?post=340844"},{"taxonomy":"product_tag","embeddable":true,"href":"https:\/\/www.purejewels.com\/tr\/wp-json\/wp\/v2\/product_tag?post=340844"}],"curies":[{"name":"wp","href":"https:\/\/api.w.org\/{rel}","templated":true}]}}