{"id":340946,"date":"2022-12-05T06:42:23","date_gmt":"2022-12-05T06:42:23","guid":{"rendered":"https:\/\/www.purejewels.com\/?post_type=product&#038;p=340946"},"modified":"2023-03-29T06:18:38","modified_gmt":"2023-03-29T05:18:38","slug":"22-ayar-altin-boncuklu-halka-kupe-43827","status":"publish","type":"product","link":"https:\/\/www.purejewels.com\/tr\/product\/22ct-gold-beaded-hoop-earring-43827\/","title":{"rendered":"22 Ayar Alt\u0131n Boncuklu Halka K\u00fcpe"},"content":{"rendered":"<p><span data-offset-key=\"1e4a9-16-0\">Bunlar<\/span><span data-offset-key=\"1e4a9-17-0\"> g\u00fczel<\/span><span data-offset-key=\"1e4a9-18-0\"> \u00c7ember<\/span><span data-offset-key=\"1e4a9-19-0\"> kulak<\/span><span data-offset-key=\"1e4a9-20-0\"><a href=\"https:\/\/www.purejewels.com\/tr\/product-category\/22ct-gold-jewellery\/gold-rings\/\">halkalar<\/a><\/span><span data-offset-key=\"1e4a9-21-0\"> vard\u0131r<\/span><span data-offset-key=\"1e4a9-22-0\"> yap\u0131lm\u0131\u015f<\/span><span data-offset-key=\"1e4a9-23-0\"> ile<\/span><span data-offset-key=\"1e4a9-24-0\"> 22<\/span><span data-offset-key=\"1e4a9-25-0\">ct<\/span><span data-offset-key=\"1e4a9-26-0\"> alt\u0131n<\/span><span data-offset-key=\"1e4a9-27-0\"> ve<\/span><span data-offset-key=\"1e4a9-28-0\"> \u00f6zellik<\/span><span data-offset-key=\"1e4a9-29-0\"> a<\/span><span data-offset-key=\"1e4a9-30-0\"> olmak<\/span><span data-offset-key=\"1e4a9-31-0\">aded<\/span><span data-offset-key=\"1e4a9-32-0\"> Tasar\u0131m<\/span><span data-offset-key=\"1e4a9-33-0\">.<\/span><span data-offset-key=\"1e4a9-34-0\"> Onlar<\/span><span data-offset-key=\"1e4a9-35-0\"> vard\u0131r<\/span><span data-offset-key=\"1e4a9-36-0\"> ve<\/span><span data-offset-key=\"1e4a9-37-0\"> m\u00fckemmel<\/span><span data-offset-key=\"1e4a9-38-0\"> aksesuar<\/span><span data-offset-key=\"1e4a9-39-0\"> i\u00e7in<\/span><span data-offset-key=\"1e4a9-40-0\"> ekle<\/span><span data-offset-key=\"1e4a9-41-0\"> a<\/span><span data-offset-key=\"1e4a9-42-0\"> Dokunmak<\/span><span data-offset-key=\"1e4a9-43-0\"> .<\/span><span data-offset-key=\"1e4a9-44-0\"> glam<\/span><span data-offset-key=\"1e4a9-45-0\">bizim<\/span><span data-offset-key=\"1e4a9-46-0\"> i\u00e7in<\/span><span data-offset-key=\"1e4a9-47-0\"> herhangi bir<\/span><span data-offset-key=\"1e4a9-48-0\"> k\u0131yafet<\/span><span data-offset-key=\"1e4a9-49-0\"> ve<\/span><span data-offset-key=\"1e4a9-50-0\"> olur<\/span><span data-offset-key=\"1e4a9-51-0\"> yapmak<\/span><span data-offset-key=\"1e4a9-52-0\"> a<\/span><span data-offset-key=\"1e4a9-53-0\"> harika<\/span><span data-offset-key=\"1e4a9-54-0\"> Hediye<\/span><span data-offset-key=\"1e4a9-55-0\"> i\u00e7in<\/span><span data-offset-key=\"1e4a9-56-0\"> biri<\/span><span data-offset-key=\"1e4a9-57-0\"> \u00f6zel<\/span><span data-offset-key=\"1e4a9-58-0\">.<\/span><\/p>","protected":false},"excerpt":{"rendered":"<div class=\"woocommerce-product-details__short-description\">\n<table class=\"sh_desc\">\n<tbody>\n<tr>\n<td>K\u00fcpe T\u00fcr\u00fc<\/td>\n<td>Halka K\u00fcpe<\/td>\n<\/tr>\n<tr>\n<td>SKU<\/td>\n<td>43827<\/td>\n<\/tr>\n<tr>\n<td>A\u011f\u0131rl\u0131k<\/td>\n<td>5.3 Gms<\/td>\n<\/tr>\n<tr>\n<td>Metal<\/td>\n<td>22 Ayar Alt\u0131n<\/td>\n<\/tr>\n<tr>\n<td>Geni\u015flik<\/td>\n<td>25 mm<\/td>\n<\/tr>\n<tr>\n<td>\u00dccretler<\/td>\n<td>Teslimat ve KDV Dahil<\/td>\n<\/tr>\n<tr>\n<td>Paketleme<\/td>\n<td>Sunum Kutusu ile Birlikte Gelir<\/td>\n<\/tr>\n<tr>\n<td>Daha Fazla Bilgi<\/td>\n<td>M\u00fcsaitlik durumu ve daha fazla resim i\u00e7in bizimle canl\u0131 sohbet edin<\/td>\n<\/tr>\n<\/tbody>\n<\/table>\n<\/div>\n<div class=\"btn-atc atc-slide\"><\/div>\n<div class=\"product_meta\"><\/div>","protected":false},"featured_media":341487,"comment_status":"closed","ping_status":"closed","template":"","meta":{"_eb_attr":"","_crsspst_to_jayantr4sg-hostcom":false},"product_brand":[],"product_cat":[1791,1254,1579,1574,5349],"product_tag":[66],"class_list":{"0":"post-340946","1":"product","2":"type-product","3":"status-publish","4":"has-post-thumbnail","6":"product_cat-anniversary-gifts","7":"product_cat-gold-earrings","8":"product_cat-hoop-earrings","9":"product_cat-womens-jewellery","10":"product_cat-yellow-gold-jewellery","11":"product_tag-earrings","13":"first","14":"outofstock","15":"taxable","16":"shipping-taxable","17":"product-type-simple","18":"add-to-wishlist-before_image"},"yoast_head":"<!-- This site is optimized with the Yoast SEO plugin v27.3 - https:\/\/yoast.com\/product\/yoast-seo-wordpress\/ -->\n<title>22ct Gold Beaded Hoop Earrings - A Timeless Classic<\/title>\n<meta name=\"description\" content=\"Add a touch of elegance to any outfit with these 22ct gold beaded hoop earrings. Buy these Gold Beaded Hoop Earring Online from PureJewels!\" \/>\n<meta name=\"robots\" content=\"index, follow, max-snippet:-1, max-image-preview:large, max-video-preview:-1\" \/>\n<link rel=\"canonical\" href=\"https:\/\/www.purejewels.com\/tr\/urun\/22-ayar-altin-boncuklu-halka-kupe-43827\/\" \/>\n<meta property=\"og:locale\" content=\"tr_TR\" \/>\n<meta property=\"og:type\" content=\"article\" \/>\n<meta property=\"og:title\" content=\"22ct Gold Beaded Hoop Earrings - A Timeless Classic\" \/>\n<meta property=\"og:description\" content=\"Add a touch of elegance to any outfit with these 22ct gold beaded hoop earrings. Buy these Gold Beaded Hoop Earring Online from PureJewels!\" \/>\n<meta property=\"og:url\" content=\"https:\/\/www.purejewels.com\/tr\/urun\/22-ayar-altin-boncuklu-halka-kupe-43827\/\" \/>\n<meta property=\"og:site_name\" content=\"PureJewels UK\" \/>\n<meta property=\"article:modified_time\" content=\"2023-03-29T05:18:38+00:00\" \/>\n<meta property=\"og:image\" content=\"https:\/\/www.purejewels.com\/wp-content\/uploads\/2022\/11\/43827-1.jpg\" \/>\n\t<meta property=\"og:image:width\" content=\"1000\" \/>\n\t<meta property=\"og:image:height\" content=\"1000\" \/>\n\t<meta property=\"og:image:type\" content=\"image\/jpeg\" \/>\n<meta name=\"twitter:card\" content=\"summary_large_image\" \/>\n<script type=\"application\/ld+json\" class=\"yoast-schema-graph\">{\"@context\":\"https:\\\/\\\/schema.org\",\"@graph\":[{\"@type\":[\"WebPage\",\"ItemPage\"],\"@id\":\"https:\\\/\\\/www.purejewels.com\\\/product\\\/22ct-gold-beaded-hoop-earring-43827\\\/\",\"url\":\"https:\\\/\\\/www.purejewels.com\\\/product\\\/22ct-gold-beaded-hoop-earring-43827\\\/\",\"name\":\"22ct Gold Beaded Hoop Earrings - A Timeless Classic\",\"isPartOf\":{\"@id\":\"https:\\\/\\\/www.purejewels.com\\\/#website\"},\"primaryImageOfPage\":{\"@id\":\"https:\\\/\\\/www.purejewels.com\\\/product\\\/22ct-gold-beaded-hoop-earring-43827\\\/#primaryimage\"},\"image\":{\"@id\":\"https:\\\/\\\/www.purejewels.com\\\/product\\\/22ct-gold-beaded-hoop-earring-43827\\\/#primaryimage\"},\"thumbnailUrl\":\"https:\\\/\\\/static.purejewels.com\\\/wp-content\\\/uploads\\\/2022\\\/11\\\/43827-1.jpg\",\"datePublished\":\"2022-12-05T06:42:23+00:00\",\"dateModified\":\"2023-03-29T05:18:38+00:00\",\"description\":\"Add a touch of elegance to any outfit with these 22ct gold beaded hoop earrings. Buy these Gold Beaded Hoop Earring Online from PureJewels!\",\"breadcrumb\":{\"@id\":\"https:\\\/\\\/www.purejewels.com\\\/product\\\/22ct-gold-beaded-hoop-earring-43827\\\/#breadcrumb\"},\"inLanguage\":\"tr\",\"potentialAction\":[{\"@type\":\"ReadAction\",\"target\":[\"https:\\\/\\\/www.purejewels.com\\\/product\\\/22ct-gold-beaded-hoop-earring-43827\\\/\"]}]},{\"@type\":\"ImageObject\",\"inLanguage\":\"tr\",\"@id\":\"https:\\\/\\\/www.purejewels.com\\\/product\\\/22ct-gold-beaded-hoop-earring-43827\\\/#primaryimage\",\"url\":\"https:\\\/\\\/static.purejewels.com\\\/wp-content\\\/uploads\\\/2022\\\/11\\\/43827-1.jpg\",\"contentUrl\":\"https:\\\/\\\/static.purejewels.com\\\/wp-content\\\/uploads\\\/2022\\\/11\\\/43827-1.jpg\",\"width\":1000,\"height\":1000,\"caption\":\"22ct Gold Beaded Hoop Earring\"},{\"@type\":\"BreadcrumbList\",\"@id\":\"https:\\\/\\\/www.purejewels.com\\\/product\\\/22ct-gold-beaded-hoop-earring-43827\\\/#breadcrumb\",\"itemListElement\":[{\"@type\":\"ListItem\",\"position\":1,\"name\":\"Home\",\"item\":\"https:\\\/\\\/www.purejewels.com\\\/\"},{\"@type\":\"ListItem\",\"position\":2,\"name\":\"Shop\",\"item\":\"https:\\\/\\\/www.purejewels.com\\\/shop\\\/\"},{\"@type\":\"ListItem\",\"position\":3,\"name\":\"22ct Gold Beaded Hoop Earring\"}]},{\"@type\":\"WebSite\",\"@id\":\"https:\\\/\\\/www.purejewels.com\\\/#website\",\"url\":\"https:\\\/\\\/www.purejewels.com\\\/\",\"name\":\"PureJewels UK\",\"description\":\"Share the Love\",\"publisher\":{\"@id\":\"https:\\\/\\\/www.purejewels.com\\\/#organization\"},\"potentialAction\":[{\"@type\":\"SearchAction\",\"target\":{\"@type\":\"EntryPoint\",\"urlTemplate\":\"https:\\\/\\\/www.purejewels.com\\\/?s={search_term_string}\"},\"query-input\":{\"@type\":\"PropertyValueSpecification\",\"valueRequired\":true,\"valueName\":\"search_term_string\"}}],\"inLanguage\":\"tr\"},{\"@type\":\"Organization\",\"@id\":\"https:\\\/\\\/www.purejewels.com\\\/#organization\",\"name\":\"PureJewels UK\",\"url\":\"https:\\\/\\\/www.purejewels.com\\\/\",\"logo\":{\"@type\":\"ImageObject\",\"inLanguage\":\"tr\",\"@id\":\"https:\\\/\\\/www.purejewels.com\\\/#\\\/schema\\\/logo\\\/image\\\/\",\"url\":\"https:\\\/\\\/static.purejewels.com\\\/wp-content\\\/uploads\\\/2020\\\/11\\\/Logo-PJ-New-1.png\",\"contentUrl\":\"https:\\\/\\\/static.purejewels.com\\\/wp-content\\\/uploads\\\/2020\\\/11\\\/Logo-PJ-New-1.png\",\"width\":150,\"height\":80,\"caption\":\"PureJewels UK\"},\"image\":{\"@id\":\"https:\\\/\\\/www.purejewels.com\\\/#\\\/schema\\\/logo\\\/image\\\/\"}}]}<\/script>\n<!-- \/ Yoast SEO plugin. -->","yoast_head_json":{"title":"22 Ayar Alt\u0131n Boncuklu Halka K\u00fcpeler - Zamans\u0131z Bir Klasik","description":"Bu 22 ayar alt\u0131n boncuklu halka k\u00fcpelerle her k\u0131yafetinize \u015f\u0131kl\u0131k kat\u0131n. Bu Alt\u0131n Boncuklu Halka K\u00fcpeleri PureJewels'ten Online Sat\u0131n Al\u0131n!","robots":{"index":"index","follow":"follow","max-snippet":"max-snippet:-1","max-image-preview":"max-image-preview:large","max-video-preview":"max-video-preview:-1"},"canonical":"https:\/\/www.purejewels.com\/tr\/urun\/22-ayar-altin-boncuklu-halka-kupe-43827\/","og_locale":"tr_TR","og_type":"article","og_title":"22ct Gold Beaded Hoop Earrings - A Timeless Classic","og_description":"Add a touch of elegance to any outfit with these 22ct gold beaded hoop earrings. Buy these Gold Beaded Hoop Earring Online from PureJewels!","og_url":"https:\/\/www.purejewels.com\/tr\/urun\/22-ayar-altin-boncuklu-halka-kupe-43827\/","og_site_name":"PureJewels UK","article_modified_time":"2023-03-29T05:18:38+00:00","og_image":[{"width":1000,"height":1000,"url":"https:\/\/www.purejewels.com\/wp-content\/uploads\/2022\/11\/43827-1.jpg","type":"image\/jpeg"}],"twitter_card":"summary_large_image","schema":{"@context":"https:\/\/schema.org","@graph":[{"@type":["WebPage","ItemPage"],"@id":"https:\/\/www.purejewels.com\/product\/22ct-gold-beaded-hoop-earring-43827\/","url":"https:\/\/www.purejewels.com\/product\/22ct-gold-beaded-hoop-earring-43827\/","name":"22 Ayar Alt\u0131n Boncuklu Halka K\u00fcpeler - Zamans\u0131z Bir Klasik","isPartOf":{"@id":"https:\/\/www.purejewels.com\/#website"},"primaryImageOfPage":{"@id":"https:\/\/www.purejewels.com\/product\/22ct-gold-beaded-hoop-earring-43827\/#primaryimage"},"image":{"@id":"https:\/\/www.purejewels.com\/product\/22ct-gold-beaded-hoop-earring-43827\/#primaryimage"},"thumbnailUrl":"https:\/\/static.purejewels.com\/wp-content\/uploads\/2022\/11\/43827-1.jpg","datePublished":"2022-12-05T06:42:23+00:00","dateModified":"2023-03-29T05:18:38+00:00","description":"Bu 22 ayar alt\u0131n boncuklu halka k\u00fcpelerle her k\u0131yafetinize \u015f\u0131kl\u0131k kat\u0131n. Bu Alt\u0131n Boncuklu Halka K\u00fcpeleri PureJewels'ten Online Sat\u0131n Al\u0131n!","breadcrumb":{"@id":"https:\/\/www.purejewels.com\/product\/22ct-gold-beaded-hoop-earring-43827\/#breadcrumb"},"inLanguage":"tr","potentialAction":[{"@type":"ReadAction","target":["https:\/\/www.purejewels.com\/product\/22ct-gold-beaded-hoop-earring-43827\/"]}]},{"@type":"ImageObject","inLanguage":"tr","@id":"https:\/\/www.purejewels.com\/product\/22ct-gold-beaded-hoop-earring-43827\/#primaryimage","url":"https:\/\/static.purejewels.com\/wp-content\/uploads\/2022\/11\/43827-1.jpg","contentUrl":"https:\/\/static.purejewels.com\/wp-content\/uploads\/2022\/11\/43827-1.jpg","width":1000,"height":1000,"caption":"22ct Gold Beaded Hoop Earring"},{"@type":"BreadcrumbList","@id":"https:\/\/www.purejewels.com\/product\/22ct-gold-beaded-hoop-earring-43827\/#breadcrumb","itemListElement":[{"@type":"ListItem","position":1,"name":"Home","item":"https:\/\/www.purejewels.com\/"},{"@type":"ListItem","position":2,"name":"Shop","item":"https:\/\/www.purejewels.com\/shop\/"},{"@type":"ListItem","position":3,"name":"22ct Gold Beaded Hoop Earring"}]},{"@type":"WebSite","@id":"https:\/\/www.purejewels.com\/#website","url":"https:\/\/www.purejewels.com\/","name":"PureJewels \u0130ngiltere","description":"Sevgiyi Payla\u015f\u0131n","publisher":{"@id":"https:\/\/www.purejewels.com\/#organization"},"potentialAction":[{"@type":"SearchAction","target":{"@type":"EntryPoint","urlTemplate":"https:\/\/www.purejewels.com\/?s={search_term_string}"},"query-input":{"@type":"PropertyValueSpecification","valueRequired":true,"valueName":"search_term_string"}}],"inLanguage":"tr"},{"@type":"Organization","@id":"https:\/\/www.purejewels.com\/#organization","name":"PureJewels \u0130ngiltere","url":"https:\/\/www.purejewels.com\/","logo":{"@type":"ImageObject","inLanguage":"tr","@id":"https:\/\/www.purejewels.com\/#\/schema\/logo\/image\/","url":"https:\/\/static.purejewels.com\/wp-content\/uploads\/2020\/11\/Logo-PJ-New-1.png","contentUrl":"https:\/\/static.purejewels.com\/wp-content\/uploads\/2020\/11\/Logo-PJ-New-1.png","width":150,"height":80,"caption":"PureJewels UK"},"image":{"@id":"https:\/\/www.purejewels.com\/#\/schema\/logo\/image\/"}}]}},"_links":{"self":[{"href":"https:\/\/www.purejewels.com\/tr\/wp-json\/wp\/v2\/product\/340946","targetHints":{"allow":["GET"]}}],"collection":[{"href":"https:\/\/www.purejewels.com\/tr\/wp-json\/wp\/v2\/product"}],"about":[{"href":"https:\/\/www.purejewels.com\/tr\/wp-json\/wp\/v2\/types\/product"}],"replies":[{"embeddable":true,"href":"https:\/\/www.purejewels.com\/tr\/wp-json\/wp\/v2\/comments?post=340946"}],"version-history":[{"count":0,"href":"https:\/\/www.purejewels.com\/tr\/wp-json\/wp\/v2\/product\/340946\/revisions"}],"wp:featuredmedia":[{"embeddable":true,"href":"https:\/\/www.purejewels.com\/tr\/wp-json\/wp\/v2\/media\/341487"}],"wp:attachment":[{"href":"https:\/\/www.purejewels.com\/tr\/wp-json\/wp\/v2\/media?parent=340946"}],"wp:term":[{"taxonomy":"product_brand","embeddable":true,"href":"https:\/\/www.purejewels.com\/tr\/wp-json\/wp\/v2\/product_brand?post=340946"},{"taxonomy":"product_cat","embeddable":true,"href":"https:\/\/www.purejewels.com\/tr\/wp-json\/wp\/v2\/product_cat?post=340946"},{"taxonomy":"product_tag","embeddable":true,"href":"https:\/\/www.purejewels.com\/tr\/wp-json\/wp\/v2\/product_tag?post=340946"}],"curies":[{"name":"wp","href":"https:\/\/api.w.org\/{rel}","templated":true}]}}