{"id":340948,"date":"2022-12-05T06:55:41","date_gmt":"2022-12-05T06:55:41","guid":{"rendered":"https:\/\/www.purejewels.com\/?post_type=product&#038;p=340948"},"modified":"2022-12-06T14:40:30","modified_gmt":"2022-12-06T14:40:30","slug":"22-ayar-altin-boncuklu-bali-kupe-43826","status":"publish","type":"product","link":"https:\/\/www.purejewels.com\/tr\/product\/22ct-gold-beaded-bali-earring-43826\/","title":{"rendered":"22 Ayar Alt\u0131n Boncuklu Bali K\u00fcpe"},"content":{"rendered":"<p><span data-offset-key=\"3e0fn-16-0\">Ekle<\/span><span data-offset-key=\"3e0fn-17-0\"> a<\/span><span data-offset-key=\"3e0fn-18-0\"> Dokunmak<\/span><span data-offset-key=\"3e0fn-19-0\"> .<\/span><span data-offset-key=\"3e0fn-20-0\"> Zerafet<\/span><span data-offset-key=\"3e0fn-21-0\"> i\u00e7in<\/span><span data-offset-key=\"3e0fn-22-0\"> herhangi bir<\/span><span data-offset-key=\"3e0fn-23-0\"> k\u0131yafet<\/span><span data-offset-key=\"3e0fn-24-0\"> ile<\/span><span data-offset-key=\"3e0fn-25-0\"> bunlar<\/span><span data-offset-key=\"3e0fn-26-0\"> 22<\/span><span data-offset-key=\"3e0fn-27-0\">ct<\/span><span data-offset-key=\"3e0fn-28-0\"> alt\u0131n<\/span><span data-offset-key=\"3e0fn-29-0\"> olmak<\/span><span data-offset-key=\"3e0fn-30-0\">aded<\/span><span data-offset-key=\"3e0fn-31-0\"> \u00c7ember<\/span><span data-offset-key=\"3e0fn-32-0\"> kulak<\/span><span data-offset-key=\"3e0fn-33-0\"><a href=\"https:\/\/www.purejewels.com\/tr\/product-category\/22ct-gold-jewellery\/gold-rings\/\">halkalar<\/a><\/span><span data-offset-key=\"3e0fn-34-0\">.<\/span><span data-offset-key=\"3e0fn-35-0\"> Zanaat<\/span><span data-offset-key=\"3e0fn-36-0\">ed<\/span><span data-offset-key=\"3e0fn-37-0\"> gelen<\/span><span data-offset-key=\"3e0fn-38-0\"> y\u00fcksek<\/span><span data-offset-key=\"3e0fn-39-0\">\u2013<\/span><span data-offset-key=\"3e0fn-40-0\">Kalite<\/span><span data-offset-key=\"3e0fn-41-0\"> alt\u0131n<\/span><span data-offset-key=\"3e0fn-42-0\">,<\/span><span data-offset-key=\"3e0fn-43-0\"> bunlar<\/span><span data-offset-key=\"3e0fn-44-0\"> kulak<\/span><span data-offset-key=\"3e0fn-45-0\">halkalar<\/span><span data-offset-key=\"3e0fn-46-0\"> vard\u0131r<\/span><span data-offset-key=\"3e0fn-47-0\"> tasarlanm\u0131\u015f<\/span><span data-offset-key=\"3e0fn-48-0\"> i\u00e7in<\/span><span data-offset-key=\"3e0fn-49-0\"> son<\/span><span data-offset-key=\"3e0fn-50-0\">.<\/span><span data-offset-key=\"3e0fn-51-0\"> Bu<\/span><span data-offset-key=\"3e0fn-52-0\"> olmak<\/span><span data-offset-key=\"3e0fn-53-0\">aded<\/span><span data-offset-key=\"3e0fn-54-0\"> detayland\u0131rma<\/span><span data-offset-key=\"3e0fn-55-0\"> ekler<\/span><span data-offset-key=\"3e0fn-56-0\"> a<\/span><span data-offset-key=\"3e0fn-57-0\"> Dokunmak<\/span><span data-offset-key=\"3e0fn-58-0\"> .<\/span><span data-offset-key=\"3e0fn-59-0\"> l\u00fcks<\/span><span data-offset-key=\"3e0fn-60-0\">,<\/span><span data-offset-key=\"3e0fn-61-0\"> ise<\/span><span data-offset-key=\"3e0fn-62-0\"> ve<\/span><span data-offset-key=\"3e0fn-63-0\"> \u00c7ember<\/span><span data-offset-key=\"3e0fn-64-0\"> Tasar\u0131m<\/span><span data-offset-key=\"3e0fn-65-0\"> sa\u011flar<\/span><span data-offset-key=\"3e0fn-66-0\"> onlar<\/span><span data-offset-key=\"3e0fn-67-0\"> vard\u0131r<\/span><span data-offset-key=\"3e0fn-68-0\"> kolay<\/span><span data-offset-key=\"3e0fn-69-0\"> i\u00e7in<\/span><span data-offset-key=\"3e0fn-70-0\"> giymek<\/span><span data-offset-key=\"3e0fn-71-0\">.<\/span><span data-offset-key=\"3e0fn-72-0\"> Olup olmad\u0131\u011f\u0131<\/span><span data-offset-key=\"3e0fn-73-0\"> sen<\/span><span data-offset-key=\"3e0fn-74-0\"> vard\u0131r<\/span><span data-offset-key=\"3e0fn-75-0\"> giyinmek<\/span><span data-offset-key=\"3e0fn-76-0\"> yukar\u0131<\/span><span data-offset-key=\"3e0fn-77-0\"> i\u00e7in<\/span><span data-offset-key=\"3e0fn-78-0\"> a<\/span><span data-offset-key=\"3e0fn-79-0\"> \u00f6zel<\/span><span data-offset-key=\"3e0fn-80-0\"> f\u0131rsat<\/span><span data-offset-key=\"3e0fn-81-0\"> veya<\/span><span data-offset-key=\"3e0fn-82-0\"> basit\u00e7e<\/span><span data-offset-key=\"3e0fn-83-0\"> istiyorum<\/span><span data-offset-key=\"3e0fn-84-0\"> i\u00e7in<\/span><span data-offset-key=\"3e0fn-85-0\"> ekle<\/span><span data-offset-key=\"3e0fn-86-0\"> a<\/span><span data-offset-key=\"3e0fn-87-0\"> k\u00fc\u00e7\u00fck<\/span><span data-offset-key=\"3e0fn-88-0\"> bir \u015fey<\/span><span data-offset-key=\"3e0fn-89-0\"> ekstra<\/span><span data-offset-key=\"3e0fn-90-0\"> i\u00e7in<\/span><span data-offset-key=\"3e0fn-91-0\"> senin<\/span><span data-offset-key=\"3e0fn-92-0\"> her g\u00fcn<\/span><span data-offset-key=\"3e0fn-93-0\"> bak<\/span><span data-offset-key=\"3e0fn-94-0\">,<\/span><span data-offset-key=\"3e0fn-95-0\"> bunlar<\/span><span data-offset-key=\"3e0fn-96-0\"> kulak<\/span><span data-offset-key=\"3e0fn-97-0\">halkalar<\/span><span data-offset-key=\"3e0fn-98-0\"> vard\u0131r<\/span><span data-offset-key=\"3e0fn-99-0\"> a<\/span><span data-offset-key=\"3e0fn-100-0\"> harika<\/span><span data-offset-key=\"3e0fn-101-0\"> se\u00e7im<\/span><span data-offset-key=\"3e0fn-102-0\">.<\/span><\/p>","protected":false},"excerpt":{"rendered":"<div class=\"woocommerce-product-details__short-description\">\n<table class=\"sh_desc\">\n<tbody>\n<tr>\n<td>K\u00fcpe T\u00fcr\u00fc<\/td>\n<td>Halka K\u00fcpe<\/td>\n<\/tr>\n<tr>\n<td>SKU<\/td>\n<td>43826<\/td>\n<\/tr>\n<tr>\n<td>A\u011f\u0131rl\u0131k<\/td>\n<td>5.9 Gms<\/td>\n<\/tr>\n<tr>\n<td>Metal<\/td>\n<td>22 Ayar Alt\u0131n<\/td>\n<\/tr>\n<tr>\n<td>Geni\u015flik<\/td>\n<td>25 mm<\/td>\n<\/tr>\n<tr>\n<td>\u00dccretler<\/td>\n<td>Teslimat ve KDV Dahil<\/td>\n<\/tr>\n<tr>\n<td>Paketleme<\/td>\n<td>Sunum Kutusu ile Birlikte Gelir<\/td>\n<\/tr>\n<tr>\n<td>Daha Fazla Bilgi<\/td>\n<td>M\u00fcsaitlik durumu ve daha fazla resim i\u00e7in bizimle canl\u0131 sohbet edin<\/td>\n<\/tr>\n<\/tbody>\n<\/table>\n<\/div>\n<div class=\"btn-atc atc-slide\"><\/div>\n<div class=\"product_meta\"><\/div>","protected":false},"featured_media":341485,"comment_status":"closed","ping_status":"closed","template":"","meta":{"_eb_attr":"","_crsspst_to_jayantr4sg-hostcom":false},"product_brand":[],"product_cat":[1791,1254,1579,1574,5349],"product_tag":[66],"class_list":{"0":"post-340948","1":"product","2":"type-product","3":"status-publish","4":"has-post-thumbnail","6":"product_cat-anniversary-gifts","7":"product_cat-gold-earrings","8":"product_cat-hoop-earrings","9":"product_cat-womens-jewellery","10":"product_cat-yellow-gold-jewellery","11":"product_tag-earrings","13":"first","14":"outofstock","15":"taxable","16":"shipping-taxable","17":"product-type-simple","18":"add-to-wishlist-before_image"},"yoast_head":"<!-- This site is optimized with the Yoast SEO plugin v27.3 - https:\/\/yoast.com\/product\/yoast-seo-wordpress\/ -->\n<title>22ct Gold Hoop Earrings - The perfect finishing touch to any outfit!<\/title>\n<meta name=\"description\" content=\"This is a beautiful and unique pair of hoop earrings that any woman would love. They are made of solid 22ct gold and have a beaded design.\" \/>\n<meta name=\"robots\" content=\"index, follow, max-snippet:-1, max-image-preview:large, max-video-preview:-1\" \/>\n<link rel=\"canonical\" href=\"https:\/\/www.purejewels.com\/tr\/urun\/22-ayar-altin-boncuklu-bali-kupe-43826\/\" \/>\n<meta property=\"og:locale\" content=\"tr_TR\" \/>\n<meta property=\"og:type\" content=\"article\" \/>\n<meta property=\"og:title\" content=\"22ct Gold Hoop Earrings - The perfect finishing touch to any outfit!\" \/>\n<meta property=\"og:description\" content=\"This is a beautiful and unique pair of hoop earrings that any woman would love. They are made of solid 22ct gold and have a beaded design.\" \/>\n<meta property=\"og:url\" content=\"https:\/\/www.purejewels.com\/tr\/urun\/22-ayar-altin-boncuklu-bali-kupe-43826\/\" \/>\n<meta property=\"og:site_name\" content=\"PureJewels UK\" \/>\n<meta property=\"article:modified_time\" content=\"2022-12-06T14:40:30+00:00\" \/>\n<meta property=\"og:image\" content=\"https:\/\/www.purejewels.com\/wp-content\/uploads\/2022\/11\/43826-1.jpg\" \/>\n\t<meta property=\"og:image:width\" content=\"1000\" \/>\n\t<meta property=\"og:image:height\" content=\"1000\" \/>\n\t<meta property=\"og:image:type\" content=\"image\/jpeg\" \/>\n<meta name=\"twitter:card\" content=\"summary_large_image\" \/>\n<script type=\"application\/ld+json\" class=\"yoast-schema-graph\">{\"@context\":\"https:\\\/\\\/schema.org\",\"@graph\":[{\"@type\":[\"WebPage\",\"ItemPage\"],\"@id\":\"https:\\\/\\\/www.purejewels.com\\\/product\\\/22ct-gold-beaded-bali-earring-43826\\\/\",\"url\":\"https:\\\/\\\/www.purejewels.com\\\/product\\\/22ct-gold-beaded-bali-earring-43826\\\/\",\"name\":\"22ct Gold Hoop Earrings - The perfect finishing touch to any outfit!\",\"isPartOf\":{\"@id\":\"https:\\\/\\\/www.purejewels.com\\\/#website\"},\"primaryImageOfPage\":{\"@id\":\"https:\\\/\\\/www.purejewels.com\\\/product\\\/22ct-gold-beaded-bali-earring-43826\\\/#primaryimage\"},\"image\":{\"@id\":\"https:\\\/\\\/www.purejewels.com\\\/product\\\/22ct-gold-beaded-bali-earring-43826\\\/#primaryimage\"},\"thumbnailUrl\":\"https:\\\/\\\/static.purejewels.com\\\/wp-content\\\/uploads\\\/2022\\\/11\\\/43826-1.jpg\",\"datePublished\":\"2022-12-05T06:55:41+00:00\",\"dateModified\":\"2022-12-06T14:40:30+00:00\",\"description\":\"This is a beautiful and unique pair of hoop earrings that any woman would love. They are made of solid 22ct gold and have a beaded design.\",\"breadcrumb\":{\"@id\":\"https:\\\/\\\/www.purejewels.com\\\/product\\\/22ct-gold-beaded-bali-earring-43826\\\/#breadcrumb\"},\"inLanguage\":\"tr\",\"potentialAction\":[{\"@type\":\"ReadAction\",\"target\":[\"https:\\\/\\\/www.purejewels.com\\\/product\\\/22ct-gold-beaded-bali-earring-43826\\\/\"]}]},{\"@type\":\"ImageObject\",\"inLanguage\":\"tr\",\"@id\":\"https:\\\/\\\/www.purejewels.com\\\/product\\\/22ct-gold-beaded-bali-earring-43826\\\/#primaryimage\",\"url\":\"https:\\\/\\\/static.purejewels.com\\\/wp-content\\\/uploads\\\/2022\\\/11\\\/43826-1.jpg\",\"contentUrl\":\"https:\\\/\\\/static.purejewels.com\\\/wp-content\\\/uploads\\\/2022\\\/11\\\/43826-1.jpg\",\"width\":1000,\"height\":1000,\"caption\":\"22ct Gold Beaded Bali Earring\"},{\"@type\":\"BreadcrumbList\",\"@id\":\"https:\\\/\\\/www.purejewels.com\\\/product\\\/22ct-gold-beaded-bali-earring-43826\\\/#breadcrumb\",\"itemListElement\":[{\"@type\":\"ListItem\",\"position\":1,\"name\":\"Home\",\"item\":\"https:\\\/\\\/www.purejewels.com\\\/\"},{\"@type\":\"ListItem\",\"position\":2,\"name\":\"Shop\",\"item\":\"https:\\\/\\\/www.purejewels.com\\\/shop\\\/\"},{\"@type\":\"ListItem\",\"position\":3,\"name\":\"22ct Gold Beaded Bali Earring\"}]},{\"@type\":\"WebSite\",\"@id\":\"https:\\\/\\\/www.purejewels.com\\\/#website\",\"url\":\"https:\\\/\\\/www.purejewels.com\\\/\",\"name\":\"PureJewels UK\",\"description\":\"Share the Love\",\"publisher\":{\"@id\":\"https:\\\/\\\/www.purejewels.com\\\/#organization\"},\"potentialAction\":[{\"@type\":\"SearchAction\",\"target\":{\"@type\":\"EntryPoint\",\"urlTemplate\":\"https:\\\/\\\/www.purejewels.com\\\/?s={search_term_string}\"},\"query-input\":{\"@type\":\"PropertyValueSpecification\",\"valueRequired\":true,\"valueName\":\"search_term_string\"}}],\"inLanguage\":\"tr\"},{\"@type\":\"Organization\",\"@id\":\"https:\\\/\\\/www.purejewels.com\\\/#organization\",\"name\":\"PureJewels UK\",\"url\":\"https:\\\/\\\/www.purejewels.com\\\/\",\"logo\":{\"@type\":\"ImageObject\",\"inLanguage\":\"tr\",\"@id\":\"https:\\\/\\\/www.purejewels.com\\\/#\\\/schema\\\/logo\\\/image\\\/\",\"url\":\"https:\\\/\\\/static.purejewels.com\\\/wp-content\\\/uploads\\\/2020\\\/11\\\/Logo-PJ-New-1.png\",\"contentUrl\":\"https:\\\/\\\/static.purejewels.com\\\/wp-content\\\/uploads\\\/2020\\\/11\\\/Logo-PJ-New-1.png\",\"width\":150,\"height\":80,\"caption\":\"PureJewels UK\"},\"image\":{\"@id\":\"https:\\\/\\\/www.purejewels.com\\\/#\\\/schema\\\/logo\\\/image\\\/\"}}]}<\/script>\n<!-- \/ Yoast SEO plugin. -->","yoast_head_json":{"title":"22 Ayar Alt\u0131n Halka K\u00fcpeler - Her k\u0131yafet i\u00e7in m\u00fckemmel bir son dokunu\u015f!","description":"Bu, her kad\u0131n\u0131n sevece\u011fi g\u00fczel ve e\u015fsiz bir halka k\u00fcpe \u00e7ifti. Som 22 ayar alt\u0131ndan yap\u0131lm\u0131\u015ft\u0131r ve boncuklu bir tasar\u0131ma sahiptir.","robots":{"index":"index","follow":"follow","max-snippet":"max-snippet:-1","max-image-preview":"max-image-preview:large","max-video-preview":"max-video-preview:-1"},"canonical":"https:\/\/www.purejewels.com\/tr\/urun\/22-ayar-altin-boncuklu-bali-kupe-43826\/","og_locale":"tr_TR","og_type":"article","og_title":"22ct Gold Hoop Earrings - The perfect finishing touch to any outfit!","og_description":"This is a beautiful and unique pair of hoop earrings that any woman would love. They are made of solid 22ct gold and have a beaded design.","og_url":"https:\/\/www.purejewels.com\/tr\/urun\/22-ayar-altin-boncuklu-bali-kupe-43826\/","og_site_name":"PureJewels UK","article_modified_time":"2022-12-06T14:40:30+00:00","og_image":[{"width":1000,"height":1000,"url":"https:\/\/www.purejewels.com\/wp-content\/uploads\/2022\/11\/43826-1.jpg","type":"image\/jpeg"}],"twitter_card":"summary_large_image","schema":{"@context":"https:\/\/schema.org","@graph":[{"@type":["WebPage","ItemPage"],"@id":"https:\/\/www.purejewels.com\/product\/22ct-gold-beaded-bali-earring-43826\/","url":"https:\/\/www.purejewels.com\/product\/22ct-gold-beaded-bali-earring-43826\/","name":"22 Ayar Alt\u0131n Halka K\u00fcpeler - Her k\u0131yafet i\u00e7in m\u00fckemmel bir son dokunu\u015f!","isPartOf":{"@id":"https:\/\/www.purejewels.com\/#website"},"primaryImageOfPage":{"@id":"https:\/\/www.purejewels.com\/product\/22ct-gold-beaded-bali-earring-43826\/#primaryimage"},"image":{"@id":"https:\/\/www.purejewels.com\/product\/22ct-gold-beaded-bali-earring-43826\/#primaryimage"},"thumbnailUrl":"https:\/\/static.purejewels.com\/wp-content\/uploads\/2022\/11\/43826-1.jpg","datePublished":"2022-12-05T06:55:41+00:00","dateModified":"2022-12-06T14:40:30+00:00","description":"Bu, her kad\u0131n\u0131n sevece\u011fi g\u00fczel ve e\u015fsiz bir halka k\u00fcpe \u00e7ifti. Som 22 ayar alt\u0131ndan yap\u0131lm\u0131\u015ft\u0131r ve boncuklu bir tasar\u0131ma sahiptir.","breadcrumb":{"@id":"https:\/\/www.purejewels.com\/product\/22ct-gold-beaded-bali-earring-43826\/#breadcrumb"},"inLanguage":"tr","potentialAction":[{"@type":"ReadAction","target":["https:\/\/www.purejewels.com\/product\/22ct-gold-beaded-bali-earring-43826\/"]}]},{"@type":"ImageObject","inLanguage":"tr","@id":"https:\/\/www.purejewels.com\/product\/22ct-gold-beaded-bali-earring-43826\/#primaryimage","url":"https:\/\/static.purejewels.com\/wp-content\/uploads\/2022\/11\/43826-1.jpg","contentUrl":"https:\/\/static.purejewels.com\/wp-content\/uploads\/2022\/11\/43826-1.jpg","width":1000,"height":1000,"caption":"22ct Gold Beaded Bali Earring"},{"@type":"BreadcrumbList","@id":"https:\/\/www.purejewels.com\/product\/22ct-gold-beaded-bali-earring-43826\/#breadcrumb","itemListElement":[{"@type":"ListItem","position":1,"name":"Home","item":"https:\/\/www.purejewels.com\/"},{"@type":"ListItem","position":2,"name":"Shop","item":"https:\/\/www.purejewels.com\/shop\/"},{"@type":"ListItem","position":3,"name":"22ct Gold Beaded Bali Earring"}]},{"@type":"WebSite","@id":"https:\/\/www.purejewels.com\/#website","url":"https:\/\/www.purejewels.com\/","name":"PureJewels \u0130ngiltere","description":"Sevgiyi Payla\u015f\u0131n","publisher":{"@id":"https:\/\/www.purejewels.com\/#organization"},"potentialAction":[{"@type":"SearchAction","target":{"@type":"EntryPoint","urlTemplate":"https:\/\/www.purejewels.com\/?s={search_term_string}"},"query-input":{"@type":"PropertyValueSpecification","valueRequired":true,"valueName":"search_term_string"}}],"inLanguage":"tr"},{"@type":"Organization","@id":"https:\/\/www.purejewels.com\/#organization","name":"PureJewels \u0130ngiltere","url":"https:\/\/www.purejewels.com\/","logo":{"@type":"ImageObject","inLanguage":"tr","@id":"https:\/\/www.purejewels.com\/#\/schema\/logo\/image\/","url":"https:\/\/static.purejewels.com\/wp-content\/uploads\/2020\/11\/Logo-PJ-New-1.png","contentUrl":"https:\/\/static.purejewels.com\/wp-content\/uploads\/2020\/11\/Logo-PJ-New-1.png","width":150,"height":80,"caption":"PureJewels UK"},"image":{"@id":"https:\/\/www.purejewels.com\/#\/schema\/logo\/image\/"}}]}},"_links":{"self":[{"href":"https:\/\/www.purejewels.com\/tr\/wp-json\/wp\/v2\/product\/340948","targetHints":{"allow":["GET"]}}],"collection":[{"href":"https:\/\/www.purejewels.com\/tr\/wp-json\/wp\/v2\/product"}],"about":[{"href":"https:\/\/www.purejewels.com\/tr\/wp-json\/wp\/v2\/types\/product"}],"replies":[{"embeddable":true,"href":"https:\/\/www.purejewels.com\/tr\/wp-json\/wp\/v2\/comments?post=340948"}],"version-history":[{"count":0,"href":"https:\/\/www.purejewels.com\/tr\/wp-json\/wp\/v2\/product\/340948\/revisions"}],"wp:featuredmedia":[{"embeddable":true,"href":"https:\/\/www.purejewels.com\/tr\/wp-json\/wp\/v2\/media\/341485"}],"wp:attachment":[{"href":"https:\/\/www.purejewels.com\/tr\/wp-json\/wp\/v2\/media?parent=340948"}],"wp:term":[{"taxonomy":"product_brand","embeddable":true,"href":"https:\/\/www.purejewels.com\/tr\/wp-json\/wp\/v2\/product_brand?post=340948"},{"taxonomy":"product_cat","embeddable":true,"href":"https:\/\/www.purejewels.com\/tr\/wp-json\/wp\/v2\/product_cat?post=340948"},{"taxonomy":"product_tag","embeddable":true,"href":"https:\/\/www.purejewels.com\/tr\/wp-json\/wp\/v2\/product_tag?post=340948"}],"curies":[{"name":"wp","href":"https:\/\/api.w.org\/{rel}","templated":true}]}}