{"id":340952,"date":"2022-12-05T07:25:24","date_gmt":"2022-12-05T07:25:24","guid":{"rendered":"https:\/\/www.purejewels.com\/?post_type=product&#038;p=340952"},"modified":"2025-11-13T05:17:39","modified_gmt":"2025-11-13T05:17:39","slug":"22-ayar-altin-cicekli-saplama-43346","status":"publish","type":"product","link":"https:\/\/www.purejewels.com\/tr\/product\/22ct-gold-floral-stud-43346\/","title":{"rendered":"22 Ayar Alt\u0131n \u00c7i\u00e7ekli Saplama | Jali Koleksiyonlar\u0131"},"content":{"rendered":"<p>PureJewels UK'den bu 22 ayar alt\u0131n \u00e7i\u00e7ekli k\u00fcpelerin zamans\u0131z g\u00fczelli\u011fiyle kendinizi \u015f\u0131mart\u0131n. Zarif Jali Koleksiyonu'nun bir par\u00e7as\u0131 olan bu k\u00fcpeler ger\u00e7ek bir sanat eseridir. \u00c7i\u00e7ek motifinin karma\u015f\u0131k telkari tasar\u0131m\u0131, her k\u0131yafete zarafet ve sofistike bir dokunu\u015f katar.<\/p>\n<p>Y\u00fcksek kaliteli 22 ayar alt\u0131ndan \u00fcretilen bu saplama k\u00fcpeler hafif ve rahatt\u0131r. Saplama tasar\u0131m\u0131 g\u00fcvenli bir uyum sa\u011flar ve g\u00fcnl\u00fck kullan\u0131m veya \u00f6zel g\u00fcnler i\u00e7in m\u00fckemmeldir.<\/p>\n<p>Her bir k\u00fcpe \u00e7ifti sunum kutusunda g\u00fczel bir \u015fekilde paketlenmi\u015ftir ve sevdikleriniz i\u00e7in ideal bir hediye ya da kendiniz i\u00e7in \u00f6zel bir ikramd\u0131r.<\/p>\n<p>Bu \u00e7arp\u0131c\u0131 alt\u0131n \u00e7i\u00e7ekli k\u00fcpeleri koleksiyonunuza ekleme f\u0131rsat\u0131n\u0131 ka\u00e7\u0131rmay\u0131n. \u015eimdi sipari\u015f verin ve stilinizi l\u00fcks bir dokunu\u015fla y\u00fckseltin.<\/p>","protected":false},"excerpt":{"rendered":"<div class=\"woocommerce-product-details__short-description\">\n<table class=\"sh_desc\">\n<tbody>\n<tr>\n<td>K\u00fcpe T\u00fcr\u00fc<\/td>\n<td>Saplama K\u00fcpe<\/td>\n<\/tr>\n<tr>\n<td>SKU<\/td>\n<td>43346<\/td>\n<\/tr>\n<tr>\n<td>A\u011f\u0131rl\u0131k<\/td>\n<td>2.8 Gms<\/td>\n<\/tr>\n<tr>\n<td>Metal<\/td>\n<td>22 Ayar Alt\u0131n<\/td>\n<\/tr>\n<tr>\n<td>\u00dccretler<\/td>\n<td>Teslimat ve KDV Dahil<\/td>\n<\/tr>\n<tr>\n<td>Paketleme<\/td>\n<td>Sunum Kutusu ile Birlikte Gelir<\/td>\n<\/tr>\n<tr>\n<td>Daha Fazla Bilgi<\/td>\n<td>M\u00fcsaitlik durumu ve daha fazla resim i\u00e7in bizimle canl\u0131 sohbet edin<\/td>\n<\/tr>\n<\/tbody>\n<\/table>\n<\/div>\n<div class=\"btn-atc atc-slide\"><\/div>\n<div class=\"product_meta\"><\/div>","protected":false},"featured_media":341476,"comment_status":"closed","ping_status":"closed","template":"","meta":{"_eb_attr":"","_crsspst_to_jayantr4sg-hostcom":true},"product_brand":[],"product_cat":[1794,1793,1792,1790,1254,252,5344,5338,1577,1573,5349],"product_tag":[1430],"class_list":{"0":"post-340952","1":"product","2":"type-product","3":"status-publish","4":"has-post-thumbnail","6":"product_cat-christmas-gifts","7":"product_cat-diwali-gifts","8":"product_cat-festival-gifts","9":"product_cat-for-whom-when","10":"product_cat-gold-earrings","11":"product_cat-jali-collections","12":"product_cat-jewellery-under-750","13":"product_cat-shop-by-price","14":"product_cat-stud-earrings","15":"product_cat-wedding-gifts","16":"product_cat-yellow-gold-jewellery","17":"product_tag-diwali-gift","19":"first","20":"outofstock","21":"taxable","22":"shipping-taxable","23":"product-type-simple","24":"add-to-wishlist-before_image"},"yoast_head":"<!-- This site is optimized with the Yoast SEO plugin v27.3 - https:\/\/yoast.com\/product\/yoast-seo-wordpress\/ -->\n<title>22ct Gold Floral Stud Earrings | PureJewels UK<\/title>\n<meta name=\"description\" content=\"These exquisite 22ct Gold Floral Studs are the perfect way to add a touch of luxury to any outfit. Buy online these Earrings from PureJewels UK\" \/>\n<meta name=\"robots\" content=\"index, follow, max-snippet:-1, max-image-preview:large, max-video-preview:-1\" \/>\n<link rel=\"canonical\" href=\"https:\/\/www.purejewels.com\/tr\/urun\/22-ayar-altin-cicekli-saplama-43346\/\" \/>\n<meta property=\"og:locale\" content=\"tr_TR\" \/>\n<meta property=\"og:type\" content=\"article\" \/>\n<meta property=\"og:title\" content=\"22ct Gold Floral Stud Earrings | PureJewels UK\" \/>\n<meta property=\"og:description\" content=\"These exquisite 22ct Gold Floral Studs are the perfect way to add a touch of luxury to any outfit. Buy online these Earrings from PureJewels UK\" \/>\n<meta property=\"og:url\" content=\"https:\/\/www.purejewels.com\/tr\/urun\/22-ayar-altin-cicekli-saplama-43346\/\" \/>\n<meta property=\"og:site_name\" content=\"PureJewels UK\" \/>\n<meta property=\"article:modified_time\" content=\"2025-11-13T05:17:39+00:00\" \/>\n<meta property=\"og:image\" content=\"https:\/\/www.purejewels.com\/wp-content\/uploads\/2022\/11\/43346-1.jpg\" \/>\n\t<meta property=\"og:image:width\" content=\"1000\" \/>\n\t<meta property=\"og:image:height\" content=\"1000\" \/>\n\t<meta property=\"og:image:type\" content=\"image\/jpeg\" \/>\n<meta name=\"twitter:card\" content=\"summary_large_image\" \/>\n<meta name=\"twitter:label1\" content=\"Tahmini okuma s\u00fcresi\" \/>\n\t<meta name=\"twitter:data1\" content=\"1 dakika\" \/>\n<script type=\"application\/ld+json\" class=\"yoast-schema-graph\">{\"@context\":\"https:\\\/\\\/schema.org\",\"@graph\":[{\"@type\":[\"WebPage\",\"ItemPage\"],\"@id\":\"https:\\\/\\\/www.purejewels.com\\\/product\\\/22ct-gold-floral-stud-43346\\\/\",\"url\":\"https:\\\/\\\/www.purejewels.com\\\/product\\\/22ct-gold-floral-stud-43346\\\/\",\"name\":\"22ct Gold Floral Stud Earrings | PureJewels UK\",\"isPartOf\":{\"@id\":\"https:\\\/\\\/www.purejewels.com\\\/#website\"},\"primaryImageOfPage\":{\"@id\":\"https:\\\/\\\/www.purejewels.com\\\/product\\\/22ct-gold-floral-stud-43346\\\/#primaryimage\"},\"image\":{\"@id\":\"https:\\\/\\\/www.purejewels.com\\\/product\\\/22ct-gold-floral-stud-43346\\\/#primaryimage\"},\"thumbnailUrl\":\"https:\\\/\\\/static.purejewels.com\\\/wp-content\\\/uploads\\\/2022\\\/11\\\/43346-1.jpg\",\"datePublished\":\"2022-12-05T07:25:24+00:00\",\"dateModified\":\"2025-11-13T05:17:39+00:00\",\"description\":\"These exquisite 22ct Gold Floral Studs are the perfect way to add a touch of luxury to any outfit. Buy online these Earrings from PureJewels UK\",\"breadcrumb\":{\"@id\":\"https:\\\/\\\/www.purejewels.com\\\/product\\\/22ct-gold-floral-stud-43346\\\/#breadcrumb\"},\"inLanguage\":\"tr\",\"potentialAction\":[{\"@type\":\"ReadAction\",\"target\":[\"https:\\\/\\\/www.purejewels.com\\\/product\\\/22ct-gold-floral-stud-43346\\\/\"]}]},{\"@type\":\"ImageObject\",\"inLanguage\":\"tr\",\"@id\":\"https:\\\/\\\/www.purejewels.com\\\/product\\\/22ct-gold-floral-stud-43346\\\/#primaryimage\",\"url\":\"https:\\\/\\\/static.purejewels.com\\\/wp-content\\\/uploads\\\/2022\\\/11\\\/43346-1.jpg\",\"contentUrl\":\"https:\\\/\\\/static.purejewels.com\\\/wp-content\\\/uploads\\\/2022\\\/11\\\/43346-1.jpg\",\"width\":1000,\"height\":1000,\"caption\":\"22ct Gold Floral Stud | Jali Collections\"},{\"@type\":\"BreadcrumbList\",\"@id\":\"https:\\\/\\\/www.purejewels.com\\\/product\\\/22ct-gold-floral-stud-43346\\\/#breadcrumb\",\"itemListElement\":[{\"@type\":\"ListItem\",\"position\":1,\"name\":\"Home\",\"item\":\"https:\\\/\\\/www.purejewels.com\\\/\"},{\"@type\":\"ListItem\",\"position\":2,\"name\":\"Shop\",\"item\":\"https:\\\/\\\/www.purejewels.com\\\/shop\\\/\"},{\"@type\":\"ListItem\",\"position\":3,\"name\":\"22ct Gold Floral Stud | Jali Collections\"}]},{\"@type\":\"WebSite\",\"@id\":\"https:\\\/\\\/www.purejewels.com\\\/#website\",\"url\":\"https:\\\/\\\/www.purejewels.com\\\/\",\"name\":\"PureJewels UK\",\"description\":\"Share the Love\",\"publisher\":{\"@id\":\"https:\\\/\\\/www.purejewels.com\\\/#organization\"},\"potentialAction\":[{\"@type\":\"SearchAction\",\"target\":{\"@type\":\"EntryPoint\",\"urlTemplate\":\"https:\\\/\\\/www.purejewels.com\\\/?s={search_term_string}\"},\"query-input\":{\"@type\":\"PropertyValueSpecification\",\"valueRequired\":true,\"valueName\":\"search_term_string\"}}],\"inLanguage\":\"tr\"},{\"@type\":\"Organization\",\"@id\":\"https:\\\/\\\/www.purejewels.com\\\/#organization\",\"name\":\"PureJewels UK\",\"url\":\"https:\\\/\\\/www.purejewels.com\\\/\",\"logo\":{\"@type\":\"ImageObject\",\"inLanguage\":\"tr\",\"@id\":\"https:\\\/\\\/www.purejewels.com\\\/#\\\/schema\\\/logo\\\/image\\\/\",\"url\":\"https:\\\/\\\/static.purejewels.com\\\/wp-content\\\/uploads\\\/2020\\\/11\\\/Logo-PJ-New-1.png\",\"contentUrl\":\"https:\\\/\\\/static.purejewels.com\\\/wp-content\\\/uploads\\\/2020\\\/11\\\/Logo-PJ-New-1.png\",\"width\":150,\"height\":80,\"caption\":\"PureJewels UK\"},\"image\":{\"@id\":\"https:\\\/\\\/www.purejewels.com\\\/#\\\/schema\\\/logo\\\/image\\\/\"}}]}<\/script>\n<!-- \/ Yoast SEO plugin. -->","yoast_head_json":{"title":"22 Ayar Alt\u0131n \u00c7i\u00e7ekli Saplama K\u00fcpe | PureJewels UK","description":"Bu zarif 22 Ayar Alt\u0131n \u00c7i\u00e7ekli \u00c7\u0131t\u00e7\u0131tlar, her k\u0131yafete l\u00fcks bir dokunu\u015f katmak i\u00e7in m\u00fckemmel bir yoldur. Bu k\u00fcpeleri PureJewels UK'den online sat\u0131n al\u0131n","robots":{"index":"index","follow":"follow","max-snippet":"max-snippet:-1","max-image-preview":"max-image-preview:large","max-video-preview":"max-video-preview:-1"},"canonical":"https:\/\/www.purejewels.com\/tr\/urun\/22-ayar-altin-cicekli-saplama-43346\/","og_locale":"tr_TR","og_type":"article","og_title":"22ct Gold Floral Stud Earrings | PureJewels UK","og_description":"These exquisite 22ct Gold Floral Studs are the perfect way to add a touch of luxury to any outfit. Buy online these Earrings from PureJewels UK","og_url":"https:\/\/www.purejewels.com\/tr\/urun\/22-ayar-altin-cicekli-saplama-43346\/","og_site_name":"PureJewels UK","article_modified_time":"2025-11-13T05:17:39+00:00","og_image":[{"width":1000,"height":1000,"url":"https:\/\/www.purejewels.com\/wp-content\/uploads\/2022\/11\/43346-1.jpg","type":"image\/jpeg"}],"twitter_card":"summary_large_image","twitter_misc":{"Tahmini okuma s\u00fcresi":"1 dakika"},"schema":{"@context":"https:\/\/schema.org","@graph":[{"@type":["WebPage","ItemPage"],"@id":"https:\/\/www.purejewels.com\/product\/22ct-gold-floral-stud-43346\/","url":"https:\/\/www.purejewels.com\/product\/22ct-gold-floral-stud-43346\/","name":"22 Ayar Alt\u0131n \u00c7i\u00e7ekli Saplama K\u00fcpe | PureJewels UK","isPartOf":{"@id":"https:\/\/www.purejewels.com\/#website"},"primaryImageOfPage":{"@id":"https:\/\/www.purejewels.com\/product\/22ct-gold-floral-stud-43346\/#primaryimage"},"image":{"@id":"https:\/\/www.purejewels.com\/product\/22ct-gold-floral-stud-43346\/#primaryimage"},"thumbnailUrl":"https:\/\/static.purejewels.com\/wp-content\/uploads\/2022\/11\/43346-1.jpg","datePublished":"2022-12-05T07:25:24+00:00","dateModified":"2025-11-13T05:17:39+00:00","description":"Bu zarif 22 Ayar Alt\u0131n \u00c7i\u00e7ekli \u00c7\u0131t\u00e7\u0131tlar, her k\u0131yafete l\u00fcks bir dokunu\u015f katmak i\u00e7in m\u00fckemmel bir yoldur. Bu k\u00fcpeleri PureJewels UK'den online sat\u0131n al\u0131n","breadcrumb":{"@id":"https:\/\/www.purejewels.com\/product\/22ct-gold-floral-stud-43346\/#breadcrumb"},"inLanguage":"tr","potentialAction":[{"@type":"ReadAction","target":["https:\/\/www.purejewels.com\/product\/22ct-gold-floral-stud-43346\/"]}]},{"@type":"ImageObject","inLanguage":"tr","@id":"https:\/\/www.purejewels.com\/product\/22ct-gold-floral-stud-43346\/#primaryimage","url":"https:\/\/static.purejewels.com\/wp-content\/uploads\/2022\/11\/43346-1.jpg","contentUrl":"https:\/\/static.purejewels.com\/wp-content\/uploads\/2022\/11\/43346-1.jpg","width":1000,"height":1000,"caption":"22ct Gold Floral Stud | Jali Collections"},{"@type":"BreadcrumbList","@id":"https:\/\/www.purejewels.com\/product\/22ct-gold-floral-stud-43346\/#breadcrumb","itemListElement":[{"@type":"ListItem","position":1,"name":"Home","item":"https:\/\/www.purejewels.com\/"},{"@type":"ListItem","position":2,"name":"Shop","item":"https:\/\/www.purejewels.com\/shop\/"},{"@type":"ListItem","position":3,"name":"22ct Gold Floral Stud | Jali Collections"}]},{"@type":"WebSite","@id":"https:\/\/www.purejewels.com\/#website","url":"https:\/\/www.purejewels.com\/","name":"PureJewels \u0130ngiltere","description":"Sevgiyi Payla\u015f\u0131n","publisher":{"@id":"https:\/\/www.purejewels.com\/#organization"},"potentialAction":[{"@type":"SearchAction","target":{"@type":"EntryPoint","urlTemplate":"https:\/\/www.purejewels.com\/?s={search_term_string}"},"query-input":{"@type":"PropertyValueSpecification","valueRequired":true,"valueName":"search_term_string"}}],"inLanguage":"tr"},{"@type":"Organization","@id":"https:\/\/www.purejewels.com\/#organization","name":"PureJewels \u0130ngiltere","url":"https:\/\/www.purejewels.com\/","logo":{"@type":"ImageObject","inLanguage":"tr","@id":"https:\/\/www.purejewels.com\/#\/schema\/logo\/image\/","url":"https:\/\/static.purejewels.com\/wp-content\/uploads\/2020\/11\/Logo-PJ-New-1.png","contentUrl":"https:\/\/static.purejewels.com\/wp-content\/uploads\/2020\/11\/Logo-PJ-New-1.png","width":150,"height":80,"caption":"PureJewels UK"},"image":{"@id":"https:\/\/www.purejewels.com\/#\/schema\/logo\/image\/"}}]}},"_links":{"self":[{"href":"https:\/\/www.purejewels.com\/tr\/wp-json\/wp\/v2\/product\/340952","targetHints":{"allow":["GET"]}}],"collection":[{"href":"https:\/\/www.purejewels.com\/tr\/wp-json\/wp\/v2\/product"}],"about":[{"href":"https:\/\/www.purejewels.com\/tr\/wp-json\/wp\/v2\/types\/product"}],"replies":[{"embeddable":true,"href":"https:\/\/www.purejewels.com\/tr\/wp-json\/wp\/v2\/comments?post=340952"}],"version-history":[{"count":3,"href":"https:\/\/www.purejewels.com\/tr\/wp-json\/wp\/v2\/product\/340952\/revisions"}],"predecessor-version":[{"id":420941,"href":"https:\/\/www.purejewels.com\/tr\/wp-json\/wp\/v2\/product\/340952\/revisions\/420941"}],"wp:featuredmedia":[{"embeddable":true,"href":"https:\/\/www.purejewels.com\/tr\/wp-json\/wp\/v2\/media\/341476"}],"wp:attachment":[{"href":"https:\/\/www.purejewels.com\/tr\/wp-json\/wp\/v2\/media?parent=340952"}],"wp:term":[{"taxonomy":"product_brand","embeddable":true,"href":"https:\/\/www.purejewels.com\/tr\/wp-json\/wp\/v2\/product_brand?post=340952"},{"taxonomy":"product_cat","embeddable":true,"href":"https:\/\/www.purejewels.com\/tr\/wp-json\/wp\/v2\/product_cat?post=340952"},{"taxonomy":"product_tag","embeddable":true,"href":"https:\/\/www.purejewels.com\/tr\/wp-json\/wp\/v2\/product_tag?post=340952"}],"curies":[{"name":"wp","href":"https:\/\/api.w.org\/{rel}","templated":true}]}}