{"id":340987,"date":"2022-11-15T06:56:52","date_gmt":"2022-11-15T06:56:52","guid":{"rendered":"https:\/\/www.purejewels.com\/?post_type=product&#038;p=340987"},"modified":"2026-01-06T08:09:12","modified_gmt":"2026-01-06T08:09:12","slug":"bayanlar-icin-22-ayar-altin-fantezi-kolye-47098","status":"publish","type":"product","link":"https:\/\/www.purejewels.com\/tr\/product\/22ct-gold-fancy-pendant-for-ladies-47098\/","title":{"rendered":"Bayanlar \u0130\u00e7in 22 Ayar Alt\u0131n Fantezi Kolye"},"content":{"rendered":"<p>SKU: 47098<br \/>\nSeri Numaras\u0131: YGPN591<\/p>","protected":false},"excerpt":{"rendered":"<div class=\"woocommerce-product-details__short-description\">\n<p>&nbsp;<\/p>\n<table class=\"sh_desc\" style=\"width: 100%; height: 280px;\">\n<tbody>\n<tr style=\"height: 28px;\">\n<td style=\"height: 28px;\">Kolye Tipi<\/td>\n<td style=\"height: 28px;\">S\u00fcsl\u00fc Kolye<\/td>\n<\/tr>\n<tr style=\"height: 28px;\">\n<td style=\"height: 28px;\">SKU<\/td>\n<td style=\"height: 28px;\">47098<\/td>\n<\/tr>\n<tr style=\"height: 28px;\">\n<td style=\"height: 28px;\">A\u011f\u0131rl\u0131k<\/td>\n<td style=\"height: 28px;\">2 Gms<\/td>\n<\/tr>\n<tr style=\"height: 28px;\">\n<td style=\"height: 28px;\">Metal<\/td>\n<td style=\"height: 28px;\">22 Ayar Alt\u0131n<\/td>\n<\/tr>\n<tr style=\"height: 28px;\">\n<td style=\"height: 28px;\">\u00dccretler<\/td>\n<td style=\"height: 28px;\">Teslimat ve KDV Dahil<\/td>\n<\/tr>\n<tr style=\"height: 28px;\">\n<td style=\"height: 28px;\">Paketleme<\/td>\n<td style=\"height: 28px;\">Sunum Kutusu ile Birlikte Gelir<\/td>\n<\/tr>\n<tr style=\"height: 112px;\">\n<td style=\"height: 112px;\">Daha Fazla Bilgi<\/td>\n<td style=\"height: 112px;\">\n<ul>\n<li>Zincir dahil de\u011fildir<\/li>\n<li>Bizim ke\u015ffedin<strong>\u00a0Zincir<\/strong>\u00a0Koleksiyon<\/li>\n<li>M\u00fcsaitlik durumu ve daha fazla resim i\u00e7in bizimle canl\u0131 sohbet edin<\/li>\n<\/ul>\n<\/td>\n<\/tr>\n<\/tbody>\n<\/table>\n<\/div>\n<div class=\"btn-atc atc-slide\"><\/div>\n<div class=\"product_meta\"><\/div>","protected":false},"featured_media":356197,"comment_status":"closed","ping_status":"closed","template":"","meta":{"_eb_attr":"","_crsspst_to_jayantr4sg-hostcom":false},"product_brand":[],"product_cat":[1791,1559,1793,1770,1792,1790,1255,5344,1767,1574,5349],"product_tag":[],"class_list":{"0":"post-340987","1":"product","2":"type-product","3":"status-publish","4":"has-post-thumbnail","6":"product_cat-anniversary-gifts","7":"product_cat-birthday-gifts","8":"product_cat-diwali-gifts","9":"product_cat-fancy-pendants","10":"product_cat-festival-gifts","11":"product_cat-for-whom-when","12":"product_cat-gold-pendants","13":"product_cat-jewellery-under-750","14":"product_cat-ladies-pendants","15":"product_cat-womens-jewellery","16":"product_cat-yellow-gold-jewellery","18":"first","19":"outofstock","20":"taxable","21":"shipping-taxable","22":"product-type-simple","23":"add-to-wishlist-before_image"},"yoast_head":"<!-- This site is optimized with the Yoast SEO plugin v27.3 - https:\/\/yoast.com\/product\/yoast-seo-wordpress\/ -->\n<title>Beautiful 22ct Gold Pendant, Perfect for any Special Occasion<\/title>\n<meta name=\"description\" content=\"This beautiful Pendant for Valentines gift for women. It is made of 22 Carat\u00a0gold. Shop this pendant online today! | Free Delivery in the UK.\" \/>\n<meta name=\"robots\" content=\"index, follow, max-snippet:-1, max-image-preview:large, max-video-preview:-1\" \/>\n<link rel=\"canonical\" href=\"https:\/\/www.purejewels.com\/tr\/urun\/bayanlar-icin-22-ayar-altin-fantezi-kolye-47098\/\" \/>\n<meta property=\"og:locale\" content=\"tr_TR\" \/>\n<meta property=\"og:type\" content=\"article\" \/>\n<meta property=\"og:title\" content=\"Beautiful 22ct Gold Pendant, Perfect for any Special Occasion\" \/>\n<meta property=\"og:description\" content=\"This beautiful Pendant for Valentines gift for women. It is made of 22 Carat\u00a0gold. Shop this pendant online today! | Free Delivery in the UK.\" \/>\n<meta property=\"og:url\" content=\"https:\/\/www.purejewels.com\/tr\/urun\/bayanlar-icin-22-ayar-altin-fantezi-kolye-47098\/\" \/>\n<meta property=\"og:site_name\" content=\"PureJewels UK\" \/>\n<meta property=\"article:modified_time\" content=\"2026-01-06T08:09:12+00:00\" \/>\n<meta property=\"og:image\" content=\"https:\/\/www.purejewels.com\/wp-content\/uploads\/2022\/11\/47098.jpg\" \/>\n\t<meta property=\"og:image:width\" content=\"1000\" \/>\n\t<meta property=\"og:image:height\" content=\"1000\" \/>\n\t<meta property=\"og:image:type\" content=\"image\/jpeg\" \/>\n<meta name=\"twitter:card\" content=\"summary_large_image\" \/>\n<meta name=\"twitter:label1\" content=\"Tahmini okuma s\u00fcresi\" \/>\n\t<meta name=\"twitter:data1\" content=\"1 dakika\" \/>\n<script type=\"application\/ld+json\" class=\"yoast-schema-graph\">{\"@context\":\"https:\\\/\\\/schema.org\",\"@graph\":[{\"@type\":[\"WebPage\",\"ItemPage\"],\"@id\":\"https:\\\/\\\/www.purejewels.com\\\/product\\\/22ct-gold-fancy-pendant-for-ladies-47098\\\/\",\"url\":\"https:\\\/\\\/www.purejewels.com\\\/product\\\/22ct-gold-fancy-pendant-for-ladies-47098\\\/\",\"name\":\"Beautiful 22ct Gold Pendant, Perfect for any Special Occasion\",\"isPartOf\":{\"@id\":\"https:\\\/\\\/www.purejewels.com\\\/#website\"},\"primaryImageOfPage\":{\"@id\":\"https:\\\/\\\/www.purejewels.com\\\/product\\\/22ct-gold-fancy-pendant-for-ladies-47098\\\/#primaryimage\"},\"image\":{\"@id\":\"https:\\\/\\\/www.purejewels.com\\\/product\\\/22ct-gold-fancy-pendant-for-ladies-47098\\\/#primaryimage\"},\"thumbnailUrl\":\"https:\\\/\\\/static.purejewels.com\\\/wp-content\\\/uploads\\\/2022\\\/11\\\/47098.jpg\",\"datePublished\":\"2022-11-15T06:56:52+00:00\",\"dateModified\":\"2026-01-06T08:09:12+00:00\",\"description\":\"This beautiful Pendant for Valentines gift for women. It is made of 22 Carat\u00a0gold. Shop this pendant online today! | Free Delivery in the UK.\",\"breadcrumb\":{\"@id\":\"https:\\\/\\\/www.purejewels.com\\\/product\\\/22ct-gold-fancy-pendant-for-ladies-47098\\\/#breadcrumb\"},\"inLanguage\":\"tr\",\"potentialAction\":[{\"@type\":\"ReadAction\",\"target\":[\"https:\\\/\\\/www.purejewels.com\\\/product\\\/22ct-gold-fancy-pendant-for-ladies-47098\\\/\"]}]},{\"@type\":\"ImageObject\",\"inLanguage\":\"tr\",\"@id\":\"https:\\\/\\\/www.purejewels.com\\\/product\\\/22ct-gold-fancy-pendant-for-ladies-47098\\\/#primaryimage\",\"url\":\"https:\\\/\\\/static.purejewels.com\\\/wp-content\\\/uploads\\\/2022\\\/11\\\/47098.jpg\",\"contentUrl\":\"https:\\\/\\\/static.purejewels.com\\\/wp-content\\\/uploads\\\/2022\\\/11\\\/47098.jpg\",\"width\":1000,\"height\":1000,\"caption\":\"22ct Gold Pendant\"},{\"@type\":\"BreadcrumbList\",\"@id\":\"https:\\\/\\\/www.purejewels.com\\\/product\\\/22ct-gold-fancy-pendant-for-ladies-47098\\\/#breadcrumb\",\"itemListElement\":[{\"@type\":\"ListItem\",\"position\":1,\"name\":\"Home\",\"item\":\"https:\\\/\\\/www.purejewels.com\\\/\"},{\"@type\":\"ListItem\",\"position\":2,\"name\":\"Shop\",\"item\":\"https:\\\/\\\/www.purejewels.com\\\/shop\\\/\"},{\"@type\":\"ListItem\",\"position\":3,\"name\":\"22ct Gold Fancy Pendant For Ladies\"}]},{\"@type\":\"WebSite\",\"@id\":\"https:\\\/\\\/www.purejewels.com\\\/#website\",\"url\":\"https:\\\/\\\/www.purejewels.com\\\/\",\"name\":\"PureJewels UK\",\"description\":\"Share the Love\",\"publisher\":{\"@id\":\"https:\\\/\\\/www.purejewels.com\\\/#organization\"},\"potentialAction\":[{\"@type\":\"SearchAction\",\"target\":{\"@type\":\"EntryPoint\",\"urlTemplate\":\"https:\\\/\\\/www.purejewels.com\\\/?s={search_term_string}\"},\"query-input\":{\"@type\":\"PropertyValueSpecification\",\"valueRequired\":true,\"valueName\":\"search_term_string\"}}],\"inLanguage\":\"tr\"},{\"@type\":\"Organization\",\"@id\":\"https:\\\/\\\/www.purejewels.com\\\/#organization\",\"name\":\"PureJewels UK\",\"url\":\"https:\\\/\\\/www.purejewels.com\\\/\",\"logo\":{\"@type\":\"ImageObject\",\"inLanguage\":\"tr\",\"@id\":\"https:\\\/\\\/www.purejewels.com\\\/#\\\/schema\\\/logo\\\/image\\\/\",\"url\":\"https:\\\/\\\/static.purejewels.com\\\/wp-content\\\/uploads\\\/2020\\\/11\\\/Logo-PJ-New-1.png\",\"contentUrl\":\"https:\\\/\\\/static.purejewels.com\\\/wp-content\\\/uploads\\\/2020\\\/11\\\/Logo-PJ-New-1.png\",\"width\":150,\"height\":80,\"caption\":\"PureJewels UK\"},\"image\":{\"@id\":\"https:\\\/\\\/www.purejewels.com\\\/#\\\/schema\\\/logo\\\/image\\\/\"}}]}<\/script>\n<!-- \/ Yoast SEO plugin. -->","yoast_head_json":{"title":"G\u00fczel 22 Ayar Alt\u0131n Kolye, \u00d6zel G\u00fcnler i\u00e7in M\u00fckemmel","description":"Kad\u0131nlar i\u00e7in Sevgililer G\u00fcn\u00fc hediyesi olarak bu g\u00fczel kolye ucu. 22 Karat alt\u0131ndan yap\u0131lm\u0131\u015ft\u0131r. Bu kolyeyi bug\u00fcn online sat\u0131n al\u0131n! | Birle\u015fik Krall\u0131k'ta \u00dccretsiz Teslimat.","robots":{"index":"index","follow":"follow","max-snippet":"max-snippet:-1","max-image-preview":"max-image-preview:large","max-video-preview":"max-video-preview:-1"},"canonical":"https:\/\/www.purejewels.com\/tr\/urun\/bayanlar-icin-22-ayar-altin-fantezi-kolye-47098\/","og_locale":"tr_TR","og_type":"article","og_title":"Beautiful 22ct Gold Pendant, Perfect for any Special Occasion","og_description":"This beautiful Pendant for Valentines gift for women. It is made of 22 Carat\u00a0gold. Shop this pendant online today! | Free Delivery in the UK.","og_url":"https:\/\/www.purejewels.com\/tr\/urun\/bayanlar-icin-22-ayar-altin-fantezi-kolye-47098\/","og_site_name":"PureJewels UK","article_modified_time":"2026-01-06T08:09:12+00:00","og_image":[{"width":1000,"height":1000,"url":"https:\/\/www.purejewels.com\/wp-content\/uploads\/2022\/11\/47098.jpg","type":"image\/jpeg"}],"twitter_card":"summary_large_image","twitter_misc":{"Tahmini okuma s\u00fcresi":"1 dakika"},"schema":{"@context":"https:\/\/schema.org","@graph":[{"@type":["WebPage","ItemPage"],"@id":"https:\/\/www.purejewels.com\/product\/22ct-gold-fancy-pendant-for-ladies-47098\/","url":"https:\/\/www.purejewels.com\/product\/22ct-gold-fancy-pendant-for-ladies-47098\/","name":"G\u00fczel 22 Ayar Alt\u0131n Kolye, \u00d6zel G\u00fcnler i\u00e7in M\u00fckemmel","isPartOf":{"@id":"https:\/\/www.purejewels.com\/#website"},"primaryImageOfPage":{"@id":"https:\/\/www.purejewels.com\/product\/22ct-gold-fancy-pendant-for-ladies-47098\/#primaryimage"},"image":{"@id":"https:\/\/www.purejewels.com\/product\/22ct-gold-fancy-pendant-for-ladies-47098\/#primaryimage"},"thumbnailUrl":"https:\/\/static.purejewels.com\/wp-content\/uploads\/2022\/11\/47098.jpg","datePublished":"2022-11-15T06:56:52+00:00","dateModified":"2026-01-06T08:09:12+00:00","description":"Kad\u0131nlar i\u00e7in Sevgililer G\u00fcn\u00fc hediyesi olarak bu g\u00fczel kolye ucu. 22 Karat alt\u0131ndan yap\u0131lm\u0131\u015ft\u0131r. Bu kolyeyi bug\u00fcn online sat\u0131n al\u0131n! | Birle\u015fik Krall\u0131k'ta \u00dccretsiz Teslimat.","breadcrumb":{"@id":"https:\/\/www.purejewels.com\/product\/22ct-gold-fancy-pendant-for-ladies-47098\/#breadcrumb"},"inLanguage":"tr","potentialAction":[{"@type":"ReadAction","target":["https:\/\/www.purejewels.com\/product\/22ct-gold-fancy-pendant-for-ladies-47098\/"]}]},{"@type":"ImageObject","inLanguage":"tr","@id":"https:\/\/www.purejewels.com\/product\/22ct-gold-fancy-pendant-for-ladies-47098\/#primaryimage","url":"https:\/\/static.purejewels.com\/wp-content\/uploads\/2022\/11\/47098.jpg","contentUrl":"https:\/\/static.purejewels.com\/wp-content\/uploads\/2022\/11\/47098.jpg","width":1000,"height":1000,"caption":"22ct Gold Pendant"},{"@type":"BreadcrumbList","@id":"https:\/\/www.purejewels.com\/product\/22ct-gold-fancy-pendant-for-ladies-47098\/#breadcrumb","itemListElement":[{"@type":"ListItem","position":1,"name":"Home","item":"https:\/\/www.purejewels.com\/"},{"@type":"ListItem","position":2,"name":"Shop","item":"https:\/\/www.purejewels.com\/shop\/"},{"@type":"ListItem","position":3,"name":"22ct Gold Fancy Pendant For Ladies"}]},{"@type":"WebSite","@id":"https:\/\/www.purejewels.com\/#website","url":"https:\/\/www.purejewels.com\/","name":"PureJewels \u0130ngiltere","description":"Sevgiyi Payla\u015f\u0131n","publisher":{"@id":"https:\/\/www.purejewels.com\/#organization"},"potentialAction":[{"@type":"SearchAction","target":{"@type":"EntryPoint","urlTemplate":"https:\/\/www.purejewels.com\/?s={search_term_string}"},"query-input":{"@type":"PropertyValueSpecification","valueRequired":true,"valueName":"search_term_string"}}],"inLanguage":"tr"},{"@type":"Organization","@id":"https:\/\/www.purejewels.com\/#organization","name":"PureJewels \u0130ngiltere","url":"https:\/\/www.purejewels.com\/","logo":{"@type":"ImageObject","inLanguage":"tr","@id":"https:\/\/www.purejewels.com\/#\/schema\/logo\/image\/","url":"https:\/\/static.purejewels.com\/wp-content\/uploads\/2020\/11\/Logo-PJ-New-1.png","contentUrl":"https:\/\/static.purejewels.com\/wp-content\/uploads\/2020\/11\/Logo-PJ-New-1.png","width":150,"height":80,"caption":"PureJewels UK"},"image":{"@id":"https:\/\/www.purejewels.com\/#\/schema\/logo\/image\/"}}]}},"_links":{"self":[{"href":"https:\/\/www.purejewels.com\/tr\/wp-json\/wp\/v2\/product\/340987","targetHints":{"allow":["GET"]}}],"collection":[{"href":"https:\/\/www.purejewels.com\/tr\/wp-json\/wp\/v2\/product"}],"about":[{"href":"https:\/\/www.purejewels.com\/tr\/wp-json\/wp\/v2\/types\/product"}],"replies":[{"embeddable":true,"href":"https:\/\/www.purejewels.com\/tr\/wp-json\/wp\/v2\/comments?post=340987"}],"version-history":[{"count":0,"href":"https:\/\/www.purejewels.com\/tr\/wp-json\/wp\/v2\/product\/340987\/revisions"}],"wp:featuredmedia":[{"embeddable":true,"href":"https:\/\/www.purejewels.com\/tr\/wp-json\/wp\/v2\/media\/356197"}],"wp:attachment":[{"href":"https:\/\/www.purejewels.com\/tr\/wp-json\/wp\/v2\/media?parent=340987"}],"wp:term":[{"taxonomy":"product_brand","embeddable":true,"href":"https:\/\/www.purejewels.com\/tr\/wp-json\/wp\/v2\/product_brand?post=340987"},{"taxonomy":"product_cat","embeddable":true,"href":"https:\/\/www.purejewels.com\/tr\/wp-json\/wp\/v2\/product_cat?post=340987"},{"taxonomy":"product_tag","embeddable":true,"href":"https:\/\/www.purejewels.com\/tr\/wp-json\/wp\/v2\/product_tag?post=340987"}],"curies":[{"name":"wp","href":"https:\/\/api.w.org\/{rel}","templated":true}]}}