{"id":341051,"date":"2025-01-27T10:30:38","date_gmt":"2025-01-27T10:30:38","guid":{"rendered":"https:\/\/www.purejewels.com\/?post_type=product&#038;p=341051"},"modified":"2026-03-30T05:52:40","modified_gmt":"2026-03-30T04:52:40","slug":"22-ayar-sunrise-altin-bas-harf-n-kolye-ucu-50624","status":"publish","type":"product","link":"https:\/\/www.purejewels.com\/tr\/product\/22ct-sunrise-gold-initial-n-pendant-necklace-50624\/","title":{"rendered":"22 Ayar G\u00fcndo\u011fumu Alt\u0131n Ba\u015f Harfi N Kolye | Unisex"},"content":{"rendered":"<h4 data-start=\"376\" data-end=\"401\"><strong data-start=\"381\" data-end=\"399\">Tasar\u0131m Konsepti<\/strong><\/h4>\n<p data-start=\"402\" data-end=\"769\">Ba\u015f Harfi \u201cN\u201d Kolye, ki\u015fisel kimli\u011fe ve anlaml\u0131 ba\u011flara zarif bir \u00f6vg\u00fcd\u00fcr. G\u00fcn Do\u011fumu Alt\u0131n\u0131n\u0131n \u0131\u015f\u0131lt\u0131l\u0131 parlakl\u0131\u011f\u0131yla birle\u015fen unisex tasar\u0131m\u0131, bu kolyeyi mevsimleri ve tarzlar\u0131 a\u015fan bir par\u00e7a haline getiriyor. \u0130ster bir ismi, ister bir an\u0131y\u0131 ya da bir d\u00f6n\u00fcm noktas\u0131n\u0131 i\u015faretlemek i\u00e7in tak\u0131ls\u0131n, bu kolye hikayenizin bir par\u00e7as\u0131 haline gelir - sessiz, g\u00fc\u00e7l\u00fc ve son derece ki\u015fisel.<\/p>\n<h4 data-start=\"771\" data-end=\"795\"><strong data-start=\"776\" data-end=\"793\">Zanaatkarl\u0131k<\/strong><\/h4>\n<p data-start=\"796\" data-end=\"1176\">PureJewels'e \u00f6zel s\u0131cak tonlu bir ala\u015f\u0131m olan 22 ayar Sunrise Alt\u0131ndan \u00fcretilen kolye ucu, ince bir \u015fekilde parlat\u0131lm\u0131\u015f ve 16 in\u00e7lik uyumlu bir zincire as\u0131lm\u0131\u015ft\u0131r. 4 gram a\u011f\u0131rl\u0131\u011f\u0131yla ince ama fark edilir bir a\u011f\u0131rl\u0131\u011fa sahiptir ve hem g\u00fcnl\u00fck kullan\u0131m hem de \u00f6zel anlar i\u00e7in rahatl\u0131k sa\u011flar. Londra Assay Ofisi taraf\u0131ndan damgalanan her bir kolye, kal\u0131c\u0131 safl\u0131\u011f\u0131n ve g\u00fcvenin i\u015faretidir.<\/p>\n<h4 data-start=\"1429\" data-end=\"1459\"><strong data-start=\"1434\" data-end=\"1457\">Stil \u0130lham\u0131<\/strong><\/h4>\n<ul>\n<li data-start=\"1462\" data-end=\"1545\">G\u00fcnl\u00fck \u0130mza: Sade bir \u015f\u0131kl\u0131k i\u00e7in n\u00f6tr tonlarla tek ba\u015f\u0131na kullan\u0131n.<\/li>\n<li data-start=\"1548\" data-end=\"1661\">\u0130fade Katmanlama: Modern ve katmanl\u0131 bir g\u00f6r\u00fcn\u00fcm i\u00e7in di\u011fer ba\u015f harflerle, do\u011fum ta\u015flar\u0131yla veya ince bir gerdanl\u0131kla stilize edin.<\/li>\n<li data-start=\"1664\" data-end=\"1771\">Anlaml\u0131 Hediye: Do\u011fum g\u00fcnleri, Noel veya \u00f6zel bir \u2018seni d\u00fc\u015f\u00fcn\u00fcyorum\u2019 an\u0131 i\u00e7in de\u011ferli bir se\u00e7im.<\/li>\n<\/ul>","protected":false},"excerpt":{"rendered":"<table class=\"sh_desc\" style=\"width: 100%; height: 336px;\">\n<tbody>\n<tr style=\"height: 28px;\">\n<td style=\"height: 28px;\">Kolye Tipi<\/td>\n<td style=\"height: 28px;\">Ba\u015f Harf Kolye<\/td>\n<\/tr>\n<tr style=\"height: 28px;\">\n<td style=\"height: 28px;\">SKU<\/td>\n<td style=\"height: 28px;\">50624<\/td>\n<\/tr>\n<tr style=\"height: 28px;\">\n<td style=\"height: 28px;\">A\u011f\u0131rl\u0131k<\/td>\n<td style=\"height: 28px;\">4 Gms<\/td>\n<\/tr>\n<tr style=\"height: 28px;\">\n<td style=\"height: 28px;\">Metal<\/td>\n<td style=\"height: 28px;\">22 Ayar G\u00fcndo\u011fumu Alt\u0131n<\/td>\n<\/tr>\n<tr style=\"height: 28px;\">\n<td style=\"height: 28px;\">Uzunluk<\/td>\n<td style=\"height: 28px;\">16 \u0130n\u00e7<\/td>\n<\/tr>\n<tr style=\"height: 28px;\">\n<td style=\"height: 28px;\">\u00dccretler<\/td>\n<td style=\"height: 28px;\">Teslimat ve KDV Dahil<\/td>\n<\/tr>\n<tr style=\"height: 28px;\">\n<td style=\"height: 28px;\">Paketleme<\/td>\n<td style=\"height: 28px;\">Sunum Kutusu ile Birlikte Gelir<\/td>\n<\/tr>\n<tr style=\"height: 112px;\">\n<td style=\"height: 112px;\">Daha Fazla Bilgi<\/td>\n<td style=\"height: 112px;\">M\u00fcsaitlik durumu ve daha fazla resim i\u00e7in bizimle canl\u0131 sohbet edin<\/td>\n<\/tr>\n<\/tbody>\n<\/table>","protected":false},"featured_media":385958,"comment_status":"closed","ping_status":"closed","template":"","meta":{"_eb_attr":"","_crsspst_to_jayantr4sg-hostcom":false},"product_brand":[],"product_cat":[1559,1576,1794,1229,1253,5346,1255,6122,5598,5347,5906,5908,6120,1778,1575,1569,1574,5349],"product_tag":[1430],"class_list":{"0":"post-341051","1":"product","2":"type-product","3":"status-publish","4":"has-post-thumbnail","6":"product_cat-birthday-gifts","7":"product_cat-childrens-jewellery","8":"product_cat-christmas-gifts","9":"product_cat-22ct-gold-jewellery","10":"product_cat-gold-necklaces","11":"product_cat-gold-pendant-necklace","12":"product_cat-gold-pendants","13":"product_cat-initial","14":"product_cat-initial-pendant","15":"product_cat-shop-by-metal","16":"product_cat-personalised-jewellery","17":"product_cat-personalised-necklace","18":"product_cat-shop-by-style","19":"product_cat-short-necklaces","20":"product_cat-teenage-jewellery","21":"product_cat-valentine-day-gifts","22":"product_cat-womens-jewellery","23":"product_cat-yellow-gold-jewellery","24":"product_tag-diwali-gift","26":"first","27":"outofstock","28":"taxable","29":"shipping-taxable","30":"product-type-simple","31":"add-to-wishlist-before_image"},"yoast_head":"<!-- This site is optimized with the Yoast SEO plugin v27.3 - https:\/\/yoast.com\/product\/yoast-seo-wordpress\/ -->\n<title>Initial N Pendant Necklace \u2013 Personalised Jewellery for Mum UK<\/title>\n<meta name=\"description\" content=\"Initial pendants Online in 22 carat Sunrise Gold | Browse Wide Range Initial Pendants For Men &amp; Women Online | Free Delivery across UK\" \/>\n<meta name=\"robots\" content=\"index, follow, max-snippet:-1, max-image-preview:large, max-video-preview:-1\" \/>\n<link rel=\"canonical\" href=\"https:\/\/www.purejewels.com\/tr\/urun\/22-ayar-sunrise-altin-bas-harf-n-kolye-ucu-50624\/\" \/>\n<meta property=\"og:locale\" content=\"tr_TR\" \/>\n<meta property=\"og:type\" content=\"article\" \/>\n<meta property=\"og:title\" content=\"Initial N Pendant Necklace \u2013 Personalised Jewellery for Mum UK\" \/>\n<meta property=\"og:description\" content=\"Initial pendants Online in 22 carat Sunrise Gold | Browse Wide Range Initial Pendants For Men &amp; Women Online | Free Delivery across UK\" \/>\n<meta property=\"og:url\" content=\"https:\/\/www.purejewels.com\/tr\/urun\/22-ayar-sunrise-altin-bas-harf-n-kolye-ucu-50624\/\" \/>\n<meta property=\"og:site_name\" content=\"PureJewels UK\" \/>\n<meta property=\"article:modified_time\" content=\"2026-03-30T04:52:40+00:00\" \/>\n<meta property=\"og:image\" content=\"https:\/\/static.purejewels.com\/wp-content\/uploads\/2023\/09\/50624.png\" \/>\n\t<meta property=\"og:image:width\" content=\"1000\" \/>\n\t<meta property=\"og:image:height\" content=\"1000\" \/>\n\t<meta property=\"og:image:type\" content=\"image\/png\" \/>\n<meta name=\"twitter:card\" content=\"summary_large_image\" \/>\n<meta name=\"twitter:label1\" content=\"Tahmini okuma s\u00fcresi\" \/>\n\t<meta name=\"twitter:data1\" content=\"1 dakika\" \/>\n<script type=\"application\/ld+json\" class=\"yoast-schema-graph\">{\"@context\":\"https:\\\/\\\/schema.org\",\"@graph\":[{\"@type\":[\"WebPage\",\"ItemPage\"],\"@id\":\"https:\\\/\\\/www.purejewels.com\\\/product\\\/22ct-sunrise-gold-initial-n-pendant-necklace-50624\\\/\",\"url\":\"https:\\\/\\\/www.purejewels.com\\\/product\\\/22ct-sunrise-gold-initial-n-pendant-necklace-50624\\\/\",\"name\":\"Initial N Pendant Necklace \u2013 Personalised Jewellery for Mum UK\",\"isPartOf\":{\"@id\":\"https:\\\/\\\/www.purejewels.com\\\/#website\"},\"primaryImageOfPage\":{\"@id\":\"https:\\\/\\\/www.purejewels.com\\\/product\\\/22ct-sunrise-gold-initial-n-pendant-necklace-50624\\\/#primaryimage\"},\"image\":{\"@id\":\"https:\\\/\\\/www.purejewels.com\\\/product\\\/22ct-sunrise-gold-initial-n-pendant-necklace-50624\\\/#primaryimage\"},\"thumbnailUrl\":\"https:\\\/\\\/static.purejewels.com\\\/wp-content\\\/uploads\\\/2023\\\/09\\\/50624.png\",\"datePublished\":\"2025-01-27T10:30:38+00:00\",\"dateModified\":\"2026-03-30T04:52:40+00:00\",\"description\":\"Initial pendants Online in 22 carat Sunrise Gold | Browse Wide Range Initial Pendants For Men & Women Online | Free Delivery across UK\",\"breadcrumb\":{\"@id\":\"https:\\\/\\\/www.purejewels.com\\\/product\\\/22ct-sunrise-gold-initial-n-pendant-necklace-50624\\\/#breadcrumb\"},\"inLanguage\":\"tr\",\"potentialAction\":[{\"@type\":\"ReadAction\",\"target\":[\"https:\\\/\\\/www.purejewels.com\\\/product\\\/22ct-sunrise-gold-initial-n-pendant-necklace-50624\\\/\"]}]},{\"@type\":\"ImageObject\",\"inLanguage\":\"tr\",\"@id\":\"https:\\\/\\\/www.purejewels.com\\\/product\\\/22ct-sunrise-gold-initial-n-pendant-necklace-50624\\\/#primaryimage\",\"url\":\"https:\\\/\\\/static.purejewels.com\\\/wp-content\\\/uploads\\\/2023\\\/09\\\/50624.png\",\"contentUrl\":\"https:\\\/\\\/static.purejewels.com\\\/wp-content\\\/uploads\\\/2023\\\/09\\\/50624.png\",\"width\":1000,\"height\":1000,\"caption\":\"22ct Sunrise Gold Initial N Pendant Necklace\"},{\"@type\":\"BreadcrumbList\",\"@id\":\"https:\\\/\\\/www.purejewels.com\\\/product\\\/22ct-sunrise-gold-initial-n-pendant-necklace-50624\\\/#breadcrumb\",\"itemListElement\":[{\"@type\":\"ListItem\",\"position\":1,\"name\":\"Home\",\"item\":\"https:\\\/\\\/www.purejewels.com\\\/\"},{\"@type\":\"ListItem\",\"position\":2,\"name\":\"Shop\",\"item\":\"https:\\\/\\\/www.purejewels.com\\\/shop\\\/\"},{\"@type\":\"ListItem\",\"position\":3,\"name\":\"22ct Sunrise Gold Initial N Pendant Necklace | Unisex\"}]},{\"@type\":\"WebSite\",\"@id\":\"https:\\\/\\\/www.purejewels.com\\\/#website\",\"url\":\"https:\\\/\\\/www.purejewels.com\\\/\",\"name\":\"PureJewels UK\",\"description\":\"Share the Love\",\"publisher\":{\"@id\":\"https:\\\/\\\/www.purejewels.com\\\/#organization\"},\"potentialAction\":[{\"@type\":\"SearchAction\",\"target\":{\"@type\":\"EntryPoint\",\"urlTemplate\":\"https:\\\/\\\/www.purejewels.com\\\/?s={search_term_string}\"},\"query-input\":{\"@type\":\"PropertyValueSpecification\",\"valueRequired\":true,\"valueName\":\"search_term_string\"}}],\"inLanguage\":\"tr\"},{\"@type\":\"Organization\",\"@id\":\"https:\\\/\\\/www.purejewels.com\\\/#organization\",\"name\":\"PureJewels UK\",\"url\":\"https:\\\/\\\/www.purejewels.com\\\/\",\"logo\":{\"@type\":\"ImageObject\",\"inLanguage\":\"tr\",\"@id\":\"https:\\\/\\\/www.purejewels.com\\\/#\\\/schema\\\/logo\\\/image\\\/\",\"url\":\"https:\\\/\\\/static.purejewels.com\\\/wp-content\\\/uploads\\\/2020\\\/11\\\/Logo-PJ-New-1.png\",\"contentUrl\":\"https:\\\/\\\/static.purejewels.com\\\/wp-content\\\/uploads\\\/2020\\\/11\\\/Logo-PJ-New-1.png\",\"width\":150,\"height\":80,\"caption\":\"PureJewels UK\"},\"image\":{\"@id\":\"https:\\\/\\\/www.purejewels.com\\\/#\\\/schema\\\/logo\\\/image\\\/\"}}]}<\/script>\n<!-- \/ Yoast SEO plugin. -->","yoast_head_json":{"title":"N Harfli Kolye - Anneye \u00d6zel Tak\u0131lar \u0130ngiltere","description":"\u0130lk harf kolyeler 22 ayar Sunrise Alt\u0131ndan Online | Erkekler ve Kad\u0131nlar \u0130\u00e7in \u00c7ok \u00c7e\u015fitli \u0130lk Harf Kolyelere Online G\u00f6z At\u0131n | \u0130ngiltere \u00c7ap\u0131nda \u00dccretsiz Teslimat","robots":{"index":"index","follow":"follow","max-snippet":"max-snippet:-1","max-image-preview":"max-image-preview:large","max-video-preview":"max-video-preview:-1"},"canonical":"https:\/\/www.purejewels.com\/tr\/urun\/22-ayar-sunrise-altin-bas-harf-n-kolye-ucu-50624\/","og_locale":"tr_TR","og_type":"article","og_title":"Initial N Pendant Necklace \u2013 Personalised Jewellery for Mum UK","og_description":"Initial pendants Online in 22 carat Sunrise Gold | Browse Wide Range Initial Pendants For Men & Women Online | Free Delivery across UK","og_url":"https:\/\/www.purejewels.com\/tr\/urun\/22-ayar-sunrise-altin-bas-harf-n-kolye-ucu-50624\/","og_site_name":"PureJewels UK","article_modified_time":"2026-03-30T04:52:40+00:00","og_image":[{"width":1000,"height":1000,"url":"https:\/\/static.purejewels.com\/wp-content\/uploads\/2023\/09\/50624.png","type":"image\/png"}],"twitter_card":"summary_large_image","twitter_misc":{"Tahmini okuma s\u00fcresi":"1 dakika"},"schema":{"@context":"https:\/\/schema.org","@graph":[{"@type":["WebPage","ItemPage"],"@id":"https:\/\/www.purejewels.com\/product\/22ct-sunrise-gold-initial-n-pendant-necklace-50624\/","url":"https:\/\/www.purejewels.com\/product\/22ct-sunrise-gold-initial-n-pendant-necklace-50624\/","name":"N Harfli Kolye - Anneye \u00d6zel Tak\u0131lar \u0130ngiltere","isPartOf":{"@id":"https:\/\/www.purejewels.com\/#website"},"primaryImageOfPage":{"@id":"https:\/\/www.purejewels.com\/product\/22ct-sunrise-gold-initial-n-pendant-necklace-50624\/#primaryimage"},"image":{"@id":"https:\/\/www.purejewels.com\/product\/22ct-sunrise-gold-initial-n-pendant-necklace-50624\/#primaryimage"},"thumbnailUrl":"https:\/\/static.purejewels.com\/wp-content\/uploads\/2023\/09\/50624.png","datePublished":"2025-01-27T10:30:38+00:00","dateModified":"2026-03-30T04:52:40+00:00","description":"\u0130lk harf kolyeler 22 ayar Sunrise Alt\u0131ndan Online | Erkekler ve Kad\u0131nlar \u0130\u00e7in \u00c7ok \u00c7e\u015fitli \u0130lk Harf Kolyelere Online G\u00f6z At\u0131n | \u0130ngiltere \u00c7ap\u0131nda \u00dccretsiz Teslimat","breadcrumb":{"@id":"https:\/\/www.purejewels.com\/product\/22ct-sunrise-gold-initial-n-pendant-necklace-50624\/#breadcrumb"},"inLanguage":"tr","potentialAction":[{"@type":"ReadAction","target":["https:\/\/www.purejewels.com\/product\/22ct-sunrise-gold-initial-n-pendant-necklace-50624\/"]}]},{"@type":"ImageObject","inLanguage":"tr","@id":"https:\/\/www.purejewels.com\/product\/22ct-sunrise-gold-initial-n-pendant-necklace-50624\/#primaryimage","url":"https:\/\/static.purejewels.com\/wp-content\/uploads\/2023\/09\/50624.png","contentUrl":"https:\/\/static.purejewels.com\/wp-content\/uploads\/2023\/09\/50624.png","width":1000,"height":1000,"caption":"22ct Sunrise Gold Initial N Pendant Necklace"},{"@type":"BreadcrumbList","@id":"https:\/\/www.purejewels.com\/product\/22ct-sunrise-gold-initial-n-pendant-necklace-50624\/#breadcrumb","itemListElement":[{"@type":"ListItem","position":1,"name":"Home","item":"https:\/\/www.purejewels.com\/"},{"@type":"ListItem","position":2,"name":"Shop","item":"https:\/\/www.purejewels.com\/shop\/"},{"@type":"ListItem","position":3,"name":"22ct Sunrise Gold Initial N Pendant Necklace | Unisex"}]},{"@type":"WebSite","@id":"https:\/\/www.purejewels.com\/#website","url":"https:\/\/www.purejewels.com\/","name":"PureJewels \u0130ngiltere","description":"Sevgiyi Payla\u015f\u0131n","publisher":{"@id":"https:\/\/www.purejewels.com\/#organization"},"potentialAction":[{"@type":"SearchAction","target":{"@type":"EntryPoint","urlTemplate":"https:\/\/www.purejewels.com\/?s={search_term_string}"},"query-input":{"@type":"PropertyValueSpecification","valueRequired":true,"valueName":"search_term_string"}}],"inLanguage":"tr"},{"@type":"Organization","@id":"https:\/\/www.purejewels.com\/#organization","name":"PureJewels \u0130ngiltere","url":"https:\/\/www.purejewels.com\/","logo":{"@type":"ImageObject","inLanguage":"tr","@id":"https:\/\/www.purejewels.com\/#\/schema\/logo\/image\/","url":"https:\/\/static.purejewels.com\/wp-content\/uploads\/2020\/11\/Logo-PJ-New-1.png","contentUrl":"https:\/\/static.purejewels.com\/wp-content\/uploads\/2020\/11\/Logo-PJ-New-1.png","width":150,"height":80,"caption":"PureJewels UK"},"image":{"@id":"https:\/\/www.purejewels.com\/#\/schema\/logo\/image\/"}}]}},"_links":{"self":[{"href":"https:\/\/www.purejewels.com\/tr\/wp-json\/wp\/v2\/product\/341051","targetHints":{"allow":["GET"]}}],"collection":[{"href":"https:\/\/www.purejewels.com\/tr\/wp-json\/wp\/v2\/product"}],"about":[{"href":"https:\/\/www.purejewels.com\/tr\/wp-json\/wp\/v2\/types\/product"}],"replies":[{"embeddable":true,"href":"https:\/\/www.purejewels.com\/tr\/wp-json\/wp\/v2\/comments?post=341051"}],"version-history":[{"count":4,"href":"https:\/\/www.purejewels.com\/tr\/wp-json\/wp\/v2\/product\/341051\/revisions"}],"predecessor-version":[{"id":425824,"href":"https:\/\/www.purejewels.com\/tr\/wp-json\/wp\/v2\/product\/341051\/revisions\/425824"}],"wp:featuredmedia":[{"embeddable":true,"href":"https:\/\/www.purejewels.com\/tr\/wp-json\/wp\/v2\/media\/385958"}],"wp:attachment":[{"href":"https:\/\/www.purejewels.com\/tr\/wp-json\/wp\/v2\/media?parent=341051"}],"wp:term":[{"taxonomy":"product_brand","embeddable":true,"href":"https:\/\/www.purejewels.com\/tr\/wp-json\/wp\/v2\/product_brand?post=341051"},{"taxonomy":"product_cat","embeddable":true,"href":"https:\/\/www.purejewels.com\/tr\/wp-json\/wp\/v2\/product_cat?post=341051"},{"taxonomy":"product_tag","embeddable":true,"href":"https:\/\/www.purejewels.com\/tr\/wp-json\/wp\/v2\/product_tag?post=341051"}],"curies":[{"name":"wp","href":"https:\/\/api.w.org\/{rel}","templated":true}]}}