{"id":341052,"date":"2023-09-25T10:40:55","date_gmt":"2023-09-25T09:40:55","guid":{"rendered":"https:\/\/www.purejewels.com\/?post_type=product&#038;p=341052"},"modified":"2026-01-06T08:01:27","modified_gmt":"2026-01-06T08:01:27","slug":"22-ayar-altin-bas-harf-a-kolye-52067","status":"publish","type":"product","link":"https:\/\/www.purejewels.com\/tr\/product\/22ct-gold-initial-a-pendant-52067\/","title":{"rendered":"22 Ayar Alt\u0131n Ba\u015f Harfi A Kolye | Unisex"},"content":{"rendered":"<p>Bu 22 Ayar Alt\u0131n Alfabe Kolye 'A' hem \u00e7ocuklar hem de kad\u0131nlar i\u00e7in tasarlanm\u0131\u015f b\u00fcy\u00fcleyici bir par\u00e7ad\u0131r. Parlak sar\u0131 alt\u0131ndan \u00fcretilen bu kolye, g\u00fcnl\u00fck kullan\u0131m veya hediye i\u00e7in m\u00fckemmel olan sade ve klasik bir tasar\u0131ma sahiptir. M\u00fccevherlerinizi anlaml\u0131 bir ba\u015f harfle ki\u015fiselle\u015ftirmenin zamans\u0131z bir yolu.<\/p>","protected":false},"excerpt":{"rendered":"<p>PureJewels UK'nin bu zarif 22 Ayar Alt\u0131n A Harfi Kolyesi ile kimli\u011finizi kutlay\u0131n. Zengin sar\u0131 alt\u0131ndan \u00fcretilen bu kolye, d\u00fc\u015f\u00fcnceli bir hediye ya da g\u00fcnl\u00fck kullan\u0131m i\u00e7in \u015f\u0131k bir ki\u015fisel aksesuard\u0131r.<\/p>\n<p><strong>Malzeme:<\/strong>\u00a022 Ayar Alt\u0131n<strong><br \/>\nHallmark:\u00a0<\/strong>\u0130ngiliz Damgas\u0131<strong><br \/>\n<\/strong><strong>Br\u00fct A\u011f\u0131rl\u0131k: <\/strong>0.9 Gms<strong><br \/>\nSKU: <\/strong>52067<\/p>\n<p><strong>Fiyat ve Teslimat<\/strong>:KDV ve teslimat \u00fccretleri dahil<br \/>\n<strong>Not<\/strong>: Zincir dahil de\u011fildir<\/p>\n<p><a href=\"https:\/\/www.purejewels.com\/tr\/i%cc%87ade-poli%cc%87ti%cc%87kasi\/\">\u0130ade Politikas\u0131<\/a><\/p>","protected":false},"featured_media":400756,"comment_status":"closed","ping_status":"closed","template":"","meta":{"_eb_attr":"","_crsspst_to_jayantr4sg-hostcom":true},"product_brand":[],"product_cat":[1559,1576,1794,1792,1229,1255,5598,5342,5943,1769,1767,1575,1574,5349],"product_tag":[],"class_list":{"0":"post-341052","1":"product","2":"type-product","3":"status-publish","4":"has-post-thumbnail","6":"product_cat-birthday-gifts","7":"product_cat-childrens-jewellery","8":"product_cat-christmas-gifts","9":"product_cat-festival-gifts","10":"product_cat-22ct-gold-jewellery","11":"product_cat-gold-pendants","12":"product_cat-initial-pendant","13":"product_cat-jewellery-under-250","14":"product_cat-kids-jewellery","15":"product_cat-kids-pendants","16":"product_cat-ladies-pendants","17":"product_cat-teenage-jewellery","18":"product_cat-womens-jewellery","19":"product_cat-yellow-gold-jewellery","21":"first","22":"outofstock","23":"taxable","24":"shipping-taxable","25":"product-type-simple","26":"add-to-wishlist-before_image"},"yoast_head":"<!-- This site is optimized with the Yoast SEO plugin v27.3 - https:\/\/yoast.com\/product\/yoast-seo-wordpress\/ -->\n<title>Initial A Letter Pendant | PureJewels.com<\/title>\n<meta name=\"description\" content=\"Shop Initial pendants Online in 22ct Sunrise Gold | Browse Wide Range Initial Pendants For Men &amp; Women Online | Free Delivery across UK.\" \/>\n<meta name=\"robots\" content=\"index, follow, max-snippet:-1, max-image-preview:large, max-video-preview:-1\" \/>\n<link rel=\"canonical\" href=\"https:\/\/www.purejewels.com\/tr\/urun\/22-ayar-altin-bas-harf-a-kolye-52067\/\" \/>\n<meta property=\"og:locale\" content=\"tr_TR\" \/>\n<meta property=\"og:type\" content=\"article\" \/>\n<meta property=\"og:title\" content=\"Initial A Letter Pendant | PureJewels.com\" \/>\n<meta property=\"og:description\" content=\"Shop Initial pendants Online in 22ct Sunrise Gold | Browse Wide Range Initial Pendants For Men &amp; Women Online | Free Delivery across UK.\" \/>\n<meta property=\"og:url\" content=\"https:\/\/www.purejewels.com\/tr\/urun\/22-ayar-altin-bas-harf-a-kolye-52067\/\" \/>\n<meta property=\"og:site_name\" content=\"PureJewels UK\" \/>\n<meta property=\"article:modified_time\" content=\"2026-01-06T08:01:27+00:00\" \/>\n<meta property=\"og:image\" content=\"https:\/\/www.purejewels.com\/wp-content\/uploads\/2023\/09\/SKU-52067.png\" \/>\n\t<meta property=\"og:image:width\" content=\"1000\" \/>\n\t<meta property=\"og:image:height\" content=\"1000\" \/>\n\t<meta property=\"og:image:type\" content=\"image\/png\" \/>\n<meta name=\"twitter:card\" content=\"summary_large_image\" \/>\n<script type=\"application\/ld+json\" class=\"yoast-schema-graph\">{\"@context\":\"https:\\\/\\\/schema.org\",\"@graph\":[{\"@type\":[\"WebPage\",\"ItemPage\"],\"@id\":\"https:\\\/\\\/www.purejewels.com\\\/product\\\/22ct-gold-initial-a-pendant-52067\\\/\",\"url\":\"https:\\\/\\\/www.purejewels.com\\\/product\\\/22ct-gold-initial-a-pendant-52067\\\/\",\"name\":\"Initial A Letter Pendant | PureJewels.com\",\"isPartOf\":{\"@id\":\"https:\\\/\\\/www.purejewels.com\\\/#website\"},\"primaryImageOfPage\":{\"@id\":\"https:\\\/\\\/www.purejewels.com\\\/product\\\/22ct-gold-initial-a-pendant-52067\\\/#primaryimage\"},\"image\":{\"@id\":\"https:\\\/\\\/www.purejewels.com\\\/product\\\/22ct-gold-initial-a-pendant-52067\\\/#primaryimage\"},\"thumbnailUrl\":\"https:\\\/\\\/static.purejewels.com\\\/wp-content\\\/uploads\\\/2023\\\/09\\\/SKU-52067.png\",\"datePublished\":\"2023-09-25T09:40:55+00:00\",\"dateModified\":\"2026-01-06T08:01:27+00:00\",\"description\":\"Shop Initial pendants Online in 22ct Sunrise Gold | Browse Wide Range Initial Pendants For Men & Women Online | Free Delivery across UK.\",\"breadcrumb\":{\"@id\":\"https:\\\/\\\/www.purejewels.com\\\/product\\\/22ct-gold-initial-a-pendant-52067\\\/#breadcrumb\"},\"inLanguage\":\"tr\",\"potentialAction\":[{\"@type\":\"ReadAction\",\"target\":[\"https:\\\/\\\/www.purejewels.com\\\/product\\\/22ct-gold-initial-a-pendant-52067\\\/\"]}]},{\"@type\":\"ImageObject\",\"inLanguage\":\"tr\",\"@id\":\"https:\\\/\\\/www.purejewels.com\\\/product\\\/22ct-gold-initial-a-pendant-52067\\\/#primaryimage\",\"url\":\"https:\\\/\\\/static.purejewels.com\\\/wp-content\\\/uploads\\\/2023\\\/09\\\/SKU-52067.png\",\"contentUrl\":\"https:\\\/\\\/static.purejewels.com\\\/wp-content\\\/uploads\\\/2023\\\/09\\\/SKU-52067.png\",\"width\":1000,\"height\":1000,\"caption\":\"Initial A Pendant\"},{\"@type\":\"BreadcrumbList\",\"@id\":\"https:\\\/\\\/www.purejewels.com\\\/product\\\/22ct-gold-initial-a-pendant-52067\\\/#breadcrumb\",\"itemListElement\":[{\"@type\":\"ListItem\",\"position\":1,\"name\":\"Home\",\"item\":\"https:\\\/\\\/www.purejewels.com\\\/\"},{\"@type\":\"ListItem\",\"position\":2,\"name\":\"Shop\",\"item\":\"https:\\\/\\\/www.purejewels.com\\\/shop\\\/\"},{\"@type\":\"ListItem\",\"position\":3,\"name\":\"22ct Gold Initial A Pendant | Unisex\"}]},{\"@type\":\"WebSite\",\"@id\":\"https:\\\/\\\/www.purejewels.com\\\/#website\",\"url\":\"https:\\\/\\\/www.purejewels.com\\\/\",\"name\":\"PureJewels UK\",\"description\":\"Share the Love\",\"publisher\":{\"@id\":\"https:\\\/\\\/www.purejewels.com\\\/#organization\"},\"potentialAction\":[{\"@type\":\"SearchAction\",\"target\":{\"@type\":\"EntryPoint\",\"urlTemplate\":\"https:\\\/\\\/www.purejewels.com\\\/?s={search_term_string}\"},\"query-input\":{\"@type\":\"PropertyValueSpecification\",\"valueRequired\":true,\"valueName\":\"search_term_string\"}}],\"inLanguage\":\"tr\"},{\"@type\":\"Organization\",\"@id\":\"https:\\\/\\\/www.purejewels.com\\\/#organization\",\"name\":\"PureJewels UK\",\"url\":\"https:\\\/\\\/www.purejewels.com\\\/\",\"logo\":{\"@type\":\"ImageObject\",\"inLanguage\":\"tr\",\"@id\":\"https:\\\/\\\/www.purejewels.com\\\/#\\\/schema\\\/logo\\\/image\\\/\",\"url\":\"https:\\\/\\\/static.purejewels.com\\\/wp-content\\\/uploads\\\/2020\\\/11\\\/Logo-PJ-New-1.png\",\"contentUrl\":\"https:\\\/\\\/static.purejewels.com\\\/wp-content\\\/uploads\\\/2020\\\/11\\\/Logo-PJ-New-1.png\",\"width\":150,\"height\":80,\"caption\":\"PureJewels UK\"},\"image\":{\"@id\":\"https:\\\/\\\/www.purejewels.com\\\/#\\\/schema\\\/logo\\\/image\\\/\"}}]}<\/script>\n<!-- \/ Yoast SEO plugin. -->","yoast_head_json":{"title":"A Harfli Kolye Ucu | PureJewels.com","description":"22ct Sunrise Gold'da Ba\u015f Harfli Kolyeleri Online Sat\u0131n Al\u0131n | Erkekler ve Kad\u0131nlar \u0130\u00e7in \u00c7ok \u00c7e\u015fitli Ba\u015f Harfli Kolyelere Online G\u00f6z At\u0131n | Birle\u015fik Krall\u0131k'ta \u00dccretsiz Teslimat.","robots":{"index":"index","follow":"follow","max-snippet":"max-snippet:-1","max-image-preview":"max-image-preview:large","max-video-preview":"max-video-preview:-1"},"canonical":"https:\/\/www.purejewels.com\/tr\/urun\/22-ayar-altin-bas-harf-a-kolye-52067\/","og_locale":"tr_TR","og_type":"article","og_title":"Initial A Letter Pendant | PureJewels.com","og_description":"Shop Initial pendants Online in 22ct Sunrise Gold | Browse Wide Range Initial Pendants For Men & Women Online | Free Delivery across UK.","og_url":"https:\/\/www.purejewels.com\/tr\/urun\/22-ayar-altin-bas-harf-a-kolye-52067\/","og_site_name":"PureJewels UK","article_modified_time":"2026-01-06T08:01:27+00:00","og_image":[{"width":1000,"height":1000,"url":"https:\/\/www.purejewels.com\/wp-content\/uploads\/2023\/09\/SKU-52067.png","type":"image\/png"}],"twitter_card":"summary_large_image","schema":{"@context":"https:\/\/schema.org","@graph":[{"@type":["WebPage","ItemPage"],"@id":"https:\/\/www.purejewels.com\/product\/22ct-gold-initial-a-pendant-52067\/","url":"https:\/\/www.purejewels.com\/product\/22ct-gold-initial-a-pendant-52067\/","name":"A Harfli Kolye Ucu | PureJewels.com","isPartOf":{"@id":"https:\/\/www.purejewels.com\/#website"},"primaryImageOfPage":{"@id":"https:\/\/www.purejewels.com\/product\/22ct-gold-initial-a-pendant-52067\/#primaryimage"},"image":{"@id":"https:\/\/www.purejewels.com\/product\/22ct-gold-initial-a-pendant-52067\/#primaryimage"},"thumbnailUrl":"https:\/\/static.purejewels.com\/wp-content\/uploads\/2023\/09\/SKU-52067.png","datePublished":"2023-09-25T09:40:55+00:00","dateModified":"2026-01-06T08:01:27+00:00","description":"22ct Sunrise Gold'da Ba\u015f Harfli Kolyeleri Online Sat\u0131n Al\u0131n | Erkekler ve Kad\u0131nlar \u0130\u00e7in \u00c7ok \u00c7e\u015fitli Ba\u015f Harfli Kolyelere Online G\u00f6z At\u0131n | Birle\u015fik Krall\u0131k'ta \u00dccretsiz Teslimat.","breadcrumb":{"@id":"https:\/\/www.purejewels.com\/product\/22ct-gold-initial-a-pendant-52067\/#breadcrumb"},"inLanguage":"tr","potentialAction":[{"@type":"ReadAction","target":["https:\/\/www.purejewels.com\/product\/22ct-gold-initial-a-pendant-52067\/"]}]},{"@type":"ImageObject","inLanguage":"tr","@id":"https:\/\/www.purejewels.com\/product\/22ct-gold-initial-a-pendant-52067\/#primaryimage","url":"https:\/\/static.purejewels.com\/wp-content\/uploads\/2023\/09\/SKU-52067.png","contentUrl":"https:\/\/static.purejewels.com\/wp-content\/uploads\/2023\/09\/SKU-52067.png","width":1000,"height":1000,"caption":"Initial A Pendant"},{"@type":"BreadcrumbList","@id":"https:\/\/www.purejewels.com\/product\/22ct-gold-initial-a-pendant-52067\/#breadcrumb","itemListElement":[{"@type":"ListItem","position":1,"name":"Home","item":"https:\/\/www.purejewels.com\/"},{"@type":"ListItem","position":2,"name":"Shop","item":"https:\/\/www.purejewels.com\/shop\/"},{"@type":"ListItem","position":3,"name":"22ct Gold Initial A Pendant | Unisex"}]},{"@type":"WebSite","@id":"https:\/\/www.purejewels.com\/#website","url":"https:\/\/www.purejewels.com\/","name":"PureJewels \u0130ngiltere","description":"Sevgiyi Payla\u015f\u0131n","publisher":{"@id":"https:\/\/www.purejewels.com\/#organization"},"potentialAction":[{"@type":"SearchAction","target":{"@type":"EntryPoint","urlTemplate":"https:\/\/www.purejewels.com\/?s={search_term_string}"},"query-input":{"@type":"PropertyValueSpecification","valueRequired":true,"valueName":"search_term_string"}}],"inLanguage":"tr"},{"@type":"Organization","@id":"https:\/\/www.purejewels.com\/#organization","name":"PureJewels \u0130ngiltere","url":"https:\/\/www.purejewels.com\/","logo":{"@type":"ImageObject","inLanguage":"tr","@id":"https:\/\/www.purejewels.com\/#\/schema\/logo\/image\/","url":"https:\/\/static.purejewels.com\/wp-content\/uploads\/2020\/11\/Logo-PJ-New-1.png","contentUrl":"https:\/\/static.purejewels.com\/wp-content\/uploads\/2020\/11\/Logo-PJ-New-1.png","width":150,"height":80,"caption":"PureJewels UK"},"image":{"@id":"https:\/\/www.purejewels.com\/#\/schema\/logo\/image\/"}}]}},"_links":{"self":[{"href":"https:\/\/www.purejewels.com\/tr\/wp-json\/wp\/v2\/product\/341052","targetHints":{"allow":["GET"]}}],"collection":[{"href":"https:\/\/www.purejewels.com\/tr\/wp-json\/wp\/v2\/product"}],"about":[{"href":"https:\/\/www.purejewels.com\/tr\/wp-json\/wp\/v2\/types\/product"}],"replies":[{"embeddable":true,"href":"https:\/\/www.purejewels.com\/tr\/wp-json\/wp\/v2\/comments?post=341052"}],"version-history":[{"count":4,"href":"https:\/\/www.purejewels.com\/tr\/wp-json\/wp\/v2\/product\/341052\/revisions"}],"predecessor-version":[{"id":400757,"href":"https:\/\/www.purejewels.com\/tr\/wp-json\/wp\/v2\/product\/341052\/revisions\/400757"}],"wp:featuredmedia":[{"embeddable":true,"href":"https:\/\/www.purejewels.com\/tr\/wp-json\/wp\/v2\/media\/400756"}],"wp:attachment":[{"href":"https:\/\/www.purejewels.com\/tr\/wp-json\/wp\/v2\/media?parent=341052"}],"wp:term":[{"taxonomy":"product_brand","embeddable":true,"href":"https:\/\/www.purejewels.com\/tr\/wp-json\/wp\/v2\/product_brand?post=341052"},{"taxonomy":"product_cat","embeddable":true,"href":"https:\/\/www.purejewels.com\/tr\/wp-json\/wp\/v2\/product_cat?post=341052"},{"taxonomy":"product_tag","embeddable":true,"href":"https:\/\/www.purejewels.com\/tr\/wp-json\/wp\/v2\/product_tag?post=341052"}],"curies":[{"name":"wp","href":"https:\/\/api.w.org\/{rel}","templated":true}]}}