{"id":341065,"date":"2022-12-06T06:11:28","date_gmt":"2022-12-06T06:11:28","guid":{"rendered":"https:\/\/www.purejewels.com\/?post_type=product&#038;p=341065"},"modified":"2025-05-22T11:23:16","modified_gmt":"2025-05-22T10:23:16","slug":"22-ayar-altin-telkari-saplama-kupe-43867","status":"publish","type":"product","link":"https:\/\/www.purejewels.com\/tr\/product\/22ct-gold-filigree-stud-earring-43867\/","title":{"rendered":"22 Ayar Alt\u0131n Telkari Saplama K\u00fcpe | Jali Collections"},"content":{"rendered":"<ul>\n<li>SKU 43867<\/li>\n<li>A\u011f\u0131rl\u0131k 2,7 gms<\/li>\n<\/ul>\n<p>Bu 22 Ayar Alt\u0131n Saplama K\u00fcpelerimiz <a href=\"https:\/\/www.purejewels.com\/tr\/product-category\/collections\/jali-collections\/\">Jali Koleksiyonlar\u0131<\/a> dikkatleri \u00fczerine \u00e7ekece\u011fi kesin olan \u00e7arp\u0131c\u0131 bir m\u00fccevher par\u00e7as\u0131d\u0131r. K\u00fcpeler, ince tel kullanarak karma\u015f\u0131k desenler olu\u015fturmaya y\u00f6nelik geleneksel bir Hint tekni\u011fi olan telkari i\u015f\u00e7ili\u011fi kullan\u0131larak yap\u0131lm\u0131\u015ft\u0131r. K\u00fcpeler, hem zarif hem de modern olan g\u00fczel bir kafes tasar\u0131m\u0131na sahiptir.<\/p>\n<p>K\u00fcpeler y\u00fcksek kaliteli 22 ayar alt\u0131ndan yap\u0131lm\u0131\u015ft\u0131r ve y\u00fcksek cila ile tamamlanm\u0131\u015ft\u0131r. Alt\u0131n ayr\u0131ca karat a\u011f\u0131rl\u0131\u011f\u0131 ve safl\u0131k derecesi ile damgalanm\u0131\u015ft\u0131r, b\u00f6ylece orijinalli\u011finden emin olabilirsiniz.<\/p>\n<p>K\u00fcpeler \u00e7o\u011fu kulak memesine uyacak \u015fekilde yap\u0131lm\u0131\u015ft\u0131r. Ayr\u0131ca hafif ve rahatt\u0131rlar.<\/p>\n<p>Bu k\u00fcpeler her durum i\u00e7in harika bir hediyedir ve y\u0131llarca el \u00fcst\u00fcnde tutulacaklar\u0131ndan emin olabilirsiniz. Siz de bug\u00fcn sipari\u015f verin!<\/p>\n<p><strong>\u00d6zellikler<\/strong><\/p>\n<ul>\n<li>22 Ayar Alt\u0131n<\/li>\n<li>Telkari \u0130\u015f\u00e7ili\u011fi<\/li>\n<li>Kafes Tasar\u0131m<\/li>\n<li>Y\u00fcksek Cilal\u0131 Kaplama<\/li>\n<li>Hafif ve Rahatt\u0131r<\/li>\n<\/ul>\n<p><strong>Avantajlar<\/strong><\/p>\n<ul>\n<li>\u00c7arp\u0131c\u0131 ve zarif tasar\u0131m<\/li>\n<li>Y\u00fcksek kaliteli malzemelerden \u00fcretilmi\u015ftir<\/li>\n<li>Dayan\u0131kl\u0131 ve uzun \u00f6m\u00fcrl\u00fc<\/li>\n<li>Her durum i\u00e7in harika bir hediye<\/li>\n<\/ul>","protected":false},"excerpt":{"rendered":"<div class=\"woocommerce-product-details__short-description\">\n<table class=\"sh_desc\">\n<tbody>\n<tr>\n<td>K\u00fcpe T\u00fcr\u00fc<\/td>\n<td>Saplama K\u00fcpe<\/td>\n<\/tr>\n<tr>\n<td>SKU<\/td>\n<td>43867<\/td>\n<\/tr>\n<tr>\n<td>A\u011f\u0131rl\u0131k<\/td>\n<td>2.7 Gms<\/td>\n<\/tr>\n<tr>\n<td>Geni\u015flik<\/td>\n<td>10 mm<\/td>\n<\/tr>\n<tr>\n<td>Metal<\/td>\n<td>22 Ayar Alt\u0131n<\/td>\n<\/tr>\n<tr>\n<td>\u00dccretler<\/td>\n<td>Teslimat ve KDV Dahil<\/td>\n<\/tr>\n<tr>\n<td>Paketleme<\/td>\n<td>Sunum Kutusu ile Birlikte Gelir<\/td>\n<\/tr>\n<tr>\n<td>Daha Fazla Bilgi<\/td>\n<td>M\u00fcsaitlik durumu ve daha fazla resim i\u00e7in bizimle canl\u0131 sohbet edin<\/td>\n<\/tr>\n<\/tbody>\n<\/table>\n<\/div>\n<div class=\"btn-atc atc-slide\"><\/div>\n<div class=\"product_meta\"><\/div>","protected":false},"featured_media":341501,"comment_status":"closed","ping_status":"closed","template":"","meta":{"_eb_attr":"","_crsspst_to_jayantr4sg-hostcom":true},"product_brand":[],"product_cat":[1794,1793,1792,1790,1254,252,5344,5338,1577,1575,1573,1574,5349],"product_tag":[1430],"class_list":{"0":"post-341065","1":"product","2":"type-product","3":"status-publish","4":"has-post-thumbnail","6":"product_cat-christmas-gifts","7":"product_cat-diwali-gifts","8":"product_cat-festival-gifts","9":"product_cat-for-whom-when","10":"product_cat-gold-earrings","11":"product_cat-jali-collections","12":"product_cat-jewellery-under-750","13":"product_cat-shop-by-price","14":"product_cat-stud-earrings","15":"product_cat-teenage-jewellery","16":"product_cat-wedding-gifts","17":"product_cat-womens-jewellery","18":"product_cat-yellow-gold-jewellery","19":"product_tag-diwali-gift","21":"first","22":"outofstock","23":"taxable","24":"shipping-taxable","25":"product-type-simple","26":"add-to-wishlist-before_image"},"yoast_head":"<!-- This site is optimized with the Yoast SEO plugin v27.3 - https:\/\/yoast.com\/product\/yoast-seo-wordpress\/ -->\n<title>22ct Filigree Gold Stud | filigree craftsmanship | PureJewels UK<\/title>\n<meta name=\"description\" content=\"These 22ct gold stud earrings feature a filigree design. They are lightweight and the perfect accessory for any outfit. Purchase Online today!\" \/>\n<meta name=\"robots\" content=\"index, follow, max-snippet:-1, max-image-preview:large, max-video-preview:-1\" \/>\n<link rel=\"canonical\" href=\"https:\/\/www.purejewels.com\/tr\/urun\/22-ayar-altin-telkari-saplama-kupe-43867\/\" \/>\n<meta property=\"og:locale\" content=\"tr_TR\" \/>\n<meta property=\"og:type\" content=\"article\" \/>\n<meta property=\"og:title\" content=\"22ct Filigree Gold Stud | filigree craftsmanship | PureJewels UK\" \/>\n<meta property=\"og:description\" content=\"These 22ct gold stud earrings feature a filigree design. They are lightweight and the perfect accessory for any outfit. Purchase Online today!\" \/>\n<meta property=\"og:url\" content=\"https:\/\/www.purejewels.com\/tr\/urun\/22-ayar-altin-telkari-saplama-kupe-43867\/\" \/>\n<meta property=\"og:site_name\" content=\"PureJewels UK\" \/>\n<meta property=\"article:modified_time\" content=\"2025-05-22T10:23:16+00:00\" \/>\n<meta property=\"og:image\" content=\"https:\/\/www.purejewels.com\/wp-content\/uploads\/2022\/11\/43867-1.jpg\" \/>\n\t<meta property=\"og:image:width\" content=\"1000\" \/>\n\t<meta property=\"og:image:height\" content=\"1000\" \/>\n\t<meta property=\"og:image:type\" content=\"image\/jpeg\" \/>\n<meta name=\"twitter:card\" content=\"summary_large_image\" \/>\n<meta name=\"twitter:label1\" content=\"Tahmini okuma s\u00fcresi\" \/>\n\t<meta name=\"twitter:data1\" content=\"1 dakika\" \/>\n<script type=\"application\/ld+json\" class=\"yoast-schema-graph\">{\"@context\":\"https:\\\/\\\/schema.org\",\"@graph\":[{\"@type\":[\"WebPage\",\"ItemPage\"],\"@id\":\"https:\\\/\\\/www.purejewels.com\\\/product\\\/22ct-gold-filigree-stud-earring-43867\\\/\",\"url\":\"https:\\\/\\\/www.purejewels.com\\\/product\\\/22ct-gold-filigree-stud-earring-43867\\\/\",\"name\":\"22ct Filigree Gold Stud | filigree craftsmanship | PureJewels UK\",\"isPartOf\":{\"@id\":\"https:\\\/\\\/www.purejewels.com\\\/#website\"},\"primaryImageOfPage\":{\"@id\":\"https:\\\/\\\/www.purejewels.com\\\/product\\\/22ct-gold-filigree-stud-earring-43867\\\/#primaryimage\"},\"image\":{\"@id\":\"https:\\\/\\\/www.purejewels.com\\\/product\\\/22ct-gold-filigree-stud-earring-43867\\\/#primaryimage\"},\"thumbnailUrl\":\"https:\\\/\\\/static.purejewels.com\\\/wp-content\\\/uploads\\\/2022\\\/11\\\/43867-1.jpg\",\"datePublished\":\"2022-12-06T06:11:28+00:00\",\"dateModified\":\"2025-05-22T10:23:16+00:00\",\"description\":\"These 22ct gold stud earrings feature a filigree design. They are lightweight and the perfect accessory for any outfit. Purchase Online today!\",\"breadcrumb\":{\"@id\":\"https:\\\/\\\/www.purejewels.com\\\/product\\\/22ct-gold-filigree-stud-earring-43867\\\/#breadcrumb\"},\"inLanguage\":\"tr\",\"potentialAction\":[{\"@type\":\"ReadAction\",\"target\":[\"https:\\\/\\\/www.purejewels.com\\\/product\\\/22ct-gold-filigree-stud-earring-43867\\\/\"]}]},{\"@type\":\"ImageObject\",\"inLanguage\":\"tr\",\"@id\":\"https:\\\/\\\/www.purejewels.com\\\/product\\\/22ct-gold-filigree-stud-earring-43867\\\/#primaryimage\",\"url\":\"https:\\\/\\\/static.purejewels.com\\\/wp-content\\\/uploads\\\/2022\\\/11\\\/43867-1.jpg\",\"contentUrl\":\"https:\\\/\\\/static.purejewels.com\\\/wp-content\\\/uploads\\\/2022\\\/11\\\/43867-1.jpg\",\"width\":1000,\"height\":1000,\"caption\":\"22ct Gold Filigree Stud Earring | Jali Collections\"},{\"@type\":\"BreadcrumbList\",\"@id\":\"https:\\\/\\\/www.purejewels.com\\\/product\\\/22ct-gold-filigree-stud-earring-43867\\\/#breadcrumb\",\"itemListElement\":[{\"@type\":\"ListItem\",\"position\":1,\"name\":\"Home\",\"item\":\"https:\\\/\\\/www.purejewels.com\\\/\"},{\"@type\":\"ListItem\",\"position\":2,\"name\":\"Shop\",\"item\":\"https:\\\/\\\/www.purejewels.com\\\/shop\\\/\"},{\"@type\":\"ListItem\",\"position\":3,\"name\":\"22ct Gold Filigree Stud Earring | Jali Collections\"}]},{\"@type\":\"WebSite\",\"@id\":\"https:\\\/\\\/www.purejewels.com\\\/#website\",\"url\":\"https:\\\/\\\/www.purejewels.com\\\/\",\"name\":\"PureJewels UK\",\"description\":\"Share the Love\",\"publisher\":{\"@id\":\"https:\\\/\\\/www.purejewels.com\\\/#organization\"},\"potentialAction\":[{\"@type\":\"SearchAction\",\"target\":{\"@type\":\"EntryPoint\",\"urlTemplate\":\"https:\\\/\\\/www.purejewels.com\\\/?s={search_term_string}\"},\"query-input\":{\"@type\":\"PropertyValueSpecification\",\"valueRequired\":true,\"valueName\":\"search_term_string\"}}],\"inLanguage\":\"tr\"},{\"@type\":\"Organization\",\"@id\":\"https:\\\/\\\/www.purejewels.com\\\/#organization\",\"name\":\"PureJewels UK\",\"url\":\"https:\\\/\\\/www.purejewels.com\\\/\",\"logo\":{\"@type\":\"ImageObject\",\"inLanguage\":\"tr\",\"@id\":\"https:\\\/\\\/www.purejewels.com\\\/#\\\/schema\\\/logo\\\/image\\\/\",\"url\":\"https:\\\/\\\/static.purejewels.com\\\/wp-content\\\/uploads\\\/2020\\\/11\\\/Logo-PJ-New-1.png\",\"contentUrl\":\"https:\\\/\\\/static.purejewels.com\\\/wp-content\\\/uploads\\\/2020\\\/11\\\/Logo-PJ-New-1.png\",\"width\":150,\"height\":80,\"caption\":\"PureJewels UK\"},\"image\":{\"@id\":\"https:\\\/\\\/www.purejewels.com\\\/#\\\/schema\\\/logo\\\/image\\\/\"}}]}<\/script>\n<!-- \/ Yoast SEO plugin. -->","yoast_head_json":{"title":"22 Ayar Telkari Alt\u0131n Saplama | telkari i\u015f\u00e7ili\u011fi | PureJewels UK","description":"Bu 22 ayar alt\u0131n k\u00fcpeler telkari bir tasar\u0131ma sahiptir. Hafiftirler ve her k\u0131yafet i\u00e7in m\u00fckemmel bir aksesuard\u0131r. Bug\u00fcn Online Sat\u0131n Al\u0131n!","robots":{"index":"index","follow":"follow","max-snippet":"max-snippet:-1","max-image-preview":"max-image-preview:large","max-video-preview":"max-video-preview:-1"},"canonical":"https:\/\/www.purejewels.com\/tr\/urun\/22-ayar-altin-telkari-saplama-kupe-43867\/","og_locale":"tr_TR","og_type":"article","og_title":"22ct Filigree Gold Stud | filigree craftsmanship | PureJewels UK","og_description":"These 22ct gold stud earrings feature a filigree design. They are lightweight and the perfect accessory for any outfit. Purchase Online today!","og_url":"https:\/\/www.purejewels.com\/tr\/urun\/22-ayar-altin-telkari-saplama-kupe-43867\/","og_site_name":"PureJewels UK","article_modified_time":"2025-05-22T10:23:16+00:00","og_image":[{"width":1000,"height":1000,"url":"https:\/\/www.purejewels.com\/wp-content\/uploads\/2022\/11\/43867-1.jpg","type":"image\/jpeg"}],"twitter_card":"summary_large_image","twitter_misc":{"Tahmini okuma s\u00fcresi":"1 dakika"},"schema":{"@context":"https:\/\/schema.org","@graph":[{"@type":["WebPage","ItemPage"],"@id":"https:\/\/www.purejewels.com\/product\/22ct-gold-filigree-stud-earring-43867\/","url":"https:\/\/www.purejewels.com\/product\/22ct-gold-filigree-stud-earring-43867\/","name":"22 Ayar Telkari Alt\u0131n Saplama | telkari i\u015f\u00e7ili\u011fi | PureJewels UK","isPartOf":{"@id":"https:\/\/www.purejewels.com\/#website"},"primaryImageOfPage":{"@id":"https:\/\/www.purejewels.com\/product\/22ct-gold-filigree-stud-earring-43867\/#primaryimage"},"image":{"@id":"https:\/\/www.purejewels.com\/product\/22ct-gold-filigree-stud-earring-43867\/#primaryimage"},"thumbnailUrl":"https:\/\/static.purejewels.com\/wp-content\/uploads\/2022\/11\/43867-1.jpg","datePublished":"2022-12-06T06:11:28+00:00","dateModified":"2025-05-22T10:23:16+00:00","description":"Bu 22 ayar alt\u0131n k\u00fcpeler telkari bir tasar\u0131ma sahiptir. Hafiftirler ve her k\u0131yafet i\u00e7in m\u00fckemmel bir aksesuard\u0131r. Bug\u00fcn Online Sat\u0131n Al\u0131n!","breadcrumb":{"@id":"https:\/\/www.purejewels.com\/product\/22ct-gold-filigree-stud-earring-43867\/#breadcrumb"},"inLanguage":"tr","potentialAction":[{"@type":"ReadAction","target":["https:\/\/www.purejewels.com\/product\/22ct-gold-filigree-stud-earring-43867\/"]}]},{"@type":"ImageObject","inLanguage":"tr","@id":"https:\/\/www.purejewels.com\/product\/22ct-gold-filigree-stud-earring-43867\/#primaryimage","url":"https:\/\/static.purejewels.com\/wp-content\/uploads\/2022\/11\/43867-1.jpg","contentUrl":"https:\/\/static.purejewels.com\/wp-content\/uploads\/2022\/11\/43867-1.jpg","width":1000,"height":1000,"caption":"22ct Gold Filigree Stud Earring | Jali Collections"},{"@type":"BreadcrumbList","@id":"https:\/\/www.purejewels.com\/product\/22ct-gold-filigree-stud-earring-43867\/#breadcrumb","itemListElement":[{"@type":"ListItem","position":1,"name":"Home","item":"https:\/\/www.purejewels.com\/"},{"@type":"ListItem","position":2,"name":"Shop","item":"https:\/\/www.purejewels.com\/shop\/"},{"@type":"ListItem","position":3,"name":"22ct Gold Filigree Stud Earring | Jali Collections"}]},{"@type":"WebSite","@id":"https:\/\/www.purejewels.com\/#website","url":"https:\/\/www.purejewels.com\/","name":"PureJewels \u0130ngiltere","description":"Sevgiyi Payla\u015f\u0131n","publisher":{"@id":"https:\/\/www.purejewels.com\/#organization"},"potentialAction":[{"@type":"SearchAction","target":{"@type":"EntryPoint","urlTemplate":"https:\/\/www.purejewels.com\/?s={search_term_string}"},"query-input":{"@type":"PropertyValueSpecification","valueRequired":true,"valueName":"search_term_string"}}],"inLanguage":"tr"},{"@type":"Organization","@id":"https:\/\/www.purejewels.com\/#organization","name":"PureJewels \u0130ngiltere","url":"https:\/\/www.purejewels.com\/","logo":{"@type":"ImageObject","inLanguage":"tr","@id":"https:\/\/www.purejewels.com\/#\/schema\/logo\/image\/","url":"https:\/\/static.purejewels.com\/wp-content\/uploads\/2020\/11\/Logo-PJ-New-1.png","contentUrl":"https:\/\/static.purejewels.com\/wp-content\/uploads\/2020\/11\/Logo-PJ-New-1.png","width":150,"height":80,"caption":"PureJewels UK"},"image":{"@id":"https:\/\/www.purejewels.com\/#\/schema\/logo\/image\/"}}]}},"_links":{"self":[{"href":"https:\/\/www.purejewels.com\/tr\/wp-json\/wp\/v2\/product\/341065","targetHints":{"allow":["GET"]}}],"collection":[{"href":"https:\/\/www.purejewels.com\/tr\/wp-json\/wp\/v2\/product"}],"about":[{"href":"https:\/\/www.purejewels.com\/tr\/wp-json\/wp\/v2\/types\/product"}],"replies":[{"embeddable":true,"href":"https:\/\/www.purejewels.com\/tr\/wp-json\/wp\/v2\/comments?post=341065"}],"version-history":[{"count":1,"href":"https:\/\/www.purejewels.com\/tr\/wp-json\/wp\/v2\/product\/341065\/revisions"}],"predecessor-version":[{"id":385766,"href":"https:\/\/www.purejewels.com\/tr\/wp-json\/wp\/v2\/product\/341065\/revisions\/385766"}],"wp:featuredmedia":[{"embeddable":true,"href":"https:\/\/www.purejewels.com\/tr\/wp-json\/wp\/v2\/media\/341501"}],"wp:attachment":[{"href":"https:\/\/www.purejewels.com\/tr\/wp-json\/wp\/v2\/media?parent=341065"}],"wp:term":[{"taxonomy":"product_brand","embeddable":true,"href":"https:\/\/www.purejewels.com\/tr\/wp-json\/wp\/v2\/product_brand?post=341065"},{"taxonomy":"product_cat","embeddable":true,"href":"https:\/\/www.purejewels.com\/tr\/wp-json\/wp\/v2\/product_cat?post=341065"},{"taxonomy":"product_tag","embeddable":true,"href":"https:\/\/www.purejewels.com\/tr\/wp-json\/wp\/v2\/product_tag?post=341065"}],"curies":[{"name":"wp","href":"https:\/\/api.w.org\/{rel}","templated":true}]}}