{"id":341353,"date":"2022-11-28T07:45:57","date_gmt":"2022-11-28T07:45:57","guid":{"rendered":"https:\/\/www.purejewels.com\/?post_type=product&#038;p=341353"},"modified":"2026-04-01T12:55:01","modified_gmt":"2026-04-01T11:55:01","slug":"22-ayar-altin-bayan-duz-halka-kupe-52210","status":"publish","type":"product","link":"https:\/\/www.purejewels.com\/tr\/product\/22ct-gold-ladies-plain-hoop-earring-52210\/","title":{"rendered":"22 Ayar Alt\u0131n Bayan D\u00fcz Halka K\u00fcpe"},"content":{"rendered":"<p>Parlak 22 ayar alt\u0131ndan \u00fcretilen bu klasik halka k\u00fcpeler sadeli\u011fi sofistike bir \u015fekilde harmanl\u0131yor. \u015e\u0131k, cilal\u0131 bir y\u00fczeye ve 22 mm'lik c\u00f6mert bir i\u00e7 \u00e7apa sahip olan bu halkalar, duru\u015f ve rahatl\u0131\u011f\u0131n do\u011fru dengesini sunar. Hafif ama etkili olan bu halka k\u00fcpeler hem g\u00fcnl\u00fck s\u00fcslemeler hem de \u00f6zel g\u00fcnler i\u00e7in idealdir. Safl\u0131k damgas\u0131 ta\u015f\u0131yan ve uzun s\u00fcre dayanacak \u015fekilde \u00fcretilen bu halkalar, PureJewels'in kal\u0131c\u0131 i\u015f\u00e7ilik ve abart\u0131s\u0131z l\u00fckse olan ba\u011fl\u0131l\u0131\u011f\u0131n\u0131 yans\u0131t\u0131r.<\/p>","protected":false},"excerpt":{"rendered":"<p>P\u00fcr\u00fczs\u00fcz, y\u00fcksek cilal\u0131 y\u00fczey ve 22 mm i\u00e7 \u00e7apa sahip, zamans\u0131z \u015f\u0131kl\u0131kta 22 ayar alt\u0131n halka k\u00fcpeler. G\u00fcnl\u00fck kullan\u0131m veya katmanl\u0131 stil i\u00e7in m\u00fckemmeldir.<\/p>\n<p><strong>Malzeme:<\/strong>\u00a022 Ayar Alt\u0131n<strong><br \/>\nHallmark:\u00a0<\/strong>\u0130ngiliz Damgas\u0131<strong><br \/>\n<\/strong><strong>Br\u00fct A\u011f\u0131rl\u0131k: <\/strong>3 Gms<br \/>\n<strong>\u0130\u00e7 \u00e7ap<\/strong>: 22 mm<br \/>\n<strong>SKU<\/strong>: 51874, 53966, 53968, 53971, 53973, 53975, 53976, 54705<\/p>\n<p><strong>Fiyat ve Teslimat<\/strong>: KDV ve teslimat \u00fccretleri dahil<\/p>\n<p><a href=\"https:\/\/www.purejewels.com\/tr\/i%cc%87ade-poli%cc%87ti%cc%87kasi\/\">\u0130ade Politikas\u0131<\/a><\/p>","protected":false},"featured_media":402215,"comment_status":"closed","ping_status":"closed","template":"","meta":{"_eb_attr":"","_crsspst_to_jayantr4sg-hostcom":true},"product_brand":[],"product_cat":[1559,1794,1793,1254,1579,5344,1570,5608,1574,5349],"product_tag":[66],"class_list":{"0":"post-341353","1":"product","2":"type-product","3":"status-publish","4":"has-post-thumbnail","6":"product_cat-birthday-gifts","7":"product_cat-christmas-gifts","8":"product_cat-diwali-gifts","9":"product_cat-gold-earrings","10":"product_cat-hoop-earrings","11":"product_cat-jewellery-under-750","12":"product_cat-mothers-day-gifts","13":"product_cat-simple-hoops","14":"product_cat-womens-jewellery","15":"product_cat-yellow-gold-jewellery","16":"product_tag-earrings","18":"first","19":"instock","20":"taxable","21":"shipping-taxable","22":"purchasable","23":"product-type-simple","24":"add-to-wishlist-before_image"},"yoast_head":"<!-- This site is optimized with the Yoast SEO plugin v27.3 - https:\/\/yoast.com\/product\/yoast-seo-wordpress\/ -->\n<title>22ct Gold Ladies Plain Hoop Earring Available Online<\/title>\n<meta name=\"description\" content=\"Add a touch of sophistication to your look with these 22ct Gold Ladies Plain Hoop Earrings. Order online for free UK delivery.\" \/>\n<meta name=\"robots\" content=\"index, follow, max-snippet:-1, max-image-preview:large, max-video-preview:-1\" \/>\n<link rel=\"canonical\" href=\"https:\/\/www.purejewels.com\/tr\/urun\/22-ayar-altin-bayan-duz-halka-kupe-52210\/\" \/>\n<meta property=\"og:locale\" content=\"tr_TR\" \/>\n<meta property=\"og:type\" content=\"article\" \/>\n<meta property=\"og:title\" content=\"22ct Gold Ladies Plain Hoop Earring Available Online\" \/>\n<meta property=\"og:description\" content=\"Add a touch of sophistication to your look with these 22ct Gold Ladies Plain Hoop Earrings. Order online for free UK delivery.\" \/>\n<meta property=\"og:url\" content=\"https:\/\/www.purejewels.com\/tr\/urun\/22-ayar-altin-bayan-duz-halka-kupe-52210\/\" \/>\n<meta property=\"og:site_name\" content=\"PureJewels UK\" \/>\n<meta property=\"article:modified_time\" content=\"2026-04-01T11:55:01+00:00\" \/>\n<meta property=\"og:image\" content=\"https:\/\/static.purejewels.com\/wp-content\/uploads\/2022\/11\/SKU-52208.png\" \/>\n\t<meta property=\"og:image:width\" content=\"1000\" \/>\n\t<meta property=\"og:image:height\" content=\"1000\" \/>\n\t<meta property=\"og:image:type\" content=\"image\/png\" \/>\n<meta name=\"twitter:card\" content=\"summary_large_image\" \/>\n<meta name=\"twitter:label1\" content=\"Tahmini okuma s\u00fcresi\" \/>\n\t<meta name=\"twitter:data1\" content=\"1 dakika\" \/>\n<script type=\"application\/ld+json\" class=\"yoast-schema-graph\">{\"@context\":\"https:\\\/\\\/schema.org\",\"@graph\":[{\"@type\":[\"WebPage\",\"ItemPage\"],\"@id\":\"https:\\\/\\\/www.purejewels.com\\\/product\\\/22ct-gold-ladies-plain-hoop-earring-52210\\\/\",\"url\":\"https:\\\/\\\/www.purejewels.com\\\/product\\\/22ct-gold-ladies-plain-hoop-earring-52210\\\/\",\"name\":\"22ct Gold Ladies Plain Hoop Earring Available Online\",\"isPartOf\":{\"@id\":\"https:\\\/\\\/www.purejewels.com\\\/#website\"},\"primaryImageOfPage\":{\"@id\":\"https:\\\/\\\/www.purejewels.com\\\/product\\\/22ct-gold-ladies-plain-hoop-earring-52210\\\/#primaryimage\"},\"image\":{\"@id\":\"https:\\\/\\\/www.purejewels.com\\\/product\\\/22ct-gold-ladies-plain-hoop-earring-52210\\\/#primaryimage\"},\"thumbnailUrl\":\"https:\\\/\\\/static.purejewels.com\\\/wp-content\\\/uploads\\\/2022\\\/11\\\/SKU-52208.png\",\"datePublished\":\"2022-11-28T07:45:57+00:00\",\"dateModified\":\"2026-04-01T11:55:01+00:00\",\"description\":\"Add a touch of sophistication to your look with these 22ct Gold Ladies Plain Hoop Earrings. Order online for free UK delivery.\",\"breadcrumb\":{\"@id\":\"https:\\\/\\\/www.purejewels.com\\\/product\\\/22ct-gold-ladies-plain-hoop-earring-52210\\\/#breadcrumb\"},\"inLanguage\":\"tr\",\"potentialAction\":[{\"@type\":\"ReadAction\",\"target\":[\"https:\\\/\\\/www.purejewels.com\\\/product\\\/22ct-gold-ladies-plain-hoop-earring-52210\\\/\"]}]},{\"@type\":\"ImageObject\",\"inLanguage\":\"tr\",\"@id\":\"https:\\\/\\\/www.purejewels.com\\\/product\\\/22ct-gold-ladies-plain-hoop-earring-52210\\\/#primaryimage\",\"url\":\"https:\\\/\\\/static.purejewels.com\\\/wp-content\\\/uploads\\\/2022\\\/11\\\/SKU-52208.png\",\"contentUrl\":\"https:\\\/\\\/static.purejewels.com\\\/wp-content\\\/uploads\\\/2022\\\/11\\\/SKU-52208.png\",\"width\":1000,\"height\":1000,\"caption\":\"22ct Gold Ladies Plain Hoop Earring\"},{\"@type\":\"BreadcrumbList\",\"@id\":\"https:\\\/\\\/www.purejewels.com\\\/product\\\/22ct-gold-ladies-plain-hoop-earring-52210\\\/#breadcrumb\",\"itemListElement\":[{\"@type\":\"ListItem\",\"position\":1,\"name\":\"Home\",\"item\":\"https:\\\/\\\/www.purejewels.com\\\/\"},{\"@type\":\"ListItem\",\"position\":2,\"name\":\"Shop\",\"item\":\"https:\\\/\\\/www.purejewels.com\\\/shop\\\/\"},{\"@type\":\"ListItem\",\"position\":3,\"name\":\"22ct Gold Ladies Plain Hoop Earring\"}]},{\"@type\":\"WebSite\",\"@id\":\"https:\\\/\\\/www.purejewels.com\\\/#website\",\"url\":\"https:\\\/\\\/www.purejewels.com\\\/\",\"name\":\"PureJewels UK\",\"description\":\"Share the Love\",\"publisher\":{\"@id\":\"https:\\\/\\\/www.purejewels.com\\\/#organization\"},\"potentialAction\":[{\"@type\":\"SearchAction\",\"target\":{\"@type\":\"EntryPoint\",\"urlTemplate\":\"https:\\\/\\\/www.purejewels.com\\\/?s={search_term_string}\"},\"query-input\":{\"@type\":\"PropertyValueSpecification\",\"valueRequired\":true,\"valueName\":\"search_term_string\"}}],\"inLanguage\":\"tr\"},{\"@type\":\"Organization\",\"@id\":\"https:\\\/\\\/www.purejewels.com\\\/#organization\",\"name\":\"PureJewels UK\",\"url\":\"https:\\\/\\\/www.purejewels.com\\\/\",\"logo\":{\"@type\":\"ImageObject\",\"inLanguage\":\"tr\",\"@id\":\"https:\\\/\\\/www.purejewels.com\\\/#\\\/schema\\\/logo\\\/image\\\/\",\"url\":\"https:\\\/\\\/static.purejewels.com\\\/wp-content\\\/uploads\\\/2020\\\/11\\\/Logo-PJ-New-1.png\",\"contentUrl\":\"https:\\\/\\\/static.purejewels.com\\\/wp-content\\\/uploads\\\/2020\\\/11\\\/Logo-PJ-New-1.png\",\"width\":150,\"height\":80,\"caption\":\"PureJewels UK\"},\"image\":{\"@id\":\"https:\\\/\\\/www.purejewels.com\\\/#\\\/schema\\\/logo\\\/image\\\/\"}}]}<\/script>\n<!-- \/ Yoast SEO plugin. -->","yoast_head_json":{"title":"22 Ayar Alt\u0131n Bayan D\u00fcz Halka K\u00fcpe Online Sat\u0131\u015fta","description":"Bu 22 Ayar Alt\u0131n Bayan D\u00fcz Halka K\u00fcpeler ile g\u00f6r\u00fcn\u00fcm\u00fcn\u00fcze sofistike bir dokunu\u015f kat\u0131n. \u00dccretsiz \u0130ngiltere teslimat\u0131 i\u00e7in online sipari\u015f verin.","robots":{"index":"index","follow":"follow","max-snippet":"max-snippet:-1","max-image-preview":"max-image-preview:large","max-video-preview":"max-video-preview:-1"},"canonical":"https:\/\/www.purejewels.com\/tr\/urun\/22-ayar-altin-bayan-duz-halka-kupe-52210\/","og_locale":"tr_TR","og_type":"article","og_title":"22ct Gold Ladies Plain Hoop Earring Available Online","og_description":"Add a touch of sophistication to your look with these 22ct Gold Ladies Plain Hoop Earrings. Order online for free UK delivery.","og_url":"https:\/\/www.purejewels.com\/tr\/urun\/22-ayar-altin-bayan-duz-halka-kupe-52210\/","og_site_name":"PureJewels UK","article_modified_time":"2026-04-01T11:55:01+00:00","og_image":[{"width":1000,"height":1000,"url":"https:\/\/static.purejewels.com\/wp-content\/uploads\/2022\/11\/SKU-52208.png","type":"image\/png"}],"twitter_card":"summary_large_image","twitter_misc":{"Tahmini okuma s\u00fcresi":"1 dakika"},"schema":{"@context":"https:\/\/schema.org","@graph":[{"@type":["WebPage","ItemPage"],"@id":"https:\/\/www.purejewels.com\/product\/22ct-gold-ladies-plain-hoop-earring-52210\/","url":"https:\/\/www.purejewels.com\/product\/22ct-gold-ladies-plain-hoop-earring-52210\/","name":"22 Ayar Alt\u0131n Bayan D\u00fcz Halka K\u00fcpe Online Sat\u0131\u015fta","isPartOf":{"@id":"https:\/\/www.purejewels.com\/#website"},"primaryImageOfPage":{"@id":"https:\/\/www.purejewels.com\/product\/22ct-gold-ladies-plain-hoop-earring-52210\/#primaryimage"},"image":{"@id":"https:\/\/www.purejewels.com\/product\/22ct-gold-ladies-plain-hoop-earring-52210\/#primaryimage"},"thumbnailUrl":"https:\/\/static.purejewels.com\/wp-content\/uploads\/2022\/11\/SKU-52208.png","datePublished":"2022-11-28T07:45:57+00:00","dateModified":"2026-04-01T11:55:01+00:00","description":"Bu 22 Ayar Alt\u0131n Bayan D\u00fcz Halka K\u00fcpeler ile g\u00f6r\u00fcn\u00fcm\u00fcn\u00fcze sofistike bir dokunu\u015f kat\u0131n. \u00dccretsiz \u0130ngiltere teslimat\u0131 i\u00e7in online sipari\u015f verin.","breadcrumb":{"@id":"https:\/\/www.purejewels.com\/product\/22ct-gold-ladies-plain-hoop-earring-52210\/#breadcrumb"},"inLanguage":"tr","potentialAction":[{"@type":"ReadAction","target":["https:\/\/www.purejewels.com\/product\/22ct-gold-ladies-plain-hoop-earring-52210\/"]}]},{"@type":"ImageObject","inLanguage":"tr","@id":"https:\/\/www.purejewels.com\/product\/22ct-gold-ladies-plain-hoop-earring-52210\/#primaryimage","url":"https:\/\/static.purejewels.com\/wp-content\/uploads\/2022\/11\/SKU-52208.png","contentUrl":"https:\/\/static.purejewels.com\/wp-content\/uploads\/2022\/11\/SKU-52208.png","width":1000,"height":1000,"caption":"22ct Gold Ladies Plain Hoop Earring"},{"@type":"BreadcrumbList","@id":"https:\/\/www.purejewels.com\/product\/22ct-gold-ladies-plain-hoop-earring-52210\/#breadcrumb","itemListElement":[{"@type":"ListItem","position":1,"name":"Home","item":"https:\/\/www.purejewels.com\/"},{"@type":"ListItem","position":2,"name":"Shop","item":"https:\/\/www.purejewels.com\/shop\/"},{"@type":"ListItem","position":3,"name":"22ct Gold Ladies Plain Hoop Earring"}]},{"@type":"WebSite","@id":"https:\/\/www.purejewels.com\/#website","url":"https:\/\/www.purejewels.com\/","name":"PureJewels \u0130ngiltere","description":"Sevgiyi Payla\u015f\u0131n","publisher":{"@id":"https:\/\/www.purejewels.com\/#organization"},"potentialAction":[{"@type":"SearchAction","target":{"@type":"EntryPoint","urlTemplate":"https:\/\/www.purejewels.com\/?s={search_term_string}"},"query-input":{"@type":"PropertyValueSpecification","valueRequired":true,"valueName":"search_term_string"}}],"inLanguage":"tr"},{"@type":"Organization","@id":"https:\/\/www.purejewels.com\/#organization","name":"PureJewels \u0130ngiltere","url":"https:\/\/www.purejewels.com\/","logo":{"@type":"ImageObject","inLanguage":"tr","@id":"https:\/\/www.purejewels.com\/#\/schema\/logo\/image\/","url":"https:\/\/static.purejewels.com\/wp-content\/uploads\/2020\/11\/Logo-PJ-New-1.png","contentUrl":"https:\/\/static.purejewels.com\/wp-content\/uploads\/2020\/11\/Logo-PJ-New-1.png","width":150,"height":80,"caption":"PureJewels UK"},"image":{"@id":"https:\/\/www.purejewels.com\/#\/schema\/logo\/image\/"}}]}},"_links":{"self":[{"href":"https:\/\/www.purejewels.com\/tr\/wp-json\/wp\/v2\/product\/341353","targetHints":{"allow":["GET"]}}],"collection":[{"href":"https:\/\/www.purejewels.com\/tr\/wp-json\/wp\/v2\/product"}],"about":[{"href":"https:\/\/www.purejewels.com\/tr\/wp-json\/wp\/v2\/types\/product"}],"replies":[{"embeddable":true,"href":"https:\/\/www.purejewels.com\/tr\/wp-json\/wp\/v2\/comments?post=341353"}],"version-history":[{"count":3,"href":"https:\/\/www.purejewels.com\/tr\/wp-json\/wp\/v2\/product\/341353\/revisions"}],"predecessor-version":[{"id":426642,"href":"https:\/\/www.purejewels.com\/tr\/wp-json\/wp\/v2\/product\/341353\/revisions\/426642"}],"wp:featuredmedia":[{"embeddable":true,"href":"https:\/\/www.purejewels.com\/tr\/wp-json\/wp\/v2\/media\/402215"}],"wp:attachment":[{"href":"https:\/\/www.purejewels.com\/tr\/wp-json\/wp\/v2\/media?parent=341353"}],"wp:term":[{"taxonomy":"product_brand","embeddable":true,"href":"https:\/\/www.purejewels.com\/tr\/wp-json\/wp\/v2\/product_brand?post=341353"},{"taxonomy":"product_cat","embeddable":true,"href":"https:\/\/www.purejewels.com\/tr\/wp-json\/wp\/v2\/product_cat?post=341353"},{"taxonomy":"product_tag","embeddable":true,"href":"https:\/\/www.purejewels.com\/tr\/wp-json\/wp\/v2\/product_tag?post=341353"}],"curies":[{"name":"wp","href":"https:\/\/api.w.org\/{rel}","templated":true}]}}