{"id":341616,"date":"2022-11-07T13:32:52","date_gmt":"2022-11-07T13:32:52","guid":{"rendered":"https:\/\/www.purejewels.com\/?post_type=product&#038;p=341616"},"modified":"2026-05-11T07:56:55","modified_gmt":"2026-05-11T06:56:55","slug":"18-ayar-beyaz-altin-pirlanta-egri-mangalsutra-46417","status":"publish","type":"product","link":"https:\/\/www.purejewels.com\/tr\/product\/18ct-white-gold-diamond-curve-mangalsutra-46417\/","title":{"rendered":"18 Ayar Beyaz Alt\u0131n P\u0131rlanta E\u011fri Mangalsutra"},"content":{"rendered":"<p>Gelene\u011fi \u00e7a\u011fda\u015f tasar\u0131mla zarif bir \u015fekilde harmanlayan 18 Ayar Beyaz Alt\u0131n P\u0131rlanta Curve Mangalsutra Kolye, modern zarafetin zarif bir ifadesidir.<\/p>\n<p>Merkez par\u00e7as\u0131, \u0131\u015f\u0131\u011f\u0131 ince bir parlakl\u0131kla yakalayan p\u0131r\u0131lt\u0131l\u0131 elmaslarla ayarlanm\u0131\u015f, nazik\u00e7e \u015fekillendirilmi\u015f bir kavise sahiptir. Bu ak\u0131c\u0131 form yumu\u015fak, kad\u0131ns\u0131 bir siluet yarat\u0131yor; zarif ama abart\u0131s\u0131z. Klasik bir siyah boncuk zincir \u00fczerinde as\u0131l\u0131 olan tasar\u0131m, mangalsutran\u0131n sembolik \u00f6z\u00fcn\u00fc onurland\u0131r\u0131rken daha \u00e7a\u011fda\u015f bir esteti\u011fi benimsiyor.<\/p>\n<p>I\u015f\u0131lt\u0131l\u0131 18 ayar beyaz alt\u0131ndan \u00fcretilen bu p\u0131rlanta mangalsutra hem dayan\u0131kl\u0131l\u0131k hem de sofistike bir g\u00f6r\u00fcn\u00fcm sunuyor. Hafif yap\u0131s\u0131 g\u00fcnl\u00fck kullan\u0131m i\u00e7in rahatl\u0131k sa\u011flarken, zarif detaylar\u0131 onu \u00f6zel g\u00fcnler i\u00e7in de e\u015fit derecede uygun hale getirir.<\/p>\n<p>Modern kad\u0131nlar i\u00e7in tasarlanan bu par\u00e7a, g\u00fcnd\u00fczden geceye zahmetsizce ge\u00e7i\u015f yaparak m\u00fccevher koleksiyonunuza zamans\u0131z bir katk\u0131 sa\u011flar.<\/p>\n<p>Her g\u00fcn yolculu\u011funuza e\u015flik etmek \u00fczere haz\u0131rlanm\u0131\u015f, zarafetle yeniden tasarlanm\u0131\u015f bir miras kutlamas\u0131.<\/p>","protected":false},"excerpt":{"rendered":"<p>18 ayar beyaz alt\u0131n, siyah boncuklu, p\u0131rlanta k\u0131vr\u0131ml\u0131 mangalsutra kolye, modern \u015f\u0131kl\u0131k ve g\u00fcnl\u00fck kullan\u0131m i\u00e7in tasarlanm\u0131\u015ft\u0131r.<\/p>\n<ul>\n<li>18ct <span id=\"urn:enhancement-f3cda60\" class=\"textannotation\">Alt\u0131n<\/span>\u00a0<span id=\"urn:enhancement-ca833d9f\" class=\"textannotation\">Mangalsutra<\/span><\/li>\n<li><span id=\"urn:enhancement-c29abd9a\" class=\"textannotation\">A\u011f\u0131rl\u0131k<\/span>: 7,7 gms<\/li>\n<li>P\u0131rlanta A\u011f\u0131rl\u0131\u011f\u0131 0.81ct<\/li>\n<li><span id=\"urn:enhancement-935c9453\" class=\"textannotation\">SKU<\/span>. 46417<\/li>\n<li>T\u00fcm\u00fc\u00a0<span id=\"urn:enhancement-75b5942b\" class=\"textannotation\">fiyatlar<\/span>\u00a0KDV dahil<\/li>\n<li>Sunum Kutusu ile Birlikte Gelir<\/li>\n<li><span id=\"urn:enhancement-e06c9b71\" class=\"textannotation\">Teslimat<\/span>\u00a0Dahildir<\/li>\n<li>Canl\u0131\u00a0<span id=\"urn:enhancement-60df707d\" class=\"textannotation\">sohbet<\/span>\u00a0kullan\u0131labilirlik ve \u015fu anda mevcut olan benzer tasar\u0131mlar\u0131n daha fazla g\u00f6r\u00fcnt\u00fcs\u00fc i\u00e7in bizimle\u00a0<span id=\"urn:enhancement-973de08f\" class=\"textannotation\">stok<\/span><\/li>\n<li>Daha fazla ke\u015ffedin Mangalsutra<\/li>\n<\/ul>","protected":false},"featured_media":353186,"comment_status":"closed","ping_status":"closed","template":"","meta":{"_eb_attr":"","_crsspst_to_jayantr4sg-hostcom":true},"product_brand":[],"product_cat":[5679,6087,1791,1559,5457,5461,1284,1776,1574],"product_tag":[],"class_list":{"0":"post-341616","1":"product","2":"type-product","3":"status-publish","4":"has-post-thumbnail","6":"product_cat-18ct-gold-jewellery","7":"product_cat-18ct-gold-managlsutra","8":"product_cat-anniversary-gifts","9":"product_cat-birthday-gifts","10":"product_cat-diamond-jewellery","11":"product_cat-diamond-mangalsutras","12":"product_cat-gold-mangalsutras","13":"product_cat-occasional-wear-mangalsutras","14":"product_cat-womens-jewellery","16":"first","17":"instock","18":"taxable","19":"shipping-taxable","20":"purchasable","21":"product-type-simple","22":"add-to-wishlist-before_image"},"yoast_head":"<!-- This site is optimized with the Yoast SEO plugin v27.5 - https:\/\/yoast.com\/product\/yoast-seo-wordpress\/ -->\n<title>Shop 18ct Gold Diamond Curve Mangalsutra with Black Beads<\/title>\n<meta name=\"description\" content=\"Shop 18ct white gold diamond curve mangalsutra necklace with black bead chain. A modern, elegant mangalsutra design crafted by PureJewels UK.\" \/>\n<meta name=\"robots\" content=\"index, follow, max-snippet:-1, max-image-preview:large, max-video-preview:-1\" \/>\n<link rel=\"canonical\" href=\"https:\/\/www.purejewels.com\/tr\/urun\/18-ayar-beyaz-altin-pirlanta-egri-mangalsutra-46417\/\" \/>\n<meta property=\"og:locale\" content=\"tr_TR\" \/>\n<meta property=\"og:type\" content=\"article\" \/>\n<meta property=\"og:title\" content=\"Shop 18ct Gold Diamond Curve Mangalsutra with Black Beads\" \/>\n<meta property=\"og:description\" content=\"Shop 18ct white gold diamond curve mangalsutra necklace with black bead chain. A modern, elegant mangalsutra design crafted by PureJewels UK.\" \/>\n<meta property=\"og:url\" content=\"https:\/\/www.purejewels.com\/tr\/urun\/18-ayar-beyaz-altin-pirlanta-egri-mangalsutra-46417\/\" \/>\n<meta property=\"og:site_name\" content=\"PureJewels UK\" \/>\n<meta property=\"article:modified_time\" content=\"2026-05-11T06:56:55+00:00\" \/>\n<meta property=\"og:image\" content=\"https:\/\/static.purejewels.com\/wp-content\/uploads\/2022\/11\/494.jpg\" \/>\n\t<meta property=\"og:image:width\" content=\"1000\" \/>\n\t<meta property=\"og:image:height\" content=\"1000\" \/>\n\t<meta property=\"og:image:type\" content=\"image\/jpeg\" \/>\n<meta name=\"twitter:card\" content=\"summary_large_image\" \/>\n<meta name=\"twitter:label1\" content=\"Tahmini okuma s\u00fcresi\" \/>\n\t<meta name=\"twitter:data1\" content=\"1 dakika\" \/>\n<script type=\"application\/ld+json\" class=\"yoast-schema-graph\">{\"@context\":\"https:\\\/\\\/schema.org\",\"@graph\":[{\"@type\":[\"WebPage\",\"ItemPage\"],\"@id\":\"https:\\\/\\\/www.purejewels.com\\\/product\\\/18ct-white-gold-diamond-curve-mangalsutra-46417\\\/\",\"url\":\"https:\\\/\\\/www.purejewels.com\\\/product\\\/18ct-white-gold-diamond-curve-mangalsutra-46417\\\/\",\"name\":\"Shop 18ct Gold Diamond Curve Mangalsutra with Black Beads\",\"isPartOf\":{\"@id\":\"https:\\\/\\\/www.purejewels.com\\\/#website\"},\"primaryImageOfPage\":{\"@id\":\"https:\\\/\\\/www.purejewels.com\\\/product\\\/18ct-white-gold-diamond-curve-mangalsutra-46417\\\/#primaryimage\"},\"image\":{\"@id\":\"https:\\\/\\\/www.purejewels.com\\\/product\\\/18ct-white-gold-diamond-curve-mangalsutra-46417\\\/#primaryimage\"},\"thumbnailUrl\":\"https:\\\/\\\/static.purejewels.com\\\/wp-content\\\/uploads\\\/2022\\\/11\\\/494.jpg\",\"datePublished\":\"2022-11-07T13:32:52+00:00\",\"dateModified\":\"2026-05-11T06:56:55+00:00\",\"description\":\"Shop 18ct white gold diamond curve mangalsutra necklace with black bead chain. A modern, elegant mangalsutra design crafted by PureJewels UK.\",\"breadcrumb\":{\"@id\":\"https:\\\/\\\/www.purejewels.com\\\/product\\\/18ct-white-gold-diamond-curve-mangalsutra-46417\\\/#breadcrumb\"},\"inLanguage\":\"tr\",\"potentialAction\":[{\"@type\":\"ReadAction\",\"target\":[\"https:\\\/\\\/www.purejewels.com\\\/product\\\/18ct-white-gold-diamond-curve-mangalsutra-46417\\\/\"]}]},{\"@type\":\"ImageObject\",\"inLanguage\":\"tr\",\"@id\":\"https:\\\/\\\/www.purejewels.com\\\/product\\\/18ct-white-gold-diamond-curve-mangalsutra-46417\\\/#primaryimage\",\"url\":\"https:\\\/\\\/static.purejewels.com\\\/wp-content\\\/uploads\\\/2022\\\/11\\\/494.jpg\",\"contentUrl\":\"https:\\\/\\\/static.purejewels.com\\\/wp-content\\\/uploads\\\/2022\\\/11\\\/494.jpg\",\"width\":1000,\"height\":1000,\"caption\":\"18ct White Gold Mangalsutra\"},{\"@type\":\"BreadcrumbList\",\"@id\":\"https:\\\/\\\/www.purejewels.com\\\/product\\\/18ct-white-gold-diamond-curve-mangalsutra-46417\\\/#breadcrumb\",\"itemListElement\":[{\"@type\":\"ListItem\",\"position\":1,\"name\":\"Home\",\"item\":\"https:\\\/\\\/www.purejewels.com\\\/\"},{\"@type\":\"ListItem\",\"position\":2,\"name\":\"Shop\",\"item\":\"https:\\\/\\\/www.purejewels.com\\\/shop\\\/\"},{\"@type\":\"ListItem\",\"position\":3,\"name\":\"18ct White Gold Diamond Curve Mangalsutra\"}]},{\"@type\":\"WebSite\",\"@id\":\"https:\\\/\\\/www.purejewels.com\\\/#website\",\"url\":\"https:\\\/\\\/www.purejewels.com\\\/\",\"name\":\"PureJewels UK\",\"description\":\"Share the Love\",\"publisher\":{\"@id\":\"https:\\\/\\\/www.purejewels.com\\\/#organization\"},\"potentialAction\":[{\"@type\":\"SearchAction\",\"target\":{\"@type\":\"EntryPoint\",\"urlTemplate\":\"https:\\\/\\\/www.purejewels.com\\\/?s={search_term_string}\"},\"query-input\":{\"@type\":\"PropertyValueSpecification\",\"valueRequired\":true,\"valueName\":\"search_term_string\"}}],\"inLanguage\":\"tr\"},{\"@type\":\"Organization\",\"@id\":\"https:\\\/\\\/www.purejewels.com\\\/#organization\",\"name\":\"PureJewels UK\",\"url\":\"https:\\\/\\\/www.purejewels.com\\\/\",\"logo\":{\"@type\":\"ImageObject\",\"inLanguage\":\"tr\",\"@id\":\"https:\\\/\\\/www.purejewels.com\\\/#\\\/schema\\\/logo\\\/image\\\/\",\"url\":\"https:\\\/\\\/static.purejewels.com\\\/wp-content\\\/uploads\\\/2020\\\/11\\\/Logo-PJ-New-1.png\",\"contentUrl\":\"https:\\\/\\\/static.purejewels.com\\\/wp-content\\\/uploads\\\/2020\\\/11\\\/Logo-PJ-New-1.png\",\"width\":150,\"height\":80,\"caption\":\"PureJewels UK\"},\"image\":{\"@id\":\"https:\\\/\\\/www.purejewels.com\\\/#\\\/schema\\\/logo\\\/image\\\/\"}}]}<\/script>\n<!-- \/ Yoast SEO plugin. -->","yoast_head_json":{"title":"Siyah Boncuklu 18 Ayar Alt\u0131n P\u0131rlanta E\u011fri Mangalsutra Ma\u011fazas\u0131","description":"Siyah boncuk zincirli 18 ayar beyaz alt\u0131n p\u0131rlanta e\u011fri mangalsutra kolye sat\u0131n al\u0131n. PureJewels UK taraf\u0131ndan haz\u0131rlanm\u0131\u015f modern, zarif bir mangalsutra tasar\u0131m\u0131.","robots":{"index":"index","follow":"follow","max-snippet":"max-snippet:-1","max-image-preview":"max-image-preview:large","max-video-preview":"max-video-preview:-1"},"canonical":"https:\/\/www.purejewels.com\/tr\/urun\/18-ayar-beyaz-altin-pirlanta-egri-mangalsutra-46417\/","og_locale":"tr_TR","og_type":"article","og_title":"Shop 18ct Gold Diamond Curve Mangalsutra with Black Beads","og_description":"Shop 18ct white gold diamond curve mangalsutra necklace with black bead chain. A modern, elegant mangalsutra design crafted by PureJewels UK.","og_url":"https:\/\/www.purejewels.com\/tr\/urun\/18-ayar-beyaz-altin-pirlanta-egri-mangalsutra-46417\/","og_site_name":"PureJewels UK","article_modified_time":"2026-05-11T06:56:55+00:00","og_image":[{"width":1000,"height":1000,"url":"https:\/\/static.purejewels.com\/wp-content\/uploads\/2022\/11\/494.jpg","type":"image\/jpeg"}],"twitter_card":"summary_large_image","twitter_misc":{"Tahmini okuma s\u00fcresi":"1 dakika"},"schema":{"@context":"https:\/\/schema.org","@graph":[{"@type":["WebPage","ItemPage"],"@id":"https:\/\/www.purejewels.com\/product\/18ct-white-gold-diamond-curve-mangalsutra-46417\/","url":"https:\/\/www.purejewels.com\/product\/18ct-white-gold-diamond-curve-mangalsutra-46417\/","name":"Siyah Boncuklu 18 Ayar Alt\u0131n P\u0131rlanta E\u011fri Mangalsutra Ma\u011fazas\u0131","isPartOf":{"@id":"https:\/\/www.purejewels.com\/#website"},"primaryImageOfPage":{"@id":"https:\/\/www.purejewels.com\/product\/18ct-white-gold-diamond-curve-mangalsutra-46417\/#primaryimage"},"image":{"@id":"https:\/\/www.purejewels.com\/product\/18ct-white-gold-diamond-curve-mangalsutra-46417\/#primaryimage"},"thumbnailUrl":"https:\/\/static.purejewels.com\/wp-content\/uploads\/2022\/11\/494.jpg","datePublished":"2022-11-07T13:32:52+00:00","dateModified":"2026-05-11T06:56:55+00:00","description":"Siyah boncuk zincirli 18 ayar beyaz alt\u0131n p\u0131rlanta e\u011fri mangalsutra kolye sat\u0131n al\u0131n. PureJewels UK taraf\u0131ndan haz\u0131rlanm\u0131\u015f modern, zarif bir mangalsutra tasar\u0131m\u0131.","breadcrumb":{"@id":"https:\/\/www.purejewels.com\/product\/18ct-white-gold-diamond-curve-mangalsutra-46417\/#breadcrumb"},"inLanguage":"tr","potentialAction":[{"@type":"ReadAction","target":["https:\/\/www.purejewels.com\/product\/18ct-white-gold-diamond-curve-mangalsutra-46417\/"]}]},{"@type":"ImageObject","inLanguage":"tr","@id":"https:\/\/www.purejewels.com\/product\/18ct-white-gold-diamond-curve-mangalsutra-46417\/#primaryimage","url":"https:\/\/static.purejewels.com\/wp-content\/uploads\/2022\/11\/494.jpg","contentUrl":"https:\/\/static.purejewels.com\/wp-content\/uploads\/2022\/11\/494.jpg","width":1000,"height":1000,"caption":"18ct White Gold Mangalsutra"},{"@type":"BreadcrumbList","@id":"https:\/\/www.purejewels.com\/product\/18ct-white-gold-diamond-curve-mangalsutra-46417\/#breadcrumb","itemListElement":[{"@type":"ListItem","position":1,"name":"Home","item":"https:\/\/www.purejewels.com\/"},{"@type":"ListItem","position":2,"name":"Shop","item":"https:\/\/www.purejewels.com\/shop\/"},{"@type":"ListItem","position":3,"name":"18ct White Gold Diamond Curve Mangalsutra"}]},{"@type":"WebSite","@id":"https:\/\/www.purejewels.com\/#website","url":"https:\/\/www.purejewels.com\/","name":"PureJewels \u0130ngiltere","description":"Sevgiyi Payla\u015f\u0131n","publisher":{"@id":"https:\/\/www.purejewels.com\/#organization"},"potentialAction":[{"@type":"SearchAction","target":{"@type":"EntryPoint","urlTemplate":"https:\/\/www.purejewels.com\/?s={search_term_string}"},"query-input":{"@type":"PropertyValueSpecification","valueRequired":true,"valueName":"search_term_string"}}],"inLanguage":"tr"},{"@type":"Organization","@id":"https:\/\/www.purejewels.com\/#organization","name":"PureJewels \u0130ngiltere","url":"https:\/\/www.purejewels.com\/","logo":{"@type":"ImageObject","inLanguage":"tr","@id":"https:\/\/www.purejewels.com\/#\/schema\/logo\/image\/","url":"https:\/\/static.purejewels.com\/wp-content\/uploads\/2020\/11\/Logo-PJ-New-1.png","contentUrl":"https:\/\/static.purejewels.com\/wp-content\/uploads\/2020\/11\/Logo-PJ-New-1.png","width":150,"height":80,"caption":"PureJewels UK"},"image":{"@id":"https:\/\/www.purejewels.com\/#\/schema\/logo\/image\/"}}]}},"_links":{"self":[{"href":"https:\/\/www.purejewels.com\/tr\/wp-json\/wp\/v2\/product\/341616","targetHints":{"allow":["GET"]}}],"collection":[{"href":"https:\/\/www.purejewels.com\/tr\/wp-json\/wp\/v2\/product"}],"about":[{"href":"https:\/\/www.purejewels.com\/tr\/wp-json\/wp\/v2\/types\/product"}],"replies":[{"embeddable":true,"href":"https:\/\/www.purejewels.com\/tr\/wp-json\/wp\/v2\/comments?post=341616"}],"version-history":[{"count":3,"href":"https:\/\/www.purejewels.com\/tr\/wp-json\/wp\/v2\/product\/341616\/revisions"}],"predecessor-version":[{"id":428820,"href":"https:\/\/www.purejewels.com\/tr\/wp-json\/wp\/v2\/product\/341616\/revisions\/428820"}],"wp:featuredmedia":[{"embeddable":true,"href":"https:\/\/www.purejewels.com\/tr\/wp-json\/wp\/v2\/media\/353186"}],"wp:attachment":[{"href":"https:\/\/www.purejewels.com\/tr\/wp-json\/wp\/v2\/media?parent=341616"}],"wp:term":[{"taxonomy":"product_brand","embeddable":true,"href":"https:\/\/www.purejewels.com\/tr\/wp-json\/wp\/v2\/product_brand?post=341616"},{"taxonomy":"product_cat","embeddable":true,"href":"https:\/\/www.purejewels.com\/tr\/wp-json\/wp\/v2\/product_cat?post=341616"},{"taxonomy":"product_tag","embeddable":true,"href":"https:\/\/www.purejewels.com\/tr\/wp-json\/wp\/v2\/product_tag?post=341616"}],"curies":[{"name":"wp","href":"https:\/\/api.w.org\/{rel}","templated":true}]}}