{"id":341621,"date":"2022-04-07T13:46:25","date_gmt":"2022-04-07T12:46:25","guid":{"rendered":"https:\/\/www.purejewels.com\/?post_type=product&#038;p=341621"},"modified":"2026-02-05T05:14:29","modified_gmt":"2026-02-05T05:14:29","slug":"bayanlar-icin-18-ayar-altin-fantezi-kolye-ucu-24684","status":"publish","type":"product","link":"https:\/\/www.purejewels.com\/tr\/product\/18ct-gold-fancy-pendant-for-ladies-24684\/","title":{"rendered":"Bayanlar \u0130\u00e7in 18 Ayar Alt\u0131n Fantezi Kolye"},"content":{"rendered":"<p><b>Menzil kimli\u011fi.<\/b>YGPN465<br \/>\n<strong>SKU.<\/strong> 24684<\/p>","protected":false},"excerpt":{"rendered":"<table class=\"sh_desc\">\n<tbody>\n<tr>\n<td>Kolye Tipi<\/td>\n<td>Initial Kolye Ucu<\/td>\n<\/tr>\n<tr>\n<td>SKU<\/td>\n<td>24684<\/td>\n<\/tr>\n<tr>\n<td>A\u011f\u0131rl\u0131k<\/td>\n<td>1,5 Gms<\/td>\n<\/tr>\n<tr>\n<td>Hallmark<\/td>\n<td>Londra Tahlil Ofisi Taraf\u0131ndan Damgalanm\u0131\u015f 22 Ayar Alt\u0131n<\/td>\n<\/tr>\n<tr>\n<td>\u00dccretler<\/td>\n<td>Teslimat ve KDV Dahil<\/td>\n<\/tr>\n<tr>\n<td>Paketleme<\/td>\n<td>Sunum Kutusu ile Birlikte Gelir<\/td>\n<\/tr>\n<tr>\n<td>Daha Fazla Bilgi<\/td>\n<td>\n<ul>\n<li>\u00a0T\u00fcm Alfabeler ma\u011fazada mevcuttur<\/li>\n<li>Zincir dahil de\u011fildir<\/li>\n<li>Bizim ke\u015ffedin<strong>\u00a0Zincir<\/strong>\u00a0Koleksiyon<\/li>\n<li>M\u00fcsaitlik durumu ve daha fazla resim i\u00e7in bizimle canl\u0131 sohbet edin<\/li>\n<\/ul>\n<\/td>\n<\/tr>\n<\/tbody>\n<\/table>","protected":false},"featured_media":348377,"comment_status":"closed","ping_status":"closed","template":"","meta":{"_eb_attr":"","_crsspst_to_jayantr4sg-hostcom":false},"product_brand":[],"product_cat":[5679,1791,1559,1770,1255,5342,1767,1570,5338,1573],"product_tag":[6018],"class_list":{"0":"post-341621","1":"product","2":"type-product","3":"status-publish","4":"has-post-thumbnail","6":"product_cat-18ct-gold-jewellery","7":"product_cat-anniversary-gifts","8":"product_cat-birthday-gifts","9":"product_cat-fancy-pendants","10":"product_cat-gold-pendants","11":"product_cat-jewellery-under-250","12":"product_cat-ladies-pendants","13":"product_cat-mothers-day-gifts","14":"product_cat-shop-by-price","15":"product_cat-wedding-gifts","16":"product_tag-18ct-gold-pendant","18":"first","19":"onbackorder","20":"taxable","21":"shipping-taxable","22":"product-type-simple","23":"add-to-wishlist-before_image"},"yoast_head":"<!-- This site is optimized with the Yoast SEO plugin v27.6 - https:\/\/yoast.com\/product\/yoast-seo-wordpress\/ -->\n<title>18ct Gold Fancy Pendant For Ladies | Online Shop<\/title>\n<meta name=\"description\" content=\"Elevate style with 18ct gold fancy pendants for ladies at PureJewels UK. Discover elegance as you shop online.\" \/>\n<meta name=\"robots\" content=\"index, follow, max-snippet:-1, max-image-preview:large, max-video-preview:-1\" \/>\n<link rel=\"canonical\" href=\"https:\/\/www.purejewels.com\/tr\/urun\/bayanlar-icin-18-ayar-altin-fantezi-kolye-ucu-24684\/\" \/>\n<meta property=\"og:locale\" content=\"tr_TR\" \/>\n<meta property=\"og:type\" content=\"article\" \/>\n<meta property=\"og:title\" content=\"18ct Gold Fancy Pendant For Ladies | Online Shop\" \/>\n<meta property=\"og:description\" content=\"Elevate style with 18ct gold fancy pendants for ladies at PureJewels UK. Discover elegance as you shop online.\" \/>\n<meta property=\"og:url\" content=\"https:\/\/www.purejewels.com\/tr\/urun\/bayanlar-icin-18-ayar-altin-fantezi-kolye-ucu-24684\/\" \/>\n<meta property=\"og:site_name\" content=\"PureJewels UK\" \/>\n<meta property=\"article:modified_time\" content=\"2026-02-05T05:14:29+00:00\" \/>\n<meta property=\"og:image\" content=\"https:\/\/static.purejewels.com\/wp-content\/uploads\/2022\/04\/SKU-24684-scaled.jpg\" \/>\n\t<meta property=\"og:image:width\" content=\"2560\" \/>\n\t<meta property=\"og:image:height\" content=\"2560\" \/>\n\t<meta property=\"og:image:type\" content=\"image\/jpeg\" \/>\n<meta name=\"twitter:card\" content=\"summary_large_image\" \/>\n<meta name=\"twitter:label1\" content=\"Tahmini okuma s\u00fcresi\" \/>\n\t<meta name=\"twitter:data1\" content=\"1 dakika\" \/>\n<script type=\"application\/ld+json\" class=\"yoast-schema-graph\">{\"@context\":\"https:\\\/\\\/schema.org\",\"@graph\":[{\"@type\":[\"WebPage\",\"ItemPage\"],\"@id\":\"https:\\\/\\\/www.purejewels.com\\\/product\\\/18ct-gold-fancy-pendant-for-ladies-24684\\\/\",\"url\":\"https:\\\/\\\/www.purejewels.com\\\/product\\\/18ct-gold-fancy-pendant-for-ladies-24684\\\/\",\"name\":\"18ct Gold Fancy Pendant For Ladies | Online Shop\",\"isPartOf\":{\"@id\":\"https:\\\/\\\/www.purejewels.com\\\/#website\"},\"primaryImageOfPage\":{\"@id\":\"https:\\\/\\\/www.purejewels.com\\\/product\\\/18ct-gold-fancy-pendant-for-ladies-24684\\\/#primaryimage\"},\"image\":{\"@id\":\"https:\\\/\\\/www.purejewels.com\\\/product\\\/18ct-gold-fancy-pendant-for-ladies-24684\\\/#primaryimage\"},\"thumbnailUrl\":\"https:\\\/\\\/static.purejewels.com\\\/wp-content\\\/uploads\\\/2022\\\/04\\\/SKU-24684-scaled.jpg\",\"datePublished\":\"2022-04-07T12:46:25+00:00\",\"dateModified\":\"2026-02-05T05:14:29+00:00\",\"description\":\"Elevate style with 18ct gold fancy pendants for ladies at PureJewels UK. Discover elegance as you shop online.\",\"breadcrumb\":{\"@id\":\"https:\\\/\\\/www.purejewels.com\\\/product\\\/18ct-gold-fancy-pendant-for-ladies-24684\\\/#breadcrumb\"},\"inLanguage\":\"tr\",\"potentialAction\":[{\"@type\":\"ReadAction\",\"target\":[\"https:\\\/\\\/www.purejewels.com\\\/product\\\/18ct-gold-fancy-pendant-for-ladies-24684\\\/\"]}]},{\"@type\":\"ImageObject\",\"inLanguage\":\"tr\",\"@id\":\"https:\\\/\\\/www.purejewels.com\\\/product\\\/18ct-gold-fancy-pendant-for-ladies-24684\\\/#primaryimage\",\"url\":\"https:\\\/\\\/static.purejewels.com\\\/wp-content\\\/uploads\\\/2022\\\/04\\\/SKU-24684-scaled.jpg\",\"contentUrl\":\"https:\\\/\\\/static.purejewels.com\\\/wp-content\\\/uploads\\\/2022\\\/04\\\/SKU-24684-scaled.jpg\",\"width\":2560,\"height\":2560,\"caption\":\"18ct Gold Pendant\"},{\"@type\":\"BreadcrumbList\",\"@id\":\"https:\\\/\\\/www.purejewels.com\\\/product\\\/18ct-gold-fancy-pendant-for-ladies-24684\\\/#breadcrumb\",\"itemListElement\":[{\"@type\":\"ListItem\",\"position\":1,\"name\":\"Home\",\"item\":\"https:\\\/\\\/www.purejewels.com\\\/\"},{\"@type\":\"ListItem\",\"position\":2,\"name\":\"Shop\",\"item\":\"https:\\\/\\\/www.purejewels.com\\\/shop\\\/\"},{\"@type\":\"ListItem\",\"position\":3,\"name\":\"18ct Gold Fancy Pendant For Ladies\"}]},{\"@type\":\"WebSite\",\"@id\":\"https:\\\/\\\/www.purejewels.com\\\/#website\",\"url\":\"https:\\\/\\\/www.purejewels.com\\\/\",\"name\":\"PureJewels UK\",\"description\":\"Share the Love\",\"publisher\":{\"@id\":\"https:\\\/\\\/www.purejewels.com\\\/#organization\"},\"potentialAction\":[{\"@type\":\"SearchAction\",\"target\":{\"@type\":\"EntryPoint\",\"urlTemplate\":\"https:\\\/\\\/www.purejewels.com\\\/?s={search_term_string}\"},\"query-input\":{\"@type\":\"PropertyValueSpecification\",\"valueRequired\":true,\"valueName\":\"search_term_string\"}}],\"inLanguage\":\"tr\"},{\"@type\":\"Organization\",\"@id\":\"https:\\\/\\\/www.purejewels.com\\\/#organization\",\"name\":\"PureJewels UK\",\"url\":\"https:\\\/\\\/www.purejewels.com\\\/\",\"logo\":{\"@type\":\"ImageObject\",\"inLanguage\":\"tr\",\"@id\":\"https:\\\/\\\/www.purejewels.com\\\/#\\\/schema\\\/logo\\\/image\\\/\",\"url\":\"https:\\\/\\\/static.purejewels.com\\\/wp-content\\\/uploads\\\/2020\\\/11\\\/Logo-PJ-New-1.png\",\"contentUrl\":\"https:\\\/\\\/static.purejewels.com\\\/wp-content\\\/uploads\\\/2020\\\/11\\\/Logo-PJ-New-1.png\",\"width\":150,\"height\":80,\"caption\":\"PureJewels UK\"},\"image\":{\"@id\":\"https:\\\/\\\/www.purejewels.com\\\/#\\\/schema\\\/logo\\\/image\\\/\"}}]}<\/script>\n<!-- \/ Yoast SEO plugin. -->","yoast_head_json":{"title":"Bayanlar \u0130\u00e7in 18 Ayar Alt\u0131n Fantezi Kolye | Online Ma\u011faza","description":"PureJewels UK'de bayanlar i\u00e7in 18 ayar alt\u0131n fantezi kolye u\u00e7lar\u0131 ile stilinizi y\u00fckseltin. Online al\u0131\u015fveri\u015f yaparken zarafeti ke\u015ffedin.","robots":{"index":"index","follow":"follow","max-snippet":"max-snippet:-1","max-image-preview":"max-image-preview:large","max-video-preview":"max-video-preview:-1"},"canonical":"https:\/\/www.purejewels.com\/tr\/urun\/bayanlar-icin-18-ayar-altin-fantezi-kolye-ucu-24684\/","og_locale":"tr_TR","og_type":"article","og_title":"18ct Gold Fancy Pendant For Ladies | Online Shop","og_description":"Elevate style with 18ct gold fancy pendants for ladies at PureJewels UK. Discover elegance as you shop online.","og_url":"https:\/\/www.purejewels.com\/tr\/urun\/bayanlar-icin-18-ayar-altin-fantezi-kolye-ucu-24684\/","og_site_name":"PureJewels UK","article_modified_time":"2026-02-05T05:14:29+00:00","og_image":[{"width":2560,"height":2560,"url":"https:\/\/static.purejewels.com\/wp-content\/uploads\/2022\/04\/SKU-24684-scaled.jpg","type":"image\/jpeg"}],"twitter_card":"summary_large_image","twitter_misc":{"Tahmini okuma s\u00fcresi":"1 dakika"},"schema":{"@context":"https:\/\/schema.org","@graph":[{"@type":["WebPage","ItemPage"],"@id":"https:\/\/www.purejewels.com\/product\/18ct-gold-fancy-pendant-for-ladies-24684\/","url":"https:\/\/www.purejewels.com\/product\/18ct-gold-fancy-pendant-for-ladies-24684\/","name":"Bayanlar \u0130\u00e7in 18 Ayar Alt\u0131n Fantezi Kolye | Online Ma\u011faza","isPartOf":{"@id":"https:\/\/www.purejewels.com\/#website"},"primaryImageOfPage":{"@id":"https:\/\/www.purejewels.com\/product\/18ct-gold-fancy-pendant-for-ladies-24684\/#primaryimage"},"image":{"@id":"https:\/\/www.purejewels.com\/product\/18ct-gold-fancy-pendant-for-ladies-24684\/#primaryimage"},"thumbnailUrl":"https:\/\/static.purejewels.com\/wp-content\/uploads\/2022\/04\/SKU-24684-scaled.jpg","datePublished":"2022-04-07T12:46:25+00:00","dateModified":"2026-02-05T05:14:29+00:00","description":"PureJewels UK'de bayanlar i\u00e7in 18 ayar alt\u0131n fantezi kolye u\u00e7lar\u0131 ile stilinizi y\u00fckseltin. Online al\u0131\u015fveri\u015f yaparken zarafeti ke\u015ffedin.","breadcrumb":{"@id":"https:\/\/www.purejewels.com\/product\/18ct-gold-fancy-pendant-for-ladies-24684\/#breadcrumb"},"inLanguage":"tr","potentialAction":[{"@type":"ReadAction","target":["https:\/\/www.purejewels.com\/product\/18ct-gold-fancy-pendant-for-ladies-24684\/"]}]},{"@type":"ImageObject","inLanguage":"tr","@id":"https:\/\/www.purejewels.com\/product\/18ct-gold-fancy-pendant-for-ladies-24684\/#primaryimage","url":"https:\/\/static.purejewels.com\/wp-content\/uploads\/2022\/04\/SKU-24684-scaled.jpg","contentUrl":"https:\/\/static.purejewels.com\/wp-content\/uploads\/2022\/04\/SKU-24684-scaled.jpg","width":2560,"height":2560,"caption":"18ct Gold Pendant"},{"@type":"BreadcrumbList","@id":"https:\/\/www.purejewels.com\/product\/18ct-gold-fancy-pendant-for-ladies-24684\/#breadcrumb","itemListElement":[{"@type":"ListItem","position":1,"name":"Home","item":"https:\/\/www.purejewels.com\/"},{"@type":"ListItem","position":2,"name":"Shop","item":"https:\/\/www.purejewels.com\/shop\/"},{"@type":"ListItem","position":3,"name":"18ct Gold Fancy Pendant For Ladies"}]},{"@type":"WebSite","@id":"https:\/\/www.purejewels.com\/#website","url":"https:\/\/www.purejewels.com\/","name":"PureJewels \u0130ngiltere","description":"Sevgiyi Payla\u015f\u0131n","publisher":{"@id":"https:\/\/www.purejewels.com\/#organization"},"potentialAction":[{"@type":"SearchAction","target":{"@type":"EntryPoint","urlTemplate":"https:\/\/www.purejewels.com\/?s={search_term_string}"},"query-input":{"@type":"PropertyValueSpecification","valueRequired":true,"valueName":"search_term_string"}}],"inLanguage":"tr"},{"@type":"Organization","@id":"https:\/\/www.purejewels.com\/#organization","name":"PureJewels \u0130ngiltere","url":"https:\/\/www.purejewels.com\/","logo":{"@type":"ImageObject","inLanguage":"tr","@id":"https:\/\/www.purejewels.com\/#\/schema\/logo\/image\/","url":"https:\/\/static.purejewels.com\/wp-content\/uploads\/2020\/11\/Logo-PJ-New-1.png","contentUrl":"https:\/\/static.purejewels.com\/wp-content\/uploads\/2020\/11\/Logo-PJ-New-1.png","width":150,"height":80,"caption":"PureJewels UK"},"image":{"@id":"https:\/\/www.purejewels.com\/#\/schema\/logo\/image\/"}}]}},"_links":{"self":[{"href":"https:\/\/www.purejewels.com\/tr\/wp-json\/wp\/v2\/product\/341621","targetHints":{"allow":["GET"]}}],"collection":[{"href":"https:\/\/www.purejewels.com\/tr\/wp-json\/wp\/v2\/product"}],"about":[{"href":"https:\/\/www.purejewels.com\/tr\/wp-json\/wp\/v2\/types\/product"}],"replies":[{"embeddable":true,"href":"https:\/\/www.purejewels.com\/tr\/wp-json\/wp\/v2\/comments?post=341621"}],"version-history":[{"count":3,"href":"https:\/\/www.purejewels.com\/tr\/wp-json\/wp\/v2\/product\/341621\/revisions"}],"predecessor-version":[{"id":410644,"href":"https:\/\/www.purejewels.com\/tr\/wp-json\/wp\/v2\/product\/341621\/revisions\/410644"}],"wp:featuredmedia":[{"embeddable":true,"href":"https:\/\/www.purejewels.com\/tr\/wp-json\/wp\/v2\/media\/348377"}],"wp:attachment":[{"href":"https:\/\/www.purejewels.com\/tr\/wp-json\/wp\/v2\/media?parent=341621"}],"wp:term":[{"taxonomy":"product_brand","embeddable":true,"href":"https:\/\/www.purejewels.com\/tr\/wp-json\/wp\/v2\/product_brand?post=341621"},{"taxonomy":"product_cat","embeddable":true,"href":"https:\/\/www.purejewels.com\/tr\/wp-json\/wp\/v2\/product_cat?post=341621"},{"taxonomy":"product_tag","embeddable":true,"href":"https:\/\/www.purejewels.com\/tr\/wp-json\/wp\/v2\/product_tag?post=341621"}],"curies":[{"name":"wp","href":"https:\/\/api.w.org\/{rel}","templated":true}]}}