{"id":341625,"date":"2022-12-07T14:18:27","date_gmt":"2022-12-07T14:18:27","guid":{"rendered":"https:\/\/www.purejewels.com\/?post_type=product&#038;p=341625"},"modified":"2026-01-19T08:12:35","modified_gmt":"2026-01-19T08:12:35","slug":"22-ayar-altin-bileklik-seti-gunluk-kullanim-2-4","status":"publish","type":"product","link":"https:\/\/www.purejewels.com\/tr\/product\/22-carat-gold-bangle-set-daily-wear-2-4\/","title":{"rendered":"22 Ayar Alt\u0131n Bileklik Seti| G\u00fcnl\u00fck Giyim | 2,4"},"content":{"rendered":"<h3>Tasar\u0131m<\/h3>\n<p>Bu ince 22 ayar alt\u0131n bilezikler, y\u00fczey boyunca nazik bir \u0131\u015f\u0131k oyunu yaratan zarif elmas kesim dokular\u0131yla tan\u0131mlan\u0131r. Kesintisiz desen derinlik ve hareket katarken temiz, minimal bir siluet sa\u011flar. Zarif ama abart\u0131s\u0131z tasar\u0131m, geleneksel alt\u0131n i\u015f\u00e7ili\u011fi ile \u00e7a\u011fda\u015f giyilebilirli\u011fi dengeler.<\/p>\n<h3>Zanaatkarl\u0131k<\/h3>\n<p>Parlak 22 ayar alt\u0131ndan el i\u015f\u00e7ili\u011fiyle \u00fcretilen her bir bileklik, g\u00fcnl\u00fck kullan\u0131mda rahatl\u0131k sa\u011flayan hassas dokusu ve p\u00fcr\u00fczs\u00fcz i\u00e7 profili i\u00e7in \u00f6zenle i\u015flenmi\u015ftir. Bilezikler \u0130ngiltere'de safl\u0131k sertifikas\u0131 i\u00e7in damgalanarak \u00f6zg\u00fcnl\u00fck, kalite ve kal\u0131c\u0131 de\u011fer sa\u011flar. Yetenekli zanaatk\u00e2rlar her ayr\u0131nt\u0131ya hassasiyet ve tutarl\u0131l\u0131k katarak kal\u0131c\u0131 kuyumculuk uzmanl\u0131\u011f\u0131n\u0131 yans\u0131t\u0131yor.<\/p>\n<h3>\u015eekillendirme &amp; Hediyele\u015fme<\/h3>\n<p>Bir \u00e7ift olarak veya daha zengin bir g\u00f6r\u00fcn\u00fcm i\u00e7in di\u011fer alt\u0131n bileziklerle birlikte m\u00fckemmel bir \u015fekilde tak\u0131lan bu bilezikler, g\u00fcnd\u00fczden ak\u015fama zahmetsizce ge\u00e7i\u015f yapar. Do\u011fum g\u00fcnleri, y\u0131l d\u00f6n\u00fcmleri, bayram g\u00fcnleri veya ki\u015fisel hediyeler i\u00e7in ideal olan bu bilezikler, ince karakterli zarif g\u00fcnl\u00fck m\u00fccevherleri takdir edenler i\u00e7in d\u00fc\u015f\u00fcnceli bir se\u00e7imdir.<\/p>","protected":false},"excerpt":{"rendered":"<p>&nbsp;<\/p>\n<table class=\"sh_desc\">\n<tbody>\n<tr>\n<td>Bileklik T\u00fcr\u00fc<\/td>\n<td>G\u00fcnl\u00fck Giyim Bileklik<\/td>\n<\/tr>\n<tr>\n<td>Bileklik 1<\/td>\n<td>\n<ul>\n<li>SKU 32637<\/li>\n<li>A\u011f\u0131rl\u0131k 8.1 Gms<\/li>\n<\/ul>\n<\/td>\n<\/tr>\n<tr>\n<td>Bileklik 2<\/td>\n<td>\n<ul>\n<li>SKU 32638<\/li>\n<li>A\u011f\u0131rl\u0131k 8.1 Gms<\/li>\n<\/ul>\n<\/td>\n<\/tr>\n<tr>\n<td>Metal<\/td>\n<td>22 Ayar Alt\u0131n<\/td>\n<\/tr>\n<tr>\n<td>Bileklik \u00d6l\u00e7\u00fcs\u00fc<\/td>\n<td>2.4 (Ek boyutlar i\u00e7in l\u00fctfen sorunuz)<\/td>\n<\/tr>\n<tr>\n<td>Hallmark<\/td>\n<td>Londra Tahlil Ofisi Taraf\u0131ndan Damgalanm\u0131\u015f 22 Ayar Alt\u0131n<\/td>\n<\/tr>\n<tr>\n<td>\u00dccretler<\/td>\n<td>Teslimat ve KDV Dahil<\/td>\n<\/tr>\n<tr>\n<td>Paketleme<\/td>\n<td>Sunum Kutusu ile Birlikte Gelir<\/td>\n<\/tr>\n<tr>\n<td>Daha Fazla Bilgi<\/td>\n<td>\n<ul>\n<li>M\u00fcsaitlik durumu ve daha fazla resim i\u00e7in bizimle canl\u0131 sohbet edin<\/li>\n<li>Not: Burada belirtilen fiyat iki Bileklik Seti i\u00e7indir<\/li>\n<\/ul>\n<\/td>\n<\/tr>\n<\/tbody>\n<\/table>","protected":false},"featured_media":327343,"comment_status":"closed","ping_status":"closed","template":"","meta":{"_eb_attr":"","_crsspst_to_jayantr4sg-hostcom":false},"product_brand":[],"product_cat":[1791,1658,5270,1233,1573],"product_tag":[1514],"class_list":{"0":"post-341625","1":"product","2":"type-product","3":"status-publish","4":"has-post-thumbnail","6":"product_cat-anniversary-gifts","7":"product_cat-bangle-sets","8":"product_cat-daily-wear-bangles","9":"product_cat-gold-bangles","10":"product_cat-wedding-gifts","11":"product_tag-bangles","13":"first","14":"outofstock","15":"taxable","16":"shipping-taxable","17":"product-type-grouped","18":"add-to-wishlist-before_image"},"yoast_head":"<!-- This site is optimized with the Yoast SEO plugin v27.3 - https:\/\/yoast.com\/product\/yoast-seo-wordpress\/ -->\n<title>22ct Gold Textured Bangles Pair | Handcrafted Everyday Bangles<\/title>\n<meta name=\"description\" content=\"Shop these handcrafted 22ct gold textured bangles, featuring delicate diamond-cut detailing for a soft, luminous finish. Free delivery across the UK.\" \/>\n<meta name=\"robots\" content=\"index, follow, max-snippet:-1, max-image-preview:large, max-video-preview:-1\" \/>\n<link rel=\"canonical\" href=\"https:\/\/www.purejewels.com\/tr\/urun\/22-ayar-altin-bileklik-seti-gunluk-kullanim-2-4\/\" \/>\n<meta property=\"og:locale\" content=\"tr_TR\" \/>\n<meta property=\"og:type\" content=\"article\" \/>\n<meta property=\"og:title\" content=\"22ct Gold Textured Bangles Pair | Handcrafted Everyday Bangles\" \/>\n<meta property=\"og:description\" content=\"Shop these handcrafted 22ct gold textured bangles, featuring delicate diamond-cut detailing for a soft, luminous finish. Free delivery across the UK.\" \/>\n<meta property=\"og:url\" content=\"https:\/\/www.purejewels.com\/tr\/urun\/22-ayar-altin-bileklik-seti-gunluk-kullanim-2-4\/\" \/>\n<meta property=\"og:site_name\" content=\"PureJewels UK\" \/>\n<meta property=\"article:modified_time\" content=\"2026-01-19T08:12:35+00:00\" \/>\n<meta property=\"og:image\" content=\"https:\/\/static.purejewels.com\/wp-content\/uploads\/2021\/10\/32637-32642-1.jpg\" \/>\n\t<meta property=\"og:image:width\" content=\"1000\" \/>\n\t<meta property=\"og:image:height\" content=\"1000\" \/>\n\t<meta property=\"og:image:type\" content=\"image\/jpeg\" \/>\n<meta name=\"twitter:card\" content=\"summary_large_image\" \/>\n<meta name=\"twitter:label1\" content=\"Tahmini okuma s\u00fcresi\" \/>\n\t<meta name=\"twitter:data1\" content=\"1 dakika\" \/>\n<script type=\"application\/ld+json\" class=\"yoast-schema-graph\">{\"@context\":\"https:\\\/\\\/schema.org\",\"@graph\":[{\"@type\":[\"WebPage\",\"ItemPage\"],\"@id\":\"https:\\\/\\\/www.purejewels.com\\\/product\\\/22-carat-gold-bangle-set-daily-wear-2-4\\\/\",\"url\":\"https:\\\/\\\/www.purejewels.com\\\/product\\\/22-carat-gold-bangle-set-daily-wear-2-4\\\/\",\"name\":\"22ct Gold Textured Bangles Pair | Handcrafted Everyday Bangles\",\"isPartOf\":{\"@id\":\"https:\\\/\\\/www.purejewels.com\\\/#website\"},\"primaryImageOfPage\":{\"@id\":\"https:\\\/\\\/www.purejewels.com\\\/product\\\/22-carat-gold-bangle-set-daily-wear-2-4\\\/#primaryimage\"},\"image\":{\"@id\":\"https:\\\/\\\/www.purejewels.com\\\/product\\\/22-carat-gold-bangle-set-daily-wear-2-4\\\/#primaryimage\"},\"thumbnailUrl\":\"https:\\\/\\\/static.purejewels.com\\\/wp-content\\\/uploads\\\/2021\\\/10\\\/32637-32642-1.jpg\",\"datePublished\":\"2022-12-07T14:18:27+00:00\",\"dateModified\":\"2026-01-19T08:12:35+00:00\",\"description\":\"Shop these handcrafted 22ct gold textured bangles, featuring delicate diamond-cut detailing for a soft, luminous finish. Free delivery across the UK.\",\"breadcrumb\":{\"@id\":\"https:\\\/\\\/www.purejewels.com\\\/product\\\/22-carat-gold-bangle-set-daily-wear-2-4\\\/#breadcrumb\"},\"inLanguage\":\"tr\",\"potentialAction\":[{\"@type\":\"ReadAction\",\"target\":[\"https:\\\/\\\/www.purejewels.com\\\/product\\\/22-carat-gold-bangle-set-daily-wear-2-4\\\/\"]}]},{\"@type\":\"ImageObject\",\"inLanguage\":\"tr\",\"@id\":\"https:\\\/\\\/www.purejewels.com\\\/product\\\/22-carat-gold-bangle-set-daily-wear-2-4\\\/#primaryimage\",\"url\":\"https:\\\/\\\/static.purejewels.com\\\/wp-content\\\/uploads\\\/2021\\\/10\\\/32637-32642-1.jpg\",\"contentUrl\":\"https:\\\/\\\/static.purejewels.com\\\/wp-content\\\/uploads\\\/2021\\\/10\\\/32637-32642-1.jpg\",\"width\":1000,\"height\":1000},{\"@type\":\"BreadcrumbList\",\"@id\":\"https:\\\/\\\/www.purejewels.com\\\/product\\\/22-carat-gold-bangle-set-daily-wear-2-4\\\/#breadcrumb\",\"itemListElement\":[{\"@type\":\"ListItem\",\"position\":1,\"name\":\"Home\",\"item\":\"https:\\\/\\\/www.purejewels.com\\\/\"},{\"@type\":\"ListItem\",\"position\":2,\"name\":\"Shop\",\"item\":\"https:\\\/\\\/www.purejewels.com\\\/shop\\\/\"},{\"@type\":\"ListItem\",\"position\":3,\"name\":\"22 Carat Gold Bangle Set| Daily Wear | 2.4\"}]},{\"@type\":\"WebSite\",\"@id\":\"https:\\\/\\\/www.purejewels.com\\\/#website\",\"url\":\"https:\\\/\\\/www.purejewels.com\\\/\",\"name\":\"PureJewels UK\",\"description\":\"Share the Love\",\"publisher\":{\"@id\":\"https:\\\/\\\/www.purejewels.com\\\/#organization\"},\"potentialAction\":[{\"@type\":\"SearchAction\",\"target\":{\"@type\":\"EntryPoint\",\"urlTemplate\":\"https:\\\/\\\/www.purejewels.com\\\/?s={search_term_string}\"},\"query-input\":{\"@type\":\"PropertyValueSpecification\",\"valueRequired\":true,\"valueName\":\"search_term_string\"}}],\"inLanguage\":\"tr\"},{\"@type\":\"Organization\",\"@id\":\"https:\\\/\\\/www.purejewels.com\\\/#organization\",\"name\":\"PureJewels UK\",\"url\":\"https:\\\/\\\/www.purejewels.com\\\/\",\"logo\":{\"@type\":\"ImageObject\",\"inLanguage\":\"tr\",\"@id\":\"https:\\\/\\\/www.purejewels.com\\\/#\\\/schema\\\/logo\\\/image\\\/\",\"url\":\"https:\\\/\\\/static.purejewels.com\\\/wp-content\\\/uploads\\\/2020\\\/11\\\/Logo-PJ-New-1.png\",\"contentUrl\":\"https:\\\/\\\/static.purejewels.com\\\/wp-content\\\/uploads\\\/2020\\\/11\\\/Logo-PJ-New-1.png\",\"width\":150,\"height\":80,\"caption\":\"PureJewels UK\"},\"image\":{\"@id\":\"https:\\\/\\\/www.purejewels.com\\\/#\\\/schema\\\/logo\\\/image\\\/\"}}]}<\/script>\n<!-- \/ Yoast SEO plugin. -->","yoast_head_json":{"title":"22 Ayar Alt\u0131n Dokulu Bileklik \u00c7ifti | El Yap\u0131m\u0131 G\u00fcnl\u00fck Bileklikler","description":"Yumu\u015fak ve \u0131\u015f\u0131lt\u0131l\u0131 bir g\u00f6r\u00fcn\u00fcm i\u00e7in narin elmas kesim detaylara sahip bu el yap\u0131m\u0131 22 ayar alt\u0131n dokulu bileklikleri sat\u0131n al\u0131n. Birle\u015fik Krall\u0131k genelinde \u00fccretsiz teslimat.","robots":{"index":"index","follow":"follow","max-snippet":"max-snippet:-1","max-image-preview":"max-image-preview:large","max-video-preview":"max-video-preview:-1"},"canonical":"https:\/\/www.purejewels.com\/tr\/urun\/22-ayar-altin-bileklik-seti-gunluk-kullanim-2-4\/","og_locale":"tr_TR","og_type":"article","og_title":"22ct Gold Textured Bangles Pair | Handcrafted Everyday Bangles","og_description":"Shop these handcrafted 22ct gold textured bangles, featuring delicate diamond-cut detailing for a soft, luminous finish. Free delivery across the UK.","og_url":"https:\/\/www.purejewels.com\/tr\/urun\/22-ayar-altin-bileklik-seti-gunluk-kullanim-2-4\/","og_site_name":"PureJewels UK","article_modified_time":"2026-01-19T08:12:35+00:00","og_image":[{"width":1000,"height":1000,"url":"https:\/\/static.purejewels.com\/wp-content\/uploads\/2021\/10\/32637-32642-1.jpg","type":"image\/jpeg"}],"twitter_card":"summary_large_image","twitter_misc":{"Tahmini okuma s\u00fcresi":"1 dakika"},"schema":{"@context":"https:\/\/schema.org","@graph":[{"@type":["WebPage","ItemPage"],"@id":"https:\/\/www.purejewels.com\/product\/22-carat-gold-bangle-set-daily-wear-2-4\/","url":"https:\/\/www.purejewels.com\/product\/22-carat-gold-bangle-set-daily-wear-2-4\/","name":"22 Ayar Alt\u0131n Dokulu Bileklik \u00c7ifti | El Yap\u0131m\u0131 G\u00fcnl\u00fck Bileklikler","isPartOf":{"@id":"https:\/\/www.purejewels.com\/#website"},"primaryImageOfPage":{"@id":"https:\/\/www.purejewels.com\/product\/22-carat-gold-bangle-set-daily-wear-2-4\/#primaryimage"},"image":{"@id":"https:\/\/www.purejewels.com\/product\/22-carat-gold-bangle-set-daily-wear-2-4\/#primaryimage"},"thumbnailUrl":"https:\/\/static.purejewels.com\/wp-content\/uploads\/2021\/10\/32637-32642-1.jpg","datePublished":"2022-12-07T14:18:27+00:00","dateModified":"2026-01-19T08:12:35+00:00","description":"Yumu\u015fak ve \u0131\u015f\u0131lt\u0131l\u0131 bir g\u00f6r\u00fcn\u00fcm i\u00e7in narin elmas kesim detaylara sahip bu el yap\u0131m\u0131 22 ayar alt\u0131n dokulu bileklikleri sat\u0131n al\u0131n. Birle\u015fik Krall\u0131k genelinde \u00fccretsiz teslimat.","breadcrumb":{"@id":"https:\/\/www.purejewels.com\/product\/22-carat-gold-bangle-set-daily-wear-2-4\/#breadcrumb"},"inLanguage":"tr","potentialAction":[{"@type":"ReadAction","target":["https:\/\/www.purejewels.com\/product\/22-carat-gold-bangle-set-daily-wear-2-4\/"]}]},{"@type":"ImageObject","inLanguage":"tr","@id":"https:\/\/www.purejewels.com\/product\/22-carat-gold-bangle-set-daily-wear-2-4\/#primaryimage","url":"https:\/\/static.purejewels.com\/wp-content\/uploads\/2021\/10\/32637-32642-1.jpg","contentUrl":"https:\/\/static.purejewels.com\/wp-content\/uploads\/2021\/10\/32637-32642-1.jpg","width":1000,"height":1000},{"@type":"BreadcrumbList","@id":"https:\/\/www.purejewels.com\/product\/22-carat-gold-bangle-set-daily-wear-2-4\/#breadcrumb","itemListElement":[{"@type":"ListItem","position":1,"name":"Home","item":"https:\/\/www.purejewels.com\/"},{"@type":"ListItem","position":2,"name":"Shop","item":"https:\/\/www.purejewels.com\/shop\/"},{"@type":"ListItem","position":3,"name":"22 Carat Gold Bangle Set| Daily Wear | 2.4"}]},{"@type":"WebSite","@id":"https:\/\/www.purejewels.com\/#website","url":"https:\/\/www.purejewels.com\/","name":"PureJewels \u0130ngiltere","description":"Sevgiyi Payla\u015f\u0131n","publisher":{"@id":"https:\/\/www.purejewels.com\/#organization"},"potentialAction":[{"@type":"SearchAction","target":{"@type":"EntryPoint","urlTemplate":"https:\/\/www.purejewels.com\/?s={search_term_string}"},"query-input":{"@type":"PropertyValueSpecification","valueRequired":true,"valueName":"search_term_string"}}],"inLanguage":"tr"},{"@type":"Organization","@id":"https:\/\/www.purejewels.com\/#organization","name":"PureJewels \u0130ngiltere","url":"https:\/\/www.purejewels.com\/","logo":{"@type":"ImageObject","inLanguage":"tr","@id":"https:\/\/www.purejewels.com\/#\/schema\/logo\/image\/","url":"https:\/\/static.purejewels.com\/wp-content\/uploads\/2020\/11\/Logo-PJ-New-1.png","contentUrl":"https:\/\/static.purejewels.com\/wp-content\/uploads\/2020\/11\/Logo-PJ-New-1.png","width":150,"height":80,"caption":"PureJewels UK"},"image":{"@id":"https:\/\/www.purejewels.com\/#\/schema\/logo\/image\/"}}]}},"_links":{"self":[{"href":"https:\/\/www.purejewels.com\/tr\/wp-json\/wp\/v2\/product\/341625","targetHints":{"allow":["GET"]}}],"collection":[{"href":"https:\/\/www.purejewels.com\/tr\/wp-json\/wp\/v2\/product"}],"about":[{"href":"https:\/\/www.purejewels.com\/tr\/wp-json\/wp\/v2\/types\/product"}],"replies":[{"embeddable":true,"href":"https:\/\/www.purejewels.com\/tr\/wp-json\/wp\/v2\/comments?post=341625"}],"version-history":[{"count":2,"href":"https:\/\/www.purejewels.com\/tr\/wp-json\/wp\/v2\/product\/341625\/revisions"}],"predecessor-version":[{"id":424970,"href":"https:\/\/www.purejewels.com\/tr\/wp-json\/wp\/v2\/product\/341625\/revisions\/424970"}],"wp:featuredmedia":[{"embeddable":true,"href":"https:\/\/www.purejewels.com\/tr\/wp-json\/wp\/v2\/media\/327343"}],"wp:attachment":[{"href":"https:\/\/www.purejewels.com\/tr\/wp-json\/wp\/v2\/media?parent=341625"}],"wp:term":[{"taxonomy":"product_brand","embeddable":true,"href":"https:\/\/www.purejewels.com\/tr\/wp-json\/wp\/v2\/product_brand?post=341625"},{"taxonomy":"product_cat","embeddable":true,"href":"https:\/\/www.purejewels.com\/tr\/wp-json\/wp\/v2\/product_cat?post=341625"},{"taxonomy":"product_tag","embeddable":true,"href":"https:\/\/www.purejewels.com\/tr\/wp-json\/wp\/v2\/product_tag?post=341625"}],"curies":[{"name":"wp","href":"https:\/\/api.w.org\/{rel}","templated":true}]}}