{"id":341728,"date":"2022-12-09T09:55:19","date_gmt":"2022-12-09T09:55:19","guid":{"rendered":"https:\/\/www.purejewels.com\/?post_type=product&#038;p=341728"},"modified":"2026-02-05T06:33:35","modified_gmt":"2026-02-05T06:33:35","slug":"22-ayar-rozet-sal-kolye-sunrise-altin","status":"publish","type":"product","link":"https:\/\/www.purejewels.com\/tr\/product\/22ct-rosette-paisley-pendant-sunrise-gold\/","title":{"rendered":"22 Ayar Rozet Paisley Kolye | G\u00fcn Do\u011fumu Alt\u0131n"},"content":{"rendered":"<p>Zamans\u0131z motiflere bir \u00f6vg\u00fc olan Alt\u0131n Rozet Paisley Kolye, antik Hint sanat\u0131ndan ilham al\u0131yor. PureJewels'e \u00f6zg\u00fc zengin ve s\u0131cak bir ala\u015f\u0131m olan 22 ayar G\u00fcndo\u011fumu Alt\u0131n\u0131ndan \u00fcretilen bu par\u00e7a, narin bir rozet \u00e7i\u00e7e\u011fiyle ta\u00e7land\u0131r\u0131lm\u0131\u015f stilize bir \u015fal formuna sahiptir. Y\u00fczey, \u00e7a\u011fda\u015f bir mercekle yeniden yorumlanan antika m\u00fccevherleri ima eden ince dokusal detaylarla tamamlanm\u0131\u015ft\u0131r. G\u00fcnl\u00fck kullan\u0131m veya \u00f6zel anlar i\u00e7in idealdir.<\/p>","protected":false},"excerpt":{"rendered":"<p>K\u00f6kleri gelene\u011fe dayanan ancak ayr\u0131nt\u0131lar\u0131yla rafine edilmi\u015f bu \u015fal \u015feklindeki Rozet kolye ucu, imzam\u0131z olan 22 ayar G\u00fcn Do\u011fumu Alt\u0131n\u0131ndan el i\u015f\u00e7ili\u011fiyle \u00fcretilmi\u015ftir. \u00c7i\u00e7ekli merkezi ve antika kaplamas\u0131yla modern kullan\u0131m i\u00e7in yeniden tasarlanm\u0131\u015f bir miras hissi uyand\u0131r\u0131yor.<\/p>\n<p><strong>Malzeme:<\/strong>\u00a022 Ayar G\u00fcndo\u011fumu Alt\u0131n<br \/>\n<strong>Safl\u0131k:<\/strong>\u00a091.6% saf alt\u0131n<br \/>\n<strong>Hallmark:<\/strong>\u00a0\u0130ngiliz Damgas\u0131<br \/>\n<strong>SKU:<\/strong> 51754<br \/>\n<strong>A\u011f\u0131rl\u0131k:<\/strong> 1,5 Gms<\/p>\n<p><strong>Fiyat ve Teslimat:<\/strong>\u00a0KDV ve teslimat \u00fccretleri dahil<br \/>\n<a href=\"https:\/\/www.purejewels.com\/tr\/i%cc%87ade-poli%cc%87ti%cc%87kasi\/\"><strong>\u0130ade Politikas\u0131<\/strong><\/a><\/p>","protected":false},"featured_media":328005,"comment_status":"closed","ping_status":"closed","template":"","meta":{"_eb_attr":"","_crsspst_to_jayantr4sg-hostcom":false},"product_brand":[],"product_cat":[1791,1559,236,1793,1255,1767,1656,5275,1573,1574],"product_tag":[1430],"class_list":{"0":"post-341728","1":"product","2":"type-product","3":"status-publish","4":"has-post-thumbnail","6":"product_cat-anniversary-gifts","7":"product_cat-birthday-gifts","8":"product_cat-collections","9":"product_cat-diwali-gifts","10":"product_cat-gold-pendants","11":"product_cat-ladies-pendants","12":"product_cat-rosettes-collections","13":"product_cat-rosettes-necklace","14":"product_cat-wedding-gifts","15":"product_cat-womens-jewellery","16":"product_tag-diwali-gift","18":"first","19":"instock","20":"taxable","21":"shipping-taxable","22":"purchasable","23":"product-type-simple","24":"add-to-wishlist-before_image"},"yoast_head":"<!-- This site is optimized with the Yoast SEO plugin v27.5 - https:\/\/yoast.com\/product\/yoast-seo-wordpress\/ -->\n<title>Gold Rosette Paisley Pendant | 22ct Sunrise Gold | PureJewels UK<\/title>\n<meta name=\"description\" content=\"Shop the Rosette Paisley Pendant from PureJewels\u2019 Rosette Collection. Handcrafted in 22ct Gold, this pendant blends antique detailing with floral charm.\" \/>\n<meta name=\"robots\" content=\"index, follow, max-snippet:-1, max-image-preview:large, max-video-preview:-1\" \/>\n<link rel=\"canonical\" href=\"https:\/\/www.purejewels.com\/tr\/urun\/22-ayar-rozet-sal-kolye-sunrise-altin\/\" \/>\n<meta property=\"og:locale\" content=\"tr_TR\" \/>\n<meta property=\"og:type\" content=\"article\" \/>\n<meta property=\"og:title\" content=\"Gold Rosette Paisley Pendant | 22ct Sunrise Gold | PureJewels UK\" \/>\n<meta property=\"og:description\" content=\"Shop the Rosette Paisley Pendant from PureJewels\u2019 Rosette Collection. Handcrafted in 22ct Gold, this pendant blends antique detailing with floral charm.\" \/>\n<meta property=\"og:url\" content=\"https:\/\/www.purejewels.com\/tr\/urun\/22-ayar-rozet-sal-kolye-sunrise-altin\/\" \/>\n<meta property=\"og:site_name\" content=\"PureJewels UK\" \/>\n<meta property=\"article:modified_time\" content=\"2026-02-05T06:33:35+00:00\" \/>\n<meta property=\"og:image\" content=\"https:\/\/static.purejewels.com\/wp-content\/uploads\/2021\/10\/40594-2.jpg\" \/>\n\t<meta property=\"og:image:width\" content=\"1000\" \/>\n\t<meta property=\"og:image:height\" content=\"1000\" \/>\n\t<meta property=\"og:image:type\" content=\"image\/jpeg\" \/>\n<meta name=\"twitter:card\" content=\"summary_large_image\" \/>\n<meta name=\"twitter:label1\" content=\"Tahmini okuma s\u00fcresi\" \/>\n\t<meta name=\"twitter:data1\" content=\"1 dakika\" \/>\n<script type=\"application\/ld+json\" class=\"yoast-schema-graph\">{\"@context\":\"https:\\\/\\\/schema.org\",\"@graph\":[{\"@type\":[\"WebPage\",\"ItemPage\"],\"@id\":\"https:\\\/\\\/www.purejewels.com\\\/product\\\/22ct-rosette-paisley-pendant-sunrise-gold\\\/\",\"url\":\"https:\\\/\\\/www.purejewels.com\\\/product\\\/22ct-rosette-paisley-pendant-sunrise-gold\\\/\",\"name\":\"Gold Rosette Paisley Pendant | 22ct Sunrise Gold | PureJewels UK\",\"isPartOf\":{\"@id\":\"https:\\\/\\\/www.purejewels.com\\\/#website\"},\"primaryImageOfPage\":{\"@id\":\"https:\\\/\\\/www.purejewels.com\\\/product\\\/22ct-rosette-paisley-pendant-sunrise-gold\\\/#primaryimage\"},\"image\":{\"@id\":\"https:\\\/\\\/www.purejewels.com\\\/product\\\/22ct-rosette-paisley-pendant-sunrise-gold\\\/#primaryimage\"},\"thumbnailUrl\":\"https:\\\/\\\/static.purejewels.com\\\/wp-content\\\/uploads\\\/2021\\\/10\\\/40594-2.jpg\",\"datePublished\":\"2022-12-09T09:55:19+00:00\",\"dateModified\":\"2026-02-05T06:33:35+00:00\",\"description\":\"Shop the Rosette Paisley Pendant from PureJewels\u2019 Rosette Collection. Handcrafted in 22ct Gold, this pendant blends antique detailing with floral charm.\",\"breadcrumb\":{\"@id\":\"https:\\\/\\\/www.purejewels.com\\\/product\\\/22ct-rosette-paisley-pendant-sunrise-gold\\\/#breadcrumb\"},\"inLanguage\":\"tr\",\"potentialAction\":[{\"@type\":\"ReadAction\",\"target\":[\"https:\\\/\\\/www.purejewels.com\\\/product\\\/22ct-rosette-paisley-pendant-sunrise-gold\\\/\"]}]},{\"@type\":\"ImageObject\",\"inLanguage\":\"tr\",\"@id\":\"https:\\\/\\\/www.purejewels.com\\\/product\\\/22ct-rosette-paisley-pendant-sunrise-gold\\\/#primaryimage\",\"url\":\"https:\\\/\\\/static.purejewels.com\\\/wp-content\\\/uploads\\\/2021\\\/10\\\/40594-2.jpg\",\"contentUrl\":\"https:\\\/\\\/static.purejewels.com\\\/wp-content\\\/uploads\\\/2021\\\/10\\\/40594-2.jpg\",\"width\":1000,\"height\":1000,\"caption\":\"22Carat Gold Antique Pendant | Rosettes Collection\"},{\"@type\":\"BreadcrumbList\",\"@id\":\"https:\\\/\\\/www.purejewels.com\\\/product\\\/22ct-rosette-paisley-pendant-sunrise-gold\\\/#breadcrumb\",\"itemListElement\":[{\"@type\":\"ListItem\",\"position\":1,\"name\":\"Home\",\"item\":\"https:\\\/\\\/www.purejewels.com\\\/\"},{\"@type\":\"ListItem\",\"position\":2,\"name\":\"Shop\",\"item\":\"https:\\\/\\\/www.purejewels.com\\\/shop\\\/\"},{\"@type\":\"ListItem\",\"position\":3,\"name\":\"22ct Rosette Paisley Pendant | Sunrise Gold\"}]},{\"@type\":\"WebSite\",\"@id\":\"https:\\\/\\\/www.purejewels.com\\\/#website\",\"url\":\"https:\\\/\\\/www.purejewels.com\\\/\",\"name\":\"PureJewels UK\",\"description\":\"Share the Love\",\"publisher\":{\"@id\":\"https:\\\/\\\/www.purejewels.com\\\/#organization\"},\"potentialAction\":[{\"@type\":\"SearchAction\",\"target\":{\"@type\":\"EntryPoint\",\"urlTemplate\":\"https:\\\/\\\/www.purejewels.com\\\/?s={search_term_string}\"},\"query-input\":{\"@type\":\"PropertyValueSpecification\",\"valueRequired\":true,\"valueName\":\"search_term_string\"}}],\"inLanguage\":\"tr\"},{\"@type\":\"Organization\",\"@id\":\"https:\\\/\\\/www.purejewels.com\\\/#organization\",\"name\":\"PureJewels UK\",\"url\":\"https:\\\/\\\/www.purejewels.com\\\/\",\"logo\":{\"@type\":\"ImageObject\",\"inLanguage\":\"tr\",\"@id\":\"https:\\\/\\\/www.purejewels.com\\\/#\\\/schema\\\/logo\\\/image\\\/\",\"url\":\"https:\\\/\\\/static.purejewels.com\\\/wp-content\\\/uploads\\\/2020\\\/11\\\/Logo-PJ-New-1.png\",\"contentUrl\":\"https:\\\/\\\/static.purejewels.com\\\/wp-content\\\/uploads\\\/2020\\\/11\\\/Logo-PJ-New-1.png\",\"width\":150,\"height\":80,\"caption\":\"PureJewels UK\"},\"image\":{\"@id\":\"https:\\\/\\\/www.purejewels.com\\\/#\\\/schema\\\/logo\\\/image\\\/\"}}]}<\/script>\n<!-- \/ Yoast SEO plugin. -->","yoast_head_json":{"title":"Alt\u0131n Rozet Paisley Kolye | 22ct Sunrise Gold | PureJewels UK","description":"PureJewels'in Rosette Koleksiyonu'ndan Rosette Paisley Kolye Ucunu sat\u0131n al\u0131n. 22 ayar alt\u0131ndan el i\u015f\u00e7ili\u011fiyle \u00fcretilen bu kolye ucu, antika detaylarla \u00e7i\u00e7eksi cazibeyi harmanl\u0131yor.","robots":{"index":"index","follow":"follow","max-snippet":"max-snippet:-1","max-image-preview":"max-image-preview:large","max-video-preview":"max-video-preview:-1"},"canonical":"https:\/\/www.purejewels.com\/tr\/urun\/22-ayar-rozet-sal-kolye-sunrise-altin\/","og_locale":"tr_TR","og_type":"article","og_title":"Gold Rosette Paisley Pendant | 22ct Sunrise Gold | PureJewels UK","og_description":"Shop the Rosette Paisley Pendant from PureJewels\u2019 Rosette Collection. Handcrafted in 22ct Gold, this pendant blends antique detailing with floral charm.","og_url":"https:\/\/www.purejewels.com\/tr\/urun\/22-ayar-rozet-sal-kolye-sunrise-altin\/","og_site_name":"PureJewels UK","article_modified_time":"2026-02-05T06:33:35+00:00","og_image":[{"width":1000,"height":1000,"url":"https:\/\/static.purejewels.com\/wp-content\/uploads\/2021\/10\/40594-2.jpg","type":"image\/jpeg"}],"twitter_card":"summary_large_image","twitter_misc":{"Tahmini okuma s\u00fcresi":"1 dakika"},"schema":{"@context":"https:\/\/schema.org","@graph":[{"@type":["WebPage","ItemPage"],"@id":"https:\/\/www.purejewels.com\/product\/22ct-rosette-paisley-pendant-sunrise-gold\/","url":"https:\/\/www.purejewels.com\/product\/22ct-rosette-paisley-pendant-sunrise-gold\/","name":"Alt\u0131n Rozet Paisley Kolye | 22ct Sunrise Gold | PureJewels UK","isPartOf":{"@id":"https:\/\/www.purejewels.com\/#website"},"primaryImageOfPage":{"@id":"https:\/\/www.purejewels.com\/product\/22ct-rosette-paisley-pendant-sunrise-gold\/#primaryimage"},"image":{"@id":"https:\/\/www.purejewels.com\/product\/22ct-rosette-paisley-pendant-sunrise-gold\/#primaryimage"},"thumbnailUrl":"https:\/\/static.purejewels.com\/wp-content\/uploads\/2021\/10\/40594-2.jpg","datePublished":"2022-12-09T09:55:19+00:00","dateModified":"2026-02-05T06:33:35+00:00","description":"PureJewels'in Rosette Koleksiyonu'ndan Rosette Paisley Kolye Ucunu sat\u0131n al\u0131n. 22 ayar alt\u0131ndan el i\u015f\u00e7ili\u011fiyle \u00fcretilen bu kolye ucu, antika detaylarla \u00e7i\u00e7eksi cazibeyi harmanl\u0131yor.","breadcrumb":{"@id":"https:\/\/www.purejewels.com\/product\/22ct-rosette-paisley-pendant-sunrise-gold\/#breadcrumb"},"inLanguage":"tr","potentialAction":[{"@type":"ReadAction","target":["https:\/\/www.purejewels.com\/product\/22ct-rosette-paisley-pendant-sunrise-gold\/"]}]},{"@type":"ImageObject","inLanguage":"tr","@id":"https:\/\/www.purejewels.com\/product\/22ct-rosette-paisley-pendant-sunrise-gold\/#primaryimage","url":"https:\/\/static.purejewels.com\/wp-content\/uploads\/2021\/10\/40594-2.jpg","contentUrl":"https:\/\/static.purejewels.com\/wp-content\/uploads\/2021\/10\/40594-2.jpg","width":1000,"height":1000,"caption":"22Carat Gold Antique Pendant | Rosettes Collection"},{"@type":"BreadcrumbList","@id":"https:\/\/www.purejewels.com\/product\/22ct-rosette-paisley-pendant-sunrise-gold\/#breadcrumb","itemListElement":[{"@type":"ListItem","position":1,"name":"Home","item":"https:\/\/www.purejewels.com\/"},{"@type":"ListItem","position":2,"name":"Shop","item":"https:\/\/www.purejewels.com\/shop\/"},{"@type":"ListItem","position":3,"name":"22ct Rosette Paisley Pendant | Sunrise Gold"}]},{"@type":"WebSite","@id":"https:\/\/www.purejewels.com\/#website","url":"https:\/\/www.purejewels.com\/","name":"PureJewels \u0130ngiltere","description":"Sevgiyi Payla\u015f\u0131n","publisher":{"@id":"https:\/\/www.purejewels.com\/#organization"},"potentialAction":[{"@type":"SearchAction","target":{"@type":"EntryPoint","urlTemplate":"https:\/\/www.purejewels.com\/?s={search_term_string}"},"query-input":{"@type":"PropertyValueSpecification","valueRequired":true,"valueName":"search_term_string"}}],"inLanguage":"tr"},{"@type":"Organization","@id":"https:\/\/www.purejewels.com\/#organization","name":"PureJewels \u0130ngiltere","url":"https:\/\/www.purejewels.com\/","logo":{"@type":"ImageObject","inLanguage":"tr","@id":"https:\/\/www.purejewels.com\/#\/schema\/logo\/image\/","url":"https:\/\/static.purejewels.com\/wp-content\/uploads\/2020\/11\/Logo-PJ-New-1.png","contentUrl":"https:\/\/static.purejewels.com\/wp-content\/uploads\/2020\/11\/Logo-PJ-New-1.png","width":150,"height":80,"caption":"PureJewels UK"},"image":{"@id":"https:\/\/www.purejewels.com\/#\/schema\/logo\/image\/"}}]}},"_links":{"self":[{"href":"https:\/\/www.purejewels.com\/tr\/wp-json\/wp\/v2\/product\/341728","targetHints":{"allow":["GET"]}}],"collection":[{"href":"https:\/\/www.purejewels.com\/tr\/wp-json\/wp\/v2\/product"}],"about":[{"href":"https:\/\/www.purejewels.com\/tr\/wp-json\/wp\/v2\/types\/product"}],"replies":[{"embeddable":true,"href":"https:\/\/www.purejewels.com\/tr\/wp-json\/wp\/v2\/comments?post=341728"}],"version-history":[{"count":3,"href":"https:\/\/www.purejewels.com\/tr\/wp-json\/wp\/v2\/product\/341728\/revisions"}],"predecessor-version":[{"id":425708,"href":"https:\/\/www.purejewels.com\/tr\/wp-json\/wp\/v2\/product\/341728\/revisions\/425708"}],"wp:featuredmedia":[{"embeddable":true,"href":"https:\/\/www.purejewels.com\/tr\/wp-json\/wp\/v2\/media\/328005"}],"wp:attachment":[{"href":"https:\/\/www.purejewels.com\/tr\/wp-json\/wp\/v2\/media?parent=341728"}],"wp:term":[{"taxonomy":"product_brand","embeddable":true,"href":"https:\/\/www.purejewels.com\/tr\/wp-json\/wp\/v2\/product_brand?post=341728"},{"taxonomy":"product_cat","embeddable":true,"href":"https:\/\/www.purejewels.com\/tr\/wp-json\/wp\/v2\/product_cat?post=341728"},{"taxonomy":"product_tag","embeddable":true,"href":"https:\/\/www.purejewels.com\/tr\/wp-json\/wp\/v2\/product_tag?post=341728"}],"curies":[{"name":"wp","href":"https:\/\/api.w.org\/{rel}","templated":true}]}}