{"id":341760,"date":"2024-07-18T12:20:35","date_gmt":"2024-07-18T11:20:35","guid":{"rendered":"https:\/\/www.purejewels.com\/?post_type=product&#038;p=341760"},"modified":"2025-11-06T06:46:39","modified_gmt":"2025-11-06T06:46:39","slug":"bayanlar-icin-22-ayar-altin-boncuk-zincir-18-inc-rodyum-kaplama","status":"publish","type":"product","link":"https:\/\/www.purejewels.com\/tr\/product\/22ct-gold-bead-chain-for-ladies-18-inches-rhodium-finish\/","title":{"rendered":"Bayanlar i\u00e7in 22 Ayar Alt\u0131n Boncuk Zincir | 18 \u0130n\u00e7 | Rodyum Kaplama"},"content":{"rendered":"<p>Bu zarif 22 ayar alt\u0131n boncuklu kolye, her durum i\u00e7in m\u00fckemmel bir aksesuard\u0131r. Karma\u015f\u0131k tasar\u0131m\u0131nda \u00e7arp\u0131c\u0131 rodyum kaplamaya sahip narin alt\u0131n boncuklar bulunur ve her k\u0131yafete cazibe katar. 18 in\u00e7 uzunlu\u011fundaki bu zincir, di\u011fer kolyelerle kat kat takmak veya klasik bir g\u00f6r\u00fcn\u00fcm i\u00e7in tek ba\u015f\u0131na takmak i\u00e7in ideal boyuttad\u0131r.<\/p>\n<p>Y\u00fcksek kaliteli 22 ayar alt\u0131ndan \u00fcretilen bu kolye hem l\u00fcks hem de dayan\u0131kl\u0131d\u0131r, bu da onu y\u0131llarca s\u00fcrecek zamans\u0131z bir par\u00e7a haline getirir. \u0130ster \u00f6zel bir etkinlik i\u00e7in giyiniyor ister g\u00fcnl\u00fck stilinize sofistike bir dokunu\u015f kat\u0131yor olun, bu alt\u0131n boncuklu zincirin dikkatleri \u00fczerine \u00e7ekece\u011fi kesin.<\/p>\n<p>Kendinizi veya sevdi\u011finiz birini bu g\u00fczel alt\u0131n zincirle \u015f\u0131mart\u0131n ve m\u00fccevher koleksiyonunuza l\u00fcks bir dokunu\u015f kat\u0131n. \u015eimdi sipari\u015f verin ve bu zarif 22 ayar alt\u0131n boncuklu kolye ile g\u00f6r\u00fcn\u00fcm\u00fcn\u00fcz\u00fc y\u00fckseltin.<\/p>","protected":false},"excerpt":{"rendered":"<ul>\n<li>Rodyum Kaplamal\u0131 22 Ayar Alt\u0131n Fantezi Zincir<\/li>\n<li>A\u011f\u0131rl\u0131k 5,4 gms<\/li>\n<li>SKU. 41198<\/li>\n<li>Uzunluk. 18\u2033 \u0130n\u00e7<\/li>\n<\/ul>","protected":false},"featured_media":339071,"comment_status":"closed","ping_status":"closed","template":"","meta":{"_eb_attr":"","_crsspst_to_jayantr4sg-hostcom":true},"product_brand":[],"product_cat":[5014,1791,1559,1793,1792,1790,1475,1773,1573,1574],"product_tag":[3990,65,1430],"class_list":{"0":"post-341760","1":"product","2":"type-product","3":"status-publish","4":"has-post-thumbnail","6":"product_cat-18-inch-ladies-chain","7":"product_cat-anniversary-gifts","8":"product_cat-birthday-gifts","9":"product_cat-diwali-gifts","10":"product_cat-festival-gifts","11":"product_cat-for-whom-when","12":"product_cat-gold-chains","13":"product_cat-ladies-chains","14":"product_cat-wedding-gifts","15":"product_cat-womens-jewellery","16":"product_tag-22-carat-gold-chain","17":"product_tag-chains","18":"product_tag-diwali-gift","20":"first","21":"outofstock","22":"taxable","23":"shipping-taxable","24":"product-type-simple","25":"add-to-wishlist-before_image"},"yoast_head":"<!-- This site is optimized with the Yoast SEO plugin v27.6 - https:\/\/yoast.com\/product\/yoast-seo-wordpress\/ -->\n<title>22ct Gold Bead Chain for ladies with Rhodium Finish | online UK<\/title>\n<meta name=\"description\" content=\"Buy this beautiful 18-inch gold chain with rhodium beads for women. Order online for fast and free UK delivery.PureJewels.com\" \/>\n<meta name=\"robots\" content=\"index, follow, max-snippet:-1, max-image-preview:large, max-video-preview:-1\" \/>\n<link rel=\"canonical\" href=\"https:\/\/www.purejewels.com\/tr\/urun\/bayanlar-icin-22-ayar-altin-boncuk-zincir-18-inc-rodyum-kaplama\/\" \/>\n<meta property=\"og:locale\" content=\"tr_TR\" \/>\n<meta property=\"og:type\" content=\"article\" \/>\n<meta property=\"og:title\" content=\"22ct Gold Bead Chain for ladies with Rhodium Finish | online UK\" \/>\n<meta property=\"og:description\" content=\"Buy this beautiful 18-inch gold chain with rhodium beads for women. Order online for fast and free UK delivery.PureJewels.com\" \/>\n<meta property=\"og:url\" content=\"https:\/\/www.purejewels.com\/tr\/urun\/bayanlar-icin-22-ayar-altin-boncuk-zincir-18-inc-rodyum-kaplama\/\" \/>\n<meta property=\"og:site_name\" content=\"PureJewels UK\" \/>\n<meta property=\"article:modified_time\" content=\"2025-11-06T06:46:39+00:00\" \/>\n<meta property=\"og:image\" content=\"https:\/\/www.purejewels.com\/wp-content\/uploads\/2022\/10\/41198-1.jpg\" \/>\n\t<meta property=\"og:image:width\" content=\"1000\" \/>\n\t<meta property=\"og:image:height\" content=\"1000\" \/>\n\t<meta property=\"og:image:type\" content=\"image\/jpeg\" \/>\n<meta name=\"twitter:card\" content=\"summary_large_image\" \/>\n<meta name=\"twitter:label1\" content=\"Tahmini okuma s\u00fcresi\" \/>\n\t<meta name=\"twitter:data1\" content=\"1 dakika\" \/>\n<script type=\"application\/ld+json\" class=\"yoast-schema-graph\">{\"@context\":\"https:\\\/\\\/schema.org\",\"@graph\":[{\"@type\":[\"WebPage\",\"ItemPage\"],\"@id\":\"https:\\\/\\\/www.purejewels.com\\\/product\\\/22ct-gold-bead-chain-for-ladies-18-inches-rhodium-finish\\\/\",\"url\":\"https:\\\/\\\/www.purejewels.com\\\/product\\\/22ct-gold-bead-chain-for-ladies-18-inches-rhodium-finish\\\/\",\"name\":\"22ct Gold Bead Chain for ladies with Rhodium Finish | online UK\",\"isPartOf\":{\"@id\":\"https:\\\/\\\/www.purejewels.com\\\/#website\"},\"primaryImageOfPage\":{\"@id\":\"https:\\\/\\\/www.purejewels.com\\\/product\\\/22ct-gold-bead-chain-for-ladies-18-inches-rhodium-finish\\\/#primaryimage\"},\"image\":{\"@id\":\"https:\\\/\\\/www.purejewels.com\\\/product\\\/22ct-gold-bead-chain-for-ladies-18-inches-rhodium-finish\\\/#primaryimage\"},\"thumbnailUrl\":\"https:\\\/\\\/static.purejewels.com\\\/wp-content\\\/uploads\\\/2022\\\/10\\\/41198-1.jpg\",\"datePublished\":\"2024-07-18T11:20:35+00:00\",\"dateModified\":\"2025-11-06T06:46:39+00:00\",\"description\":\"Buy this beautiful 18-inch gold chain with rhodium beads for women. Order online for fast and free UK delivery.PureJewels.com\",\"breadcrumb\":{\"@id\":\"https:\\\/\\\/www.purejewels.com\\\/product\\\/22ct-gold-bead-chain-for-ladies-18-inches-rhodium-finish\\\/#breadcrumb\"},\"inLanguage\":\"tr\",\"potentialAction\":[{\"@type\":\"ReadAction\",\"target\":[\"https:\\\/\\\/www.purejewels.com\\\/product\\\/22ct-gold-bead-chain-for-ladies-18-inches-rhodium-finish\\\/\"]}]},{\"@type\":\"ImageObject\",\"inLanguage\":\"tr\",\"@id\":\"https:\\\/\\\/www.purejewels.com\\\/product\\\/22ct-gold-bead-chain-for-ladies-18-inches-rhodium-finish\\\/#primaryimage\",\"url\":\"https:\\\/\\\/static.purejewels.com\\\/wp-content\\\/uploads\\\/2022\\\/10\\\/41198-1.jpg\",\"contentUrl\":\"https:\\\/\\\/static.purejewels.com\\\/wp-content\\\/uploads\\\/2022\\\/10\\\/41198-1.jpg\",\"width\":1000,\"height\":1000,\"caption\":\"22ct Gold Bead Chain for Ladies | 18 Inches\"},{\"@type\":\"BreadcrumbList\",\"@id\":\"https:\\\/\\\/www.purejewels.com\\\/product\\\/22ct-gold-bead-chain-for-ladies-18-inches-rhodium-finish\\\/#breadcrumb\",\"itemListElement\":[{\"@type\":\"ListItem\",\"position\":1,\"name\":\"Home\",\"item\":\"https:\\\/\\\/www.purejewels.com\\\/\"},{\"@type\":\"ListItem\",\"position\":2,\"name\":\"Shop\",\"item\":\"https:\\\/\\\/www.purejewels.com\\\/shop\\\/\"},{\"@type\":\"ListItem\",\"position\":3,\"name\":\"22ct Gold Bead Chain for Ladies | 18 Inches | Rhodium Finish\"}]},{\"@type\":\"WebSite\",\"@id\":\"https:\\\/\\\/www.purejewels.com\\\/#website\",\"url\":\"https:\\\/\\\/www.purejewels.com\\\/\",\"name\":\"PureJewels UK\",\"description\":\"Share the Love\",\"publisher\":{\"@id\":\"https:\\\/\\\/www.purejewels.com\\\/#organization\"},\"potentialAction\":[{\"@type\":\"SearchAction\",\"target\":{\"@type\":\"EntryPoint\",\"urlTemplate\":\"https:\\\/\\\/www.purejewels.com\\\/?s={search_term_string}\"},\"query-input\":{\"@type\":\"PropertyValueSpecification\",\"valueRequired\":true,\"valueName\":\"search_term_string\"}}],\"inLanguage\":\"tr\"},{\"@type\":\"Organization\",\"@id\":\"https:\\\/\\\/www.purejewels.com\\\/#organization\",\"name\":\"PureJewels UK\",\"url\":\"https:\\\/\\\/www.purejewels.com\\\/\",\"logo\":{\"@type\":\"ImageObject\",\"inLanguage\":\"tr\",\"@id\":\"https:\\\/\\\/www.purejewels.com\\\/#\\\/schema\\\/logo\\\/image\\\/\",\"url\":\"https:\\\/\\\/static.purejewels.com\\\/wp-content\\\/uploads\\\/2020\\\/11\\\/Logo-PJ-New-1.png\",\"contentUrl\":\"https:\\\/\\\/static.purejewels.com\\\/wp-content\\\/uploads\\\/2020\\\/11\\\/Logo-PJ-New-1.png\",\"width\":150,\"height\":80,\"caption\":\"PureJewels UK\"},\"image\":{\"@id\":\"https:\\\/\\\/www.purejewels.com\\\/#\\\/schema\\\/logo\\\/image\\\/\"}}]}<\/script>\n<!-- \/ Yoast SEO plugin. -->","yoast_head_json":{"title":"Rodyum Kaplama ile bayanlar i\u00e7in 22 Ayar Alt\u0131n Boncuk Zincir | online \u0130ngiltere","description":"Kad\u0131nlar i\u00e7in rodyum boncuklu bu g\u00fczel 18 in\u00e7 alt\u0131n zinciri sat\u0131n al\u0131n. H\u0131zl\u0131 ve \u00fccretsiz \u0130ngiltere teslimat\u0131 i\u00e7in online sipari\u015f verin.PureJewels.com","robots":{"index":"index","follow":"follow","max-snippet":"max-snippet:-1","max-image-preview":"max-image-preview:large","max-video-preview":"max-video-preview:-1"},"canonical":"https:\/\/www.purejewels.com\/tr\/urun\/bayanlar-icin-22-ayar-altin-boncuk-zincir-18-inc-rodyum-kaplama\/","og_locale":"tr_TR","og_type":"article","og_title":"22ct Gold Bead Chain for ladies with Rhodium Finish | online UK","og_description":"Buy this beautiful 18-inch gold chain with rhodium beads for women. Order online for fast and free UK delivery.PureJewels.com","og_url":"https:\/\/www.purejewels.com\/tr\/urun\/bayanlar-icin-22-ayar-altin-boncuk-zincir-18-inc-rodyum-kaplama\/","og_site_name":"PureJewels UK","article_modified_time":"2025-11-06T06:46:39+00:00","og_image":[{"width":1000,"height":1000,"url":"https:\/\/www.purejewels.com\/wp-content\/uploads\/2022\/10\/41198-1.jpg","type":"image\/jpeg"}],"twitter_card":"summary_large_image","twitter_misc":{"Tahmini okuma s\u00fcresi":"1 dakika"},"schema":{"@context":"https:\/\/schema.org","@graph":[{"@type":["WebPage","ItemPage"],"@id":"https:\/\/www.purejewels.com\/product\/22ct-gold-bead-chain-for-ladies-18-inches-rhodium-finish\/","url":"https:\/\/www.purejewels.com\/product\/22ct-gold-bead-chain-for-ladies-18-inches-rhodium-finish\/","name":"Rodyum Kaplama ile bayanlar i\u00e7in 22 Ayar Alt\u0131n Boncuk Zincir | online \u0130ngiltere","isPartOf":{"@id":"https:\/\/www.purejewels.com\/#website"},"primaryImageOfPage":{"@id":"https:\/\/www.purejewels.com\/product\/22ct-gold-bead-chain-for-ladies-18-inches-rhodium-finish\/#primaryimage"},"image":{"@id":"https:\/\/www.purejewels.com\/product\/22ct-gold-bead-chain-for-ladies-18-inches-rhodium-finish\/#primaryimage"},"thumbnailUrl":"https:\/\/static.purejewels.com\/wp-content\/uploads\/2022\/10\/41198-1.jpg","datePublished":"2024-07-18T11:20:35+00:00","dateModified":"2025-11-06T06:46:39+00:00","description":"Kad\u0131nlar i\u00e7in rodyum boncuklu bu g\u00fczel 18 in\u00e7 alt\u0131n zinciri sat\u0131n al\u0131n. H\u0131zl\u0131 ve \u00fccretsiz \u0130ngiltere teslimat\u0131 i\u00e7in online sipari\u015f verin.PureJewels.com","breadcrumb":{"@id":"https:\/\/www.purejewels.com\/product\/22ct-gold-bead-chain-for-ladies-18-inches-rhodium-finish\/#breadcrumb"},"inLanguage":"tr","potentialAction":[{"@type":"ReadAction","target":["https:\/\/www.purejewels.com\/product\/22ct-gold-bead-chain-for-ladies-18-inches-rhodium-finish\/"]}]},{"@type":"ImageObject","inLanguage":"tr","@id":"https:\/\/www.purejewels.com\/product\/22ct-gold-bead-chain-for-ladies-18-inches-rhodium-finish\/#primaryimage","url":"https:\/\/static.purejewels.com\/wp-content\/uploads\/2022\/10\/41198-1.jpg","contentUrl":"https:\/\/static.purejewels.com\/wp-content\/uploads\/2022\/10\/41198-1.jpg","width":1000,"height":1000,"caption":"22ct Gold Bead Chain for Ladies | 18 Inches"},{"@type":"BreadcrumbList","@id":"https:\/\/www.purejewels.com\/product\/22ct-gold-bead-chain-for-ladies-18-inches-rhodium-finish\/#breadcrumb","itemListElement":[{"@type":"ListItem","position":1,"name":"Home","item":"https:\/\/www.purejewels.com\/"},{"@type":"ListItem","position":2,"name":"Shop","item":"https:\/\/www.purejewels.com\/shop\/"},{"@type":"ListItem","position":3,"name":"22ct Gold Bead Chain for Ladies | 18 Inches | Rhodium Finish"}]},{"@type":"WebSite","@id":"https:\/\/www.purejewels.com\/#website","url":"https:\/\/www.purejewels.com\/","name":"PureJewels \u0130ngiltere","description":"Sevgiyi Payla\u015f\u0131n","publisher":{"@id":"https:\/\/www.purejewels.com\/#organization"},"potentialAction":[{"@type":"SearchAction","target":{"@type":"EntryPoint","urlTemplate":"https:\/\/www.purejewels.com\/?s={search_term_string}"},"query-input":{"@type":"PropertyValueSpecification","valueRequired":true,"valueName":"search_term_string"}}],"inLanguage":"tr"},{"@type":"Organization","@id":"https:\/\/www.purejewels.com\/#organization","name":"PureJewels \u0130ngiltere","url":"https:\/\/www.purejewels.com\/","logo":{"@type":"ImageObject","inLanguage":"tr","@id":"https:\/\/www.purejewels.com\/#\/schema\/logo\/image\/","url":"https:\/\/static.purejewels.com\/wp-content\/uploads\/2020\/11\/Logo-PJ-New-1.png","contentUrl":"https:\/\/static.purejewels.com\/wp-content\/uploads\/2020\/11\/Logo-PJ-New-1.png","width":150,"height":80,"caption":"PureJewels UK"},"image":{"@id":"https:\/\/www.purejewels.com\/#\/schema\/logo\/image\/"}}]}},"_links":{"self":[{"href":"https:\/\/www.purejewels.com\/tr\/wp-json\/wp\/v2\/product\/341760","targetHints":{"allow":["GET"]}}],"collection":[{"href":"https:\/\/www.purejewels.com\/tr\/wp-json\/wp\/v2\/product"}],"about":[{"href":"https:\/\/www.purejewels.com\/tr\/wp-json\/wp\/v2\/types\/product"}],"replies":[{"embeddable":true,"href":"https:\/\/www.purejewels.com\/tr\/wp-json\/wp\/v2\/comments?post=341760"}],"version-history":[{"count":3,"href":"https:\/\/www.purejewels.com\/tr\/wp-json\/wp\/v2\/product\/341760\/revisions"}],"predecessor-version":[{"id":420322,"href":"https:\/\/www.purejewels.com\/tr\/wp-json\/wp\/v2\/product\/341760\/revisions\/420322"}],"wp:featuredmedia":[{"embeddable":true,"href":"https:\/\/www.purejewels.com\/tr\/wp-json\/wp\/v2\/media\/339071"}],"wp:attachment":[{"href":"https:\/\/www.purejewels.com\/tr\/wp-json\/wp\/v2\/media?parent=341760"}],"wp:term":[{"taxonomy":"product_brand","embeddable":true,"href":"https:\/\/www.purejewels.com\/tr\/wp-json\/wp\/v2\/product_brand?post=341760"},{"taxonomy":"product_cat","embeddable":true,"href":"https:\/\/www.purejewels.com\/tr\/wp-json\/wp\/v2\/product_cat?post=341760"},{"taxonomy":"product_tag","embeddable":true,"href":"https:\/\/www.purejewels.com\/tr\/wp-json\/wp\/v2\/product_tag?post=341760"}],"curies":[{"name":"wp","href":"https:\/\/api.w.org\/{rel}","templated":true}]}}