{"id":342161,"date":"2025-07-22T07:05:57","date_gmt":"2025-07-22T06:05:57","guid":{"rendered":"https:\/\/www.purejewels.com\/?post_type=product&#038;p=342161"},"modified":"2026-02-26T05:49:51","modified_gmt":"2026-02-26T05:49:51","slug":"rozet-22-ayar-altin-dalga-bileklik-49820","status":"publish","type":"product","link":"https:\/\/www.purejewels.com\/tr\/product\/rosette-22-carat-gold-wave-bangle-49820\/","title":{"rendered":"22 Ayar Alt\u0131n Rozet Dalga Bileklik"},"content":{"rendered":"<p>22 Ayar Alt\u0131n Rozet Dalga Bileklik, ince yontulmu\u015f \u00e7i\u00e7ek motifleriyle bezenmi\u015f ak\u0131c\u0131 k\u0131vr\u0131mlara sahiptir. Ritmik dalga tasar\u0131m\u0131 ve parlak alt\u0131n kaplamas\u0131 bayram g\u00f6r\u00fcn\u00fcm\u00fcn\u00fcze hareket ve miras detay\u0131 katar. Bayram i\u00e7in g\u00fczel bir m\u00fccevher par\u00e7as\u0131, bayram\u0131 zarafet ve s\u0131cakl\u0131kla kutlamak i\u00e7in m\u00fckemmel.<\/p>","protected":false},"excerpt":{"rendered":"<div class=\"woocommerce-product-details__short-description\">\n<table class=\"sh_desc\">\n<tbody>\n<tr>\n<td>Bileklik T\u00fcr\u00fc<\/td>\n<td>Gelin Giyim Bileklik<\/td>\n<\/tr>\n<tr>\n<td>SKU<\/td>\n<td>49820, 49819<\/td>\n<\/tr>\n<tr>\n<td>A\u011f\u0131rl\u0131k<\/td>\n<td>\u00a012,5 Gms<\/td>\n<\/tr>\n<tr>\n<td>Metal<\/td>\n<td>22 Ayar Alt\u0131n<\/td>\n<\/tr>\n<tr>\n<td>Bileklik \u00d6l\u00e7\u00fcs\u00fc<\/td>\n<td>2.6 (Ek boyutlar i\u00e7in l\u00fctfen sorunuz)<\/td>\n<\/tr>\n<tr>\n<td>Koleksiyon<\/td>\n<td><strong>Rozet Koleksiyonu<\/strong><\/td>\n<\/tr>\n<tr>\n<td>Hallmark<\/td>\n<td>Londra Tahlil Ofisi Taraf\u0131ndan Damgalanm\u0131\u015f 22 Ayar Alt\u0131n<\/td>\n<\/tr>\n<tr>\n<td>\u00dccretler<\/td>\n<td>Teslimat ve KDV Dahil<\/td>\n<\/tr>\n<tr>\n<td>Paketleme<\/td>\n<td>Sunum Kutusu ile Birlikte Gelir<\/td>\n<\/tr>\n<tr>\n<td>Daha Fazla Bilgi<\/td>\n<td>\n<ul>\n<li>Not: Burada belirtilen fiyat\u0131n Tek Bileklik i\u00e7in oldu\u011funu unutmay\u0131n<\/li>\n<li>M\u00fcsaitlik durumu ve daha fazla resim i\u00e7in bizimle canl\u0131 sohbet edin<\/li>\n<\/ul>\n<\/td>\n<\/tr>\n<\/tbody>\n<\/table>\n<\/div>\n<p>&nbsp;<\/p>","protected":false},"featured_media":388279,"comment_status":"closed","ping_status":"closed","template":"","meta":{"_eb_attr":"","_crsspst_to_jayantr4sg-hostcom":false},"product_brand":[],"product_cat":[1791,236,5270,5701,1792,1233,1229,5347,1570,5271,5273,1656,1657,1573],"product_tag":[],"class_list":{"0":"post-342161","1":"product","2":"type-product","3":"status-publish","4":"has-post-thumbnail","6":"product_cat-anniversary-gifts","7":"product_cat-collections","8":"product_cat-daily-wear-bangles","9":"product_cat-eid-jewellery","10":"product_cat-festival-gifts","11":"product_cat-gold-bangles","12":"product_cat-22ct-gold-jewellery","13":"product_cat-shop-by-metal","14":"product_cat-mothers-day-gifts","15":"product_cat-occasion-wear-bangles","16":"product_cat-22ct-gold-poncha-bracelet","17":"product_cat-rosettes-collections","18":"product_cat-single-bangle","19":"product_cat-wedding-gifts","21":"first","22":"instock","23":"taxable","24":"shipping-taxable","25":"purchasable","26":"product-type-simple","27":"add-to-wishlist-before_image"},"yoast_head":"<!-- This site is optimized with the Yoast SEO plugin v27.5 - https:\/\/yoast.com\/product\/yoast-seo-wordpress\/ -->\n<title>22ct Gold Bangle for Women | Stylish &amp; Elegant Bridal Jewelry<\/title>\n<meta name=\"description\" content=\"Check this 22k gold bangles designs with the best price online. This 22ct gold bangle is perfect for a bride-to-be. Its high-quality craftsmanship makes it an heirloom piece.\" \/>\n<meta name=\"robots\" content=\"index, follow, max-snippet:-1, max-image-preview:large, max-video-preview:-1\" \/>\n<link rel=\"canonical\" href=\"https:\/\/www.purejewels.com\/tr\/urun\/rozet-22-ayar-altin-dalga-bileklik-49820\/\" \/>\n<meta property=\"og:locale\" content=\"tr_TR\" \/>\n<meta property=\"og:type\" content=\"article\" \/>\n<meta property=\"og:title\" content=\"22ct Gold Bangle for Women | Stylish &amp; Elegant Bridal Jewelry\" \/>\n<meta property=\"og:description\" content=\"Check this 22k gold bangles designs with the best price online. This 22ct gold bangle is perfect for a bride-to-be. Its high-quality craftsmanship makes it an heirloom piece.\" \/>\n<meta property=\"og:url\" content=\"https:\/\/www.purejewels.com\/tr\/urun\/rozet-22-ayar-altin-dalga-bileklik-49820\/\" \/>\n<meta property=\"og:site_name\" content=\"PureJewels UK\" \/>\n<meta property=\"article:modified_time\" content=\"2026-02-26T05:49:51+00:00\" \/>\n<meta property=\"og:image\" content=\"https:\/\/static.purejewels.com\/wp-content\/uploads\/2022\/12\/49819_1.png\" \/>\n\t<meta property=\"og:image:width\" content=\"1000\" \/>\n\t<meta property=\"og:image:height\" content=\"1000\" \/>\n\t<meta property=\"og:image:type\" content=\"image\/png\" \/>\n<meta name=\"twitter:card\" content=\"summary_large_image\" \/>\n<meta name=\"twitter:label1\" content=\"Tahmini okuma s\u00fcresi\" \/>\n\t<meta name=\"twitter:data1\" content=\"1 dakika\" \/>\n<script type=\"application\/ld+json\" class=\"yoast-schema-graph\">{\"@context\":\"https:\\\/\\\/schema.org\",\"@graph\":[{\"@type\":[\"WebPage\",\"ItemPage\"],\"@id\":\"https:\\\/\\\/www.purejewels.com\\\/product\\\/rosette-22-carat-gold-wave-bangle-49820\\\/\",\"url\":\"https:\\\/\\\/www.purejewels.com\\\/product\\\/rosette-22-carat-gold-wave-bangle-49820\\\/\",\"name\":\"22ct Gold Bangle for Women | Stylish & Elegant Bridal Jewelry\",\"isPartOf\":{\"@id\":\"https:\\\/\\\/www.purejewels.com\\\/#website\"},\"primaryImageOfPage\":{\"@id\":\"https:\\\/\\\/www.purejewels.com\\\/product\\\/rosette-22-carat-gold-wave-bangle-49820\\\/#primaryimage\"},\"image\":{\"@id\":\"https:\\\/\\\/www.purejewels.com\\\/product\\\/rosette-22-carat-gold-wave-bangle-49820\\\/#primaryimage\"},\"thumbnailUrl\":\"https:\\\/\\\/static.purejewels.com\\\/wp-content\\\/uploads\\\/2022\\\/12\\\/49819_1.png\",\"datePublished\":\"2025-07-22T06:05:57+00:00\",\"dateModified\":\"2026-02-26T05:49:51+00:00\",\"description\":\"Check this 22k gold bangles designs with the best price online. This 22ct gold bangle is perfect for a bride-to-be. Its high-quality craftsmanship makes it an heirloom piece.\",\"breadcrumb\":{\"@id\":\"https:\\\/\\\/www.purejewels.com\\\/product\\\/rosette-22-carat-gold-wave-bangle-49820\\\/#breadcrumb\"},\"inLanguage\":\"tr\",\"potentialAction\":[{\"@type\":\"ReadAction\",\"target\":[\"https:\\\/\\\/www.purejewels.com\\\/product\\\/rosette-22-carat-gold-wave-bangle-49820\\\/\"]}]},{\"@type\":\"ImageObject\",\"inLanguage\":\"tr\",\"@id\":\"https:\\\/\\\/www.purejewels.com\\\/product\\\/rosette-22-carat-gold-wave-bangle-49820\\\/#primaryimage\",\"url\":\"https:\\\/\\\/static.purejewels.com\\\/wp-content\\\/uploads\\\/2022\\\/12\\\/49819_1.png\",\"contentUrl\":\"https:\\\/\\\/static.purejewels.com\\\/wp-content\\\/uploads\\\/2022\\\/12\\\/49819_1.png\",\"width\":1000,\"height\":1000,\"caption\":\"22ct Gold Bangle\"},{\"@type\":\"BreadcrumbList\",\"@id\":\"https:\\\/\\\/www.purejewels.com\\\/product\\\/rosette-22-carat-gold-wave-bangle-49820\\\/#breadcrumb\",\"itemListElement\":[{\"@type\":\"ListItem\",\"position\":1,\"name\":\"Home\",\"item\":\"https:\\\/\\\/www.purejewels.com\\\/\"},{\"@type\":\"ListItem\",\"position\":2,\"name\":\"Shop\",\"item\":\"https:\\\/\\\/www.purejewels.com\\\/shop\\\/\"},{\"@type\":\"ListItem\",\"position\":3,\"name\":\"22ct Gold Rosette Wave Bangle\"}]},{\"@type\":\"WebSite\",\"@id\":\"https:\\\/\\\/www.purejewels.com\\\/#website\",\"url\":\"https:\\\/\\\/www.purejewels.com\\\/\",\"name\":\"PureJewels UK\",\"description\":\"Share the Love\",\"publisher\":{\"@id\":\"https:\\\/\\\/www.purejewels.com\\\/#organization\"},\"potentialAction\":[{\"@type\":\"SearchAction\",\"target\":{\"@type\":\"EntryPoint\",\"urlTemplate\":\"https:\\\/\\\/www.purejewels.com\\\/?s={search_term_string}\"},\"query-input\":{\"@type\":\"PropertyValueSpecification\",\"valueRequired\":true,\"valueName\":\"search_term_string\"}}],\"inLanguage\":\"tr\"},{\"@type\":\"Organization\",\"@id\":\"https:\\\/\\\/www.purejewels.com\\\/#organization\",\"name\":\"PureJewels UK\",\"url\":\"https:\\\/\\\/www.purejewels.com\\\/\",\"logo\":{\"@type\":\"ImageObject\",\"inLanguage\":\"tr\",\"@id\":\"https:\\\/\\\/www.purejewels.com\\\/#\\\/schema\\\/logo\\\/image\\\/\",\"url\":\"https:\\\/\\\/static.purejewels.com\\\/wp-content\\\/uploads\\\/2020\\\/11\\\/Logo-PJ-New-1.png\",\"contentUrl\":\"https:\\\/\\\/static.purejewels.com\\\/wp-content\\\/uploads\\\/2020\\\/11\\\/Logo-PJ-New-1.png\",\"width\":150,\"height\":80,\"caption\":\"PureJewels UK\"},\"image\":{\"@id\":\"https:\\\/\\\/www.purejewels.com\\\/#\\\/schema\\\/logo\\\/image\\\/\"}}]}<\/script>\n<!-- \/ Yoast SEO plugin. -->","yoast_head_json":{"title":"Kad\u0131nlar i\u00e7in 22 Ayar Alt\u0131n Bileklik | \u015e\u0131k &amp; Zarif Gelin Tak\u0131lar\u0131","description":"Bu 22 ayar alt\u0131n bileklik tasar\u0131mlar\u0131n\u0131 online olarak en iyi fiyatla inceleyin. Bu 22 ayar alt\u0131n bileklik gelin adaylar\u0131 i\u00e7in m\u00fckemmeldir. Y\u00fcksek kaliteli i\u015f\u00e7ili\u011fi onu aile yadigar\u0131 bir par\u00e7a haline getiriyor.","robots":{"index":"index","follow":"follow","max-snippet":"max-snippet:-1","max-image-preview":"max-image-preview:large","max-video-preview":"max-video-preview:-1"},"canonical":"https:\/\/www.purejewels.com\/tr\/urun\/rozet-22-ayar-altin-dalga-bileklik-49820\/","og_locale":"tr_TR","og_type":"article","og_title":"22ct Gold Bangle for Women | Stylish & Elegant Bridal Jewelry","og_description":"Check this 22k gold bangles designs with the best price online. This 22ct gold bangle is perfect for a bride-to-be. Its high-quality craftsmanship makes it an heirloom piece.","og_url":"https:\/\/www.purejewels.com\/tr\/urun\/rozet-22-ayar-altin-dalga-bileklik-49820\/","og_site_name":"PureJewels UK","article_modified_time":"2026-02-26T05:49:51+00:00","og_image":[{"width":1000,"height":1000,"url":"https:\/\/static.purejewels.com\/wp-content\/uploads\/2022\/12\/49819_1.png","type":"image\/png"}],"twitter_card":"summary_large_image","twitter_misc":{"Tahmini okuma s\u00fcresi":"1 dakika"},"schema":{"@context":"https:\/\/schema.org","@graph":[{"@type":["WebPage","ItemPage"],"@id":"https:\/\/www.purejewels.com\/product\/rosette-22-carat-gold-wave-bangle-49820\/","url":"https:\/\/www.purejewels.com\/product\/rosette-22-carat-gold-wave-bangle-49820\/","name":"Kad\u0131nlar i\u00e7in 22 Ayar Alt\u0131n Bileklik | \u015e\u0131k &amp; Zarif Gelin Tak\u0131lar\u0131","isPartOf":{"@id":"https:\/\/www.purejewels.com\/#website"},"primaryImageOfPage":{"@id":"https:\/\/www.purejewels.com\/product\/rosette-22-carat-gold-wave-bangle-49820\/#primaryimage"},"image":{"@id":"https:\/\/www.purejewels.com\/product\/rosette-22-carat-gold-wave-bangle-49820\/#primaryimage"},"thumbnailUrl":"https:\/\/static.purejewels.com\/wp-content\/uploads\/2022\/12\/49819_1.png","datePublished":"2025-07-22T06:05:57+00:00","dateModified":"2026-02-26T05:49:51+00:00","description":"Bu 22 ayar alt\u0131n bileklik tasar\u0131mlar\u0131n\u0131 online olarak en iyi fiyatla inceleyin. Bu 22 ayar alt\u0131n bileklik gelin adaylar\u0131 i\u00e7in m\u00fckemmeldir. Y\u00fcksek kaliteli i\u015f\u00e7ili\u011fi onu aile yadigar\u0131 bir par\u00e7a haline getiriyor.","breadcrumb":{"@id":"https:\/\/www.purejewels.com\/product\/rosette-22-carat-gold-wave-bangle-49820\/#breadcrumb"},"inLanguage":"tr","potentialAction":[{"@type":"ReadAction","target":["https:\/\/www.purejewels.com\/product\/rosette-22-carat-gold-wave-bangle-49820\/"]}]},{"@type":"ImageObject","inLanguage":"tr","@id":"https:\/\/www.purejewels.com\/product\/rosette-22-carat-gold-wave-bangle-49820\/#primaryimage","url":"https:\/\/static.purejewels.com\/wp-content\/uploads\/2022\/12\/49819_1.png","contentUrl":"https:\/\/static.purejewels.com\/wp-content\/uploads\/2022\/12\/49819_1.png","width":1000,"height":1000,"caption":"22ct Gold Bangle"},{"@type":"BreadcrumbList","@id":"https:\/\/www.purejewels.com\/product\/rosette-22-carat-gold-wave-bangle-49820\/#breadcrumb","itemListElement":[{"@type":"ListItem","position":1,"name":"Home","item":"https:\/\/www.purejewels.com\/"},{"@type":"ListItem","position":2,"name":"Shop","item":"https:\/\/www.purejewels.com\/shop\/"},{"@type":"ListItem","position":3,"name":"22ct Gold Rosette Wave Bangle"}]},{"@type":"WebSite","@id":"https:\/\/www.purejewels.com\/#website","url":"https:\/\/www.purejewels.com\/","name":"PureJewels \u0130ngiltere","description":"Sevgiyi Payla\u015f\u0131n","publisher":{"@id":"https:\/\/www.purejewels.com\/#organization"},"potentialAction":[{"@type":"SearchAction","target":{"@type":"EntryPoint","urlTemplate":"https:\/\/www.purejewels.com\/?s={search_term_string}"},"query-input":{"@type":"PropertyValueSpecification","valueRequired":true,"valueName":"search_term_string"}}],"inLanguage":"tr"},{"@type":"Organization","@id":"https:\/\/www.purejewels.com\/#organization","name":"PureJewels \u0130ngiltere","url":"https:\/\/www.purejewels.com\/","logo":{"@type":"ImageObject","inLanguage":"tr","@id":"https:\/\/www.purejewels.com\/#\/schema\/logo\/image\/","url":"https:\/\/static.purejewels.com\/wp-content\/uploads\/2020\/11\/Logo-PJ-New-1.png","contentUrl":"https:\/\/static.purejewels.com\/wp-content\/uploads\/2020\/11\/Logo-PJ-New-1.png","width":150,"height":80,"caption":"PureJewels UK"},"image":{"@id":"https:\/\/www.purejewels.com\/#\/schema\/logo\/image\/"}}]}},"_links":{"self":[{"href":"https:\/\/www.purejewels.com\/tr\/wp-json\/wp\/v2\/product\/342161","targetHints":{"allow":["GET"]}}],"collection":[{"href":"https:\/\/www.purejewels.com\/tr\/wp-json\/wp\/v2\/product"}],"about":[{"href":"https:\/\/www.purejewels.com\/tr\/wp-json\/wp\/v2\/types\/product"}],"replies":[{"embeddable":true,"href":"https:\/\/www.purejewels.com\/tr\/wp-json\/wp\/v2\/comments?post=342161"}],"version-history":[{"count":5,"href":"https:\/\/www.purejewels.com\/tr\/wp-json\/wp\/v2\/product\/342161\/revisions"}],"predecessor-version":[{"id":426336,"href":"https:\/\/www.purejewels.com\/tr\/wp-json\/wp\/v2\/product\/342161\/revisions\/426336"}],"wp:featuredmedia":[{"embeddable":true,"href":"https:\/\/www.purejewels.com\/tr\/wp-json\/wp\/v2\/media\/388279"}],"wp:attachment":[{"href":"https:\/\/www.purejewels.com\/tr\/wp-json\/wp\/v2\/media?parent=342161"}],"wp:term":[{"taxonomy":"product_brand","embeddable":true,"href":"https:\/\/www.purejewels.com\/tr\/wp-json\/wp\/v2\/product_brand?post=342161"},{"taxonomy":"product_cat","embeddable":true,"href":"https:\/\/www.purejewels.com\/tr\/wp-json\/wp\/v2\/product_cat?post=342161"},{"taxonomy":"product_tag","embeddable":true,"href":"https:\/\/www.purejewels.com\/tr\/wp-json\/wp\/v2\/product_tag?post=342161"}],"curies":[{"name":"wp","href":"https:\/\/api.w.org\/{rel}","templated":true}]}}