{"id":342190,"date":"2023-08-01T12:48:59","date_gmt":"2023-08-01T11:48:59","guid":{"rendered":"https:\/\/www.purejewels.com\/?post_type=product&#038;p=342190"},"modified":"2026-02-05T06:30:30","modified_gmt":"2026-02-05T06:30:30","slug":"22-ayar-altin-mala-tarzi-kolyeler-30-inc-rozet-koleksiyonu-43367","status":"publish","type":"product","link":"https:\/\/www.purejewels.com\/tr\/product\/22ct-gold-mala-style-necklaces-30-inches-rosette-collection-43367\/","title":{"rendered":"22 Ayar Alt\u0131n Mala Tarz\u0131 Kolyeler | 26 \u0130n\u00e7 | Rozet Koleksiyonu"},"content":{"rendered":"<p>Rosette koleksiyonumuzdan alt\u0131n erkek tarz\u0131 kolyemiz 22 ayar alt\u0131n ve kal\u0131p damgalama sanat\u0131 kullan\u0131larak yap\u0131lm\u0131\u015ft\u0131r. Rosette koleksiyonumuz yolculuklar\u0131 kutlama felsefesine dayanmaktad\u0131r. Ne kadar b\u00fcy\u00fck veya k\u00fc\u00e7\u00fck olursa olsun, ya\u015fam olaylar\u0131m\u0131z kutlanmal\u0131d\u0131r. Her ba\u015far\u0131, hayat\u0131m\u0131zda bizi parlak bir gelece\u011fe do\u011fru iten bir basamakt\u0131r.<\/p>\n<p>Mala tarz\u0131 kolyenin silueti y\u0131llar sonra bile \u015f\u0131kl\u0131\u011f\u0131n\u0131 koruyor. Kolye, rozet motifleriyle telkari boncuk benzeri bir yap\u0131 kullan\u0131larak s\u00fcslenmi\u015ftir. Tasar\u0131m\u0131n \u00e7ok y\u00f6nl\u00fcl\u00fc\u011f\u00fc, farkl\u0131 \u015fekillerde giyilmesine olanak tan\u0131r. Tek ba\u015f\u0131na takabilir veya farkl\u0131 uzunluktaki kolyelerle e\u015fle\u015ftirebilirsiniz. <a href=\"https:\/\/www.purejewels.com\/tr\/product-category\/22ct-gold-jewellery\/gold-chains\/\">Zincirler<\/a> katmanl\u0131 bir g\u00f6r\u00fcn\u00fcm yaratmak i\u00e7in. Ayr\u0131ca bir pelerin ile de giyebilirsiniz. <a href=\"https:\/\/www.purejewels.com\/tr\/product\/22-carat-gold-choker-necklace-5\/\">alt\u0131n gerdanl\u0131k<\/a> bir gelin g\u00f6r\u00fcn\u00fcm\u00fc yaratmak i\u00e7in.<\/p>\n<ul>\n<li><b>Menzil kimli\u011fi:<\/b>\u00a0JWNLMLRS016<\/li>\n<li>SKU.43367<\/li>\n<\/ul>","protected":false},"excerpt":{"rendered":"<table class=\"sh_desc\">\n<tbody>\n<tr>\n<td>Kolye Tipi<\/td>\n<td>Mala Tarz\u0131 Kolye<\/td>\n<\/tr>\n<tr>\n<td>SKU<\/td>\n<td>43367<\/td>\n<\/tr>\n<tr>\n<td>A\u011f\u0131rl\u0131k<\/td>\n<td>31 Gms<\/td>\n<\/tr>\n<tr>\n<td>Metal<\/td>\n<td>22 Ayar Alt\u0131n<\/td>\n<\/tr>\n<tr>\n<td>Uzunluk<\/td>\n<td>26 \u0130n\u00e7<\/td>\n<\/tr>\n<tr>\n<td>Hallmark<\/td>\n<td>Londra Tahlil Ofisi Taraf\u0131ndan Damgalanm\u0131\u015f 22 Ayar Alt\u0131n<\/td>\n<\/tr>\n<tr>\n<td>\u00dccretler<\/td>\n<td>Teslimat ve KDV Dahil<\/td>\n<\/tr>\n<tr>\n<td>Paketleme<\/td>\n<td>Sunum Kutusu ile Birlikte Gelir<\/td>\n<\/tr>\n<tr>\n<td>Daha Fazla Bilgi<\/td>\n<td>M\u00fcsaitlik durumu ve daha fazla resim i\u00e7in bizimle canl\u0131 sohbet edin<\/td>\n<\/tr>\n<\/tbody>\n<\/table>","protected":false},"featured_media":342201,"comment_status":"closed","ping_status":"closed","template":"","meta":{"_eb_attr":"","_crsspst_to_jayantr4sg-hostcom":false},"product_brand":[],"product_cat":[1791,1559,5950,5701,1792,1253,1779,1656,5275,1573,1574],"product_tag":[],"class_list":{"0":"post-342190","1":"product","2":"type-product","3":"status-publish","4":"has-post-thumbnail","6":"product_cat-anniversary-gifts","7":"product_cat-birthday-gifts","8":"product_cat-bridal-necklace","9":"product_cat-eid-jewellery","10":"product_cat-festival-gifts","11":"product_cat-gold-necklaces","12":"product_cat-mala-style-necklaces","13":"product_cat-rosettes-collections","14":"product_cat-rosettes-necklace","15":"product_cat-wedding-gifts","16":"product_cat-womens-jewellery","18":"first","19":"instock","20":"taxable","21":"shipping-taxable","22":"purchasable","23":"product-type-simple","24":"add-to-wishlist-before_image"},"yoast_head":"<!-- This site is optimized with the Yoast SEO plugin v27.5 - https:\/\/yoast.com\/product\/yoast-seo-wordpress\/ -->\n<title>22ct Gold Mala Style Necklace UK from Rosette Collection<\/title>\n<meta name=\"description\" content=\"This 22ct Gold Rosette Collection Antique finish necklace from the UK is perfect for adding a touch of vintage glamour to any look.\" \/>\n<meta name=\"robots\" content=\"index, follow, max-snippet:-1, max-image-preview:large, max-video-preview:-1\" \/>\n<link rel=\"canonical\" href=\"https:\/\/www.purejewels.com\/tr\/urun\/22-ayar-altin-mala-tarzi-kolyeler-30-inc-rozet-koleksiyonu-43367\/\" \/>\n<meta property=\"og:locale\" content=\"tr_TR\" \/>\n<meta property=\"og:type\" content=\"article\" \/>\n<meta property=\"og:title\" content=\"22ct Gold Mala Style Necklace UK from Rosette Collection\" \/>\n<meta property=\"og:description\" content=\"This 22ct Gold Rosette Collection Antique finish necklace from the UK is perfect for adding a touch of vintage glamour to any look.\" \/>\n<meta property=\"og:url\" content=\"https:\/\/www.purejewels.com\/tr\/urun\/22-ayar-altin-mala-tarzi-kolyeler-30-inc-rozet-koleksiyonu-43367\/\" \/>\n<meta property=\"og:site_name\" content=\"PureJewels UK\" \/>\n<meta property=\"article:modified_time\" content=\"2026-02-05T06:30:30+00:00\" \/>\n<meta property=\"og:image\" content=\"https:\/\/static.purejewels.com\/wp-content\/uploads\/2022\/12\/JLML854-2.jpg\" \/>\n\t<meta property=\"og:image:width\" content=\"1000\" \/>\n\t<meta property=\"og:image:height\" content=\"1000\" \/>\n\t<meta property=\"og:image:type\" content=\"image\/jpeg\" \/>\n<meta name=\"twitter:card\" content=\"summary_large_image\" \/>\n<meta name=\"twitter:label1\" content=\"Tahmini okuma s\u00fcresi\" \/>\n\t<meta name=\"twitter:data1\" content=\"1 dakika\" \/>\n<script type=\"application\/ld+json\" class=\"yoast-schema-graph\">{\"@context\":\"https:\\\/\\\/schema.org\",\"@graph\":[{\"@type\":[\"WebPage\",\"ItemPage\"],\"@id\":\"https:\\\/\\\/www.purejewels.com\\\/product\\\/22ct-gold-mala-style-necklaces-30-inches-rosette-collection-43367\\\/\",\"url\":\"https:\\\/\\\/www.purejewels.com\\\/product\\\/22ct-gold-mala-style-necklaces-30-inches-rosette-collection-43367\\\/\",\"name\":\"22ct Gold Mala Style Necklace UK from Rosette Collection\",\"isPartOf\":{\"@id\":\"https:\\\/\\\/www.purejewels.com\\\/#website\"},\"primaryImageOfPage\":{\"@id\":\"https:\\\/\\\/www.purejewels.com\\\/product\\\/22ct-gold-mala-style-necklaces-30-inches-rosette-collection-43367\\\/#primaryimage\"},\"image\":{\"@id\":\"https:\\\/\\\/www.purejewels.com\\\/product\\\/22ct-gold-mala-style-necklaces-30-inches-rosette-collection-43367\\\/#primaryimage\"},\"thumbnailUrl\":\"https:\\\/\\\/static.purejewels.com\\\/wp-content\\\/uploads\\\/2022\\\/12\\\/JLML854-2.jpg\",\"datePublished\":\"2023-08-01T11:48:59+00:00\",\"dateModified\":\"2026-02-05T06:30:30+00:00\",\"description\":\"This 22ct Gold Rosette Collection Antique finish necklace from the UK is perfect for adding a touch of vintage glamour to any look.\",\"breadcrumb\":{\"@id\":\"https:\\\/\\\/www.purejewels.com\\\/product\\\/22ct-gold-mala-style-necklaces-30-inches-rosette-collection-43367\\\/#breadcrumb\"},\"inLanguage\":\"tr\",\"potentialAction\":[{\"@type\":\"ReadAction\",\"target\":[\"https:\\\/\\\/www.purejewels.com\\\/product\\\/22ct-gold-mala-style-necklaces-30-inches-rosette-collection-43367\\\/\"]}]},{\"@type\":\"ImageObject\",\"inLanguage\":\"tr\",\"@id\":\"https:\\\/\\\/www.purejewels.com\\\/product\\\/22ct-gold-mala-style-necklaces-30-inches-rosette-collection-43367\\\/#primaryimage\",\"url\":\"https:\\\/\\\/static.purejewels.com\\\/wp-content\\\/uploads\\\/2022\\\/12\\\/JLML854-2.jpg\",\"contentUrl\":\"https:\\\/\\\/static.purejewels.com\\\/wp-content\\\/uploads\\\/2022\\\/12\\\/JLML854-2.jpg\",\"width\":1000,\"height\":1000,\"caption\":\"22ct Gold Mala Style Necklaces | 30 Inches | Jali Filigree Collection\"},{\"@type\":\"BreadcrumbList\",\"@id\":\"https:\\\/\\\/www.purejewels.com\\\/product\\\/22ct-gold-mala-style-necklaces-30-inches-rosette-collection-43367\\\/#breadcrumb\",\"itemListElement\":[{\"@type\":\"ListItem\",\"position\":1,\"name\":\"Home\",\"item\":\"https:\\\/\\\/www.purejewels.com\\\/\"},{\"@type\":\"ListItem\",\"position\":2,\"name\":\"Shop\",\"item\":\"https:\\\/\\\/www.purejewels.com\\\/shop\\\/\"},{\"@type\":\"ListItem\",\"position\":3,\"name\":\"22ct Gold Mala Style Necklaces | 26 Inches | Rosette Collection\"}]},{\"@type\":\"WebSite\",\"@id\":\"https:\\\/\\\/www.purejewels.com\\\/#website\",\"url\":\"https:\\\/\\\/www.purejewels.com\\\/\",\"name\":\"PureJewels UK\",\"description\":\"Share the Love\",\"publisher\":{\"@id\":\"https:\\\/\\\/www.purejewels.com\\\/#organization\"},\"potentialAction\":[{\"@type\":\"SearchAction\",\"target\":{\"@type\":\"EntryPoint\",\"urlTemplate\":\"https:\\\/\\\/www.purejewels.com\\\/?s={search_term_string}\"},\"query-input\":{\"@type\":\"PropertyValueSpecification\",\"valueRequired\":true,\"valueName\":\"search_term_string\"}}],\"inLanguage\":\"tr\"},{\"@type\":\"Organization\",\"@id\":\"https:\\\/\\\/www.purejewels.com\\\/#organization\",\"name\":\"PureJewels UK\",\"url\":\"https:\\\/\\\/www.purejewels.com\\\/\",\"logo\":{\"@type\":\"ImageObject\",\"inLanguage\":\"tr\",\"@id\":\"https:\\\/\\\/www.purejewels.com\\\/#\\\/schema\\\/logo\\\/image\\\/\",\"url\":\"https:\\\/\\\/static.purejewels.com\\\/wp-content\\\/uploads\\\/2020\\\/11\\\/Logo-PJ-New-1.png\",\"contentUrl\":\"https:\\\/\\\/static.purejewels.com\\\/wp-content\\\/uploads\\\/2020\\\/11\\\/Logo-PJ-New-1.png\",\"width\":150,\"height\":80,\"caption\":\"PureJewels UK\"},\"image\":{\"@id\":\"https:\\\/\\\/www.purejewels.com\\\/#\\\/schema\\\/logo\\\/image\\\/\"}}]}<\/script>\n<!-- \/ Yoast SEO plugin. -->","yoast_head_json":{"title":"Rosette Koleksiyonundan 22 Ayar Alt\u0131n Mala Tarz\u0131 Kolye \u0130ngiltere","description":"\u0130ngiltere'den gelen bu 22 Ayar Alt\u0131n Rozet Koleksiyonu Antik kaplama kolye, her g\u00f6r\u00fcn\u00fcme vintage bir cazibe katmak i\u00e7in m\u00fckemmeldir.","robots":{"index":"index","follow":"follow","max-snippet":"max-snippet:-1","max-image-preview":"max-image-preview:large","max-video-preview":"max-video-preview:-1"},"canonical":"https:\/\/www.purejewels.com\/tr\/urun\/22-ayar-altin-mala-tarzi-kolyeler-30-inc-rozet-koleksiyonu-43367\/","og_locale":"tr_TR","og_type":"article","og_title":"22ct Gold Mala Style Necklace UK from Rosette Collection","og_description":"This 22ct Gold Rosette Collection Antique finish necklace from the UK is perfect for adding a touch of vintage glamour to any look.","og_url":"https:\/\/www.purejewels.com\/tr\/urun\/22-ayar-altin-mala-tarzi-kolyeler-30-inc-rozet-koleksiyonu-43367\/","og_site_name":"PureJewels UK","article_modified_time":"2026-02-05T06:30:30+00:00","og_image":[{"width":1000,"height":1000,"url":"https:\/\/static.purejewels.com\/wp-content\/uploads\/2022\/12\/JLML854-2.jpg","type":"image\/jpeg"}],"twitter_card":"summary_large_image","twitter_misc":{"Tahmini okuma s\u00fcresi":"1 dakika"},"schema":{"@context":"https:\/\/schema.org","@graph":[{"@type":["WebPage","ItemPage"],"@id":"https:\/\/www.purejewels.com\/product\/22ct-gold-mala-style-necklaces-30-inches-rosette-collection-43367\/","url":"https:\/\/www.purejewels.com\/product\/22ct-gold-mala-style-necklaces-30-inches-rosette-collection-43367\/","name":"Rosette Koleksiyonundan 22 Ayar Alt\u0131n Mala Tarz\u0131 Kolye \u0130ngiltere","isPartOf":{"@id":"https:\/\/www.purejewels.com\/#website"},"primaryImageOfPage":{"@id":"https:\/\/www.purejewels.com\/product\/22ct-gold-mala-style-necklaces-30-inches-rosette-collection-43367\/#primaryimage"},"image":{"@id":"https:\/\/www.purejewels.com\/product\/22ct-gold-mala-style-necklaces-30-inches-rosette-collection-43367\/#primaryimage"},"thumbnailUrl":"https:\/\/static.purejewels.com\/wp-content\/uploads\/2022\/12\/JLML854-2.jpg","datePublished":"2023-08-01T11:48:59+00:00","dateModified":"2026-02-05T06:30:30+00:00","description":"\u0130ngiltere'den gelen bu 22 Ayar Alt\u0131n Rozet Koleksiyonu Antik kaplama kolye, her g\u00f6r\u00fcn\u00fcme vintage bir cazibe katmak i\u00e7in m\u00fckemmeldir.","breadcrumb":{"@id":"https:\/\/www.purejewels.com\/product\/22ct-gold-mala-style-necklaces-30-inches-rosette-collection-43367\/#breadcrumb"},"inLanguage":"tr","potentialAction":[{"@type":"ReadAction","target":["https:\/\/www.purejewels.com\/product\/22ct-gold-mala-style-necklaces-30-inches-rosette-collection-43367\/"]}]},{"@type":"ImageObject","inLanguage":"tr","@id":"https:\/\/www.purejewels.com\/product\/22ct-gold-mala-style-necklaces-30-inches-rosette-collection-43367\/#primaryimage","url":"https:\/\/static.purejewels.com\/wp-content\/uploads\/2022\/12\/JLML854-2.jpg","contentUrl":"https:\/\/static.purejewels.com\/wp-content\/uploads\/2022\/12\/JLML854-2.jpg","width":1000,"height":1000,"caption":"22ct Gold Mala Style Necklaces | 30 Inches | Jali Filigree Collection"},{"@type":"BreadcrumbList","@id":"https:\/\/www.purejewels.com\/product\/22ct-gold-mala-style-necklaces-30-inches-rosette-collection-43367\/#breadcrumb","itemListElement":[{"@type":"ListItem","position":1,"name":"Home","item":"https:\/\/www.purejewels.com\/"},{"@type":"ListItem","position":2,"name":"Shop","item":"https:\/\/www.purejewels.com\/shop\/"},{"@type":"ListItem","position":3,"name":"22ct Gold Mala Style Necklaces | 26 Inches | Rosette Collection"}]},{"@type":"WebSite","@id":"https:\/\/www.purejewels.com\/#website","url":"https:\/\/www.purejewels.com\/","name":"PureJewels \u0130ngiltere","description":"Sevgiyi Payla\u015f\u0131n","publisher":{"@id":"https:\/\/www.purejewels.com\/#organization"},"potentialAction":[{"@type":"SearchAction","target":{"@type":"EntryPoint","urlTemplate":"https:\/\/www.purejewels.com\/?s={search_term_string}"},"query-input":{"@type":"PropertyValueSpecification","valueRequired":true,"valueName":"search_term_string"}}],"inLanguage":"tr"},{"@type":"Organization","@id":"https:\/\/www.purejewels.com\/#organization","name":"PureJewels \u0130ngiltere","url":"https:\/\/www.purejewels.com\/","logo":{"@type":"ImageObject","inLanguage":"tr","@id":"https:\/\/www.purejewels.com\/#\/schema\/logo\/image\/","url":"https:\/\/static.purejewels.com\/wp-content\/uploads\/2020\/11\/Logo-PJ-New-1.png","contentUrl":"https:\/\/static.purejewels.com\/wp-content\/uploads\/2020\/11\/Logo-PJ-New-1.png","width":150,"height":80,"caption":"PureJewels UK"},"image":{"@id":"https:\/\/www.purejewels.com\/#\/schema\/logo\/image\/"}}]}},"_links":{"self":[{"href":"https:\/\/www.purejewels.com\/tr\/wp-json\/wp\/v2\/product\/342190","targetHints":{"allow":["GET"]}}],"collection":[{"href":"https:\/\/www.purejewels.com\/tr\/wp-json\/wp\/v2\/product"}],"about":[{"href":"https:\/\/www.purejewels.com\/tr\/wp-json\/wp\/v2\/types\/product"}],"replies":[{"embeddable":true,"href":"https:\/\/www.purejewels.com\/tr\/wp-json\/wp\/v2\/comments?post=342190"}],"version-history":[{"count":3,"href":"https:\/\/www.purejewels.com\/tr\/wp-json\/wp\/v2\/product\/342190\/revisions"}],"predecessor-version":[{"id":391260,"href":"https:\/\/www.purejewels.com\/tr\/wp-json\/wp\/v2\/product\/342190\/revisions\/391260"}],"wp:featuredmedia":[{"embeddable":true,"href":"https:\/\/www.purejewels.com\/tr\/wp-json\/wp\/v2\/media\/342201"}],"wp:attachment":[{"href":"https:\/\/www.purejewels.com\/tr\/wp-json\/wp\/v2\/media?parent=342190"}],"wp:term":[{"taxonomy":"product_brand","embeddable":true,"href":"https:\/\/www.purejewels.com\/tr\/wp-json\/wp\/v2\/product_brand?post=342190"},{"taxonomy":"product_cat","embeddable":true,"href":"https:\/\/www.purejewels.com\/tr\/wp-json\/wp\/v2\/product_cat?post=342190"},{"taxonomy":"product_tag","embeddable":true,"href":"https:\/\/www.purejewels.com\/tr\/wp-json\/wp\/v2\/product_tag?post=342190"}],"curies":[{"name":"wp","href":"https:\/\/api.w.org\/{rel}","templated":true}]}}