{"id":342244,"date":"2022-12-23T09:46:58","date_gmt":"2022-12-23T09:46:58","guid":{"rendered":"https:\/\/www.purejewels.com\/?post_type=product&#038;p=342244"},"modified":"2026-01-07T06:13:08","modified_gmt":"2026-01-07T06:13:08","slug":"22-ayar-altin-bayan-kordon-m-beden-4mm-43743","status":"publish","type":"product","link":"https:\/\/www.purejewels.com\/tr\/product\/22ct-gold-ladies-band-m-size-4mm-43743\/","title":{"rendered":"22 Ayar Alt\u0131n Bayan Y\u00fcz\u00fck | L Beden | 4mm"},"content":{"rendered":"<p data-start=\"0\" data-end=\"368\"><strong data-start=\"0\" data-end=\"10\">Tasar\u0131m<\/strong><br data-start=\"10\" data-end=\"13\" \/>Bu 22 ayar alt\u0131n bayan bant y\u00fcz\u00fck, g\u00fcnl\u00fck \u015f\u0131kl\u0131k i\u00e7in do\u011fru duru\u015fu sunan zarif bir 4 mm profile sahiptir. Nazik\u00e7e \u015fekillendirilmi\u015f formu parma\u011fa yumu\u015fak bir \u015fekilde otururken, band\u0131n etraf\u0131ndaki s\u00fcsl\u00fc desenler ince bir ihti\u015fam dokunu\u015fu getiriyor. Klasik ama ay\u0131rt edici bir his vermek \u00fczere tasarlanan bu y\u00fcz\u00fck, hem minimal hem de daha s\u00fcsl\u00fc m\u00fccevher dolaplar\u0131n\u0131 tamamlar.<\/p>\n<p data-start=\"370\" data-end=\"724\"><strong data-start=\"370\" data-end=\"387\">Zanaatkarl\u0131k<\/strong><br data-start=\"387\" data-end=\"390\" \/>Zengin 22 ayar alt\u0131ndan ustal\u0131kla \u00fcretilen y\u00fcz\u00fck, d\u00fczenli kullan\u0131m i\u00e7in rahatl\u0131\u011f\u0131 dayan\u0131kl\u0131l\u0131kla dengeler. Karma\u015f\u0131k detaylar, keskin hatlar ve elde zahmetsizce hissedilen yumu\u015fak bir i\u00e7 y\u00fczey olu\u015fturmak i\u00e7in \u00f6zenle tamamlanm\u0131\u015ft\u0131r. Safl\u0131k sertifikas\u0131 i\u00e7in \u0130ngiltere'de damgalanan bu y\u00fcz\u00fck, y\u0131llarca g\u00fcvenle takabilece\u011finiz bir par\u00e7ad\u0131r.<\/p>\n<p data-start=\"726\" data-end=\"1117\" data-is-last-node=\"\" data-is-only-node=\"\"><strong data-start=\"726\" data-end=\"747\">\u015eekillendirme &amp; Hediyele\u015fme<\/strong><br data-start=\"747\" data-end=\"750\" \/>Her g\u00fcn i\u00e7in tek ba\u015f\u0131na m\u00fckemmel bir ifade olan bu bant y\u00fcz\u00fck, ayn\u0131 zamanda ince istifleme ile g\u00fczel bir \u015fekilde katmanlan\u0131r <a href=\"https:\/\/www.purejewels.com\/tr\/product-category\/22ct-gold-jewellery\/gold-rings\/\">halkalar<\/a> veya p\u0131rlanta bir ni\u015fan y\u00fcz\u00fc\u011f\u00fc. Modern bir alyans, anlaml\u0131 bir s\u00f6z y\u00fcz\u00fc\u011f\u00fc veya ki\u015fisel bir d\u00f6n\u00fcm noktas\u0131n\u0131 i\u015faretlemek i\u00e7in \u00f6zel bir ki\u015fisel hediye olarak se\u00e7in. Zamans\u0131z tasar\u0131m\u0131 do\u011fum g\u00fcnleri, y\u0131ld\u00f6n\u00fcmleri veya bayram kutlamalar\u0131 i\u00e7in kolay ve d\u00fc\u015f\u00fcnceli bir hediye olmas\u0131n\u0131 sa\u011flar.<\/p>","protected":false},"excerpt":{"rendered":"<div class=\"woocommerce-product-details__short-description\">\n<table class=\"sh_desc\">\n<tbody>\n<tr>\n<td>Y\u00fcz\u00fck Tipi<\/td>\n<td>Fantezi Bant Y\u00fcz\u00fck<\/td>\n<\/tr>\n<tr>\n<td>SKU<\/td>\n<td>43733<\/td>\n<\/tr>\n<tr>\n<td>A\u011f\u0131rl\u0131k<\/td>\n<td>3.1 Gms<\/td>\n<\/tr>\n<tr>\n<td>Metal<\/td>\n<td>22 Ayar Alt\u0131n<\/td>\n<\/tr>\n<tr>\n<td>\u00dccretler<\/td>\n<td>Teslimat ve KDV Dahil<\/td>\n<\/tr>\n<tr>\n<td>Paketleme<\/td>\n<td>Sunum Kutusu ile Birlikte Gelir<\/td>\n<\/tr>\n<tr>\n<td>Daha Fazla Bilgi<\/td>\n<td>M\u00fcsaitlik durumu ve daha fazla resim i\u00e7in bizimle canl\u0131 sohbet edin<\/td>\n<\/tr>\n<\/tbody>\n<\/table>\n<\/div>\n<div class=\"btn-atc atc-slide\"><\/div>\n<div class=\"product_meta\"><\/div>","protected":false},"featured_media":351452,"comment_status":"closed","ping_status":"closed","template":"","meta":{"_eb_attr":"","_crsspst_to_jayantr4sg-hostcom":false},"product_brand":[],"product_cat":[1640,1791,1559,1794,1785,1793,1792,1235,5344,1783,1786,5338,1569,1573,226,1574,5349],"product_tag":[],"class_list":{"0":"post-342244","1":"product","2":"type-product","3":"status-publish","4":"has-post-thumbnail","6":"product_cat-22ct-gold-bands","7":"product_cat-anniversary-gifts","8":"product_cat-birthday-gifts","9":"product_cat-christmas-gifts","10":"product_cat-daily-wear-rings","11":"product_cat-diwali-gifts","12":"product_cat-festival-gifts","13":"product_cat-gold-rings","14":"product_cat-jewellery-under-750","15":"product_cat-ladies-rings","16":"product_cat-occasional-wear-rings","17":"product_cat-shop-by-price","18":"product_cat-valentine-day-gifts","19":"product_cat-wedding-gifts","20":"product_cat-wedding-rings-bands","21":"product_cat-womens-jewellery","22":"product_cat-yellow-gold-jewellery","24":"first","25":"outofstock","26":"taxable","27":"shipping-taxable","28":"product-type-simple","29":"add-to-wishlist-before_image"},"yoast_head":"<!-- This site is optimized with the Yoast SEO plugin v27.3 - https:\/\/yoast.com\/product\/yoast-seo-wordpress\/ -->\n<title>22ct Gold Ladies Band | L Size | 4mm | PureJewels UK<\/title>\n<meta name=\"description\" content=\"Add a touch of luxury to your everyday look with these stunning Ladies band Ring, crafted from 22 carat gold. Buy this Stud online today.\" \/>\n<meta name=\"robots\" content=\"index, follow, max-snippet:-1, max-image-preview:large, max-video-preview:-1\" \/>\n<link rel=\"canonical\" href=\"https:\/\/www.purejewels.com\/tr\/urun\/22-ayar-altin-bayan-kordon-m-beden-4mm-43743\/\" \/>\n<meta property=\"og:locale\" content=\"tr_TR\" \/>\n<meta property=\"og:type\" content=\"article\" \/>\n<meta property=\"og:title\" content=\"22ct Gold Ladies Band | L Size | 4mm | PureJewels UK\" \/>\n<meta property=\"og:description\" content=\"Add a touch of luxury to your everyday look with these stunning Ladies band Ring, crafted from 22 carat gold. Buy this Stud online today.\" \/>\n<meta property=\"og:url\" content=\"https:\/\/www.purejewels.com\/tr\/urun\/22-ayar-altin-bayan-kordon-m-beden-4mm-43743\/\" \/>\n<meta property=\"og:site_name\" content=\"PureJewels UK\" \/>\n<meta property=\"article:modified_time\" content=\"2026-01-07T06:13:08+00:00\" \/>\n<meta property=\"og:image\" content=\"https:\/\/www.purejewels.com\/wp-content\/uploads\/2022\/12\/43733-1.jpg\" \/>\n\t<meta property=\"og:image:width\" content=\"1\" \/>\n\t<meta property=\"og:image:height\" content=\"1\" \/>\n\t<meta property=\"og:image:type\" content=\"image\/jpeg\" \/>\n<meta name=\"twitter:card\" content=\"summary_large_image\" \/>\n<meta name=\"twitter:label1\" content=\"Tahmini okuma s\u00fcresi\" \/>\n\t<meta name=\"twitter:data1\" content=\"1 dakika\" \/>\n<script type=\"application\/ld+json\" class=\"yoast-schema-graph\">{\"@context\":\"https:\\\/\\\/schema.org\",\"@graph\":[{\"@type\":[\"WebPage\",\"ItemPage\"],\"@id\":\"https:\\\/\\\/www.purejewels.com\\\/product\\\/22ct-gold-ladies-band-m-size-4mm-43743\\\/\",\"url\":\"https:\\\/\\\/www.purejewels.com\\\/product\\\/22ct-gold-ladies-band-m-size-4mm-43743\\\/\",\"name\":\"22ct Gold Ladies Band | L Size | 4mm | PureJewels UK\",\"isPartOf\":{\"@id\":\"https:\\\/\\\/www.purejewels.com\\\/#website\"},\"primaryImageOfPage\":{\"@id\":\"https:\\\/\\\/www.purejewels.com\\\/product\\\/22ct-gold-ladies-band-m-size-4mm-43743\\\/#primaryimage\"},\"image\":{\"@id\":\"https:\\\/\\\/www.purejewels.com\\\/product\\\/22ct-gold-ladies-band-m-size-4mm-43743\\\/#primaryimage\"},\"thumbnailUrl\":\"https:\\\/\\\/static.purejewels.com\\\/wp-content\\\/uploads\\\/2022\\\/12\\\/43733-1.jpg\",\"datePublished\":\"2022-12-23T09:46:58+00:00\",\"dateModified\":\"2026-01-07T06:13:08+00:00\",\"description\":\"Add a touch of luxury to your everyday look with these stunning Ladies band Ring, crafted from 22 carat gold. Buy this Stud online today.\",\"breadcrumb\":{\"@id\":\"https:\\\/\\\/www.purejewels.com\\\/product\\\/22ct-gold-ladies-band-m-size-4mm-43743\\\/#breadcrumb\"},\"inLanguage\":\"tr\",\"potentialAction\":[{\"@type\":\"ReadAction\",\"target\":[\"https:\\\/\\\/www.purejewels.com\\\/product\\\/22ct-gold-ladies-band-m-size-4mm-43743\\\/\"]}]},{\"@type\":\"ImageObject\",\"inLanguage\":\"tr\",\"@id\":\"https:\\\/\\\/www.purejewels.com\\\/product\\\/22ct-gold-ladies-band-m-size-4mm-43743\\\/#primaryimage\",\"url\":\"https:\\\/\\\/static.purejewels.com\\\/wp-content\\\/uploads\\\/2022\\\/12\\\/43733-1.jpg\",\"contentUrl\":\"https:\\\/\\\/static.purejewels.com\\\/wp-content\\\/uploads\\\/2022\\\/12\\\/43733-1.jpg\",\"caption\":\"22ct Gold Ladies Ring\"},{\"@type\":\"BreadcrumbList\",\"@id\":\"https:\\\/\\\/www.purejewels.com\\\/product\\\/22ct-gold-ladies-band-m-size-4mm-43743\\\/#breadcrumb\",\"itemListElement\":[{\"@type\":\"ListItem\",\"position\":1,\"name\":\"Home\",\"item\":\"https:\\\/\\\/www.purejewels.com\\\/\"},{\"@type\":\"ListItem\",\"position\":2,\"name\":\"Shop\",\"item\":\"https:\\\/\\\/www.purejewels.com\\\/shop\\\/\"},{\"@type\":\"ListItem\",\"position\":3,\"name\":\"22ct Gold Ladies Ring | L Size | 4mm\"}]},{\"@type\":\"WebSite\",\"@id\":\"https:\\\/\\\/www.purejewels.com\\\/#website\",\"url\":\"https:\\\/\\\/www.purejewels.com\\\/\",\"name\":\"PureJewels UK\",\"description\":\"Share the Love\",\"publisher\":{\"@id\":\"https:\\\/\\\/www.purejewels.com\\\/#organization\"},\"potentialAction\":[{\"@type\":\"SearchAction\",\"target\":{\"@type\":\"EntryPoint\",\"urlTemplate\":\"https:\\\/\\\/www.purejewels.com\\\/?s={search_term_string}\"},\"query-input\":{\"@type\":\"PropertyValueSpecification\",\"valueRequired\":true,\"valueName\":\"search_term_string\"}}],\"inLanguage\":\"tr\"},{\"@type\":\"Organization\",\"@id\":\"https:\\\/\\\/www.purejewels.com\\\/#organization\",\"name\":\"PureJewels UK\",\"url\":\"https:\\\/\\\/www.purejewels.com\\\/\",\"logo\":{\"@type\":\"ImageObject\",\"inLanguage\":\"tr\",\"@id\":\"https:\\\/\\\/www.purejewels.com\\\/#\\\/schema\\\/logo\\\/image\\\/\",\"url\":\"https:\\\/\\\/static.purejewels.com\\\/wp-content\\\/uploads\\\/2020\\\/11\\\/Logo-PJ-New-1.png\",\"contentUrl\":\"https:\\\/\\\/static.purejewels.com\\\/wp-content\\\/uploads\\\/2020\\\/11\\\/Logo-PJ-New-1.png\",\"width\":150,\"height\":80,\"caption\":\"PureJewels UK\"},\"image\":{\"@id\":\"https:\\\/\\\/www.purejewels.com\\\/#\\\/schema\\\/logo\\\/image\\\/\"}}]}<\/script>\n<!-- \/ Yoast SEO plugin. -->","yoast_head_json":{"title":"22 Ayar Alt\u0131n Bayan Kordon | L Beden | 4mm | PureJewels UK","description":"G\u00fcnl\u00fck g\u00f6r\u00fcn\u00fcm\u00fcn\u00fcze 22 ayar alt\u0131ndan \u00fcretilmi\u015f bu \u00e7arp\u0131c\u0131 Bayan Bant Y\u00fcz\u00fck ile l\u00fcks bir dokunu\u015f kat\u0131n. Bu Stud'\u0131 bug\u00fcn online sat\u0131n al\u0131n.","robots":{"index":"index","follow":"follow","max-snippet":"max-snippet:-1","max-image-preview":"max-image-preview:large","max-video-preview":"max-video-preview:-1"},"canonical":"https:\/\/www.purejewels.com\/tr\/urun\/22-ayar-altin-bayan-kordon-m-beden-4mm-43743\/","og_locale":"tr_TR","og_type":"article","og_title":"22ct Gold Ladies Band | L Size | 4mm | PureJewels UK","og_description":"Add a touch of luxury to your everyday look with these stunning Ladies band Ring, crafted from 22 carat gold. Buy this Stud online today.","og_url":"https:\/\/www.purejewels.com\/tr\/urun\/22-ayar-altin-bayan-kordon-m-beden-4mm-43743\/","og_site_name":"PureJewels UK","article_modified_time":"2026-01-07T06:13:08+00:00","og_image":[{"url":"https:\/\/www.purejewels.com\/wp-content\/uploads\/2022\/12\/43733-1.jpg","width":1,"height":1,"type":"image\/jpeg"}],"twitter_card":"summary_large_image","twitter_misc":{"Tahmini okuma s\u00fcresi":"1 dakika"},"schema":{"@context":"https:\/\/schema.org","@graph":[{"@type":["WebPage","ItemPage"],"@id":"https:\/\/www.purejewels.com\/product\/22ct-gold-ladies-band-m-size-4mm-43743\/","url":"https:\/\/www.purejewels.com\/product\/22ct-gold-ladies-band-m-size-4mm-43743\/","name":"22 Ayar Alt\u0131n Bayan Kordon | L Beden | 4mm | PureJewels UK","isPartOf":{"@id":"https:\/\/www.purejewels.com\/#website"},"primaryImageOfPage":{"@id":"https:\/\/www.purejewels.com\/product\/22ct-gold-ladies-band-m-size-4mm-43743\/#primaryimage"},"image":{"@id":"https:\/\/www.purejewels.com\/product\/22ct-gold-ladies-band-m-size-4mm-43743\/#primaryimage"},"thumbnailUrl":"https:\/\/static.purejewels.com\/wp-content\/uploads\/2022\/12\/43733-1.jpg","datePublished":"2022-12-23T09:46:58+00:00","dateModified":"2026-01-07T06:13:08+00:00","description":"G\u00fcnl\u00fck g\u00f6r\u00fcn\u00fcm\u00fcn\u00fcze 22 ayar alt\u0131ndan \u00fcretilmi\u015f bu \u00e7arp\u0131c\u0131 Bayan Bant Y\u00fcz\u00fck ile l\u00fcks bir dokunu\u015f kat\u0131n. Bu Stud'\u0131 bug\u00fcn online sat\u0131n al\u0131n.","breadcrumb":{"@id":"https:\/\/www.purejewels.com\/product\/22ct-gold-ladies-band-m-size-4mm-43743\/#breadcrumb"},"inLanguage":"tr","potentialAction":[{"@type":"ReadAction","target":["https:\/\/www.purejewels.com\/product\/22ct-gold-ladies-band-m-size-4mm-43743\/"]}]},{"@type":"ImageObject","inLanguage":"tr","@id":"https:\/\/www.purejewels.com\/product\/22ct-gold-ladies-band-m-size-4mm-43743\/#primaryimage","url":"https:\/\/static.purejewels.com\/wp-content\/uploads\/2022\/12\/43733-1.jpg","contentUrl":"https:\/\/static.purejewels.com\/wp-content\/uploads\/2022\/12\/43733-1.jpg","caption":"22ct Gold Ladies Ring"},{"@type":"BreadcrumbList","@id":"https:\/\/www.purejewels.com\/product\/22ct-gold-ladies-band-m-size-4mm-43743\/#breadcrumb","itemListElement":[{"@type":"ListItem","position":1,"name":"Home","item":"https:\/\/www.purejewels.com\/"},{"@type":"ListItem","position":2,"name":"Shop","item":"https:\/\/www.purejewels.com\/shop\/"},{"@type":"ListItem","position":3,"name":"22ct Gold Ladies Ring | L Size | 4mm"}]},{"@type":"WebSite","@id":"https:\/\/www.purejewels.com\/#website","url":"https:\/\/www.purejewels.com\/","name":"PureJewels \u0130ngiltere","description":"Sevgiyi Payla\u015f\u0131n","publisher":{"@id":"https:\/\/www.purejewels.com\/#organization"},"potentialAction":[{"@type":"SearchAction","target":{"@type":"EntryPoint","urlTemplate":"https:\/\/www.purejewels.com\/?s={search_term_string}"},"query-input":{"@type":"PropertyValueSpecification","valueRequired":true,"valueName":"search_term_string"}}],"inLanguage":"tr"},{"@type":"Organization","@id":"https:\/\/www.purejewels.com\/#organization","name":"PureJewels \u0130ngiltere","url":"https:\/\/www.purejewels.com\/","logo":{"@type":"ImageObject","inLanguage":"tr","@id":"https:\/\/www.purejewels.com\/#\/schema\/logo\/image\/","url":"https:\/\/static.purejewels.com\/wp-content\/uploads\/2020\/11\/Logo-PJ-New-1.png","contentUrl":"https:\/\/static.purejewels.com\/wp-content\/uploads\/2020\/11\/Logo-PJ-New-1.png","width":150,"height":80,"caption":"PureJewels UK"},"image":{"@id":"https:\/\/www.purejewels.com\/#\/schema\/logo\/image\/"}}]}},"_links":{"self":[{"href":"https:\/\/www.purejewels.com\/tr\/wp-json\/wp\/v2\/product\/342244","targetHints":{"allow":["GET"]}}],"collection":[{"href":"https:\/\/www.purejewels.com\/tr\/wp-json\/wp\/v2\/product"}],"about":[{"href":"https:\/\/www.purejewels.com\/tr\/wp-json\/wp\/v2\/types\/product"}],"replies":[{"embeddable":true,"href":"https:\/\/www.purejewels.com\/tr\/wp-json\/wp\/v2\/comments?post=342244"}],"version-history":[{"count":1,"href":"https:\/\/www.purejewels.com\/tr\/wp-json\/wp\/v2\/product\/342244\/revisions"}],"predecessor-version":[{"id":420607,"href":"https:\/\/www.purejewels.com\/tr\/wp-json\/wp\/v2\/product\/342244\/revisions\/420607"}],"wp:featuredmedia":[{"embeddable":true,"href":"https:\/\/www.purejewels.com\/tr\/wp-json\/wp\/v2\/media\/351452"}],"wp:attachment":[{"href":"https:\/\/www.purejewels.com\/tr\/wp-json\/wp\/v2\/media?parent=342244"}],"wp:term":[{"taxonomy":"product_brand","embeddable":true,"href":"https:\/\/www.purejewels.com\/tr\/wp-json\/wp\/v2\/product_brand?post=342244"},{"taxonomy":"product_cat","embeddable":true,"href":"https:\/\/www.purejewels.com\/tr\/wp-json\/wp\/v2\/product_cat?post=342244"},{"taxonomy":"product_tag","embeddable":true,"href":"https:\/\/www.purejewels.com\/tr\/wp-json\/wp\/v2\/product_tag?post=342244"}],"curies":[{"name":"wp","href":"https:\/\/api.w.org\/{rel}","templated":true}]}}