{"id":342311,"date":"2024-12-01T11:37:49","date_gmt":"2024-12-01T11:37:49","guid":{"rendered":"https:\/\/www.purejewels.com\/?post_type=product&#038;p=342311"},"modified":"2026-01-06T05:25:31","modified_gmt":"2026-01-06T05:25:31","slug":"18-ayar-pembe-altin-pirlanta-ve-pembe-turmalin-kupe-44231","status":"publish","type":"product","link":"https:\/\/www.purejewels.com\/tr\/product\/18ct-rose-gold-diamond-and-pink-tourmaline-stud-earrings-44231\/","title":{"rendered":"18 Ayar Pembe Alt\u0131n P\u0131rlanta ve Pembe Turmalin Saplama K\u00fcpe"},"content":{"rendered":"<p>Bu \u00e7arp\u0131c\u0131 18 Ayar Pembe Alt\u0131n P\u0131rlanta ve Pembe Turmalin Saplama <a href=\"https:\/\/www.purejewels.com\/tr\/product-category\/22ct-gold-jewellery\/gold-earrings\/\">K\u00fcpeler<\/a> her m\u00fccevher koleksiyonu i\u00e7in m\u00fckemmel bir eklentidir. Narin pembe turmalin de\u011ferli ta\u015flar ve \u0131\u015f\u0131lt\u0131l\u0131 elmaslar\u0131n birle\u015fimi, dikkatleri \u00fczerine \u00e7ekecek zamans\u0131z ve zarif bir g\u00f6r\u00fcn\u00fcm yarat\u0131r.<\/p>\n<p>Her bir k\u00fcpede 0,15 ct g\u00f6z kama\u015ft\u0131r\u0131c\u0131 p\u0131rlantalarla \u00e7evrili 0,76 ct pembe turmalin de\u011ferli ta\u015f bulunur ve tamam\u0131 parlak 18 ayar pembe alt\u0131nla i\u015flenmi\u015ftir. \u00c7\u0131t\u00e7\u0131tl\u0131 k\u00fcpe tasar\u0131m\u0131 klasik ve \u00e7ok y\u00f6nl\u00fcd\u00fcr, bu da onlar\u0131 ister g\u00fcndelik bir g\u00fcn ister \u00f6zel bir ak\u015fam etkinli\u011fi olsun her durum i\u00e7in uygun hale getirir.<\/p>\n<p>Bu k\u00fcpeler sadece g\u00fczel de\u011fil, ayn\u0131 zamanda 2,0 gram a\u011f\u0131rl\u0131\u011f\u0131 ve uzman i\u015f\u00e7ili\u011fi ile y\u00fcksek kalitelidir. Bir sunum kutusunda paketlenmi\u015f olarak gelen bu k\u00fcpeler, sevdikleriniz i\u00e7in m\u00fckemmel bir hediye ya da kendiniz i\u00e7in hak etti\u011finiz bir ikramd\u0131r.<\/p>","protected":false},"excerpt":{"rendered":"<table class=\"sh_desc\">\n<tbody>\n<tr>\n<td>K\u00fcpe T\u00fcr\u00fc<\/td>\n<td>Saplama K\u00fcpe<\/td>\n<\/tr>\n<tr>\n<td>SKU<\/td>\n<td>44231<\/td>\n<\/tr>\n<tr>\n<td>A\u011f\u0131rl\u0131k<\/td>\n<td>2.0 gram<\/td>\n<\/tr>\n<tr>\n<td>Metal<\/td>\n<td>18 Ayar Pembe Alt\u0131n<\/td>\n<\/tr>\n<tr>\n<td>Elmas<\/td>\n<td>0.15ct<\/td>\n<\/tr>\n<tr>\n<td>Pembe Turmalin<\/td>\n<td>0.76ct<\/td>\n<\/tr>\n<tr>\n<td>\u00dccretler<\/td>\n<td>Teslimat ve KDV Dahil<\/td>\n<\/tr>\n<tr>\n<td>Paketleme<\/td>\n<td>Sunum Kutusu ile Birlikte Gelir<\/td>\n<\/tr>\n<tr>\n<td>Daha Fazla Bilgi<\/td>\n<td>M\u00fcsaitlik durumu ve daha fazla resim i\u00e7in bizimle canl\u0131 sohbet edin<\/td>\n<\/tr>\n<\/tbody>\n<\/table>","protected":false},"featured_media":342313,"comment_status":"closed","ping_status":"closed","template":"","meta":{"_eb_attr":"","_crsspst_to_jayantr4sg-hostcom":false},"product_brand":[],"product_cat":[6086,5679,1791,1794,5699,5458,5457,5338,1577,5753,1569,1574],"product_tag":[66],"class_list":{"0":"post-342311","1":"product","2":"type-product","3":"status-publish","4":"has-post-thumbnail","6":"product_cat-18ct-gold-earring","7":"product_cat-18ct-gold-jewellery","8":"product_cat-anniversary-gifts","9":"product_cat-christmas-gifts","10":"product_cat-coloured-gemstone-jewellery","11":"product_cat-diamond-earring","12":"product_cat-diamond-jewellery","13":"product_cat-shop-by-price","14":"product_cat-stud-earrings","15":"product_cat-pink-tourmaline-jewellery","16":"product_cat-valentine-day-gifts","17":"product_cat-womens-jewellery","18":"product_tag-earrings","20":"first","21":"instock","22":"taxable","23":"shipping-taxable","24":"purchasable","25":"product-type-simple","26":"add-to-wishlist-before_image"},"yoast_head":"<!-- This site is optimized with the Yoast SEO plugin v27.5 - https:\/\/yoast.com\/product\/yoast-seo-wordpress\/ -->\n<title>18ct Rose Gold Diamond Tourmaline Stud Earrings | Online UK<\/title>\n<meta name=\"description\" content=\"These stunning Diamond Tourmaline Stud Earrings are perfect for adding a touch of luxury to Women. Made from 18ct Rose Gold. Shop this earrings today!\" \/>\n<meta name=\"robots\" content=\"index, follow, max-snippet:-1, max-image-preview:large, max-video-preview:-1\" \/>\n<link rel=\"canonical\" href=\"https:\/\/www.purejewels.com\/tr\/urun\/18-ayar-pembe-altin-pirlanta-ve-pembe-turmalin-kupe-44231\/\" \/>\n<meta property=\"og:locale\" content=\"tr_TR\" \/>\n<meta property=\"og:type\" content=\"article\" \/>\n<meta property=\"og:title\" content=\"18ct Rose Gold Diamond Tourmaline Stud Earrings | Online UK\" \/>\n<meta property=\"og:description\" content=\"These stunning Diamond Tourmaline Stud Earrings are perfect for adding a touch of luxury to Women. Made from 18ct Rose Gold. Shop this earrings today!\" \/>\n<meta property=\"og:url\" content=\"https:\/\/www.purejewels.com\/tr\/urun\/18-ayar-pembe-altin-pirlanta-ve-pembe-turmalin-kupe-44231\/\" \/>\n<meta property=\"og:site_name\" content=\"PureJewels UK\" \/>\n<meta property=\"article:modified_time\" content=\"2026-01-06T05:25:31+00:00\" \/>\n<meta property=\"og:image\" content=\"https:\/\/www.purejewels.com\/wp-content\/uploads\/2022\/12\/2022-12-16-13-31-07-BR8S4.jpg\" \/>\n\t<meta property=\"og:image:width\" content=\"1000\" \/>\n\t<meta property=\"og:image:height\" content=\"1000\" \/>\n\t<meta property=\"og:image:type\" content=\"image\/jpeg\" \/>\n<meta name=\"twitter:card\" content=\"summary_large_image\" \/>\n<meta name=\"twitter:label1\" content=\"Tahmini okuma s\u00fcresi\" \/>\n\t<meta name=\"twitter:data1\" content=\"1 dakika\" \/>\n<script type=\"application\/ld+json\" class=\"yoast-schema-graph\">{\"@context\":\"https:\\\/\\\/schema.org\",\"@graph\":[{\"@type\":[\"WebPage\",\"ItemPage\"],\"@id\":\"https:\\\/\\\/www.purejewels.com\\\/product\\\/18ct-rose-gold-diamond-and-pink-tourmaline-stud-earrings-44231\\\/\",\"url\":\"https:\\\/\\\/www.purejewels.com\\\/product\\\/18ct-rose-gold-diamond-and-pink-tourmaline-stud-earrings-44231\\\/\",\"name\":\"18ct Rose Gold Diamond Tourmaline Stud Earrings | Online UK\",\"isPartOf\":{\"@id\":\"https:\\\/\\\/www.purejewels.com\\\/#website\"},\"primaryImageOfPage\":{\"@id\":\"https:\\\/\\\/www.purejewels.com\\\/product\\\/18ct-rose-gold-diamond-and-pink-tourmaline-stud-earrings-44231\\\/#primaryimage\"},\"image\":{\"@id\":\"https:\\\/\\\/www.purejewels.com\\\/product\\\/18ct-rose-gold-diamond-and-pink-tourmaline-stud-earrings-44231\\\/#primaryimage\"},\"thumbnailUrl\":\"https:\\\/\\\/static.purejewels.com\\\/wp-content\\\/uploads\\\/2022\\\/12\\\/2022-12-16-13-31-07-BR8S4.jpg\",\"datePublished\":\"2024-12-01T11:37:49+00:00\",\"dateModified\":\"2026-01-06T05:25:31+00:00\",\"description\":\"These stunning Diamond Tourmaline Stud Earrings are perfect for adding a touch of luxury to Women. Made from 18ct Rose Gold. Shop this earrings today!\",\"breadcrumb\":{\"@id\":\"https:\\\/\\\/www.purejewels.com\\\/product\\\/18ct-rose-gold-diamond-and-pink-tourmaline-stud-earrings-44231\\\/#breadcrumb\"},\"inLanguage\":\"tr\",\"potentialAction\":[{\"@type\":\"ReadAction\",\"target\":[\"https:\\\/\\\/www.purejewels.com\\\/product\\\/18ct-rose-gold-diamond-and-pink-tourmaline-stud-earrings-44231\\\/\"]}]},{\"@type\":\"ImageObject\",\"inLanguage\":\"tr\",\"@id\":\"https:\\\/\\\/www.purejewels.com\\\/product\\\/18ct-rose-gold-diamond-and-pink-tourmaline-stud-earrings-44231\\\/#primaryimage\",\"url\":\"https:\\\/\\\/static.purejewels.com\\\/wp-content\\\/uploads\\\/2022\\\/12\\\/2022-12-16-13-31-07-BR8S4.jpg\",\"contentUrl\":\"https:\\\/\\\/static.purejewels.com\\\/wp-content\\\/uploads\\\/2022\\\/12\\\/2022-12-16-13-31-07-BR8S4.jpg\",\"width\":1000,\"height\":1000,\"caption\":\"18ct Rose Gold Diamond and Pink Tourmaline Stud Earrings\"},{\"@type\":\"BreadcrumbList\",\"@id\":\"https:\\\/\\\/www.purejewels.com\\\/product\\\/18ct-rose-gold-diamond-and-pink-tourmaline-stud-earrings-44231\\\/#breadcrumb\",\"itemListElement\":[{\"@type\":\"ListItem\",\"position\":1,\"name\":\"Home\",\"item\":\"https:\\\/\\\/www.purejewels.com\\\/\"},{\"@type\":\"ListItem\",\"position\":2,\"name\":\"Shop\",\"item\":\"https:\\\/\\\/www.purejewels.com\\\/shop\\\/\"},{\"@type\":\"ListItem\",\"position\":3,\"name\":\"18ct Rose Gold Diamond and Pink Tourmaline Stud Earrings\"}]},{\"@type\":\"WebSite\",\"@id\":\"https:\\\/\\\/www.purejewels.com\\\/#website\",\"url\":\"https:\\\/\\\/www.purejewels.com\\\/\",\"name\":\"PureJewels UK\",\"description\":\"Share the Love\",\"publisher\":{\"@id\":\"https:\\\/\\\/www.purejewels.com\\\/#organization\"},\"potentialAction\":[{\"@type\":\"SearchAction\",\"target\":{\"@type\":\"EntryPoint\",\"urlTemplate\":\"https:\\\/\\\/www.purejewels.com\\\/?s={search_term_string}\"},\"query-input\":{\"@type\":\"PropertyValueSpecification\",\"valueRequired\":true,\"valueName\":\"search_term_string\"}}],\"inLanguage\":\"tr\"},{\"@type\":\"Organization\",\"@id\":\"https:\\\/\\\/www.purejewels.com\\\/#organization\",\"name\":\"PureJewels UK\",\"url\":\"https:\\\/\\\/www.purejewels.com\\\/\",\"logo\":{\"@type\":\"ImageObject\",\"inLanguage\":\"tr\",\"@id\":\"https:\\\/\\\/www.purejewels.com\\\/#\\\/schema\\\/logo\\\/image\\\/\",\"url\":\"https:\\\/\\\/static.purejewels.com\\\/wp-content\\\/uploads\\\/2020\\\/11\\\/Logo-PJ-New-1.png\",\"contentUrl\":\"https:\\\/\\\/static.purejewels.com\\\/wp-content\\\/uploads\\\/2020\\\/11\\\/Logo-PJ-New-1.png\",\"width\":150,\"height\":80,\"caption\":\"PureJewels UK\"},\"image\":{\"@id\":\"https:\\\/\\\/www.purejewels.com\\\/#\\\/schema\\\/logo\\\/image\\\/\"}}]}<\/script>\n<!-- \/ Yoast SEO plugin. -->","yoast_head_json":{"title":"18 Ayar Pembe Alt\u0131n P\u0131rlanta Turmalin Saplama K\u00fcpe | Online \u0130ngiltere","description":"Bu \u00e7arp\u0131c\u0131 P\u0131rlanta Turmalin Saplama K\u00fcpeler, Kad\u0131nlara l\u00fcks bir dokunu\u015f katmak i\u00e7in m\u00fckemmeldir. 18 ayar Pembe Alt\u0131n'dan yap\u0131lm\u0131\u015ft\u0131r. Bu k\u00fcpeleri bug\u00fcn sat\u0131n al\u0131n!","robots":{"index":"index","follow":"follow","max-snippet":"max-snippet:-1","max-image-preview":"max-image-preview:large","max-video-preview":"max-video-preview:-1"},"canonical":"https:\/\/www.purejewels.com\/tr\/urun\/18-ayar-pembe-altin-pirlanta-ve-pembe-turmalin-kupe-44231\/","og_locale":"tr_TR","og_type":"article","og_title":"18ct Rose Gold Diamond Tourmaline Stud Earrings | Online UK","og_description":"These stunning Diamond Tourmaline Stud Earrings are perfect for adding a touch of luxury to Women. Made from 18ct Rose Gold. Shop this earrings today!","og_url":"https:\/\/www.purejewels.com\/tr\/urun\/18-ayar-pembe-altin-pirlanta-ve-pembe-turmalin-kupe-44231\/","og_site_name":"PureJewels UK","article_modified_time":"2026-01-06T05:25:31+00:00","og_image":[{"width":1000,"height":1000,"url":"https:\/\/www.purejewels.com\/wp-content\/uploads\/2022\/12\/2022-12-16-13-31-07-BR8S4.jpg","type":"image\/jpeg"}],"twitter_card":"summary_large_image","twitter_misc":{"Tahmini okuma s\u00fcresi":"1 dakika"},"schema":{"@context":"https:\/\/schema.org","@graph":[{"@type":["WebPage","ItemPage"],"@id":"https:\/\/www.purejewels.com\/product\/18ct-rose-gold-diamond-and-pink-tourmaline-stud-earrings-44231\/","url":"https:\/\/www.purejewels.com\/product\/18ct-rose-gold-diamond-and-pink-tourmaline-stud-earrings-44231\/","name":"18 Ayar Pembe Alt\u0131n P\u0131rlanta Turmalin Saplama K\u00fcpe | Online \u0130ngiltere","isPartOf":{"@id":"https:\/\/www.purejewels.com\/#website"},"primaryImageOfPage":{"@id":"https:\/\/www.purejewels.com\/product\/18ct-rose-gold-diamond-and-pink-tourmaline-stud-earrings-44231\/#primaryimage"},"image":{"@id":"https:\/\/www.purejewels.com\/product\/18ct-rose-gold-diamond-and-pink-tourmaline-stud-earrings-44231\/#primaryimage"},"thumbnailUrl":"https:\/\/static.purejewels.com\/wp-content\/uploads\/2022\/12\/2022-12-16-13-31-07-BR8S4.jpg","datePublished":"2024-12-01T11:37:49+00:00","dateModified":"2026-01-06T05:25:31+00:00","description":"Bu \u00e7arp\u0131c\u0131 P\u0131rlanta Turmalin Saplama K\u00fcpeler, Kad\u0131nlara l\u00fcks bir dokunu\u015f katmak i\u00e7in m\u00fckemmeldir. 18 ayar Pembe Alt\u0131n'dan yap\u0131lm\u0131\u015ft\u0131r. Bu k\u00fcpeleri bug\u00fcn sat\u0131n al\u0131n!","breadcrumb":{"@id":"https:\/\/www.purejewels.com\/product\/18ct-rose-gold-diamond-and-pink-tourmaline-stud-earrings-44231\/#breadcrumb"},"inLanguage":"tr","potentialAction":[{"@type":"ReadAction","target":["https:\/\/www.purejewels.com\/product\/18ct-rose-gold-diamond-and-pink-tourmaline-stud-earrings-44231\/"]}]},{"@type":"ImageObject","inLanguage":"tr","@id":"https:\/\/www.purejewels.com\/product\/18ct-rose-gold-diamond-and-pink-tourmaline-stud-earrings-44231\/#primaryimage","url":"https:\/\/static.purejewels.com\/wp-content\/uploads\/2022\/12\/2022-12-16-13-31-07-BR8S4.jpg","contentUrl":"https:\/\/static.purejewels.com\/wp-content\/uploads\/2022\/12\/2022-12-16-13-31-07-BR8S4.jpg","width":1000,"height":1000,"caption":"18ct Rose Gold Diamond and Pink Tourmaline Stud Earrings"},{"@type":"BreadcrumbList","@id":"https:\/\/www.purejewels.com\/product\/18ct-rose-gold-diamond-and-pink-tourmaline-stud-earrings-44231\/#breadcrumb","itemListElement":[{"@type":"ListItem","position":1,"name":"Home","item":"https:\/\/www.purejewels.com\/"},{"@type":"ListItem","position":2,"name":"Shop","item":"https:\/\/www.purejewels.com\/shop\/"},{"@type":"ListItem","position":3,"name":"18ct Rose Gold Diamond and Pink Tourmaline Stud Earrings"}]},{"@type":"WebSite","@id":"https:\/\/www.purejewels.com\/#website","url":"https:\/\/www.purejewels.com\/","name":"PureJewels \u0130ngiltere","description":"Sevgiyi Payla\u015f\u0131n","publisher":{"@id":"https:\/\/www.purejewels.com\/#organization"},"potentialAction":[{"@type":"SearchAction","target":{"@type":"EntryPoint","urlTemplate":"https:\/\/www.purejewels.com\/?s={search_term_string}"},"query-input":{"@type":"PropertyValueSpecification","valueRequired":true,"valueName":"search_term_string"}}],"inLanguage":"tr"},{"@type":"Organization","@id":"https:\/\/www.purejewels.com\/#organization","name":"PureJewels \u0130ngiltere","url":"https:\/\/www.purejewels.com\/","logo":{"@type":"ImageObject","inLanguage":"tr","@id":"https:\/\/www.purejewels.com\/#\/schema\/logo\/image\/","url":"https:\/\/static.purejewels.com\/wp-content\/uploads\/2020\/11\/Logo-PJ-New-1.png","contentUrl":"https:\/\/static.purejewels.com\/wp-content\/uploads\/2020\/11\/Logo-PJ-New-1.png","width":150,"height":80,"caption":"PureJewels UK"},"image":{"@id":"https:\/\/www.purejewels.com\/#\/schema\/logo\/image\/"}}]}},"_links":{"self":[{"href":"https:\/\/www.purejewels.com\/tr\/wp-json\/wp\/v2\/product\/342311","targetHints":{"allow":["GET"]}}],"collection":[{"href":"https:\/\/www.purejewels.com\/tr\/wp-json\/wp\/v2\/product"}],"about":[{"href":"https:\/\/www.purejewels.com\/tr\/wp-json\/wp\/v2\/types\/product"}],"replies":[{"embeddable":true,"href":"https:\/\/www.purejewels.com\/tr\/wp-json\/wp\/v2\/comments?post=342311"}],"version-history":[{"count":2,"href":"https:\/\/www.purejewels.com\/tr\/wp-json\/wp\/v2\/product\/342311\/revisions"}],"predecessor-version":[{"id":420790,"href":"https:\/\/www.purejewels.com\/tr\/wp-json\/wp\/v2\/product\/342311\/revisions\/420790"}],"wp:featuredmedia":[{"embeddable":true,"href":"https:\/\/www.purejewels.com\/tr\/wp-json\/wp\/v2\/media\/342313"}],"wp:attachment":[{"href":"https:\/\/www.purejewels.com\/tr\/wp-json\/wp\/v2\/media?parent=342311"}],"wp:term":[{"taxonomy":"product_brand","embeddable":true,"href":"https:\/\/www.purejewels.com\/tr\/wp-json\/wp\/v2\/product_brand?post=342311"},{"taxonomy":"product_cat","embeddable":true,"href":"https:\/\/www.purejewels.com\/tr\/wp-json\/wp\/v2\/product_cat?post=342311"},{"taxonomy":"product_tag","embeddable":true,"href":"https:\/\/www.purejewels.com\/tr\/wp-json\/wp\/v2\/product_tag?post=342311"}],"curies":[{"name":"wp","href":"https:\/\/api.w.org\/{rel}","templated":true}]}}