{"id":342385,"date":"2025-01-27T08:49:22","date_gmt":"2025-01-27T08:49:22","guid":{"rendered":"https:\/\/www.purejewels.com\/?post_type=product&#038;p=342385"},"modified":"2026-01-06T08:01:27","modified_gmt":"2026-01-06T08:01:27","slug":"22-ayar-altin-alfabe-kolye-bas-harfi-s-52083","status":"publish","type":"product","link":"https:\/\/www.purejewels.com\/tr\/product\/22ct-gold-alphabet-pendant-initial-s-52083\/","title":{"rendered":"22 Ayar Alt\u0131n Alfabe Kolye | Ba\u015f Harfi S"},"content":{"rendered":"<p>Bu <a href=\"https:\/\/www.purejewels.com\/tr\/product\/22ct-gold-jali-filigree-ring-jali-collection-31926\/\">22ct<\/a> Alt\u0131n \u201cS\u201d Kolye ucu, her k\u0131yafete ki\u015fisel bir dokunu\u015f katan zamans\u0131z ve zarif bir par\u00e7ad\u0131r. Y\u00fcksek kaliteli sar\u0131 alt\u0131ndan \u00fcretilen bu ba\u015f harfli kolye, bireyselli\u011fin ve kendini ifade etmenin sembol\u00fcd\u00fcr. \u0130ngiliz damgas\u0131, bu g\u00fczel par\u00e7an\u0131n yap\u0131m\u0131nda kullan\u0131lan alt\u0131n\u0131n orijinalli\u011fini ve kalitesini garanti eder.<\/p>\n<p>Bu \u00e7arp\u0131c\u0131 kolye ucu, kendiniz veya sevdi\u011finiz biri i\u00e7in, \u00f6zel bir g\u00fcn\u00fc kutlamak veya sadece anlaml\u0131 bir jest olarak m\u00fckemmel bir hediyedir. Karma\u015f\u0131k tasar\u0131m\u0131 ve zarif detaylar\u0131 sayesinde her g\u00fcn tak\u0131labilecek \u00e7ok y\u00f6nl\u00fc bir aksesuard\u0131r. G\u00f6r\u00fcn\u00fcm\u00fc tamamlamak ve bir a\u00e7\u0131klama yapmak i\u00e7in se\u00e7ti\u011finiz bir zincirle e\u015fle\u015ftirin.<\/p>\n<p>E\u015fsiz tarz\u0131n\u0131z\u0131 ve ki\u015fili\u011finizi yans\u0131tan l\u00fcks bir m\u00fccevher par\u00e7as\u0131na sahip olma f\u0131rsat\u0131n\u0131 ka\u00e7\u0131rmay\u0131n. \u015eimdi sipari\u015f verin ve bu zarif 22 ayar alt\u0131n S harfli kolyeyi takman\u0131n keyfini \u00e7\u0131kar\u0131n.<\/p>","protected":false},"excerpt":{"rendered":"<p>PureJewels UK'den bu zarif 22 Ayar Alt\u0131n S Harfli Kolye ile kimli\u011finizi kutlay\u0131n. Zengin sar\u0131 alt\u0131ndan \u00fcretilen bu kolye, d\u00fc\u015f\u00fcnceli bir hediye ya da g\u00fcnl\u00fck kullan\u0131m i\u00e7in \u015f\u0131k bir ki\u015fisel aksesuard\u0131r.<\/p>\n<p><strong>Malzeme:<\/strong>\u00a022 Ayar Alt\u0131n<strong><br \/>\nHallmark:\u00a0<\/strong>\u0130ngiliz Damgas\u0131<strong><br \/>\n<\/strong><strong>Br\u00fct A\u011f\u0131rl\u0131k: <\/strong>0.80 Gms<strong><br \/>\nSKU: <\/strong>52083<\/p>\n<p><strong>Fiyat ve Teslimat<\/strong>:KDV ve teslimat \u00fccretleri dahil<br \/>\n<strong>Not<\/strong>: Zincir dahil de\u011fildir<\/p>\n<p><a href=\"https:\/\/www.purejewels.com\/tr\/i%cc%87ade-poli%cc%87ti%cc%87kasi\/\">\u0130ade Politikas\u0131<\/a><\/p>","protected":false},"featured_media":400685,"comment_status":"closed","ping_status":"closed","template":"","meta":{"_eb_attr":"","_crsspst_to_jayantr4sg-hostcom":true},"product_brand":[],"product_cat":[1559,1576,1229,1255,6122,5598,5342,5943,1769,1767,5906,6051,6120,1575,1574,5349],"product_tag":[],"class_list":{"0":"post-342385","1":"product","2":"type-product","3":"status-publish","4":"has-post-thumbnail","6":"product_cat-birthday-gifts","7":"product_cat-childrens-jewellery","8":"product_cat-22ct-gold-jewellery","9":"product_cat-gold-pendants","10":"product_cat-initial","11":"product_cat-initial-pendant","12":"product_cat-jewellery-under-250","13":"product_cat-kids-jewellery","14":"product_cat-kids-pendants","15":"product_cat-ladies-pendants","16":"product_cat-personalised-jewellery","17":"product_cat-personalised-pendant","18":"product_cat-shop-by-style","19":"product_cat-teenage-jewellery","20":"product_cat-womens-jewellery","21":"product_cat-yellow-gold-jewellery","23":"first","24":"outofstock","25":"taxable","26":"shipping-taxable","27":"product-type-simple","28":"add-to-wishlist-before_image"},"yoast_head":"<!-- This site is optimized with the Yoast SEO plugin v27.5 - https:\/\/yoast.com\/product\/yoast-seo-wordpress\/ -->\n<title>22ct Gold &quot;S&quot; Pendant necklace | gold initial pendant | PureJewels<\/title>\n<meta name=\"description\" content=\"Browse our extensive collection of gold alphabet pendant necklace in London. Choose your perfect piece of jewelry and enjoy free delivery across the UK.\" \/>\n<meta name=\"robots\" content=\"index, follow, max-snippet:-1, max-image-preview:large, max-video-preview:-1\" \/>\n<link rel=\"canonical\" href=\"https:\/\/www.purejewels.com\/tr\/urun\/22-ayar-altin-alfabe-kolye-bas-harfi-s-52083\/\" \/>\n<meta property=\"og:locale\" content=\"tr_TR\" \/>\n<meta property=\"og:type\" content=\"article\" \/>\n<meta property=\"og:title\" content=\"22ct Gold &quot;S&quot; Pendant necklace | gold initial pendant | PureJewels\" \/>\n<meta property=\"og:description\" content=\"Browse our extensive collection of gold alphabet pendant necklace in London. Choose your perfect piece of jewelry and enjoy free delivery across the UK.\" \/>\n<meta property=\"og:url\" content=\"https:\/\/www.purejewels.com\/tr\/urun\/22-ayar-altin-alfabe-kolye-bas-harfi-s-52083\/\" \/>\n<meta property=\"og:site_name\" content=\"PureJewels UK\" \/>\n<meta property=\"article:modified_time\" content=\"2026-01-06T08:01:27+00:00\" \/>\n<meta property=\"og:image\" content=\"https:\/\/www.purejewels.com\/wp-content\/uploads\/2025\/01\/SKU-52083-1.png\" \/>\n\t<meta property=\"og:image:width\" content=\"1000\" \/>\n\t<meta property=\"og:image:height\" content=\"1000\" \/>\n\t<meta property=\"og:image:type\" content=\"image\/png\" \/>\n<meta name=\"twitter:card\" content=\"summary_large_image\" \/>\n<meta name=\"twitter:label1\" content=\"Tahmini okuma s\u00fcresi\" \/>\n\t<meta name=\"twitter:data1\" content=\"1 dakika\" \/>\n<script type=\"application\/ld+json\" class=\"yoast-schema-graph\">{\"@context\":\"https:\\\/\\\/schema.org\",\"@graph\":[{\"@type\":[\"WebPage\",\"ItemPage\"],\"@id\":\"https:\\\/\\\/www.purejewels.com\\\/product\\\/22ct-gold-alphabet-pendant-initial-s-52083\\\/\",\"url\":\"https:\\\/\\\/www.purejewels.com\\\/product\\\/22ct-gold-alphabet-pendant-initial-s-52083\\\/\",\"name\":\"22ct Gold \\\"S\\\" Pendant necklace | gold initial pendant | PureJewels\",\"isPartOf\":{\"@id\":\"https:\\\/\\\/www.purejewels.com\\\/#website\"},\"primaryImageOfPage\":{\"@id\":\"https:\\\/\\\/www.purejewels.com\\\/product\\\/22ct-gold-alphabet-pendant-initial-s-52083\\\/#primaryimage\"},\"image\":{\"@id\":\"https:\\\/\\\/www.purejewels.com\\\/product\\\/22ct-gold-alphabet-pendant-initial-s-52083\\\/#primaryimage\"},\"thumbnailUrl\":\"https:\\\/\\\/static.purejewels.com\\\/wp-content\\\/uploads\\\/2025\\\/01\\\/SKU-52083-1.png\",\"datePublished\":\"2025-01-27T08:49:22+00:00\",\"dateModified\":\"2026-01-06T08:01:27+00:00\",\"description\":\"Browse our extensive collection of gold alphabet pendant necklace in London. Choose your perfect piece of jewelry and enjoy free delivery across the UK.\",\"breadcrumb\":{\"@id\":\"https:\\\/\\\/www.purejewels.com\\\/product\\\/22ct-gold-alphabet-pendant-initial-s-52083\\\/#breadcrumb\"},\"inLanguage\":\"tr\",\"potentialAction\":[{\"@type\":\"ReadAction\",\"target\":[\"https:\\\/\\\/www.purejewels.com\\\/product\\\/22ct-gold-alphabet-pendant-initial-s-52083\\\/\"]}]},{\"@type\":\"ImageObject\",\"inLanguage\":\"tr\",\"@id\":\"https:\\\/\\\/www.purejewels.com\\\/product\\\/22ct-gold-alphabet-pendant-initial-s-52083\\\/#primaryimage\",\"url\":\"https:\\\/\\\/static.purejewels.com\\\/wp-content\\\/uploads\\\/2025\\\/01\\\/SKU-52083-1.png\",\"contentUrl\":\"https:\\\/\\\/static.purejewels.com\\\/wp-content\\\/uploads\\\/2025\\\/01\\\/SKU-52083-1.png\",\"width\":1000,\"height\":1000},{\"@type\":\"BreadcrumbList\",\"@id\":\"https:\\\/\\\/www.purejewels.com\\\/product\\\/22ct-gold-alphabet-pendant-initial-s-52083\\\/#breadcrumb\",\"itemListElement\":[{\"@type\":\"ListItem\",\"position\":1,\"name\":\"Home\",\"item\":\"https:\\\/\\\/www.purejewels.com\\\/\"},{\"@type\":\"ListItem\",\"position\":2,\"name\":\"Shop\",\"item\":\"https:\\\/\\\/www.purejewels.com\\\/shop\\\/\"},{\"@type\":\"ListItem\",\"position\":3,\"name\":\"22ct Gold Alphabet Pendant | Initial S\"}]},{\"@type\":\"WebSite\",\"@id\":\"https:\\\/\\\/www.purejewels.com\\\/#website\",\"url\":\"https:\\\/\\\/www.purejewels.com\\\/\",\"name\":\"PureJewels UK\",\"description\":\"Share the Love\",\"publisher\":{\"@id\":\"https:\\\/\\\/www.purejewels.com\\\/#organization\"},\"potentialAction\":[{\"@type\":\"SearchAction\",\"target\":{\"@type\":\"EntryPoint\",\"urlTemplate\":\"https:\\\/\\\/www.purejewels.com\\\/?s={search_term_string}\"},\"query-input\":{\"@type\":\"PropertyValueSpecification\",\"valueRequired\":true,\"valueName\":\"search_term_string\"}}],\"inLanguage\":\"tr\"},{\"@type\":\"Organization\",\"@id\":\"https:\\\/\\\/www.purejewels.com\\\/#organization\",\"name\":\"PureJewels UK\",\"url\":\"https:\\\/\\\/www.purejewels.com\\\/\",\"logo\":{\"@type\":\"ImageObject\",\"inLanguage\":\"tr\",\"@id\":\"https:\\\/\\\/www.purejewels.com\\\/#\\\/schema\\\/logo\\\/image\\\/\",\"url\":\"https:\\\/\\\/static.purejewels.com\\\/wp-content\\\/uploads\\\/2020\\\/11\\\/Logo-PJ-New-1.png\",\"contentUrl\":\"https:\\\/\\\/static.purejewels.com\\\/wp-content\\\/uploads\\\/2020\\\/11\\\/Logo-PJ-New-1.png\",\"width\":150,\"height\":80,\"caption\":\"PureJewels UK\"},\"image\":{\"@id\":\"https:\\\/\\\/www.purejewels.com\\\/#\\\/schema\\\/logo\\\/image\\\/\"}}]}<\/script>\n<!-- \/ Yoast SEO plugin. -->","yoast_head_json":{"title":"22 ayar alt\u0131n \"S\" kolye ucu | alt\u0131n ba\u015f harf kolye ucu | PureJewels","description":"Londra'daki geni\u015f alt\u0131n alfabe kolye ucu koleksiyonumuza g\u00f6z at\u0131n. M\u00fckemmel m\u00fccevher par\u00e7an\u0131z\u0131 se\u00e7in ve Birle\u015fik Krall\u0131k genelinde \u00fccretsiz teslimat\u0131n keyfini \u00e7\u0131kar\u0131n.","robots":{"index":"index","follow":"follow","max-snippet":"max-snippet:-1","max-image-preview":"max-image-preview:large","max-video-preview":"max-video-preview:-1"},"canonical":"https:\/\/www.purejewels.com\/tr\/urun\/22-ayar-altin-alfabe-kolye-bas-harfi-s-52083\/","og_locale":"tr_TR","og_type":"article","og_title":"22ct Gold \"S\" Pendant necklace | gold initial pendant | PureJewels","og_description":"Browse our extensive collection of gold alphabet pendant necklace in London. Choose your perfect piece of jewelry and enjoy free delivery across the UK.","og_url":"https:\/\/www.purejewels.com\/tr\/urun\/22-ayar-altin-alfabe-kolye-bas-harfi-s-52083\/","og_site_name":"PureJewels UK","article_modified_time":"2026-01-06T08:01:27+00:00","og_image":[{"width":1000,"height":1000,"url":"https:\/\/www.purejewels.com\/wp-content\/uploads\/2025\/01\/SKU-52083-1.png","type":"image\/png"}],"twitter_card":"summary_large_image","twitter_misc":{"Tahmini okuma s\u00fcresi":"1 dakika"},"schema":{"@context":"https:\/\/schema.org","@graph":[{"@type":["WebPage","ItemPage"],"@id":"https:\/\/www.purejewels.com\/product\/22ct-gold-alphabet-pendant-initial-s-52083\/","url":"https:\/\/www.purejewels.com\/product\/22ct-gold-alphabet-pendant-initial-s-52083\/","name":"22 ayar alt\u0131n \"S\" kolye ucu | alt\u0131n ba\u015f harf kolye ucu | PureJewels","isPartOf":{"@id":"https:\/\/www.purejewels.com\/#website"},"primaryImageOfPage":{"@id":"https:\/\/www.purejewels.com\/product\/22ct-gold-alphabet-pendant-initial-s-52083\/#primaryimage"},"image":{"@id":"https:\/\/www.purejewels.com\/product\/22ct-gold-alphabet-pendant-initial-s-52083\/#primaryimage"},"thumbnailUrl":"https:\/\/static.purejewels.com\/wp-content\/uploads\/2025\/01\/SKU-52083-1.png","datePublished":"2025-01-27T08:49:22+00:00","dateModified":"2026-01-06T08:01:27+00:00","description":"Londra'daki geni\u015f alt\u0131n alfabe kolye ucu koleksiyonumuza g\u00f6z at\u0131n. M\u00fckemmel m\u00fccevher par\u00e7an\u0131z\u0131 se\u00e7in ve Birle\u015fik Krall\u0131k genelinde \u00fccretsiz teslimat\u0131n keyfini \u00e7\u0131kar\u0131n.","breadcrumb":{"@id":"https:\/\/www.purejewels.com\/product\/22ct-gold-alphabet-pendant-initial-s-52083\/#breadcrumb"},"inLanguage":"tr","potentialAction":[{"@type":"ReadAction","target":["https:\/\/www.purejewels.com\/product\/22ct-gold-alphabet-pendant-initial-s-52083\/"]}]},{"@type":"ImageObject","inLanguage":"tr","@id":"https:\/\/www.purejewels.com\/product\/22ct-gold-alphabet-pendant-initial-s-52083\/#primaryimage","url":"https:\/\/static.purejewels.com\/wp-content\/uploads\/2025\/01\/SKU-52083-1.png","contentUrl":"https:\/\/static.purejewels.com\/wp-content\/uploads\/2025\/01\/SKU-52083-1.png","width":1000,"height":1000},{"@type":"BreadcrumbList","@id":"https:\/\/www.purejewels.com\/product\/22ct-gold-alphabet-pendant-initial-s-52083\/#breadcrumb","itemListElement":[{"@type":"ListItem","position":1,"name":"Home","item":"https:\/\/www.purejewels.com\/"},{"@type":"ListItem","position":2,"name":"Shop","item":"https:\/\/www.purejewels.com\/shop\/"},{"@type":"ListItem","position":3,"name":"22ct Gold Alphabet Pendant | Initial S"}]},{"@type":"WebSite","@id":"https:\/\/www.purejewels.com\/#website","url":"https:\/\/www.purejewels.com\/","name":"PureJewels \u0130ngiltere","description":"Sevgiyi Payla\u015f\u0131n","publisher":{"@id":"https:\/\/www.purejewels.com\/#organization"},"potentialAction":[{"@type":"SearchAction","target":{"@type":"EntryPoint","urlTemplate":"https:\/\/www.purejewels.com\/?s={search_term_string}"},"query-input":{"@type":"PropertyValueSpecification","valueRequired":true,"valueName":"search_term_string"}}],"inLanguage":"tr"},{"@type":"Organization","@id":"https:\/\/www.purejewels.com\/#organization","name":"PureJewels \u0130ngiltere","url":"https:\/\/www.purejewels.com\/","logo":{"@type":"ImageObject","inLanguage":"tr","@id":"https:\/\/www.purejewels.com\/#\/schema\/logo\/image\/","url":"https:\/\/static.purejewels.com\/wp-content\/uploads\/2020\/11\/Logo-PJ-New-1.png","contentUrl":"https:\/\/static.purejewels.com\/wp-content\/uploads\/2020\/11\/Logo-PJ-New-1.png","width":150,"height":80,"caption":"PureJewels UK"},"image":{"@id":"https:\/\/www.purejewels.com\/#\/schema\/logo\/image\/"}}]}},"_links":{"self":[{"href":"https:\/\/www.purejewels.com\/tr\/wp-json\/wp\/v2\/product\/342385","targetHints":{"allow":["GET"]}}],"collection":[{"href":"https:\/\/www.purejewels.com\/tr\/wp-json\/wp\/v2\/product"}],"about":[{"href":"https:\/\/www.purejewels.com\/tr\/wp-json\/wp\/v2\/types\/product"}],"replies":[{"embeddable":true,"href":"https:\/\/www.purejewels.com\/tr\/wp-json\/wp\/v2\/comments?post=342385"}],"version-history":[{"count":5,"href":"https:\/\/www.purejewels.com\/tr\/wp-json\/wp\/v2\/product\/342385\/revisions"}],"predecessor-version":[{"id":420310,"href":"https:\/\/www.purejewels.com\/tr\/wp-json\/wp\/v2\/product\/342385\/revisions\/420310"}],"wp:featuredmedia":[{"embeddable":true,"href":"https:\/\/www.purejewels.com\/tr\/wp-json\/wp\/v2\/media\/400685"}],"wp:attachment":[{"href":"https:\/\/www.purejewels.com\/tr\/wp-json\/wp\/v2\/media?parent=342385"}],"wp:term":[{"taxonomy":"product_brand","embeddable":true,"href":"https:\/\/www.purejewels.com\/tr\/wp-json\/wp\/v2\/product_brand?post=342385"},{"taxonomy":"product_cat","embeddable":true,"href":"https:\/\/www.purejewels.com\/tr\/wp-json\/wp\/v2\/product_cat?post=342385"},{"taxonomy":"product_tag","embeddable":true,"href":"https:\/\/www.purejewels.com\/tr\/wp-json\/wp\/v2\/product_tag?post=342385"}],"curies":[{"name":"wp","href":"https:\/\/api.w.org\/{rel}","templated":true}]}}