{"id":342400,"date":"2025-05-03T01:50:28","date_gmt":"2025-05-03T00:50:28","guid":{"rendered":"https:\/\/www.purejewels.com\/?post_type=product&#038;p=342400"},"modified":"2026-01-06T07:30:04","modified_gmt":"2026-01-06T07:30:04","slug":"22-ayar-sari-altin-ganesh-kolye-51962","status":"publish","type":"product","link":"https:\/\/www.purejewels.com\/tr\/product\/22ct-yellow-gold-ganesh-pendant-51962\/","title":{"rendered":"22 Ayar Sar\u0131 Alt\u0131n Ganesh Kolye"},"content":{"rendered":"<p>Engelleri ortadan kald\u0131ran ve bilgelik getiren Lord Ganesha'y\u0131 onurland\u0131rmak i\u00e7in \u00f6zenle haz\u0131rlanm\u0131\u015f 22 Ayar Sar\u0131 Alt\u0131n Ganesh Kolyemizle ilahi kutsamalar\u0131 \u00e7a\u011f\u0131r\u0131n. Saf 22 ayar alt\u0131ndan \u00fcretilen ve orijinalli\u011fi damgalanm\u0131\u015f olan bu kutsal kolye ucu, g\u00fcnl\u00fck adanm\u0131\u015fl\u0131k veya u\u011furlu g\u00fcnlerde hediye etmek i\u00e7in idealdir. Hindu alt\u0131n\u0131 arayanlar i\u00e7in m\u00fckemmel <a href=\"https:\/\/www.purejewels.com\/tr\/product-category\/22ct-gold-jewellery\/gold-pendants\/\">KOLYE<\/a>.<\/p>","protected":false},"excerpt":{"rendered":"<div class=\"woocommerce-product-details__short-description\">Bilgelik ve korumay\u0131 simgeleyen 22 Ayar Sar\u0131 Alt\u0131n Ganesh Kolye.<br data-start=\"758\" data-end=\"761\" \/>Ruhsal g\u00fc\u00e7 ve ilahi l\u00fctuf i\u00e7in kutsal bir alt\u0131n t\u0131ls\u0131m.<\/div>\n<div>\n<p><strong>Malzeme:<\/strong>\u00a022 Ayar Alt\u0131n<strong><br \/>\nHallmark:\u00a0<\/strong>\u0130ngiliz Damgas\u0131<strong><br \/>\n<\/strong><strong>Br\u00fct A\u011f\u0131rl\u0131k: <\/strong>0.8 Gms<strong><br \/>\nSKU: <\/strong>51962<\/p>\n<p><strong>Fiyat ve Teslimat:<\/strong>KDV ve teslimat \u00fccretleri dahil<strong><br \/>\n<a href=\"https:\/\/www.purejewels.com\/tr\/i%cc%87ade-poli%cc%87ti%cc%87kasi\/\">\u0130ade Politikas\u0131<\/a><\/strong><\/p>\n<\/div>\n<div><\/div>\n<div class=\"btn-atc atc-slide\"><\/div>\n<div class=\"product_meta\"><\/div>","protected":false},"featured_media":403351,"comment_status":"closed","ping_status":"closed","template":"","meta":{"_eb_attr":"","_crsspst_to_jayantr4sg-hostcom":true},"product_brand":[],"product_cat":[1791,1793,1792,5601,1790,1229,1255,5342,1769,1767,1572,1768,5338,1701,1575,1574],"product_tag":[5473],"class_list":{"0":"post-342400","1":"product","2":"type-product","3":"status-publish","4":"has-post-thumbnail","6":"product_cat-anniversary-gifts","7":"product_cat-diwali-gifts","8":"product_cat-festival-gifts","9":"product_cat-ganesh-pendants","10":"product_cat-for-whom-when","11":"product_cat-22ct-gold-jewellery","12":"product_cat-gold-pendants","13":"product_cat-jewellery-under-250","14":"product_cat-kids-pendants","15":"product_cat-ladies-pendants","16":"product_cat-mens-jewellery","17":"product_cat-mens-pendants","18":"product_cat-shop-by-price","19":"product_cat-religious-pendants","20":"product_cat-teenage-jewellery","21":"product_cat-womens-jewellery","22":"product_tag-religion-pendant","24":"first","25":"outofstock","26":"taxable","27":"shipping-taxable","28":"product-type-simple","29":"add-to-wishlist-before_image"},"yoast_head":"<!-- This site is optimized with the Yoast SEO plugin v27.4 - https:\/\/yoast.com\/product\/yoast-seo-wordpress\/ -->\n<title>Shop 22ct Gold Ganesh Pendant Online| PureJewels UK<\/title>\n<meta name=\"description\" content=\"22ct Gold Ganesh Pendant for Men and Women. It is made of real gold. Buy this pendant online today for free Delivery in the UK\" \/>\n<meta name=\"robots\" content=\"index, follow, max-snippet:-1, max-image-preview:large, max-video-preview:-1\" \/>\n<link rel=\"canonical\" href=\"https:\/\/www.purejewels.com\/tr\/urun\/22-ayar-sari-altin-ganesh-kolye-51962\/\" \/>\n<meta property=\"og:locale\" content=\"tr_TR\" \/>\n<meta property=\"og:type\" content=\"article\" \/>\n<meta property=\"og:title\" content=\"Shop 22ct Gold Ganesh Pendant Online| PureJewels UK\" \/>\n<meta property=\"og:description\" content=\"22ct Gold Ganesh Pendant for Men and Women. It is made of real gold. Buy this pendant online today for free Delivery in the UK\" \/>\n<meta property=\"og:url\" content=\"https:\/\/www.purejewels.com\/tr\/urun\/22-ayar-sari-altin-ganesh-kolye-51962\/\" \/>\n<meta property=\"og:site_name\" content=\"PureJewels UK\" \/>\n<meta property=\"article:modified_time\" content=\"2026-01-06T07:30:04+00:00\" \/>\n<meta property=\"og:image\" content=\"https:\/\/www.purejewels.com\/wp-content\/uploads\/2024\/07\/51011.png\" \/>\n\t<meta property=\"og:image:width\" content=\"1000\" \/>\n\t<meta property=\"og:image:height\" content=\"1000\" \/>\n\t<meta property=\"og:image:type\" content=\"image\/png\" \/>\n<meta name=\"twitter:card\" content=\"summary_large_image\" \/>\n<meta name=\"twitter:label1\" content=\"Tahmini okuma s\u00fcresi\" \/>\n\t<meta name=\"twitter:data1\" content=\"1 dakika\" \/>\n<script type=\"application\/ld+json\" class=\"yoast-schema-graph\">{\"@context\":\"https:\\\/\\\/schema.org\",\"@graph\":[{\"@type\":[\"WebPage\",\"ItemPage\"],\"@id\":\"https:\\\/\\\/www.purejewels.com\\\/product\\\/22ct-yellow-gold-ganesh-pendant-51962\\\/\",\"url\":\"https:\\\/\\\/www.purejewels.com\\\/product\\\/22ct-yellow-gold-ganesh-pendant-51962\\\/\",\"name\":\"Shop 22ct Gold Ganesh Pendant Online| PureJewels UK\",\"isPartOf\":{\"@id\":\"https:\\\/\\\/www.purejewels.com\\\/#website\"},\"primaryImageOfPage\":{\"@id\":\"https:\\\/\\\/www.purejewels.com\\\/product\\\/22ct-yellow-gold-ganesh-pendant-51962\\\/#primaryimage\"},\"image\":{\"@id\":\"https:\\\/\\\/www.purejewels.com\\\/product\\\/22ct-yellow-gold-ganesh-pendant-51962\\\/#primaryimage\"},\"thumbnailUrl\":\"https:\\\/\\\/static.purejewels.com\\\/wp-content\\\/uploads\\\/2024\\\/07\\\/51011.png\",\"datePublished\":\"2025-05-03T00:50:28+00:00\",\"dateModified\":\"2026-01-06T07:30:04+00:00\",\"description\":\"22ct Gold Ganesh Pendant for Men and Women. It is made of real gold. Buy this pendant online today for free Delivery in the UK\",\"breadcrumb\":{\"@id\":\"https:\\\/\\\/www.purejewels.com\\\/product\\\/22ct-yellow-gold-ganesh-pendant-51962\\\/#breadcrumb\"},\"inLanguage\":\"tr\",\"potentialAction\":[{\"@type\":\"ReadAction\",\"target\":[\"https:\\\/\\\/www.purejewels.com\\\/product\\\/22ct-yellow-gold-ganesh-pendant-51962\\\/\"]}]},{\"@type\":\"ImageObject\",\"inLanguage\":\"tr\",\"@id\":\"https:\\\/\\\/www.purejewels.com\\\/product\\\/22ct-yellow-gold-ganesh-pendant-51962\\\/#primaryimage\",\"url\":\"https:\\\/\\\/static.purejewels.com\\\/wp-content\\\/uploads\\\/2024\\\/07\\\/51011.png\",\"contentUrl\":\"https:\\\/\\\/static.purejewels.com\\\/wp-content\\\/uploads\\\/2024\\\/07\\\/51011.png\",\"width\":1000,\"height\":1000,\"caption\":\"22ct Yellow Gold Ganesh Pendant\"},{\"@type\":\"BreadcrumbList\",\"@id\":\"https:\\\/\\\/www.purejewels.com\\\/product\\\/22ct-yellow-gold-ganesh-pendant-51962\\\/#breadcrumb\",\"itemListElement\":[{\"@type\":\"ListItem\",\"position\":1,\"name\":\"Home\",\"item\":\"https:\\\/\\\/www.purejewels.com\\\/\"},{\"@type\":\"ListItem\",\"position\":2,\"name\":\"Shop\",\"item\":\"https:\\\/\\\/www.purejewels.com\\\/shop\\\/\"},{\"@type\":\"ListItem\",\"position\":3,\"name\":\"22ct Yellow Gold Ganesh Pendant\"}]},{\"@type\":\"WebSite\",\"@id\":\"https:\\\/\\\/www.purejewels.com\\\/#website\",\"url\":\"https:\\\/\\\/www.purejewels.com\\\/\",\"name\":\"PureJewels UK\",\"description\":\"Share the Love\",\"publisher\":{\"@id\":\"https:\\\/\\\/www.purejewels.com\\\/#organization\"},\"potentialAction\":[{\"@type\":\"SearchAction\",\"target\":{\"@type\":\"EntryPoint\",\"urlTemplate\":\"https:\\\/\\\/www.purejewels.com\\\/?s={search_term_string}\"},\"query-input\":{\"@type\":\"PropertyValueSpecification\",\"valueRequired\":true,\"valueName\":\"search_term_string\"}}],\"inLanguage\":\"tr\"},{\"@type\":\"Organization\",\"@id\":\"https:\\\/\\\/www.purejewels.com\\\/#organization\",\"name\":\"PureJewels UK\",\"url\":\"https:\\\/\\\/www.purejewels.com\\\/\",\"logo\":{\"@type\":\"ImageObject\",\"inLanguage\":\"tr\",\"@id\":\"https:\\\/\\\/www.purejewels.com\\\/#\\\/schema\\\/logo\\\/image\\\/\",\"url\":\"https:\\\/\\\/static.purejewels.com\\\/wp-content\\\/uploads\\\/2020\\\/11\\\/Logo-PJ-New-1.png\",\"contentUrl\":\"https:\\\/\\\/static.purejewels.com\\\/wp-content\\\/uploads\\\/2020\\\/11\\\/Logo-PJ-New-1.png\",\"width\":150,\"height\":80,\"caption\":\"PureJewels UK\"},\"image\":{\"@id\":\"https:\\\/\\\/www.purejewels.com\\\/#\\\/schema\\\/logo\\\/image\\\/\"}}]}<\/script>\n<!-- \/ Yoast SEO plugin. -->","yoast_head_json":{"title":"22 Ayar Alt\u0131n Ganesh Kolyeyi Online Sat\u0131n Al\u0131n| PureJewels UK","description":"Erkekler ve Kad\u0131nlar i\u00e7in 22 Ayar Alt\u0131n Ganesh Kolye. Ger\u00e7ek alt\u0131ndan yap\u0131lm\u0131\u015ft\u0131r. \u0130ngiltere'de \u00fccretsiz Teslimat i\u00e7in bu kolyeyi bug\u00fcn \u00e7evrimi\u00e7i sat\u0131n al\u0131n","robots":{"index":"index","follow":"follow","max-snippet":"max-snippet:-1","max-image-preview":"max-image-preview:large","max-video-preview":"max-video-preview:-1"},"canonical":"https:\/\/www.purejewels.com\/tr\/urun\/22-ayar-sari-altin-ganesh-kolye-51962\/","og_locale":"tr_TR","og_type":"article","og_title":"Shop 22ct Gold Ganesh Pendant Online| PureJewels UK","og_description":"22ct Gold Ganesh Pendant for Men and Women. It is made of real gold. Buy this pendant online today for free Delivery in the UK","og_url":"https:\/\/www.purejewels.com\/tr\/urun\/22-ayar-sari-altin-ganesh-kolye-51962\/","og_site_name":"PureJewels UK","article_modified_time":"2026-01-06T07:30:04+00:00","og_image":[{"width":1000,"height":1000,"url":"https:\/\/www.purejewels.com\/wp-content\/uploads\/2024\/07\/51011.png","type":"image\/png"}],"twitter_card":"summary_large_image","twitter_misc":{"Tahmini okuma s\u00fcresi":"1 dakika"},"schema":{"@context":"https:\/\/schema.org","@graph":[{"@type":["WebPage","ItemPage"],"@id":"https:\/\/www.purejewels.com\/product\/22ct-yellow-gold-ganesh-pendant-51962\/","url":"https:\/\/www.purejewels.com\/product\/22ct-yellow-gold-ganesh-pendant-51962\/","name":"22 Ayar Alt\u0131n Ganesh Kolyeyi Online Sat\u0131n Al\u0131n| PureJewels UK","isPartOf":{"@id":"https:\/\/www.purejewels.com\/#website"},"primaryImageOfPage":{"@id":"https:\/\/www.purejewels.com\/product\/22ct-yellow-gold-ganesh-pendant-51962\/#primaryimage"},"image":{"@id":"https:\/\/www.purejewels.com\/product\/22ct-yellow-gold-ganesh-pendant-51962\/#primaryimage"},"thumbnailUrl":"https:\/\/static.purejewels.com\/wp-content\/uploads\/2024\/07\/51011.png","datePublished":"2025-05-03T00:50:28+00:00","dateModified":"2026-01-06T07:30:04+00:00","description":"Erkekler ve Kad\u0131nlar i\u00e7in 22 Ayar Alt\u0131n Ganesh Kolye. Ger\u00e7ek alt\u0131ndan yap\u0131lm\u0131\u015ft\u0131r. \u0130ngiltere'de \u00fccretsiz Teslimat i\u00e7in bu kolyeyi bug\u00fcn \u00e7evrimi\u00e7i sat\u0131n al\u0131n","breadcrumb":{"@id":"https:\/\/www.purejewels.com\/product\/22ct-yellow-gold-ganesh-pendant-51962\/#breadcrumb"},"inLanguage":"tr","potentialAction":[{"@type":"ReadAction","target":["https:\/\/www.purejewels.com\/product\/22ct-yellow-gold-ganesh-pendant-51962\/"]}]},{"@type":"ImageObject","inLanguage":"tr","@id":"https:\/\/www.purejewels.com\/product\/22ct-yellow-gold-ganesh-pendant-51962\/#primaryimage","url":"https:\/\/static.purejewels.com\/wp-content\/uploads\/2024\/07\/51011.png","contentUrl":"https:\/\/static.purejewels.com\/wp-content\/uploads\/2024\/07\/51011.png","width":1000,"height":1000,"caption":"22ct Yellow Gold Ganesh Pendant"},{"@type":"BreadcrumbList","@id":"https:\/\/www.purejewels.com\/product\/22ct-yellow-gold-ganesh-pendant-51962\/#breadcrumb","itemListElement":[{"@type":"ListItem","position":1,"name":"Home","item":"https:\/\/www.purejewels.com\/"},{"@type":"ListItem","position":2,"name":"Shop","item":"https:\/\/www.purejewels.com\/shop\/"},{"@type":"ListItem","position":3,"name":"22ct Yellow Gold Ganesh Pendant"}]},{"@type":"WebSite","@id":"https:\/\/www.purejewels.com\/#website","url":"https:\/\/www.purejewels.com\/","name":"PureJewels \u0130ngiltere","description":"Sevgiyi Payla\u015f\u0131n","publisher":{"@id":"https:\/\/www.purejewels.com\/#organization"},"potentialAction":[{"@type":"SearchAction","target":{"@type":"EntryPoint","urlTemplate":"https:\/\/www.purejewels.com\/?s={search_term_string}"},"query-input":{"@type":"PropertyValueSpecification","valueRequired":true,"valueName":"search_term_string"}}],"inLanguage":"tr"},{"@type":"Organization","@id":"https:\/\/www.purejewels.com\/#organization","name":"PureJewels \u0130ngiltere","url":"https:\/\/www.purejewels.com\/","logo":{"@type":"ImageObject","inLanguage":"tr","@id":"https:\/\/www.purejewels.com\/#\/schema\/logo\/image\/","url":"https:\/\/static.purejewels.com\/wp-content\/uploads\/2020\/11\/Logo-PJ-New-1.png","contentUrl":"https:\/\/static.purejewels.com\/wp-content\/uploads\/2020\/11\/Logo-PJ-New-1.png","width":150,"height":80,"caption":"PureJewels UK"},"image":{"@id":"https:\/\/www.purejewels.com\/#\/schema\/logo\/image\/"}}]}},"_links":{"self":[{"href":"https:\/\/www.purejewels.com\/tr\/wp-json\/wp\/v2\/product\/342400","targetHints":{"allow":["GET"]}}],"collection":[{"href":"https:\/\/www.purejewels.com\/tr\/wp-json\/wp\/v2\/product"}],"about":[{"href":"https:\/\/www.purejewels.com\/tr\/wp-json\/wp\/v2\/types\/product"}],"replies":[{"embeddable":true,"href":"https:\/\/www.purejewels.com\/tr\/wp-json\/wp\/v2\/comments?post=342400"}],"version-history":[{"count":4,"href":"https:\/\/www.purejewels.com\/tr\/wp-json\/wp\/v2\/product\/342400\/revisions"}],"predecessor-version":[{"id":403354,"href":"https:\/\/www.purejewels.com\/tr\/wp-json\/wp\/v2\/product\/342400\/revisions\/403354"}],"wp:featuredmedia":[{"embeddable":true,"href":"https:\/\/www.purejewels.com\/tr\/wp-json\/wp\/v2\/media\/403351"}],"wp:attachment":[{"href":"https:\/\/www.purejewels.com\/tr\/wp-json\/wp\/v2\/media?parent=342400"}],"wp:term":[{"taxonomy":"product_brand","embeddable":true,"href":"https:\/\/www.purejewels.com\/tr\/wp-json\/wp\/v2\/product_brand?post=342400"},{"taxonomy":"product_cat","embeddable":true,"href":"https:\/\/www.purejewels.com\/tr\/wp-json\/wp\/v2\/product_cat?post=342400"},{"taxonomy":"product_tag","embeddable":true,"href":"https:\/\/www.purejewels.com\/tr\/wp-json\/wp\/v2\/product_tag?post=342400"}],"curies":[{"name":"wp","href":"https:\/\/api.w.org\/{rel}","templated":true}]}}