{"id":342410,"date":"2024-12-09T10:53:05","date_gmt":"2024-12-09T10:53:05","guid":{"rendered":"https:\/\/www.purejewels.com\/?post_type=product&#038;p=342410"},"modified":"2026-01-06T10:14:57","modified_gmt":"2026-01-06T10:14:57","slug":"18-ayar-sari-altin-pirlanta-tasli-bayan-bileklik-33744","status":"publish","type":"product","link":"https:\/\/www.purejewels.com\/tr\/product\/18ct-yellowgold-ladies-bracelets-with-diamond-stones-33744\/","title":{"rendered":"18 Ayar Sar\u0131 Alt\u0131n P\u0131rlanta Ta\u015fl\u0131 Bayan Bilezikler"},"content":{"rendered":"<p>Bu Noel'de I\u015f\u0131lday\u0131n ve Parlay\u0131n <a href=\"https:\/\/www.purejewels.com\/tr\/product\/18ct-white-gold-khanda-sikh-religious-pendant-6226\/\">18ct<\/a> P\u0131rlanta Ta\u015fl\u0131 Sar\u0131 Alt\u0131n Bayan Bilezikler<\/p>\n<p>Festival sezonu yakla\u015f\u0131rken, sevdikleriniz i\u00e7in m\u00fckemmel hediyeler d\u00fc\u015f\u00fcnmeye ba\u015flaman\u0131n zaman\u0131 geldi. Birini \u00f6nemsedi\u011finizi g\u00f6stermenin \u00e7arp\u0131c\u0131 bir m\u00fccevher par\u00e7as\u0131ndan daha iyi bir yolu olabilir mi?<\/p>\n<p>Londra'daki Green Street'te bulunan PureJewels UK'de, bu Noel'e damgas\u0131n\u0131 vuracak p\u0131rlanta ta\u015fl\u0131 18 ayar sar\u0131 alt\u0131n bayan bilekliklerinden olu\u015fan g\u00fczel bir se\u00e7ki sunuyoruz.<\/p>\n<p>Bileziklerimiz, her hareketiyle \u0131\u015f\u0131ldayan ve parlayan y\u00fcksek kaliteli elmaslar da dahil olmak \u00fczere en iyi malzemeler kullan\u0131larak ustal\u0131kla \u00fcretilmi\u015ftir. \u0130ster k\u0131yafetinize zarafet katacak narin bir par\u00e7a, ister ba\u015f\u0131n\u0131z\u0131 d\u00f6nd\u00fcrecek cesur bir ifade par\u00e7as\u0131 ar\u0131yor olun, herkes i\u00e7in bir \u015feyimiz var.<\/p>\n<p>Bilekliklerimiz yaln\u0131zca \u00f6zel biri i\u00e7in m\u00fckemmel bir hediye olmakla kalmaz, ayn\u0131 zamanda kendiniz i\u00e7in de harika bir ikramd\u0131r. Bu Noel'de kendinizi \u015f\u0131mart\u0131n ve bayram gard\u0131robunuza ihti\u015faml\u0131 bir dokunu\u015f kat\u0131n.<\/p>\n<p>\u00d6yleyse neden bu Noel'i PureJewels UK'den p\u0131rlanta ta\u015fl\u0131 g\u00fczel bir 18 ayar sar\u0131 alt\u0131n bayan bilekli\u011fi ile ger\u00e7ekten \u00f6zel k\u0131lmayas\u0131n\u0131z? Kendiniz veya sevdikleriniz i\u00e7in m\u00fckemmel par\u00e7ay\u0131 bulmak i\u00e7in Green Street'te bizi ziyaret edin veya \u00e7evrimi\u00e7i al\u0131\u015fveri\u015f yap\u0131n.<\/p>","protected":false},"excerpt":{"rendered":"<p>Bu 18 Ayar Sar\u0131 Alt\u0131n P\u0131rlanta Bileklik ile bile\u011finize \u0131\u015f\u0131lt\u0131l\u0131 bir dokunu\u015f kat\u0131n. Narin ve zarif olan bu bilezik, g\u00fcnl\u00fck g\u00f6r\u00fcn\u00fcm\u00fcn\u00fcz\u00fc y\u00fckseltmek veya ak\u015fam k\u0131yafetinizi zahmetsiz bir ihti\u015famla tamamlamak i\u00e7in m\u00fckemmel bir par\u00e7ad\u0131r.<\/p>\n<p><strong>Bilezik T\u00fcr\u00fc:<\/strong> P\u0131rlanta Tenis Bilekli\u011fi<br \/>\n<strong>SKU:<\/strong> 33744<br \/>\n<strong>A\u011f\u0131rl\u0131k:<\/strong> 2.4<br \/>\n<strong>Metal:<\/strong> 18 Ayar Sar\u0131 Alt\u0131n<br \/>\n<strong>Elmas:<\/strong> 1.40ct<br \/>\n<strong>Uzunluk:<\/strong> 6,75 \u0130n\u00e7<br \/>\n<strong>Cinsiyet:<\/strong> Bayanlar<br \/>\n<strong>Su\u00e7lamalar:<\/strong> Teslimat ve KDV Dahil<br \/>\n<strong>Daha Fazla Bilgi<\/strong><br \/>\nM\u00fcsaitlik durumu ve daha fazla g\u00f6rsel i\u00e7in bizimle canl\u0131 sohbet edin <span data-sheets-root=\"1\">alt\u0131n Noel tak\u0131lar\u0131<\/span><\/p>","protected":false},"featured_media":342411,"comment_status":"closed","ping_status":"closed","template":"","meta":{"_eb_attr":"","_crsspst_to_jayantr4sg-hostcom":true},"product_brand":[],"product_cat":[6088,5679,1794,5462,5678,5457,1792,1790,1324,6055,1574],"product_tag":[5910],"class_list":{"0":"post-342410","1":"product","2":"type-product","3":"status-publish","4":"has-post-thumbnail","6":"product_cat-18ct-gold-bracelet","7":"product_cat-18ct-gold-jewellery","8":"product_cat-christmas-gifts","9":"product_cat-diamond-bracelet","10":"product_cat-diamond-bracelets-for-women","11":"product_cat-diamond-jewellery","12":"product_cat-festival-gifts","13":"product_cat-for-whom-when","14":"product_cat-gold-bracelet","15":"product_cat-tennis","16":"product_cat-womens-jewellery","17":"product_tag-real-gold-bracelet","19":"first","20":"outofstock","21":"taxable","22":"shipping-taxable","23":"product-type-simple","24":"add-to-wishlist-before_image"},"yoast_head":"<!-- This site is optimized with the Yoast SEO plugin v27.6 - https:\/\/yoast.com\/product\/yoast-seo-wordpress\/ -->\n<title>18ct Yellow Gold Bracelets With Diamond Stones | Online UK<\/title>\n<meta name=\"description\" content=\"Sparkle and shine with our luxurious 18ct Gold Diamond Tennis Bracelet. The perfect gift for any occasion: 18ct yellow gold diamond bracelets.\" \/>\n<meta name=\"robots\" content=\"index, follow, max-snippet:-1, max-image-preview:large, max-video-preview:-1\" \/>\n<link rel=\"canonical\" href=\"https:\/\/www.purejewels.com\/tr\/urun\/18-ayar-sari-altin-pirlanta-tasli-bayan-bileklik-33744\/\" \/>\n<meta property=\"og:locale\" content=\"tr_TR\" \/>\n<meta property=\"og:type\" content=\"article\" \/>\n<meta property=\"og:title\" content=\"18ct Yellow Gold Bracelets With Diamond Stones | Online UK\" \/>\n<meta property=\"og:description\" content=\"Sparkle and shine with our luxurious 18ct Gold Diamond Tennis Bracelet. The perfect gift for any occasion: 18ct yellow gold diamond bracelets.\" \/>\n<meta property=\"og:url\" content=\"https:\/\/www.purejewels.com\/tr\/urun\/18-ayar-sari-altin-pirlanta-tasli-bayan-bileklik-33744\/\" \/>\n<meta property=\"og:site_name\" content=\"PureJewels UK\" \/>\n<meta property=\"article:modified_time\" content=\"2026-01-06T10:14:57+00:00\" \/>\n<meta property=\"og:image\" content=\"https:\/\/www.purejewels.com\/wp-content\/uploads\/2022\/12\/33744-1.jpg\" \/>\n\t<meta property=\"og:image:width\" content=\"1000\" \/>\n\t<meta property=\"og:image:height\" content=\"1000\" \/>\n\t<meta property=\"og:image:type\" content=\"image\/jpeg\" \/>\n<meta name=\"twitter:card\" content=\"summary_large_image\" \/>\n<meta name=\"twitter:label1\" content=\"Tahmini okuma s\u00fcresi\" \/>\n\t<meta name=\"twitter:data1\" content=\"1 dakika\" \/>\n<script type=\"application\/ld+json\" class=\"yoast-schema-graph\">{\"@context\":\"https:\\\/\\\/schema.org\",\"@graph\":[{\"@type\":[\"WebPage\",\"ItemPage\"],\"@id\":\"https:\\\/\\\/www.purejewels.com\\\/product\\\/18ct-yellowgold-ladies-bracelets-with-diamond-stones-33744\\\/\",\"url\":\"https:\\\/\\\/www.purejewels.com\\\/product\\\/18ct-yellowgold-ladies-bracelets-with-diamond-stones-33744\\\/\",\"name\":\"18ct Yellow Gold Bracelets With Diamond Stones | Online UK\",\"isPartOf\":{\"@id\":\"https:\\\/\\\/www.purejewels.com\\\/#website\"},\"primaryImageOfPage\":{\"@id\":\"https:\\\/\\\/www.purejewels.com\\\/product\\\/18ct-yellowgold-ladies-bracelets-with-diamond-stones-33744\\\/#primaryimage\"},\"image\":{\"@id\":\"https:\\\/\\\/www.purejewels.com\\\/product\\\/18ct-yellowgold-ladies-bracelets-with-diamond-stones-33744\\\/#primaryimage\"},\"thumbnailUrl\":\"https:\\\/\\\/static.purejewels.com\\\/wp-content\\\/uploads\\\/2022\\\/12\\\/33744-1.jpg\",\"datePublished\":\"2024-12-09T10:53:05+00:00\",\"dateModified\":\"2026-01-06T10:14:57+00:00\",\"description\":\"Sparkle and shine with our luxurious 18ct Gold Diamond Tennis Bracelet. The perfect gift for any occasion: 18ct yellow gold diamond bracelets.\",\"breadcrumb\":{\"@id\":\"https:\\\/\\\/www.purejewels.com\\\/product\\\/18ct-yellowgold-ladies-bracelets-with-diamond-stones-33744\\\/#breadcrumb\"},\"inLanguage\":\"tr\",\"potentialAction\":[{\"@type\":\"ReadAction\",\"target\":[\"https:\\\/\\\/www.purejewels.com\\\/product\\\/18ct-yellowgold-ladies-bracelets-with-diamond-stones-33744\\\/\"]}]},{\"@type\":\"ImageObject\",\"inLanguage\":\"tr\",\"@id\":\"https:\\\/\\\/www.purejewels.com\\\/product\\\/18ct-yellowgold-ladies-bracelets-with-diamond-stones-33744\\\/#primaryimage\",\"url\":\"https:\\\/\\\/static.purejewels.com\\\/wp-content\\\/uploads\\\/2022\\\/12\\\/33744-1.jpg\",\"contentUrl\":\"https:\\\/\\\/static.purejewels.com\\\/wp-content\\\/uploads\\\/2022\\\/12\\\/33744-1.jpg\",\"width\":1000,\"height\":1000,\"caption\":\"18ct White Gold Ladies Gold Bracelets With Diamond Stones\"},{\"@type\":\"BreadcrumbList\",\"@id\":\"https:\\\/\\\/www.purejewels.com\\\/product\\\/18ct-yellowgold-ladies-bracelets-with-diamond-stones-33744\\\/#breadcrumb\",\"itemListElement\":[{\"@type\":\"ListItem\",\"position\":1,\"name\":\"Home\",\"item\":\"https:\\\/\\\/www.purejewels.com\\\/\"},{\"@type\":\"ListItem\",\"position\":2,\"name\":\"Shop\",\"item\":\"https:\\\/\\\/www.purejewels.com\\\/shop\\\/\"},{\"@type\":\"ListItem\",\"position\":3,\"name\":\"18ct Yellow Gold Ladies Bracelets With Diamond Stones\"}]},{\"@type\":\"WebSite\",\"@id\":\"https:\\\/\\\/www.purejewels.com\\\/#website\",\"url\":\"https:\\\/\\\/www.purejewels.com\\\/\",\"name\":\"PureJewels UK\",\"description\":\"Share the Love\",\"publisher\":{\"@id\":\"https:\\\/\\\/www.purejewels.com\\\/#organization\"},\"potentialAction\":[{\"@type\":\"SearchAction\",\"target\":{\"@type\":\"EntryPoint\",\"urlTemplate\":\"https:\\\/\\\/www.purejewels.com\\\/?s={search_term_string}\"},\"query-input\":{\"@type\":\"PropertyValueSpecification\",\"valueRequired\":true,\"valueName\":\"search_term_string\"}}],\"inLanguage\":\"tr\"},{\"@type\":\"Organization\",\"@id\":\"https:\\\/\\\/www.purejewels.com\\\/#organization\",\"name\":\"PureJewels UK\",\"url\":\"https:\\\/\\\/www.purejewels.com\\\/\",\"logo\":{\"@type\":\"ImageObject\",\"inLanguage\":\"tr\",\"@id\":\"https:\\\/\\\/www.purejewels.com\\\/#\\\/schema\\\/logo\\\/image\\\/\",\"url\":\"https:\\\/\\\/static.purejewels.com\\\/wp-content\\\/uploads\\\/2020\\\/11\\\/Logo-PJ-New-1.png\",\"contentUrl\":\"https:\\\/\\\/static.purejewels.com\\\/wp-content\\\/uploads\\\/2020\\\/11\\\/Logo-PJ-New-1.png\",\"width\":150,\"height\":80,\"caption\":\"PureJewels UK\"},\"image\":{\"@id\":\"https:\\\/\\\/www.purejewels.com\\\/#\\\/schema\\\/logo\\\/image\\\/\"}}]}<\/script>\n<!-- \/ Yoast SEO plugin. -->","yoast_head_json":{"title":"P\u0131rlanta Ta\u015fl\u0131 18 Ayar Sar\u0131 Alt\u0131n Bilezikler | Online \u0130ngiltere","description":"L\u00fcks 18 Ayar Alt\u0131n P\u0131rlanta Tenis Bilekli\u011fimizle \u0131\u015f\u0131lday\u0131n ve parlay\u0131n. Her durum i\u00e7in m\u00fckemmel hediye: 18 ayar sar\u0131 alt\u0131n p\u0131rlanta bilezikler.","robots":{"index":"index","follow":"follow","max-snippet":"max-snippet:-1","max-image-preview":"max-image-preview:large","max-video-preview":"max-video-preview:-1"},"canonical":"https:\/\/www.purejewels.com\/tr\/urun\/18-ayar-sari-altin-pirlanta-tasli-bayan-bileklik-33744\/","og_locale":"tr_TR","og_type":"article","og_title":"18ct Yellow Gold Bracelets With Diamond Stones | Online UK","og_description":"Sparkle and shine with our luxurious 18ct Gold Diamond Tennis Bracelet. The perfect gift for any occasion: 18ct yellow gold diamond bracelets.","og_url":"https:\/\/www.purejewels.com\/tr\/urun\/18-ayar-sari-altin-pirlanta-tasli-bayan-bileklik-33744\/","og_site_name":"PureJewels UK","article_modified_time":"2026-01-06T10:14:57+00:00","og_image":[{"width":1000,"height":1000,"url":"https:\/\/www.purejewels.com\/wp-content\/uploads\/2022\/12\/33744-1.jpg","type":"image\/jpeg"}],"twitter_card":"summary_large_image","twitter_misc":{"Tahmini okuma s\u00fcresi":"1 dakika"},"schema":{"@context":"https:\/\/schema.org","@graph":[{"@type":["WebPage","ItemPage"],"@id":"https:\/\/www.purejewels.com\/product\/18ct-yellowgold-ladies-bracelets-with-diamond-stones-33744\/","url":"https:\/\/www.purejewels.com\/product\/18ct-yellowgold-ladies-bracelets-with-diamond-stones-33744\/","name":"P\u0131rlanta Ta\u015fl\u0131 18 Ayar Sar\u0131 Alt\u0131n Bilezikler | Online \u0130ngiltere","isPartOf":{"@id":"https:\/\/www.purejewels.com\/#website"},"primaryImageOfPage":{"@id":"https:\/\/www.purejewels.com\/product\/18ct-yellowgold-ladies-bracelets-with-diamond-stones-33744\/#primaryimage"},"image":{"@id":"https:\/\/www.purejewels.com\/product\/18ct-yellowgold-ladies-bracelets-with-diamond-stones-33744\/#primaryimage"},"thumbnailUrl":"https:\/\/static.purejewels.com\/wp-content\/uploads\/2022\/12\/33744-1.jpg","datePublished":"2024-12-09T10:53:05+00:00","dateModified":"2026-01-06T10:14:57+00:00","description":"L\u00fcks 18 Ayar Alt\u0131n P\u0131rlanta Tenis Bilekli\u011fimizle \u0131\u015f\u0131lday\u0131n ve parlay\u0131n. Her durum i\u00e7in m\u00fckemmel hediye: 18 ayar sar\u0131 alt\u0131n p\u0131rlanta bilezikler.","breadcrumb":{"@id":"https:\/\/www.purejewels.com\/product\/18ct-yellowgold-ladies-bracelets-with-diamond-stones-33744\/#breadcrumb"},"inLanguage":"tr","potentialAction":[{"@type":"ReadAction","target":["https:\/\/www.purejewels.com\/product\/18ct-yellowgold-ladies-bracelets-with-diamond-stones-33744\/"]}]},{"@type":"ImageObject","inLanguage":"tr","@id":"https:\/\/www.purejewels.com\/product\/18ct-yellowgold-ladies-bracelets-with-diamond-stones-33744\/#primaryimage","url":"https:\/\/static.purejewels.com\/wp-content\/uploads\/2022\/12\/33744-1.jpg","contentUrl":"https:\/\/static.purejewels.com\/wp-content\/uploads\/2022\/12\/33744-1.jpg","width":1000,"height":1000,"caption":"18ct White Gold Ladies Gold Bracelets With Diamond Stones"},{"@type":"BreadcrumbList","@id":"https:\/\/www.purejewels.com\/product\/18ct-yellowgold-ladies-bracelets-with-diamond-stones-33744\/#breadcrumb","itemListElement":[{"@type":"ListItem","position":1,"name":"Home","item":"https:\/\/www.purejewels.com\/"},{"@type":"ListItem","position":2,"name":"Shop","item":"https:\/\/www.purejewels.com\/shop\/"},{"@type":"ListItem","position":3,"name":"18ct Yellow Gold Ladies Bracelets With Diamond Stones"}]},{"@type":"WebSite","@id":"https:\/\/www.purejewels.com\/#website","url":"https:\/\/www.purejewels.com\/","name":"PureJewels \u0130ngiltere","description":"Sevgiyi Payla\u015f\u0131n","publisher":{"@id":"https:\/\/www.purejewels.com\/#organization"},"potentialAction":[{"@type":"SearchAction","target":{"@type":"EntryPoint","urlTemplate":"https:\/\/www.purejewels.com\/?s={search_term_string}"},"query-input":{"@type":"PropertyValueSpecification","valueRequired":true,"valueName":"search_term_string"}}],"inLanguage":"tr"},{"@type":"Organization","@id":"https:\/\/www.purejewels.com\/#organization","name":"PureJewels \u0130ngiltere","url":"https:\/\/www.purejewels.com\/","logo":{"@type":"ImageObject","inLanguage":"tr","@id":"https:\/\/www.purejewels.com\/#\/schema\/logo\/image\/","url":"https:\/\/static.purejewels.com\/wp-content\/uploads\/2020\/11\/Logo-PJ-New-1.png","contentUrl":"https:\/\/static.purejewels.com\/wp-content\/uploads\/2020\/11\/Logo-PJ-New-1.png","width":150,"height":80,"caption":"PureJewels UK"},"image":{"@id":"https:\/\/www.purejewels.com\/#\/schema\/logo\/image\/"}}]}},"_links":{"self":[{"href":"https:\/\/www.purejewels.com\/tr\/wp-json\/wp\/v2\/product\/342410","targetHints":{"allow":["GET"]}}],"collection":[{"href":"https:\/\/www.purejewels.com\/tr\/wp-json\/wp\/v2\/product"}],"about":[{"href":"https:\/\/www.purejewels.com\/tr\/wp-json\/wp\/v2\/types\/product"}],"replies":[{"embeddable":true,"href":"https:\/\/www.purejewels.com\/tr\/wp-json\/wp\/v2\/comments?post=342410"}],"version-history":[{"count":5,"href":"https:\/\/www.purejewels.com\/tr\/wp-json\/wp\/v2\/product\/342410\/revisions"}],"predecessor-version":[{"id":409067,"href":"https:\/\/www.purejewels.com\/tr\/wp-json\/wp\/v2\/product\/342410\/revisions\/409067"}],"wp:featuredmedia":[{"embeddable":true,"href":"https:\/\/www.purejewels.com\/tr\/wp-json\/wp\/v2\/media\/342411"}],"wp:attachment":[{"href":"https:\/\/www.purejewels.com\/tr\/wp-json\/wp\/v2\/media?parent=342410"}],"wp:term":[{"taxonomy":"product_brand","embeddable":true,"href":"https:\/\/www.purejewels.com\/tr\/wp-json\/wp\/v2\/product_brand?post=342410"},{"taxonomy":"product_cat","embeddable":true,"href":"https:\/\/www.purejewels.com\/tr\/wp-json\/wp\/v2\/product_cat?post=342410"},{"taxonomy":"product_tag","embeddable":true,"href":"https:\/\/www.purejewels.com\/tr\/wp-json\/wp\/v2\/product_tag?post=342410"}],"curies":[{"name":"wp","href":"https:\/\/api.w.org\/{rel}","templated":true}]}}