{"id":342517,"date":"2022-12-29T05:52:55","date_gmt":"2022-12-29T05:52:55","guid":{"rendered":"https:\/\/www.purejewels.com\/?post_type=product&#038;p=342517"},"modified":"2026-04-02T06:22:09","modified_gmt":"2026-04-02T05:22:09","slug":"22-ayar-altin-teenlada-kolye-rozet-koleksiyonu-agir-siklet-43545","status":"publish","type":"product","link":"https:\/\/www.purejewels.com\/tr\/product\/22ct-gold-teenlada-necklace-rosettes-collection-heavyweight-43545\/","title":{"rendered":"22 Ayar Alt\u0131n Teenlada Kolye | Rozet Koleksiyonu"},"content":{"rendered":"<p>Teenlada, kolye ucunda birle\u015fen \u00fc\u00e7 telin stilini ifade eder. Bu \u00fc\u00e7 tel, iki telden de elde edilebilir. Teenlada kolyemiz m\u00fccevher kutunuza zarif bir ektir. Geni\u015f kolye \u00f6zel g\u00fcnler i\u00e7in m\u00fckemmeldir. Tasar\u0131m\u0131n sadeli\u011fi narin Rozet motiflerinde yatmaktad\u0131r.<\/p>\n<p>Bu kolye, kurum i\u00e7i Rozet koleksiyonumuzun bir par\u00e7as\u0131d\u0131r. Koleksiyon, ne kadar b\u00fcy\u00fck veya k\u00fc\u00e7\u00fck olursa olsun her ba\u015far\u0131y\u0131 kutluyor. Hayat\u0131n bir yolculuk oldu\u011funu ve a\u015famalar\u0131 oldu\u011funu hat\u0131rlamak i\u00e7in bir hat\u0131rlatmad\u0131r. Ancak ne olursa olsun, ilerlemeli ve bunu kutlamal\u0131y\u0131z. Kolye, 22 ayar alt\u0131ndan geleneksel kal\u0131p damgalama tekni\u011fi kullan\u0131larak yap\u0131lm\u0131\u015ft\u0131r. Tek ba\u015f\u0131na tak\u0131labilir. G\u00f6r\u00fcn\u00fcm\u00fcn\u00fcz\u00fc tamamlamak i\u00e7in Rosette koleksiyonumuzdan ba\u015fka par\u00e7alar da ekleyebilirsiniz!<\/p>\n<ul>\n<li>SKU 46150<\/li>\n<li><b>Menzil kimli\u011fi:<\/b>\u00a0JWNLRHRS007<\/li>\n<\/ul>","protected":false},"excerpt":{"rendered":"<table class=\"sh_desc\" style=\"width: 100%; height: 308px;\">\n<tbody>\n<tr style=\"height: 28px;\">\n<td style=\"height: 28px; width: 28.1667%;\">Kolye Tipi<\/td>\n<td style=\"height: 28px; width: 71.6667%;\">Teenlada Haar Kolye<\/td>\n<\/tr>\n<tr style=\"height: 28px;\">\n<td style=\"height: 28px; width: 28.1667%;\">SKU<\/td>\n<td style=\"height: 28px; width: 71.6667%;\">46150<\/td>\n<\/tr>\n<tr style=\"height: 28px;\">\n<td style=\"height: 28px; width: 28.1667%;\">A\u011f\u0131rl\u0131k<\/td>\n<td style=\"height: 28px; width: 71.6667%;\">58,6 Gms<\/td>\n<\/tr>\n<tr>\n<td style=\"width: 28.1667%;\">Biti\u015f<\/td>\n<td style=\"width: 71.6667%;\">Antik Mat<\/td>\n<\/tr>\n<tr>\n<td style=\"width: 28.1667%;\">Koleksiyon<\/td>\n<td style=\"width: 71.6667%;\">Rozet Koleksiyonu<\/td>\n<\/tr>\n<tr style=\"height: 28px;\">\n<td style=\"height: 28px; width: 28.1667%;\">Metal<\/td>\n<td style=\"height: 28px; width: 71.6667%;\">22 Ayar Alt\u0131n<\/td>\n<\/tr>\n<tr style=\"height: 28px;\">\n<td style=\"height: 28px; width: 28.1667%;\">Hallmark<\/td>\n<td style=\"height: 28px; width: 71.6667%;\">Londra Tahlil Ofisi Taraf\u0131ndan Damgalanm\u0131\u015f 22 Ayar Alt\u0131n<\/td>\n<\/tr>\n<tr style=\"height: 28px;\">\n<td style=\"height: 28px; width: 28.1667%;\">\u00dccretler<\/td>\n<td style=\"height: 28px; width: 71.6667%;\">Teslimat ve KDV Dahil<\/td>\n<\/tr>\n<tr style=\"height: 28px;\">\n<td style=\"height: 28px; width: 28.1667%;\">Paketleme<\/td>\n<td style=\"height: 28px; width: 71.6667%;\">Sunum Kutusu ile Birlikte Gelir<\/td>\n<\/tr>\n<tr style=\"height: 84px;\">\n<td style=\"height: 84px; width: 28.1667%;\">Daha Fazla Bilgi<\/td>\n<td style=\"height: 84px; width: 71.6667%;\">\n<ul>\n<li>M\u00fcsaitlik durumu ve daha fazla resim i\u00e7in bizimle canl\u0131 sohbet edin<\/li>\n<li>Bizim ke\u015ffedin\u00a0<strong>Kolyeler<\/strong><\/li>\n<\/ul>\n<\/td>\n<\/tr>\n<\/tbody>\n<\/table>","protected":false},"featured_media":342519,"comment_status":"closed","ping_status":"closed","template":"","meta":{"_eb_attr":"","_crsspst_to_jayantr4sg-hostcom":false},"product_brand":[],"product_cat":[236,5701,1792,1790,1229,1253,1777,5338,1656,5275,1573,1574],"product_tag":[],"class_list":{"0":"post-342517","1":"product","2":"type-product","3":"status-publish","4":"has-post-thumbnail","6":"product_cat-collections","7":"product_cat-eid-jewellery","8":"product_cat-festival-gifts","9":"product_cat-for-whom-when","10":"product_cat-22ct-gold-jewellery","11":"product_cat-gold-necklaces","12":"product_cat-long-necklaces","13":"product_cat-shop-by-price","14":"product_cat-rosettes-collections","15":"product_cat-rosettes-necklace","16":"product_cat-wedding-gifts","17":"product_cat-womens-jewellery","19":"first","20":"onbackorder","21":"taxable","22":"shipping-taxable","23":"product-type-simple","24":"add-to-wishlist-before_image"},"yoast_head":"<!-- This site is optimized with the Yoast SEO plugin v27.5 - https:\/\/yoast.com\/product\/yoast-seo-wordpress\/ -->\n<title>22ct Gold Teenlada Necklace | Rosettes Collection | Purejewels UK<\/title>\n<meta name=\"description\" content=\"22ct Gold Teenlada Necklace | Rosettes Collection. Discover Latest Gold Necklace design in London | Certified Gold Jewellery | Free Delivery at UK.\" \/>\n<meta name=\"robots\" content=\"index, follow, max-snippet:-1, max-image-preview:large, max-video-preview:-1\" \/>\n<link rel=\"canonical\" href=\"https:\/\/www.purejewels.com\/tr\/urun\/22-ayar-altin-teenlada-kolye-rozet-koleksiyonu-agir-siklet-43545\/\" \/>\n<meta property=\"og:locale\" content=\"tr_TR\" \/>\n<meta property=\"og:type\" content=\"article\" \/>\n<meta property=\"og:title\" content=\"22ct Gold Teenlada Necklace | Rosettes Collection | Purejewels UK\" \/>\n<meta property=\"og:description\" content=\"22ct Gold Teenlada Necklace | Rosettes Collection. Discover Latest Gold Necklace design in London | Certified Gold Jewellery | Free Delivery at UK.\" \/>\n<meta property=\"og:url\" content=\"https:\/\/www.purejewels.com\/tr\/urun\/22-ayar-altin-teenlada-kolye-rozet-koleksiyonu-agir-siklet-43545\/\" \/>\n<meta property=\"og:site_name\" content=\"PureJewels UK\" \/>\n<meta property=\"article:modified_time\" content=\"2026-04-02T05:22:09+00:00\" \/>\n<meta property=\"og:image\" content=\"https:\/\/static.purejewels.com\/wp-content\/uploads\/2022\/12\/2022-12-06-15-20-44-BR8S4.jpg\" \/>\n\t<meta property=\"og:image:width\" content=\"1000\" \/>\n\t<meta property=\"og:image:height\" content=\"1000\" \/>\n\t<meta property=\"og:image:type\" content=\"image\/jpeg\" \/>\n<meta name=\"twitter:card\" content=\"summary_large_image\" \/>\n<meta name=\"twitter:label1\" content=\"Tahmini okuma s\u00fcresi\" \/>\n\t<meta name=\"twitter:data1\" content=\"1 dakika\" \/>\n<script type=\"application\/ld+json\" class=\"yoast-schema-graph\">{\"@context\":\"https:\\\/\\\/schema.org\",\"@graph\":[{\"@type\":[\"WebPage\",\"ItemPage\"],\"@id\":\"https:\\\/\\\/www.purejewels.com\\\/product\\\/22ct-gold-teenlada-necklace-rosettes-collection-heavyweight-43545\\\/\",\"url\":\"https:\\\/\\\/www.purejewels.com\\\/product\\\/22ct-gold-teenlada-necklace-rosettes-collection-heavyweight-43545\\\/\",\"name\":\"22ct Gold Teenlada Necklace | Rosettes Collection | Purejewels UK\",\"isPartOf\":{\"@id\":\"https:\\\/\\\/www.purejewels.com\\\/#website\"},\"primaryImageOfPage\":{\"@id\":\"https:\\\/\\\/www.purejewels.com\\\/product\\\/22ct-gold-teenlada-necklace-rosettes-collection-heavyweight-43545\\\/#primaryimage\"},\"image\":{\"@id\":\"https:\\\/\\\/www.purejewels.com\\\/product\\\/22ct-gold-teenlada-necklace-rosettes-collection-heavyweight-43545\\\/#primaryimage\"},\"thumbnailUrl\":\"https:\\\/\\\/static.purejewels.com\\\/wp-content\\\/uploads\\\/2022\\\/12\\\/2022-12-06-15-20-44-BR8S4.jpg\",\"datePublished\":\"2022-12-29T05:52:55+00:00\",\"dateModified\":\"2026-04-02T05:22:09+00:00\",\"description\":\"22ct Gold Teenlada Necklace | Rosettes Collection. Discover Latest Gold Necklace design in London | Certified Gold Jewellery | Free Delivery at UK.\",\"breadcrumb\":{\"@id\":\"https:\\\/\\\/www.purejewels.com\\\/product\\\/22ct-gold-teenlada-necklace-rosettes-collection-heavyweight-43545\\\/#breadcrumb\"},\"inLanguage\":\"tr\",\"potentialAction\":[{\"@type\":\"ReadAction\",\"target\":[\"https:\\\/\\\/www.purejewels.com\\\/product\\\/22ct-gold-teenlada-necklace-rosettes-collection-heavyweight-43545\\\/\"]}]},{\"@type\":\"ImageObject\",\"inLanguage\":\"tr\",\"@id\":\"https:\\\/\\\/www.purejewels.com\\\/product\\\/22ct-gold-teenlada-necklace-rosettes-collection-heavyweight-43545\\\/#primaryimage\",\"url\":\"https:\\\/\\\/static.purejewels.com\\\/wp-content\\\/uploads\\\/2022\\\/12\\\/2022-12-06-15-20-44-BR8S4.jpg\",\"contentUrl\":\"https:\\\/\\\/static.purejewels.com\\\/wp-content\\\/uploads\\\/2022\\\/12\\\/2022-12-06-15-20-44-BR8S4.jpg\",\"width\":1000,\"height\":1000,\"caption\":\"22ct Gold Teenlada Necklace | Rosettes Collection | Heavyweight\"},{\"@type\":\"BreadcrumbList\",\"@id\":\"https:\\\/\\\/www.purejewels.com\\\/product\\\/22ct-gold-teenlada-necklace-rosettes-collection-heavyweight-43545\\\/#breadcrumb\",\"itemListElement\":[{\"@type\":\"ListItem\",\"position\":1,\"name\":\"Home\",\"item\":\"https:\\\/\\\/www.purejewels.com\\\/\"},{\"@type\":\"ListItem\",\"position\":2,\"name\":\"Shop\",\"item\":\"https:\\\/\\\/www.purejewels.com\\\/shop\\\/\"},{\"@type\":\"ListItem\",\"position\":3,\"name\":\"22ct Gold Teenlada Necklace | Rosettes Collection\"}]},{\"@type\":\"WebSite\",\"@id\":\"https:\\\/\\\/www.purejewels.com\\\/#website\",\"url\":\"https:\\\/\\\/www.purejewels.com\\\/\",\"name\":\"PureJewels UK\",\"description\":\"Share the Love\",\"publisher\":{\"@id\":\"https:\\\/\\\/www.purejewels.com\\\/#organization\"},\"potentialAction\":[{\"@type\":\"SearchAction\",\"target\":{\"@type\":\"EntryPoint\",\"urlTemplate\":\"https:\\\/\\\/www.purejewels.com\\\/?s={search_term_string}\"},\"query-input\":{\"@type\":\"PropertyValueSpecification\",\"valueRequired\":true,\"valueName\":\"search_term_string\"}}],\"inLanguage\":\"tr\"},{\"@type\":\"Organization\",\"@id\":\"https:\\\/\\\/www.purejewels.com\\\/#organization\",\"name\":\"PureJewels UK\",\"url\":\"https:\\\/\\\/www.purejewels.com\\\/\",\"logo\":{\"@type\":\"ImageObject\",\"inLanguage\":\"tr\",\"@id\":\"https:\\\/\\\/www.purejewels.com\\\/#\\\/schema\\\/logo\\\/image\\\/\",\"url\":\"https:\\\/\\\/static.purejewels.com\\\/wp-content\\\/uploads\\\/2020\\\/11\\\/Logo-PJ-New-1.png\",\"contentUrl\":\"https:\\\/\\\/static.purejewels.com\\\/wp-content\\\/uploads\\\/2020\\\/11\\\/Logo-PJ-New-1.png\",\"width\":150,\"height\":80,\"caption\":\"PureJewels UK\"},\"image\":{\"@id\":\"https:\\\/\\\/www.purejewels.com\\\/#\\\/schema\\\/logo\\\/image\\\/\"}}]}<\/script>\n<!-- \/ Yoast SEO plugin. -->","yoast_head_json":{"title":"22 Ayar Alt\u0131n Teenlada Kolye | Rozet Koleksiyonu | Purejewels UK","description":"22 Ayar Alt\u0131n Teenlada Kolye | Rozet Koleksiyonu. Londra'daki En Yeni Alt\u0131n Kolye tasar\u0131m\u0131n\u0131 ke\u015ffedin | Sertifikal\u0131 Alt\u0131n Tak\u0131lar | \u0130ngiltere'de \u00dccretsiz Teslimat.","robots":{"index":"index","follow":"follow","max-snippet":"max-snippet:-1","max-image-preview":"max-image-preview:large","max-video-preview":"max-video-preview:-1"},"canonical":"https:\/\/www.purejewels.com\/tr\/urun\/22-ayar-altin-teenlada-kolye-rozet-koleksiyonu-agir-siklet-43545\/","og_locale":"tr_TR","og_type":"article","og_title":"22ct Gold Teenlada Necklace | Rosettes Collection | Purejewels UK","og_description":"22ct Gold Teenlada Necklace | Rosettes Collection. Discover Latest Gold Necklace design in London | Certified Gold Jewellery | Free Delivery at UK.","og_url":"https:\/\/www.purejewels.com\/tr\/urun\/22-ayar-altin-teenlada-kolye-rozet-koleksiyonu-agir-siklet-43545\/","og_site_name":"PureJewels UK","article_modified_time":"2026-04-02T05:22:09+00:00","og_image":[{"width":1000,"height":1000,"url":"https:\/\/static.purejewels.com\/wp-content\/uploads\/2022\/12\/2022-12-06-15-20-44-BR8S4.jpg","type":"image\/jpeg"}],"twitter_card":"summary_large_image","twitter_misc":{"Tahmini okuma s\u00fcresi":"1 dakika"},"schema":{"@context":"https:\/\/schema.org","@graph":[{"@type":["WebPage","ItemPage"],"@id":"https:\/\/www.purejewels.com\/product\/22ct-gold-teenlada-necklace-rosettes-collection-heavyweight-43545\/","url":"https:\/\/www.purejewels.com\/product\/22ct-gold-teenlada-necklace-rosettes-collection-heavyweight-43545\/","name":"22 Ayar Alt\u0131n Teenlada Kolye | Rozet Koleksiyonu | Purejewels UK","isPartOf":{"@id":"https:\/\/www.purejewels.com\/#website"},"primaryImageOfPage":{"@id":"https:\/\/www.purejewels.com\/product\/22ct-gold-teenlada-necklace-rosettes-collection-heavyweight-43545\/#primaryimage"},"image":{"@id":"https:\/\/www.purejewels.com\/product\/22ct-gold-teenlada-necklace-rosettes-collection-heavyweight-43545\/#primaryimage"},"thumbnailUrl":"https:\/\/static.purejewels.com\/wp-content\/uploads\/2022\/12\/2022-12-06-15-20-44-BR8S4.jpg","datePublished":"2022-12-29T05:52:55+00:00","dateModified":"2026-04-02T05:22:09+00:00","description":"22 Ayar Alt\u0131n Teenlada Kolye | Rozet Koleksiyonu. Londra'daki En Yeni Alt\u0131n Kolye tasar\u0131m\u0131n\u0131 ke\u015ffedin | Sertifikal\u0131 Alt\u0131n Tak\u0131lar | \u0130ngiltere'de \u00dccretsiz Teslimat.","breadcrumb":{"@id":"https:\/\/www.purejewels.com\/product\/22ct-gold-teenlada-necklace-rosettes-collection-heavyweight-43545\/#breadcrumb"},"inLanguage":"tr","potentialAction":[{"@type":"ReadAction","target":["https:\/\/www.purejewels.com\/product\/22ct-gold-teenlada-necklace-rosettes-collection-heavyweight-43545\/"]}]},{"@type":"ImageObject","inLanguage":"tr","@id":"https:\/\/www.purejewels.com\/product\/22ct-gold-teenlada-necklace-rosettes-collection-heavyweight-43545\/#primaryimage","url":"https:\/\/static.purejewels.com\/wp-content\/uploads\/2022\/12\/2022-12-06-15-20-44-BR8S4.jpg","contentUrl":"https:\/\/static.purejewels.com\/wp-content\/uploads\/2022\/12\/2022-12-06-15-20-44-BR8S4.jpg","width":1000,"height":1000,"caption":"22ct Gold Teenlada Necklace | Rosettes Collection | Heavyweight"},{"@type":"BreadcrumbList","@id":"https:\/\/www.purejewels.com\/product\/22ct-gold-teenlada-necklace-rosettes-collection-heavyweight-43545\/#breadcrumb","itemListElement":[{"@type":"ListItem","position":1,"name":"Home","item":"https:\/\/www.purejewels.com\/"},{"@type":"ListItem","position":2,"name":"Shop","item":"https:\/\/www.purejewels.com\/shop\/"},{"@type":"ListItem","position":3,"name":"22ct Gold Teenlada Necklace | Rosettes Collection"}]},{"@type":"WebSite","@id":"https:\/\/www.purejewels.com\/#website","url":"https:\/\/www.purejewels.com\/","name":"PureJewels \u0130ngiltere","description":"Sevgiyi Payla\u015f\u0131n","publisher":{"@id":"https:\/\/www.purejewels.com\/#organization"},"potentialAction":[{"@type":"SearchAction","target":{"@type":"EntryPoint","urlTemplate":"https:\/\/www.purejewels.com\/?s={search_term_string}"},"query-input":{"@type":"PropertyValueSpecification","valueRequired":true,"valueName":"search_term_string"}}],"inLanguage":"tr"},{"@type":"Organization","@id":"https:\/\/www.purejewels.com\/#organization","name":"PureJewels \u0130ngiltere","url":"https:\/\/www.purejewels.com\/","logo":{"@type":"ImageObject","inLanguage":"tr","@id":"https:\/\/www.purejewels.com\/#\/schema\/logo\/image\/","url":"https:\/\/static.purejewels.com\/wp-content\/uploads\/2020\/11\/Logo-PJ-New-1.png","contentUrl":"https:\/\/static.purejewels.com\/wp-content\/uploads\/2020\/11\/Logo-PJ-New-1.png","width":150,"height":80,"caption":"PureJewels UK"},"image":{"@id":"https:\/\/www.purejewels.com\/#\/schema\/logo\/image\/"}}]}},"_links":{"self":[{"href":"https:\/\/www.purejewels.com\/tr\/wp-json\/wp\/v2\/product\/342517","targetHints":{"allow":["GET"]}}],"collection":[{"href":"https:\/\/www.purejewels.com\/tr\/wp-json\/wp\/v2\/product"}],"about":[{"href":"https:\/\/www.purejewels.com\/tr\/wp-json\/wp\/v2\/types\/product"}],"replies":[{"embeddable":true,"href":"https:\/\/www.purejewels.com\/tr\/wp-json\/wp\/v2\/comments?post=342517"}],"version-history":[{"count":3,"href":"https:\/\/www.purejewels.com\/tr\/wp-json\/wp\/v2\/product\/342517\/revisions"}],"predecessor-version":[{"id":366054,"href":"https:\/\/www.purejewels.com\/tr\/wp-json\/wp\/v2\/product\/342517\/revisions\/366054"}],"wp:featuredmedia":[{"embeddable":true,"href":"https:\/\/www.purejewels.com\/tr\/wp-json\/wp\/v2\/media\/342519"}],"wp:attachment":[{"href":"https:\/\/www.purejewels.com\/tr\/wp-json\/wp\/v2\/media?parent=342517"}],"wp:term":[{"taxonomy":"product_brand","embeddable":true,"href":"https:\/\/www.purejewels.com\/tr\/wp-json\/wp\/v2\/product_brand?post=342517"},{"taxonomy":"product_cat","embeddable":true,"href":"https:\/\/www.purejewels.com\/tr\/wp-json\/wp\/v2\/product_cat?post=342517"},{"taxonomy":"product_tag","embeddable":true,"href":"https:\/\/www.purejewels.com\/tr\/wp-json\/wp\/v2\/product_tag?post=342517"}],"curies":[{"name":"wp","href":"https:\/\/api.w.org\/{rel}","templated":true}]}}