{"id":342522,"date":"2022-12-29T06:14:31","date_gmt":"2022-12-29T06:14:31","guid":{"rendered":"https:\/\/www.purejewels.com\/?post_type=product&#038;p=342522"},"modified":"2025-02-03T06:08:48","modified_gmt":"2025-02-03T06:08:48","slug":"22-ayar-altin-antika-kolye-asma-koleksiyonu-agir-siklet-42608","status":"publish","type":"product","link":"https:\/\/www.purejewels.com\/tr\/product\/22ct-gold-antique-necklace-vine-collection-heavyweight-42608\/","title":{"rendered":"22 Ayar Alt\u0131n Antik Rani Haar | Asma Koleksiyonu"},"content":{"rendered":"<ul>\n<li>SKU 42608<\/li>\n<li>A\u011f\u0131rl\u0131k 73,5 Gms<\/li>\n<\/ul>","protected":false},"excerpt":{"rendered":"<table class=\"sh_desc\" style=\"width: 100%; height: 308px;\">\n<tbody>\n<tr style=\"height: 28px;\">\n<td style=\"height: 28px; width: 28.1667%;\">Kolye Tipi<\/td>\n<td style=\"height: 28px; width: 71.6667%;\">Uzun Kolye<\/td>\n<\/tr>\n<tr style=\"height: 28px;\">\n<td style=\"height: 28px; width: 28.1667%;\">SKU<\/td>\n<td style=\"height: 28px; width: 71.6667%;\">42608<\/td>\n<\/tr>\n<tr style=\"height: 28px;\">\n<td style=\"height: 28px; width: 28.1667%;\">A\u011f\u0131rl\u0131k<\/td>\n<td style=\"height: 28px; width: 71.6667%;\">73,5 Gms<\/td>\n<\/tr>\n<tr>\n<td style=\"width: 28.1667%;\">Biti\u015f<\/td>\n<td style=\"width: 71.6667%;\">Antika<\/td>\n<\/tr>\n<tr>\n<td style=\"width: 28.1667%;\">Koleksiyon<\/td>\n<td style=\"width: 71.6667%;\">Vine Koleksiyonu<\/td>\n<\/tr>\n<tr style=\"height: 28px;\">\n<td style=\"height: 28px; width: 28.1667%;\">Metal<\/td>\n<td style=\"height: 28px; width: 71.6667%;\">22 Ayar Alt\u0131n<\/td>\n<\/tr>\n<tr style=\"height: 28px;\">\n<td style=\"height: 28px; width: 28.1667%;\">Hallmark<\/td>\n<td style=\"height: 28px; width: 71.6667%;\">Londra Tahlil Ofisi Taraf\u0131ndan Damgalanm\u0131\u015f 22 Ayar Alt\u0131n<\/td>\n<\/tr>\n<tr style=\"height: 28px;\">\n<td style=\"height: 28px; width: 28.1667%;\">\u00dccretler<\/td>\n<td style=\"height: 28px; width: 71.6667%;\">Teslimat ve KDV Dahil<\/td>\n<\/tr>\n<tr style=\"height: 28px;\">\n<td style=\"height: 28px; width: 28.1667%;\">Paketleme<\/td>\n<td style=\"height: 28px; width: 71.6667%;\">Sunum Kutusu ile Birlikte Gelir<\/td>\n<\/tr>\n<tr style=\"height: 84px;\">\n<td style=\"height: 84px; width: 28.1667%;\">Daha Fazla Bilgi<\/td>\n<td style=\"height: 84px; width: 71.6667%;\">M\u00fcsaitlik durumu ve daha fazla resim i\u00e7in bizimle canl\u0131 sohbet edin<\/td>\n<\/tr>\n<\/tbody>\n<\/table>","protected":false},"featured_media":342524,"comment_status":"closed","ping_status":"closed","template":"","meta":{"_eb_attr":"","_crsspst_to_jayantr4sg-hostcom":false},"product_brand":[],"product_cat":[1780,236,1792,1790,1253,1777,5338,5429,1573,1574],"product_tag":[],"class_list":{"0":"post-342522","1":"product","2":"type-product","3":"status-publish","4":"has-post-thumbnail","6":"product_cat-antique-style-necklaces","7":"product_cat-collections","8":"product_cat-festival-gifts","9":"product_cat-for-whom-when","10":"product_cat-gold-necklaces","11":"product_cat-long-necklaces","12":"product_cat-shop-by-price","13":"product_cat-vine-collection","14":"product_cat-wedding-gifts","15":"product_cat-womens-jewellery","17":"first","18":"outofstock","19":"taxable","20":"shipping-taxable","21":"product-type-simple","22":"add-to-wishlist-before_image"},"yoast_head":"<!-- This site is optimized with the Yoast SEO plugin v27.6 - https:\/\/yoast.com\/product\/yoast-seo-wordpress\/ -->\n<title>22ct Gold Antique Necklace | Vine Collection | Purejewels UK<\/title>\n<meta name=\"description\" content=\"22ct Gold Antique Necklace | Vine Collection for bridal. Discover Latest Gold Long Necklace design in London | Free Delivery at UK.\" \/>\n<meta name=\"robots\" content=\"index, follow, max-snippet:-1, max-image-preview:large, max-video-preview:-1\" \/>\n<link rel=\"canonical\" href=\"https:\/\/www.purejewels.com\/tr\/urun\/22-ayar-altin-antika-kolye-asma-koleksiyonu-agir-siklet-42608\/\" \/>\n<meta property=\"og:locale\" content=\"tr_TR\" \/>\n<meta property=\"og:type\" content=\"article\" \/>\n<meta property=\"og:title\" content=\"22ct Gold Antique Necklace | Vine Collection | Purejewels UK\" \/>\n<meta property=\"og:description\" content=\"22ct Gold Antique Necklace | Vine Collection for bridal. Discover Latest Gold Long Necklace design in London | Free Delivery at UK.\" \/>\n<meta property=\"og:url\" content=\"https:\/\/www.purejewels.com\/tr\/urun\/22-ayar-altin-antika-kolye-asma-koleksiyonu-agir-siklet-42608\/\" \/>\n<meta property=\"og:site_name\" content=\"PureJewels UK\" \/>\n<meta property=\"article:modified_time\" content=\"2025-02-03T06:08:48+00:00\" \/>\n<meta property=\"og:image\" content=\"https:\/\/www.purejewels.com\/wp-content\/uploads\/2022\/12\/2022-12-06-15-27-31-BR8S4.jpg\" \/>\n\t<meta property=\"og:image:width\" content=\"1000\" \/>\n\t<meta property=\"og:image:height\" content=\"1000\" \/>\n\t<meta property=\"og:image:type\" content=\"image\/jpeg\" \/>\n<meta name=\"twitter:card\" content=\"summary_large_image\" \/>\n<meta name=\"twitter:label1\" content=\"Tahmini okuma s\u00fcresi\" \/>\n\t<meta name=\"twitter:data1\" content=\"1 dakika\" \/>\n<script type=\"application\/ld+json\" class=\"yoast-schema-graph\">{\"@context\":\"https:\\\/\\\/schema.org\",\"@graph\":[{\"@type\":[\"WebPage\",\"ItemPage\"],\"@id\":\"https:\\\/\\\/www.purejewels.com\\\/product\\\/22ct-gold-antique-necklace-vine-collection-heavyweight-42608\\\/\",\"url\":\"https:\\\/\\\/www.purejewels.com\\\/product\\\/22ct-gold-antique-necklace-vine-collection-heavyweight-42608\\\/\",\"name\":\"22ct Gold Antique Necklace | Vine Collection | Purejewels UK\",\"isPartOf\":{\"@id\":\"https:\\\/\\\/www.purejewels.com\\\/#website\"},\"primaryImageOfPage\":{\"@id\":\"https:\\\/\\\/www.purejewels.com\\\/product\\\/22ct-gold-antique-necklace-vine-collection-heavyweight-42608\\\/#primaryimage\"},\"image\":{\"@id\":\"https:\\\/\\\/www.purejewels.com\\\/product\\\/22ct-gold-antique-necklace-vine-collection-heavyweight-42608\\\/#primaryimage\"},\"thumbnailUrl\":\"https:\\\/\\\/static.purejewels.com\\\/wp-content\\\/uploads\\\/2022\\\/12\\\/2022-12-06-15-27-31-BR8S4.jpg\",\"datePublished\":\"2022-12-29T06:14:31+00:00\",\"dateModified\":\"2025-02-03T06:08:48+00:00\",\"description\":\"22ct Gold Antique Necklace | Vine Collection for bridal. Discover Latest Gold Long Necklace design in London | Free Delivery at UK.\",\"breadcrumb\":{\"@id\":\"https:\\\/\\\/www.purejewels.com\\\/product\\\/22ct-gold-antique-necklace-vine-collection-heavyweight-42608\\\/#breadcrumb\"},\"inLanguage\":\"tr\",\"potentialAction\":[{\"@type\":\"ReadAction\",\"target\":[\"https:\\\/\\\/www.purejewels.com\\\/product\\\/22ct-gold-antique-necklace-vine-collection-heavyweight-42608\\\/\"]}]},{\"@type\":\"ImageObject\",\"inLanguage\":\"tr\",\"@id\":\"https:\\\/\\\/www.purejewels.com\\\/product\\\/22ct-gold-antique-necklace-vine-collection-heavyweight-42608\\\/#primaryimage\",\"url\":\"https:\\\/\\\/static.purejewels.com\\\/wp-content\\\/uploads\\\/2022\\\/12\\\/2022-12-06-15-27-31-BR8S4.jpg\",\"contentUrl\":\"https:\\\/\\\/static.purejewels.com\\\/wp-content\\\/uploads\\\/2022\\\/12\\\/2022-12-06-15-27-31-BR8S4.jpg\",\"width\":1000,\"height\":1000,\"caption\":\"22ct Gold Antique Necklace | Vine Collection | Heavyweight\"},{\"@type\":\"BreadcrumbList\",\"@id\":\"https:\\\/\\\/www.purejewels.com\\\/product\\\/22ct-gold-antique-necklace-vine-collection-heavyweight-42608\\\/#breadcrumb\",\"itemListElement\":[{\"@type\":\"ListItem\",\"position\":1,\"name\":\"Home\",\"item\":\"https:\\\/\\\/www.purejewels.com\\\/\"},{\"@type\":\"ListItem\",\"position\":2,\"name\":\"Shop\",\"item\":\"https:\\\/\\\/www.purejewels.com\\\/shop\\\/\"},{\"@type\":\"ListItem\",\"position\":3,\"name\":\"22ct Gold Antique Rani Haar | Vine Collection\"}]},{\"@type\":\"WebSite\",\"@id\":\"https:\\\/\\\/www.purejewels.com\\\/#website\",\"url\":\"https:\\\/\\\/www.purejewels.com\\\/\",\"name\":\"PureJewels UK\",\"description\":\"Share the Love\",\"publisher\":{\"@id\":\"https:\\\/\\\/www.purejewels.com\\\/#organization\"},\"potentialAction\":[{\"@type\":\"SearchAction\",\"target\":{\"@type\":\"EntryPoint\",\"urlTemplate\":\"https:\\\/\\\/www.purejewels.com\\\/?s={search_term_string}\"},\"query-input\":{\"@type\":\"PropertyValueSpecification\",\"valueRequired\":true,\"valueName\":\"search_term_string\"}}],\"inLanguage\":\"tr\"},{\"@type\":\"Organization\",\"@id\":\"https:\\\/\\\/www.purejewels.com\\\/#organization\",\"name\":\"PureJewels UK\",\"url\":\"https:\\\/\\\/www.purejewels.com\\\/\",\"logo\":{\"@type\":\"ImageObject\",\"inLanguage\":\"tr\",\"@id\":\"https:\\\/\\\/www.purejewels.com\\\/#\\\/schema\\\/logo\\\/image\\\/\",\"url\":\"https:\\\/\\\/static.purejewels.com\\\/wp-content\\\/uploads\\\/2020\\\/11\\\/Logo-PJ-New-1.png\",\"contentUrl\":\"https:\\\/\\\/static.purejewels.com\\\/wp-content\\\/uploads\\\/2020\\\/11\\\/Logo-PJ-New-1.png\",\"width\":150,\"height\":80,\"caption\":\"PureJewels UK\"},\"image\":{\"@id\":\"https:\\\/\\\/www.purejewels.com\\\/#\\\/schema\\\/logo\\\/image\\\/\"}}]}<\/script>\n<!-- \/ Yoast SEO plugin. -->","yoast_head_json":{"title":"22 Ayar Alt\u0131n Antik Kolye | Vine Koleksiyonu | Purejewels UK","description":"22 Ayar Alt\u0131n Antik Kolye | Gelin i\u00e7in Asma Koleksiyonu. Londra'daki En Yeni Alt\u0131n Uzun Kolye tasar\u0131m\u0131n\u0131 ke\u015ffedin | \u0130ngiltere'de \u00dccretsiz Teslimat.","robots":{"index":"index","follow":"follow","max-snippet":"max-snippet:-1","max-image-preview":"max-image-preview:large","max-video-preview":"max-video-preview:-1"},"canonical":"https:\/\/www.purejewels.com\/tr\/urun\/22-ayar-altin-antika-kolye-asma-koleksiyonu-agir-siklet-42608\/","og_locale":"tr_TR","og_type":"article","og_title":"22ct Gold Antique Necklace | Vine Collection | Purejewels UK","og_description":"22ct Gold Antique Necklace | Vine Collection for bridal. Discover Latest Gold Long Necklace design in London | Free Delivery at UK.","og_url":"https:\/\/www.purejewels.com\/tr\/urun\/22-ayar-altin-antika-kolye-asma-koleksiyonu-agir-siklet-42608\/","og_site_name":"PureJewels UK","article_modified_time":"2025-02-03T06:08:48+00:00","og_image":[{"width":1000,"height":1000,"url":"https:\/\/www.purejewels.com\/wp-content\/uploads\/2022\/12\/2022-12-06-15-27-31-BR8S4.jpg","type":"image\/jpeg"}],"twitter_card":"summary_large_image","twitter_misc":{"Tahmini okuma s\u00fcresi":"1 dakika"},"schema":{"@context":"https:\/\/schema.org","@graph":[{"@type":["WebPage","ItemPage"],"@id":"https:\/\/www.purejewels.com\/product\/22ct-gold-antique-necklace-vine-collection-heavyweight-42608\/","url":"https:\/\/www.purejewels.com\/product\/22ct-gold-antique-necklace-vine-collection-heavyweight-42608\/","name":"22 Ayar Alt\u0131n Antik Kolye | Vine Koleksiyonu | Purejewels UK","isPartOf":{"@id":"https:\/\/www.purejewels.com\/#website"},"primaryImageOfPage":{"@id":"https:\/\/www.purejewels.com\/product\/22ct-gold-antique-necklace-vine-collection-heavyweight-42608\/#primaryimage"},"image":{"@id":"https:\/\/www.purejewels.com\/product\/22ct-gold-antique-necklace-vine-collection-heavyweight-42608\/#primaryimage"},"thumbnailUrl":"https:\/\/static.purejewels.com\/wp-content\/uploads\/2022\/12\/2022-12-06-15-27-31-BR8S4.jpg","datePublished":"2022-12-29T06:14:31+00:00","dateModified":"2025-02-03T06:08:48+00:00","description":"22 Ayar Alt\u0131n Antik Kolye | Gelin i\u00e7in Asma Koleksiyonu. Londra'daki En Yeni Alt\u0131n Uzun Kolye tasar\u0131m\u0131n\u0131 ke\u015ffedin | \u0130ngiltere'de \u00dccretsiz Teslimat.","breadcrumb":{"@id":"https:\/\/www.purejewels.com\/product\/22ct-gold-antique-necklace-vine-collection-heavyweight-42608\/#breadcrumb"},"inLanguage":"tr","potentialAction":[{"@type":"ReadAction","target":["https:\/\/www.purejewels.com\/product\/22ct-gold-antique-necklace-vine-collection-heavyweight-42608\/"]}]},{"@type":"ImageObject","inLanguage":"tr","@id":"https:\/\/www.purejewels.com\/product\/22ct-gold-antique-necklace-vine-collection-heavyweight-42608\/#primaryimage","url":"https:\/\/static.purejewels.com\/wp-content\/uploads\/2022\/12\/2022-12-06-15-27-31-BR8S4.jpg","contentUrl":"https:\/\/static.purejewels.com\/wp-content\/uploads\/2022\/12\/2022-12-06-15-27-31-BR8S4.jpg","width":1000,"height":1000,"caption":"22ct Gold Antique Necklace | Vine Collection | Heavyweight"},{"@type":"BreadcrumbList","@id":"https:\/\/www.purejewels.com\/product\/22ct-gold-antique-necklace-vine-collection-heavyweight-42608\/#breadcrumb","itemListElement":[{"@type":"ListItem","position":1,"name":"Home","item":"https:\/\/www.purejewels.com\/"},{"@type":"ListItem","position":2,"name":"Shop","item":"https:\/\/www.purejewels.com\/shop\/"},{"@type":"ListItem","position":3,"name":"22ct Gold Antique Rani Haar | Vine Collection"}]},{"@type":"WebSite","@id":"https:\/\/www.purejewels.com\/#website","url":"https:\/\/www.purejewels.com\/","name":"PureJewels \u0130ngiltere","description":"Sevgiyi Payla\u015f\u0131n","publisher":{"@id":"https:\/\/www.purejewels.com\/#organization"},"potentialAction":[{"@type":"SearchAction","target":{"@type":"EntryPoint","urlTemplate":"https:\/\/www.purejewels.com\/?s={search_term_string}"},"query-input":{"@type":"PropertyValueSpecification","valueRequired":true,"valueName":"search_term_string"}}],"inLanguage":"tr"},{"@type":"Organization","@id":"https:\/\/www.purejewels.com\/#organization","name":"PureJewels \u0130ngiltere","url":"https:\/\/www.purejewels.com\/","logo":{"@type":"ImageObject","inLanguage":"tr","@id":"https:\/\/www.purejewels.com\/#\/schema\/logo\/image\/","url":"https:\/\/static.purejewels.com\/wp-content\/uploads\/2020\/11\/Logo-PJ-New-1.png","contentUrl":"https:\/\/static.purejewels.com\/wp-content\/uploads\/2020\/11\/Logo-PJ-New-1.png","width":150,"height":80,"caption":"PureJewels UK"},"image":{"@id":"https:\/\/www.purejewels.com\/#\/schema\/logo\/image\/"}}]}},"_links":{"self":[{"href":"https:\/\/www.purejewels.com\/tr\/wp-json\/wp\/v2\/product\/342522","targetHints":{"allow":["GET"]}}],"collection":[{"href":"https:\/\/www.purejewels.com\/tr\/wp-json\/wp\/v2\/product"}],"about":[{"href":"https:\/\/www.purejewels.com\/tr\/wp-json\/wp\/v2\/types\/product"}],"replies":[{"embeddable":true,"href":"https:\/\/www.purejewels.com\/tr\/wp-json\/wp\/v2\/comments?post=342522"}],"version-history":[{"count":1,"href":"https:\/\/www.purejewels.com\/tr\/wp-json\/wp\/v2\/product\/342522\/revisions"}],"predecessor-version":[{"id":386616,"href":"https:\/\/www.purejewels.com\/tr\/wp-json\/wp\/v2\/product\/342522\/revisions\/386616"}],"wp:featuredmedia":[{"embeddable":true,"href":"https:\/\/www.purejewels.com\/tr\/wp-json\/wp\/v2\/media\/342524"}],"wp:attachment":[{"href":"https:\/\/www.purejewels.com\/tr\/wp-json\/wp\/v2\/media?parent=342522"}],"wp:term":[{"taxonomy":"product_brand","embeddable":true,"href":"https:\/\/www.purejewels.com\/tr\/wp-json\/wp\/v2\/product_brand?post=342522"},{"taxonomy":"product_cat","embeddable":true,"href":"https:\/\/www.purejewels.com\/tr\/wp-json\/wp\/v2\/product_cat?post=342522"},{"taxonomy":"product_tag","embeddable":true,"href":"https:\/\/www.purejewels.com\/tr\/wp-json\/wp\/v2\/product_tag?post=342522"}],"curies":[{"name":"wp","href":"https:\/\/api.w.org\/{rel}","templated":true}]}}