{"id":342545,"date":"2022-12-29T08:53:02","date_gmt":"2022-12-29T08:53:02","guid":{"rendered":"https:\/\/www.purejewels.com\/?post_type=product&#038;p=342545"},"modified":"2025-11-12T06:40:03","modified_gmt":"2025-11-12T06:40:03","slug":"plati%cc%87n-fantezi%cc%87-alyans-yuzuk-o-5-mm-34196","status":"publish","type":"product","link":"https:\/\/www.purejewels.com\/tr\/product\/platinum-fancy-wedding-band-ring-size-o-5-mm-34196\/","title":{"rendered":"Platin Kad\u0131n Alyans Y\u00fcz\u00fck | O Beden | 5 mm"},"content":{"rendered":"<p>\u00d6zel g\u00fcn\u00fcn\u00fcz i\u00e7in m\u00fckemmel bir alyans m\u0131 ar\u0131yorsunuz? Platin Kad\u0131n Alyans Y\u00fcz\u00fc\u011f\u00fcm\u00fczden ba\u015fkas\u0131na bakmay\u0131n. Y\u00fcksek kaliteli platinden \u00fcretilen bu y\u00fcz\u00fck sadece \u00e7arp\u0131c\u0131 de\u011fil, ayn\u0131 zamanda dayan\u0131kl\u0131 ve uzun \u00f6m\u00fcrl\u00fcd\u00fcr. Band\u0131n 5 mm geni\u015fli\u011fi her k\u0131yafete \u015f\u0131kl\u0131k ve incelik katar.<\/p>\n<p>Platin Kad\u0131n Alyans Y\u00fcz\u00fc\u011f\u00fcm\u00fcz O beden olarak mevcuttur ve 7,6 gram a\u011f\u0131rl\u0131\u011f\u0131ndad\u0131r, bu da g\u00fcn boyu rahat\u00e7a tak\u0131labilmesini sa\u011flar. \u0130ster klasik bir alyans ister modern bir dokunu\u015f ar\u0131yor olun, bu y\u00fcz\u00fck m\u00fckemmel bir se\u00e7imdir. Canl\u0131 sohbet deste\u011fimiz sayesinde sorular\u0131n\u0131z\u0131 sorabilir ve gerekirse daha h\u0131zl\u0131 teslimat talep edebilirsiniz.<\/p>\n<p>\u00d6zel g\u00fcn\u00fcn\u00fcz i\u00e7in m\u00fckemmel alyans\u0131 bulmak i\u00e7in daha fazla beklemeyin. Platin Kad\u0131n Alyans Y\u00fcz\u00fc\u011f\u00fcm\u00fcz\u00fc \u015fimdi sat\u0131n al\u0131n ve d\u00fc\u011f\u00fcn g\u00fcn\u00fcn\u00fcz\u00fc daha da unutulmaz k\u0131l\u0131n.<\/p>","protected":false},"excerpt":{"rendered":"<table style=\"border-collapse: collapse; width: 100%; height: 196px;\">\n<tbody>\n<tr>\n<td>Y\u00fcz\u00fck Tipi<\/td>\n<td>Alyans Y\u00fcz\u00fck<\/td>\n<\/tr>\n<tr>\n<td>SKU<\/td>\n<td>34196<\/td>\n<\/tr>\n<tr>\n<td>A\u011f\u0131rl\u0131k<\/td>\n<td>7,6 gms<\/td>\n<\/tr>\n<tr>\n<td>Y\u00fcz\u00fck \u00d6l\u00e7\u00fcs\u00fc<\/td>\n<td>O<\/td>\n<\/tr>\n<tr>\n<td>Metal<\/td>\n<td>Platin<\/td>\n<\/tr>\n<tr>\n<td>Geni\u015flik<\/td>\n<td>5 mm<\/td>\n<\/tr>\n<tr>\n<td>\u00dccretler<\/td>\n<td>Teslimat ve KDV Dahil<\/td>\n<\/tr>\n<tr>\n<td>Paketleme<\/td>\n<td>Sunum Kutusu ile Birlikte Gelir<\/td>\n<\/tr>\n<tr>\n<td style=\"width: 50%;\">Daha Fazla Bilgi<\/td>\n<td style=\"width: 50%;\">M\u00fcsaitlik durumu ve daha fazla resim i\u00e7in bizimle canl\u0131 sohbet edin<\/td>\n<\/tr>\n<\/tbody>\n<\/table>","protected":false},"featured_media":342546,"comment_status":"closed","ping_status":"closed","template":"","meta":{"_eb_attr":"","_crsspst_to_jayantr4sg-hostcom":true},"product_brand":[],"product_cat":[1572,1800,5293,5294,5338,229,1573],"product_tag":[5482],"class_list":{"0":"post-342545","1":"product","2":"type-product","3":"status-publish","4":"has-post-thumbnail","6":"product_cat-mens-jewellery","7":"product_cat-platinum-bands","8":"product_cat-platinum-wedding-bands-2","9":"product_cat-platinum-wedding-bands-for-men","10":"product_cat-shop-by-price","11":"product_cat-wedding-bands","12":"product_cat-wedding-gifts","13":"product_tag-platinum-bands","15":"first","16":"outofstock","17":"taxable","18":"shipping-taxable","19":"product-type-simple","20":"add-to-wishlist-before_image"},"yoast_head":"<!-- This site is optimized with the Yoast SEO plugin v27.3 - https:\/\/yoast.com\/product\/yoast-seo-wordpress\/ -->\n<title>Platinum Women&#039;s Wedding Band Ring | Purejewels UK<\/title>\n<meta name=\"description\" content=\"Platinum Ring For Women&#039;s By Purejewels | Smart And Sturdy Platinum Ring For Women | Add Grace To Your Personality | Shop Now at Purejewels UK.\" \/>\n<meta name=\"robots\" content=\"index, follow, max-snippet:-1, max-image-preview:large, max-video-preview:-1\" \/>\n<link rel=\"canonical\" href=\"https:\/\/www.purejewels.com\/tr\/urun\/plati\u0307n-fantezi\u0307-alyans-yuzuk-o-5-mm-34196\/\" \/>\n<meta property=\"og:locale\" content=\"tr_TR\" \/>\n<meta property=\"og:type\" content=\"article\" \/>\n<meta property=\"og:title\" content=\"Platinum Women&#039;s Wedding Band Ring | Purejewels UK\" \/>\n<meta property=\"og:description\" content=\"Platinum Ring For Women&#039;s By Purejewels | Smart And Sturdy Platinum Ring For Women | Add Grace To Your Personality | Shop Now at Purejewels UK.\" \/>\n<meta property=\"og:url\" content=\"https:\/\/www.purejewels.com\/tr\/urun\/plati\u0307n-fantezi\u0307-alyans-yuzuk-o-5-mm-34196\/\" \/>\n<meta property=\"og:site_name\" content=\"PureJewels UK\" \/>\n<meta property=\"article:modified_time\" content=\"2025-11-12T06:40:03+00:00\" \/>\n<meta property=\"og:image\" content=\"https:\/\/www.purejewels.com\/wp-content\/uploads\/2022\/12\/34196-1.jpg\" \/>\n\t<meta property=\"og:image:width\" content=\"1000\" \/>\n\t<meta property=\"og:image:height\" content=\"1000\" \/>\n\t<meta property=\"og:image:type\" content=\"image\/jpeg\" \/>\n<meta name=\"twitter:card\" content=\"summary_large_image\" \/>\n<meta name=\"twitter:label1\" content=\"Tahmini okuma s\u00fcresi\" \/>\n\t<meta name=\"twitter:data1\" content=\"1 dakika\" \/>\n<script type=\"application\/ld+json\" class=\"yoast-schema-graph\">{\"@context\":\"https:\\\/\\\/schema.org\",\"@graph\":[{\"@type\":[\"WebPage\",\"ItemPage\"],\"@id\":\"https:\\\/\\\/www.purejewels.com\\\/product\\\/platinum-fancy-wedding-band-ring-size-o-5-mm-34196\\\/\",\"url\":\"https:\\\/\\\/www.purejewels.com\\\/product\\\/platinum-fancy-wedding-band-ring-size-o-5-mm-34196\\\/\",\"name\":\"Platinum Women's Wedding Band Ring | Purejewels UK\",\"isPartOf\":{\"@id\":\"https:\\\/\\\/www.purejewels.com\\\/#website\"},\"primaryImageOfPage\":{\"@id\":\"https:\\\/\\\/www.purejewels.com\\\/product\\\/platinum-fancy-wedding-band-ring-size-o-5-mm-34196\\\/#primaryimage\"},\"image\":{\"@id\":\"https:\\\/\\\/www.purejewels.com\\\/product\\\/platinum-fancy-wedding-band-ring-size-o-5-mm-34196\\\/#primaryimage\"},\"thumbnailUrl\":\"https:\\\/\\\/static.purejewels.com\\\/wp-content\\\/uploads\\\/2022\\\/12\\\/34196-1.jpg\",\"datePublished\":\"2022-12-29T08:53:02+00:00\",\"dateModified\":\"2025-11-12T06:40:03+00:00\",\"description\":\"Platinum Ring For Women's By Purejewels | Smart And Sturdy Platinum Ring For Women | Add Grace To Your Personality | Shop Now at Purejewels UK.\",\"breadcrumb\":{\"@id\":\"https:\\\/\\\/www.purejewels.com\\\/product\\\/platinum-fancy-wedding-band-ring-size-o-5-mm-34196\\\/#breadcrumb\"},\"inLanguage\":\"tr\",\"potentialAction\":[{\"@type\":\"ReadAction\",\"target\":[\"https:\\\/\\\/www.purejewels.com\\\/product\\\/platinum-fancy-wedding-band-ring-size-o-5-mm-34196\\\/\"]}]},{\"@type\":\"ImageObject\",\"inLanguage\":\"tr\",\"@id\":\"https:\\\/\\\/www.purejewels.com\\\/product\\\/platinum-fancy-wedding-band-ring-size-o-5-mm-34196\\\/#primaryimage\",\"url\":\"https:\\\/\\\/static.purejewels.com\\\/wp-content\\\/uploads\\\/2022\\\/12\\\/34196-1.jpg\",\"contentUrl\":\"https:\\\/\\\/static.purejewels.com\\\/wp-content\\\/uploads\\\/2022\\\/12\\\/34196-1.jpg\",\"width\":1000,\"height\":1000,\"caption\":\"Platinum Fancy Wedding Band Ring | Size O | 5 mm\"},{\"@type\":\"BreadcrumbList\",\"@id\":\"https:\\\/\\\/www.purejewels.com\\\/product\\\/platinum-fancy-wedding-band-ring-size-o-5-mm-34196\\\/#breadcrumb\",\"itemListElement\":[{\"@type\":\"ListItem\",\"position\":1,\"name\":\"Home\",\"item\":\"https:\\\/\\\/www.purejewels.com\\\/\"},{\"@type\":\"ListItem\",\"position\":2,\"name\":\"Shop\",\"item\":\"https:\\\/\\\/www.purejewels.com\\\/shop\\\/\"},{\"@type\":\"ListItem\",\"position\":3,\"name\":\"Platinum Women&#8217;s Wedding Band Ring | Size O | 5 mm\"}]},{\"@type\":\"WebSite\",\"@id\":\"https:\\\/\\\/www.purejewels.com\\\/#website\",\"url\":\"https:\\\/\\\/www.purejewels.com\\\/\",\"name\":\"PureJewels UK\",\"description\":\"Share the Love\",\"publisher\":{\"@id\":\"https:\\\/\\\/www.purejewels.com\\\/#organization\"},\"potentialAction\":[{\"@type\":\"SearchAction\",\"target\":{\"@type\":\"EntryPoint\",\"urlTemplate\":\"https:\\\/\\\/www.purejewels.com\\\/?s={search_term_string}\"},\"query-input\":{\"@type\":\"PropertyValueSpecification\",\"valueRequired\":true,\"valueName\":\"search_term_string\"}}],\"inLanguage\":\"tr\"},{\"@type\":\"Organization\",\"@id\":\"https:\\\/\\\/www.purejewels.com\\\/#organization\",\"name\":\"PureJewels UK\",\"url\":\"https:\\\/\\\/www.purejewels.com\\\/\",\"logo\":{\"@type\":\"ImageObject\",\"inLanguage\":\"tr\",\"@id\":\"https:\\\/\\\/www.purejewels.com\\\/#\\\/schema\\\/logo\\\/image\\\/\",\"url\":\"https:\\\/\\\/static.purejewels.com\\\/wp-content\\\/uploads\\\/2020\\\/11\\\/Logo-PJ-New-1.png\",\"contentUrl\":\"https:\\\/\\\/static.purejewels.com\\\/wp-content\\\/uploads\\\/2020\\\/11\\\/Logo-PJ-New-1.png\",\"width\":150,\"height\":80,\"caption\":\"PureJewels UK\"},\"image\":{\"@id\":\"https:\\\/\\\/www.purejewels.com\\\/#\\\/schema\\\/logo\\\/image\\\/\"}}]}<\/script>\n<!-- \/ Yoast SEO plugin. -->","yoast_head_json":{"title":"Platin Kad\u0131n Alyans Y\u00fcz\u00fck | Purejewels UK","description":"Purejewels'ten Kad\u0131nlar \u0130\u00e7in Platin Y\u00fcz\u00fck | Kad\u0131nlar \u0130\u00e7in Ak\u0131ll\u0131 ve Sa\u011flam Platin Y\u00fcz\u00fck | Ki\u015fili\u011finize Zarafet Kat\u0131n | Purejewels UK'de \u015eimdi Al\u0131\u015fveri\u015f Yap\u0131n.","robots":{"index":"index","follow":"follow","max-snippet":"max-snippet:-1","max-image-preview":"max-image-preview:large","max-video-preview":"max-video-preview:-1"},"canonical":"https:\/\/www.purejewels.com\/tr\/urun\/plati\u0307n-fantezi\u0307-alyans-yuzuk-o-5-mm-34196\/","og_locale":"tr_TR","og_type":"article","og_title":"Platinum Women's Wedding Band Ring | Purejewels UK","og_description":"Platinum Ring For Women's By Purejewels | Smart And Sturdy Platinum Ring For Women | Add Grace To Your Personality | Shop Now at Purejewels UK.","og_url":"https:\/\/www.purejewels.com\/tr\/urun\/plati\u0307n-fantezi\u0307-alyans-yuzuk-o-5-mm-34196\/","og_site_name":"PureJewels UK","article_modified_time":"2025-11-12T06:40:03+00:00","og_image":[{"width":1000,"height":1000,"url":"https:\/\/www.purejewels.com\/wp-content\/uploads\/2022\/12\/34196-1.jpg","type":"image\/jpeg"}],"twitter_card":"summary_large_image","twitter_misc":{"Tahmini okuma s\u00fcresi":"1 dakika"},"schema":{"@context":"https:\/\/schema.org","@graph":[{"@type":["WebPage","ItemPage"],"@id":"https:\/\/www.purejewels.com\/product\/platinum-fancy-wedding-band-ring-size-o-5-mm-34196\/","url":"https:\/\/www.purejewels.com\/product\/platinum-fancy-wedding-band-ring-size-o-5-mm-34196\/","name":"Platin Kad\u0131n Alyans Y\u00fcz\u00fck | Purejewels UK","isPartOf":{"@id":"https:\/\/www.purejewels.com\/#website"},"primaryImageOfPage":{"@id":"https:\/\/www.purejewels.com\/product\/platinum-fancy-wedding-band-ring-size-o-5-mm-34196\/#primaryimage"},"image":{"@id":"https:\/\/www.purejewels.com\/product\/platinum-fancy-wedding-band-ring-size-o-5-mm-34196\/#primaryimage"},"thumbnailUrl":"https:\/\/static.purejewels.com\/wp-content\/uploads\/2022\/12\/34196-1.jpg","datePublished":"2022-12-29T08:53:02+00:00","dateModified":"2025-11-12T06:40:03+00:00","description":"Purejewels'ten Kad\u0131nlar \u0130\u00e7in Platin Y\u00fcz\u00fck | Kad\u0131nlar \u0130\u00e7in Ak\u0131ll\u0131 ve Sa\u011flam Platin Y\u00fcz\u00fck | Ki\u015fili\u011finize Zarafet Kat\u0131n | Purejewels UK'de \u015eimdi Al\u0131\u015fveri\u015f Yap\u0131n.","breadcrumb":{"@id":"https:\/\/www.purejewels.com\/product\/platinum-fancy-wedding-band-ring-size-o-5-mm-34196\/#breadcrumb"},"inLanguage":"tr","potentialAction":[{"@type":"ReadAction","target":["https:\/\/www.purejewels.com\/product\/platinum-fancy-wedding-band-ring-size-o-5-mm-34196\/"]}]},{"@type":"ImageObject","inLanguage":"tr","@id":"https:\/\/www.purejewels.com\/product\/platinum-fancy-wedding-band-ring-size-o-5-mm-34196\/#primaryimage","url":"https:\/\/static.purejewels.com\/wp-content\/uploads\/2022\/12\/34196-1.jpg","contentUrl":"https:\/\/static.purejewels.com\/wp-content\/uploads\/2022\/12\/34196-1.jpg","width":1000,"height":1000,"caption":"Platinum Fancy Wedding Band Ring | Size O | 5 mm"},{"@type":"BreadcrumbList","@id":"https:\/\/www.purejewels.com\/product\/platinum-fancy-wedding-band-ring-size-o-5-mm-34196\/#breadcrumb","itemListElement":[{"@type":"ListItem","position":1,"name":"Home","item":"https:\/\/www.purejewels.com\/"},{"@type":"ListItem","position":2,"name":"Shop","item":"https:\/\/www.purejewels.com\/shop\/"},{"@type":"ListItem","position":3,"name":"Platinum Women&#8217;s Wedding Band Ring | Size O | 5 mm"}]},{"@type":"WebSite","@id":"https:\/\/www.purejewels.com\/#website","url":"https:\/\/www.purejewels.com\/","name":"PureJewels \u0130ngiltere","description":"Sevgiyi Payla\u015f\u0131n","publisher":{"@id":"https:\/\/www.purejewels.com\/#organization"},"potentialAction":[{"@type":"SearchAction","target":{"@type":"EntryPoint","urlTemplate":"https:\/\/www.purejewels.com\/?s={search_term_string}"},"query-input":{"@type":"PropertyValueSpecification","valueRequired":true,"valueName":"search_term_string"}}],"inLanguage":"tr"},{"@type":"Organization","@id":"https:\/\/www.purejewels.com\/#organization","name":"PureJewels \u0130ngiltere","url":"https:\/\/www.purejewels.com\/","logo":{"@type":"ImageObject","inLanguage":"tr","@id":"https:\/\/www.purejewels.com\/#\/schema\/logo\/image\/","url":"https:\/\/static.purejewels.com\/wp-content\/uploads\/2020\/11\/Logo-PJ-New-1.png","contentUrl":"https:\/\/static.purejewels.com\/wp-content\/uploads\/2020\/11\/Logo-PJ-New-1.png","width":150,"height":80,"caption":"PureJewels UK"},"image":{"@id":"https:\/\/www.purejewels.com\/#\/schema\/logo\/image\/"}}]}},"_links":{"self":[{"href":"https:\/\/www.purejewels.com\/tr\/wp-json\/wp\/v2\/product\/342545","targetHints":{"allow":["GET"]}}],"collection":[{"href":"https:\/\/www.purejewels.com\/tr\/wp-json\/wp\/v2\/product"}],"about":[{"href":"https:\/\/www.purejewels.com\/tr\/wp-json\/wp\/v2\/types\/product"}],"replies":[{"embeddable":true,"href":"https:\/\/www.purejewels.com\/tr\/wp-json\/wp\/v2\/comments?post=342545"}],"version-history":[{"count":3,"href":"https:\/\/www.purejewels.com\/tr\/wp-json\/wp\/v2\/product\/342545\/revisions"}],"predecessor-version":[{"id":420847,"href":"https:\/\/www.purejewels.com\/tr\/wp-json\/wp\/v2\/product\/342545\/revisions\/420847"}],"wp:featuredmedia":[{"embeddable":true,"href":"https:\/\/www.purejewels.com\/tr\/wp-json\/wp\/v2\/media\/342546"}],"wp:attachment":[{"href":"https:\/\/www.purejewels.com\/tr\/wp-json\/wp\/v2\/media?parent=342545"}],"wp:term":[{"taxonomy":"product_brand","embeddable":true,"href":"https:\/\/www.purejewels.com\/tr\/wp-json\/wp\/v2\/product_brand?post=342545"},{"taxonomy":"product_cat","embeddable":true,"href":"https:\/\/www.purejewels.com\/tr\/wp-json\/wp\/v2\/product_cat?post=342545"},{"taxonomy":"product_tag","embeddable":true,"href":"https:\/\/www.purejewels.com\/tr\/wp-json\/wp\/v2\/product_tag?post=342545"}],"curies":[{"name":"wp","href":"https:\/\/api.w.org\/{rel}","templated":true}]}}