{"id":342642,"date":"2023-01-04T09:46:10","date_gmt":"2023-01-04T09:46:10","guid":{"rendered":"https:\/\/www.purejewels.com\/?post_type=product&#038;p=342642"},"modified":"2025-06-23T06:38:08","modified_gmt":"2025-06-23T05:38:08","slug":"topaz-ve-pirlantali-18-ayar-altin-pirlanta-yuzuktopaz-ve-pirlantali-18-ayar-altin-pirlanta-yuzuk-41225","status":"publish","type":"product","link":"https:\/\/www.purejewels.com\/tr\/product\/18ct-gold-diamond-ring-with-topaz-and-diamonds18ct-gold-diamond-ring-with-topaz-and-diamonds-41225\/","title":{"rendered":"18 Ayar Alt\u0131n Topaz ve P\u0131rlanta Y\u00fcz\u00fck"},"content":{"rendered":"<p>SKU: 41225<br \/>\n<b>Aral\u0131k Kimli\u011fi <\/b>WDLR167<\/p>","protected":false},"excerpt":{"rendered":"<table style=\"border-collapse: collapse;width: 100%;height: 196px\">\n<tbody>\n<tr>\n<td style=\"width: 29.6667%\">Y\u00fcz\u00fck Tipi<\/td>\n<td style=\"width: 70.3333%\">\u00a0Bayan Y\u00fcz\u00fck<\/td>\n<\/tr>\n<tr>\n<td style=\"width: 29.6667%\">SKU<\/td>\n<td style=\"width: 70.3333%\">41225<\/td>\n<\/tr>\n<tr>\n<td style=\"width: 29.6667%\">A\u011f\u0131rl\u0131k<\/td>\n<td style=\"width: 70.3333%\">1.56 gms<\/td>\n<\/tr>\n<tr>\n<td style=\"width: 29.6667%\">Y\u00fcz\u00fck \u00d6l\u00e7\u00fcs\u00fc<\/td>\n<td style=\"width: 70.3333%\">O<\/td>\n<\/tr>\n<tr>\n<td style=\"width: 29.6667%\">Elmas<\/td>\n<td style=\"width: 70.3333%\">0.18ct<\/td>\n<\/tr>\n<tr>\n<td style=\"width: 29.6667%\">Topaz<\/td>\n<td style=\"width: 70.3333%\">0.48ct<\/td>\n<\/tr>\n<tr>\n<td style=\"width: 29.6667%\">Metal<\/td>\n<td style=\"width: 70.3333%\">18 Ayar Beyaz Alt\u0131n<\/td>\n<\/tr>\n<tr>\n<td style=\"width: 29.6667%\">Cinsiyet<\/td>\n<td style=\"width: 70.3333%\">Bayanlar<\/td>\n<\/tr>\n<tr>\n<td style=\"width: 29.6667%\">\u00dccretler<\/td>\n<td style=\"width: 70.3333%\">Teslimat ve KDV Dahil<\/td>\n<\/tr>\n<tr>\n<td style=\"width: 29.6667%\">Paketleme<\/td>\n<td style=\"width: 70.3333%\">Sunum Kutusu ile Birlikte Gelir<\/td>\n<\/tr>\n<tr>\n<td style=\"width: 29.6667%\">Daha Fazla Bilgi<\/td>\n<td style=\"width: 70.3333%\">18ct Alt\u0131n Y\u00fcz\u00fcklerin mevcudiyeti ve daha fazla g\u00f6rsel i\u00e7in bizimle canl\u0131 sohbet edin <span data-sheets-root=\"1\">Noel Alt\u0131n Tak\u0131lar\u0131<\/span><\/td>\n<\/tr>\n<\/tbody>\n<\/table>","protected":false},"featured_media":342643,"comment_status":"closed","ping_status":"closed","template":"","meta":{"_eb_attr":"","_crsspst_to_jayantr4sg-hostcom":true},"product_brand":[],"product_cat":[5679,6085,1791,1559,1794,5699,5457,5460,5751,1573,5348,1574],"product_tag":[64],"class_list":{"0":"post-342642","1":"product","2":"type-product","3":"status-publish","4":"has-post-thumbnail","6":"product_cat-18ct-gold-jewellery","7":"product_cat-18ct-gold-ring","8":"product_cat-anniversary-gifts","9":"product_cat-birthday-gifts","10":"product_cat-christmas-gifts","11":"product_cat-coloured-gemstone-jewellery","12":"product_cat-diamond-jewellery","13":"product_cat-diamond-ring","14":"product_cat-topaz-jewellery","15":"product_cat-wedding-gifts","16":"product_cat-white-gold-jewellery","17":"product_cat-womens-jewellery","18":"product_tag-rings","20":"first","21":"outofstock","22":"taxable","23":"shipping-taxable","24":"product-type-simple","25":"add-to-wishlist-before_image"},"yoast_head":"<!-- This site is optimized with the Yoast SEO plugin v27.5 - https:\/\/yoast.com\/product\/yoast-seo-wordpress\/ -->\n<title>18ct Gold Diamond Ring with Topaz and Diamonds | PureJewels<\/title>\n<meta name=\"description\" content=\"Elegant 18ct White Gold Diamond Ring with Topaz and diamonds. Order online for timeless beauty &amp; sophistication. Shop now!\" \/>\n<meta name=\"robots\" content=\"index, follow, max-snippet:-1, max-image-preview:large, max-video-preview:-1\" \/>\n<link rel=\"canonical\" href=\"https:\/\/www.purejewels.com\/tr\/urun\/topaz-ve-pirlantali-18-ayar-altin-pirlanta-yuzuktopaz-ve-pirlantali-18-ayar-altin-pirlanta-yuzuk-41225\/\" \/>\n<meta property=\"og:locale\" content=\"tr_TR\" \/>\n<meta property=\"og:type\" content=\"article\" \/>\n<meta property=\"og:title\" content=\"18ct Gold Diamond Ring with Topaz and Diamonds | PureJewels\" \/>\n<meta property=\"og:description\" content=\"Elegant 18ct White Gold Diamond Ring with Topaz and diamonds. Order online for timeless beauty &amp; sophistication. Shop now!\" \/>\n<meta property=\"og:url\" content=\"https:\/\/www.purejewels.com\/tr\/urun\/topaz-ve-pirlantali-18-ayar-altin-pirlanta-yuzuktopaz-ve-pirlantali-18-ayar-altin-pirlanta-yuzuk-41225\/\" \/>\n<meta property=\"og:site_name\" content=\"PureJewels UK\" \/>\n<meta property=\"article:modified_time\" content=\"2025-06-23T05:38:08+00:00\" \/>\n<meta property=\"og:image\" content=\"https:\/\/www.purejewels.com\/wp-content\/uploads\/2023\/01\/41225-1.jpg\" \/>\n\t<meta property=\"og:image:width\" content=\"1000\" \/>\n\t<meta property=\"og:image:height\" content=\"1000\" \/>\n\t<meta property=\"og:image:type\" content=\"image\/jpeg\" \/>\n<meta name=\"twitter:card\" content=\"summary_large_image\" \/>\n<meta name=\"twitter:label1\" content=\"Tahmini okuma s\u00fcresi\" \/>\n\t<meta name=\"twitter:data1\" content=\"1 dakika\" \/>\n<script type=\"application\/ld+json\" class=\"yoast-schema-graph\">{\"@context\":\"https:\\\/\\\/schema.org\",\"@graph\":[{\"@type\":[\"WebPage\",\"ItemPage\"],\"@id\":\"https:\\\/\\\/www.purejewels.com\\\/product\\\/18ct-gold-diamond-ring-with-topaz-and-diamonds18ct-gold-diamond-ring-with-topaz-and-diamonds-41225\\\/\",\"url\":\"https:\\\/\\\/www.purejewels.com\\\/product\\\/18ct-gold-diamond-ring-with-topaz-and-diamonds18ct-gold-diamond-ring-with-topaz-and-diamonds-41225\\\/\",\"name\":\"18ct Gold Diamond Ring with Topaz and Diamonds | PureJewels\",\"isPartOf\":{\"@id\":\"https:\\\/\\\/www.purejewels.com\\\/#website\"},\"primaryImageOfPage\":{\"@id\":\"https:\\\/\\\/www.purejewels.com\\\/product\\\/18ct-gold-diamond-ring-with-topaz-and-diamonds18ct-gold-diamond-ring-with-topaz-and-diamonds-41225\\\/#primaryimage\"},\"image\":{\"@id\":\"https:\\\/\\\/www.purejewels.com\\\/product\\\/18ct-gold-diamond-ring-with-topaz-and-diamonds18ct-gold-diamond-ring-with-topaz-and-diamonds-41225\\\/#primaryimage\"},\"thumbnailUrl\":\"https:\\\/\\\/static.purejewels.com\\\/wp-content\\\/uploads\\\/2023\\\/01\\\/41225-1.jpg\",\"datePublished\":\"2023-01-04T09:46:10+00:00\",\"dateModified\":\"2025-06-23T05:38:08+00:00\",\"description\":\"Elegant 18ct White Gold Diamond Ring with Topaz and diamonds. Order online for timeless beauty & sophistication. Shop now!\",\"breadcrumb\":{\"@id\":\"https:\\\/\\\/www.purejewels.com\\\/product\\\/18ct-gold-diamond-ring-with-topaz-and-diamonds18ct-gold-diamond-ring-with-topaz-and-diamonds-41225\\\/#breadcrumb\"},\"inLanguage\":\"tr\",\"potentialAction\":[{\"@type\":\"ReadAction\",\"target\":[\"https:\\\/\\\/www.purejewels.com\\\/product\\\/18ct-gold-diamond-ring-with-topaz-and-diamonds18ct-gold-diamond-ring-with-topaz-and-diamonds-41225\\\/\"]}]},{\"@type\":\"ImageObject\",\"inLanguage\":\"tr\",\"@id\":\"https:\\\/\\\/www.purejewels.com\\\/product\\\/18ct-gold-diamond-ring-with-topaz-and-diamonds18ct-gold-diamond-ring-with-topaz-and-diamonds-41225\\\/#primaryimage\",\"url\":\"https:\\\/\\\/static.purejewels.com\\\/wp-content\\\/uploads\\\/2023\\\/01\\\/41225-1.jpg\",\"contentUrl\":\"https:\\\/\\\/static.purejewels.com\\\/wp-content\\\/uploads\\\/2023\\\/01\\\/41225-1.jpg\",\"width\":1000,\"height\":1000,\"caption\":\"18ct Gold Diamond Ring with Topaz and Diamonds | Size O\"},{\"@type\":\"BreadcrumbList\",\"@id\":\"https:\\\/\\\/www.purejewels.com\\\/product\\\/18ct-gold-diamond-ring-with-topaz-and-diamonds18ct-gold-diamond-ring-with-topaz-and-diamonds-41225\\\/#breadcrumb\",\"itemListElement\":[{\"@type\":\"ListItem\",\"position\":1,\"name\":\"Home\",\"item\":\"https:\\\/\\\/www.purejewels.com\\\/\"},{\"@type\":\"ListItem\",\"position\":2,\"name\":\"Shop\",\"item\":\"https:\\\/\\\/www.purejewels.com\\\/shop\\\/\"},{\"@type\":\"ListItem\",\"position\":3,\"name\":\"18ct Gold Topaz and Diamond Ring\"}]},{\"@type\":\"WebSite\",\"@id\":\"https:\\\/\\\/www.purejewels.com\\\/#website\",\"url\":\"https:\\\/\\\/www.purejewels.com\\\/\",\"name\":\"PureJewels UK\",\"description\":\"Share the Love\",\"publisher\":{\"@id\":\"https:\\\/\\\/www.purejewels.com\\\/#organization\"},\"potentialAction\":[{\"@type\":\"SearchAction\",\"target\":{\"@type\":\"EntryPoint\",\"urlTemplate\":\"https:\\\/\\\/www.purejewels.com\\\/?s={search_term_string}\"},\"query-input\":{\"@type\":\"PropertyValueSpecification\",\"valueRequired\":true,\"valueName\":\"search_term_string\"}}],\"inLanguage\":\"tr\"},{\"@type\":\"Organization\",\"@id\":\"https:\\\/\\\/www.purejewels.com\\\/#organization\",\"name\":\"PureJewels UK\",\"url\":\"https:\\\/\\\/www.purejewels.com\\\/\",\"logo\":{\"@type\":\"ImageObject\",\"inLanguage\":\"tr\",\"@id\":\"https:\\\/\\\/www.purejewels.com\\\/#\\\/schema\\\/logo\\\/image\\\/\",\"url\":\"https:\\\/\\\/static.purejewels.com\\\/wp-content\\\/uploads\\\/2020\\\/11\\\/Logo-PJ-New-1.png\",\"contentUrl\":\"https:\\\/\\\/static.purejewels.com\\\/wp-content\\\/uploads\\\/2020\\\/11\\\/Logo-PJ-New-1.png\",\"width\":150,\"height\":80,\"caption\":\"PureJewels UK\"},\"image\":{\"@id\":\"https:\\\/\\\/www.purejewels.com\\\/#\\\/schema\\\/logo\\\/image\\\/\"}}]}<\/script>\n<!-- \/ Yoast SEO plugin. -->","yoast_head_json":{"title":"Topaz ve P\u0131rlantal\u0131 18 Ayar Alt\u0131n P\u0131rlanta Y\u00fcz\u00fck | PureJewels","description":"Topaz ve p\u0131rlantal\u0131 zarif 18 ayar beyaz alt\u0131n p\u0131rlanta y\u00fcz\u00fck. Zamans\u0131z g\u00fczellik ve incelik i\u00e7in online sipari\u015f verin. \u015eimdi al\u0131\u015fveri\u015f yap\u0131n!","robots":{"index":"index","follow":"follow","max-snippet":"max-snippet:-1","max-image-preview":"max-image-preview:large","max-video-preview":"max-video-preview:-1"},"canonical":"https:\/\/www.purejewels.com\/tr\/urun\/topaz-ve-pirlantali-18-ayar-altin-pirlanta-yuzuktopaz-ve-pirlantali-18-ayar-altin-pirlanta-yuzuk-41225\/","og_locale":"tr_TR","og_type":"article","og_title":"18ct Gold Diamond Ring with Topaz and Diamonds | PureJewels","og_description":"Elegant 18ct White Gold Diamond Ring with Topaz and diamonds. Order online for timeless beauty & sophistication. Shop now!","og_url":"https:\/\/www.purejewels.com\/tr\/urun\/topaz-ve-pirlantali-18-ayar-altin-pirlanta-yuzuktopaz-ve-pirlantali-18-ayar-altin-pirlanta-yuzuk-41225\/","og_site_name":"PureJewels UK","article_modified_time":"2025-06-23T05:38:08+00:00","og_image":[{"width":1000,"height":1000,"url":"https:\/\/www.purejewels.com\/wp-content\/uploads\/2023\/01\/41225-1.jpg","type":"image\/jpeg"}],"twitter_card":"summary_large_image","twitter_misc":{"Tahmini okuma s\u00fcresi":"1 dakika"},"schema":{"@context":"https:\/\/schema.org","@graph":[{"@type":["WebPage","ItemPage"],"@id":"https:\/\/www.purejewels.com\/product\/18ct-gold-diamond-ring-with-topaz-and-diamonds18ct-gold-diamond-ring-with-topaz-and-diamonds-41225\/","url":"https:\/\/www.purejewels.com\/product\/18ct-gold-diamond-ring-with-topaz-and-diamonds18ct-gold-diamond-ring-with-topaz-and-diamonds-41225\/","name":"Topaz ve P\u0131rlantal\u0131 18 Ayar Alt\u0131n P\u0131rlanta Y\u00fcz\u00fck | PureJewels","isPartOf":{"@id":"https:\/\/www.purejewels.com\/#website"},"primaryImageOfPage":{"@id":"https:\/\/www.purejewels.com\/product\/18ct-gold-diamond-ring-with-topaz-and-diamonds18ct-gold-diamond-ring-with-topaz-and-diamonds-41225\/#primaryimage"},"image":{"@id":"https:\/\/www.purejewels.com\/product\/18ct-gold-diamond-ring-with-topaz-and-diamonds18ct-gold-diamond-ring-with-topaz-and-diamonds-41225\/#primaryimage"},"thumbnailUrl":"https:\/\/static.purejewels.com\/wp-content\/uploads\/2023\/01\/41225-1.jpg","datePublished":"2023-01-04T09:46:10+00:00","dateModified":"2025-06-23T05:38:08+00:00","description":"Topaz ve p\u0131rlantal\u0131 zarif 18 ayar beyaz alt\u0131n p\u0131rlanta y\u00fcz\u00fck. Zamans\u0131z g\u00fczellik ve incelik i\u00e7in online sipari\u015f verin. \u015eimdi al\u0131\u015fveri\u015f yap\u0131n!","breadcrumb":{"@id":"https:\/\/www.purejewels.com\/product\/18ct-gold-diamond-ring-with-topaz-and-diamonds18ct-gold-diamond-ring-with-topaz-and-diamonds-41225\/#breadcrumb"},"inLanguage":"tr","potentialAction":[{"@type":"ReadAction","target":["https:\/\/www.purejewels.com\/product\/18ct-gold-diamond-ring-with-topaz-and-diamonds18ct-gold-diamond-ring-with-topaz-and-diamonds-41225\/"]}]},{"@type":"ImageObject","inLanguage":"tr","@id":"https:\/\/www.purejewels.com\/product\/18ct-gold-diamond-ring-with-topaz-and-diamonds18ct-gold-diamond-ring-with-topaz-and-diamonds-41225\/#primaryimage","url":"https:\/\/static.purejewels.com\/wp-content\/uploads\/2023\/01\/41225-1.jpg","contentUrl":"https:\/\/static.purejewels.com\/wp-content\/uploads\/2023\/01\/41225-1.jpg","width":1000,"height":1000,"caption":"18ct Gold Diamond Ring with Topaz and Diamonds | Size O"},{"@type":"BreadcrumbList","@id":"https:\/\/www.purejewels.com\/product\/18ct-gold-diamond-ring-with-topaz-and-diamonds18ct-gold-diamond-ring-with-topaz-and-diamonds-41225\/#breadcrumb","itemListElement":[{"@type":"ListItem","position":1,"name":"Home","item":"https:\/\/www.purejewels.com\/"},{"@type":"ListItem","position":2,"name":"Shop","item":"https:\/\/www.purejewels.com\/shop\/"},{"@type":"ListItem","position":3,"name":"18ct Gold Topaz and Diamond Ring"}]},{"@type":"WebSite","@id":"https:\/\/www.purejewels.com\/#website","url":"https:\/\/www.purejewels.com\/","name":"PureJewels \u0130ngiltere","description":"Sevgiyi Payla\u015f\u0131n","publisher":{"@id":"https:\/\/www.purejewels.com\/#organization"},"potentialAction":[{"@type":"SearchAction","target":{"@type":"EntryPoint","urlTemplate":"https:\/\/www.purejewels.com\/?s={search_term_string}"},"query-input":{"@type":"PropertyValueSpecification","valueRequired":true,"valueName":"search_term_string"}}],"inLanguage":"tr"},{"@type":"Organization","@id":"https:\/\/www.purejewels.com\/#organization","name":"PureJewels \u0130ngiltere","url":"https:\/\/www.purejewels.com\/","logo":{"@type":"ImageObject","inLanguage":"tr","@id":"https:\/\/www.purejewels.com\/#\/schema\/logo\/image\/","url":"https:\/\/static.purejewels.com\/wp-content\/uploads\/2020\/11\/Logo-PJ-New-1.png","contentUrl":"https:\/\/static.purejewels.com\/wp-content\/uploads\/2020\/11\/Logo-PJ-New-1.png","width":150,"height":80,"caption":"PureJewels UK"},"image":{"@id":"https:\/\/www.purejewels.com\/#\/schema\/logo\/image\/"}}]}},"_links":{"self":[{"href":"https:\/\/www.purejewels.com\/tr\/wp-json\/wp\/v2\/product\/342642","targetHints":{"allow":["GET"]}}],"collection":[{"href":"https:\/\/www.purejewels.com\/tr\/wp-json\/wp\/v2\/product"}],"about":[{"href":"https:\/\/www.purejewels.com\/tr\/wp-json\/wp\/v2\/types\/product"}],"replies":[{"embeddable":true,"href":"https:\/\/www.purejewels.com\/tr\/wp-json\/wp\/v2\/comments?post=342642"}],"version-history":[{"count":3,"href":"https:\/\/www.purejewels.com\/tr\/wp-json\/wp\/v2\/product\/342642\/revisions"}],"predecessor-version":[{"id":402076,"href":"https:\/\/www.purejewels.com\/tr\/wp-json\/wp\/v2\/product\/342642\/revisions\/402076"}],"wp:featuredmedia":[{"embeddable":true,"href":"https:\/\/www.purejewels.com\/tr\/wp-json\/wp\/v2\/media\/342643"}],"wp:attachment":[{"href":"https:\/\/www.purejewels.com\/tr\/wp-json\/wp\/v2\/media?parent=342642"}],"wp:term":[{"taxonomy":"product_brand","embeddable":true,"href":"https:\/\/www.purejewels.com\/tr\/wp-json\/wp\/v2\/product_brand?post=342642"},{"taxonomy":"product_cat","embeddable":true,"href":"https:\/\/www.purejewels.com\/tr\/wp-json\/wp\/v2\/product_cat?post=342642"},{"taxonomy":"product_tag","embeddable":true,"href":"https:\/\/www.purejewels.com\/tr\/wp-json\/wp\/v2\/product_tag?post=342642"}],"curies":[{"name":"wp","href":"https:\/\/api.w.org\/{rel}","templated":true}]}}