{"id":342771,"date":"2024-12-22T12:03:02","date_gmt":"2024-12-22T12:03:02","guid":{"rendered":"https:\/\/www.purejewels.com\/?post_type=product&#038;p=342771"},"modified":"2026-02-09T08:00:28","modified_gmt":"2026-02-09T08:00:28","slug":"22-ayar-altin-inci-mala-kolye-50500","status":"publish","type":"product","link":"https:\/\/www.purejewels.com\/tr\/product\/22ct-gold-pearl-mala-necklace-50500\/","title":{"rendered":"22 Ayar Alt\u0131n \u0130nci Mala Kolye | 23 \u0130n\u00e7"},"content":{"rendered":"<p>Bu \u00e7arp\u0131c\u0131 tasar\u0131mla tarz\u0131n\u0131z\u0131 y\u00fckseltin <a href=\"https:\/\/www.purejewels.com\/tr\/product\/22ct-gold-jali-filigree-ring-jali-collection-31926\/\">22ct<\/a> Alt\u0131n <a href=\"https:\/\/www.purejewels.com\/tr\/product\/22ct-gold-pearl-chain-for-ladies-19-inches-3-8mm-mediumweight-47104\/\">\u0130nci Mala<\/a> Kolye, zamans\u0131z zarafet ve modern sofistikeli\u011fin m\u00fckemmel bir kar\u0131\u015f\u0131m\u0131. Titizlikle i\u015flenmi\u015f parlak inciler ile l\u00fcks <a href=\"https:\/\/www.purejewels.com\/tr\/product\/holy-cross-gold-pendant-44713\/\">22 ayar alt\u0131n<\/a> vurgulara sahip bu kolye zarafet ve \u00e7ekicilik yayar.<\/p>\n<p>23 in\u00e7 \u00f6l\u00e7\u00fcs\u00fcyle, hem geleneksel hem de \u00e7a\u011fda\u015f k\u0131yafetleri tamamlayacak kadar \u00e7ok y\u00f6nl\u00fc kal\u0131rken bir a\u00e7\u0131klama yapmak i\u00e7in tasarlanm\u0131\u015ft\u0131r. D\u00fc\u011f\u00fcnler, bayram kutlamalar\u0131 veya g\u00fcnl\u00fck g\u00f6r\u00fcn\u00fcm\u00fcn\u00fcze zarif bir dokunu\u015f eklemek i\u00e7in ideal olan bu par\u00e7a, her m\u00fccevher koleksiyonunun olmazsa olmaz\u0131d\u0131r.<\/p>\n<p><strong>Temel \u00d6zellikler:<\/strong><\/p>\n<ul>\n<li><strong>Metal:<\/strong> 22 Ayar Alt\u0131n<\/li>\n<li><strong>Uzunluk:<\/strong> 23 in\u00e7<\/li>\n<li><strong>Tasar\u0131m:<\/strong> I\u015f\u0131lt\u0131l\u0131 incilerle klasik Mala stili<\/li>\n<li><strong>F\u0131rsat bu f\u0131rsat:<\/strong> D\u00fc\u011f\u00fcnler, kutlamalar ve \u00f6zel etkinlikler i\u00e7in m\u00fckemmel<\/li>\n<li><strong><a href=\"https:\/\/www.purejewels.com\/tr\/a-guide-to-die-stamping\/\">Zanaatkarl\u0131k<\/a>:<\/strong> L\u00fcks bir g\u00f6r\u00fcn\u00fcm i\u00e7in \u00f6zenle tasarlanm\u0131\u015ft\u0131r<\/li>\n<\/ul>\n<p>Zarif bir kutuda sunulan bu kolye, d\u00fc\u015f\u00fcnceli bir hediye veya ki\u015fisel koleksiyonunuza de\u011ferli bir katk\u0131 sa\u011flar. Zamans\u0131z g\u00fczellik, yeniden tan\u0131mland\u0131.<\/p>","protected":false},"excerpt":{"rendered":"<div class=\"woocommerce-product-details__short-description\">\n<table class=\"sh_desc\" style=\"width: 100%; height: 280px;\">\n<tbody>\n<tr style=\"height: 28px;\">\n<td style=\"height: 28px;\">Kolye Tipi<\/td>\n<td style=\"height: 28px;\">Mala Tarz\u0131 Kolyeler<\/td>\n<\/tr>\n<tr style=\"height: 28px;\">\n<td style=\"height: 28px;\">SKU<\/td>\n<td style=\"height: 28px;\">50500<\/td>\n<\/tr>\n<tr style=\"height: 28px;\">\n<td style=\"height: 28px;\">A\u011f\u0131rl\u0131k<\/td>\n<td style=\"height: 28px;\">25.1 Gms<\/td>\n<\/tr>\n<tr style=\"height: 28px;\">\n<td style=\"height: 28px;\">Metal<\/td>\n<td style=\"height: 28px;\">22 Ayar Alt\u0131n<\/td>\n<\/tr>\n<tr style=\"height: 28px;\">\n<td style=\"height: 28px;\">Uzunluk<\/td>\n<td style=\"height: 28px;\">23 \u0130n\u00e7<\/td>\n<\/tr>\n<tr style=\"height: 28px;\">\n<td style=\"height: 28px;\">Cinsiyet<\/td>\n<td style=\"height: 28px;\">Bayanlar<\/td>\n<\/tr>\n<tr style=\"height: 28px;\">\n<td style=\"height: 28px;\">\u00dccretler<\/td>\n<td style=\"height: 28px;\">Teslimat ve KDV Dahil<\/td>\n<\/tr>\n<tr style=\"height: 28px;\">\n<td style=\"height: 28px;\">Paketleme<\/td>\n<td style=\"height: 28px;\">Sunum Kutusu ile Birlikte Gelir<\/td>\n<\/tr>\n<tr style=\"height: 112px;\">\n<td style=\"height: 112px;\">Daha Fazla Bilgi<\/td>\n<td style=\"height: 112px;\">M\u00fcsaitlik durumu ve daha fazla resim i\u00e7in bizimle canl\u0131 sohbet edin<\/td>\n<\/tr>\n<\/tbody>\n<\/table>\n<\/div>\n<div class=\"btn-atc atc-slide\"><\/div>\n<div class=\"product_meta\"><\/div>","protected":false},"featured_media":342773,"comment_status":"closed","ping_status":"closed","template":"","meta":{"_eb_attr":"","_crsspst_to_jayantr4sg-hostcom":false},"product_brand":[],"product_cat":[1790,1253,1779,1574],"product_tag":[],"class_list":{"0":"post-342771","1":"product","2":"type-product","3":"status-publish","4":"has-post-thumbnail","6":"product_cat-for-whom-when","7":"product_cat-gold-necklaces","8":"product_cat-mala-style-necklaces","9":"product_cat-womens-jewellery","11":"first","12":"instock","13":"taxable","14":"shipping-taxable","15":"purchasable","16":"product-type-simple","17":"add-to-wishlist-before_image"},"yoast_head":"<!-- This site is optimized with the Yoast SEO plugin v27.5 - https:\/\/yoast.com\/product\/yoast-seo-wordpress\/ -->\n<title>22ct Gold Pearl Mala Necklace | 23 Inches | Online UK<\/title>\n<meta name=\"robots\" content=\"index, follow, max-snippet:-1, max-image-preview:large, max-video-preview:-1\" \/>\n<link rel=\"canonical\" href=\"https:\/\/www.purejewels.com\/tr\/urun\/22-ayar-altin-inci-mala-kolye-50500\/\" \/>\n<meta property=\"og:locale\" content=\"tr_TR\" \/>\n<meta property=\"og:type\" content=\"article\" \/>\n<meta property=\"og:title\" content=\"22ct Gold Pearl Mala Necklace | 23 Inches | Online UK\" \/>\n<meta property=\"og:description\" content=\"Type\u00a0Of\u00a0Necklace Mala Style Necklaces   SKU 50500   Weight 25.1 Gms   Metal 22ct\u00a0Gold   Length 23 Inches   Gender Ladies   Charges Delivery\u00a0and\u00a0VAT\u00a0Included   Packaging Comes\u00a0With\u00a0Presentation\u00a0Box   More\u00a0Information Live chat with us for availability\u00a0and\u00a0more\u00a0images\" \/>\n<meta property=\"og:url\" content=\"https:\/\/www.purejewels.com\/tr\/urun\/22-ayar-altin-inci-mala-kolye-50500\/\" \/>\n<meta property=\"og:site_name\" content=\"PureJewels UK\" \/>\n<meta property=\"article:modified_time\" content=\"2026-02-09T08:00:28+00:00\" \/>\n<meta property=\"og:image\" content=\"https:\/\/static.purejewels.com\/wp-content\/uploads\/2023\/01\/WhatsApp-Image-2023-01-15-at-10.37.19-PM.jpeg\" \/>\n\t<meta property=\"og:image:width\" content=\"1000\" \/>\n\t<meta property=\"og:image:height\" content=\"1000\" \/>\n\t<meta property=\"og:image:type\" content=\"image\/jpeg\" \/>\n<meta name=\"twitter:card\" content=\"summary_large_image\" \/>\n<meta name=\"twitter:label1\" content=\"Tahmini okuma s\u00fcresi\" \/>\n\t<meta name=\"twitter:data1\" content=\"1 dakika\" \/>\n<script type=\"application\/ld+json\" class=\"yoast-schema-graph\">{\"@context\":\"https:\\\/\\\/schema.org\",\"@graph\":[{\"@type\":[\"WebPage\",\"ItemPage\"],\"@id\":\"https:\\\/\\\/www.purejewels.com\\\/product\\\/22ct-gold-pearl-mala-necklace-50500\\\/\",\"url\":\"https:\\\/\\\/www.purejewels.com\\\/product\\\/22ct-gold-pearl-mala-necklace-50500\\\/\",\"name\":\"22ct Gold Pearl Mala Necklace | 23 Inches | Online UK\",\"isPartOf\":{\"@id\":\"https:\\\/\\\/www.purejewels.com\\\/#website\"},\"primaryImageOfPage\":{\"@id\":\"https:\\\/\\\/www.purejewels.com\\\/product\\\/22ct-gold-pearl-mala-necklace-50500\\\/#primaryimage\"},\"image\":{\"@id\":\"https:\\\/\\\/www.purejewels.com\\\/product\\\/22ct-gold-pearl-mala-necklace-50500\\\/#primaryimage\"},\"thumbnailUrl\":\"https:\\\/\\\/static.purejewels.com\\\/wp-content\\\/uploads\\\/2023\\\/01\\\/WhatsApp-Image-2023-01-15-at-10.37.19-PM.jpeg\",\"datePublished\":\"2024-12-22T12:03:02+00:00\",\"dateModified\":\"2026-02-09T08:00:28+00:00\",\"breadcrumb\":{\"@id\":\"https:\\\/\\\/www.purejewels.com\\\/product\\\/22ct-gold-pearl-mala-necklace-50500\\\/#breadcrumb\"},\"inLanguage\":\"tr\",\"potentialAction\":[{\"@type\":\"ReadAction\",\"target\":[\"https:\\\/\\\/www.purejewels.com\\\/product\\\/22ct-gold-pearl-mala-necklace-50500\\\/\"]}]},{\"@type\":\"ImageObject\",\"inLanguage\":\"tr\",\"@id\":\"https:\\\/\\\/www.purejewels.com\\\/product\\\/22ct-gold-pearl-mala-necklace-50500\\\/#primaryimage\",\"url\":\"https:\\\/\\\/static.purejewels.com\\\/wp-content\\\/uploads\\\/2023\\\/01\\\/WhatsApp-Image-2023-01-15-at-10.37.19-PM.jpeg\",\"contentUrl\":\"https:\\\/\\\/static.purejewels.com\\\/wp-content\\\/uploads\\\/2023\\\/01\\\/WhatsApp-Image-2023-01-15-at-10.37.19-PM.jpeg\",\"width\":1000,\"height\":1000,\"caption\":\"22ct Gold Pearl Mala Necklace | 22 Inches\"},{\"@type\":\"BreadcrumbList\",\"@id\":\"https:\\\/\\\/www.purejewels.com\\\/product\\\/22ct-gold-pearl-mala-necklace-50500\\\/#breadcrumb\",\"itemListElement\":[{\"@type\":\"ListItem\",\"position\":1,\"name\":\"Home\",\"item\":\"https:\\\/\\\/www.purejewels.com\\\/\"},{\"@type\":\"ListItem\",\"position\":2,\"name\":\"Shop\",\"item\":\"https:\\\/\\\/www.purejewels.com\\\/shop\\\/\"},{\"@type\":\"ListItem\",\"position\":3,\"name\":\"22ct Gold Pearl Mala Necklace | 23 Inches\"}]},{\"@type\":\"WebSite\",\"@id\":\"https:\\\/\\\/www.purejewels.com\\\/#website\",\"url\":\"https:\\\/\\\/www.purejewels.com\\\/\",\"name\":\"PureJewels UK\",\"description\":\"Share the Love\",\"publisher\":{\"@id\":\"https:\\\/\\\/www.purejewels.com\\\/#organization\"},\"potentialAction\":[{\"@type\":\"SearchAction\",\"target\":{\"@type\":\"EntryPoint\",\"urlTemplate\":\"https:\\\/\\\/www.purejewels.com\\\/?s={search_term_string}\"},\"query-input\":{\"@type\":\"PropertyValueSpecification\",\"valueRequired\":true,\"valueName\":\"search_term_string\"}}],\"inLanguage\":\"tr\"},{\"@type\":\"Organization\",\"@id\":\"https:\\\/\\\/www.purejewels.com\\\/#organization\",\"name\":\"PureJewels UK\",\"url\":\"https:\\\/\\\/www.purejewels.com\\\/\",\"logo\":{\"@type\":\"ImageObject\",\"inLanguage\":\"tr\",\"@id\":\"https:\\\/\\\/www.purejewels.com\\\/#\\\/schema\\\/logo\\\/image\\\/\",\"url\":\"https:\\\/\\\/static.purejewels.com\\\/wp-content\\\/uploads\\\/2020\\\/11\\\/Logo-PJ-New-1.png\",\"contentUrl\":\"https:\\\/\\\/static.purejewels.com\\\/wp-content\\\/uploads\\\/2020\\\/11\\\/Logo-PJ-New-1.png\",\"width\":150,\"height\":80,\"caption\":\"PureJewels UK\"},\"image\":{\"@id\":\"https:\\\/\\\/www.purejewels.com\\\/#\\\/schema\\\/logo\\\/image\\\/\"}}]}<\/script>\n<!-- \/ Yoast SEO plugin. -->","yoast_head_json":{"title":"22 Ayar Alt\u0131n \u0130nci Mala Kolye | 23 \u0130n\u00e7 | Online \u0130ngiltere","robots":{"index":"index","follow":"follow","max-snippet":"max-snippet:-1","max-image-preview":"max-image-preview:large","max-video-preview":"max-video-preview:-1"},"canonical":"https:\/\/www.purejewels.com\/tr\/urun\/22-ayar-altin-inci-mala-kolye-50500\/","og_locale":"tr_TR","og_type":"article","og_title":"22ct Gold Pearl Mala Necklace | 23 Inches | Online UK","og_description":"Type\u00a0Of\u00a0Necklace Mala Style Necklaces   SKU 50500   Weight 25.1 Gms   Metal 22ct\u00a0Gold   Length 23 Inches   Gender Ladies   Charges Delivery\u00a0and\u00a0VAT\u00a0Included   Packaging Comes\u00a0With\u00a0Presentation\u00a0Box   More\u00a0Information Live chat with us for availability\u00a0and\u00a0more\u00a0images","og_url":"https:\/\/www.purejewels.com\/tr\/urun\/22-ayar-altin-inci-mala-kolye-50500\/","og_site_name":"PureJewels UK","article_modified_time":"2026-02-09T08:00:28+00:00","og_image":[{"width":1000,"height":1000,"url":"https:\/\/static.purejewels.com\/wp-content\/uploads\/2023\/01\/WhatsApp-Image-2023-01-15-at-10.37.19-PM.jpeg","type":"image\/jpeg"}],"twitter_card":"summary_large_image","twitter_misc":{"Tahmini okuma s\u00fcresi":"1 dakika"},"schema":{"@context":"https:\/\/schema.org","@graph":[{"@type":["WebPage","ItemPage"],"@id":"https:\/\/www.purejewels.com\/product\/22ct-gold-pearl-mala-necklace-50500\/","url":"https:\/\/www.purejewels.com\/product\/22ct-gold-pearl-mala-necklace-50500\/","name":"22 Ayar Alt\u0131n \u0130nci Mala Kolye | 23 \u0130n\u00e7 | Online \u0130ngiltere","isPartOf":{"@id":"https:\/\/www.purejewels.com\/#website"},"primaryImageOfPage":{"@id":"https:\/\/www.purejewels.com\/product\/22ct-gold-pearl-mala-necklace-50500\/#primaryimage"},"image":{"@id":"https:\/\/www.purejewels.com\/product\/22ct-gold-pearl-mala-necklace-50500\/#primaryimage"},"thumbnailUrl":"https:\/\/static.purejewels.com\/wp-content\/uploads\/2023\/01\/WhatsApp-Image-2023-01-15-at-10.37.19-PM.jpeg","datePublished":"2024-12-22T12:03:02+00:00","dateModified":"2026-02-09T08:00:28+00:00","breadcrumb":{"@id":"https:\/\/www.purejewels.com\/product\/22ct-gold-pearl-mala-necklace-50500\/#breadcrumb"},"inLanguage":"tr","potentialAction":[{"@type":"ReadAction","target":["https:\/\/www.purejewels.com\/product\/22ct-gold-pearl-mala-necklace-50500\/"]}]},{"@type":"ImageObject","inLanguage":"tr","@id":"https:\/\/www.purejewels.com\/product\/22ct-gold-pearl-mala-necklace-50500\/#primaryimage","url":"https:\/\/static.purejewels.com\/wp-content\/uploads\/2023\/01\/WhatsApp-Image-2023-01-15-at-10.37.19-PM.jpeg","contentUrl":"https:\/\/static.purejewels.com\/wp-content\/uploads\/2023\/01\/WhatsApp-Image-2023-01-15-at-10.37.19-PM.jpeg","width":1000,"height":1000,"caption":"22ct Gold Pearl Mala Necklace | 22 Inches"},{"@type":"BreadcrumbList","@id":"https:\/\/www.purejewels.com\/product\/22ct-gold-pearl-mala-necklace-50500\/#breadcrumb","itemListElement":[{"@type":"ListItem","position":1,"name":"Home","item":"https:\/\/www.purejewels.com\/"},{"@type":"ListItem","position":2,"name":"Shop","item":"https:\/\/www.purejewels.com\/shop\/"},{"@type":"ListItem","position":3,"name":"22ct Gold Pearl Mala Necklace | 23 Inches"}]},{"@type":"WebSite","@id":"https:\/\/www.purejewels.com\/#website","url":"https:\/\/www.purejewels.com\/","name":"PureJewels \u0130ngiltere","description":"Sevgiyi Payla\u015f\u0131n","publisher":{"@id":"https:\/\/www.purejewels.com\/#organization"},"potentialAction":[{"@type":"SearchAction","target":{"@type":"EntryPoint","urlTemplate":"https:\/\/www.purejewels.com\/?s={search_term_string}"},"query-input":{"@type":"PropertyValueSpecification","valueRequired":true,"valueName":"search_term_string"}}],"inLanguage":"tr"},{"@type":"Organization","@id":"https:\/\/www.purejewels.com\/#organization","name":"PureJewels \u0130ngiltere","url":"https:\/\/www.purejewels.com\/","logo":{"@type":"ImageObject","inLanguage":"tr","@id":"https:\/\/www.purejewels.com\/#\/schema\/logo\/image\/","url":"https:\/\/static.purejewels.com\/wp-content\/uploads\/2020\/11\/Logo-PJ-New-1.png","contentUrl":"https:\/\/static.purejewels.com\/wp-content\/uploads\/2020\/11\/Logo-PJ-New-1.png","width":150,"height":80,"caption":"PureJewels UK"},"image":{"@id":"https:\/\/www.purejewels.com\/#\/schema\/logo\/image\/"}}]}},"_links":{"self":[{"href":"https:\/\/www.purejewels.com\/tr\/wp-json\/wp\/v2\/product\/342771","targetHints":{"allow":["GET"]}}],"collection":[{"href":"https:\/\/www.purejewels.com\/tr\/wp-json\/wp\/v2\/product"}],"about":[{"href":"https:\/\/www.purejewels.com\/tr\/wp-json\/wp\/v2\/types\/product"}],"replies":[{"embeddable":true,"href":"https:\/\/www.purejewels.com\/tr\/wp-json\/wp\/v2\/comments?post=342771"}],"version-history":[{"count":4,"href":"https:\/\/www.purejewels.com\/tr\/wp-json\/wp\/v2\/product\/342771\/revisions"}],"predecessor-version":[{"id":425826,"href":"https:\/\/www.purejewels.com\/tr\/wp-json\/wp\/v2\/product\/342771\/revisions\/425826"}],"wp:featuredmedia":[{"embeddable":true,"href":"https:\/\/www.purejewels.com\/tr\/wp-json\/wp\/v2\/media\/342773"}],"wp:attachment":[{"href":"https:\/\/www.purejewels.com\/tr\/wp-json\/wp\/v2\/media?parent=342771"}],"wp:term":[{"taxonomy":"product_brand","embeddable":true,"href":"https:\/\/www.purejewels.com\/tr\/wp-json\/wp\/v2\/product_brand?post=342771"},{"taxonomy":"product_cat","embeddable":true,"href":"https:\/\/www.purejewels.com\/tr\/wp-json\/wp\/v2\/product_cat?post=342771"},{"taxonomy":"product_tag","embeddable":true,"href":"https:\/\/www.purejewels.com\/tr\/wp-json\/wp\/v2\/product_tag?post=342771"}],"curies":[{"name":"wp","href":"https:\/\/api.w.org\/{rel}","templated":true}]}}